{"id":14291,"date":"2022-11-02T08:35:02","date_gmt":"2022-11-02T08:35:02","guid":{"rendered":"https:\/\/www.ticketswhales.com\/?post_type=product&#038;p=14291"},"modified":"2023-10-12T02:05:54","modified_gmt":"2023-10-12T02:05:54","slug":"punta-cana-los-haitises-national-park-yanigua-waterfalls-montana-redonda","status":"publish","type":"product","link":"https:\/\/www.boattoursamana.com\/fr\/tournee\/punta-cana-los-haitises-parc-national-cascades-de-yanigua-montana-redonda-2","title":{"rendered":"Punta Cana : parc national Los Haitises, cascades de Yanigua et Montana Redonda"},"content":{"rendered":"<div class=\"vc_row wpb_row vc_row-fluid\" ><div class=\"wpb_column vc_column_container vc_col-sm-12\"><div class=\"vc_column-inner\"><div class=\"wpb_wrapper\"><div class=\"mkdf-section-title-holder\" style=\"text-align: left\">\n\t<div class=\"mkdf-st-inner\">\n\t\t\t\t\t<h5 class=\"mkdf-st-subtitle\" >\n\t\t\t\tTransport et d\u00e9jeuner inclus\t\t\t<\/h5>\n\t\t\t\t\t\t\t<h3 class=\"mkdf-st-title\" >\n\t\t\t\tPunta Cana : parc national Los Haitises, cascades de Yanigua et Montana Redonda\t\t\t<\/h3>\n\t\t\t\t\t<\/div>\n<\/div><\/div><\/div><\/div><\/div><div class=\"vc_row wpb_row vc_row-fluid\" ><div class=\"wpb_column vc_column_container vc_col-sm-12\"><div class=\"vc_column-inner\"><div class=\"wpb_wrapper\"><div class=\"vc_btn3-container vc_btn3-inline\" ><a class=\"vc_general vc_btn3 vc_btn3-size-md vc_btn3-shape-rounded vc_btn3-style-modern vc_btn3-color-green\" href=\"https:\/\/bookingadventures.tours\/booking.php?tour_id=8081df21d5fc51981b39e270d99ab5ab\" title=\"\" rel=\"noopener\">RESERVE MAINTENANT <\/a><\/div>\n\t<div class=\"wpb_text_column wpb_content_element\" >\n\t\t<div class=\"wpb_wrapper\">\n\t\t\t<h3>Punta Cana : parc national Los Haitises, cascades de Yanigua et Montana Redonda<\/h3>\n<h4><b><i>Aper\u00e7u <\/i><\/b><\/h4>\n<p>Excursion d&#039;une journ\u00e9e au parc national Los Haitises au d\u00e9part de Punta Cana. D\u00e9part de votre h\u00f4tel \u00e0 Punta Cana ou Bavaro. Nous conduirons avec notre guide touristique \u00e0 Montana Redonda. O\u00f9 vous avez le temps de prendre de superbes photos de l&#039;une des vues les plus impressionnantes de la R\u00e9publique dominicaine. Apr\u00e8s ce premier arr\u00eat, nous continuons \u00e0 visiter le parc national Los Haitises, quelques collations et boissons typiques tout en faisant le tour des mangroves, des grottes et des c\u00e9l\u00e8bres \u00eeles rocheuses comme dans Jurassic Park. Apr\u00e8s avoir visit\u00e9 le parc national Los Haitises, le d\u00e9jeuner nous attend dans les cascades de Yanigua. Apr\u00e8s un d\u00e9jeuner local et gastronomique local, vous devez avoir le temps de nager dans l&#039;eau unique des piscines naturelles provenant du parc national Los Haitises.<\/p>\n<p>Apr\u00e8s cette exp\u00e9rience, vous retournerez \u00e0 la communaut\u00e9 de Punta Cana d&#039;o\u00f9 nous viendrons vous chercher.<\/p>\n<ul>\n<li style=\"font-weight: 400;\">Frais inclus<\/li>\n<li>D\u00e9jeuner<\/li>\n<li>Collations<\/li>\n<li style=\"font-weight: 400;\">Guide touristique local en anglais ou en fran\u00e7ais<\/li>\n<li>Le transport<\/li>\n<li>Voyage en bateau<\/li>\n<li>Montana Redonda<\/li>\n<li>Cascade de Yanigua<\/li>\n<\/ul>\n<p>&nbsp;<\/p>\n<h4><b>Inclusions et exclusions<\/b><\/h4>\n<p>&nbsp;<\/p>\n<p><b>Inclusions<\/b><\/p>\n<ol>\n<li style=\"font-weight: 400;\">Visite Los Haitises + Grottes et Pictogrammes<\/li>\n<li>Montana Redonda<\/li>\n<li>Cascades de Yanigua<\/li>\n<li>D\u00e9jeuner<\/li>\n<li>Prise en charge des h\u00f4tels dans les r\u00e9gions de Punta Cana.<\/li>\n<li style=\"font-weight: 400;\"><span style=\"font-weight: 400;\">Toutes les taxes, frais et frais de traitement<\/span><\/li>\n<li style=\"font-weight: 400;\"><span style=\"font-weight: 400;\">Taxes locales<\/span><\/li>\n<li style=\"font-weight: 400;\"><span style=\"font-weight: 400;\">Breuvages<\/span><\/li>\n<li>Collations<\/li>\n<li style=\"font-weight: 400;\"><span style=\"font-weight: 400;\">L&#039;ensemble des Activit\u00e9s<\/span><\/li>\n<li style=\"font-weight: 400;\"><span style=\"font-weight: 400;\">Guide local<\/span><\/li>\n<\/ol>\n<p><b> Exclusions<\/b><\/p>\n<ol>\n<li style=\"font-weight: 400;\"><span style=\"font-weight: 400;\">Pourboires<\/span><\/li>\n<li style=\"font-weight: 400;\"><span style=\"font-weight: 400;\">Boissons alcoolis\u00e9es<\/span><\/li>\n<\/ol>\n<p>&nbsp;<\/p>\n<h4><em><strong>D\u00e9part &amp; Retour<\/strong><\/em><\/h4>\n<p><span style=\"font-weight: 400;\">Le voyageur obtiendra un point de rendez-vous apr\u00e8s le processus de r\u00e9servation. Les visites commencent et se terminent \u00e0 vos points de rendez-vous.<\/span><\/p>\n<h4><\/h4>\n<h3>Punta Cana : parc national Los Haitises, cascades de Yanigua et Montana Redonda<\/h3>\n<h4><b><i>\u00c0 quoi s&#039;attendre?<\/i><\/b><\/h4>\n<p><em><strong>Obtenez vos billets<\/strong><\/em> pour visiter le parc national Los Haitises au d\u00e9part de Punta Cana.<\/p>\n<p>Les\u00a0<strong>nature tropicale de la R\u00e9publique dominicaine<\/strong>\u00a0est l&#039;un des principaux\u00a0<strong>attractions touristiques<\/strong>\u00a0dans le pays. Aujourd&#039;hui, nous voulons vous proposer un\u00a0<strong>excursion unique<\/strong>\u00a0que vous pouvez faire depuis Punta Cana, et qui comprend la visite de trois endroits o\u00f9 les paysages vous laisseront bouche b\u00e9e.<\/p>\n<p>Le premier d&#039;entre eux est\u00a0<em>Montagne ronde<\/em>, un lieu devenu c\u00e9l\u00e8bre ces derni\u00e8res ann\u00e9es pour son\u00a0<strong>vue panoramique<\/strong>\u00a0sur les Cara\u00efbes, o\u00f9\u00a0<strong>instantan\u00e9s sur une balan\u00e7oire<\/strong>\u00a0qui regarde vers l&#039;horizon en ont fait l&#039;un des\u00a0<strong>endroits les plus photographi\u00e9s en R\u00e9publique dominicaine<\/strong>.<\/p>\n<p><strong>Parc National Los Haitises<\/strong>\u00a0est notre prochaine destination sur la carte, une zone o\u00f9\u00a0<strong>la mer, les mangroves, les jungles<\/strong>\u00a0et m\u00eame\u00a0<strong>vestiges arch\u00e9ologiques<\/strong>\u00a0cach\u00e9s dans des grottes, r\u00e9v\u00e8lent tous les\u00a0<strong>charme naturel qu&#039;offre le pays<\/strong>. Ses petites collines pleines de v\u00e9g\u00e9tation sont aussi l&#039;endroit id\u00e9al pour observer les oiseaux que vous ne trouverez qu&#039;ici.<\/p>\n<p>\u00c0 l&#039;int\u00e9rieur du parc, il y a un autre\u00a0<strong>lieu magique : les cascades de Yanigua Ranch<\/strong>. Cette cascade spectaculaire est la\u00a0<strong>endroit parfait pour se d\u00e9connecter<\/strong>\u00a0de la foule touristique de Punta Cana, entour\u00e9e d&#039;une \u00e9paisse v\u00e9g\u00e9tation qui nous fait penser que nous sommes \u00e0 plus de 100 kilom\u00e8tres de la ville la plus proche, m\u00eame si ce n&#039;est vraiment pas comme \u00e7a.<\/p>\n<div class=\"body-description secondary\">\n<p>Apr\u00e8s le d\u00e9jeuner, nous retournons \u00e0 Punta Cana !!<\/p>\n<h2 id=\"headline-62-1277\" class=\"ct-headline\">Itin\u00e9raire de la tourn\u00e9e<\/h2>\n<div id=\"_rich_text-77-1277\" class=\"oxy-rich-text\">\n<p>L&#039;itin\u00e9raire de cette excursion est le suivant :<\/p>\n<ul>\n<li><strong>06h50<\/strong>\u00a0\u2013 Venez vous chercher \u00e0 votre h\u00f4tel.<\/li>\n<li><strong>08h30<\/strong>\u00a0\u2013 Arriv\u00e9e \u00e0 la montagne ronde, un paysage unique dans tout le pays.<\/li>\n<li><strong>10h30<\/strong>\u00a0\u2013 D\u00e9part de Sabana de la Mar vers le Parc National des Haitises en hors-bord. En chemin nous verrons\u00a0<strong>oiseaux exotiques<\/strong>, et nous arriverons au\u00a0<strong>grottes<\/strong>\u00a0o\u00f9 vous pouvez voir\u00a0<strong>peintures indig\u00e8nes<\/strong>.<\/li>\n<li><strong>12:30<\/strong>\u00a0<strong>pm\u00a0<\/strong>\u2013 Enfoncez-vous dans la jungle jusqu&#039;\u00e0 ce que nous atteignions les cascades de Yanigua Ranch, un endroit parfait pour d\u00e9jeuner et se baigner. Vous pouvez \u00e9galement prendre un bain de boue th\u00e9rapeutique.<\/li>\n<li><strong>02:00<\/strong>\u00a0<strong>pm<\/strong>\u00a0\u2013 Vous pourrez d\u00e9guster\u00a0<strong>caf\u00e9 et cacao<\/strong>\u00a0des fermes et des ranchs locaux.<\/li>\n<li><strong>03:00<\/strong>\u00a0<strong>pm<\/strong>- Visiter le\u00a0<strong>mine d&#039;ambre bleu<\/strong>.<\/li>\n<li><strong>16h30<\/strong>\u00a0\u2013 Arr\u00eatez-vous \u00e0 un point de vue photographique o\u00f9 vous pourrez voir la splendeur du Parc National des Haitises.<\/li>\n<li><strong>17h00<\/strong>\u00a0\u2013 Enfin, un guide nous emm\u00e8nera dans l&#039;une des constructions les plus curieuses du lieu,\u00a0<em>la maison de Tarzan<\/em>, qui est situ\u00e9 dans un arbre de plus de 100 pieds de haut.<\/li>\n<li><strong>18h00<\/strong>\u00a0\u2013 Retour aux h\u00f4tels avec notre transport.<\/li>\n<\/ul>\n<p><em>* Les horaires indiqu\u00e9s ci-dessus sont approximatifs<\/em><\/p>\n<\/div>\n<\/div>\n<p>Au cas o\u00f9 vous aimeriez ce voyage plus long ou plus court, contactez-nous.<\/p>\n<p>&nbsp;<\/p>\n<h4><em><strong>Que devez-vous apporter?<\/strong><\/em><\/h4>\n<ul>\n<li style=\"font-weight: 400;\"><span style=\"font-weight: 400;\">Appareil photo<\/span><\/li>\n<li style=\"font-weight: 400;\"><span style=\"font-weight: 400;\">Bourgeons r\u00e9pulsifs<\/span><\/li>\n<li style=\"font-weight: 400;\"><span style=\"font-weight: 400;\">Cr\u00eame solaire<\/span><\/li>\n<li style=\"font-weight: 400;\"><span style=\"font-weight: 400;\">Chapeau<\/span><\/li>\n<li style=\"font-weight: 400;\"><span style=\"font-weight: 400;\">Pantalon confortable<\/span><\/li>\n<li style=\"font-weight: 400;\"><span style=\"font-weight: 400;\">Chaussures de randonn\u00e9e pour la for\u00eat<\/span><\/li>\n<li style=\"font-weight: 400;\"><span style=\"font-weight: 400;\">Sandales aux zones de printemps.<\/span><\/li>\n<li style=\"font-weight: 400;\"><span style=\"font-weight: 400;\">Maillot de bain<\/span><\/li>\n<\/ul>\n<p>&nbsp;<\/p>\n<h4><b><i>Prise en charge \u00e0 l&#039;h\u00f4tel <\/i><\/b><\/h4>\n<p><span style=\"font-weight: 400;\">La prise en charge \u00e0 l&#039;h\u00f4tel est offerte pour cette visite. S\u00e9lectionnez le nom de l&#039;h\u00f4tel et l&#039;heure ici. Si votre h\u00f4tel ne figure pas dans la liste, veuillez nous contacter.<\/span><\/p>\n<p>&nbsp;<\/p>\n<p><b>Note:<\/b><span style=\"font-weight: 400;\"> Si vous r\u00e9servez dans les 24 heures suivant l&#039;heure de d\u00e9part de la visite \/ excursion, nous pouvons organiser la prise en charge \u00e0 l&#039;h\u00f4tel. Une fois votre achat termin\u00e9, nous vous enverrons les coordonn\u00e9es compl\u00e8tes (num\u00e9ro de t\u00e9l\u00e9phone, adresse e-mail, etc.) de notre guide local pour organiser la prise en charge.<\/span><\/p>\n<h4><b><i>Confirmation d&#039;informations suppl\u00e9mentaires <\/i><\/b><\/h4>\n<ol>\n<li>Les billets sont le re\u00e7u apr\u00e8s avoir pay\u00e9 ce tour. Vous pouvez afficher le paiement sur votre t\u00e9l\u00e9phone.<\/li>\n<li style=\"font-weight: 400;\"><span style=\"font-weight: 400;\">Le point de rencontre sera re\u00e7u apr\u00e8s le processus de r\u00e9servation.<\/span><\/li>\n<li style=\"font-weight: 400;\"><span style=\"font-weight: 400;\">Les enfants doivent \u00eatre accompagn\u00e9s par un adulte.<\/span><\/li>\n<li style=\"font-weight: 400;\"><span style=\"font-weight: 400;\"> Non accessible aux fauteuils roulants <\/span><\/li>\n<li style=\"font-weight: 400;\"><span style=\"font-weight: 400;\">Les b\u00e9b\u00e9s doivent s&#039;asseoir sur les genoux <\/span><\/li>\n<li style=\"font-weight: 400;\"><span style=\"font-weight: 400;\">Non recommand\u00e9 pour les voyageurs ayant des probl\u00e8mes de dos<\/span><\/li>\n<li style=\"font-weight: 400;\"><span style=\"font-weight: 400;\">D\u00e9conseill\u00e9 aux voyageuses enceintes <\/span><\/li>\n<li style=\"font-weight: 400;\"><span style=\"font-weight: 400;\"> Pas de probl\u00e8mes cardiaques ou d&#039;autres conditions m\u00e9dicales graves <\/span><\/li>\n<li style=\"font-weight: 400;\"><span style=\"font-weight: 400;\">La plupart des voyageurs peuvent participer<\/span><\/li>\n<\/ol>\n<h4><b><i>Politique d&#039;annulation<\/i><\/b><\/h4>\n<p>Pour un remboursement complet, veuillez lire nos Politiques d&#039;annulation\u00a0<a href=\"https:\/\/www.boattoursamana.com\/fr\/reservation-en-ligne\/\" target=\"_blank\" rel=\"noopener\" data-saferedirecturl=\"https:\/\/www.google.com\/url?q=https:\/\/www.boattoursamana.com\/online-booking\/&amp;source=gmail&amp;ust=1672308980019000&amp;usg=AOvVaw26v5FL8g3-3hyHN76KOvdD\">Cliquez ici<\/a>. Les fonds seront perdus si la r\u00e9servation est annul\u00e9e le jour m\u00eame du voyage.<\/p>\n\n\t\t<\/div>\n\t<\/div>\n<div class=\"vc_btn3-container vc_btn3-inline\" ><a class=\"vc_general vc_btn3 vc_btn3-size-md vc_btn3-shape-rounded vc_btn3-style-modern vc_btn3-color-green\" href=\"https:\/\/bookingadventures.tours\/booking.php?tour_id=8081df21d5fc51981b39e270d99ab5ab\" title=\"\" rel=\"noopener\">RESERVE MAINTENANT <\/a><\/div><\/div><\/div><\/div><\/div><div class=\"vc_row wpb_row vc_row-fluid\" ><div class=\"wpb_column vc_column_container vc_col-sm-12\"><div class=\"vc_column-inner\"><div class=\"wpb_wrapper\"><div class=\"vc_empty_space\"   style=\"height: 32px\"><span class=\"vc_empty_space_inner\"><\/span><\/div>\n\t<div class=\"wpb_video_widget wpb_content_element vc_clearfix   vc_video-aspect-ratio-169 vc_video-el-width-100 vc_video-align-left\" >\n\t\t<div class=\"wpb_wrapper\">\n\t\t\t<h2 class=\"wpb_heading wpb_video_heading\">Vid\u00e9o du parc national Los Haitises\u00a0:<\/h2>\n\t\t\t<div class=\"wpb_video_wrapper\"><iframe loading=\"lazy\" title=\"Parc National Los Haitises, Tours &amp; Excursion De Samana ou Sabana de la Mar. R\u00e9servez ici:\" src=\"https:\/\/player.vimeo.com\/video\/346508015?dnt=1&amp;app_id=122963\" width=\"1100\" height=\"619\" frameborder=\"0\" allow=\"autoplay; fullscreen\" allowfullscreen><\/iframe><\/div>\n\t\t<\/div>\n\t<\/div>\n<div class=\"vc_empty_space\"   style=\"height: 32px\"><span class=\"vc_empty_space_inner\"><\/span><\/div><\/div><\/div><\/div><\/div><div class=\"vc_row wpb_row vc_row-fluid\" ><div class=\"wpb_column vc_column_container vc_col-sm-12\"><div class=\"vc_column-inner\"><div class=\"wpb_wrapper\"><div class=\"vc_empty_space\"   style=\"height: 32px\"><span class=\"vc_empty_space_inner\"><\/span><\/div>\n\t<div class=\"wpb_text_column wpb_content_element\" >\n\t\t<div class=\"wpb_wrapper\">\n\t\t\t<h4>Nous contacter?<\/h4>\n<h5><em><strong>Aventures de r\u00e9servation<\/strong><\/em><\/h5>\n<p><em><strong>des locaux<\/strong>\u00a0et\u00a0<strong>Nationaux<\/strong>\u00a0Guides touristiques et services aux invit\u00e9s<\/em><\/p>\n<p><span class=\"text-turquoise\">R\u00e9servations:<\/span>\u00a0Visites et excursions \u00e0 Dom. repr\u00e9sentant<\/p>\n<p><img decoding=\"async\" class=\"emoji\" draggable=\"false\" src=\"https:\/\/s.w.org\/images\/core\/emoji\/11.2.0\/svg\/1f4de.svg\" alt=\"\ud83d\udcde\" title=\"\">\u00a0T\u00e9l \/ Whatsapp\u00a0\u00a0<a href=\"tel:+1-809-720-6035\">+1-809-720-6035<\/a>.<\/p>\n<p><img decoding=\"async\" class=\"emoji\" draggable=\"false\" src=\"https:\/\/s.w.org\/images\/core\/emoji\/11.2.0\/svg\/1f4e9.svg\" alt=\"\ud83d\udce9\" title=\"\">\u00a0<a href=\"mailto:info@bookingadventures.com.do\">info@bookingadventures.com.do<\/a><\/p>\n<p><strong>Nous sommes des visites priv\u00e9es \u00e0 configuration flexible par Whatsapp\u00a0:\u00a0<a href=\"tel:+18097206035\">+18097206035.<\/a><\/strong><\/p>\n\n\t\t<\/div>\n\t<\/div>\n<div class=\"vc_empty_space\"   style=\"height: 32px\"><span class=\"vc_empty_space_inner\"><\/span><\/div><\/div><\/div><\/div><\/div>","protected":false},"excerpt":{"rendered":"<p>Excursion depuis Punta Cana\u00a0: parc national Los Haitises, cascades de Yanigua et Montana Redonda. Comprend le d\u00e9jeuner et le transport pour une visite des 3 grottes principales, une exploration de 2 \u00e9cosyst\u00e8mes de mangroves diff\u00e9rents, des vues et des piscines Simming.<\/p>\n<p>Excursion d&#039;une journ\u00e9e compl\u00e8te au parc national Los Haitises avec un guide local. Visite des cayes du parc national Los Haitises, des mangroves, de la v\u00e9g\u00e9tation, de l&#039;observation des oiseaux, des grottes, des pictogrammes et des zones historiques de Sabana de la Mar dans le parc national Los Haitises. Vues imprenables sur le Montana Redonda et d\u00e9jeuner ainsi que piscines dans les cascades de Yanigua.<\/p>\n<p>&nbsp;<\/p>\n<p><strong>Veuillez s\u00e9lectionner la date de la visite\u00a0:\u00a0<\/strong><\/p>","protected":false},"featured_media":14278,"template":"","meta":[],"product_cat":[948,946,928,168,1050,1049],"product_tag":[268,296,267,171,209,440,441,299,1052,212,297,222,298,269,1053,1051],"class_list":["post-14291","product","type-product","status-publish","has-post-thumbnail","hentry","product_cat-1-punta-cana","product_cat-1-sabana-de-la-mar","product_cat-boat-trip-los-haitises","product_cat-caves","product_cat-waterfalls-los-haitises","product_cat-yanigua-waterfalls-montana-redonda","product_tag-caves-los-haitises","product_tag-day-trip-punta-cana","product_tag-las-terrenas","product_tag-los-haitises","product_tag-los-haitises-national-park","product_tag-los-haitises-national-park-map","product_tag-los-haitises-national-park-tour-from-las-terrenas","product_tag-los-haitises-national-park-tours-excursions","product_tag-los-haitises-waterfall","product_tag-mangroves-los-haitises","product_tag-montana-redonda-tours-excursion","product_tag-punta-cana","product_tag-punta-cana-tours-excursions","product_tag-transportation-los-haitises","product_tag-waterfalls-dominican-republic","product_tag-yanigua-waterfalls"],"_links":{"self":[{"href":"https:\/\/www.boattoursamana.com\/fr\/wp-json\/wp\/v2\/product\/14291","targetHints":{"allow":["GET"]}}],"collection":[{"href":"https:\/\/www.boattoursamana.com\/fr\/wp-json\/wp\/v2\/product"}],"about":[{"href":"https:\/\/www.boattoursamana.com\/fr\/wp-json\/wp\/v2\/types\/product"}],"wp:featuredmedia":[{"embeddable":true,"href":"https:\/\/www.boattoursamana.com\/fr\/wp-json\/wp\/v2\/media\/14278"}],"wp:attachment":[{"href":"https:\/\/www.boattoursamana.com\/fr\/wp-json\/wp\/v2\/media?parent=14291"}],"wp:term":[{"taxonomy":"product_cat","embeddable":true,"href":"https:\/\/www.boattoursamana.com\/fr\/wp-json\/wp\/v2\/product_cat?post=14291"},{"taxonomy":"product_tag","embeddable":true,"href":"https:\/\/www.boattoursamana.com\/fr\/wp-json\/wp\/v2\/product_tag?post=14291"}],"curies":[{"name":"wp","href":"https:\/\/api.w.org\/{rel}","templated":true}]}}