{"id":8856,"date":"2019-04-11T11:50:47","date_gmt":"2019-04-11T11:50:47","guid":{"rendered":"https:\/\/www.ticketswhales.com\/?post_type=product&#038;p=8856"},"modified":"2023-10-29T11:40:03","modified_gmt":"2023-10-29T11:40:03","slug":"los-haitises-national-park-lunch-at-cano-hondo-from-sabana-de-la-mar","status":"publish","type":"product","link":"https:\/\/www.boattoursamana.com\/fr\/tournee\/parc-national-de-los-haitises-dejeuner-au-cano-hondo-de-sabana-de-la-mar-2","title":{"rendered":"Parc National Los Haitises + D\u00e9jeuner au Ca\u00f1o Hondo de Sabana de la Mar"},"content":{"rendered":"<div class=\"vc_row wpb_row vc_row-fluid\" ><div class=\"wpb_column vc_column_container vc_col-sm-12\"><div class=\"vc_column-inner\"><div class=\"wpb_wrapper\"><div class=\"vc_btn3-container vc_btn3-inline\" ><a class=\"vc_general vc_btn3 vc_btn3-size-md vc_btn3-shape-rounded vc_btn3-style-modern vc_btn3-color-green\" href=\"https:\/\/bookingadventures.tours\/booking.php?tour_id=564682de5ff3fb75370322d9bb29062a\" title=\"\" rel=\"noopener\">RESERVE MAINTENANT<\/a><\/div><div class=\"mkdf-section-title-holder\" style=\"text-align: left\">\n\t<div class=\"mkdf-st-inner\">\n\t\t\t\t\t<h5 class=\"mkdf-st-subtitle\" >\n\t\t\t\tD\u00e9jeuner et baignade \u00e0 Natural Springs\t\t\t<\/h5>\n\t\t\t\t\t\t\t<h3 class=\"mkdf-st-title\" >\n\t\t\t\tParc National Los Haitises + D\u00e9jeuner \u00e0 Cano Hondo de Sabana de la Mar\t\t\t<\/h3>\n\t\t\t\t\t<\/div>\n<\/div><div class=\"vc_empty_space\"   style=\"height: 32px\"><span class=\"vc_empty_space_inner\"><\/span><\/div>\n\t<div class=\"wpb_text_column wpb_content_element\" >\n\t\t<div class=\"wpb_wrapper\">\n\t\t\t<div class=\"mkdf-single-product-content\">\n<div class=\"woocommerce-product-gallery woocommerce-product-gallery--with-images woocommerce-product-gallery--columns-4 images\" data-columns=\"4\"><\/div>\n<\/div>\n<div class=\"woocommerce-tabs wc-tabs-wrapper\">\n<div id=\"tab-description\" class=\"woocommerce-Tabs-panel woocommerce-Tabs-panel--description panel entry-content wc-tab\" role=\"tabpanel\" aria-labelledby=\"tab-title-description\">\n<div class=\"vc_row wpb_row vc_row-fluid\"><a id=\"overview\" class=\"aal_anchor\" style=\"font-size: 25px; font-weight: bold; letter-spacing: -0.005em;\" href=\"https:\/\/bookingadventures.com.do\/dominicantour\/los-haitises-national-park-lunch-at-cano-hondo-from-sabana-de-la-mar\/#overview\" aria-hidden=\"true\" rel=\"noopener\"><\/a><b style=\"color: #303030; font-size: 25px; letter-spacing: -0.005em;\"><i>Aper\u00e7u<\/i><\/b><\/div>\n<p>Excursion d&#039;une journ\u00e9e compl\u00e8te au parc national Los Haitises et d\u00e9jeuner \u00e0 Ca\u00f1o Hondo plus baignade dans des sources naturelles. Venez avec nous et visitez le plus beau parc national de la R\u00e9publique dominicaine, visitez les mangroves, les grottes et la baie de San Lorenzo. Retournez au port de Ca\u00f1o Hondo pour faire une randonn\u00e9e de 15 minutes pour aller profiter d&#039;un d\u00e9jeuner typique avec vue sur la mer jusqu&#039;au parc national Los Haitises. Apr\u00e8s cette baignade en source naturelle jusqu&#039;\u00e0 16h30.<\/p>\n<p>Apr\u00e8s cette exp\u00e9rience, vous aurez votre temps sur la plage et un d\u00e9jeuner local sur la plage.<\/p>\n<ul>\n<li>Comprend le d\u00e9jeuner buffet<\/li>\n<li>Baignade dans les sources naturelles<\/li>\n<li>Frais inclus<\/li>\n<li>Le guide fournit des instructions et une supervision<\/li>\n<\/ul>\n<p>&nbsp;<\/p>\n<h4><a id=\"inclusions-exclusions\" class=\"aal_anchor\" href=\"https:\/\/bookingadventures.com.do\/dominicantour\/los-haitises-national-park-lunch-at-cano-hondo-from-sabana-de-la-mar\/#inclusions-exclusions\" aria-hidden=\"true\" rel=\"noopener\"><\/a><b>Inclusions et exclusions<\/b><\/h4>\n<p>&nbsp;<\/p>\n<p><b>Inclusions<\/b><\/p>\n<ol>\n<li>\u00a0d\u00e9jeuner \u00e0 l&#039;Ecolodge<\/li>\n<li>Visite Los Haitises + Grottes et Pictogrammes<\/li>\n<li>Toutes les taxes, frais et frais de traitement<\/li>\n<li>Taxes locales<\/li>\n<li>Breuvages<\/li>\n<li>L&#039;ensemble des Activit\u00e9s<\/li>\n<li>Guide local<\/li>\n<\/ol>\n<p><b>Exclusions<\/b><\/p>\n<ol>\n<li>Pourboires<\/li>\n<li>Transfert<\/li>\n<li>Boissons alcoolis\u00e9es<\/li>\n<\/ol>\n<p>&nbsp;<\/p>\n<h4><a id=\"departure-return\" class=\"aal_anchor\" href=\"https:\/\/bookingadventures.com.do\/dominicantour\/los-haitises-national-park-lunch-at-cano-hondo-from-sabana-de-la-mar\/#departure-return\" aria-hidden=\"true\" rel=\"noopener\"><\/a><em><strong>D\u00e9part &amp; Retour<\/strong><\/em><\/h4>\n<p>Le voyageur obtiendra un point de rendez-vous apr\u00e8s le processus de r\u00e9servation. Les visites commencent et se terminent dans nos points de rendez-vous.<\/p>\n<p>&nbsp;<\/p>\n<h4><a id=\"what-to-expect\" class=\"aal_anchor\" href=\"https:\/\/bookingadventures.com.do\/dominicantour\/los-haitises-national-park-lunch-at-cano-hondo-from-sabana-de-la-mar\/#what-to-expect\" aria-hidden=\"true\" rel=\"noopener\"><\/a><b><i>\u00c0 quoi s&#039;attendre?<\/i><\/b><\/h4>\n<p>&nbsp;<\/p>\n<p><em><strong>Obtenez vos billets<\/strong><\/em>\u00a0pour visiter le parc national Los Haitises avec un merveilleux d\u00e9jeuner \u00e0 Cano Hondo et nager aux sources naturelles. Faites une excursion en bateau \u00e0 travers les mangroves, les anciennes grottes de pirates et les for\u00eats prot\u00e9g\u00e9es de cette r\u00e9serve pittoresque en partant de la zone des h\u00f4tels Ca\u00f1o Hondo ou de Sabana de la Mar.<\/p>\n<p>La visite, organis\u00e9e par \u00ab Booking Adventures \u00bb, commence au point de rendez-vous fix\u00e9 avec le guide touristique. Venez avec Booking Adventures et commencez \u00e0 d\u00e9couvrir des mangroves remplies d&#039;oiseaux, des collines de v\u00e9g\u00e9tation luxuriante et des grottes de\u00a0<em><strong>Parc National Los Haitises<\/strong><\/em>. Prendre une excursion en bateau depuis la rivi\u00e8re Ca\u00f1o Hondo, Sabana de la Mar.<\/p>\n<p>\u00c0 travers les mangroves et la terre dans la baie ouverte de San Lorenzo, d&#039;o\u00f9 vous pourrez photographier le paysage forestier accident\u00e9. Regardez l&#039;eau pour rep\u00e9rer\u00a0<em><strong>Lamantins<\/strong><\/em>, crustac\u00e9s et\u00a0<em><strong>dauphins.<\/strong><\/em><\/p>\n<div class=\"body-description secondary\">\n<p>Le nom du parc national vient de ses habitants d&#039;origine, les Indiens Taino. Dans leur langue, &quot;Ha\u00eftises&quot; se traduit par des hauts plateaux ou des collines, une r\u00e9f\u00e9rence aux formations g\u00e9ologiques escarp\u00e9es du littoral avec des calcaires. Aventurez-vous plus profond\u00e9ment dans le parc pour explorer des grottes telles que la\u00a0<em><strong>Cueva de la Arena<\/strong><\/em>\u00a0et\u00a0<strong><em>Cueva de la linea.<\/em><\/strong>\u00a0Les grottes de la r\u00e9serve ont \u00e9t\u00e9 utilis\u00e9es comme abri par les Indiens Taino et, plus tard, par des pirates cach\u00e9s. Cherchez des dessins d&#039;Indiens qui d\u00e9corent certains des murs. Apr\u00e8s avoir visit\u00e9 le parc national Los Haitises, nous irons \u00e0 Ca\u00f1o Hondo. \u00c0 Ca\u00f1o Hondo, d\u00e9couvrez l&#039;histoire de cet \u00e9colodge et le d\u00e9jeuner avec la cuisine typique de la communaut\u00e9 Sabana de la Mar.<\/p>\n<p>Le d\u00e9jeuner sera d\u00e9licieux mais nous n&#039;avons pas encore fini. Apr\u00e8s le d\u00e9jeuner, nous nagerons dans la source naturelle de la rivi\u00e8re Jibales, une rivi\u00e8re p\u00e9renne jusqu&#039;\u00e0 la rivi\u00e8re Ca\u00f1o Hondo. Rester \u00e0 Ca\u00f1o Hondo jusqu&#039;\u00e0 18h00 si vous le souhaitez ou moins.<\/p>\n<\/div>\n<p>Dans les piscines Natural Spring, vous pouvez rester aussi longtemps que vous le souhaitez pour nager et faire de la randonn\u00e9e. Si vous \u00eates v\u00e9g\u00e9talien, nous pouvons \u00e9galement vous pr\u00e9parer de la nourriture.<\/p>\n<p>&nbsp;<\/p>\n<h4><a id=\"what-you-should-bring\" class=\"aal_anchor\" href=\"https:\/\/bookingadventures.com.do\/dominicantour\/los-haitises-national-park-lunch-at-cano-hondo-from-sabana-de-la-mar\/#what-you-should-bring\" aria-hidden=\"true\" rel=\"noopener\"><\/a><em><strong>Que devez-vous apporter?<\/strong><\/em><\/h4>\n<ul>\n<li>Appareil photo<\/li>\n<li>Bourgeons r\u00e9pulsifs<\/li>\n<li>cr\u00eame solaire<\/li>\n<li>Chapeau<\/li>\n<li>Pantalon confortable<\/li>\n<li>Chaussures de randonn\u00e9e pour la for\u00eat<\/li>\n<li>Sandales aux zones de printemps.<\/li>\n<li>Maillot de bain<\/li>\n<\/ul>\n<p>&nbsp;<\/p>\n<h4><a id=\"hotel-pickup\" class=\"aal_anchor\" href=\"https:\/\/bookingadventures.com.do\/dominicantour\/los-haitises-national-park-lunch-at-cano-hondo-from-sabana-de-la-mar\/#hotel-pickup\" aria-hidden=\"true\" rel=\"noopener\"><\/a><b><i>Prise en charge \u00e0 l&#039;h\u00f4tel<\/i><\/b><\/h4>\n<p>La prise en charge \u00e0 l&#039;h\u00f4tel n&#039;est pas propos\u00e9e pour cette excursion.<\/p>\n<p>&nbsp;<\/p>\n<p><b>Note:<\/b>\u00a0si vous r\u00e9servez dans les 24 heures suivant l&#039;heure de d\u00e9part de la visite \/ excursion, nous pouvons organiser la prise en charge \u00e0 l&#039;h\u00f4tel moyennant des frais suppl\u00e9mentaires. Une fois votre achat termin\u00e9, nous vous enverrons les coordonn\u00e9es compl\u00e8tes (num\u00e9ro de t\u00e9l\u00e9phone, adresse e-mail, etc.) de notre guide local pour organiser la prise en charge.<\/p>\n<h4><a id=\"additional-info-confirmation\" class=\"aal_anchor\" href=\"https:\/\/bookingadventures.com.do\/dominicantour\/los-haitises-national-park-lunch-at-cano-hondo-from-sabana-de-la-mar\/#additional-info-confirmation\" aria-hidden=\"true\" rel=\"noopener\"><\/a><b><i>Confirmation d&#039;informations suppl\u00e9mentaires<\/i><\/b><\/h4>\n<ol>\n<li>Les billets sont le re\u00e7u apr\u00e8s avoir pay\u00e9 ce tour. Vous pouvez afficher le paiement sur votre t\u00e9l\u00e9phone.<\/li>\n<li>Le point de rencontre sera re\u00e7u apr\u00e8s le processus de r\u00e9servation.<\/li>\n<li>Les enfants doivent \u00eatre accompagn\u00e9s par un adulte.<\/li>\n<li>Non accessible aux fauteuils roulants<\/li>\n<li>Les b\u00e9b\u00e9s doivent s&#039;asseoir sur les genoux<\/li>\n<li>Non recommand\u00e9 pour les voyageurs ayant des probl\u00e8mes de dos<\/li>\n<li>D\u00e9conseill\u00e9 aux voyageuses enceintes<\/li>\n<li>Pas de probl\u00e8mes cardiaques ou d&#039;autres conditions m\u00e9dicales graves<\/li>\n<li>La plupart des voyageurs peuvent participer<\/li>\n<\/ol>\n<\/div>\n<\/div>\n\n\t\t<\/div>\n\t<\/div>\n<div class=\"vc_empty_space\"   style=\"height: 32px\"><span class=\"vc_empty_space_inner\"><\/span><\/div><\/div><\/div><\/div><\/div><div class=\"wpb_column vc_column_container vc_col-sm-12\"><div class=\"vc_column-inner\"><div class=\"wpb_wrapper\"><\/div><\/div><\/div><div class=\"wpb_column vc_column_container vc_col-sm-12\"><div class=\"vc_column-inner\"><div class=\"wpb_wrapper\"><\/div><\/div><\/div><div class=\"wpb_column vc_column_container vc_col-sm-12\"><div class=\"vc_column-inner\"><div class=\"wpb_wrapper\"><\/div><\/div><\/div>","protected":false},"excerpt":{"rendered":"<p>Excursion au Parc National Los Haitises au d\u00e9part de Sabana de la Mar, Visite des mangroves, Grottes, Pictogrammes + D\u00e9jeuner aux visites et piscines de Can\u00f1o Hondo.<\/p>\n<p>Organisez cette visite avec un sentier de randonn\u00e9e et d\u00e9couvrez l&#039;histoire du parc national Los Haitises aupr\u00e8s des habitants.<\/p>\n<p>&nbsp;<\/p>\n<p><strong>S\u00e9lectionnez la date de la visite\u00a0:\u00a0<\/strong><\/p>","protected":false},"featured_media":12271,"template":"","meta":[],"product_cat":[254,946,928,933,255],"product_tag":[176,211,210,192,215,214,171,209,212,175,213],"class_list":["post-8856","product","type-product","status-publish","has-post-thumbnail","hentry","product_cat-tours-excursions-los-haitises-national-park","product_cat-1-sabana-de-la-mar","product_cat-boat-trip-los-haitises","product_cat-natural-pools-los-haitises","product_cat-tours-excursions-samana-bay-dominican-republic","product_tag-cano-hondo","product_tag-cano-hondo-hotel","product_tag-cano-hondo-tours","product_tag-day-tour-cano-hondo","product_tag-la-arena-cave","product_tag-line-cave","product_tag-los-haitises","product_tag-los-haitises-national-park","product_tag-mangroves-los-haitises","product_tag-sabana-de-la-mar","product_tag-san-lorenzo-bay"],"_links":{"self":[{"href":"https:\/\/www.boattoursamana.com\/fr\/wp-json\/wp\/v2\/product\/8856","targetHints":{"allow":["GET"]}}],"collection":[{"href":"https:\/\/www.boattoursamana.com\/fr\/wp-json\/wp\/v2\/product"}],"about":[{"href":"https:\/\/www.boattoursamana.com\/fr\/wp-json\/wp\/v2\/types\/product"}],"wp:featuredmedia":[{"embeddable":true,"href":"https:\/\/www.boattoursamana.com\/fr\/wp-json\/wp\/v2\/media\/12271"}],"wp:attachment":[{"href":"https:\/\/www.boattoursamana.com\/fr\/wp-json\/wp\/v2\/media?parent=8856"}],"wp:term":[{"taxonomy":"product_cat","embeddable":true,"href":"https:\/\/www.boattoursamana.com\/fr\/wp-json\/wp\/v2\/product_cat?post=8856"},{"taxonomy":"product_tag","embeddable":true,"href":"https:\/\/www.boattoursamana.com\/fr\/wp-json\/wp\/v2\/product_tag?post=8856"}],"curies":[{"name":"wp","href":"https:\/\/api.w.org\/{rel}","templated":true}]}}