{"id":9231,"date":"2019-07-21T20:02:25","date_gmt":"2019-07-21T20:02:25","guid":{"rendered":"https:\/\/www.ticketswhales.com\/?post_type=product&#038;p=9231"},"modified":"2023-03-21T10:41:54","modified_gmt":"2023-03-21T10:41:54","slug":"el-limon-waterfall-bacardi-island-cayo-levantado-from-punta-cana-hotels","status":"publish","type":"product","link":"https:\/\/www.boattoursamana.com\/fr\/tournee\/el-limon-waterfall-bacardi-island-cayo-levantado-depuis-punta-cana-hotels","title":{"rendered":"Visite de la cascade El Lim\u00f3n et de l&#039;\u00eele Bacardi (Cayo Levantado) au d\u00e9part des h\u00f4tels de Punta Cana"},"content":{"rendered":"<div class=\"vc_row wpb_row vc_row-fluid\" ><div class=\"wpb_column vc_column_container vc_col-sm-12\"><div class=\"vc_column-inner\"><div class=\"wpb_wrapper\"><div class=\"mkdf-section-title-holder\" style=\"text-align: left\">\n\t<div class=\"mkdf-st-inner\">\n\t\t\t\t\t<h5 class=\"mkdf-st-subtitle\" >\n\t\t\t\t(Prise en charge \u00e0 Punta Cana)\t\t\t<\/h5>\n\t\t\t\t\t\t\t<h3 class=\"mkdf-st-title\" >\n\t\t\t\tCascade El Limon et \u00eele Bacardi depuis les h\u00f4tels de Punta Cana\t\t\t<\/h3>\n\t\t\t\t\t<\/div>\n<\/div><\/div><\/div><\/div><\/div><div class=\"vc_row wpb_row vc_row-fluid\" ><div class=\"wpb_column vc_column_container vc_col-sm-12\"><div class=\"vc_column-inner\"><div class=\"wpb_wrapper\"><div class=\"vc_btn3-container vc_btn3-inline\" ><button class=\"vc_general vc_btn3 vc_btn3-size-md vc_btn3-shape-rounded vc_btn3-style-modern vc_btn3-color-green\">RESERVE MAINTENANT<\/button><\/div>\n\t<div class=\"wpb_text_column wpb_content_element\" >\n\t\t<div class=\"wpb_wrapper\">\n\t\t\t<h4><b><i>Aper\u00e7u <\/i><\/b><\/h4>\n<p>Si vous \u00eates \u00e0 Punta Cana ou \u00e0 Bavaro, vous recherchez une excursion d&#039;une journ\u00e9e payant moins que la normale. R\u00e9servez ce voyage avec une prise en charge \u00e0 votre h\u00f4tel \u00e0 Punta Cana. Le bus vous emm\u00e8nera \u00e0 Sabana de la mar o\u00f9 nous prendrons un catamaran pour passer la baie de Samana. Visite de la communaut\u00e9 de Samana en safari pour arriver dans la communaut\u00e9 d&#039;El Lim\u00f3n, \u00e9quitation ou randonn\u00e9e jusqu&#039;aux cascades apr\u00e8s avoir travers\u00e9 la baie de Samana et l&#039;heure de Luch sur l&#039;\u00eele de Bacardi. Ce voyage commence \u00e0 6h00 et se termine \u00e0 18h30.<\/p>\n<p>Apr\u00e8s cette exp\u00e9rience, vous retournerez \u00e0 votre h\u00f4tel.<\/p>\n<ul>\n<li style=\"font-weight: 400;\">Frais inclus<\/li>\n<li>D\u00e9jeuner \u00e0 la plage inclus<\/li>\n<li>Transfert inclus<\/li>\n<li style=\"font-weight: 400;\"><span style=\"font-weight: 400;\">Le guide fournit des instructions et une supervision<\/span><\/li>\n<\/ul>\n<p>&nbsp;<\/p>\n<h4><b>Inclusions et exclusions<\/b><\/h4>\n<p>&nbsp;<\/p>\n<p><b>Inclusions<\/b><\/p>\n<p>&nbsp;<\/p>\n<ol>\n<li style=\"font-weight: 400;\">Prise en charge \u00e0 l&#039;h\u00f4tel<\/li>\n<li style=\"font-weight: 400;\">Baie de Samana<\/li>\n<li>\u00cele Bacardi, plage et d\u00e9jeuner<\/li>\n<li>Safari \u00e0 El Limon<\/li>\n<li>\u00c9quitation ou randonn\u00e9e aux cascades<\/li>\n<li>Cocktails dominicains<\/li>\n<li style=\"font-weight: 400;\"><span style=\"font-weight: 400;\">Toutes les taxes, frais et frais de traitement<\/span><\/li>\n<li style=\"font-weight: 400;\"><span style=\"font-weight: 400;\">Taxes locales<\/span><\/li>\n<li style=\"font-weight: 400;\"><span style=\"font-weight: 400;\">Breuvages<\/span><\/li>\n<li style=\"font-weight: 400;\"><span style=\"font-weight: 400;\">L&#039;ensemble des Activit\u00e9s<\/span><\/li>\n<li style=\"font-weight: 400;\"><span style=\"font-weight: 400;\">Guide local<\/span><\/li>\n<\/ol>\n<p><b> Exclusions<\/b><\/p>\n<ol>\n<li style=\"font-weight: 400;\"><span style=\"font-weight: 400;\">Pourboires<\/span><\/li>\n<li style=\"font-weight: 400;\"><span style=\"font-weight: 400;\">Boissons alcoolis\u00e9es apr\u00e8s les cocktails\u00a0<\/span><\/li>\n<\/ol>\n<p>&nbsp;<\/p>\n<h4><em><strong>D\u00e9part &amp; Retour<\/strong><\/em><\/h4>\n<p><span style=\"font-weight: 400;\">Le voyageur obtiendra un point de rendez-vous apr\u00e8s le processus de r\u00e9servation. Les visites commencent et se terminent dans nos points de rendez-vous.<\/span><\/p>\n<p>&nbsp;<\/p>\n<h4><b><i>\u00c0 quoi s&#039;attendre?<\/i><\/b><\/h4>\n<p>&nbsp;<\/p>\n<p><em><strong>Obtenez vos billets<\/strong><\/em> pour visiter les cascades \u00e0 cheval ou en randonn\u00e9e, Safari Saman\u00e1, nager dans les sources naturelles depuis les cascades, d\u00e9jeuner sur l&#039;\u00eele de Bacardi et Beach Time.<\/p>\n<p>\u00c0 partir de Punta Cana en bus, nous nous dirigerons vers le port de la baie de Samana. Dans le port, nous montons \u00e0 bord d&#039;un bateau ou d&#039;un catamaran avec un guide local, nous passons la baie de Saman\u00e1 jusqu&#039;\u00e0 la communaut\u00e9 de Saman\u00e1. Faire un safari avec un guide local pour parler de l&#039;histoire de Saman\u00e1 jusqu&#039;\u00e0 l&#039;arriv\u00e9e dans la communaut\u00e9 d&#039;El Limon. Dans la communaut\u00e9 d&#039;El Lim\u00f3n, nous commen\u00e7ons la randonn\u00e9e ou l&#039;\u00e9quitation par la for\u00eat des cascades d&#039;El Limon jusqu&#039;aux cascades d&#039;El Lim\u00f3n. O\u00f9 quand on arrive on peut se baigner ! Apr\u00e8s retour \u00e0 Safari pour se rendre au port de Samana. Visitez l&#039;\u00eele de Bacardi pour d\u00e9jeuner sur la plage et nager dans l&#039;une des plus belles \u00eeles de la R\u00e9publique dominicaine.<\/p>\n<p>Au cas o\u00f9 vous aimeriez ce voyage plus long ou plus court, contactez-nous\u2026<\/p>\n<p>&nbsp;<\/p>\n<p>&nbsp;<\/p>\n<h4><em><strong>Que devez-vous apporter?<\/strong><\/em><\/h4>\n<ul>\n<li style=\"font-weight: 400;\"><span style=\"font-weight: 400;\">Appareil photo<\/span><\/li>\n<li style=\"font-weight: 400;\"><span style=\"font-weight: 400;\">Bourgeons r\u00e9pulsifs<\/span><\/li>\n<li style=\"font-weight: 400;\"><span style=\"font-weight: 400;\">cr\u00eame solaire<\/span><\/li>\n<li style=\"font-weight: 400;\"><span style=\"font-weight: 400;\">Chapeau<\/span><\/li>\n<li style=\"font-weight: 400;\"><span style=\"font-weight: 400;\">Pantalon confortable<\/span><\/li>\n<li style=\"font-weight: 400;\"><span style=\"font-weight: 400;\">Chaussures de randonn\u00e9e pour la for\u00eat<\/span><\/li>\n<li style=\"font-weight: 400;\"><span style=\"font-weight: 400;\">Sandales aux zones de printemps.<\/span><\/li>\n<li style=\"font-weight: 400;\"><span style=\"font-weight: 400;\">Maillot de bain<\/span><\/li>\n<\/ul>\n<p>&nbsp;<\/p>\n<h4><b><i>Prise en charge \u00e0 l&#039;h\u00f4tel <\/i><\/b><\/h4>\n<p><span style=\"font-weight: 400;\">Le ramassage des voyageurs est offert!<\/span><\/p>\n<p><span style=\"font-weight: 400;\">Nous venons vous chercher dans tous les h\u00f4tels de Punta Cana. Le lieu de prise en charge est le hall de l&#039;h\u00f4tel<br \/>\nSi vous s\u00e9journez dans un condo de la r\u00e9gion, nous viendrons vous chercher au condo ou \u00e0 l&#039;entr\u00e9e de la station baln\u00e9aire la plus proche. Nous organisons la prise en charge en nous contactant par Whatsapp.<\/span><\/p>\n<p><b>Note:<\/b><span style=\"font-weight: 400;\"> Si vous r\u00e9servez dans les 24 heures suivant l&#039;heure de d\u00e9part de la visite \/ excursion, nous pouvons organiser la prise en charge \u00e0 l&#039;h\u00f4tel. Une fois votre achat termin\u00e9, nous vous enverrons les coordonn\u00e9es compl\u00e8tes (num\u00e9ro de t\u00e9l\u00e9phone, adresse e-mail, etc.) de notre guide local pour organiser la prise en charge.<\/span><\/p>\n<h4><b><i>Confirmation d&#039;informations suppl\u00e9mentaires <\/i><\/b><\/h4>\n<ol>\n<li>Les billets sont le re\u00e7u apr\u00e8s avoir pay\u00e9 ce tour. Vous pouvez afficher le paiement sur votre t\u00e9l\u00e9phone.<\/li>\n<li style=\"font-weight: 400;\"><span style=\"font-weight: 400;\">Le point de rencontre sera re\u00e7u apr\u00e8s le processus de r\u00e9servation.<\/span><\/li>\n<li style=\"font-weight: 400;\"><span style=\"font-weight: 400;\">Les enfants doivent \u00eatre accompagn\u00e9s par un adulte.<\/span><\/li>\n<li style=\"font-weight: 400;\"><span style=\"font-weight: 400;\"> Non accessible aux fauteuils roulants <\/span><\/li>\n<li style=\"font-weight: 400;\"><span style=\"font-weight: 400;\">Les b\u00e9b\u00e9s doivent s&#039;asseoir sur les genoux <\/span><\/li>\n<li style=\"font-weight: 400;\"><span style=\"font-weight: 400;\">Non recommand\u00e9 pour les voyageurs ayant des probl\u00e8mes de dos<\/span><\/li>\n<li style=\"font-weight: 400;\"><span style=\"font-weight: 400;\">D\u00e9conseill\u00e9 aux voyageuses enceintes <\/span><\/li>\n<li style=\"font-weight: 400;\"><span style=\"font-weight: 400;\"> Pas de probl\u00e8mes cardiaques ou d&#039;autres conditions m\u00e9dicales graves <\/span><\/li>\n<li style=\"font-weight: 400;\"><span style=\"font-weight: 400;\">La plupart des voyageurs peuvent participer<\/span><\/li>\n<\/ol>\n<h4><b><i>Politique d&#039;annulation<\/i><\/b><\/h4>\n<p>Pour un remboursement complet, veuillez lire nos Politiques d&#039;annulation\u00a0<a href=\"https:\/\/www.boattoursamana.com\/fr\/reservation-en-ligne\/\" target=\"_blank\" rel=\"noopener\" data-saferedirecturl=\"https:\/\/www.google.com\/url?q=https:\/\/www.boattoursamana.com\/online-booking\/&amp;source=gmail&amp;ust=1672449202351000&amp;usg=AOvVaw1yAeVAPktmaVCqDujgUn90\">Cliquez ici<\/a>. Les fonds seront perdus si la r\u00e9servation est annul\u00e9e le jour m\u00eame du voyage.<\/p>\n\n\t\t<\/div>\n\t<\/div>\n<\/div><\/div><\/div><\/div><div class=\"vc_row wpb_row vc_row-fluid\" ><div class=\"wpb_column vc_column_container vc_col-sm-12\"><div class=\"vc_column-inner\"><div class=\"wpb_wrapper\"><div class=\"vc_empty_space\"   style=\"height: 32px\"><span class=\"vc_empty_space_inner\"><\/span><\/div>\n\t<div class=\"wpb_text_column wpb_content_element\" >\n\t\t<div class=\"wpb_wrapper\">\n\t\t\t<h4>Nous contacter?<\/h4>\n<h5><em><strong>Aventures de r\u00e9servation<\/strong><\/em><\/h5>\n<p><em><strong>des locaux<\/strong> et <strong>Nationaux<\/strong> Guides touristiques et services aux invit\u00e9s<\/em><\/p>\n<p><span class=\"text-turquoise\">R\u00e9servations:<\/span> Visites et excursions \u00e0 Dom. repr\u00e9sentant<\/p>\n<p><img decoding=\"async\" class=\"emoji\" draggable=\"false\" src=\"https:\/\/s.w.org\/images\/core\/emoji\/11.2.0\/svg\/1f4de.svg\" alt=\"\ud83d\udcde\" title=\"\"> T\u00e9l \/ Whatsapp\u00a0 <a href=\"tel:+1-809-720-6035\">+1-809-720-6035<\/a>.<\/p>\n<p><img decoding=\"async\" class=\"emoji\" draggable=\"false\" src=\"https:\/\/s.w.org\/images\/core\/emoji\/11.2.0\/svg\/1f4e9.svg\" alt=\"\ud83d\udce9\" title=\"\"> <a href=\"mailto:info@bookingadventures.com.do\">info@bookingadventures.com.do<\/a><\/p>\n<p><strong>Nous sommes des visites priv\u00e9es \u00e0 configuration flexible par Whatsapp\u00a0: <a href=\"tel:+18097206035\">+18097206035.<\/a><\/strong><\/p>\n\n\t\t<\/div>\n\t<\/div>\n<div class=\"vc_empty_space\"   style=\"height: 32px\"><span class=\"vc_empty_space_inner\"><\/span><\/div><\/div><\/div><\/div><\/div><div class=\"vc_row wpb_row vc_row-fluid\" ><div class=\"wpb_column vc_column_container vc_col-sm-12\"><div class=\"vc_column-inner\"><div class=\"wpb_wrapper\"><div class=\"vc_btn3-container vc_btn3-inline\" ><button class=\"vc_general vc_btn3 vc_btn3-size-md vc_btn3-shape-rounded vc_btn3-style-modern vc_btn3-color-green\">RESERVE MAINTENANT<\/button><\/div><\/div><\/div><\/div><\/div>","protected":false},"excerpt":{"rendered":"<p>Si vous \u00eates \u00e0 Punta Cana ou \u00e0 Bavaro, vous recherchez une excursion d&#039;une journ\u00e9e payant moins que la normale. R\u00e9servez ce voyage avec une prise en charge \u00e0 votre h\u00f4tel \u00e0 Punta Cana. Le bus vous emm\u00e8nera \u00e0 Sabana de la mar o\u00f9 nous prendrons un catamaran pour passer la baie de Samana. Visite de la communaut\u00e9 de Samana en safari pour arriver dans la communaut\u00e9 d&#039;El Lim\u00f3n, \u00e9quitation ou randonn\u00e9e jusqu&#039;aux cascades apr\u00e8s avoir travers\u00e9 la baie de Samana et l&#039;heure de Luch sur l&#039;\u00eele de Bacardi. Ce voyage commence \u00e0 6h00 et se termine \u00e0 18h30.<\/p>\n<p>&nbsp;<\/p>\n<p>&nbsp;<\/p>\n<p><strong>Veuillez s\u00e9lectionner une date pour la visite\u00a0<\/strong><\/p>","protected":false},"featured_media":12593,"template":"","meta":[],"product_cat":[307,948,961,959,178,189,972,963,190,253,254,255],"product_tag":[184,183,384,223,382,380,185,381,222,175,383,186,187],"class_list":["post-9231","product","type-product","status-publish","has-post-thumbnail","hentry","product_cat-salto-el-limon-and-bacardi-island","product_cat-1-punta-cana","product_cat-el-limon-horseback-riding","product_cat-el-limon-punta-cana","product_cat-hiking","product_cat-horse-riding-to-waterfalls","product_cat-punta-cana-group-tours","product_cat-punta-cana-samana-day-trips","product_cat-safari-samana","product_cat-tours-and-excursions","product_cat-tours-excursions-los-haitises-national-park","product_cat-tours-excursions-samana-bay-dominican-republic","product_tag-bacardi-island","product_tag-beach-time","product_tag-cascada-el-limon-salto-el-limon-samana-republica-dominicana","product_tag-cayo-levantado","product_tag-el-limon-waterfall-bacardi-island-from-punta-cana","product_tag-el-limon-waterfall-and-bacardi-island-tour-from-punta-cana","product_tag-el-limon-waterfalls","product_tag-guided-adventures","product_tag-punta-cana","product_tag-sabana-de-la-mar","product_tag-salto-de-limon-punta-cana","product_tag-samana","product_tag-samana-tours"],"_links":{"self":[{"href":"https:\/\/www.boattoursamana.com\/fr\/wp-json\/wp\/v2\/product\/9231","targetHints":{"allow":["GET"]}}],"collection":[{"href":"https:\/\/www.boattoursamana.com\/fr\/wp-json\/wp\/v2\/product"}],"about":[{"href":"https:\/\/www.boattoursamana.com\/fr\/wp-json\/wp\/v2\/types\/product"}],"wp:featuredmedia":[{"embeddable":true,"href":"https:\/\/www.boattoursamana.com\/fr\/wp-json\/wp\/v2\/media\/12593"}],"wp:attachment":[{"href":"https:\/\/www.boattoursamana.com\/fr\/wp-json\/wp\/v2\/media?parent=9231"}],"wp:term":[{"taxonomy":"product_cat","embeddable":true,"href":"https:\/\/www.boattoursamana.com\/fr\/wp-json\/wp\/v2\/product_cat?post=9231"},{"taxonomy":"product_tag","embeddable":true,"href":"https:\/\/www.boattoursamana.com\/fr\/wp-json\/wp\/v2\/product_tag?post=9231"}],"curies":[{"name":"wp","href":"https:\/\/api.w.org\/{rel}","templated":true}]}}