{"id":9453,"date":"2019-09-23T17:16:42","date_gmt":"2019-09-23T17:16:42","guid":{"rendered":"https:\/\/www.ticketswhales.com\/Tours-Excursions\/uncategorized\/import-placeholder-for-977\/"},"modified":"2023-11-10T17:56:25","modified_gmt":"2023-11-10T17:56:25","slug":"day-pass-cano-hondo-natural-pools-lunch-included","status":"publish","type":"product","link":"https:\/\/www.boattoursamana.com\/fr\/tournee\/passe-journee-cano-hondo-piscines-naturelles-dejeuner-inclus-2","title":{"rendered":"Pass journalier Ca\u00f1o Hondo - Piscines naturelles et d\u00e9jeuner inclus"},"content":{"rendered":"<div class=\"vc_row wpb_row vc_row-fluid\" ><div class=\"wpb_column vc_column_container vc_col-sm-12\"><div class=\"vc_column-inner\"><div class=\"wpb_wrapper\"><div class=\"vc_message_box vc_message_box-standard vc_message_box-rounded vc_color-info\" ><div class=\"vc_message_box-icon\"><i class=\"fas fa-info-circle\"><\/i><\/div><p>R\u00e9servez des prix bas dans les chambres de Cano Hondo <a href=\"http:\/\/dominican-republic-hotels.com\/hotel\/cano-hondo-hotel-eco-lodge\/\" rel=\"noopener\">Cliquez ici.<\/a><\/p>\n<\/div><div class=\"vc_btn3-container vc_btn3-inline\" ><button class=\"vc_general vc_btn3 vc_btn3-size-md vc_btn3-shape-rounded vc_btn3-style-modern vc_btn3-color-green\">RESERVE MAINTENANT<\/button><\/div>\n\t<div class=\"wpb_text_column wpb_content_element\" >\n\t\t<div class=\"wpb_wrapper\">\n\t\t\t<div class=\"vc_row wpb_row vc_row-fluid\">\n<div class=\"wpb_column vc_column_container vc_col-sm-12\">\n<div class=\"vc_column-inner\">\n<div class=\"wpb_wrapper\">\n<div class=\"wpb_text_column wpb_content_element\">\n<div class=\"wpb_wrapper\">\n<h2 class=\"mkdf-single-product-title\">Carte journali\u00e8re Ca\u00f1o Hondo - Piscines naturelles et d\u00e9jeuner inclus<\/h2>\n<h4><b><i>La description<\/i><\/b><\/h4>\n<p>Ca\u00f1o Hondo Day Pass Billet pour nos piscines ext\u00e9rieures naturelles avec d\u00e9jeuner au buffet inclus. Tous les jours de 8h30 \u00e0 17h00.<\/p>\n<div class=\"wpb_text_column wpb_content_element\">\n<div class=\"wpb_wrapper\">\n<p>Les piscines sont totalement biologiques sans besoin de chlore ou de produits chimiques qui d\u00e9veloppent leur propre \u00e9cologie naturelle et leur \u00e9cosyst\u00e8me \u00e9quilibr\u00e9 en \u00e9tant con\u00e7ues et construites d&#039;une certaine mani\u00e8re. Lorsque l&#039;\u00e9quilibre est atteint, l&#039;eau est naturellement claire comme dans un lac de montagne.<\/p>\n<\/div>\n<\/div>\n<div class=\"wpb_text_column wpb_content_element\">\n<div class=\"wpb_wrapper\">\n<p><strong>Profitez des piscines \u00e9cologiques naturelles qui se fondent magnifiquement dans le paysage paisible et original du parc national Los Haitises, Sabana de la Mar. <\/strong><\/p>\n<p style=\"text-align: center;\"><strong>Passez une merveilleuse journ\u00e9e avec votre famille ou vos amis.<\/strong><\/p>\n<\/div>\n<\/div>\n<p>&nbsp;<\/p>\n<h3><b>Inclusions et exclusions<\/b><\/h3>\n<p><b>Inclusions<\/b><\/p>\n<ol>\n<li>Buffet<\/li>\n<li>Entr\u00e9e aux piscines naturelles<\/li>\n<\/ol>\n<p><b>Exclusions (Non inclus)<\/b><\/p>\n<ol>\n<li>Le transport<\/li>\n<li>Breuvages alcoolis\u00e9s<\/li>\n<\/ol>\n<p>&nbsp;<\/p>\n<h4><em><strong>Pourquoi acheter le billet ?<\/strong><\/em><\/h4>\n<p>S&#039;il vous pla\u00eet faire une r\u00e9servation \u00e0 l&#039;avance pour \u00e9tablir l&#039;espace dans notre restaurant et pr\u00e9parer le d\u00e9jeuner buffet pour vous. Apr\u00e8s avoir effectu\u00e9 la r\u00e9servation, nos repr\u00e9sentants vous contacteront pour vous donner plus d&#039;informations - Comment se rendre chez nous, quel est le menu du Lunch Buffet et pour r\u00e9pondre \u00e0 toutes vos questions.<\/p>\n<p><strong>Remarque : Gratuit pour les enfants de moins de 3 ans. Les enfants de 4 \u00e0 10 ans ne paient que moiti\u00e9 prix.<\/strong><\/p>\n<h2 style=\"text-align: center;\"><strong>Piscines d&#039;eau min\u00e9rale con\u00e7ues et construites avec le souci du d\u00e9tail et la cr\u00e9ativit\u00e9.<\/strong><\/h2>\n<p><strong>Temps:<\/strong><\/p>\n<p>8h30 \u2013 17h00<\/p>\n<p>&nbsp;<\/p>\n<h4><em><strong>Que devez-vous emporter avec vous ?<\/strong><\/em><\/h4>\n<ul>\n<li>C\u00e2mara<\/li>\n<li>\u00a0Repoussant<\/li>\n<li>cr\u00eame solaire<\/li>\n<\/ul>\n<p>&nbsp;<\/p>\n<h4><i>Le transport: <\/i><\/h4>\n<p>Le transport n&#039;est pas inclus.<\/p>\n<p><b>Nota : Si vous souhaitez un transfert, veuillez nous contacter.<\/b><\/p>\n<h4><b><i>Politique d&#039;annulation<\/i><\/b><\/h4>\n<p>Pour un remboursement complet, veuillez lire nos politiques d&#039;annulation dans le pied de page du site Web.<\/p>\n<\/div>\n<\/div>\n<\/div>\n<\/div>\n<\/div>\n<\/div>\n<div class=\"vc_row wpb_row vc_row-fluid\">\n<div class=\"wpb_column vc_column_container vc_col-sm-12\">\n<div class=\"vc_column-inner\">\n<div class=\"wpb_wrapper\">\n<div class=\"wpb_text_column wpb_content_element\">\n<div class=\"wpb_wrapper\">\n<p>&nbsp;<\/p>\n<h3 style=\"text-align: center;\">Vous pouvez \u00e9galement profiter de nombreuses activit\u00e9s et excursions avec un guide local.<\/h3>\n<p><strong>Liste des activit\u00e9s :<\/strong><br \/>\nDoublure zipp\u00e9e<br \/>\nEscalade de paroi rocheuse<br \/>\nMonter \u00e0 cheval<br \/>\nRandonn\u00e9es guid\u00e9es ou autoguid\u00e9es dans les Los Haitises<br \/>\nKayak dans les Los Haitises<br \/>\nExcursions guid\u00e9es en bateau dans Los Haitises<br \/>\nObservation des baleines (du 15 janvier au 20 mars)<br \/>\nObservation d&#039;oiseaux guid\u00e9e<br \/>\nCayo Levantado\/\u00eele Bacardi<br \/>\nVie sauvage et nature<br \/>\nCascades El Limon, Samana<\/p>\n<p><strong>Pour plus d&#039;informations sur les activit\u00e9s et les excursions, veuillez nous contacter. Vous pouvez aussi <a href=\"http:\/\/haitises.com\/\" rel=\"noopener\">R\u00e9servez ici.<\/a><\/strong><\/p>\n<h4><b><i>Politique d&#039;annulation<\/i><\/b><\/h4>\n<p>Pour un remboursement complet, veuillez lire nos Politiques d&#039;annulation\u00a0<a href=\"https:\/\/www.boattoursamana.com\/fr\/reservation-en-ligne\/\" target=\"_blank\" rel=\"noopener\" data-saferedirecturl=\"https:\/\/www.google.com\/url?q=https:\/\/www.boattoursamana.com\/online-booking\/&amp;source=gmail&amp;ust=1672449202351000&amp;usg=AOvVaw1yAeVAPktmaVCqDujgUn90\">Cliquez ici<\/a>. Les fonds seront perdus si la r\u00e9servation est annul\u00e9e le jour m\u00eame du voyage.<\/p>\n<\/div>\n<\/div>\n<\/div>\n<\/div>\n<\/div>\n<\/div>\n\n\t\t<\/div>\n\t<\/div>\n<\/div><\/div><\/div><\/div><div class=\"vc_row wpb_row vc_row-fluid\" ><div class=\"wpb_column vc_column_container vc_col-sm-12\"><div class=\"vc_column-inner\"><div class=\"wpb_wrapper\"><div class=\"vc_btn3-container vc_btn3-inline\" ><button class=\"vc_general vc_btn3 vc_btn3-size-md vc_btn3-shape-rounded vc_btn3-style-modern vc_btn3-color-green\">RESERVE MAINTENANT<\/button><\/div><\/div><\/div><\/div><\/div>","protected":false},"excerpt":{"rendered":"<p>Achetez un billet journalier Piscines naturelles \u00e0 l&#039;h\u00f4tel Ca\u00f1o Hondo dans le parc national Los Haitises, Sabana de la Mar. Le d\u00e9jeuner est inclus.<\/p>\n<p>Pour plus d&#039;informations, contactez nous.<\/p>","protected":false},"featured_media":9457,"template":"","meta":[],"product_cat":[946,160,933,15],"product_tag":[425,176,421,422,171,209,426,423,424,175,186,187],"class_list":["post-9453","product","type-product","status-publish","has-post-thumbnail","hentry","product_cat-1-sabana-de-la-mar","product_cat-lunch","product_cat-natural-pools-los-haitises","product_cat-uncategorized","product_tag-altos-cano-hondo","product_tag-cano-hondo","product_tag-cano-hondo-day-pass","product_tag-cano-hondo-sabana-de-la-mar","product_tag-los-haitises","product_tag-los-haitises-national-park","product_tag-los-haitises-tours","product_tag-paraiso-cano-hondo","product_tag-parque-los-haitises","product_tag-sabana-de-la-mar","product_tag-samana","product_tag-samana-tours"],"_links":{"self":[{"href":"https:\/\/www.boattoursamana.com\/fr\/wp-json\/wp\/v2\/product\/9453","targetHints":{"allow":["GET"]}}],"collection":[{"href":"https:\/\/www.boattoursamana.com\/fr\/wp-json\/wp\/v2\/product"}],"about":[{"href":"https:\/\/www.boattoursamana.com\/fr\/wp-json\/wp\/v2\/types\/product"}],"wp:featuredmedia":[{"embeddable":true,"href":"https:\/\/www.boattoursamana.com\/fr\/wp-json\/wp\/v2\/media\/9457"}],"wp:attachment":[{"href":"https:\/\/www.boattoursamana.com\/fr\/wp-json\/wp\/v2\/media?parent=9453"}],"wp:term":[{"taxonomy":"product_cat","embeddable":true,"href":"https:\/\/www.boattoursamana.com\/fr\/wp-json\/wp\/v2\/product_cat?post=9453"},{"taxonomy":"product_tag","embeddable":true,"href":"https:\/\/www.boattoursamana.com\/fr\/wp-json\/wp\/v2\/product_tag?post=9453"}],"curies":[{"name":"wp","href":"https:\/\/api.w.org\/{rel}","templated":true}]}}