{"id":9630,"date":"2019-10-14T14:05:44","date_gmt":"2019-10-14T14:05:44","guid":{"rendered":"https:\/\/www.ticketswhales.com\/?post_type=product&#038;p=9630"},"modified":"2023-11-10T17:32:15","modified_gmt":"2023-11-10T17:32:15","slug":"parasailing-tour-from-punta-cana","status":"publish","type":"product","link":"https:\/\/www.boattoursamana.com\/fr\/tournee\/parachute-ascensionnel-depuis-punta-cana","title":{"rendered":"Excursion en parachute ascensionnel depuis Punta Cana 95 USD."},"content":{"rendered":"<div class=\"vc_row wpb_row vc_row-fluid\" ><div class=\"wpb_column vc_column_container vc_col-sm-12\"><div class=\"vc_column-inner\"><div class=\"wpb_wrapper\"><div class=\"mkdf-section-title-holder\" style=\"text-align: left\">\n\t<div class=\"mkdf-st-inner\">\n\t\t\t\t\t<h5 class=\"mkdf-st-subtitle\" >\n\t\t\t\tDepuis les h\u00f4tels de Punta Cana\t\t\t<\/h5>\n\t\t\t\t\t\t\t<h3 class=\"mkdf-st-title\" >\n\t\t\t\tExcursion en parachute ascensionnel depuis Punta Cana\t\t\t<\/h3>\n\t\t\t\t\t\t\t<p class=\"mkdf-st-text\" >\n\t\t\t\tRemarque\u00a0: Cette visite commence \u00e0 7h00. Selon l&#039;endroit o\u00f9 se trouve l&#039;heure de prise en charge des h\u00f4tels, l&#039;heure peut changer. Frais suppl\u00e9mentaires pour le ramassage dans les zones non r\u00e9pertori\u00e9es dans notre description.\t\t\t<\/p>\n\t\t\t<\/div>\n<\/div><\/div><\/div><\/div><\/div><div class=\"vc_row wpb_row vc_row-fluid\" ><div class=\"wpb_column vc_column_container vc_col-sm-12\"><div class=\"vc_column-inner\"><div class=\"wpb_wrapper\"><div class=\"vc_empty_space\"   style=\"height: 32px\"><span class=\"vc_empty_space_inner\"><\/span><\/div><\/div><\/div><\/div><\/div><div class=\"vc_row wpb_row vc_row-fluid\" ><div class=\"wpb_column vc_column_container vc_col-sm-12\"><div class=\"vc_column-inner\"><div class=\"wpb_wrapper\"><div class=\"vc_btn3-container vc_btn3-inline\" ><button class=\"vc_general vc_btn3 vc_btn3-size-md vc_btn3-shape-rounded vc_btn3-style-modern vc_btn3-color-green\">RESERVE MAINTENANT<\/button><\/div>\n\t<div class=\"wpb_text_column wpb_content_element\" >\n\t\t<div class=\"wpb_wrapper\">\n\t\t\t<h4><b><i>Aper\u00e7u <\/i><\/b><\/h4>\n<div>\n<p>Parachute ascensionnel sur la c\u00f4te de Punta Cana\/Bavaro au cours de cette activit\u00e9 de 40 minutes au d\u00e9part de Punta Cana. B\u00e9n\u00e9ficiez de l&#039;expertise de l&#039;une des compagnies de parachute ascensionnel les plus exp\u00e9riment\u00e9es de la R\u00e9publique dominicaine, avec plus de 60 000 vols depuis 2001. Profitez d&#039;une vue imprenable sur les plages, les eaux turquoises et les vastes stations baln\u00e9aires qui bordent le rivage tout en volant \u00e0 des centaines de m\u00e8tres dans les airs. Apportez de la cr\u00e8me solaire, un maillot de bain et un sens de l&#039;aventure. Tour a\u00e9rien panoramique Voyagez en bateau et admirez les sites depuis l&#039;eau Choix de d\u00e9part le matin ou l&#039;apr\u00e8s-midi Prise en charge et retour gratuits \u00e0 l&#039;h\u00f4tel inclus<\/p>\n<\/div>\n<ul class=\"vcs-highlights\">\n<li>Choix de plusieurs d\u00e9parts tout au long de la journ\u00e9e<\/li>\n<li>Profitez de vues a\u00e9riennes fantastiques<\/li>\n<li>Conviviale et familiale<\/li>\n<li>Prise en charge depuis un point de rendez-vous central<\/li>\n<li>Exp\u00e9rience romantique, parfaite pour les couples<\/li>\n<\/ul>\n<p>&nbsp;<\/p>\n<h4><b>Inclusions et exclusions<\/b><\/h4>\n<p>&nbsp;<\/p>\n<p><b>Inclusions<\/b><\/p>\n<p>&nbsp;<\/p>\n<ol>\n<li>Parachute ascensionnel<\/li>\n<li>Prise en charge en bus depuis votre h\u00f4tel<\/li>\n<li style=\"font-weight: 400;\"><span style=\"font-weight: 400;\">Toutes les taxes, frais et frais de traitement<\/span><\/li>\n<li style=\"font-weight: 400;\"><span style=\"font-weight: 400;\">Taxes locales<\/span><\/li>\n<li style=\"font-weight: 400;\"><span style=\"font-weight: 400;\">Breuvages<\/span><\/li>\n<\/ol>\n<p><b> Exclusions<\/b><\/p>\n<ol>\n<li style=\"font-weight: 400;\"><span style=\"font-weight: 400;\">Pourboires<\/span><\/li>\n<li>D\u00e9jeuner<\/li>\n<\/ol>\n<p>&nbsp;<\/p>\n<h4><em><strong>D\u00e9part &amp; Retour<\/strong><\/em><\/h4>\n<p><span style=\"font-weight: 400;\">Le voyageur obtiendra un point de rendez-vous apr\u00e8s le processus de r\u00e9servation. Les visites commencent et se terminent dans nos points de rendez-vous.<\/span><\/p>\n<p>&nbsp;<\/p>\n<h4><b><i>\u00c0 quoi s&#039;attendre?<\/i><\/b><\/h4>\n<p>Imaginez \u00eatre soulev\u00e9 \u00e0 150 pieds dans les airs, le vent frais caressant votre visage tout en vous relaxant avec une vue spectaculaire sur la c\u00f4te de Bavaro - Punta Cana. Arr\u00eatez d&#039;imaginer et rejoignez-nous dans l&#039;excitante balade du parachute ascensionnel, une exp\u00e9rience vraiment inoubliable. Vous n&#039;avez besoin que d&#039;un \u00e9cran solaire et d&#039;un maillot de bain, tout en profitant du frisson de la balade. Volez avec la premi\u00e8re compagnie de parachute ascensionnel de la R\u00e9publique dominicaine. Avec plus de 60 000 vols depuis 2001, nos capitaines et \u00e9quipages qualifi\u00e9s sont parmi les plus exp\u00e9riment\u00e9s du secteur.<\/p>\n<p><strong>Calendrier:<\/strong><\/p>\n<p>7h00 \u2013 19h00\u2026 Changement d&#039;heure en fonction de l&#039;endroit o\u00f9 vous vous trouvez \u00e0 Punta Cana.<\/p>\n<p>&nbsp;<\/p>\n<h4><em><strong>Que devez-vous apporter?<\/strong><\/em><\/h4>\n<ul>\n<li style=\"font-weight: 400;\"><span style=\"font-weight: 400;\">Appareil photo<\/span><\/li>\n<li style=\"font-weight: 400;\"><span style=\"font-weight: 400;\">Bourgeons r\u00e9pulsifs<\/span><\/li>\n<li style=\"font-weight: 400;\"><span style=\"font-weight: 400;\">cr\u00eame solaire<\/span><\/li>\n<li style=\"font-weight: 400;\"><span style=\"font-weight: 400;\">Chapeau<\/span><\/li>\n<li style=\"font-weight: 400;\"><span style=\"font-weight: 400;\">Pantalon confortable<\/span><\/li>\n<li style=\"font-weight: 400;\"><span style=\"font-weight: 400;\">Chaussures de randonn\u00e9e pour la for\u00eat<\/span><\/li>\n<li style=\"font-weight: 400;\"><span style=\"font-weight: 400;\">Sandales \u00e0 la plage<\/span><\/li>\n<li style=\"font-weight: 400;\"><span style=\"font-weight: 400;\">Maillot de bain<\/span><\/li>\n<li>De l&#039;argent pour des souvenirs<\/li>\n<\/ul>\n<p>&nbsp;<\/p>\n<h4><b><i>Prise en charge \u00e0 l&#039;h\u00f4tel <\/i><\/b><\/h4>\n<p><span style=\"font-weight: 400;\">Le ramassage des voyageurs est offert!<\/span><\/p>\n<p><span style=\"font-weight: 400;\">Nous venons vous chercher dans tous les h\u00f4tels de Punta Cana. Le lieu de prise en charge est le hall de l&#039;h\u00f4tel<br \/>\nSi vous s\u00e9journez dans un condo de la r\u00e9gion, nous viendrons vous chercher au condo ou \u00e0 l&#039;entr\u00e9e de la station baln\u00e9aire la plus proche. Nous organisons la prise en charge en nous contactant par Whatsapp.<\/span><\/p>\n<p><b>Note:<\/b><span style=\"font-weight: 400;\"> Si vous r\u00e9servez dans les 24 heures suivant l&#039;heure de d\u00e9part de la visite \/ excursion, nous pouvons organiser la prise en charge \u00e0 l&#039;h\u00f4tel. Une fois votre achat termin\u00e9, nous vous enverrons les coordonn\u00e9es compl\u00e8tes (num\u00e9ro de t\u00e9l\u00e9phone, adresse e-mail, etc.) de notre guide local pour organiser la prise en charge.<\/span><\/p>\n<h4><b><i>Confirmation d&#039;informations suppl\u00e9mentaires <\/i><\/b><\/h4>\n<ol>\n<li>Les billets sont le re\u00e7u apr\u00e8s avoir pay\u00e9 ce tour. Vous pouvez afficher le paiement sur votre t\u00e9l\u00e9phone.<\/li>\n<li style=\"font-weight: 400;\"><span style=\"font-weight: 400;\">Le point de rencontre sera re\u00e7u apr\u00e8s le processus de r\u00e9servation.<\/span><\/li>\n<li style=\"font-weight: 400;\"><span style=\"font-weight: 400;\">Les enfants doivent \u00eatre accompagn\u00e9s par un adulte.<\/span><\/li>\n<li style=\"font-weight: 400;\"><span style=\"font-weight: 400;\">Accessible aux fauteuils roulants <\/span><\/li>\n<li style=\"font-weight: 400;\"><span style=\"font-weight: 400;\">Les b\u00e9b\u00e9s doivent s&#039;asseoir sur les genoux <\/span><\/li>\n<li style=\"font-weight: 400;\"><span style=\"font-weight: 400;\">La plupart des voyageurs peuvent participer<\/span><\/li>\n<\/ol>\n<h4><b><i>Politique d&#039;annulation<\/i><\/b><\/h4>\n<p>Pour un remboursement complet, veuillez lire nos Politiques d&#039;annulation\u00a0<a href=\"https:\/\/www.boattoursamana.com\/fr\/reservation-en-ligne\/\" target=\"_blank\" rel=\"noopener\" data-saferedirecturl=\"https:\/\/www.google.com\/url?q=https:\/\/www.boattoursamana.com\/online-booking\/&amp;source=gmail&amp;ust=1672532492004000&amp;usg=AOvVaw3ylqI1cdbIPTimEqEWneyd\">Cliquez ici<\/a>. Les fonds seront perdus si la r\u00e9servation est annul\u00e9e le jour m\u00eame du voyage.<\/p>\n\n\t\t<\/div>\n\t<\/div>\n<\/div><\/div><\/div><\/div><div class=\"vc_row wpb_row vc_row-fluid\" ><div class=\"wpb_column vc_column_container vc_col-sm-12\"><div class=\"vc_column-inner\"><div class=\"wpb_wrapper\">\n\t<div class=\"wpb_text_column wpb_content_element\" >\n\t\t<div class=\"wpb_wrapper\">\n\t\t\t<h4>Nous contacter?<\/h4>\n<h5><em><strong>Aventures de r\u00e9servation<\/strong><\/em><\/h5>\n<p><em><strong>des locaux<\/strong> et <strong>Nationaux<\/strong> Guides touristiques et services aux invit\u00e9s<\/em><\/p>\n<p><span class=\"text-turquoise\">R\u00e9servations:<\/span> Visites et excursions \u00e0 Dom. repr\u00e9sentant<\/p>\n\n\t\t<\/div>\n\t<\/div>\n<\/div><\/div><\/div><\/div><div class=\"vc_row wpb_row vc_row-fluid\" ><\/div><div class=\"wpb_column vc_column_container vc_col-sm-12\"><div class=\"vc_column-inner\"><div class=\"wpb_wrapper\"><\/div><\/div><\/div><div class=\"vc_empty_space\"   style=\"height: 32px\"><span class=\"vc_empty_space_inner\"><\/span><\/div><div class=\"vc_row wpb_row vc_row-fluid\" ><div class=\"wpb_column vc_column_container vc_col-sm-12\"><div class=\"vc_column-inner\"><div class=\"wpb_wrapper\"><div class=\"vc_btn3-container vc_btn3-inline\" ><button class=\"vc_general vc_btn3 vc_btn3-size-md vc_btn3-shape-rounded vc_btn3-style-modern vc_btn3-color-green\">RESERVE MAINTENANT<\/button><\/div><\/div><\/div><\/div><\/div>","protected":false},"excerpt":{"rendered":"<p>Le parachute ascensionnel \u00e0 Punta Cana est une aventure incroyable et l&#039;une des meilleures choses \u00e0 faire \u00e0 Punta Cana. Le littoral \u00e0 200 pieds de hauteur, pendant que vous naviguez, est absolument magnifique.<\/p>\n<p>Le parachute ascensionnel est une exp\u00e9rience simple et amusante pour tous les membres de la famille. En tant que premi\u00e8re entreprise de parachute ascensionnel et d&#039;aventure en R\u00e9publique dominicaine, notre \u00e9quipe de parachute ascensionnel est parmi les plus exp\u00e9riment\u00e9es de Punta Cana, avec plus de 16 ans d&#039;exp\u00e9rience en vol.<span style=\"vertical-align: inherit;\"><span style=\"vertical-align: inherit;\">.<\/span><\/span><\/p>\n<p>Vous pourrez profiter d&#039;environ 15 minutes de vol tout en profitant de la belle vue panoramique.<\/p>\n<p><strong>S\u00e9lectionnez la date de la visite\u00a0:\u00a0<\/strong><\/p>","protected":false},"featured_media":9634,"template":"","meta":[],"product_cat":[253,948,468,972,349,294],"product_tag":[242,470,469,222,471,313,243],"class_list":["post-9630","product","type-product","status-publish","has-post-thumbnail","hentry","product_cat-tours-and-excursions","product_cat-1-punta-cana","product_cat-parasaling","product_cat-punta-cana-group-tours","product_cat-tours-and-excursion-punta-cana","product_cat-tours-excursions-punta-cana-dominican-republic","product_tag-catamaran","product_tag-parasail-punta-cana","product_tag-parasailing-in-punta-cana","product_tag-punta-cana","product_tag-punta-cana-catamaran-party-with-snorkeling-and-parasailing","product_tag-punta-cana-tours","product_tag-saona-island"],"_links":{"self":[{"href":"https:\/\/www.boattoursamana.com\/fr\/wp-json\/wp\/v2\/product\/9630","targetHints":{"allow":["GET"]}}],"collection":[{"href":"https:\/\/www.boattoursamana.com\/fr\/wp-json\/wp\/v2\/product"}],"about":[{"href":"https:\/\/www.boattoursamana.com\/fr\/wp-json\/wp\/v2\/types\/product"}],"wp:featuredmedia":[{"embeddable":true,"href":"https:\/\/www.boattoursamana.com\/fr\/wp-json\/wp\/v2\/media\/9634"}],"wp:attachment":[{"href":"https:\/\/www.boattoursamana.com\/fr\/wp-json\/wp\/v2\/media?parent=9630"}],"wp:term":[{"taxonomy":"product_cat","embeddable":true,"href":"https:\/\/www.boattoursamana.com\/fr\/wp-json\/wp\/v2\/product_cat?post=9630"},{"taxonomy":"product_tag","embeddable":true,"href":"https:\/\/www.boattoursamana.com\/fr\/wp-json\/wp\/v2\/product_tag?post=9630"}],"curies":[{"name":"wp","href":"https:\/\/api.w.org\/{rel}","templated":true}]}}