{"id":9639,"date":"2019-10-14T16:35:48","date_gmt":"2019-10-14T16:35:48","guid":{"rendered":"https:\/\/www.ticketswhales.com\/?post_type=product&#038;p=9639"},"modified":"2023-02-21T17:56:59","modified_gmt":"2023-02-21T17:56:59","slug":"four-adventures-parasailing-snorkeling-cruise-sharks-rays-in-natural-pools-from-punta-cana","status":"publish","type":"product","link":"https:\/\/www.boattoursamana.com\/fr\/tournee\/quatre-aventures-parachute-ascensionnel-plongee-en-apnee-croisiere-requins-raies-dans-les-piscines-naturelles-de-punta-cana-2","title":{"rendered":"Quatre aventures\u00a0: parachute ascensionnel, croisi\u00e8re de plong\u00e9e en apn\u00e9e, requins et raies dans les piscines naturelles de Punta Cana"},"content":{"rendered":"<div class=\"vc_row wpb_row vc_row-fluid\" ><div class=\"wpb_column vc_column_container vc_col-sm-12\"><div class=\"vc_column-inner\"><div class=\"wpb_wrapper\"><div class=\"mkdf-section-title-holder\" style=\"text-align: left\">\n\t<div class=\"mkdf-st-inner\">\n\t\t\t\t\t<h5 class=\"mkdf-st-subtitle\" >\n\t\t\t\tDepuis les h\u00f4tels de Punta Cana\t\t\t<\/h5>\n\t\t\t\t\t\t\t<h3 class=\"mkdf-st-title\" >\n\t\t\t\tQuatre aventures\u00a0: parachute ascensionnel, croisi\u00e8re de plong\u00e9e en apn\u00e9e, requins et raies dans les piscines naturelles de Punta Cana\t\t\t<\/h3>\n\t\t\t\t\t\t\t<p class=\"mkdf-st-text\" >\n\t\t\t\tRemarque\u00a0: cette visite commence \u00e0 des heures diff\u00e9rentes entre 7\u00a0h\u00a000 et 16\u00a0h\u00a000. De plus, vous \u00eates autoris\u00e9 \u00e0 voir Dolphin mais pas \u00e0 nager avec les dauphins. Selon l&#039;endroit o\u00f9 se trouve l&#039;heure de prise en charge des h\u00f4tels, l&#039;heure peut changer. Frais suppl\u00e9mentaires pour le ramassage dans les zones non r\u00e9pertori\u00e9es dans notre description.\t\t\t<\/p>\n\t\t\t<\/div>\n<\/div><\/div><\/div><\/div><\/div><div class=\"vc_row wpb_row vc_row-fluid\" ><div class=\"wpb_column vc_column_container vc_col-sm-12\"><div class=\"vc_column-inner\"><div class=\"wpb_wrapper\"><div class=\"vc_empty_space\"   style=\"height: 32px\"><span class=\"vc_empty_space_inner\"><\/span><\/div><\/div><\/div><\/div><\/div><div class=\"vc_row wpb_row vc_row-fluid\" ><div class=\"wpb_column vc_column_container vc_col-sm-12\"><div class=\"vc_column-inner\"><div class=\"wpb_wrapper\"><div class=\"vc_btn3-container vc_btn3-inline\" ><button class=\"vc_general vc_btn3 vc_btn3-size-md vc_btn3-shape-rounded vc_btn3-style-modern vc_btn3-color-green\">RESERVE MAINTENANT<\/button><\/div>\n\t<div class=\"wpb_text_column wpb_content_element\" >\n\t\t<div class=\"wpb_wrapper\">\n\t\t\t<h4><b><i>Aper\u00e7u <\/i><\/b><\/h4>\n<div>\n<p>Vivez le frisson de quatre aventures en une avec cette excursion \u00e9pique au d\u00e9part de Punta Cana. D\u00e9tendez-vous \u00e0 bord d&#039;un catamaran \u00e0 deux \u00e9tages, d\u00e9couvrez les merveilles de la mer et profitez de rencontres rapproch\u00e9es avec la vie marine. Vous ferez de la plong\u00e9e avec tuba dans une barri\u00e8re de corail spectaculaire entour\u00e9e de poissons tropicaux et d\u00e9couvrirez le plaisir d&#039;un spectacle marin interactif avec des requins et des raies pastenagues. Cette option de visite populaire comprend des boissons \u00e0 volont\u00e9 sur le meilleur bateau de f\u00eate et est parfaite pour s&#039;amuser en famille et entre amis. Apr\u00e8s avoir go\u00fbt\u00e9 \u00e0 la vie sous-marine, explorez-la d&#039;en haut avec un parachute ascensionnel palpitant \u00e0 500 pieds au-dessus de la surface de l&#039;eau !<\/p>\n<\/div>\n<ul class=\"vcs-highlights\">\n<li>Choix de plusieurs d\u00e9parts tout au long de la journ\u00e9e<\/li>\n<li>Pour les amoureux de la mer<\/li>\n<li>Profitez de vues a\u00e9riennes fantastiques<\/li>\n<li>Conviviale et familiale<\/li>\n<li>Prise en charge depuis un point de rendez-vous central<\/li>\n<li>Exp\u00e9rience romantique, parfaite pour les couples<\/li>\n<\/ul>\n<p>&nbsp;<\/p>\n<h4><b>Inclusions et exclusions<\/b><\/h4>\n<p>&nbsp;<\/p>\n<p><b>Inclusions<\/b><\/p>\n<p>&nbsp;<\/p>\n<ol>\n<li>Parachute ascensionnel<\/li>\n<li>Croisi\u00e8re plong\u00e9e en apn\u00e9e, requins et raies dans les piscines naturelles<\/li>\n<li>Prise en charge en bus depuis votre h\u00f4tel<\/li>\n<li style=\"font-weight: 400;\"><span style=\"font-weight: 400;\">Toutes les taxes, frais et frais de traitement<\/span><\/li>\n<li style=\"font-weight: 400;\"><span style=\"font-weight: 400;\">Taxes locales<\/span><\/li>\n<li style=\"font-weight: 400;\"><span style=\"font-weight: 400;\">Breuvages<\/span><\/li>\n<\/ol>\n<p><b> Exclusions<\/b><\/p>\n<ol>\n<li style=\"font-weight: 400;\"><span style=\"font-weight: 400;\">Pourboires<\/span><\/li>\n<li>D\u00e9jeuner<\/li>\n<\/ol>\n<p>&nbsp;<\/p>\n<h4><em><strong>D\u00e9part &amp; Retour<\/strong><\/em><\/h4>\n<p><span style=\"font-weight: 400;\">Le voyageur obtiendra un point de rendez-vous apr\u00e8s le processus de r\u00e9servation. Les visites commencent et se terminent dans nos points de rendez-vous.<\/span><\/p>\n<p>&nbsp;<\/p>\n<h4><b><i>\u00c0 quoi s&#039;attendre?<\/i><\/b><\/h4>\n<p>Voyagez dans le confort climatis\u00e9 de votre h\u00f4tel \u00e0 Punta Cana vers un magnifique catamaran \u00e0 deux \u00e9tages et voyagez dans la beaut\u00e9 \u00e9poustouflante de Punta Cana avec un \u00e9quipage expert. Visitez la plage de Bavaro et faites de la plong\u00e9e avec tuba \u00e0 travers les r\u00e9cifs coralliens et les poissons tropicaux sous la supervision de plongeurs professionnels. Ensuite, dirigez-vous vers un parc marin o\u00f9 vous rencontrerez de pr\u00e8s des raies pastenagues et des requins dociles. Nagez et faites de la plong\u00e9e avec tuba entour\u00e9s de ces cr\u00e9atures g\u00e9antes et obtenez un aper\u00e7u plus approfondi de votre \u00e9quipe de guides.<\/p>\n<p>Ensuite, vous passerez du temps dans une piscine naturelle rafra\u00eechissante o\u00f9 vous pourrez nager et vous d\u00e9tendre avec une bi\u00e8re bien fra\u00eeche \u00e0 la main. Savourez des friandises dans un bar flottant et \u00e9coutez le rythme d&#039;un DJ local dans ce cadre insulaire incroyable.<\/p>\n<p>D\u00e9couvrez l&#039;excitation des eaux cristallines de l&#039;oc\u00e9an avec des jeux, des boissons et des divertissements. Votre visite se termine par une aventure \u00e9pique en parachute ascensionnel depuis la plage de Cortesito. Apr\u00e8s un aper\u00e7u de la s\u00e9curit\u00e9, vous volerez au-dessus des eaux bleues \u00e9poustouflantes et profiterez d&#039;incroyables vues tropicales tout en survolant le paradis. Vous serez ramen\u00e9 \u00e0 terre en toute s\u00e9curit\u00e9 avant de retourner \u00e0 votre h\u00f4tel avec votre moyen de transport.<\/p>\n<p><strong>Calendrier:<\/strong><\/p>\n<p>7h00 \u2013 16h00\u2026 Changement d&#039;heure en fonction de l&#039;endroit o\u00f9 vous vous trouvez \u00e0 Punta Cana. Contactez-nous pour fixer l&#039;heure.<\/p>\n<p>&nbsp;<\/p>\n<h4><em><strong>Que devez-vous apporter?<\/strong><\/em><\/h4>\n<ul>\n<li style=\"font-weight: 400;\"><span style=\"font-weight: 400;\">Appareil photo<\/span><\/li>\n<li style=\"font-weight: 400;\"><span style=\"font-weight: 400;\">Bourgeons r\u00e9pulsifs<\/span><\/li>\n<li style=\"font-weight: 400;\"><span style=\"font-weight: 400;\">cr\u00eame solaire<\/span><\/li>\n<li style=\"font-weight: 400;\"><span style=\"font-weight: 400;\">Chapeau<\/span><\/li>\n<li style=\"font-weight: 400;\"><span style=\"font-weight: 400;\">Pantalon confortable<\/span><\/li>\n<li style=\"font-weight: 400;\"><span style=\"font-weight: 400;\">Chaussures de randonn\u00e9e pour la for\u00eat<\/span><\/li>\n<li style=\"font-weight: 400;\"><span style=\"font-weight: 400;\">Sandales \u00e0 la plage<\/span><\/li>\n<li style=\"font-weight: 400;\"><span style=\"font-weight: 400;\">Maillot de bain<\/span><\/li>\n<li>De l&#039;argent pour des souvenirs<\/li>\n<\/ul>\n<p>&nbsp;<\/p>\n<h4><b><i>Prise en charge \u00e0 l&#039;h\u00f4tel <\/i><\/b><\/h4>\n<p><span style=\"font-weight: 400;\">Le ramassage des voyageurs est offert!<\/span><\/p>\n<p><span style=\"font-weight: 400;\">Nous venons vous chercher dans tous les h\u00f4tels de Punta Cana. Le lieu de prise en charge est le hall de l&#039;h\u00f4tel<br \/>\nSi vous s\u00e9journez dans un condo de la r\u00e9gion, nous viendrons vous chercher au condo ou \u00e0 l&#039;entr\u00e9e de la station baln\u00e9aire la plus proche. Nous organisons la prise en charge en nous contactant par Whatsapp.<\/span><\/p>\n<p><b>Note:<\/b><span style=\"font-weight: 400;\"> Si vous r\u00e9servez dans les 24 heures suivant l&#039;heure de d\u00e9part de la visite \/ excursion, nous pouvons organiser la prise en charge \u00e0 l&#039;h\u00f4tel. Une fois votre achat termin\u00e9, nous vous enverrons les coordonn\u00e9es compl\u00e8tes (num\u00e9ro de t\u00e9l\u00e9phone, adresse e-mail, etc.) de notre guide local pour organiser la prise en charge.<\/span><\/p>\n<h4><b><i>Confirmation d&#039;informations suppl\u00e9mentaires <\/i><\/b><\/h4>\n<ol>\n<li>Les billets sont le re\u00e7u apr\u00e8s avoir pay\u00e9 ce tour. Vous pouvez afficher le paiement sur votre t\u00e9l\u00e9phone.<\/li>\n<li style=\"font-weight: 400;\"><span style=\"font-weight: 400;\">Le point de rencontre sera re\u00e7u apr\u00e8s le processus de r\u00e9servation.<\/span><\/li>\n<li style=\"font-weight: 400;\"><span style=\"font-weight: 400;\">Les enfants doivent \u00eatre accompagn\u00e9s par un adulte.<\/span><\/li>\n<li style=\"font-weight: 400;\"><span style=\"font-weight: 400;\">Accessible aux fauteuils roulants <\/span><\/li>\n<li style=\"font-weight: 400;\"><span style=\"font-weight: 400;\">Les b\u00e9b\u00e9s doivent s&#039;asseoir sur les genoux <\/span><\/li>\n<li style=\"font-weight: 400;\"><span style=\"font-weight: 400;\">La plupart des voyageurs peuvent participer<\/span><\/li>\n<\/ol>\n<h4><b><i>Politique d&#039;annulation<\/i><\/b><\/h4>\n<p>Pour un remboursement complet, veuillez lire nos Politiques d&#039;annulation\u00a0<a href=\"https:\/\/www.boattoursamana.com\/fr\/reservation-en-ligne\/\" target=\"_blank\" rel=\"noopener\" data-saferedirecturl=\"https:\/\/www.google.com\/url?q=https:\/\/www.boattoursamana.com\/online-booking\/&amp;source=gmail&amp;ust=1672532492004000&amp;usg=AOvVaw3ylqI1cdbIPTimEqEWneyd\">Cliquez ici<\/a>. Les fonds seront perdus si la r\u00e9servation est annul\u00e9e le jour m\u00eame du voyage.<\/p>\n\n\t\t<\/div>\n\t<\/div>\n<\/div><\/div><\/div><\/div><div class=\"vc_row wpb_row vc_row-fluid\" ><div class=\"wpb_column vc_column_container vc_col-sm-12\"><div class=\"vc_column-inner\"><div class=\"wpb_wrapper\">\n\t<div class=\"wpb_text_column wpb_content_element\" >\n\t\t<div class=\"wpb_wrapper\">\n\t\t\t<h4>Nous contacter?<\/h4>\n<h5><em><strong>Aventures de r\u00e9servation<\/strong><\/em><\/h5>\n<p><em><strong>des locaux<\/strong> et <strong>Nationaux<\/strong> Guides touristiques et services aux invit\u00e9s<\/em><\/p>\n<p><span class=\"text-turquoise\">R\u00e9servations:<\/span> Visites et excursions \u00e0 Dom. repr\u00e9sentant<\/p>\n\n\t\t<\/div>\n\t<\/div>\n<\/div><\/div><\/div><\/div><div class=\"vc_row wpb_row vc_row-fluid\" ><\/div><div class=\"wpb_column vc_column_container vc_col-sm-12\"><div class=\"vc_column-inner\"><div class=\"wpb_wrapper\"><\/div><\/div><\/div><div class=\"vc_empty_space\"   style=\"height: 32px\"><span class=\"vc_empty_space_inner\"><\/span><\/div><div class=\"vc_empty_space\"   style=\"height: 32px\"><span class=\"vc_empty_space_inner\"><\/span><\/div><div class=\"vc_row wpb_row vc_row-fluid\" ><div class=\"wpb_column vc_column_container vc_col-sm-12\"><div class=\"vc_column-inner\"><div class=\"wpb_wrapper\"><div class=\"vc_btn3-container vc_btn3-inline\" ><button class=\"vc_general vc_btn3 vc_btn3-size-md vc_btn3-shape-rounded vc_btn3-style-modern vc_btn3-color-green\">RESERVE MAINTENANT<\/button><\/div><\/div><\/div><\/div><\/div>","protected":false},"excerpt":{"rendered":"<p><span style=\"vertical-align: inherit;\"><span style=\"vertical-align: inherit;\"><span style=\"vertical-align: inherit;\"><span style=\"vertical-align: inherit;\">Le parachute ascensionnel \u00e0 Punta Cana est une aventure incroyable et une des meilleures cosas pour hacer \u00e0 Punta Cana. <\/span><\/span><\/span><span style=\"vertical-align: inherit;\"><span style=\"vertical-align: inherit;\"><span style=\"vertical-align: inherit;\">La costa desde 200 pies en el aire, mientras navega, es absolutamente impresionante.<\/span><\/span><\/span><\/span><\/p>\n<p><span style=\"vertical-align: inherit;\"><span style=\"vertical-align: inherit;\"><span style=\"vertical-align: inherit;\"><span style=\"vertical-align: inherit;\">Le parachute ascensionnel est une exp\u00e9rience sencilla et amusante pour tous les membres de la famille. <\/span><\/span><\/span><span style=\"vertical-align: inherit;\"><span style=\"vertical-align: inherit;\"><span style=\"vertical-align: inherit;\">Como la principale entreprise de parachute ascensionnel et d&#039;aventure en R\u00e9publique dominicaine, nuestro equipo de Parasailing se trouve entre les plus exp\u00e9riment\u00e9s \u00e0 Punta Cana, avec plus de 16 ans d&#039;exp\u00e9rience en vuelos. <\/span><\/span><\/span><span style=\"vertical-align: inherit;\"><span style=\"vertical-align: inherit;\"><span style=\"vertical-align: inherit;\">Puede disfrutar de unos 15 minutes de vuelo mientras disfruta de la hermosa vista panor\u00e1mica.<\/span><\/span><\/span><\/span><\/p>\n<p>&nbsp;<\/p>\n<p><em><strong><span style=\"vertical-align: inherit;\"><span style=\"vertical-align: inherit;\"><span style=\"vertical-align: inherit;\"><span style=\"vertical-align: inherit;\">Seleccione la fecha para el tour\u00a0<\/span><\/span><\/span><\/span><\/strong><\/em><\/p>","protected":false},"featured_media":11681,"template":"","meta":[],"product_cat":[253,948,468,473,349,294],"product_tag":[242,480,474,478,477,470,469,222,471,479,313,482,243,476,475,481],"class_list":["post-9639","product","type-product","status-publish","has-post-thumbnail","hentry","product_cat-tours-and-excursions","product_cat-1-punta-cana","product_cat-parasaling","product_cat-sharks-rays-in-natural-pools","product_cat-tours-and-excursion-punta-cana","product_cat-tours-excursions-punta-cana-dominican-republic","product_tag-catamaran","product_tag-cheap-punta-cana-excursions","product_tag-four-adventures-parasailing","product_tag-natural-pool-punta-cana","product_tag-natural-swimming-pool-punta-cana","product_tag-parasail-punta-cana","product_tag-parasailing-in-punta-cana","product_tag-punta-cana","product_tag-punta-cana-catamaran-party-with-snorkeling-and-parasailing","product_tag-punta-cana-sharks","product_tag-punta-cana-tours","product_tag-rays-from-punta-cana","product_tag-saona-island","product_tag-sharks-rays-in-natural-pools-from-punta-cana","product_tag-snorkeling-cruise","product_tag-swimming-with-sharks-punta-cana"],"_links":{"self":[{"href":"https:\/\/www.boattoursamana.com\/fr\/wp-json\/wp\/v2\/product\/9639","targetHints":{"allow":["GET"]}}],"collection":[{"href":"https:\/\/www.boattoursamana.com\/fr\/wp-json\/wp\/v2\/product"}],"about":[{"href":"https:\/\/www.boattoursamana.com\/fr\/wp-json\/wp\/v2\/types\/product"}],"wp:featuredmedia":[{"embeddable":true,"href":"https:\/\/www.boattoursamana.com\/fr\/wp-json\/wp\/v2\/media\/11681"}],"wp:attachment":[{"href":"https:\/\/www.boattoursamana.com\/fr\/wp-json\/wp\/v2\/media?parent=9639"}],"wp:term":[{"taxonomy":"product_cat","embeddable":true,"href":"https:\/\/www.boattoursamana.com\/fr\/wp-json\/wp\/v2\/product_cat?post=9639"},{"taxonomy":"product_tag","embeddable":true,"href":"https:\/\/www.boattoursamana.com\/fr\/wp-json\/wp\/v2\/product_tag?post=9639"}],"curies":[{"name":"wp","href":"https:\/\/api.w.org\/{rel}","templated":true}]}}