{"id":15774,"date":"2023-07-15T07:43:40","date_gmt":"2023-07-15T07:43:40","guid":{"rendered":"https:\/\/www.ticketswhales.com\/whale-watching-2023-in-punta-cana-cap-cana-to-samana-bay-cayo-levantado-bacardi-island-from-hotels\/"},"modified":"2023-07-15T07:43:40","modified_gmt":"2023-07-15T07:43:40","slug":"whale-watching-2023-in-punta-cana-cap-cana-to-samana-bay-cayo-levantado-bacardi-island-from-hotels","status":"publish","type":"page","link":"https:\/\/www.boattoursamana.com\/gl\/whale-watching-2023-in-punta-cana-cap-cana-to-samana-bay-cayo-levantado-bacardi-island-from-hotels","title":{"rendered":"Avistamento de baleas 2023 en Punta Cana \/ Cap Cana ata a ba\u00eda de Saman\u00e1 + Cayo Levantado (illa Bacardi) desde hoteis."},"content":{"rendered":"<p>Desde os hoteis de Punta Cana, gozaremos das fermosas paisaxes da Cordilleira Oriental mentres conducimos cara ao norte de Punta Cana antes de chegar \u00e1 pequena vila pesqueira de Miches, na beira sur da ba\u00eda de Saman\u00e1. Al\u00ed gozar\u00e1s dun almorzo r\u00e1pido antes de embarcar no barco a Saman\u00e1. Navegaremos profundamente na ba\u00eda para observar as baleas. Primeiro chegaremos a Cayo Levantado, tam\u00e9n co\u00f1ecida como illa Bacard\u00ed polo seu gran parecido coas praias que antes usaba Bacardi Rum para os seus famosos comerciais. Cayo Levantado \u00e9 nada menos que un oasis tropical: unha pequena illa no medio do oc\u00e9ano con augas turquesas e area branca.<br \/>\nn<br \/>\nnThis tour can or not include the stop at\u00a0<strong>Fervenza de Lim\u00f3n<\/strong>. Para reservar a mesma viaxe coas fervenzas por favor <a href=\"https:\/\/www.boattoursamana.com\/gl\/tours-excursions\/fees-entrace\/samana-whale-watching-cayo-levantado-bacardi-island-limon-waterfalls-de-punta-cana-hoteis\/\">PULSE AQU\u00cd.<\/a><br \/>\nn<br \/>\nn&nbsp;<br \/>\nn<br \/>\nn&nbsp;<br \/>\nn<br \/>\nn<em><strong>Seleccione a data para a excursi\u00f3n:<\/strong><\/em><\/p>\n<p>&nbsp;<\/p>\n<div class=\"vc_row wpb_row vc_row-fluid\" ><div class=\"wpb_column vc_column_container vc_col-sm-12\"><div class=\"vc_column-inner\"><div class=\"wpb_wrapper\"><div class=\"mkdf-section-title-holder\" style=\"text-align: left\">\n\t<div class=\"mkdf-st-inner\">\n\t\t\t\t\t<h5 class=\"mkdf-st-subtitle\" >\n\t\t\t\tRecollida nos hoteis e Cayo Levantado (illa Bacard\u00ed).\t\t\t<\/h5>\n\t\t\t\t\t\t\t<h3 class=\"mkdf-st-title\" >\n\t\t\t\tAvistamento de baleas 2023 en Punta Cana\/Cap Cana ata a ba\u00eda de Saman\u00e1\t\t\t<\/h3>\n\t\t\t\t\t<\/div>\n<\/div><\/div><\/div><\/div><\/div><div class=\"vc_row wpb_row vc_row-fluid\" ><div class=\"wpb_column vc_column_container vc_col-sm-12\"><div class=\"vc_column-inner\"><div class=\"wpb_wrapper\"><div class=\"vc_btn3-container vc_btn3-inline\" ><button class=\"vc_general vc_btn3 vc_btn3-size-md vc_btn3-shape-rounded vc_btn3-style-modern vc_btn3-color-green\">RESERVAR AGORA<\/button><\/div>\n\t<div class=\"wpb_text_column wpb_content_element\" >\n\t\t<div class=\"wpb_wrapper\">\n\t\t\t<p>\nn<\/p>\n<div class=\"vc_row wpb_row vc_row-fluid\">\nn<\/p>\n<div class=\"wpb_column vc_column_container vc_col-sm-12\">\nn<\/p>\n<div class=\"vc_column-inner\">\nn<\/p>\n<div class=\"wpb_wrapper\">\nn<\/p>\n<div class=\"wpb_text_column wpb_content_element\">\nn<\/p>\n<div class=\"wpb_wrapper\">\nn<\/p>\n<div class=\"vc_row wpb_row vc_row-fluid\">\nn<\/p>\n<div class=\"wpb_column vc_column_container vc_col-sm-12\">\nn<\/p>\n<div class=\"vc_column-inner\">\nn<\/p>\n<div class=\"wpb_wrapper\">\nn<\/p>\n<div class=\"wpb_text_column wpb_content_element\">\nn<\/p>\n<div class=\"wpb_wrapper\">\nn<\/p>\n<h4><b><i>Visi\u00f3n xeral<img decoding=\"async\" class=\"emoji\" draggable=\"false\" src=\"https:\/\/s.w.org\/images\/core\/emoji\/12.0.0-1\/svg\/1f433.svg\" alt=\" \" title=\"\"><\/i><\/b><\/h4>\n<p>nWhale Punta Cana, whale watching in Saman\u00e1 Bay and visit Cayo Levantado during this full-day excursion from Punta Cana hotels. Travel to Saman\u00e1 bay aboard a comfortable, air-conditioned coach, then transfer to a boat Catamaran\u00a0 at Miches. Cruise out into the open waters to look for the pods of humpback whales who visit to breed and have their calves in the area. Learn about the behavior and biology of these marine mammals from your expert naturalist guide. Continue to Cayo Levantado, or Bacardi Island, for lunch on the beach and a dip in the azure waters before returning to Punta Cana.<br \/>\nn<br \/>\nn&nbsp;<br \/>\nn<br \/>\nn<strong>Nota: <\/strong>Este percorrido pode inclu\u00edr ou non a parada en\u00a0<strong>Fervenza de Lim\u00f3n<\/strong>. Para reservar a mesma viaxe coas fervenzas, por favor <a href=\"https:\/\/www.boattoursamana.com\/gl\/tours-excursions\/fees-entrace\/samana-whale-watching-cayo-levantado-bacardi-island-limon-waterfalls-de-punta-cana-hoteis\/\">PULSE AQU\u00cd.<\/a><br \/>\nn<br \/>\nn&nbsp;<br \/>\nn<\/p>\n<ul>\nn \t<\/p>\n<li>Viaxe de observaci\u00f3n de baleas<\/li>\n<p>n \t<\/p>\n<li>Entradas ao Observatorio<\/li>\n<p>n \t<\/p>\n<li>Incl\u00fae xantar buffet na praia<\/li>\n<p>n \t<\/p>\n<li>Traslado en barco<\/li>\n<p>n \t<\/p>\n<li>Traslado desde os hoteis de Punta Cana<\/li>\n<p>n \t<\/p>\n<li>O capit\u00e1n proporciona instruci\u00f3n e supervisi\u00f3n<\/li>\n<p>n \t<\/p>\n<li>Gu\u00eda tur\u00edstico<\/li>\n<p>n<\/ul>\n<p>n&nbsp;<br \/>\nn<\/p>\n<h4><b>Inclusi\u00f3ns e exclusi\u00f3ns<\/b><\/h4>\n<p>n&nbsp;<br \/>\nn<br \/>\nn<b>Inclusi\u00f3ns<\/b><br \/>\nn<br \/>\nn&nbsp;<br \/>\nn<\/p>\n<ol>\nn \t<\/p>\n<li>Xantar buffet na praia<\/li>\n<p>n \t<\/p>\n<li>Gu\u00eda tur\u00edstico<\/li>\n<p>n \t<\/p>\n<li>Paseo en catamar\u00e1n ou en barco<\/li>\n<p>n \t<\/p>\n<li>Todos os impostos, taxas e gastos de xesti\u00f3n<\/li>\n<p>n \t<\/p>\n<li>Impostos locais<\/li>\n<p>n \t<\/p>\n<li>Bebidas<\/li>\n<p>n<\/ol>\n<p>n<b>Exclusi\u00f3ns<\/b><br \/>\nn<\/p>\n<ol>\nn \t<\/p>\n<li>Gratu\u00edtos<\/li>\n<p>n<\/ol>\n<p>n&nbsp;<br \/>\nn<\/p>\n<h4><em><strong>Sa\u00edda e volta<\/strong><\/em><\/h4>\n<p>nO servizo de recollida no hotel ofr\u00e9cese para este percorrido. En Notas s\u00f3 tes que escribir o nome do hotel para que te pasen a buscar. Recollemos en todos os hoteis de Punta Cana.<br \/>\nn<br \/>\nn&nbsp;<br \/>\nn<\/p>\n<h3>Avistamento de baleas 2023 en Punta Cana \/ Cap Cana ata a ba\u00eda de Saman\u00e1 + Cayo Levantado (illa Bacardi) desde hoteis.<\/h3>\n<p>n<\/p>\n<h4><b><i>Que esperar?<\/i><\/b><\/h4>\n<p>nAch\u00e9gate aos xeniais xigantes do mar da Rep\u00fablica Dominicana durante esta excursi\u00f3n de observaci\u00f3n de baleas jorobadas de 12 horas na ba\u00eda de S\u00e1mana. Pasa un d\u00eda inesquecible observando os miles de baleas que acuden \u00e1 illa cada ano para aparearse, alimentarse e xogar nas s\u00faas c\u00e1lidas augas tropicais. Mentres observes estas fermosas criaturas, gozar\u00e1s de informaci\u00f3n \u00fanica do teu gu\u00eda experto en avistamento de baleas. Remata o d\u00eda cun xantar inclu\u00eddo e unha hora de praia na fermosa illa de Cayo Levantado. Tam\u00e9n se incl\u00fae o transporte de ida e volta ao hotel.<br \/>\nn<br \/>\nnFrom 9:00 Am until 12:00-noon Whale watching observatory and After this Whale trip we will visit Bacardi Island \/ Cayo Levantado. In Bacardi Island, Lunch Buffet from typical Dominican Style will be provided (Rice, Beans, Fish, Salads\u2026). When lunch is finished you are allowed to swim until 4:30 pm. Tour will be finished at 5:00 pm at the same port from where it will start onboad our Catamaran and them bus back to Punta Cana Hotels.<br \/>\nn<br \/>\nnThis tour can or not include the stop at\u00a0<strong>Fervenza de Lim\u00f3n<\/strong>. Para reservar a mesma viaxe coas fervenzas, por favor <a href=\"https:\/\/www.boattoursamana.com\/gl\/tours-excursions\/fees-entrace\/samana-whale-watching-cayo-levantado-bacardi-island-limon-waterfalls-de-punta-cana-hoteis\/\">PULSE AQU\u00cd.<\/a><br \/>\nn<br \/>\nn<strong>Horario:<\/strong><br \/>\nn<br \/>\nn6:00 \u2013 7:00 Recollida dos clientes dos diferentes hoteis<br \/>\nn07:00 Sa\u00edda a Las Canitas en Sabana de la mar<br \/>\nn08:15 Chegada ao peirao privado<br \/>\n08:15 \u2013 8:40 Hora do almorzo (bocadillos, muffins, t\u00e9, caf\u00e9, zumes)<br \/>\n8:45 Embarque para comezar a nosa viaxe ao santuario das baleas jorobadas en Saman\u00e1<br \/>\n11:00 Busca as baleas durante un per\u00edodo de 45 minutos. Este \u00e9 o horario que seguen as regras do goberno.<br \/>\nn11:45 Dir\u00edxese a Cayo Levantado na ba\u00eda de Saman\u00e1<br \/>\nn12:30 Chegada a Cayo Levantado<br \/>\nn13:00 Hora de xantar (buffet de xantar, t\u00edpico dominicano)*<br \/>\nn13:45 \u2013 15:30 Tempo libre en Cayo Levantado<br \/>\n15:00 \u2013 15:45 A bordo de novo direcci\u00f3n de volta a Miches<br \/>\nn17:00 Chegada a Miches e sa\u00edda aos hoteis de Punta Cana<br \/>\nn19:30 \u2013 20:00 Chegada aos hoteis de Punta Cana<br \/>\nn<br \/>\nn<strong>*Men\u00fa xantar (t\u00edpico dominicano)<br \/>\nn<\/strong>Arroz, polo \u00e1 prancha ou peixe \u00e1 prancha, ensalada, verduras, froita fresca.<br \/>\nn<br \/>\nn<strong>*Os clientes que opten por engadir a parada na fervenza El Limon despois da observaci\u00f3n de baleas pasar\u00e1n ao anuncio da fervenza ter\u00e1n menos tempo para pasar en Cayo Levantado.<\/strong><br \/>\nn<br \/>\nnThis tour can or not include the stop at\u00a0<strong>Fervenza de Lim\u00f3n<\/strong>. Para reservar a mesma viaxe coas fervenzas, por favor <a href=\"https:\/\/www.boattoursamana.com\/gl\/tours-excursions\/fees-entrace\/samana-whale-watching-cayo-levantado-bacardi-island-limon-waterfalls-de-punta-cana-hoteis\/\">PULSE AQU\u00cd.<\/a><br \/>\nn<br \/>\nn&nbsp;<br \/>\nn<\/p>\n<h4><em><strong>Que debes traer?<\/strong><\/em><\/h4>\n<p>n<\/p>\n<ul>\nn \t<\/p>\n<li>C\u00e1mara<\/li>\n<p>n \t<\/p>\n<li>Brotes repelentes<\/li>\n<p>n \t<\/p>\n<li>crema solar<\/li>\n<p>n \t<\/p>\n<li>Sombreiro<\/li>\n<p>n \t<\/p>\n<li>Pantal\u00f3ns c\u00f3modos<\/li>\n<p>n \t<\/p>\n<li>Sandalias \u00e1 praia<\/li>\n<p>n \t<\/p>\n<li>Roupa de ba\u00f1o<\/li>\n<p>n \t<\/p>\n<li>Dinero en efectivo para souvenirs<\/li>\n<p>n<\/ul>\n<p>n&nbsp;<br \/>\nn<\/p>\n<h4><b><i>Recollida no hotel<\/i><\/b><\/h4>\n<p>nO servizo de recollida no hotel ofr\u00e9cese para este percorrido. En Notas s\u00f3 tes que escribir o nome do hotel para que te pasen a buscar. Recollemos en todos os hoteis de Punta Cana.<br \/>\nn<br \/>\nn&nbsp;<br \/>\nn<br \/>\nn<b>Nota:<\/b> se reservas dentro das 24 horas posteriores \u00e1 hora de sa\u00edda da excursi\u00f3n\/excursi\u00f3n, podemos organizar a recollida do hotel con cargos adicionais. Unha vez completada a compra, enviar\u00e9mosche a informaci\u00f3n de contacto completa (n\u00famero de tel\u00e9fono, enderezo de correo electr\u00f3nico, etc.) para que o noso gu\u00eda tur\u00edstico local organice a recollida.<br \/>\nn<\/p>\n<h4><b><i>Confirmaci\u00f3n de informaci\u00f3n adicional<\/i><\/b><\/h4>\n<p>n<\/p>\n<ol>\nn \t<\/p>\n<li>As entradas son o recibo despois de pagar este Tour. Podes mostrar o pago no teu tel\u00e9fono.<\/li>\n<p>n \t<\/p>\n<li>O punto de encontro recibirase despois do proceso de reserva.<\/li>\n<p>n \t<\/p>\n<li>Os nenos deben ir acompa\u00f1ados dun adulto.<\/li>\n<p>n \t<\/p>\n<li>accesible en cadeira de rodas<\/li>\n<p>n \t<\/p>\n<li>Os beb\u00e9s deben sentarse no colo<\/li>\n<p>n \t<\/p>\n<li>Poden participar a maior\u00eda dos viaxeiros<\/li>\n<p>n<\/ol>\n<p>n<\/p>\n<h5><b><i>Pol\u00edtica de cancelaci\u00f3n<\/i><\/b><\/h5>\n<p>Para obter un reembolso completo, lea as nosas pol\u00edticas de cancelaci\u00f3n\u00a0<a href=\"https:\/\/www.boattoursamana.com\/gl\/reserva-en-lina\/\" target=\"_blank\" rel=\"noopener\" data-saferedirecturl=\"https:\/\/www.google.com\/url?q=https:\/\/www.boattoursamana.com\/online-booking\/&amp;source=gmail&amp;ust=1672532492004000&amp;usg=AOvVaw3ylqI1cdbIPTimEqEWneyd\">Pulse AQU\u00cd<\/a>. Os fondos perderanse se a reserva se cancela o mesmo d\u00eda da viaxe.<br \/>\nn<br \/>\nn<\/div>\n<p>n\n<\/p><\/div>\n<p>n\n<\/p><\/div>\n<p>n\n<\/p><\/div>\n<p>n\n<\/p><\/div>\n<p>n\n<\/p><\/div>\n<p>n\n<\/p><\/div>\n<p>n\n<\/p><\/div>\n<p>n\n<\/p><\/div>\n<p>n\n<\/p><\/div>\n<p>n\n<\/p><\/div>\n<p>n\n<\/p><\/div>\n<p>n<\/p>\n<div class=\"vc_row wpb_row vc_row-fluid\">\nn<\/p>\n<div class=\"wpb_column vc_column_container vc_col-sm-12\">\nn<\/p>\n<div class=\"vc_column-inner\">\nn<\/p>\n<div class=\"wpb_wrapper\">\nn<\/p>\n<div class=\"vc_empty_space\"><\/div>\n<p>n<\/p>\n<div class=\"wpb_text_column wpb_content_element\">\nn<\/p>\n<div class=\"wpb_wrapper\">\nn<\/p>\n<h4>Contacta connosco?<\/h4>\n<p>n<\/p>\n<h5><b><i>TOUR BALEAS SAMANA<\/i><\/b><\/h5>\n<p>n<em><strong>Os locais<\/strong>\u00a0e\u00a0<strong>Nacionais<\/strong>\u00a0Gu\u00edas tur\u00edsticos e servizos para os h\u00f3spedes<\/em><br \/>\nn<br \/>\nn<span class=\"text-turquoise\">Reservas:<\/span>\u00a0Tours e excursi\u00f3ns en Dom. Rep.<br \/>\nn<br \/>\nn<img decoding=\"async\" class=\"emoji\" draggable=\"false\" src=\"https:\/\/s.w.org\/images\/core\/emoji\/11.2.0\/svg\/1f4de.svg\" alt=\" \" title=\"\">\u00a0Tel\/Whatsapp\u00a0\u00a0<a href=\"tel:+1-809-720-6035\">+1-809-720-6035<\/a>.<br \/>\nn<br \/>\nn<img decoding=\"async\" class=\"emoji\" draggable=\"false\" src=\"https:\/\/s.w.org\/images\/core\/emoji\/11.2.0\/svg\/1f4e9.svg\" alt=\" \" title=\"\">\u00a0<a href=\"mailto:info@bookingadventures.com.do\">info@bookingadventures.com.do<\/a><br \/>\nn<br \/>\nn<strong>Somos flexibles para configurar tours privados por Whatsapp:\u00a0<a href=\"tel:+18097206035\">+18097206035.<\/a><\/strong><br \/>\nn<br \/>\nn<\/div>\n<p>n\n<\/p><\/div>\n<p>n\n<\/p><\/div>\n<p>n\n<\/p><\/div>\n<p>n\n<\/p><\/div>\n<p>n\n<\/p><\/div>\n<p>n<\/p>\n\n\t\t<\/div>\n\t<\/div>\n<\/div><\/div><\/div><\/div><div class=\"vc_row wpb_row vc_row-fluid\" ><div class=\"wpb_column vc_column_container vc_col-sm-12\"><div class=\"vc_column-inner\"><div class=\"wpb_wrapper\"><div class=\"vc_btn3-container vc_btn3-inline\" ><button class=\"vc_general vc_btn3 vc_btn3-size-md vc_btn3-shape-rounded vc_btn3-style-modern vc_btn3-color-green\">RESERVAR AGORA<\/button><\/div><\/div><\/div><\/div><\/div>","protected":false},"excerpt":{"rendered":"<p>From the Punta Cana hotels, we&#8217;ll enjoy the beautiful landscapes of the Oriental Mountain Range as we drive north of Punta Cana before arriving in the small fishing village of Miches at the southern shores of Samana Bay. There you will enjoy a quick breakfast prior to boarding the boat to Samana. We&#8217;ll cruise deep into the bay to whale watch. We will first reach Cayo Levantado, also known as Bacardi Island because of its close resemblance to the beaches [&hellip;]<\/p>\n","protected":false},"author":2,"featured_media":0,"parent":0,"menu_order":0,"comment_status":"open","ping_status":"closed","template":"","meta":{"footnotes":""},"class_list":["post-15774","page","type-page","status-publish","hentry"],"_links":{"self":[{"href":"https:\/\/www.boattoursamana.com\/gl\/wp-json\/wp\/v2\/pages\/15774","targetHints":{"allow":["GET"]}}],"collection":[{"href":"https:\/\/www.boattoursamana.com\/gl\/wp-json\/wp\/v2\/pages"}],"about":[{"href":"https:\/\/www.boattoursamana.com\/gl\/wp-json\/wp\/v2\/types\/page"}],"author":[{"embeddable":true,"href":"https:\/\/www.boattoursamana.com\/gl\/wp-json\/wp\/v2\/users\/2"}],"replies":[{"embeddable":true,"href":"https:\/\/www.boattoursamana.com\/gl\/wp-json\/wp\/v2\/comments?post=15774"}],"version-history":[{"count":0,"href":"https:\/\/www.boattoursamana.com\/gl\/wp-json\/wp\/v2\/pages\/15774\/revisions"}],"wp:attachment":[{"href":"https:\/\/www.boattoursamana.com\/gl\/wp-json\/wp\/v2\/media?parent=15774"}],"curies":[{"name":"wp","href":"https:\/\/api.w.org\/{rel}","templated":true}]}}