{"id":15784,"date":"2023-07-15T07:43:40","date_gmt":"2023-07-15T07:43:40","guid":{"rendered":"https:\/\/www.ticketswhales.com\/punta-cana-buggy-tour-pick-up-from-punta-cana-hotels\/"},"modified":"2023-07-15T07:43:40","modified_gmt":"2023-07-15T07:43:40","slug":"punta-cana-buggy-tour-pick-up-from-punta-cana-hotels","status":"publish","type":"page","link":"https:\/\/www.boattoursamana.com\/gl\/recollida-en-buggy-de-punta-cana-nos-hoteis-de-punta-cana","title":{"rendered":"Excursi\u00f3n en buggy por Punta Cana: recollida dos hoteis de Punta Cana"},"content":{"rendered":"<p>Despois de pasarte a buscar no teu hotel, dirix\u00edmonos ao interior de Punta Cana. Rodeado de\u00a0<strong>plantaci\u00f3ns de caf\u00e9 e cacao<\/strong>, o teu\u00a0<strong>gu\u00edas locais<\/strong>\u00a0explicar\u00e1 o percorrido e todo o que necesitas saber para conducir o teu buggy.<br \/>\nn<br \/>\nnDespois xiraremos a chave no contacto e comezaremos a emoci\u00f3n, dando voltas\u00a0<strong>outeiros, a trav\u00e9s de plantaci\u00f3ns de caf\u00e9 e por cami\u00f1os de terra e leitos dos r\u00edos<\/strong>.<br \/>\nn<br \/>\nn&nbsp;<br \/>\nn<br \/>\nn<em><strong>Seleccione a data para a xira\u00a0<\/strong><\/em><\/p>\n<p>&nbsp;<\/p>\n<div class=\"vc_row wpb_row vc_row-fluid\" ><div class=\"wpb_column vc_column_container vc_col-sm-12\"><div class=\"vc_column-inner\"><div class=\"wpb_wrapper\"><div class=\"mkdf-section-title-holder\" style=\"text-align: left\">\n\t<div class=\"mkdf-st-inner\">\n\t\t\t\t\t<h5 class=\"mkdf-st-subtitle\" >\n\t\t\t\tDesde Hoteis Punta Cana\t\t\t<\/h5>\n\t\t\t\t\t\t\t<h3 class=\"mkdf-st-title\" >\n\t\t\t\tPunta Cana Buggies - Buggy\t\t\t<\/h3>\n\t\t\t\t\t\t\t<p class=\"mkdf-st-text\" >\n\t\t\t\tNota: este percorrido comeza \u00e1s 7:00 am. Dependendo de onde estea o horario de recollida dos hoteis, pode cambiar. Custo extra para a recollida en \u00e1reas que non figuran na nosa descrici\u00f3n.\t\t\t<\/p>\n\t\t\t<\/div>\n<\/div><\/div><\/div><\/div><\/div><div class=\"vc_row wpb_row vc_row-fluid\" ><div class=\"wpb_column vc_column_container vc_col-sm-12\"><div class=\"vc_column-inner\"><div class=\"wpb_wrapper\"><div class=\"vc_empty_space\"   style=\"height: 32px\"><span class=\"vc_empty_space_inner\"><\/span><\/div><\/div><\/div><\/div><\/div><div class=\"vc_row wpb_row vc_row-fluid\" ><div class=\"wpb_column vc_column_container vc_col-sm-12\"><div class=\"vc_column-inner\"><div class=\"wpb_wrapper\">\n\t<div class=\"wpb_text_column wpb_content_element\" >\n\t\t<div class=\"wpb_wrapper\">\n\t\t\t<p>\nn<\/p>\n<h4><b><i>Visi\u00f3n xeral <\/i><\/b><\/h4>\n<p>n<\/p>\n<div>\nn<br \/>\nnTour as paisaxes paradis\u00edacas de Punta Cana, a bordo do teu propio buggy! Vai <strong>descubra a vila de Macao e as s\u00faas id\u00edlicas praias<\/strong>, as\u00ed como darse un chapuz\u00f3n nun cenote ind\u00edxena.<br \/>\nn<br \/>\nn<\/div>\n<p>n<\/p>\n<ul class=\"vcs-highlights\">\nn \t<\/p>\n<li>Elecci\u00f3n de varias sa\u00eddas ao longo do d\u00eda<\/li>\n<p>n \t<\/p>\n<li>Goza de vistas fant\u00e1sticas<\/li>\n<p>n \t<\/p>\n<li>Familiar<\/li>\n<p>n \t<\/p>\n<li>Recollida nun punto de encontro c\u00e9ntrico<\/li>\n<p>n \t<\/p>\n<li>Experiencia rom\u00e1ntica, perfecta para parellas<\/li>\n<p>n<\/ul>\n<p>n&nbsp;<br \/>\nn<\/p>\n<h4><b>Inclusi\u00f3ns e exclusi\u00f3ns<\/b><\/h4>\n<p>n&nbsp;<br \/>\nn<br \/>\nn<b>Inclusi\u00f3ns<\/b><br \/>\nn<br \/>\nn&nbsp;<br \/>\nn<\/p>\n<ol>\nn \t<\/p>\n<li>Paseo en buggies<\/li>\n<p>n \t<\/p>\n<li>Recolle o autob\u00fas do teu hotel<\/li>\n<p>n \t<\/p>\n<li style=\"font-weight: 400;\"><span style=\"font-weight: 400;\">Todos os impostos, taxas e gastos de xesti\u00f3n<\/span><\/li>\n<p>n \t<\/p>\n<li style=\"font-weight: 400;\"><span style=\"font-weight: 400;\">Impostos locais<\/span><\/li>\n<p>n \t<\/p>\n<li style=\"font-weight: 400;\"><span style=\"font-weight: 400;\">Bebidas<\/span><\/li>\n<p>n<\/ol>\n<p>n<b> Exclusi\u00f3ns<\/b><br \/>\nn<\/p>\n<ol>\nn \t<\/p>\n<li style=\"font-weight: 400;\"><span style=\"font-weight: 400;\">Gratu\u00edtos<\/span><\/li>\n<p>n \t<\/p>\n<li>Xantar<\/li>\n<p>n<\/ol>\n<p>n&nbsp;<br \/>\nn<\/p>\n<h4><em><strong>Sa\u00edda e volta<\/strong><\/em><\/h4>\n<p>n<span style=\"font-weight: 400;\">O viaxeiro ter\u00e1 un punto de encontro despois do proceso de reserva. As visitas comezan e rematan nos nosos puntos de encontro.<\/span><br \/>\nn<br \/>\nn&nbsp;<br \/>\nn<\/p>\n<h4><b><i>Que esperar?<\/i><\/b><\/h4>\n<p>nDespois de buscarte no teu hotel, dirix\u00edmonos ao interior de Punta Cana. Rodeado de <strong>plantaci\u00f3ns de caf\u00e9 e cacao<\/strong>, o teu\u00a0<strong>gu\u00edas locais<\/strong>\u00a0explicar\u00e1 o percorrido e todo o que necesitas saber para conducir o teu buggy.<br \/>\nn<br \/>\nnDespois xiraremos a chave no contacto e comezaremos a emoci\u00f3n, dando voltas\u00a0<strong>outeiros, a trav\u00e9s de plantaci\u00f3ns de caf\u00e9 e por cami\u00f1os de terra e leitos dos r\u00edos<\/strong>.<br \/>\nn<br \/>\nnA nosa primeira parada ser\u00e1 na praia de Macau. Lonxe dos grandes hoteis e zonas tur\u00edsticas, isto\u00a0<strong>para\u00edso natural<\/strong>\u00a0e a s\u00faa auga cristalina \u00e9 o lugar perfecto para un mergullo, e aqu\u00ed ter\u00e1s tempo libre\u00a0<strong>nadar no impresionante mar Caribe<\/strong>.<br \/>\nn<br \/>\nDespois subiremos de novo a bordo do noso buggy, cami\u00f1o das chamadas &#039;Indigenous Springs&#039;, descubrindo unha das m\u00e1is id\u00edlicas.<strong>\u00a0cenotes<\/strong>\u00a0en Punta Cana. Aqu\u00ed ter\u00e1s media hora libre para explorar esta piscina subterr\u00e1nea, nadando nas s\u00faas augas turquesas.<br \/>\nn<br \/>\nnPor \u00faltimo, deixaremos atr\u00e1s os buggies e acompa\u00f1ar\u00e9moste de volta ao teu aloxamento, po\u00f1endo fin a un d\u00eda inesquecible.<br \/>\nn<br \/>\nn<strong>Horario:<\/strong><br \/>\nn<br \/>\nn7:00 AM \u2013 7:00 PM\u2026 Cambio de hora dependendo de onde te atopes en Punta Cana.<br \/>\nn<\/p>\n<h4>Solo ou compartindo?<\/h4>\n<p>nAo facer a t\u00faa reserva podes escoller se prefires conducir un buggy para ti ou compartir un veh\u00edculo con outros tres. O prezo indicado \u00e9 por persoa.<br \/>\nn<br \/>\nn&nbsp;<br \/>\nn<\/p>\n<h4><em><strong>Que debes traer?<\/strong><\/em><\/h4>\n<p>n<\/p>\n<ul>\nn \t<\/p>\n<li style=\"font-weight: 400;\"><span style=\"font-weight: 400;\">C\u00e1mara<\/span><\/li>\n<p>n \t<\/p>\n<li style=\"font-weight: 400;\"><span style=\"font-weight: 400;\">Brotes repelentes<\/span><\/li>\n<p>n \t<\/p>\n<li style=\"font-weight: 400;\"><span style=\"font-weight: 400;\">crema solar<\/span><\/li>\n<p>n \t<\/p>\n<li style=\"font-weight: 400;\"><span style=\"font-weight: 400;\">Sombreiro<\/span><\/li>\n<p>n \t<\/p>\n<li style=\"font-weight: 400;\"><span style=\"font-weight: 400;\">Pantal\u00f3ns c\u00f3modos<\/span><\/li>\n<p>n \t<\/p>\n<li style=\"font-weight: 400;\"><span style=\"font-weight: 400;\">Zapatos de sendeirismo para bosque<\/span><\/li>\n<p>n \t<\/p>\n<li style=\"font-weight: 400;\"><span style=\"font-weight: 400;\">Sandalias \u00e1 praia<\/span><\/li>\n<p>n \t<\/p>\n<li style=\"font-weight: 400;\"><span style=\"font-weight: 400;\">Roupa de ba\u00f1o<\/span><\/li>\n<p>n \t<\/p>\n<li>Dinero en efectivo para souvenirs<\/li>\n<p>n<\/ul>\n<p>n&nbsp;<br \/>\nn<\/p>\n<h4><b><i>Recollida no hotel <\/i><\/b><\/h4>\n<p>n<span style=\"font-weight: 400;\">Ofr\u00e9cese a recollida de viaxeiros!<\/span><br \/>\nn<br \/>\nn<span style=\"font-weight: 400;\">Recollemos en todos os hoteis de Punta Cana. O lugar de recollida \u00e9 o vest\u00edbulo do hotel<br \/>\nSe est\u00e1s aloxado nun condominio da zona, pasaremos a buscarte no condominio ou na entrada do resort m\u00e1is pr\u00f3ximo.. Fixamos Pick up contactando connosco por Whatsapp.<\/span><br \/>\nn<br \/>\nn<b>Nota:<\/b><span style=\"font-weight: 400;\"> se reservas dentro das 24 horas posteriores \u00e1 hora de sa\u00edda da excursi\u00f3n\/excursi\u00f3n, podemos organizar a recollida do hotel con cargos adicionais. Unha vez completada a compra, enviar\u00e9mosche a informaci\u00f3n de contacto completa (n\u00famero de tel\u00e9fono, enderezo de correo electr\u00f3nico, etc.) para que o noso gu\u00eda tur\u00edstico local organice a recollida.<\/span><br \/>\nn<\/p>\n<h4><b><i>Confirmaci\u00f3n de informaci\u00f3n adicional <\/i><\/b><\/h4>\n<p>n<\/p>\n<ol>\nn \t<\/p>\n<li>As entradas son o recibo despois de pagar este Tour. Podes mostrar o pago no teu tel\u00e9fono.<\/li>\n<p>n \t<\/p>\n<li style=\"font-weight: 400;\"><span style=\"font-weight: 400;\">O punto de encontro recibirase despois do proceso de reserva.<\/span><\/li>\n<p>n \t<\/p>\n<li style=\"font-weight: 400;\"><strong>Nenos entre 5 e 11 anos<\/strong>\u00a0s\u00f3 poder\u00e1n participar se circulan nun buggy de 2 ou 4 persoas, acompa\u00f1ados dun adulto, xa que non poden conducir os buggies.<\/li>\n<p>n \t<\/p>\n<li style=\"font-weight: 400;\"><span style=\"font-weight: 400;\">accesible en cadeira de rodas <\/span><\/li>\n<p>n \t<\/p>\n<li style=\"font-weight: 400;\"><span style=\"font-weight: 400;\">Os beb\u00e9s deben sentarse no colo <\/span><\/li>\n<p>n \t<\/p>\n<li style=\"font-weight: 400;\"><span style=\"font-weight: 400;\">Poden participar a maior\u00eda dos viaxeiros<\/span><\/li>\n<p>n \t<\/p>\n<li><strong>Mulleres embarazadas<\/strong>\u00a0non poder\u00e1 participar nesta actividade.<\/li>\n<p>n<\/ol>\n<p>n<\/p>\n<h4><b><i>Pol\u00edtica de cancelaci\u00f3n<\/i><\/b><\/h4>\n<p>n<span style=\"font-weight: 400;\">Para obter un reembolso completo, lea as nosas pol\u00edticas de cancelaci\u00f3n\u00a0<a href=\"https:\/\/www.boattoursamana.com\/gl\/reserva-en-lina\/\" target=\"_blank\" rel=\"noopener\" data-saferedirecturl=\"https:\/\/www.google.com\/url?q=https:\/\/www.boattoursamana.com\/online-booking\/&amp;source=gmail&amp;ust=1672449202351000&amp;usg=AOvVaw1yAeVAPktmaVCqDujgUn90\">Pulse AQU\u00cd<\/a>. Os fondos perderanse se a reserva se cancela o mesmo d\u00eda da viaxe.<\/span><\/p>\n\n\t\t<\/div>\n\t<\/div>\n<\/div><\/div><\/div><\/div><div class=\"vc_row wpb_row vc_row-fluid\" ><div class=\"wpb_column vc_column_container vc_col-sm-12\"><div class=\"vc_column-inner\"><div class=\"wpb_wrapper\">\n\t<div class=\"wpb_text_column wpb_content_element\" >\n\t\t<div class=\"wpb_wrapper\">\n\t\t\t<p>\nn<\/p>\n<h4>Contacta connosco?<\/h4>\n<p>n<\/p>\n<h5><em><strong>Reserva aventuras<\/strong><\/em><\/h5>\n<p>n<em><strong>Os locais<\/strong> e <strong>Nacionais<\/strong> Gu\u00edas tur\u00edsticos e servizos para os h\u00f3spedes<\/em><br \/>\nn<br \/>\nn<span class=\"text-turquoise\">Reservas:<\/span> Tours e excursi\u00f3ns en Dom. Rep.<\/p>\n\n\t\t<\/div>\n\t<\/div>\n<\/div><\/div><\/div><\/div><div class=\"vc_row wpb_row vc_row-fluid\" ><div class=\"wpb_column vc_column_container vc_col-sm-12\"><div class=\"vc_column-inner\"><div class=\"wpb_wrapper\"><div class=\"vc_empty_space\"   style=\"height: 32px\"><span class=\"vc_empty_space_inner\"><\/span><\/div>\n\t<div class=\"wpb_text_column wpb_content_element\" >\n\t\t<div class=\"wpb_wrapper\">\n\t\t\t<p>\nn<\/p>\n<h4>Contacta connosco?<\/h4>\n<p>n<\/p>\n<h5>Reserva aventuras<\/h5>\n<p>n<em><strong>Os locais<\/strong>\u00a0e\u00a0<strong>Nacionais<\/strong>\u00a0Gu\u00edas tur\u00edsticos e servizos para os h\u00f3spedes<\/em><br \/>\nn<br \/>\nn<span class=\"text-turquoise\">Reservas:<\/span>\u00a0Tours e excursi\u00f3ns en Dom. Rep.<br \/>\nn<br \/>\nn<img decoding=\"async\" class=\"emoji\" draggable=\"false\" src=\"https:\/\/s.w.org\/images\/core\/emoji\/11.2.0\/svg\/1f4de.svg\" alt=\" \" title=\"\">\u00a0Tel\/Whatsapp\u00a0\u00a0<a href=\"tel:+1-809-720-6035\">+1-809-720-6035<\/a>.<br \/>\nn<br \/>\nn<img decoding=\"async\" class=\"emoji\" draggable=\"false\" src=\"https:\/\/s.w.org\/images\/core\/emoji\/11.2.0\/svg\/1f4e9.svg\" alt=\" \" title=\"\">\u00a0<a href=\"mailto:info@bookingadventures.com.do\">info@bookingadventures.com.do<\/a><br \/>\nn<br \/>\nn<strong>Somos flexibles para configurar tours privados por Whatsapp:\u00a0<a href=\"tel:+18097206035\">+18097206035.<\/a><\/strong><\/p>\n\n\t\t<\/div>\n\t<\/div>\n<div class=\"vc_empty_space\"   style=\"height: 32px\"><span class=\"vc_empty_space_inner\"><\/span><\/div><\/div><\/div><\/div><\/div>","protected":false},"excerpt":{"rendered":"<p>Having picked you up from your hotel we&#8217;ll make our way to the Punta Cana interior. Surrounded by\u00a0coffee and cocoa plantations, your\u00a0local guides\u00a0will explain the tour and everything you need to know to drive your buggy. n nThen we&#8217;ll turn the key in the ignition, and begin the excitement, zipping over\u00a0hills,\u00a0through coffee plantations and\u00a0along dirt trails\u00a0and riverbeds. n n&nbsp; n nPlease Select date for The Tour\u00a0 &nbsp;<\/p>","protected":false},"author":2,"featured_media":0,"parent":0,"menu_order":0,"comment_status":"open","ping_status":"closed","template":"","meta":{"footnotes":""},"class_list":["post-15784","page","type-page","status-publish","hentry"],"_links":{"self":[{"href":"https:\/\/www.boattoursamana.com\/gl\/wp-json\/wp\/v2\/pages\/15784","targetHints":{"allow":["GET"]}}],"collection":[{"href":"https:\/\/www.boattoursamana.com\/gl\/wp-json\/wp\/v2\/pages"}],"about":[{"href":"https:\/\/www.boattoursamana.com\/gl\/wp-json\/wp\/v2\/types\/page"}],"author":[{"embeddable":true,"href":"https:\/\/www.boattoursamana.com\/gl\/wp-json\/wp\/v2\/users\/2"}],"replies":[{"embeddable":true,"href":"https:\/\/www.boattoursamana.com\/gl\/wp-json\/wp\/v2\/comments?post=15784"}],"version-history":[{"count":0,"href":"https:\/\/www.boattoursamana.com\/gl\/wp-json\/wp\/v2\/pages\/15784\/revisions"}],"wp:attachment":[{"href":"https:\/\/www.boattoursamana.com\/gl\/wp-json\/wp\/v2\/media?parent=15784"}],"curies":[{"name":"wp","href":"https:\/\/api.w.org\/{rel}","templated":true}]}}