{"id":15787,"date":"2023-07-15T07:43:40","date_gmt":"2023-07-15T07:43:40","guid":{"rendered":"https:\/\/www.ticketswhales.com\/saona-island-private-tour-from-juan-dolio-hotels-juan-dolio-lobby\/"},"modified":"2023-07-15T07:43:40","modified_gmt":"2023-07-15T07:43:40","slug":"saona-island-private-tour-from-juan-dolio-hotels-juan-dolio-lobby","status":"publish","type":"page","link":"https:\/\/www.boattoursamana.com\/gl\/excursion-privada-a-illa-saona-desde-juan-dolio-hotels-juan-dolio-lobby","title":{"rendered":"Excursi\u00f3n privada \u00e1 illa Saona desde Juan Dolio Hotels - Juan Dolio Lobby"},"content":{"rendered":"<p><span style=\"vertical-align: inherit;\"><span style=\"vertical-align: inherit;\">Paseo dun d\u00eda \u00e1 illa Saona desde o porto de Bayahibe. <\/span><span style=\"vertical-align: inherit;\">Almuerzo e piscinas naturais inclu\u00eddas. <\/span><span style=\"vertical-align: inherit;\">En caso de necesidade traslado desde calquera parte de Rep\u00fablica Dominicana. <\/span><span style=\"vertical-align: inherit;\">Simplemente cont\u00e1ctenos e temos a mellor experiencia en Isla Saona.<\/span><\/span><br \/>\nn<br \/>\nn&nbsp;<br \/>\nn<br \/>\nn<em><strong><span style=\"vertical-align: inherit;\"><span style=\"vertical-align: inherit;\">Seleccione a data para o tour\u00a0<\/span><\/span><\/strong><\/em><\/p>\n<p>&nbsp;<\/p>\n<div class=\"vc_row wpb_row vc_row-fluid\" ><div class=\"wpb_column vc_column_container vc_col-sm-12\"><div class=\"vc_column-inner\"><div class=\"wpb_wrapper\"><div class=\"vc_btn3-container vc_btn3-inline\" ><button class=\"vc_general vc_btn3 vc_btn3-size-md vc_btn3-shape-rounded vc_btn3-style-modern vc_btn3-color-green\">RESERVAR AGORA<\/button><\/div>\n\t<div class=\"wpb_text_column wpb_content_element\" >\n\t\t<div class=\"wpb_wrapper\">\n\t\t\t<p>\nn<\/p>\n<h2><b><i>Viaxe privada \u00e1 illa de Saona\u00a0<\/i><\/b><\/h2>\n<p>n<\/p>\n<h4><b><i>Visi\u00f3n xeral<\/i><\/b><\/h4>\n<p>n<\/p>\n<div>A sa\u00edda en Barcos \u00e9 desde o peirao principal de <strong>Bayah\u00edbe<\/strong> \u00e1s 9:00 horas e regreso \u00e1s 17:00 horas. Se\u00a0<b>(Est\u00e1s engadindo unha transferencia privada desde outras sa\u00eddas a esta viaxe pode cambiar o tempo)<\/b> <span style=\"font-size: 16px;\">Esta viaxe l\u00e9vache \u00e1s mellores praias de <strong>Illa de Saona<\/strong> (Isla Saona) partindo da cidade de Bayahibe, o teu xantar \u00e9 na illa e parar\u00e1s nas piscinas naturais do<strong> Parque Nacional Cotubanama<\/strong>. Desfrutando da fermosa costa sueste de Rep\u00fablica Dominicana, onde despois de tomar o barco navegar\u00e1s pola costa observando as diferentes praias, paisaxes, mangleiros e formaci\u00f3ns calc\u00e1reas deste singular lugar.\u00a0<\/span><\/div>\n<p>n<\/p>\n<div>\nn<br \/>\nn<span style=\"font-weight: 400;\">Chegar \u00e1 illa leva uns 45 minutos e durante o percorrido ter\u00e1s a posibilidade de ver <strong>Man Juan<\/strong>, que \u00e9 a \u00fanica comunidade establecida na illa, neste mesmo lugar tedes a posibilidade de xantar, no caso de non chegar a Man Juan, Ir\u00e1s visitando diferentes praias da zona e o xantar ser\u00e1 na praia, tam\u00e9n ter\u00e1s a oportunidade de facer snorkel na illa.<\/span><br \/>\nn<br \/>\nn<span style=\"font-weight: 400;\">Cando remates a t\u00faa viaxe polos diferentes lugares da illa, volver\u00e1s ao lugar onde te atopas co gu\u00eda tur\u00edstico.<\/span><br \/>\nn<\/p>\n<ul>\nn \t<\/p>\n<li style=\"font-weight: 400;\"><span style=\"font-weight: 400;\">Incl\u00fae xantar buffet na praia.<\/span><\/li>\n<p>n \t<\/p>\n<li style=\"font-weight: 400;\"><span style=\"font-weight: 400;\">Piscina natural<\/span><\/li>\n<p>n \t<\/p>\n<li style=\"font-weight: 400;\"><span style=\"font-weight: 400;\">Traslado en barco ou catamar\u00e1n<\/span><\/li>\n<p>n \t<\/p>\n<li style=\"font-weight: 400;\"><span style=\"font-weight: 400;\">O capit\u00e1n proporciona instruci\u00f3ns e supervisi\u00f3n<\/span><\/li>\n<p>n<\/ul>\n<p>n\n<\/p><\/div>\n<p>n&nbsp;<br \/>\nn<\/p>\n<h2><b>Inclusi\u00f3ns e exclusi\u00f3ns<\/b><\/h2>\n<p>n<b>Inclusi\u00f3ns<\/b><br \/>\nn<\/p>\n<ol>\nn \t<\/p>\n<li>Viaxe en lancha r\u00e1pida ou catamar\u00e1n (todo depende do tama\u00f1o do grupo)<\/li>\n<p>n \t<\/p>\n<li style=\"font-weight: 400;\"><span style=\"font-weight: 400;\">Xantar buffet na praia<\/span><\/li>\n<p>n \t<\/p>\n<li>Piscina natural<\/li>\n<p>n \t<\/p>\n<li style=\"font-weight: 400;\"><span style=\"font-weight: 400;\">Todos os impostos, taxas e gastos de xesti\u00f3n<\/span><\/li>\n<p>n \t<\/p>\n<li style=\"font-weight: 400;\"><span style=\"font-weight: 400;\">Impostos locais<\/span><\/li>\n<p>n \t<\/p>\n<li style=\"font-weight: 400;\"><span style=\"font-weight: 400;\">Bebidas<\/span><\/li>\n<p>n<\/ol>\n<p>n<b> Exclusi\u00f3ns<\/b><br \/>\nn<\/p>\n<ol>\nn \t<\/p>\n<li style=\"font-weight: 400;\"><span style=\"font-weight: 400;\">Gratu\u00edtos<\/span><\/li>\n<p>n \t<\/p>\n<li>Gu\u00eda local<\/li>\n<p>n<\/ol>\n<p>n&nbsp;<br \/>\nn<\/p>\n<h4><em><strong>Sa\u00edda e volta<\/strong><\/em><\/h4>\n<p>n<span style=\"font-weight: 400;\">Temos un horario dese\u00f1ado para recollerte e deixarte en funci\u00f3n da zona na que te atopes. <\/span><span style=\"font-weight: 400;\">O viaxeiro ter\u00e1 un punto de encontro despois do proceso de reserva. As visitas comezan e rematan nos nosos puntos de encontro.<\/span><br \/>\nn<br \/>\nn&nbsp;<br \/>\nn<\/p>\n<h4><b><i>Que esperar?<\/i><\/b><\/h4>\n<p>n&nbsp;<br \/>\nn<br \/>\nn<em><strong>Consigue as t\u00faas entradas<\/strong><\/em> un pase dun d\u00eda na illa de Saona (Isla Saona) en Bayah\u00edbe ademais dun marabilloso xantar e unha hora de praia.<br \/>\nn<br \/>\nn<span style=\"font-weight: 400;\">A Excursi\u00f3n dun d\u00eda, organizada por \u201cBooking Adventures\u201d, comeza no punto de encontro fixado co Gu\u00eda Tur\u00edstico. <\/span>Xanta na praia e podes quedar o tempo que queiras nadando. Se es vegano, tam\u00e9n podemos prepararte algo de comida.<br \/>\nn<br \/>\nnEsta viaxe en barco comeza en Bayahibe pero ofrecemos traslado privado por custo adicional, dependendo de onde estea o grupo.<br \/>\nn<br \/>\nn<strong>Horario:<\/strong><br \/>\nn<br \/>\nn7:45 AM \u2013 6:00 PM<br \/>\nn<br \/>\nn&nbsp;<br \/>\nn<\/p>\n<h4><em><strong>Que debes traer?<\/strong><\/em><\/h4>\n<p>n<\/p>\n<ul>\nn \t<\/p>\n<li style=\"font-weight: 400;\"><span style=\"font-weight: 400;\">C\u00e1mara<\/span><\/li>\n<p>n \t<\/p>\n<li style=\"font-weight: 400;\"><span style=\"font-weight: 400;\">Brotes repelentes<\/span><\/li>\n<p>n \t<\/p>\n<li style=\"font-weight: 400;\"><span style=\"font-weight: 400;\">crema solar<\/span><\/li>\n<p>n \t<\/p>\n<li style=\"font-weight: 400;\"><span style=\"font-weight: 400;\">Sombreiro<\/span><\/li>\n<p>n \t<\/p>\n<li style=\"font-weight: 400;\"><span style=\"font-weight: 400;\">Pantal\u00f3ns c\u00f3modos<\/span><\/li>\n<p>n \t<\/p>\n<li style=\"font-weight: 400;\"><span style=\"font-weight: 400;\">Zapatos de sendeirismo para bosque<\/span><\/li>\n<p>n \t<\/p>\n<li style=\"font-weight: 400;\"><span style=\"font-weight: 400;\">Sandalias \u00e1 praia<\/span><\/li>\n<p>n \t<\/p>\n<li style=\"font-weight: 400;\"><span style=\"font-weight: 400;\">Roupa de ba\u00f1o<\/span><\/li>\n<p>n \t<\/p>\n<li>Dinero en efectivo para souvenirs<\/li>\n<p>n<\/ul>\n<p>n&nbsp;<br \/>\nn<\/p>\n<h2><b><i>Recollida no hotel para a excursi\u00f3n dun d\u00eda \u00e1 illa de Saona<\/i><\/b><\/h2>\n<p>n<span style=\"font-weight: 400;\">Este \u00e9 o programa que establecemos en funci\u00f3n das t\u00faas localizaci\u00f3ns. Ind\u00edcanos o teu hotel espec\u00edfico e po\u00f1er\u00e9monos en contacto contigo para indicarche onde nos atoparemos. Estas opci\u00f3ns de transferencia aplican un custo adicional. Esta viaxe comeza en Bayah\u00edbe.<\/span><br \/>\nn<\/p>\n<table style=\"height: 487px;\" width=\"420\">\nn<\/p>\n<tbody>\nn<\/p>\n<tr>\nn<\/p>\n<td><b>Lugar<\/b><\/td>\n<p>n<\/p>\n<td><b>Tempo<\/b><\/td>\n<p>n<\/tr>\n<p>n<\/p>\n<tr>\nn<\/p>\n<td><b>Punta Cana<\/b><\/td>\n<p>n<\/p>\n<td><b>7:45 da ma\u00f1\u00e1<\/b><\/td>\n<p>n<\/tr>\n<p>n<\/p>\n<tr>\nn<\/p>\n<td><b>B\u00e1varo<\/b><\/td>\n<p>n<\/p>\n<td><b>7:30 h<\/b><\/td>\n<p>n<\/tr>\n<p>n<\/p>\n<tr>\nn<\/p>\n<td><b>Uvero Altos<\/b><\/td>\n<p>n<\/p>\n<td><b>7:00 h<\/b><\/td>\n<p>n<\/tr>\n<p>n<\/p>\n<tr>\nn<\/p>\n<td><b>Club Med<\/b><\/td>\n<p>n<\/p>\n<td><b>7:00 h<\/b><\/td>\n<p>n<\/tr>\n<p>n<\/p>\n<tr>\nn<\/p>\n<td><b>Boca Chica<\/b><\/td>\n<p>n<\/p>\n<td><b>7:00 h<\/b><\/td>\n<p>n<\/tr>\n<p>n<\/p>\n<tr>\nn<\/p>\n<td><b>Santo Domingo<\/b><\/td>\n<p>n<\/p>\n<td><b>6:40 h<\/b><\/td>\n<p>n<\/tr>\n<p>n<\/p>\n<tr>\nn<\/p>\n<td><b>Juan Doli\u00f3<\/b><\/td>\n<p>n<\/p>\n<td><b>7:00 h<\/b><\/td>\n<p>n<\/tr>\n<p>n<\/tbody>\n<p>n<\/table>\n<p>n&nbsp;<br \/>\nn<br \/>\nn<b>Nota:<\/b><span style=\"font-weight: 400;\"> se reservas dentro das 24 horas posteriores \u00e1 hora de sa\u00edda da excursi\u00f3n\/excursi\u00f3n, podemos organizar a recollida do hotel con cargos adicionais. Unha vez completada a compra, enviar\u00e9mosche a informaci\u00f3n de contacto completa (n\u00famero de tel\u00e9fono, enderezo de correo electr\u00f3nico, etc.) para que o noso gu\u00eda tur\u00edstico local organice a recollida.<\/span><br \/>\nn<\/p>\n<h4><b><i>Confirmaci\u00f3n de informaci\u00f3n adicional <\/i><\/b><\/h4>\n<p>n<\/p>\n<ol>\nn \t<\/p>\n<li>As entradas son o recibo despois de pagar este Tour. Podes mostrar o pago no teu tel\u00e9fono.<\/li>\n<p>n \t<\/p>\n<li style=\"font-weight: 400;\"><span style=\"font-weight: 400;\">O punto de encontro recibirase despois do proceso de reserva.<\/span><\/li>\n<p>n \t<\/p>\n<li style=\"font-weight: 400;\"><span style=\"font-weight: 400;\">Os nenos deben ir acompa\u00f1ados dun adulto.<\/span><\/li>\n<p>n \t<\/p>\n<li style=\"font-weight: 400;\"><span style=\"font-weight: 400;\">accesible en cadeira de rodas <\/span><\/li>\n<p>n \t<\/p>\n<li style=\"font-weight: 400;\"><span style=\"font-weight: 400;\">Os beb\u00e9s deben sentarse no colo <\/span><\/li>\n<p>n \t<\/p>\n<li style=\"font-weight: 400;\"><span style=\"font-weight: 400;\">Poden participar a maior\u00eda dos viaxeiros<\/span><\/li>\n<p>n<\/ol>\n<p>n<\/p>\n<h4><b><i>Pol\u00edtica de cancelaci\u00f3n<\/i><\/b><\/h4>\n<p>Para obter un reembolso completo, lea as nosas pol\u00edticas de cancelaci\u00f3n\u00a0<a href=\"https:\/\/www.boattoursamana.com\/gl\/reserva-en-lina\/\" target=\"_blank\" rel=\"noopener\" data-saferedirecturl=\"https:\/\/www.google.com\/url?q=https:\/\/www.boattoursamana.com\/online-booking\/&amp;source=gmail&amp;ust=1672449202351000&amp;usg=AOvVaw1yAeVAPktmaVCqDujgUn90\">Pulse AQU\u00cd<\/a>. Os fondos perderanse se a reserva se cancela o mesmo d\u00eda da viaxe.<br \/>\nn<br \/>\nnNOTA: Se queres facer esta excursi\u00f3n e queres co\u00f1ecer m\u00e1is detalles podes<a href=\"mailto:info@bookingadventures.com.do\">\u00a0cont\u00e1ctanos por correo electr\u00f3nico<\/a>l<strong>\u00a0<\/strong>ou a trav\u00e9s do noso servizo directo de chat Whatsapp neste n\u00famero:\u00a0<strong>+1 809-720-6035<\/strong>. Atender\u00e9mosche inmediatamente e podemos facerche unha oferta axustando o prezo en funci\u00f3n do n\u00famero de persoas.<br \/>\nn<br \/>\nn(Requirimos un m\u00ednimo de 4 persoas para organizar a visita de forma privada. Para menos persoas podemos organizar unha visita semiprivada cun m\u00e1ximo de 15 persoas).<br \/>\nn<\/p>\n<div id=\"gtx-trans\" style=\"position: absolute; left: -1px; top: 1055.03px;\">\nn<\/p>\n<div class=\"gtx-trans-icon\"><\/div>\n<p>n\n<\/p><\/div>\n<p>n<\/p>\n\n\t\t<\/div>\n\t<\/div>\n<\/div><\/div><\/div><\/div><div class=\"vc_row wpb_row vc_row-fluid\" ><div class=\"wpb_column vc_column_container vc_col-sm-12\"><div class=\"vc_column-inner\"><div class=\"wpb_wrapper\"><\/div><\/div><\/div><\/div><div class=\"vc_row wpb_row vc_row-fluid\" ><div class=\"wpb_column vc_column_container vc_col-sm-12\"><div class=\"vc_column-inner\"><div class=\"wpb_wrapper\"><div class=\"vc_btn3-container vc_btn3-inline\" ><button class=\"vc_general vc_btn3 vc_btn3-size-md vc_btn3-shape-rounded vc_btn3-style-modern vc_btn3-color-green\">RESERVAR AGORA<\/button><\/div><div class=\"vc_empty_space\"   style=\"height: 32px\"><span class=\"vc_empty_space_inner\"><\/span><\/div>\n\t<div class=\"wpb_video_widget wpb_content_element vc_clearfix   vc_video-aspect-ratio-169 vc_video-el-width-100 vc_video-align-left\" >\n\t\t<div class=\"wpb_wrapper\">\n\t\t\t<h2 class=\"wpb_heading wpb_video_heading\">V\u00eddeo de excursi\u00f3ns e excursi\u00f3ns \u00e1 illa de Saona:<\/h2>\n\t\t\t<div class=\"wpb_video_wrapper\"><iframe loading=\"lazy\" title=\"Saola Island D\u00eda completo por Booking Adventures, Travel Dominican Republic\" width=\"1100\" height=\"619\" src=\"https:\/\/www.youtube.com\/embed\/sas91N4zMHo?feature=oembed\" frameborder=\"0\" allow=\"accelerometer; autoplay; clipboard-write; encrypted-media; gyroscope; picture-in-picture; web-share\" allowfullscreen><\/iframe><\/div>\n\t\t<\/div>\n\t<\/div>\n<div class=\"vc_empty_space\"   style=\"height: 32px\"><span class=\"vc_empty_space_inner\"><\/span><\/div><\/div><\/div><\/div><\/div><div class=\"vc_row wpb_row vc_row-fluid\" ><\/div><div class=\"wpb_column vc_column_container vc_col-sm-12\"><div class=\"vc_column-inner\"><div class=\"wpb_wrapper\"><\/div><\/div><\/div><div class=\"vc_empty_space\"   style=\"height: 32px\"><span class=\"vc_empty_space_inner\"><\/span><\/div><div class=\"vc_empty_space\"   style=\"height: 32px\"><span class=\"vc_empty_space_inner\"><\/span><\/div><div class=\"vc_row wpb_row vc_row-fluid\" ><div class=\"wpb_column vc_column_container vc_col-sm-12\"><div class=\"vc_column-inner\"><div class=\"wpb_wrapper\"><div class=\"vc_btn3-container vc_btn3-inline\" ><button class=\"vc_general vc_btn3 vc_btn3-size-md vc_btn3-shape-rounded vc_btn3-style-modern vc_btn3-color-green\">RESERVAR AGORA<\/button><\/div><\/div><\/div><\/div><\/div>","protected":false},"excerpt":{"rendered":"<p>Un pase dun d\u00eda \u00e1 illa Saona desde o porto de Bayahibe. Almuerzo e piscinas naturais inclu\u00eddas. En caso de necesidade traslado desde calquera parte de Rep\u00fablica Dominicana. Simplemente cont\u00e1ctenos e temos a mellor experiencia en Isla Saona. nn n nSeleccione a data para o tour\u00a0 &nbsp;<\/p>","protected":false},"author":2,"featured_media":0,"parent":0,"menu_order":0,"comment_status":"open","ping_status":"closed","template":"","meta":{"footnotes":""},"class_list":["post-15787","page","type-page","status-publish","hentry"],"_links":{"self":[{"href":"https:\/\/www.boattoursamana.com\/gl\/wp-json\/wp\/v2\/pages\/15787","targetHints":{"allow":["GET"]}}],"collection":[{"href":"https:\/\/www.boattoursamana.com\/gl\/wp-json\/wp\/v2\/pages"}],"about":[{"href":"https:\/\/www.boattoursamana.com\/gl\/wp-json\/wp\/v2\/types\/page"}],"author":[{"embeddable":true,"href":"https:\/\/www.boattoursamana.com\/gl\/wp-json\/wp\/v2\/users\/2"}],"replies":[{"embeddable":true,"href":"https:\/\/www.boattoursamana.com\/gl\/wp-json\/wp\/v2\/comments?post=15787"}],"version-history":[{"count":0,"href":"https:\/\/www.boattoursamana.com\/gl\/wp-json\/wp\/v2\/pages\/15787\/revisions"}],"wp:attachment":[{"href":"https:\/\/www.boattoursamana.com\/gl\/wp-json\/wp\/v2\/media?parent=15787"}],"curies":[{"name":"wp","href":"https:\/\/api.w.org\/{rel}","templated":true}]}}