{"id":15796,"date":"2023-07-15T07:43:59","date_gmt":"2023-07-15T07:43:59","guid":{"rendered":"https:\/\/www.ticketswhales.com\/live-the-jungle-in-los-haitises-waterfalls-yanigua\/"},"modified":"2023-07-15T07:43:59","modified_gmt":"2023-07-15T07:43:59","slug":"live-the-jungle-in-los-haitises-waterfalls-yanigua","status":"publish","type":"page","link":"https:\/\/www.boattoursamana.com\/gl\/vive-a-selva-nos-haitises-fervenzas-yanigua-2","title":{"rendered":"Vive a selva nas fervenzas Yanigua dos Haitises"},"content":{"rendered":"<p><span style=\"font-weight: 400;\"><span style=\"vertical-align: inherit;\"><span style=\"vertical-align: inherit;\">Cascadas, Ambars Rock, Natural Mud Maks e unha casa na \u00e1rbore nun s\u00f3 lugar. <\/span><span style=\"vertical-align: inherit;\">Esc\u00e1pate da cidade para sumergirte no ecoturismo da provincia de Hato Mayor, a primeira provincia ecotur\u00edstica de Rep\u00fablica Dominicana. <\/span><\/span><\/span><span style=\"font-weight: 400;\"><span style=\"vertical-align: inherit;\"><span style=\"vertical-align: inherit;\">Ven con n\u00f3s e disfruta das augas frescas do r\u00edo Yanigua, onde se atopan El Salto e Rancho Yanigua, o lugar \u00e9 de f\u00e1cil acceso, rodeado de arbustos, e con carb\u00f3n mineral e barro azul nas s\u00faas augas, o Yanigua \u00e9 ao mesmo tempo. un anfiteatro de auga, formando deslizamientos de terra o esparcimiento que se asemejan a escalones blancos, dando una vista impresionante y espectacular al visitante.<\/span><\/span><\/span><br \/>\nn<br \/>\nn&nbsp;<br \/>\nn<br \/>\nn<strong><span style=\"vertical-align: inherit;\"><span style=\"vertical-align: inherit;\">Seleccione a data para o Tour:<\/span><\/span><\/strong><\/p>\n<p>&nbsp;<\/p>\n<div class=\"vc_row wpb_row vc_row-fluid\" ><div class=\"wpb_column vc_column_container vc_col-sm-12\"><div class=\"vc_column-inner\"><div class=\"wpb_wrapper\"><div class=\"mkdf-section-title-holder\" style=\"text-align: left\">\n\t<div class=\"mkdf-st-inner\">\n\t\t\t\t\t<h5 class=\"mkdf-st-subtitle\" >\n\t\t\t\tVive a selva nas fervenzas dos Haitises\t\t\t<\/h5>\n\t\t\t\t\t\t\t<h3 class=\"mkdf-st-title\" >\n\t\t\t\tParque Nacional Los Haitises\t\t\t<\/h3>\n\t\t\t\t\t<\/div>\n<\/div><\/div><\/div><\/div><\/div><div class=\"vc_row wpb_row vc_row-fluid\" ><div class=\"wpb_column vc_column_container vc_col-sm-12\"><div class=\"vc_column-inner\"><div class=\"wpb_wrapper\">\n\t<div class=\"wpb_text_column wpb_content_element\" >\n\t\t<div class=\"wpb_wrapper\">\n\t\t\t<p>\nn<\/p>\n<h4><\/h4>\n<p>n<\/p>\n<h2><strong>Vivindo a selva nas fervenzas dos Haitises<\/strong><\/h2>\n<p>n<\/p>\n<h4><b><i>Visi\u00f3n xeral <\/i><\/b><\/h4>\n<p>n<span style=\"font-weight: 400;\">Esc\u00e1pate da cidade para mergullarte no ecoturismo da provincia de Hato Mayor, a primeira provincia de ecoturismo da Rep\u00fablica Dominicana. <\/span><span style=\"font-weight: 400;\">Ven connosco e goza das doces augas do r\u00edo Yanigua, onde se atopan El Salto e Rancho Yanigua, o lugar \u00e9 de f\u00e1cil acceso, rodeado de arbustos e con carb\u00f3n mineral e barro azul nas s\u00faas augas, o Yanigua \u00e9 ao mesmo tempo un anfiteatro acu\u00e1tico, mediante a formaci\u00f3n de desprendementos ou dispersi\u00f3ns que semellan chanzos brancos, dando unha vista impresionante e espectacular ao visitante.<\/span><br \/>\nn<br \/>\nn&nbsp;<br \/>\nn<br \/>\nn<span style=\"font-weight: 400;\">Conta unha lenda que as augas do Yanigua son onde as ciguapas lavan e curten as crinas con barro, que se presume que existiron sempre na zona. <\/span><span style=\"font-weight: 400;\">Durante a actividade goza dun ba\u00f1o de barro terap\u00e9utico para rexuvenecer, curar o acne, exfoliar, curar a artrite, a circulaci\u00f3n sangu\u00ednea e revitalizar as enerx\u00edas do corpo. <\/span><span style=\"font-weight: 400;\">Tam\u00e9n da Casa de Tarz\u00e1n con fondo de cristal, constru\u00edda sobre unha \u00e1rbore cunha altura igual a un edificio de 7 pisos. Sabes sobre a cultura do \u00e1mbar e do cacao.<\/span><br \/>\nn<br \/>\nn&nbsp;<br \/>\nn<\/p>\n<h2><strong>A actividade incl\u00fae:<\/strong><\/h2>\n<p>n&nbsp;<br \/>\nn<\/p>\n<ul>\nn \t<\/p>\n<li style=\"font-weight: 400;\"><span style=\"font-weight: 400;\">Traslado desde Sabana de la Mar por<\/span><\/li>\n<p>n \t<\/p>\n<li style=\"font-weight: 400;\"><span style=\"font-weight: 400;\">Sendeirismo<\/span><\/li>\n<p>n \t<\/p>\n<li style=\"font-weight: 400;\"><span style=\"font-weight: 400;\">M\u00e1scara de barro de r\u00edo\u00a0<\/span><\/li>\n<p>n \t<\/p>\n<li style=\"font-weight: 400;\"><span style=\"font-weight: 400;\">Xantar buffet<\/span><\/li>\n<p>n \t<\/p>\n<li style=\"font-weight: 400;\"><span style=\"font-weight: 400;\">Casa na \u00e1rbore con chan de cristal<\/span><\/li>\n<p>n \t<\/p>\n<li style=\"font-weight: 400;\"><span style=\"font-weight: 400;\">Proceso do cacao<\/span><\/li>\n<p>n \t<\/p>\n<li style=\"font-weight: 400;\"><span style=\"font-weight: 400;\">Caf\u00e9 ecol\u00f3xico<\/span><\/li>\n<p>n \t<\/p>\n<li style=\"font-weight: 400;\"><span style=\"font-weight: 400;\">Fervenza<\/span><\/li>\n<p>n \t<\/p>\n<li style=\"font-weight: 400;\"><span style=\"font-weight: 400;\">\u00a0Gu\u00eda Nacional de Turismo<\/span><\/li>\n<p>n \t<\/p>\n<li style=\"font-weight: 400;\"><span style=\"font-weight: 400;\">\u00a0Wifi<\/span><\/li>\n<p>n \t<\/p>\n<li style=\"font-weight: 400;\"><span style=\"font-weight: 400;\">Tendas Ambar Rock<\/span><\/li>\n<p>n<\/ul>\n<p>n&nbsp;<br \/>\nn<br \/>\nn<b>Nota:<\/b><br \/>\nn<br \/>\nn<span style=\"font-weight: 400;\">En Salto e Rancho Yanigua non hai sinal telef\u00f3nico, \u00e9 importante ter en conta a comunicaci\u00f3n externa, pero temos unha rede privada propia con internet para o p\u00fablico<\/span><br \/>\nn<br \/>\nn&nbsp;<br \/>\nn<\/p>\n<h4><em><strong>Que debes traer?<\/strong><\/em><\/h4>\n<p>n<\/p>\n<ul>\nn \t<\/p>\n<li style=\"font-weight: 400;\"><span style=\"font-weight: 400;\">C\u00e1mara<\/span><\/li>\n<p>n \t<\/p>\n<li style=\"font-weight: 400;\"><span style=\"font-weight: 400;\">Brotes repelentes<\/span><\/li>\n<p>n \t<\/p>\n<li style=\"font-weight: 400;\"><span style=\"font-weight: 400;\">Crema solar<\/span><\/li>\n<p>n \t<\/p>\n<li style=\"font-weight: 400;\"><span style=\"font-weight: 400;\">Sombreiro<\/span><\/li>\n<p>n \t<\/p>\n<li style=\"font-weight: 400;\"><span style=\"font-weight: 400;\">Pantal\u00f3ns c\u00f3modos<\/span><\/li>\n<p>n \t<\/p>\n<li style=\"font-weight: 400;\"><span style=\"font-weight: 400;\">Zapatos de sendeirismo para bosque<\/span><\/li>\n<p>n \t<\/p>\n<li style=\"font-weight: 400;\"><span style=\"font-weight: 400;\">Sandalias para as zonas de Primavera.<\/span><\/li>\n<p>n \t<\/p>\n<li style=\"font-weight: 400;\"><span style=\"font-weight: 400;\">Roupa de ba\u00f1o<\/span><\/li>\n<p>n<\/ul>\n<p>n&nbsp;<br \/>\nn<\/p>\n<h4><b><i>Recollida no hotel <\/i><\/b><\/h4>\n<p>n<span style=\"font-weight: 400;\">Non se ofrece a recollida do hotel para esta excursi\u00f3n. <\/span><br \/>\nn<br \/>\nn&nbsp;<br \/>\nn<br \/>\nn<b>Nota:<\/b><span style=\"font-weight: 400;\"> se reservas dentro das 24 horas posteriores \u00e1 hora de sa\u00edda da excursi\u00f3n\/excursi\u00f3n, podemos organizar a recollida do hotel con cargos adicionais. Unha vez completada a compra, enviar\u00e9mosche a informaci\u00f3n de contacto completa (n\u00famero de tel\u00e9fono, enderezo de correo electr\u00f3nico, etc.) para que o noso gu\u00eda tur\u00edstico local organice a recollida.<\/span><br \/>\nn<\/p>\n<h4><b><i>Confirmaci\u00f3n de informaci\u00f3n adicional <\/i><\/b><\/h4>\n<p>n<\/p>\n<ol>\nn \t<\/p>\n<li>As entradas son o recibo despois de pagar este Tour. Podes mostrar o pago no teu tel\u00e9fono.<\/li>\n<p>n \t<\/p>\n<li style=\"font-weight: 400;\"><span style=\"font-weight: 400;\">O punto de encontro recibirase despois do proceso de reserva.<\/span><\/li>\n<p>n \t<\/p>\n<li style=\"font-weight: 400;\"><span style=\"font-weight: 400;\">Os nenos deben ir acompa\u00f1ados dun adulto.<\/span><\/li>\n<p>n \t<\/p>\n<li style=\"font-weight: 400;\"><span style=\"font-weight: 400;\"> Non accesible en cadeira de rodas <\/span><\/li>\n<p>n \t<\/p>\n<li style=\"font-weight: 400;\"><span style=\"font-weight: 400;\">Os beb\u00e9s deben sentarse no colo <\/span><\/li>\n<p>n \t<\/p>\n<li style=\"font-weight: 400;\"><span style=\"font-weight: 400;\">Non recomendado para viaxeiros con problemas de costas<\/span><\/li>\n<p>n \t<\/p>\n<li style=\"font-weight: 400;\"><span style=\"font-weight: 400;\">Non recomendado para viaxeiras embarazadas <\/span><\/li>\n<p>n \t<\/p>\n<li style=\"font-weight: 400;\"><span style=\"font-weight: 400;\"> Sen problemas card\u00edacos ou outras condici\u00f3ns m\u00e9dicas graves <\/span><\/li>\n<p>n \t<\/p>\n<li style=\"font-weight: 400;\"><span style=\"font-weight: 400;\">Poden participar a maior\u00eda dos viaxeiros<\/span><\/li>\n<p>n<\/ol>\n<p>n<\/p>\n<h4><b><i>Pol\u00edtica de cancelaci\u00f3n<\/i><\/b><\/h4>\n<p>Para obter un reembolso completo, lea as nosas pol\u00edticas de cancelaci\u00f3n\u00a0<a href=\"https:\/\/www.boattoursamana.com\/gl\/reserva-en-lina\/\" target=\"_blank\" rel=\"noopener\" data-saferedirecturl=\"https:\/\/www.google.com\/url?q=https:\/\/www.boattoursamana.com\/online-booking\/&amp;source=gmail&amp;ust=1672449202351000&amp;usg=AOvVaw1yAeVAPktmaVCqDujgUn90\">Pulse AQU\u00cd<\/a>. Os fondos perderanse se a reserva se cancela o mesmo d\u00eda da viaxe.<br \/>\nn<\/p>\n<h4><b style=\"letter-spacing: -0.005em;\"><i>C<\/i><\/b><\/h4>\n<p>n<\/p>\n\n\t\t<\/div>\n\t<\/div>\n<\/div><\/div><\/div><\/div><div class=\"vc_row wpb_row vc_row-fluid\" ><div class=\"wpb_column vc_column_container vc_col-sm-12\"><div class=\"vc_column-inner\"><div class=\"wpb_wrapper\"><div class=\"vc_empty_space\"   style=\"height: 32px\"><span class=\"vc_empty_space_inner\"><\/span><\/div>\n\t<div class=\"wpb_text_column wpb_content_element\" >\n\t\t<div class=\"wpb_wrapper\">\n\t\t\t<p>\nn<\/p>\n<h4>Contacta connosco?<\/h4>\n<p>n<\/p>\n<h5>Reserva aventuras<\/h5>\n<p>n<em><strong>Os locais<\/strong>\u00a0e\u00a0<strong>Nacionais<\/strong>\u00a0Gu\u00edas tur\u00edsticos e servizos para os h\u00f3spedes<\/em><br \/>\nn<br \/>\nn<span class=\"text-turquoise\">Reservas:<\/span>\u00a0Tours e excursi\u00f3ns en Dom. Rep.<br \/>\nn<br \/>\nn<img decoding=\"async\" class=\"emoji\" draggable=\"false\" src=\"https:\/\/s.w.org\/images\/core\/emoji\/11.2.0\/svg\/1f4de.svg\" alt=\" \" title=\"\">\u00a0Tel\/Whatsapp\u00a0\u00a0<a href=\"tel:+1-809-720-6035\">+1-809-720-6035<\/a>.<br \/>\nn<br \/>\nn<img decoding=\"async\" class=\"emoji\" draggable=\"false\" src=\"https:\/\/s.w.org\/images\/core\/emoji\/11.2.0\/svg\/1f4e9.svg\" alt=\" \" title=\"\">\u00a0<a href=\"mailto:info@bookingadventures.com.do\">info@bookingadventures.com.do<\/a><br \/>\nn<br \/>\nn<strong>Somos flexibles para configurar tours privados por Whatsapp:\u00a0<a href=\"tel:+18097206035\">+18097206035.<\/a><\/strong><\/p>\n\n\t\t<\/div>\n\t<\/div>\n<div class=\"vc_empty_space\"   style=\"height: 32px\"><span class=\"vc_empty_space_inner\"><\/span><\/div><\/div><\/div><\/div><\/div>","protected":false},"excerpt":{"rendered":"<p>Cascadas, Ambars Rock, Natural Mud Maks y una casa en el \u00e1rbol en un solo lugar. Esc\u00e1pate de la ciudad para sumergirte en el ecoturismo de la provincia de Hato Mayor, la primera provincia ecotur\u00edstica de Rep\u00fablica Dominicana. Ven con nosotros y disfruta de las frescas aguas del r\u00edo Yanigua, donde se encuentran El Salto y Rancho Yanigua, el lugar es de f\u00e1cil acceso, rodeado de arbustos, y con carb\u00f3n mineral y barro azul en sus aguas, el Yanigua es [&hellip;]<\/p>\n","protected":false},"author":2,"featured_media":0,"parent":0,"menu_order":0,"comment_status":"open","ping_status":"closed","template":"","meta":{"footnotes":""},"class_list":["post-15796","page","type-page","status-publish","hentry"],"_links":{"self":[{"href":"https:\/\/www.boattoursamana.com\/gl\/wp-json\/wp\/v2\/pages\/15796","targetHints":{"allow":["GET"]}}],"collection":[{"href":"https:\/\/www.boattoursamana.com\/gl\/wp-json\/wp\/v2\/pages"}],"about":[{"href":"https:\/\/www.boattoursamana.com\/gl\/wp-json\/wp\/v2\/types\/page"}],"author":[{"embeddable":true,"href":"https:\/\/www.boattoursamana.com\/gl\/wp-json\/wp\/v2\/users\/2"}],"replies":[{"embeddable":true,"href":"https:\/\/www.boattoursamana.com\/gl\/wp-json\/wp\/v2\/comments?post=15796"}],"version-history":[{"count":0,"href":"https:\/\/www.boattoursamana.com\/gl\/wp-json\/wp\/v2\/pages\/15796\/revisions"}],"wp:attachment":[{"href":"https:\/\/www.boattoursamana.com\/gl\/wp-json\/wp\/v2\/media?parent=15796"}],"curies":[{"name":"wp","href":"https:\/\/api.w.org\/{rel}","templated":true}]}}