{"id":15809,"date":"2023-07-15T07:43:59","date_gmt":"2023-07-15T07:43:59","guid":{"rendered":"https:\/\/www.ticketswhales.com\/mountain-bikes-tainos-canoe-los-haitises\/"},"modified":"2023-07-15T07:43:59","modified_gmt":"2023-07-15T07:43:59","slug":"mountain-bikes-tainos-canoe-los-haitises","status":"publish","type":"page","link":"https:\/\/www.boattoursamana.com\/gl\/bicicletas-de-montana-tainos-canoa-os-haitises","title":{"rendered":"Bicicletas de monta\u00f1a + Taino&#039;s Canoe Los Haitises"},"content":{"rendered":"<p><span style=\"font-weight: 400;\"><span style=\"vertical-align: inherit;\"><span style=\"vertical-align: inherit;\">En esta actividade, partir\u00e1s en canoas artesanais, como o fac\u00edan os ta\u00ednos. <\/span><span style=\"vertical-align: inherit;\">Escuchar\u00e1s moitos dos sons que marcaron a s\u00faa conexi\u00f3n coa natureza: o chamado das grullas, o chapuz\u00f3n dos cangrexos na auga e o suave bater das olas contra as formaci\u00f3ns rocosas naturais. <\/span><span style=\"vertical-align: inherit;\">Los arcos de las ra\u00edces del manglar te recordar\u00e1n a las catedrales y, de hecho, los ta\u00ednos (aunque no ten\u00edan iglesias) eran profundamente espirituales. <\/span><span style=\"vertical-align: inherit;\">Unha vez que haxa salido co noso gu\u00eda, disfrutar\u00e1 da rica variedade de aves, reptiles e peces dos manglares. <\/span><span style=\"vertical-align: inherit;\">Deslumbrado polo destello das olas que parpadean \u00e1 luz da ma\u00f1\u00e1, as monta\u00f1as de Saman\u00e1 na distancia e o verde esmeralda das palmeiras que se mecen.\u00a0 <\/span><\/span><\/span><br \/>\nn<br \/>\nn&nbsp;<br \/>\nn<br \/>\nn<strong><span style=\"vertical-align: inherit;\"><span style=\"vertical-align: inherit;\">Seleccione a data para o Tour:<\/span><\/span><\/strong><\/p>\n<p>&nbsp;<\/p>\n<div class=\"vc_row wpb_row vc_row-fluid\" ><div class=\"wpb_column vc_column_container vc_col-sm-12\"><div class=\"vc_column-inner\"><div class=\"wpb_wrapper\"><div class=\"vc_btn3-container vc_btn3-inline\" ><button class=\"vc_general vc_btn3 vc_btn3-size-md vc_btn3-shape-rounded vc_btn3-style-modern vc_btn3-color-green\">RESERVAR AGORA<\/button><\/div>\n\t<div class=\"wpb_text_column wpb_content_element\" >\n\t\t<div class=\"wpb_wrapper\">\n\t\t\t<p><span style=\"vertical-align: inherit;\"><span style=\"vertical-align: inherit;\"><\/p>\n\n\t\t<\/div>\n\t<\/div>\n<\/div><\/div><\/div><\/div><div class=\"vc_row wpb_row vc_row-fluid\" ><\/div><div class=\"wpb_column vc_column_container vc_col-sm-12\"><div class=\"vc_column-inner\"><div class=\"wpb_wrapper\"><\/div><\/div><\/div><div class=\"vc_empty_space\"   style=\"height: 32px\"><span class=\"vc_empty_space_inner\"><\/span><\/div><div class=\"vc_row wpb_row vc_row-fluid\" ><\/div><div class=\"wpb_column vc_column_container vc_col-sm-12\"><div class=\"vc_column-inner\"><div class=\"wpb_wrapper\"><\/div><\/div><\/div><div class=\"mkdf-section-title-holder\" style=\"text-align: left\">\n\t<div class=\"mkdf-st-inner\">\n\t\t\t\t\t<h5 class=\"mkdf-st-subtitle\" >\n\t\t\t\tAventura en canoas e bicicletas de monta\u00f1a\t\t\t<\/h5>\n\t\t\t\t\t\t\t<h3 class=\"mkdf-st-title\" >\n\t\t\t\tLos Haitises Taino&#039;s Tour en bicicleta\t\t\t<\/h3>\n\t\t\t\t\t<\/div>\n<\/div><div class=\"vc_row wpb_row vc_row-fluid\" ><\/div><div class=\"wpb_column vc_column_container vc_col-sm-12\"><div class=\"vc_column-inner\"><div class=\"wpb_wrapper\"><\/div><\/div><\/div><div class=\"vc_empty_space\"   style=\"height: 32px\"><span class=\"vc_empty_space_inner\"><\/span><\/div><div class=\"vc_row wpb_row vc_row-fluid\" ><\/div><div class=\"wpb_column vc_column_container vc_col-sm-12\"><div class=\"vc_column-inner\"><div class=\"wpb_wrapper\"><\/div><\/div><\/div><div class=\"vc_row wpb_row vc_row-fluid\" ><\/div><div class=\"wpb_column vc_column_container vc_col-sm-12\"><div class=\"vc_column-inner\"><div class=\"wpb_wrapper\"><\/div><\/div><\/div><div class=\"vc_empty_space\"   style=\"height: 32px\"><span class=\"vc_empty_space_inner\"><\/span><\/div><div class=\"vc_empty_space\"   style=\"height: 32px\"><span class=\"vc_empty_space_inner\"><\/span><\/div><div class=\"vc_row wpb_row vc_row-fluid\" ><div class=\"wpb_column vc_column_container vc_col-sm-12\"><div class=\"vc_column-inner\"><div class=\"wpb_wrapper\"><div class=\"vc_btn3-container vc_btn3-inline\" ><button class=\"vc_general vc_btn3 vc_btn3-size-md vc_btn3-shape-rounded vc_btn3-style-modern vc_btn3-color-green\">RESERVAR AGORA<\/button><\/div><\/div><\/div><\/div><\/div><\/span><\/span><\/p>","protected":false},"excerpt":{"rendered":"<p>En esta actividad, partir\u00e1s en canoas artesanales, tal como lo hac\u00edan los ta\u00ednos. Escuchar\u00e1s muchos de los sonidos que marcaron su conexi\u00f3n con la naturaleza: el llamado de las grullas, el chapuz\u00f3n de los cangrejos en el agua y el suave batir de las olas contra las formaciones rocosas naturales. Los arcos de las ra\u00edces del manglar te recordar\u00e1n a las catedrales y, de hecho, los ta\u00ednos (aunque no ten\u00edan iglesias) eran profundamente espirituales. Una vez que haya salido con [&hellip;]<\/p>\n","protected":false},"author":2,"featured_media":0,"parent":0,"menu_order":0,"comment_status":"open","ping_status":"closed","template":"","meta":{"footnotes":""},"class_list":["post-15809","page","type-page","status-publish","hentry"],"_links":{"self":[{"href":"https:\/\/www.boattoursamana.com\/gl\/wp-json\/wp\/v2\/pages\/15809","targetHints":{"allow":["GET"]}}],"collection":[{"href":"https:\/\/www.boattoursamana.com\/gl\/wp-json\/wp\/v2\/pages"}],"about":[{"href":"https:\/\/www.boattoursamana.com\/gl\/wp-json\/wp\/v2\/types\/page"}],"author":[{"embeddable":true,"href":"https:\/\/www.boattoursamana.com\/gl\/wp-json\/wp\/v2\/users\/2"}],"replies":[{"embeddable":true,"href":"https:\/\/www.boattoursamana.com\/gl\/wp-json\/wp\/v2\/comments?post=15809"}],"version-history":[{"count":0,"href":"https:\/\/www.boattoursamana.com\/gl\/wp-json\/wp\/v2\/pages\/15809\/revisions"}],"wp:attachment":[{"href":"https:\/\/www.boattoursamana.com\/gl\/wp-json\/wp\/v2\/media?parent=15809"}],"curies":[{"name":"wp","href":"https:\/\/api.w.org\/{rel}","templated":true}]}}