{"id":15817,"date":"2023-07-15T07:44:18","date_gmt":"2023-07-15T07:44:18","guid":{"rendered":"https:\/\/www.ticketswhales.com\/los-haitises-national-park-and-cayo-levantado-from-sabana-de-la-mar\/"},"modified":"2023-07-15T07:44:18","modified_gmt":"2023-07-15T07:44:18","slug":"los-haitises-national-park-and-cayo-levantado-from-sabana-de-la-mar","status":"publish","type":"page","link":"https:\/\/www.boattoursamana.com\/gl\/parque-nacional-los-haitises-e-cayo-levantado-de-sabana-de-la-mar","title":{"rendered":"Parque Nacional Los Haitises y Cayo Levantado Desde Sabana de la Mar"},"content":{"rendered":"<p><span style=\"vertical-align: inherit;\"><span style=\"vertical-align: inherit;\">Parque Nacional Los Haitises Desde Sabana de la mar m\u00e1s Almuerzo en Isla Bacard\u00ed. <\/span><span style=\"vertical-align: inherit;\">Ven con n\u00f3s e visita o parque nacional m\u00e1is fermoso da Rep\u00fablica Dominicana, visitando manglares, cuevas e a bah\u00eda de San Lorenzo, ademais de cruzar a fermosa bah\u00eda de Saman\u00e1. <\/span><span style=\"vertical-align: inherit;\">Para visitar la isla Bacard\u00ed, almuerce en la playa y nade en una de las playas m\u00e1s bonitas de la bah\u00eda de Saman\u00e1. <\/span><span style=\"vertical-align: inherit;\">Despois deste<\/span><\/span><br \/>\nn<br \/>\nn<span style=\"vertical-align: inherit;\"><span style=\"vertical-align: inherit;\">Despu\u00e9s de esta experiencia, regresar\u00e1 al puerto de Sabana de la mar.<\/span><\/span><br \/>\nn<br \/>\nn&nbsp;<br \/>\nn<br \/>\nn<strong><span style=\"vertical-align: inherit;\"><span style=\"vertical-align: inherit;\">Seleccione a data para o Tour:<\/span><\/span><\/strong><\/p>\n<p>&nbsp;<\/p>\n<div class=\"vc_row wpb_row vc_row-fluid\" ><div class=\"wpb_column vc_column_container vc_col-sm-12\"><div class=\"vc_column-inner\"><div class=\"wpb_wrapper\"><div class=\"vc_btn3-container vc_btn3-inline\" ><button class=\"vc_general vc_btn3 vc_btn3-size-md vc_btn3-shape-rounded vc_btn3-style-modern vc_btn3-color-green\">RESERVAR AGORA<\/button><\/div>\n\t<div class=\"wpb_text_column wpb_content_element\" >\n\t\t<div class=\"wpb_wrapper\">\n\t\t\t<p>Parque Nacional Los Haitises y Cayo Levantado Desde Sabana de la Mar<\/p>\n\n\t\t<\/div>\n\t<\/div>\n<\/div><\/div><\/div><\/div><div class=\"vc_row wpb_row vc_row-fluid\" ><div class=\"wpb_column vc_column_container vc_col-sm-12\"><div class=\"vc_column-inner\"><div class=\"wpb_wrapper\">\n\t<div class=\"wpb_text_column wpb_content_element\" >\n\t\t<div class=\"wpb_wrapper\">\n\t\t\t<p>\nn<\/p>\n<h4><\/h4>\n<p>n<\/p>\n<h2>Parque Nacional Los Haitises y Cayo Levantado Desde Sabana de la Mar<\/h2>\n<p>n<\/p>\n<h4><b><i>Visi\u00f3n xeral <\/i><\/b><\/h4>\n<p>nPick up in Your Hotel at Sabana de La Mar on comfortable transfer to Los Haitises National Park\u00a0 From Punta Cana plus Lunch at Bacardi Island.\u00a0 Come with us and visit the most beautiful national park of the Dominican Republic, Visiting Mangroves, Caves and San Lorenzo Bay plus crossing the gorgeous Saman\u00e1 bay. To Visit Bacardi island, have lunch at the beach and Swimming in one of the most pretty beaches in Saman\u00e1 Bay. After this<br \/>\nn<br \/>\nnAfter this experience, you will get Back to Sabana de la mar.<br \/>\nn<\/p>\n<ul>\nn \t<\/p>\n<li style=\"font-weight: 400;\">Gastos inclu\u00eddos<\/li>\n<p>n \t<\/p>\n<li>Xantar na illa de Bacard\u00ed inclu\u00eddo<\/li>\n<p>n \t<\/p>\n<li style=\"font-weight: 400;\"><span style=\"font-weight: 400;\">A gu\u00eda ofrece instruci\u00f3ns e supervisi\u00f3n<\/span><\/li>\n<p>n<\/ul>\n<p>n&nbsp;<br \/>\nn<\/p>\n<h4><b>Inclusi\u00f3ns e exclusi\u00f3ns<\/b><\/h4>\n<p>n<b>Inclusi\u00f3ns<\/b><br \/>\nn<\/p>\n<ol>\nn \t<\/p>\n<li style=\"font-weight: 400;\">Tour Los Haitises + Covas e Pictogramas<\/li>\n<p>n \t<\/p>\n<li>Paseo en barco<\/li>\n<p>n \t<\/p>\n<li>Xantar en Cayo Levantado (Illa Bacard\u00ed) se che gusta un tour similar: Los Haitises + Ca\u00f1o Hondo<\/li>\n<p>n \t<\/p>\n<li style=\"font-weight: 400;\"><span style=\"font-weight: 400;\">Todos os impostos, taxas e gastos de xesti\u00f3n<\/span><\/li>\n<p>n \t<\/p>\n<li style=\"font-weight: 400;\"><span style=\"font-weight: 400;\">Impostos locais<\/span><\/li>\n<p>n \t<\/p>\n<li style=\"font-weight: 400;\"><span style=\"font-weight: 400;\">Bebidas<\/span><\/li>\n<p>n \t<\/p>\n<li style=\"font-weight: 400;\"><span style=\"font-weight: 400;\">Todas as actividades<\/span><\/li>\n<p>n \t<\/p>\n<li style=\"font-weight: 400;\"><span style=\"font-weight: 400;\">Gu\u00eda local<\/span><\/li>\n<p>n<\/ol>\n<p>n<b> Exclusi\u00f3ns<\/b><br \/>\nn<\/p>\n<ol>\nn \t<\/p>\n<li style=\"font-weight: 400;\"><span style=\"font-weight: 400;\">Gratu\u00edtos<\/span><\/li>\n<p>n \t<\/p>\n<li style=\"font-weight: 400;\"><span style=\"font-weight: 400;\">Bebidas alcoh\u00f3licas<\/span><\/li>\n<p>n<\/ol>\n<p>n&nbsp;<br \/>\nn<\/p>\n<h4><em><strong>Sa\u00edda e volta<\/strong><\/em><\/h4>\n<p>n<span style=\"font-weight: 400;\">O viaxeiro ter\u00e1 un punto de encontro despois do proceso de reserva. Os percorridos comezan e rematan nos nosos puntos de encontro.<\/span><br \/>\nn<br \/>\nn&nbsp;<br \/>\nn<\/p>\n<h2>Parque Nacional Los Haitises y Cayo Levantado Desde Sabana de la Mar<\/h2>\n<p>n<\/p>\n<h4><b><i>Que esperar?<\/i><\/b><\/h4>\n<p>n<b><i>V<\/i><\/b>estando<strong> Parque Nacional Los Haitises<\/strong> cun marabilloso xantar en<strong> Illa Cayo Levantado<\/strong> e Nataci\u00f3n na praia. Comezando <strong>das zonas de Sabana de la mar<\/strong> para tomar un barco cun gu\u00eda tur\u00edstico local visitando a bah\u00eda de Saman\u00e1 e un dos parques nacionais m\u00e1is fermosos da Rep\u00fablica Dominicana. <em><strong>Parque Nacional Haitises<\/strong><\/em>.<br \/>\nn<br \/>\nO percorrido, organizado por \u201cBooking Adventures\u201d, comeza nos hoteis de Punta Cana con transporte. Ven con Booking Adventures e comeza a comprobar alg\u00fans manglares cheos de aves, outeiros ondulados de vexetaci\u00f3n exuberante e covas de <em><strong>Parque Nacional Los Haitises<\/strong><\/em>. Visitando a illa con aves ao redor. Na \u00e9poca de nidificaci\u00f3n, mesmo podemos ver os pitos pelecanos nos ni\u00f1os. Entrar m\u00e1is dentro das Illas Rochosas e visitar as Covas con pictogramas e petr\u00f3grafos dos pobos ind\u00edxenas.<br \/>\nn<br \/>\nnA trav\u00e9s dos manglares e Terra na aberta ba\u00eda de San Lorenzo, desde onde se pode fotografar a agreste paisaxe forestal. Mira a auga para detectar <em><strong>Manat\u00edes<\/strong><\/em>, crust\u00e1ceos e <em><strong>golfi\u00f1os.<\/strong><\/em><br \/>\nn<\/p>\n<h2><strong>Covas do Parque Nacional Los Haitises<\/strong><\/h2>\n<p>n<\/p>\n<div class=\"body-description secondary\">\nn<br \/>\nO nome do parque nacional prov\u00e9n dos seus habitantes orixinais, os indios ta\u00ednos. Na s\u00faa lingua, &quot;Haitises&quot; trad\u00facese en terras altas ou outeiros, unha referencia \u00e1s formaci\u00f3ns xeol\u00f3xicas escarpadas da costa con pedras calizas. Ad\u00e9ntrate m\u00e1is no parque para explorar covas como a <em><strong>Cueva de la Arena<\/strong><\/em> e <strong><em>Cueva de la L\u00ednea.<\/em><\/strong><br \/>\nn<br \/>\nAs covas da reserva foron utilizadas como refuxio polos indios ta\u00ednos e, posteriormente, polos piratas escondidos. Busca debuxos de indios que decoran algunhas das paredes. Despois de visitar o Parque Nacional Los Haitises, regresaremos ao porto de Saman\u00e1 pasando a ba\u00eda de Saman\u00e1 30 min e visitando a illa de Bacardi. Teremos un xantar t\u00edpico da illa. Se es vegano non te preocupes, tam\u00e9n temos comida para ti!<br \/>\nn<br \/>\nDespois de nadar toda a tarde e refrescarse na praia, o noso gu\u00eda fixar\u00e1 a hora de regresar ao porto de Sabana de la mar.<br \/>\nn<br \/>\nn<\/div>\n<p>No caso de que che guste esta viaxe m\u00e1is longa ou m\u00e1is curta, temos estas opci\u00f3ns:<br \/>\nn<\/p>\n<ol>\nn \t<\/p>\n<li>S\u00f3 Los Haitises do Porto de Saman\u00e1.<\/li>\n<p>n \t<\/p>\n<li>Los Haitises + Ca\u00f1o Hondo do Porto de Saman\u00e1.<\/li>\n<p>n<\/ol>\n<p>n&nbsp;<br \/>\nn<\/p>\n<h4><em><strong>Que debes traer?<\/strong><\/em><\/h4>\n<p>n<\/p>\n<ul>\nn \t<\/p>\n<li style=\"font-weight: 400;\"><span style=\"font-weight: 400;\">C\u00e1mara<\/span><\/li>\n<p>n \t<\/p>\n<li style=\"font-weight: 400;\"><span style=\"font-weight: 400;\">Brotes repelentes<\/span><\/li>\n<p>n \t<\/p>\n<li style=\"font-weight: 400;\"><span style=\"font-weight: 400;\">Crema solar<\/span><\/li>\n<p>n \t<\/p>\n<li style=\"font-weight: 400;\"><span style=\"font-weight: 400;\">Sombreiro<\/span><\/li>\n<p>n \t<\/p>\n<li style=\"font-weight: 400;\"><span style=\"font-weight: 400;\">Pantal\u00f3ns c\u00f3modos<\/span><\/li>\n<p>n \t<\/p>\n<li style=\"font-weight: 400;\"><span style=\"font-weight: 400;\">Zapatos de sendeirismo para bosque<\/span><\/li>\n<p>n \t<\/p>\n<li style=\"font-weight: 400;\"><span style=\"font-weight: 400;\">Sandalias para as zonas de Primavera.<\/span><\/li>\n<p>n \t<\/p>\n<li style=\"font-weight: 400;\"><span style=\"font-weight: 400;\">Roupa de ba\u00f1o<\/span><\/li>\n<p>n<\/ul>\n<p>n&nbsp;<br \/>\nn<\/p>\n<h4><b><i>Recollida no hotel <\/i><\/b><\/h4>\n<p>n<span style=\"font-weight: 400;\">Non se ofrece a recollida do hotel para esta excursi\u00f3n. <\/span><br \/>\nn<br \/>\nn&nbsp;<br \/>\nn<br \/>\nn<b>Nota:<\/b><span style=\"font-weight: 400;\"> se reservas dentro das 24 horas posteriores \u00e1 hora de sa\u00edda da excursi\u00f3n\/excursi\u00f3n, podemos organizar a recollida do hotel con cargos adicionais. Unha vez completada a compra, enviar\u00e9mosche a informaci\u00f3n de contacto completa (n\u00famero de tel\u00e9fono, enderezo de correo electr\u00f3nico, etc.) para que o noso gu\u00eda tur\u00edstico local organice a recollida.<\/span><br \/>\nn<\/p>\n<h4><b><i>Confirmaci\u00f3n de informaci\u00f3n adicional <\/i><\/b><\/h4>\n<p>n<\/p>\n<ol>\nn \t<\/p>\n<li>As entradas son o recibo despois de pagar este Tour. Podes mostrar o pago no teu tel\u00e9fono.<\/li>\n<p>n \t<\/p>\n<li style=\"font-weight: 400;\"><span style=\"font-weight: 400;\">O punto de encontro recibirase despois do proceso de reserva.<\/span><\/li>\n<p>n \t<\/p>\n<li style=\"font-weight: 400;\"><span style=\"font-weight: 400;\">Os nenos deben ir acompa\u00f1ados dun adulto.<\/span><\/li>\n<p>n \t<\/p>\n<li style=\"font-weight: 400;\"><span style=\"font-weight: 400;\"> Non accesible en cadeira de rodas <\/span><\/li>\n<p>n \t<\/p>\n<li style=\"font-weight: 400;\"><span style=\"font-weight: 400;\">Os beb\u00e9s deben sentarse no colo <\/span><\/li>\n<p>n \t<\/p>\n<li style=\"font-weight: 400;\"><span style=\"font-weight: 400;\">Non recomendado para viaxeiros con problemas de costas<\/span><\/li>\n<p>n \t<\/p>\n<li style=\"font-weight: 400;\"><span style=\"font-weight: 400;\">Non recomendado para viaxeiras embarazadas <\/span><\/li>\n<p>n \t<\/p>\n<li style=\"font-weight: 400;\"><span style=\"font-weight: 400;\"> Sen problemas card\u00edacos ou outras condici\u00f3ns m\u00e9dicas graves <\/span><\/li>\n<p>n \t<\/p>\n<li style=\"font-weight: 400;\"><span style=\"font-weight: 400;\">Poden participar a maior\u00eda dos viaxeiros<\/span><\/li>\n<p>n<\/ol>\n<p>n<\/p>\n<h4><b><i>Pol\u00edtica de cancelaci\u00f3n<\/i><\/b><\/h4>\n<p>Para obter un reembolso completo, lea as nosas pol\u00edticas de cancelaci\u00f3n\u00a0<a href=\"https:\/\/www.boattoursamana.com\/gl\/reserva-en-lina\/\" target=\"_blank\" rel=\"noopener\" data-saferedirecturl=\"https:\/\/www.google.com\/url?q=https:\/\/www.boattoursamana.com\/online-booking\/&amp;source=gmail&amp;ust=1672449202351000&amp;usg=AOvVaw1yAeVAPktmaVCqDujgUn90\">Pulse AQU\u00cd<\/a>. Os fondos perderanse se a reserva se cancela o mesmo d\u00eda da viaxe.<\/p>\n\n\t\t<\/div>\n\t<\/div>\n<div class=\"vc_btn3-container vc_btn3-inline\" ><button class=\"vc_general vc_btn3 vc_btn3-size-md vc_btn3-shape-rounded vc_btn3-style-modern vc_btn3-color-green\">RESERVAR AGORA<\/button><\/div>\n\t<div class=\"wpb_video_widget wpb_content_element vc_clearfix   vc_video-aspect-ratio-169 vc_video-el-width-100 vc_video-align-left\" >\n\t\t<div class=\"wpb_wrapper\">\n\t\t\t<h2 class=\"wpb_heading wpb_video_heading\">Parque Nacional Los Haitises<\/h2>\n\t\t\t<div class=\"wpb_video_wrapper\"><iframe loading=\"lazy\" title=\"Tours e Excursi\u00f3ns ao Parque Nacional Los Haitises\" width=\"1100\" height=\"619\" src=\"https:\/\/www.youtube.com\/embed\/vMI4Ou81cd4?feature=oembed\" frameborder=\"0\" allow=\"accelerometer; autoplay; clipboard-write; encrypted-media; gyroscope; picture-in-picture; web-share\" allowfullscreen><\/iframe><\/div>\n\t\t<\/div>\n\t<\/div>\n<\/div><\/div><\/div><\/div><div class=\"vc_row wpb_row vc_row-fluid\" ><\/div><div class=\"wpb_column vc_column_container vc_col-sm-12\"><div class=\"vc_column-inner\"><div class=\"wpb_wrapper\"><\/div><\/div><\/div><div class=\"vc_empty_space\"   style=\"height: 32px\"><span class=\"vc_empty_space_inner\"><\/span><\/div><div class=\"vc_empty_space\"   style=\"height: 32px\"><span class=\"vc_empty_space_inner\"><\/span><\/div><div class=\"vc_row wpb_row vc_row-fluid\" ><\/div><div class=\"wpb_column vc_column_container vc_col-sm-12\"><div class=\"vc_column-inner\"><div class=\"wpb_wrapper\"><\/div><\/div><\/div><div class=\"vc_empty_space\"   style=\"height: 32px\"><span class=\"vc_empty_space_inner\"><\/span><\/div><div class=\"vc_row wpb_row vc_row-fluid\" ><\/div><div class=\"wpb_column vc_column_container vc_col-sm-12\"><div class=\"vc_column-inner\"><div class=\"wpb_wrapper\"><\/div><\/div><\/div><div class=\"vc_row wpb_row vc_row-fluid\" ><div class=\"wpb_column vc_column_container vc_col-sm-12\"><div class=\"vc_column-inner\"><div class=\"wpb_wrapper\"><div class=\"vc_btn3-container vc_btn3-inline\" ><button class=\"vc_general vc_btn3 vc_btn3-size-md vc_btn3-shape-rounded vc_btn3-style-modern vc_btn3-color-green\">RESERVAR AGORA<\/button><\/div><\/div><\/div><\/div><\/div>","protected":false},"excerpt":{"rendered":"<p>Parque Nacional Los Haitises Desde Sabana de la mar m\u00e1s Almuerzo en Isla Bacard\u00ed. Ven con nosotros y visita el parque nacional m\u00e1s hermoso de la Rep\u00fablica Dominicana, visitando manglares, cuevas y la bah\u00eda de San Lorenzo, adem\u00e1s de cruzar la hermosa bah\u00eda de Saman\u00e1. Para visitar la isla Bacard\u00ed, almuerce en la playa y nade en una de las playas m\u00e1s bonitas de la bah\u00eda de Saman\u00e1. Despu\u00e9s de este n nDespu\u00e9s de esta experiencia, regresar\u00e1 al puerto de [&hellip;]<\/p>\n","protected":false},"author":2,"featured_media":0,"parent":0,"menu_order":0,"comment_status":"open","ping_status":"closed","template":"","meta":{"footnotes":""},"class_list":["post-15817","page","type-page","status-publish","hentry"],"_links":{"self":[{"href":"https:\/\/www.boattoursamana.com\/gl\/wp-json\/wp\/v2\/pages\/15817","targetHints":{"allow":["GET"]}}],"collection":[{"href":"https:\/\/www.boattoursamana.com\/gl\/wp-json\/wp\/v2\/pages"}],"about":[{"href":"https:\/\/www.boattoursamana.com\/gl\/wp-json\/wp\/v2\/types\/page"}],"author":[{"embeddable":true,"href":"https:\/\/www.boattoursamana.com\/gl\/wp-json\/wp\/v2\/users\/2"}],"replies":[{"embeddable":true,"href":"https:\/\/www.boattoursamana.com\/gl\/wp-json\/wp\/v2\/comments?post=15817"}],"version-history":[{"count":0,"href":"https:\/\/www.boattoursamana.com\/gl\/wp-json\/wp\/v2\/pages\/15817\/revisions"}],"wp:attachment":[{"href":"https:\/\/www.boattoursamana.com\/gl\/wp-json\/wp\/v2\/media?parent=15817"}],"curies":[{"name":"wp","href":"https:\/\/api.w.org\/{rel}","templated":true}]}}