{"id":15830,"date":"2023-07-15T07:44:42","date_gmt":"2023-07-15T07:44:42","guid":{"rendered":"https:\/\/www.ticketswhales.com\/las-galeras-las-7-playas-escondidas-de-samana-the-7-hidden-beaches-in-samana\/"},"modified":"2023-07-15T07:44:42","modified_gmt":"2023-07-15T07:44:42","slug":"las-galeras-las-7-playas-escondidas-de-samana-the-7-hidden-beaches-in-samana","status":"publish","type":"page","link":"https:\/\/www.boattoursamana.com\/gl\/las-galeras-las-7-playas-escondidas-de-samana-as-7-praias-escondidas-en-samana","title":{"rendered":"Las Galeras: Las 7 Playas Escondidas de Saman\u00e1 \u2013 As 7 praias escondidas de Saman\u00e1"},"content":{"rendered":"<p><span style=\"vertical-align: inherit;\"><span style=\"vertical-align: inherit;\">Si est\u00e1 visitando a Saman\u00e1 e gustar\u00edalle ter unha verdadeira experiencia local facendo senderismo, unha viaxe en barco m\u00e1is un almuerzo na praia de Rinc\u00f3n, este \u00e9 o viaxe que necesita facer. <\/span><span style=\"vertical-align: inherit;\">Visite as 7 praias escondidas de Saman\u00e1 no \u00e1rea de Las Galeras, onde tam\u00e9n pode visitar unha cueva e tomar excelentes v\u00eddeos ou fotos para recuerdos incribles.<\/span><\/span><br \/>\nn<br \/>\nn<strong><span style=\"vertical-align: inherit;\"><span style=\"vertical-align: inherit;\">Seleccione a data para o Tour:\u00a0<\/span><\/span><\/strong><\/p>\n<p>&nbsp;<\/p>\n<div class=\"vc_row wpb_row vc_row-fluid\" ><div class=\"wpb_column vc_column_container vc_col-sm-12\"><div class=\"vc_column-inner\"><div class=\"wpb_wrapper\"><div class=\"mkdf-section-title-holder\" style=\"text-align: left\">\n\t<div class=\"mkdf-st-inner\">\n\t\t\t\t\t<h5 class=\"mkdf-st-subtitle\" >\n\t\t\t\tXantar, paseo en barco e transporte privado desde hoteis.\t\t\t<\/h5>\n\t\t\t\t\t\t\t<h3 class=\"mkdf-st-title\" >\n\t\t\t\tPlaya Rinc\u00f3n, Playa Fronton + Playa Madame Beach, Saman\u00e1 - Rep\u00fablica Dominicana.\t\t\t<\/h3>\n\t\t\t\t\t<\/div>\n<\/div>\n\t<div class=\"wpb_text_column wpb_content_element\" >\n\t\t<div class=\"wpb_wrapper\">\n\t\t\t<p>\nn<\/p>\n<h3>Playa Calet\u00f3n, Playa Escondida, Playa Colorado, Playa del Amor, Playa La Vaca, Playa la Playita Playa Brem\u00e1n.<\/h3>\n<p>n<\/p>\n<h4><b><i>Visi\u00f3n xeral <\/i><\/b><\/h4>\n<p>nUnha das excursi\u00f3ns m\u00e1is fermosas da pen\u00ednsula de Saman\u00e1.<br \/>\nn<br \/>\nn<span class=\"Y2IQFc\" lang=\"en\">As 7 praias escondidas de Saman\u00e1, situadas na Pen\u00ednsula de Saman\u00e1 e gardan fermosos segredos da historia, e tam\u00e9n co\u00f1ecendo estes lugares contribu\u00edmos \u00e1 econom\u00eda local que \u00e9 vital para a subsistencia dun pobo.<\/span><br \/>\nn<br \/>\nEntra na atmosfera \u00fanica visitando 7 praias no barco, tam\u00e9n sendeirismo nunha pequena cova na costa. A algunhas praias s\u00f3 se pode acceder en barco rodeado dun arrecife de coral ao redor do cal se pode practicar snorkel, nadar con peixes e descubrir os seus corais e relaxarse e gozar da incrible paisaxe. Relaxarse, nadar e, a continuaci\u00f3n, sa\u00edda cara a Playa colorado, outra praia illada e perfecta para practicar snorkel, onde tam\u00e9n podes visitar unha cova e facer v\u00eddeos ou fotos xeniais para lembrar incribles.<br \/>\nn<br \/>\nnXantar\u00e1s cos dedos dos p\u00e9s na area ao son do merengue e da bachata en \u201cEl Para\u00edso\u201d \u2013O \u00faltimo restaurante antes da selva\u2013 onde se che servir\u00e1 unha comida completa que incl\u00fae un prato de peixe, acompa\u00f1ado de bebidas e c\u00f3cteles locais. No cami\u00f1o de volta faremos unha parada na Praia do Rinc\u00f3n, aqu\u00ed atopar\u00e1s unha perla natural que est\u00e1 considerada unha das praias m\u00e1is fermosas do pa\u00eds. A area branca e fina, o mar turquesa e as palmeiras de un metro de altura falan por si soas.<br \/>\nn<br \/>\nn&nbsp;<br \/>\nn<\/p>\n<ul>\nn \t<\/p>\n<li><span style=\"font-weight: 400;\">Gu\u00eda local con experiencia en Seguridade na zona.<\/span><\/li>\n<p>n \t<\/p>\n<li style=\"font-weight: 400;\">Gastos inclu\u00eddos<\/li>\n<p>n \t<\/p>\n<li>Xantar na Praia<\/li>\n<p>n \t<\/p>\n<li>Paseo en barco<\/li>\n<p>n \t<\/p>\n<li style=\"font-weight: 400;\">Gu\u00eda tur\u00edstica local en espa\u00f1ol, ingl\u00e9s ou franc\u00e9s.<\/li>\n<p>n \t<\/p>\n<li>Sendeirismo<\/li>\n<p>n \t<\/p>\n<li>nadar<\/li>\n<p>n<\/ul>\n<p>n&nbsp;<br \/>\nn<\/p>\n<h4><b>Inclusi\u00f3ns e exclusi\u00f3ns<\/b><\/h4>\n<p>n&nbsp;<br \/>\nn<br \/>\nn<b>Inclusi\u00f3ns<\/b><br \/>\nn<\/p>\n<ol>\nn \t<\/p>\n<li><span style=\"font-weight: 400;\">Gu\u00eda local con experiencia en Seguridade na zona.<\/span><\/li>\n<p>n \t<\/p>\n<li style=\"font-weight: 400;\">Praia do Rinc\u00f3n<\/li>\n<p>n \t<\/p>\n<li>Praia de Colorado<\/li>\n<p>n \t<\/p>\n<li>Praia da Playita<\/li>\n<p>n \t<\/p>\n<li>Praia da Vaca<\/li>\n<p>n \t<\/p>\n<li>Praia de Breman<\/li>\n<p>n \t<\/p>\n<li>Praia Mariano<\/li>\n<p>n \t<\/p>\n<li>Praia de Caleton<\/li>\n<p>n \t<\/p>\n<li style=\"font-weight: 400;\"><span style=\"font-weight: 400;\">Todos os impostos, taxas e gastos de xesti\u00f3n<\/span><\/li>\n<p>n \t<\/p>\n<li style=\"font-weight: 400;\"><span style=\"font-weight: 400;\">Impostos locais<\/span><\/li>\n<p>n \t<\/p>\n<li>Xantar na Praia<\/li>\n<p>n \t<\/p>\n<li>Sendeirismo<\/li>\n<p>n \t<\/p>\n<li style=\"font-weight: 400;\"><span style=\"font-weight: 400;\">Todas as actividades<\/span><\/li>\n<p>n<\/ol>\n<p>n<b> Exclusi\u00f3ns<\/b><br \/>\nn<\/p>\n<ol>\nn \t<\/p>\n<li style=\"font-weight: 400;\"><span style=\"font-weight: 400;\">Gratu\u00edtos<\/span><\/li>\n<p>n<\/ol>\n<p>n<\/p>\n<h4><em><strong>Sa\u00edda e volta<\/strong><\/em><\/h4>\n<p>n<span style=\"font-weight: 400;\">O viaxeiro ter\u00e1 un punto de encontro despois do proceso de reserva. As visitas comezan e rematan nos nosos puntos de encontro.<\/span><br \/>\nn<\/p>\n<h3>Playa Calet\u00f3n, Playa Escondida, Playa Colorado, Playa del Amor, Playa La Vaca, Playa la Playita Playa Brem\u00e1n.<\/h3>\n<p>n<\/p>\n<h4><b><i>Que esperar?<\/i><\/b><\/h4>\n<p>n<em><strong>Consigue as t\u00faas entradas<\/strong><\/em> para visitar 7 das praias m\u00e1is singulares da Rep\u00fablica Dominicana. O punto de encontro de sa\u00edda da viaxe \u00e9 na zona de Las Galeras sendeirismo e nataci\u00f3n nun d\u00eda 7 praias m\u00e1is a praia do Rinc\u00f3n. En primeiro lugar, visitamos a Cova Duarte, facendo sendeirismo, e vemos a cova m\u00e1is fermosa das Galeras. Esta cova ten 900 metros, con 2 entradas diferentes para evitar repetir a mesma paisaxe.<br \/>\nn<br \/>\nnDespois de visitar a cova volvemos \u00e1 lancha r\u00e1pida para visitar a Praia Caleton, unha das praias m\u00e1is mencionadas de Saman\u00e1 polas s\u00faas augas claras. Nadaremos e gozaremos desta praia primeiro para continuar a nosa viaxe pola praia do Amor.<br \/>\nn<br \/>\nn<strong>praia 7<\/strong><br \/>\nn<br \/>\nnPlaya Rinc\u00f3n \u00e9 unha franxa virxe de area branca que se estende por preto de 2,5 millas (4 quil\u00f3metros) ao longo dunha parte sen urbanizar da costa. Bordada por unha beira de cocoteros e rodeada por picos de monta\u00f1as e acantilados nos dous extremos, esta illada praia s\u00e9ntese como unha aut\u00e9ntica utop\u00eda, afastada da civilizaci\u00f3n.<br \/>\nn<br \/>\nnDespois da praia do Rinc\u00f3n volveremos na lancha r\u00e1pida ata o punto de encontro de Las Galeras!<br \/>\nn<br \/>\nnO percorrido, organizado por \u201cBooking Adventures\u201d, comeza no punto de encontro establecido co noso Gu\u00eda Tur\u00edstico. Ven con Booking Adventures e almorza na praia e goza das 7 praias m\u00e1is incribles de Saman\u00e1, Rep\u00fablica Dominicana.<br \/>\nn<\/p>\n<div class=\"body-description secondary\">\nn<br \/>\nn&nbsp;<br \/>\nn<br \/>\nn<\/div>\n<p>n<\/p>\n<h4><em><strong>Que debes traer?<\/strong><\/em><\/h4>\n<p>n<\/p>\n<ul>\nn \t<\/p>\n<li style=\"font-weight: 400;\"><span style=\"font-weight: 400;\">C\u00e1mara<\/span><\/li>\n<p>n \t<\/p>\n<li style=\"font-weight: 400;\"><span style=\"font-weight: 400;\">Brotes repelentes<\/span><\/li>\n<p>n \t<\/p>\n<li style=\"font-weight: 400;\"><span style=\"font-weight: 400;\">Crema solar<\/span><\/li>\n<p>n \t<\/p>\n<li>Auga<\/li>\n<p>n \t<\/p>\n<li style=\"font-weight: 400;\"><span style=\"font-weight: 400;\">Sombreiro<\/span><\/li>\n<p>n \t<\/p>\n<li style=\"font-weight: 400;\"><span style=\"font-weight: 400;\">Pantal\u00f3ns c\u00f3modos<\/span><\/li>\n<p>n \t<\/p>\n<li style=\"font-weight: 400;\"><span style=\"font-weight: 400;\">Zapatos de sendeirismo para bosque<\/span><\/li>\n<p>n \t<\/p>\n<li style=\"font-weight: 400;\"><span style=\"font-weight: 400;\">Sandalias para as zonas de Primavera.<\/span><\/li>\n<p>n \t<\/p>\n<li style=\"font-weight: 400;\"><span style=\"font-weight: 400;\">Roupa de ba\u00f1o<\/span><\/li>\n<p>n<\/ul>\n<p>n&nbsp;<br \/>\nn<\/p>\n<h4><b><i>Recollida no hotel <\/i><\/b><\/h4>\n<p>n<span style=\"font-weight: 400;\">A recollida do hotel non est\u00e1 inclu\u00edda neste percorrido. <\/span><br \/>\nn<br \/>\nn&nbsp;<br \/>\nn<br \/>\nn<b>Nota:<\/b><span style=\"font-weight: 400;\"> Se reservas dentro das 24 horas posteriores \u00e1 hora de sa\u00edda da excursi\u00f3n\/excursi\u00f3n, podemos organizar a recollida do hotel cun custo adicional. Acabamos de recollelo na zona de Saman\u00e1. Unha vez completada a compra, enviar\u00e9mosche a informaci\u00f3n de contacto completa (n\u00famero de tel\u00e9fono, enderezo de correo electr\u00f3nico, etc.) para que o noso gu\u00eda tur\u00edstico local organice a recollida.<\/span><br \/>\nn<\/p>\n<h4><b><i>Confirmaci\u00f3n de informaci\u00f3n adicional <\/i><\/b><\/h4>\n<p>n<\/p>\n<ol>\nn \t<\/p>\n<li>As entradas son o recibo despois de pagar este Tour. Podes mostrar o pago no teu tel\u00e9fono.<\/li>\n<p>n \t<\/p>\n<li style=\"font-weight: 400;\"><span style=\"font-weight: 400;\">O punto de encontro recibirase despois do proceso de reserva.<\/span><\/li>\n<p>n \t<\/p>\n<li style=\"font-weight: 400;\"><span style=\"font-weight: 400;\">Os nenos deben ir acompa\u00f1ados dun adulto.<\/span><\/li>\n<p>n \t<\/p>\n<li style=\"font-weight: 400;\"><span style=\"font-weight: 400;\"> Non accesible en cadeira de rodas <\/span><\/li>\n<p>n \t<\/p>\n<li style=\"font-weight: 400;\"><span style=\"font-weight: 400;\">Os beb\u00e9s deben sentarse no colo <\/span><\/li>\n<p>n \t<\/p>\n<li style=\"font-weight: 400;\"><span style=\"font-weight: 400;\">Non recomendado para viaxeiros con problemas de costas<\/span><\/li>\n<p>n \t<\/p>\n<li style=\"font-weight: 400;\"><span style=\"font-weight: 400;\">Non recomendado para viaxeiras embarazadas <\/span><\/li>\n<p>n \t<\/p>\n<li style=\"font-weight: 400;\"><span style=\"font-weight: 400;\"> Sen problemas card\u00edacos ou outras condici\u00f3ns m\u00e9dicas graves <\/span><\/li>\n<p>n \t<\/p>\n<li style=\"font-weight: 400;\"><span style=\"font-weight: 400;\">Poden participar a maior\u00eda dos viaxeiros<\/span><\/li>\n<p>n<\/ol>\n<p>n<\/p>\n<h4><b><i>Pol\u00edtica de cancelaci\u00f3n<\/i><\/b><\/h4>\n<p>Para obter un reembolso completo, lea as nosas pol\u00edticas de cancelaci\u00f3n\u00a0<a href=\"https:\/\/www.boattoursamana.com\/gl\/reserva-en-lina\/\" target=\"_blank\" rel=\"noopener\" data-saferedirecturl=\"https:\/\/www.google.com\/url?q=https:\/\/www.boattoursamana.com\/online-booking\/&amp;source=gmail&amp;ust=1672449202351000&amp;usg=AOvVaw1yAeVAPktmaVCqDujgUn90\">Pulse AQU\u00cd<\/a>. Os fondos perderanse se a reserva se cancela o mesmo d\u00eda da viaxe.<\/p>\n\n\t\t<\/div>\n\t<\/div>\n<\/div><\/div><\/div><\/div><div class=\"vc_row wpb_row vc_row-fluid\" ><div class=\"wpb_column vc_column_container vc_col-sm-12\"><div class=\"vc_column-inner\"><div class=\"wpb_wrapper\">\n\t<div class=\"wpb_video_widget wpb_content_element vc_clearfix   vc_video-aspect-ratio-169 vc_video-el-width-100 vc_video-align-left\" >\n\t\t<div class=\"wpb_wrapper\">\n\t\t\t<h2 class=\"wpb_heading wpb_video_heading\">Boca do Diablo e Praia de Front\u00f3n<\/h2>\n\t\t\t<div class=\"wpb_video_wrapper\"><iframe loading=\"lazy\" title=\"Pen\u00ednsula de Saman\u00e1, Rep\u00fablica Dominicana (DJI Phantom 4 4K)\" width=\"1100\" height=\"619\" src=\"https:\/\/www.youtube.com\/embed\/DYDXVm8Q_iM?feature=oembed\" frameborder=\"0\" allow=\"accelerometer; autoplay; clipboard-write; encrypted-media; gyroscope; picture-in-picture; web-share\" allowfullscreen><\/iframe><\/div>\n\t\t<\/div>\n\t<\/div>\n<\/div><\/div><\/div><\/div><div class=\"vc_row wpb_row vc_row-fluid\" ><\/div><div class=\"wpb_column vc_column_container vc_col-sm-12\"><div class=\"vc_column-inner\"><div class=\"wpb_wrapper\"><\/div><\/div><\/div><div class=\"vc_empty_space\"   style=\"height: 32px\"><span class=\"vc_empty_space_inner\"><\/span><\/div>\n\t<div class=\"wpb_text_column wpb_content_element\" >\n\t\t<div class=\"wpb_wrapper\">\n\t\t\t<p>\nn<br \/>\nSon bloque de texto. Fai clic no bot\u00f3n editar para cambiar este texto. Lorem ipsum dolor sit amet, consectetur adipiscing elit. Ut elit tellus, luctus nec ullamcorper mattis, pulvinar dapibus leo.<br \/>\nn<br \/>\nn<\/p>\n\n\t\t<\/div>\n\t<\/div>\n<div class=\"vc_empty_space\"   style=\"height: 32px\"><span class=\"vc_empty_space_inner\"><\/span><\/div>","protected":false},"excerpt":{"rendered":"<p>Si est\u00e1 visitando a Saman\u00e1 e gustar\u00edalle ter unha verdadeira experiencia local facendo senderismo, unha viaxe en barco m\u00e1is un almuerzo na praia de Rinc\u00f3n, este \u00e9 o viaxe que necesita facer. Visite as 7 praias escondidas de Saman\u00e1 no \u00e1rea de Las Galeras, onde tam\u00e9n pode visitar unha cueva e tomar excelentes v\u00eddeos ou fotos para recuerdos incribles. n nSeleccione a data para o Tour:\u00a0 &nbsp;<\/p>","protected":false},"author":2,"featured_media":0,"parent":0,"menu_order":0,"comment_status":"open","ping_status":"closed","template":"","meta":{"footnotes":""},"class_list":["post-15830","page","type-page","status-publish","hentry"],"_links":{"self":[{"href":"https:\/\/www.boattoursamana.com\/gl\/wp-json\/wp\/v2\/pages\/15830","targetHints":{"allow":["GET"]}}],"collection":[{"href":"https:\/\/www.boattoursamana.com\/gl\/wp-json\/wp\/v2\/pages"}],"about":[{"href":"https:\/\/www.boattoursamana.com\/gl\/wp-json\/wp\/v2\/types\/page"}],"author":[{"embeddable":true,"href":"https:\/\/www.boattoursamana.com\/gl\/wp-json\/wp\/v2\/users\/2"}],"replies":[{"embeddable":true,"href":"https:\/\/www.boattoursamana.com\/gl\/wp-json\/wp\/v2\/comments?post=15830"}],"version-history":[{"count":0,"href":"https:\/\/www.boattoursamana.com\/gl\/wp-json\/wp\/v2\/pages\/15830\/revisions"}],"wp:attachment":[{"href":"https:\/\/www.boattoursamana.com\/gl\/wp-json\/wp\/v2\/media?parent=15830"}],"curies":[{"name":"wp","href":"https:\/\/api.w.org\/{rel}","templated":true}]}}