{"id":15865,"date":"2023-07-15T07:45:08","date_gmt":"2023-07-15T07:45:08","guid":{"rendered":"https:\/\/www.ticketswhales.com\/jarabacoa-buggy-with-baiguate-waterfall-double\/"},"modified":"2023-07-15T07:45:08","modified_gmt":"2023-07-15T07:45:08","slug":"jarabacoa-buggy-with-baiguate-waterfall-double","status":"publish","type":"page","link":"https:\/\/www.boattoursamana.com\/gl\/buggy-jarabacoa-con-cascada-de-baiguate-dobre-2","title":{"rendered":"Buggy Jarabacoa con cascada Baiguate Doble"},"content":{"rendered":"<p><span style=\"font-weight: 400;\"><span style=\"vertical-align: inherit;\"><span style=\"vertical-align: inherit;\">\u00danase a n\u00f3s e viaxe cun experto local de Jarabacoa e obt\u00e9n a experiencia \u00fanica de visitar os mellores lugares da capital do ecoturismo a partir de Jarabacoa, este tour o levar\u00e1 a co\u00f1ecer o fermoso paisaxe do rancho monta\u00f1oso m\u00e1is grande da Rep\u00fablica Dominicana. <\/span><span style=\"vertical-align: inherit;\">Mentres conduce polos diferentes lugares, sentir\u00e1 o aire da monta\u00f1a e gozar\u00e1 da beleza do campo.\u00a0<\/span><\/span><\/span><br \/>\nn<br \/>\nn<strong><span style=\"vertical-align: inherit;\"><span style=\"vertical-align: inherit;\">Seleccione a data para o Tour:\u00a0<\/span><\/span><\/strong><\/p>\n<p>&nbsp;<\/p>\n<div class=\"vc_row wpb_row vc_row-fluid\" ><div class=\"wpb_column vc_column_container vc_col-sm-12\"><div class=\"vc_column-inner\"><div class=\"wpb_wrapper\"><div class=\"mkdf-section-title-holder\" style=\"text-align: left\">\n\t<div class=\"mkdf-st-inner\">\n\t\t\t\t\t<h5 class=\"mkdf-st-subtitle\" >\n\t\t\t\tBuggy - Buggies\t\t\t<\/h5>\n\t\t\t\t\t\t\t<h3 class=\"mkdf-st-title\" >\n\t\t\t\tJarabacoa con fervenzas de Jimenoa e Baiguate\t\t\t<\/h3>\n\t\t\t\t\t<\/div>\n<\/div><\/div><\/div><\/div><\/div><div class=\"vc_row wpb_row vc_row-fluid\" ><div class=\"wpb_column vc_column_container vc_col-sm-12\"><div class=\"vc_column-inner\"><div class=\"wpb_wrapper\">\n\t<div class=\"wpb_text_column wpb_content_element\" >\n\t\t<div class=\"wpb_wrapper\">\n\t\t\t<p>\nn<\/p>\n<h3 class=\"ui_header h1 attractions-product-info-ProductTitle__title--1qM0o\">Buggy Jarabacoa con Baiguate Waterfall Double<\/h3>\n<p>n<\/p>\n<h4><b><i>Visi\u00f3n xeral <\/i><\/b><\/h4>\n<p>n<span style=\"font-weight: 400;\">\u00danete a n\u00f3s e viaxa cun experto local de Jarabacoa e obt\u00e9n a experiencia \u00fanica de visitar os mellores lugares da capital do ecoturismo a partir de Jarabacoa, este percorrido levarache por a\u00ed vendo a fermosa paisaxe do rancho de monta\u00f1a m\u00e1is grande da Rep\u00fablica Dominicana. Mentres conduces polos diferentes lugares sentir\u00e1s o aire da monta\u00f1a e gozar\u00e1s da beleza da paisaxe.\u00a0<\/span><br \/>\nn<br \/>\nn<span style=\"font-weight: 400;\">Podemos chegar aos diferentes lugares para este percorrido. Ter\u00e1s as opci\u00f3ns: Bicicleta, Paseos a cabalo, Safari, Catro rodas ou Buggy. Compra o teu billete en li\u00f1a agora e divert\u00edmonos aprendendo sobre a cultura de Jarabacoa e da Rep\u00fablica Dominicana mentres viaxas aos mellores lugares da cidade.<\/span><br \/>\nn<br \/>\nn<span style=\"font-weight: 400;\">Jarabacoa \u00e9 a cidade das eternas vacaci\u00f3ns de primavera polo tempo e o segundo municipio m\u00e1is importante da provincia da Veiga. Segundo a historia, Jarabacoa significa \u201clugar de moita auga\u201d, O 27 de setembro de 1858, Jarabacoa comeza a s\u00faa vida como concello, categor\u00eda obtida tras unha traxectoria que chega desde principios do s\u00e9culo XIX. Viaxa connosco e co\u00f1ece m\u00e1is sobre as monta\u00f1as, a natureza, a cultura e as persoas da rexi\u00f3n norte da Rep\u00fablica Dominicana.\u00a0<\/span><br \/>\nn<\/p>\n<ul>\nn \t<\/p>\n<li style=\"font-weight: 400;\">Gastos inclu\u00eddos<\/li>\n<p>n \t<\/p>\n<li>Xantar<\/li>\n<p>n \t<\/p>\n<li>Merendas<\/li>\n<p>n \t<\/p>\n<li style=\"font-weight: 400;\">Gu\u00eda tur\u00edstica local en ingl\u00e9s<\/li>\n<p>n<\/ul>\n<p>n<\/p>\n<h4><b>Inclusi\u00f3ns e exclusi\u00f3ns<\/b><\/h4>\n<p>n<b>Inclusi\u00f3ns<\/b><br \/>\nn<\/p>\n<ol>\nn \t<\/p>\n<li>Xantar<\/li>\n<p>n \t<\/p>\n<li style=\"font-weight: 400;\"><span style=\"font-weight: 400;\">Todos os impostos, taxas e gastos de xesti\u00f3n<\/span><\/li>\n<p>n \t<\/p>\n<li style=\"font-weight: 400;\"><span style=\"font-weight: 400;\">Impostos locais<\/span><\/li>\n<p>n \t<\/p>\n<li style=\"font-weight: 400;\"><span style=\"font-weight: 400;\">Bebidas<\/span><\/li>\n<p>n \t<\/p>\n<li>Merendas<\/li>\n<p>n \t<\/p>\n<li style=\"font-weight: 400;\"><span style=\"font-weight: 400;\">Todas as actividades<\/span><\/li>\n<p>n \t<\/p>\n<li style=\"font-weight: 400;\"><span style=\"font-weight: 400;\">Gu\u00eda local<\/span><\/li>\n<p>n<\/ol>\n<p>n<b> Exclusi\u00f3ns<\/b><br \/>\nn<\/p>\n<ol>\nn \t<\/p>\n<li style=\"font-weight: 400;\"><span style=\"font-weight: 400;\">Gratu\u00edtos<\/span><\/li>\n<p>n \t<\/p>\n<li>transporte (Establecer contactando connosco)<\/li>\n<p>n \t<\/p>\n<li style=\"font-weight: 400;\"><span style=\"font-weight: 400;\">Bebidas alcoh\u00f3licas<\/span><\/li>\n<p>n<\/ol>\n<p>n<\/p>\n<h4><em><strong>Sa\u00edda e volta<\/strong><\/em><\/h4>\n<p>n<span style=\"font-weight: 400;\">O viaxeiro ter\u00e1 un punto de encontro despois do proceso de reserva. As visitas comezan e rematan nos nosos puntos de encontro.<\/span><br \/>\nn<\/p>\n<h3 class=\"ui_header h1 attractions-product-info-ProductTitle__title--1qM0o\">Buggy Jarabacoa con Baiguate Waterfall Double<\/h3>\n<p>n<\/p>\n<h4><b><i>Que esperar?<\/i><\/b><\/h4>\n<p>n<span style=\"font-weight: 400;\">Obt\u00e9n o teu billete para as fervenzas de Baiguate desde a cidade de Jarabacoa en Buggy.\u00a0<\/span><br \/>\nn<br \/>\nn<span style=\"font-weight: 400;\">Cando falamos de buggies, falamos dun todoterreo que ofrece seguridade e facilidade de manexo, ao tempo que permite ao usuario un maior contacto co terreo e a natureza que o rodea durante a conduci\u00f3n. Sente a brisa, o sol, a choiva, mira a paisaxe ao teu car\u00f3n nun dispositivo c\u00f3modo e seguro dese\u00f1ado para gozar da pista forestal e todoterreo.<\/span><br \/>\nn<br \/>\nn<span style=\"font-weight: 400;\">Esta Excursi\u00f3n comeza desde un punto de encontro que debes confirmar cos nosos axentes de viaxes ou coa t\u00faa gu\u00eda tur\u00edstica antes de dirixirte a calquera lugar. Unha vez que co\u00f1ezas o teu gu\u00eda, ter\u00e1s un resumo do percorrido e todo o relacionado co teu d\u00eda.<\/span><br \/>\nn<br \/>\nn<span style=\"font-weight: 400;\">Cando todos estean preparados, comezaremos a nosa viaxe a algunhas zonas rurais da cidade de Jarabacoa, mentres conduces o teu buggy, as estradas accidentadas e o aire de monta\u00f1a do campo desde o centro norte do pa\u00eds amosarache a beleza e a natureza a trav\u00e9s desta aventura.<\/span><br \/>\nn<br \/>\nn<span style=\"font-weight: 400;\">Alg\u00fans dos lugares que visitar\u00e1s durante esta viaxe son La Confluencia, onde se atopan os r\u00edos Jimenoa e Yaque Del Norte, Cieneguita e Monte Arriba.\u00a0<\/span><br \/>\nn<br \/>\nn<span style=\"font-weight: 400;\">Despois de percorrer uns 30 quil\u00f3metros dirixir\u00e9monos \u00e1 fervenza de Baiguate para facer unha cami\u00f1ada de 10 minutos e nadar en piscinas naturais.\u00a0<\/span><br \/>\nn<br \/>\nn<span style=\"font-weight: 400;\">Durante esta parte da t\u00faa viaxe poder\u00e1s nadar durante aproximadamente 1 hora e facer un descanso para probar todos os d\u00edas unhas froitas frescas recollidas na terra do labrego de Jarabacoa. Baiguate ten unha ca\u00edda de 82 p\u00e9s de altura e \u00e9 o lugar perfecto para relaxarse un pouco antes de volver \u00e1 cidade.\u00a0\u00a0<\/span><br \/>\nn<br \/>\nn<span style=\"font-weight: 400;\">Durante esta parte da t\u00faa viaxe poder\u00e1s nadar durante aproximadamente 1 hora e facer un descanso para probar todos os d\u00edas unhas froitas frescas recollidas na terra do labrego de Jarabacoa. Baiguate ten unha ca\u00edda de 82 p\u00e9s de altura e \u00e9 o lugar perfecto para relaxarse un pouco antes de volver \u00e1 cidade.\u00a0\u00a0<\/span><br \/>\nn<br \/>\nn<span style=\"font-weight: 400;\">M\u00e1is tarde, despois da fervenza de Baiguate, dirix\u00edmonos a Ivon&#039;s para probar o mellor xeado local, feito na casa por un experto local, e cami\u00f1aremos ata o Parque Central Duarte para a \u00faltima parte da t\u00faa viaxe, este \u00e9 un percorrido de 6 horas que che d\u00e1 a oportunidade de supervisa Jarabacoa, esta excursi\u00f3n remata no mesmo lugar no que comezou.<\/span><br \/>\nn<br \/>\nn<span style=\"font-weight: 400;\">Nota: Estes percorridos son con gu\u00edas ecoloxistas oficiais. Reserve con tempo porque no parque non hai demasiados especialistas.<\/span><br \/>\nn<\/p>\n<h4><em><strong>Que debes traer?<\/strong><\/em><\/h4>\n<p>n<\/p>\n<ul>\nn \t<\/p>\n<li style=\"font-weight: 400;\"><span style=\"font-weight: 400;\">C\u00e1mara<\/span><\/li>\n<p>n \t<\/p>\n<li style=\"font-weight: 400;\"><span style=\"font-weight: 400;\">Brotes repelentes<\/span><\/li>\n<p>n \t<\/p>\n<li style=\"font-weight: 400;\"><span style=\"font-weight: 400;\">Crema solar<\/span><\/li>\n<p>n \t<\/p>\n<li style=\"font-weight: 400;\"><span style=\"font-weight: 400;\">Sombreiro<\/span><\/li>\n<p>n \t<\/p>\n<li style=\"font-weight: 400;\"><span style=\"font-weight: 400;\">Pantal\u00f3ns c\u00f3modos<\/span><\/li>\n<p>n \t<\/p>\n<li style=\"font-weight: 400;\"><span style=\"font-weight: 400;\">Zapatos de sendeirismo para bosque<\/span><\/li>\n<p>n \t<\/p>\n<li style=\"font-weight: 400;\"><span style=\"font-weight: 400;\">Sandalias para as zonas de Primavera.<\/span><\/li>\n<p>n \t<\/p>\n<li style=\"font-weight: 400;\"><span style=\"font-weight: 400;\">Roupa de ba\u00f1o<\/span><\/li>\n<p>n<\/ul>\n<p>n<\/p>\n<h4><b><i>Recollida no hotel <\/i><\/b><\/h4>\n<p>n<span style=\"font-weight: 400;\">Ofr\u00e9cese a recollida do hotel para esta excursi\u00f3n. Fixamos Pick up contactando connosco por Whatsapp.<\/span><br \/>\nn<br \/>\nn<b>Nota:<\/b><span style=\"font-weight: 400;\"> se reservas dentro das 24 horas posteriores \u00e1 hora de sa\u00edda da excursi\u00f3n\/excursi\u00f3n, podemos organizar a recollida do hotel con cargos adicionais. Unha vez completada a compra, enviar\u00e9mosche a informaci\u00f3n de contacto completa (n\u00famero de tel\u00e9fono, enderezo de correo electr\u00f3nico, etc.) para que o noso gu\u00eda tur\u00edstico local organice a recollida.<\/span><br \/>\nn<\/p>\n<h4><b><i>Confirmaci\u00f3n de informaci\u00f3n adicional <\/i><\/b><\/h4>\n<p>n<\/p>\n<ol>\nn \t<\/p>\n<li>As entradas son o recibo despois de pagar este Tour. Podes mostrar o pago no teu tel\u00e9fono.<\/li>\n<p>n \t<\/p>\n<li style=\"font-weight: 400;\"><span style=\"font-weight: 400;\">O punto de encontro recibirase despois do proceso de reserva.<\/span><\/li>\n<p>n \t<\/p>\n<li style=\"font-weight: 400;\"><span style=\"font-weight: 400;\">Os nenos deben ir acompa\u00f1ados dun adulto.<\/span><\/li>\n<p>n \t<\/p>\n<li style=\"font-weight: 400;\"><span style=\"font-weight: 400;\"> Non accesible en cadeira de rodas <\/span><\/li>\n<p>n \t<\/p>\n<li style=\"font-weight: 400;\"><span style=\"font-weight: 400;\">Os beb\u00e9s deben sentarse no colo <\/span><\/li>\n<p>n \t<\/p>\n<li style=\"font-weight: 400;\"><span style=\"font-weight: 400;\">Non recomendado para viaxeiros con problemas de costas<\/span><\/li>\n<p>n \t<\/p>\n<li style=\"font-weight: 400;\"><span style=\"font-weight: 400;\">Non recomendado para viaxeiras embarazadas <\/span><\/li>\n<p>n \t<\/p>\n<li style=\"font-weight: 400;\"><span style=\"font-weight: 400;\"> Sen problemas card\u00edacos ou outras condici\u00f3ns m\u00e9dicas graves <\/span><\/li>\n<p>n \t<\/p>\n<li style=\"font-weight: 400;\"><span style=\"font-weight: 400;\">Poden participar a maior\u00eda dos viaxeiros<\/span><\/li>\n<p>n<\/ol>\n<p>n<\/p>\n<h4><b><i>Pol\u00edtica de cancelaci\u00f3n<\/i><\/b><\/h4>\n<p>Para obter un reembolso completo, lea as nosas pol\u00edticas de cancelaci\u00f3n\u00a0<a href=\"https:\/\/www.boattoursamana.com\/gl\/reserva-en-lina\/\" target=\"_blank\" rel=\"noopener\" data-saferedirecturl=\"https:\/\/www.google.com\/url?q=https:\/\/www.boattoursamana.com\/online-booking\/&amp;source=gmail&amp;ust=1672449202351000&amp;usg=AOvVaw1yAeVAPktmaVCqDujgUn90\">Pulse AQU\u00cd<\/a>. Os fondos perderanse se a reserva se cancela o mesmo d\u00eda da viaxe.<\/p>\n\n\t\t<\/div>\n\t<\/div>\n<\/div><\/div><\/div><\/div><div class=\"vc_row wpb_row vc_row-fluid\" ><div class=\"wpb_column vc_column_container vc_col-sm-12\"><div class=\"vc_column-inner\"><div class=\"wpb_wrapper\">\n\t<div class=\"wpb_video_widget wpb_content_element vc_clearfix   vc_video-aspect-ratio-169 vc_video-el-width-100 vc_video-align-left\" >\n\t\t<div class=\"wpb_wrapper\">\n\t\t\t<h2 class=\"wpb_heading wpb_video_heading\">V\u00eddeo da cidade de Jarabacoa:<\/h2>\n\t\t\t<div class=\"wpb_video_wrapper\"><iframe loading=\"lazy\" title=\"Jarabacoa | Puro Turismo de Monta\u00f1a\" width=\"1100\" height=\"619\" src=\"https:\/\/www.youtube.com\/embed\/FRHfK4RS39A?feature=oembed\" frameborder=\"0\" allow=\"accelerometer; autoplay; clipboard-write; encrypted-media; gyroscope; picture-in-picture; web-share\" allowfullscreen><\/iframe><\/div>\n\t\t<\/div>\n\t<\/div>\n<\/div><\/div><\/div><\/div><div class=\"vc_row wpb_row vc_row-fluid\" ><\/div><div class=\"wpb_column vc_column_container vc_col-sm-12\"><div class=\"vc_column-inner\"><div class=\"wpb_wrapper\"><\/div><\/div><\/div><div class=\"vc_empty_space\"   style=\"height: 32px\"><span class=\"vc_empty_space_inner\"><\/span><\/div>\n\t<div class=\"wpb_text_column wpb_content_element\" >\n\t\t<div class=\"wpb_wrapper\">\n\t\t\t<p>\nn<br \/>\nSon bloque de texto. Fai clic no bot\u00f3n editar para cambiar este texto. Lorem ipsum dolor sit amet, consectetur adipiscing elit. Ut elit tellus, luctus nec ullamcorper mattis, pulvinar dapibus leo.<br \/>\nn<br \/>\nn<\/p>\n\n\t\t<\/div>\n\t<\/div>\n<div class=\"vc_empty_space\"   style=\"height: 32px\"><span class=\"vc_empty_space_inner\"><\/span><\/div>","protected":false},"excerpt":{"rendered":"<p>\u00danase a n\u00f3s e viaxe cun experto local de Jarabacoa e obt\u00e9n a experiencia \u00fanica de visitar os mellores lugares da capital do ecoturismo a partir de Jarabacoa, este tour o levar\u00e1 a co\u00f1ecer o fermoso paisaxe do rancho monta\u00f1oso m\u00e1is grande da Rep\u00fablica Dominicana. Mentres conduce polos diferentes lugares, sentir\u00e1 o aire da monta\u00f1a e gozar\u00e1 da beleza do campo. n nSeleccione a data para o Tour:\u00a0 &nbsp;<\/p>","protected":false},"author":2,"featured_media":0,"parent":0,"menu_order":0,"comment_status":"open","ping_status":"closed","template":"","meta":{"footnotes":""},"class_list":["post-15865","page","type-page","status-publish","hentry"],"_links":{"self":[{"href":"https:\/\/www.boattoursamana.com\/gl\/wp-json\/wp\/v2\/pages\/15865","targetHints":{"allow":["GET"]}}],"collection":[{"href":"https:\/\/www.boattoursamana.com\/gl\/wp-json\/wp\/v2\/pages"}],"about":[{"href":"https:\/\/www.boattoursamana.com\/gl\/wp-json\/wp\/v2\/types\/page"}],"author":[{"embeddable":true,"href":"https:\/\/www.boattoursamana.com\/gl\/wp-json\/wp\/v2\/users\/2"}],"replies":[{"embeddable":true,"href":"https:\/\/www.boattoursamana.com\/gl\/wp-json\/wp\/v2\/comments?post=15865"}],"version-history":[{"count":0,"href":"https:\/\/www.boattoursamana.com\/gl\/wp-json\/wp\/v2\/pages\/15865\/revisions"}],"wp:attachment":[{"href":"https:\/\/www.boattoursamana.com\/gl\/wp-json\/wp\/v2\/media?parent=15865"}],"curies":[{"name":"wp","href":"https:\/\/api.w.org\/{rel}","templated":true}]}}