{"id":12429,"date":"2021-03-22T09:20:50","date_gmt":"2021-03-22T09:20:50","guid":{"rendered":"https:\/\/www.ticketswhales.com\/?post_type=product&#038;p=12429"},"modified":"2023-11-07T20:41:22","modified_gmt":"2023-11-07T20:41:22","slug":"los-haitises-mountain-bike-private-boat-trip","status":"publish","type":"product","link":"https:\/\/www.boattoursamana.com\/gl\/xira\/paseo-en-barco-privado-en-bicicleta-de-montana-los-haitises","title":{"rendered":"Bicicleta de monta\u00f1a Los Haitises + paseo privado en barco"},"content":{"rendered":"<div class=\"wpb_column vc_column_container vc_col-sm-12\"><div class=\"vc_column-inner\"><div class=\"wpb_wrapper\"><\/div><\/div><\/div><div class=\"wpb_column vc_column_container vc_col-sm-12\"><div class=\"vc_column-inner\"><div class=\"wpb_wrapper\"><\/div><\/div><\/div><div class=\"wpb_column vc_column_container vc_col-sm-12\"><div class=\"vc_column-inner\"><div class=\"wpb_wrapper\"><\/div><\/div><\/div><div class=\"wpb_column vc_column_container vc_col-sm-12\"><div class=\"vc_column-inner\"><div class=\"wpb_wrapper\"><\/div><\/div><\/div><div class=\"vc_row wpb_row vc_row-fluid\" ><div class=\"wpb_column vc_column_container vc_col-sm-12\"><div class=\"vc_column-inner\"><div class=\"wpb_wrapper\">\n\t<div class=\"wpb_text_column wpb_content_element\" >\n\t\t<div class=\"wpb_wrapper\">\n\t\t\t<div class=\"vc_row wpb_row vc_row-fluid\">\n<div class=\"wpb_column vc_column_container vc_col-sm-12\">\n<div class=\"vc_column-inner\">\n<div class=\"wpb_wrapper\">\n<div class=\"mkdf-section-title-holder\">\n<div class=\"mkdf-st-inner\">\n<h5 class=\"mkdf-st-subtitle\">Bicicleta, manglares, paseos en barco, covas e moito m\u00e1is.<\/h5>\n<h3 class=\"mkdf-st-title\">Bicicleta de monta\u00f1a Los Haitises + paseo privado en barco<\/h3>\n<\/div>\n<\/div>\n<\/div>\n<\/div>\n<\/div>\n<\/div>\n<div class=\"vc_row wpb_row vc_row-fluid\">\n<div class=\"wpb_column vc_column_container vc_col-sm-12\">\n<div class=\"vc_column-inner\">\n<div class=\"wpb_wrapper\">\n<div class=\"vc_empty_space\"><\/div>\n<\/div>\n<\/div>\n<\/div>\n<\/div>\n<div class=\"vc_row wpb_row vc_row-fluid\">\n<div class=\"wpb_column vc_column_container vc_col-sm-12\">\n<div class=\"vc_column-inner\">\n<div class=\"wpb_wrapper\">\n<div class=\"wpb_text_column wpb_content_element\">\n<div class=\"wpb_wrapper\">\n<h5><strong>Visi\u00f3n xeral<\/strong><\/h5>\n<p>Viaxa cun experto local e obt\u00e9n a experiencia \u00fanica de andar en bicicleta partindo de Sabana de la Mar, este percorrido levarache por a\u00ed para ver a fermosa paisaxe do campo da Rep\u00fablica Dominicana. Mentres vaias en bicicleta poder\u00e1s dicir ola! os labregos montando os seus cabalos ou motos ata a s\u00faa propiedade e durante o percorrido, poder\u00e1s emerxer na aventura e na cultura local de Sabana de la Mar. Alg\u00fans datos sobre Los Haitises: \u00e9 unha das formaci\u00f3ns calizas m\u00e1is grandes do mundo, unha lugar para a conservaci\u00f3n de especies end\u00e9micas, Localizaci\u00f3n coa maior parte da biodiversidade da illa e hai un dos maiores bosques de mangle de Quisqueya.<\/p>\n<p>&nbsp;<\/p>\n<p><strong>Inclusi\u00f3ns e exclusi\u00f3ns<\/strong><\/p>\n<p>&nbsp;<\/p>\n<p><strong>Inclusi\u00f3ns<\/strong><\/p>\n<p>Andar en bicicleta<\/p>\n<p>Paseo en barco<\/p>\n<p>Merendas<\/p>\n<p>1 botella de auga<\/p>\n<p>Kit de primeiros auxilios<\/p>\n<p>Todos os impostos, taxas e gastos de xesti\u00f3n<\/p>\n<p>Impostos locais<\/p>\n<p>Funcionarios Gu\u00edas ecoloxistas ingl\u00e9s\/espa\u00f1ol<\/p>\n<p>&nbsp;<\/p>\n<p><strong>Exclusi\u00f3ns<\/strong><\/p>\n<p>Gratu\u00edtos<\/p>\n<p>Transferencia<\/p>\n<p>Bebida<\/p>\n<p>&nbsp;<\/p>\n<p>&nbsp;<\/p>\n<p>Sa\u00edda e volta<\/p>\n<p>&nbsp;<\/p>\n<p>O percorrido, organizado por \u201cBooking Adventures\u201d, comeza no punto de encontro fixado co gu\u00eda tur\u00edstico ou o persoal. O viaxeiro ter\u00e1 un punto de encontro despois do proceso de reserva. Os percorridos comezan e rematan nos nosos puntos de encontro.<\/p>\n<p>&nbsp;<\/p>\n<p>Que esperar?<\/p>\n<p>Consigue o teu billete para Ciclismo e Barco desde Sabana de la Mar<\/p>\n<p>&nbsp;<\/p>\n<p>Esta Excursi\u00f3n comeza desde un punto de encontro que debes confirmar cos nosos axentes de viaxes ou coa t\u00faa gu\u00eda tur\u00edstica antes de dirixirte a calquera lugar. Unha vez que co\u00f1ezas o teu gu\u00eda, ter\u00e1s un resumo do percorrido e todo o relacionado co teu d\u00eda.<\/p>\n<p>&nbsp;<\/p>\n<p>Cando todos estean preparados dirix\u00edmonos ao porto do Parque Nacional Los Haitises onde comezar\u00e1 a navegar no r\u00edo Cano Hondo que desemboca na ba\u00eda de San Lorenzo, esta \u00e9 unha pequena ba\u00eda de s\u00f3 10 km2 e durante d\u00faas horas emerxer\u00e1s no os diferentes ecosistemas de Los Haitises.<\/p>\n<p>&nbsp;<\/p>\n<p>Durante esta parte da t\u00faa viaxe navegar\u00e1s polo bosque de mangle que \u00e9 o segundo m\u00e1is grande da illa con m\u00e1is de 90 km2 e cando chegues \u00e1 ba\u00eda de San Lorenzo ver\u00e1s a pen\u00ednsula e a ba\u00eda de Saman\u00e1.<\/p>\n<p>&nbsp;<\/p>\n<p>Mentres esteas dentro hai a posibilidade de ver alg\u00fans golfi\u00f1os, aves como a garza azul, a garza real, os corvos, o pel\u00edcano pardo, o charr\u00e1n real, a fragata magn\u00edfica e as vistas \u00fanicas do Parque Nacional Los Haitises. Despois de 4 horas e media de actividades no Parque Nacional Los Haitises e Sabana de la Mar, esta excursi\u00f3n remata no mesmo lugar no que comezou.<\/p>\n<p>&nbsp;<\/p>\n<p>Nota: Estes percorridos son con gu\u00edas ecoloxistas oficiais. Reserve con tempo porque no parque non hai demasiados especialistas.<\/p>\n<p>&nbsp;<\/p>\n<p>&nbsp;<\/p>\n<p>Que debes traer?<\/p>\n<ul>\n<li aria-level=\"1\">C\u00e1mara<\/li>\n<li aria-level=\"1\">Brotes repelentes<\/li>\n<li aria-level=\"1\">crema solar<\/li>\n<li aria-level=\"1\">Sombreiro<\/li>\n<li aria-level=\"1\">Pantal\u00f3ns c\u00f3modos<\/li>\n<li aria-level=\"1\">Zapatillas para correr<\/li>\n<li aria-level=\"1\">Sandalias para o kayak<\/li>\n<li aria-level=\"1\">Roupa de ba\u00f1o<\/li>\n<li aria-level=\"1\">Toallas<\/li>\n<\/ul>\n<p>&nbsp;<\/p>\n<h4><b><i>Recollida no hotel<\/i><\/b><\/h4>\n<p>Non se ofrece a recollida do hotel para esta excursi\u00f3n.<\/p>\n<p>&nbsp;<\/p>\n<p><b>Nota:<\/b>\u00a0se reservas dentro das 24 horas posteriores \u00e1 hora de sa\u00edda da excursi\u00f3n\/excursi\u00f3n, podemos organizar a recollida do hotel con cargos adicionais. Unha vez completada a compra, enviar\u00e9mosche a informaci\u00f3n de contacto completa (n\u00famero de tel\u00e9fono, enderezo de correo electr\u00f3nico, etc.) para que o noso gu\u00eda tur\u00edstico local organice a recollida.<\/p>\n<h4><b><i>Confirmaci\u00f3n de informaci\u00f3n adicional<\/i><\/b><\/h4>\n<ol>\n<li>As entradas son o recibo despois de pagar este Tour. Podes mostrar o pago no teu tel\u00e9fono.<\/li>\n<li>O punto de encontro recibirase despois do proceso de reserva.<\/li>\n<li>Os nenos deben ir acompa\u00f1ados dun adulto.<\/li>\n<li>Non accesible en cadeira de rodas<\/li>\n<li>Os beb\u00e9s deben sentarse no colo<\/li>\n<li>Non recomendado para viaxeiros con problemas de costas<\/li>\n<li>Non recomendado para viaxeiras embarazadas<\/li>\n<li>Sen problemas card\u00edacos ou outras condici\u00f3ns m\u00e9dicas graves<\/li>\n<li>Poden participar a maior\u00eda dos viaxeiros<\/li>\n<\/ol>\n<h4><b><i>Pol\u00edtica de cancelaci\u00f3n<\/i><\/b><\/h4>\n<p>Para un reembolso completo, cancela polo menos 24 horas antes da data de inicio da experiencia.<\/p>\n<\/div>\n<\/div>\n<\/div>\n<\/div>\n<\/div>\n<\/div>\n<div class=\"vc_row wpb_row vc_row-fluid\">\n<div class=\"wpb_column vc_column_container vc_col-sm-12\">\n<div class=\"vc_column-inner\">\n<div class=\"wpb_wrapper\">\n<div class=\"vc_empty_space\"><\/div>\n<div class=\"wpb_text_column wpb_content_element\">\n<div class=\"wpb_wrapper\">\n<h4>Contacta connosco?<\/h4>\n<h5>Reserva aventuras<\/h5>\n<p><em><strong>Os locais<\/strong>\u00a0e\u00a0<strong>Nacionais<\/strong>\u00a0Gu\u00edas tur\u00edsticos e servizos para os h\u00f3spedes<\/em><\/p>\n<p><span class=\"text-turquoise\">Reservas:<\/span>\u00a0Tours e excursi\u00f3ns en Dom. Rep.<\/p>\n<p>\ud83d\udcde Tel\/Whatsapp\u00a0\u00a0<a href=\"tel:+1-809-720-6035\">+1-809-720-6035<\/a>.<\/p>\n<p>\ud83d\udce9\u00a0<a href=\"mailto:info@bookingadventures.com.do\">info@bookingadventures.com.do<\/a><\/p>\n<p><strong>Somos flexibles para configurar tours privados por Whatsapp:\u00a0<a href=\"tel:+18097206035\">+18097206035.<\/a><\/strong><\/p>\n<\/div>\n<\/div>\n<\/div>\n<\/div>\n<\/div>\n<\/div>\n\n\t\t<\/div>\n\t<\/div>\n<\/div><\/div><\/div><\/div>","protected":false},"excerpt":{"rendered":"<p>Viaxa cun experto local e obt\u00e9n a experiencia \u00fanica de andar en bicicleta partindo de Sabana de la Mar, este percorrido levarache por a\u00ed para ver a fermosa paisaxe do campo da Rep\u00fablica Dominicana. Mentres vaias en bicicleta poder\u00e1s dicir ola! os agricultores montando os seus cabalos ou motos ata a s\u00faa propiedade e durante o percorrido, poder\u00e1s emerxer na aventura e na cultura local de Sabana de la Mar. Experiencia \u00fanica en bicicleta de monta\u00f1a!<\/p>\n<p>&nbsp;<\/p>\n<p><strong>Seleccione a data para a xira:<\/strong><\/p>","protected":false},"featured_media":12738,"template":"","meta":[],"product_cat":[870,946,928,838,930,254,255],"product_tag":[176,211,192,171,209,426,327,175,199,200],"class_list":["post-12429","product","type-product","status-publish","has-post-thumbnail","hentry","product_cat-private-boat-trip-los-haitises","product_cat-1-sabana-de-la-mar","product_cat-boat-trip-los-haitises","product_cat-mangroves-projects","product_cat-mountain-bike-los-haitises","product_cat-tours-excursions-los-haitises-national-park","product_cat-tours-excursions-samana-bay-dominican-republic","product_tag-cano-hondo","product_tag-cano-hondo-hotel","product_tag-day-tour-cano-hondo","product_tag-los-haitises","product_tag-los-haitises-national-park","product_tag-los-haitises-tours","product_tag-private-tours-samana","product_tag-sabana-de-la-mar","product_tag-samana-bay","product_tag-samana-excursions"],"_links":{"self":[{"href":"https:\/\/www.boattoursamana.com\/gl\/wp-json\/wp\/v2\/product\/12429","targetHints":{"allow":["GET"]}}],"collection":[{"href":"https:\/\/www.boattoursamana.com\/gl\/wp-json\/wp\/v2\/product"}],"about":[{"href":"https:\/\/www.boattoursamana.com\/gl\/wp-json\/wp\/v2\/types\/product"}],"wp:featuredmedia":[{"embeddable":true,"href":"https:\/\/www.boattoursamana.com\/gl\/wp-json\/wp\/v2\/media\/12738"}],"wp:attachment":[{"href":"https:\/\/www.boattoursamana.com\/gl\/wp-json\/wp\/v2\/media?parent=12429"}],"wp:term":[{"taxonomy":"product_cat","embeddable":true,"href":"https:\/\/www.boattoursamana.com\/gl\/wp-json\/wp\/v2\/product_cat?post=12429"},{"taxonomy":"product_tag","embeddable":true,"href":"https:\/\/www.boattoursamana.com\/gl\/wp-json\/wp\/v2\/product_tag?post=12429"}],"curies":[{"name":"wp","href":"https:\/\/api.w.org\/{rel}","templated":true}]}}