{"id":12450,"date":"2021-03-27T06:52:26","date_gmt":"2021-03-27T06:52:26","guid":{"rendered":"https:\/\/www.ticketswhales.com\/?post_type=product&#038;p=12450"},"modified":"2023-03-22T10:10:45","modified_gmt":"2023-03-22T10:10:45","slug":"saona-island-rentals-rent-a-private-boat-small","status":"publish","type":"product","link":"https:\/\/www.boattoursamana.com\/gl\/xira\/saona-island-rentals-alugar-un-barco-privado-pequeno","title":{"rendered":"Saona Island Rentals: alugue un barco privado pequeno"},"content":{"rendered":"<div class=\"vc_row wpb_row vc_row-fluid\" ><div class=\"wpb_column vc_column_container vc_col-sm-12\"><div class=\"vc_column-inner\"><div class=\"wpb_wrapper\">\n\t<div class=\"wpb_text_column wpb_content_element\" >\n\t\t<div class=\"wpb_wrapper\">\n\t\t\t<p> <span style=\"vertical-align: inherit;\"><span style=\"vertical-align: inherit;\"><\/p>\n\n\t\t<\/div>\n\t<\/div>\n<\/div><\/div><\/div><\/div><div class=\"vc_row wpb_row vc_row-fluid\" ><\/div><div class=\"wpb_column vc_column_container vc_col-sm-12\"><div class=\"vc_column-inner\"><div class=\"wpb_wrapper\"><\/div><\/div><\/div><div class=\"vc_tta-container\" data-vc-action=\"collapse\"><div class=\"vc_general vc_tta vc_tta-tabs vc_tta-color-grey vc_tta-style-classic vc_tta-shape-rounded vc_tta-spacing-1 vc_tta-tabs-position-top vc_tta-controls-align-left\"><div class=\"vc_tta-tabs-container\"><ul class=\"vc_tta-tabs-list\"><\/ul><\/div><div class=\"vc_tta-panels-container\"><div class=\"vc_tta-panels\"><\/div><\/div><\/div><\/div><div class=\"vc_tta-panel vc_active\" id=\"1616582286467-74629ea8-fd69\" data-vc-content=\".vc_tta-panel-body\"><div class=\"vc_tta-panel-heading\"><h4 class=\"vc_tta-panel-title\"><a href=\"#1616582286467-74629ea8-fd69\" data-vc-accordion data-vc-container=\".vc_tta-container\"><span class=\"vc_tta-title-text\">Descrici\u00f3n<\/span><\/a><\/h4><\/div><div class=\"vc_tta-panel-body\"><div class=\"vc_btn3-container vc_btn3-inline\" ><a class=\"vc_general vc_btn3 vc_btn3-size-md vc_btn3-shape-rounded vc_btn3-style-modern vc_btn3-color-green\" href=\"https:\/\/bookingadventures.tours\/booking.php?tour_id=c5b4dcf89f4d6ad59b861fe6cfa59959\" title=\"\" rel=\"noopener\">RESERVAR AGORA<\/a><\/div>\n\t<div class=\"wpb_text_column wpb_content_element\" >\n\t\t<div class=\"wpb_wrapper\">\n\t\t\t<p>\u00a0<\/span><\/span><\/p>\n<div class=\"custom-left\">\n<div class=\"row\">\n<div class=\"col-md-12 cust-clas\">\n<div class=\"product-header alignleft\">\n<p><span style=\"vertical-align: inherit;\"><span style=\"vertical-align: inherit;\">ILLA SAONA \u2013 ALUGUER DE BARCOS<\/span><\/span><\/p>\n<p><span style=\"vertical-align: inherit;\"><span style=\"vertical-align: inherit;\">ALQUILER PRIVADO D\u00cdA COMPLETO \u00c1 ILLA DE SAONA<\/span><\/span><\/p>\n<p><span style=\"vertical-align: inherit;\"><span style=\"vertical-align: inherit;\">DURACI\u00d3N FLEXIBLE \u2013 DE LUNS A DOMINGO<\/span><\/span><\/p>\n<\/div>\n<\/div>\n<\/div>\n<\/div>\n<div class=\"custom-left para-p\">\n<div class=\"info_content_label\">\n<p>&nbsp;<\/p>\n<p>&nbsp;<\/p>\n<p>&nbsp;<\/p>\n<p>&nbsp;<\/p>\n<p>Alugue este fabuloso barco durante todo o d\u00eda para que ata 16 persoas visiten a illa Saona.<\/p>\n<p><strong>INCLU\u00cdDO<\/strong><\/p>\n<ul>\n<li>Tripulaci\u00f3n (capit\u00e1n e axudante do capit\u00e1n)<\/li>\n<li>Combustible<\/li>\n<li>Enfriador de xeo con xeo<\/li>\n<\/ul>\n<p>A comida est\u00e1 dispo\u00f1ible por un prezo extra:<\/p>\n<p><strong>Detalles do xantar buffet tradicional, $15 USD p\/p:<\/strong><\/p>\n<p>-Ensalada verde, Ensalada rusa<br \/>\n-Pan<br \/>\n-Moro de Guandule (arroz estilo dominicano) con coco<br \/>\n-Pasta en salsa de tomate<br \/>\n-Cazolas de yuca<br \/>\n-Peixe e polo \u00e1 prancha (dorado) + salsa de leite de coco opcional<br \/>\n-Froita fresca<br \/>\n- 1 bebida sen alcohol (soda ou auga)<br \/>\n-Caf\u00e9<\/p>\n<p><strong>Servizo adicional de lagosta + doces de coco $19 USD (adicional).<\/strong><\/p>\n<\/div>\n<p><strong><label>Non inclu\u00eddo:<\/label><\/strong> As bebidas e a comida NON est\u00e1n inclu\u00eddas e p\u00f3dense organizar por un custo adicional.<\/p>\n<p>&nbsp;<\/p>\n<\/div>\n<p>Se precisas m\u00e1is informaci\u00f3n ou tes algunha d\u00fabida, non dubides en contactar connosco por Whatsapp: +1-809-720-6035 ou chat en directo. Ofrecemos o mellor prezo en li\u00f1a!<\/p>\n<p>&nbsp;<\/p>\n<h4><b><i>Pol\u00edtica de cancelaci\u00f3n<\/i><\/b><\/h4>\n<p>Para obter un reembolso completo, lea as nosas pol\u00edticas de cancelaci\u00f3n <a href=\"https:\/\/www.boattoursamana.com\/gl\/reserva-en-lina\/\" target=\"_blank\" rel=\"noopener\" data-saferedirecturl=\"https:\/\/www.google.com\/url?q=https:\/\/www.boattoursamana.com\/online-booking\/&amp;source=gmail&amp;ust=1672449202351000&amp;usg=AOvVaw1yAeVAPktmaVCqDujgUn90\">Pulse AQU\u00cd<\/a>. Os fondos perderanse se a reserva se cancela o mesmo d\u00eda da viaxe.<\/p>\n\n\t\t<\/div>\n\t<\/div>\n<\/div><\/div><div class=\"vc_tta-panel\" id=\"1616580432722-00be9baf-46e3\" data-vc-content=\".vc_tta-panel-body\"><div class=\"vc_tta-panel-heading\"><h4 class=\"vc_tta-panel-title\"><a href=\"#1616580432722-00be9baf-46e3\" data-vc-accordion data-vc-container=\".vc_tta-container\"><span class=\"vc_tta-title-text\">Prezo<\/span><\/a><\/h4><\/div><div class=\"vc_tta-panel-body\"> <\/div><\/div><div class=\"mkdf-section-title-holder\" style=\"text-align: center\">\n\t<div class=\"mkdf-st-inner\">\n\t\t\t\t\t\t\t<h3 class=\"mkdf-st-title\" >\n\t\t\t\tPREZO\t\t\t<\/h3>\n\t\t\t\t\t<\/div>\n<\/div><div class=\"vc_empty_space\"   style=\"height: 32px\"><span class=\"vc_empty_space_inner\"><\/span><\/div><div class=\"vc_row wpb_row vc_row-fluid\" ><div class=\"wpb_column vc_column_container vc_col-sm-12\"><div class=\"vc_column-inner\"><div class=\"wpb_wrapper\"><div class=\"vc_btn3-container vc_btn3-inline\" ><a class=\"vc_general vc_btn3 vc_btn3-size-md vc_btn3-shape-rounded vc_btn3-style-modern vc_btn3-color-green\" href=\"https:\/\/bookingadventures.tours\/booking.php?tour_id=c5b4dcf89f4d6ad59b861fe6cfa59959\" title=\"\" rel=\"noopener\">RESERVAR AGORA<\/a><\/div><\/div><\/div><\/div><\/div>","protected":false},"excerpt":{"rendered":"Descripci\u00f3nBOOK NOW \u00a0 SAONA ISLAND - BOAT - RENTAL FULL DAY PRIVATE CHARTER TO SAONA ISLAND FLEXIBLE DURATION - MONDAY TO SUNDAY &nbsp; &nbsp; &nbsp; &nbsp; Rent this fabulous boat for the full day for up to 16 people to visit the Saona Island. INCLUDING Crew (Capitan and Captain's Assistant) Fuel Ice cooler with ice Food is available for an extra price: Details of the Traditional Buffet lunch, $15 USD p\/p: -Green salad, Russian Salad -Bread -Moro de Guandule (Rice [...]","protected":false},"featured_media":12452,"template":"","meta":[],"product_cat":[871],"product_tag":[874,875,872,876,873],"class_list":["post-12450","product","type-product","status-publish","has-post-thumbnail","hentry","product_cat-rent-private-boat-saona-island","product_tag-saona-island-boat-rent","product_tag-saona-island-boat-rentals","product_tag-saona-island-boat-renting","product_tag-saona-island-private-boat","product_tag-saona-island-rentals"],"_links":{"self":[{"href":"https:\/\/www.boattoursamana.com\/gl\/wp-json\/wp\/v2\/product\/12450","targetHints":{"allow":["GET"]}}],"collection":[{"href":"https:\/\/www.boattoursamana.com\/gl\/wp-json\/wp\/v2\/product"}],"about":[{"href":"https:\/\/www.boattoursamana.com\/gl\/wp-json\/wp\/v2\/types\/product"}],"wp:featuredmedia":[{"embeddable":true,"href":"https:\/\/www.boattoursamana.com\/gl\/wp-json\/wp\/v2\/media\/12452"}],"wp:attachment":[{"href":"https:\/\/www.boattoursamana.com\/gl\/wp-json\/wp\/v2\/media?parent=12450"}],"wp:term":[{"taxonomy":"product_cat","embeddable":true,"href":"https:\/\/www.boattoursamana.com\/gl\/wp-json\/wp\/v2\/product_cat?post=12450"},{"taxonomy":"product_tag","embeddable":true,"href":"https:\/\/www.boattoursamana.com\/gl\/wp-json\/wp\/v2\/product_tag?post=12450"}],"curies":[{"name":"wp","href":"https:\/\/api.w.org\/{rel}","templated":true}]}}