{"id":12453,"date":"2021-03-27T19:17:04","date_gmt":"2021-03-27T19:17:04","guid":{"rendered":"https:\/\/www.ticketswhales.com\/?post_type=product&#038;p=12453"},"modified":"2023-11-07T20:26:43","modified_gmt":"2023-11-07T20:26:43","slug":"los-haitises-tainos-canoe-mountain-bike-tour","status":"publish","type":"product","link":"https:\/\/www.boattoursamana.com\/gl\/xira\/los-haitises-tainos-canoe-mountain-bike-tour","title":{"rendered":"Bicicletas de monta\u00f1a + Taino&#039;s Canoe Los Haitises"},"content":{"rendered":"<div class=\"vc_row wpb_row vc_row-fluid\" ><div class=\"wpb_column vc_column_container vc_col-sm-12\"><div class=\"vc_column-inner\"><div class=\"wpb_wrapper\"><div class=\"vc_btn3-container vc_btn3-inline\" ><button class=\"vc_general vc_btn3 vc_btn3-size-md vc_btn3-shape-rounded vc_btn3-style-modern vc_btn3-color-green\">RESERVAR AGORA<\/button><\/div>\n\t<div class=\"wpb_text_column wpb_content_element\" >\n\t\t<div class=\"wpb_wrapper\">\n\t\t\t<p><span style=\"vertical-align: inherit;\"><span style=\"vertical-align: inherit;\"><\/p>\n\n\t\t<\/div>\n\t<\/div>\n\n\t<div class=\"wpb_text_column wpb_content_element\" >\n\t\t<div class=\"wpb_wrapper\">\n\t\t\t<p><\/span><\/span><\/p>\n<h2>Bicicletas de monta\u00f1a + Taino&#039;s Canoe Los Haitises<\/h2>\n<p>&nbsp;<\/p>\n<p>Viaxa cun experto local e obt\u00e9n a experiencia \u00fanica de andar en bicicleta partindo de Sabana de la Mar, este percorrido levarache por a\u00ed vendo a fermosa paisaxe do campo da Rep\u00fablica Dominicana. Mentres vaias en bicicleta poder\u00e1s dicir ola! aos labregos que van a cabalo ou en moto ata a s\u00faa propiedade e durante o percorrido poder\u00e1s emerxer na aventura e na cultura local de Sabana de la Mar. Alg\u00fans datos sobre Los Haitises: \u00e9 unha das formaci\u00f3ns calizas m\u00e1is grandes do mundo, un lugar para a conservaci\u00f3n de especies end\u00e9micas, Localizaci\u00f3n coa maior parte da biodiversidade da illa, hai un dos maiores bosques de mangle de Quisqueya e a cova con m\u00e1is pictogramas do Caribe.<\/p>\n<p>Ten curiosidade pola vida coti\u00e1 dos ta\u00ednos? Coa actividade Taino Adventure, ser\u00e1s transportado atr\u00e1s no tempo para experimentar o mundo dos pobos ind\u00edxenas da Rep\u00fablica Dominicana.<\/p>\n<p>A piragua foi sen d\u00fabida a parte m\u00e1is importante da vida dos ta\u00ednos. Con el, pescaban, viaxaban a illas m\u00e1is pequenas, comunic\u00e1ronse con outras tribos e visitaban aos xam\u00e1ns para realizar rituais, curaci\u00f3ns e profetizar. En Booking Adventures queremos mergullarte no mundo dos ta\u00ednos.<\/p>\n<p>&nbsp;<\/p>\n<h4><a id=\"inclusions-exclusions\" class=\"aal_anchor\" href=\"https:\/\/bookingadventures.com.do\/dominicantour\/mountain-bikes-tainos-canoe-los-haitises\/#inclusions-exclusions\" aria-hidden=\"true\" rel=\"noopener\"><\/a><b>Inclusi\u00f3ns e exclusi\u00f3ns<\/b><\/h4>\n<p><b>Inclusi\u00f3ns<\/b><\/p>\n<ol>\n<li>Paseo en canoas<\/li>\n<li>bicicletas de monta\u00f1a<\/li>\n<li>Camiseta gratu\u00edta co pictograma de Taino<\/li>\n<li>Sabor a pan de casabe<\/li>\n<li>Excursi\u00f3ns \u00e1s covas<\/li>\n<li>Todos os impostos, taxas e gastos de xesti\u00f3n<\/li>\n<li>Impostos locais<\/li>\n<li>Gu\u00eda local<\/li>\n<\/ol>\n<p><b>Exclusi\u00f3ns<\/b><\/p>\n<ol>\n<li>Gratu\u00edtos<\/li>\n<li>Transferencia<\/li>\n<li>O xantar non est\u00e1 inclu\u00eddo<\/li>\n<li>Bebidas alcoh\u00f3licas<\/li>\n<\/ol>\n<p>&nbsp;<\/p>\n<h4><a id=\"departure-return\" class=\"aal_anchor\" href=\"https:\/\/bookingadventures.com.do\/dominicantour\/mountain-bikes-tainos-canoe-los-haitises\/#departure-return\" aria-hidden=\"true\" rel=\"noopener\"><\/a><em><strong>Sa\u00edda e volta<\/strong><\/em><\/h4>\n<p>O viaxeiro ter\u00e1 un punto de encontro despois do proceso de reserva. As visitas comezan e rematan nos nosos puntos de encontro.<\/p>\n<h4><a id=\"what-to-expect\" class=\"aal_anchor\" href=\"https:\/\/bookingadventures.com.do\/dominicantour\/mountain-bikes-tainos-canoe-los-haitises\/#what-to-expect\" aria-hidden=\"true\" rel=\"noopener\"><\/a><b><i>Que esperar?<\/i><\/b><\/h4>\n<p>Nesta actividade, sair\u00e1s nas canoas artesanais, tal e como fixeron os ta\u00ednos. Escoitar\u00e1s moitos dos sons que marcaron a s\u00faa conexi\u00f3n coa natureza: a chamada das gr\u00faas, o mergullo dos cangrexos na auga e o suave lame das ondas contra as formaci\u00f3ns rochosas naturais. Os arcos das ra\u00edces dos manglares lembrar\u00e1n as catedrais e, de feito, os ta\u00ednos (a\u00ednda que non ti\u00f1an igrexas) eran profundamente espirituais. Unha vez que saias coa nosa gu\u00eda, gozar\u00e1s da rica variedade de aves, r\u00e9ptiles e peixes dos manglares. Deslumbrado co brillo das ondas chiscando na luz da ma\u00f1\u00e1, as monta\u00f1as de Saman\u00e1 ao lonxe e o verde esmeralda das palmeiras balanceadas.<\/p>\n<p>A continuaci\u00f3n, poder\u00e1s visitar algunhas das covas que foron especialmente importantes para os ta\u00ednos. Viaxaban de cova en cova visitando aos sabios, refuxi\u00e1ndose dos furac\u00e1ns e como puntos de encontro con outras tribos. Unha vez que esteas nas covas, poder\u00e1s apreciar o silencio e a aura sacra do espazo. Ver\u00e1s algunhas esculturas rupestres, chamadas petr\u00f3glifos, que representan as s\u00faas divindades e esp\u00edritos. Finalmente, poder\u00e1s degustar algunhas das mesmas froitas tropicais que recolleron os Ta\u00ednos antes de volver ao punto de encontro.<\/p>\n<p>Neste percorrido, os nosos gu\u00edas expertos describir\u00e1n os m\u00faltiples usos da piragua, como viv\u00edan os ta\u00ednos antes da \u00e9poca de Col\u00f3n e como o mangle \u00e9 esencial para a sa\u00fade do medio ambiente.<\/p>\n<p>&nbsp;<\/p>\n<h4><a id=\"what-you-should-bring\" class=\"aal_anchor\" href=\"https:\/\/bookingadventures.com.do\/dominicantour\/mountain-bikes-tainos-canoe-los-haitises\/#what-you-should-bring\" aria-hidden=\"true\" rel=\"noopener\"><\/a><em><strong>Que debes traer?<\/strong><\/em><\/h4>\n<ul>\n<li>C\u00e1mara<\/li>\n<li>Brotes repelentes<\/li>\n<li>crema solar<\/li>\n<li>Sombreiro<\/li>\n<li>Pantal\u00f3ns c\u00f3modos<\/li>\n<li>Sandalias ou zapatos para zonas de barro.<\/li>\n<li>Roupa de ba\u00f1o<\/li>\n<\/ul>\n<p>&nbsp;<\/p>\n<h4><a id=\"hotel-pickup\" class=\"aal_anchor\" href=\"https:\/\/bookingadventures.com.do\/dominicantour\/mountain-bikes-tainos-canoe-los-haitises\/#hotel-pickup\" aria-hidden=\"true\" rel=\"noopener\"><\/a><b><i>Recollida no hotel<\/i><\/b><\/h4>\n<p>Non se ofrece a recollida do hotel para esta excursi\u00f3n.<\/p>\n<p><b>Nota:<\/b>\u00a0se reservas dentro das 24 horas posteriores \u00e1 hora de sa\u00edda da excursi\u00f3n\/excursi\u00f3n, podemos organizar a recollida do hotel con cargos adicionais. Unha vez completada a compra, enviar\u00e9mosche a informaci\u00f3n de contacto completa (n\u00famero de tel\u00e9fono, enderezo de correo electr\u00f3nico, etc.) para que o noso gu\u00eda tur\u00edstico local organice a recollida.<\/p>\n<h4><a id=\"additional-info-confirmation\" class=\"aal_anchor\" href=\"https:\/\/bookingadventures.com.do\/dominicantour\/mountain-bikes-tainos-canoe-los-haitises\/#additional-info-confirmation\" aria-hidden=\"true\" rel=\"noopener\"><\/a><b><i>Confirmaci\u00f3n de informaci\u00f3n adicional<\/i><\/b><\/h4>\n<ol>\n<li>As entradas son o recibo despois de pagar este Tour. Podes mostrar o pago no teu tel\u00e9fono.<\/li>\n<li>O punto de encontro recibirase despois do proceso de reserva.<\/li>\n<li>Os nenos deben ir acompa\u00f1ados dun adulto.<\/li>\n<li>Non accesible en cadeira de rodas<\/li>\n<li>Os beb\u00e9s deben sentarse no colo<\/li>\n<li>Non recomendado para viaxeiros con problemas de costas<\/li>\n<li>Non recomendado para viaxeiras embarazadas<\/li>\n<li>Sen problemas card\u00edacos ou outras condici\u00f3ns m\u00e9dicas graves<\/li>\n<li>Poden participar a maior\u00eda dos viaxeiros<\/li>\n<\/ol>\n\n\t\t<\/div>\n\t<\/div>\n<\/div><\/div><\/div><\/div><div class=\"wpb_column vc_column_container vc_col-sm-12\"><div class=\"vc_column-inner\"><div class=\"wpb_wrapper\"><\/div><\/div><\/div><div class=\"wpb_column vc_column_container vc_col-sm-12\"><div class=\"vc_column-inner\"><div class=\"wpb_wrapper\"><\/div><\/div><\/div><div class=\"wpb_column vc_column_container vc_col-sm-12\"><div class=\"vc_column-inner\"><div class=\"wpb_wrapper\"><\/div><\/div><\/div><div class=\"wpb_column vc_column_container vc_col-sm-12\"><div class=\"vc_column-inner\"><div class=\"wpb_wrapper\"><\/div><\/div><\/div><div class=\"wpb_column vc_column_container vc_col-sm-12\"><div class=\"vc_column-inner\"><div class=\"wpb_wrapper\"><\/div><\/div><\/div>","protected":false},"excerpt":{"rendered":"<p><span style=\"font-weight: 400;\"><span style=\"vertical-align: inherit;\"><span style=\"vertical-align: inherit;\">Nesta actividade, partir\u00e1s en piraguas artesanais, tal e como fixeron os ta\u00ednos. Escoitar\u00e1s moitos dos sons que marcaron a s\u00faa conexi\u00f3n coa natureza: a chamada das gr\u00faas, o mergullo dos cangrexos na auga e o suave lame das ondas contra as formaci\u00f3ns rochosas naturais. Os arcos das ra\u00edces dos manglares lembrar\u00e1n as catedrais e, de feito, os ta\u00ednos (a\u00ednda que non ti\u00f1an igrexas) eran profundamente espirituais. <\/span><\/span><\/span><\/p>\n<p><span style=\"font-weight: 400;\"><span style=\"vertical-align: inherit;\"><span style=\"vertical-align: inherit;\"> Unha vez que saias coa nosa gu\u00eda, gozar\u00e1s da rica variedade de aves, r\u00e9ptiles e peixes dos manglares. Deslumbrado polo escintileo das ondas escintilando na luz da ma\u00f1\u00e1, as monta\u00f1as de Saman\u00e1 ao lonxe e o verde esmeralda das palmeiras balanceadas.\u00a0<\/span><\/span><\/span><\/p>\n<p><strong>Seleccione a data para a xira:<\/strong><\/p>","protected":false},"featured_media":12221,"template":"","meta":[],"product_cat":[838,946,867,930,926,254,255],"product_tag":[176,211,868,869,192,319,208,206,207,171,877,209,426,837,327,175,199,200],"class_list":["post-12453","product","type-product","status-publish","has-post-thumbnail","hentry","product_cat-mangroves-projects","product_cat-1-sabana-de-la-mar","product_cat-los-haitises","product_cat-mountain-bike-los-haitises","product_cat-tainos-canoes","product_cat-tours-excursions-los-haitises-national-park","product_cat-tours-excursions-samana-bay-dominican-republic","product_tag-cano-hondo","product_tag-cano-hondo-hotel","product_tag-canoes","product_tag-canoes-dominican-republic","product_tag-day-tour-cano-hondo","product_tag-kayak-dominican-republic","product_tag-kayaking-dominican-republic","product_tag-kayaking-los-haitises","product_tag-kayaks","product_tag-los-haitises","product_tag-los-haitises-mountain-bike","product_tag-los-haitises-national-park","product_tag-los-haitises-tours","product_tag-mangroves-reforestation-in-los-haitises-with-locals","product_tag-private-tours-samana","product_tag-sabana-de-la-mar","product_tag-samana-bay","product_tag-samana-excursions"],"_links":{"self":[{"href":"https:\/\/www.boattoursamana.com\/gl\/wp-json\/wp\/v2\/product\/12453","targetHints":{"allow":["GET"]}}],"collection":[{"href":"https:\/\/www.boattoursamana.com\/gl\/wp-json\/wp\/v2\/product"}],"about":[{"href":"https:\/\/www.boattoursamana.com\/gl\/wp-json\/wp\/v2\/types\/product"}],"wp:featuredmedia":[{"embeddable":true,"href":"https:\/\/www.boattoursamana.com\/gl\/wp-json\/wp\/v2\/media\/12221"}],"wp:attachment":[{"href":"https:\/\/www.boattoursamana.com\/gl\/wp-json\/wp\/v2\/media?parent=12453"}],"wp:term":[{"taxonomy":"product_cat","embeddable":true,"href":"https:\/\/www.boattoursamana.com\/gl\/wp-json\/wp\/v2\/product_cat?post=12453"},{"taxonomy":"product_tag","embeddable":true,"href":"https:\/\/www.boattoursamana.com\/gl\/wp-json\/wp\/v2\/product_tag?post=12453"}],"curies":[{"name":"wp","href":"https:\/\/api.w.org\/{rel}","templated":true}]}}