{"id":12454,"date":"2021-03-28T05:56:11","date_gmt":"2021-03-28T05:56:11","guid":{"rendered":"https:\/\/www.ticketswhales.com\/?post_type=product&#038;p=12454"},"modified":"2023-11-07T20:22:58","modified_gmt":"2023-11-07T20:22:58","slug":"altos-de-cano-hondo-mountain-bike-tour","status":"publish","type":"product","link":"https:\/\/www.boattoursamana.com\/gl\/xira\/altos-de-cano-hondo-mountain-bike-tour-2","title":{"rendered":"Altos de Ca\u00f1o Hondo + Tour en BTT"},"content":{"rendered":"<div class=\"vc_row wpb_row vc_row-fluid\" ><div class=\"wpb_column vc_column_container vc_col-sm-12\"><div class=\"vc_column-inner\"><div class=\"wpb_wrapper\"><div class=\"vc_empty_space\"   style=\"height: 32px\"><span class=\"vc_empty_space_inner\"><\/span><\/div><\/div><\/div><\/div><\/div><div class=\"vc_row wpb_row vc_row-fluid\" ><div class=\"wpb_column vc_column_container vc_col-sm-12\"><div class=\"vc_column-inner\"><div class=\"wpb_wrapper\"><div class=\"vc_btn3-container vc_btn3-inline\" ><button class=\"vc_general vc_btn3 vc_btn3-size-md vc_btn3-shape-rounded vc_btn3-style-modern vc_btn3-color-green\">RESERVAR AGORA<\/button><\/div>\n\t<div class=\"wpb_text_column wpb_content_element\" >\n\t\t<div class=\"wpb_wrapper\">\n\t\t\t<h2 class=\"serp-title capitalize\">Tour Altos de Cano Hondo e BTT<\/h2>\n<h4><b><i>Visi\u00f3n xeral<\/i><\/b><\/h4>\n<p><span style=\"font-weight: 400;\">Viaxa cun experto local e obt\u00e9n a experiencia \u00fanica de andar en bicicleta partindo de Sabana de la Mar, este percorrido levarache por a\u00ed para ver a fermosa paisaxe do campo da Rep\u00fablica Dominicana. Mentres vaias en bicicleta poder\u00e1s dicir ola! aos labregos que van a cabalo ou en moto ata a s\u00faa propiedade e durante o percorrido poder\u00e1s emerxer na aventura e na cultura local de Sabana de la Mar. Esta vila foi fundada oficialmente en 1756 por unhas once (11) familias que vi\u00f1eron das Illas Canarias en Espa\u00f1a. As principais actividades econ\u00f3micas de Sabana de la Mar son a agricultura, o ecoturismo e a pesca.\u00a0<\/span><\/p>\n<p>&nbsp;<\/p>\n<p><span style=\"font-weight: 400;\">Inclusi\u00f3ns e exclusi\u00f3ns<\/span><\/p>\n<p>&nbsp;<\/p>\n<p><span style=\"font-weight: 400;\">Inclusi\u00f3ns<\/span><\/p>\n<p>&nbsp;<\/p>\n<p><span style=\"font-weight: 400;\">Andar en bicicleta<\/span><\/p>\n<p>Xantar con veci\u00f1os<\/p>\n<p><span style=\"font-weight: 400;\">Altos de Ca\u00f1o Hondo e Piscinas Naturais<\/span><\/p>\n<p><span style=\"font-weight: 400;\">Todos os impostos, taxas e gastos de xesti\u00f3n<\/span><\/p>\n<p><span style=\"font-weight: 400;\">Impostos locais<\/span><\/p>\n<p><span style=\"font-weight: 400;\">Funcionarios Gu\u00edas ecoloxistas ingl\u00e9s\/espa\u00f1ol<\/span><\/p>\n<p>&nbsp;<\/p>\n<p><span style=\"font-weight: 400;\">Exclusi\u00f3ns<\/span><\/p>\n<p>&nbsp;<\/p>\n<p><span style=\"font-weight: 400;\">Gratu\u00edtos<\/span><\/p>\n<p><span style=\"font-weight: 400;\">Transferencia<\/span><\/p>\n<p><span style=\"font-weight: 400;\">Bebida<\/span><\/p>\n<p>&nbsp;<\/p>\n<p><span style=\"font-weight: 400;\">Sa\u00edda e volta<\/span><\/p>\n<p>&nbsp;<\/p>\n<p><span style=\"font-weight: 400;\">O percorrido, organizado por \u201cBooking Adventures\u201d, comeza no punto de encontro fixado co gu\u00eda tur\u00edstico ou o persoal. O viaxeiro ter\u00e1 un punto de encontro despois do proceso de reserva. Os percorridos comezan e rematan nos nosos puntos de encontro.<\/span><\/p>\n<p>&nbsp;<\/p>\n<p><span style=\"font-weight: 400;\">Que esperar?<\/span><\/p>\n<p><span style=\"font-weight: 400;\">Consigue a t\u00faa entrada para Ciclismo e Altos de Cano Hondo e Piscinas Naturais de Sabana de la Mar<\/span><\/p>\n<p>&nbsp;<\/p>\n<p><span style=\"font-weight: 400;\">Esta Excursi\u00f3n comeza desde un punto de encontro que debes confirmar cos nosos axentes de viaxes ou coa t\u00faa gu\u00eda tur\u00edstica antes de dirixirte a calquera lugar. Unha vez que co\u00f1ezas o teu gu\u00eda, ter\u00e1s un resumo do percorrido e todo o relacionado co teu d\u00eda.<\/span><\/p>\n<p><span style=\"font-weight: 400;\">Cando todos estean preparados dirix\u00edmonos a Altos de Cano Hondo e Piscinas Naturais onde comezar\u00e1 un percorrido a p\u00e9 para supervisar un dos 10 mellores destinos do mundo para o ecoturismo da revista Forbes. Durante esta aventura aprender\u00e1 sobre a arquitectura \u00fanica. deste ecoloxismo.\u00a0<\/span><\/p>\n<p><span style=\"font-weight: 400;\">Cano Hondo \u00e9 un nome dado polos agricultores locais da zona e este nome prov\u00e9n do tipo de xeograf\u00eda do lugar, este lugar est\u00e1 por debaixo do nivel do mar e hai pequenas fontes como Jivales e Cano Hondo que ve\u00f1en do r\u00edo subterr\u00e1neo directamente desde Monta\u00f1a dos Haitises.\u00a0<\/span><\/p>\n<p><span style=\"font-weight: 400;\">Durante esta parte da t\u00faa viaxe, estar\u00e1s visitando Altos de Cano Hondo, que est\u00e1 xunto ao Parque Nacional Los Haitises, un dos parques nacionais m\u00e1is grandes do pa\u00eds con m\u00e1is de 1600 km2 e unha das formaci\u00f3ns calizas m\u00e1is grandes do mundo.\u00a0<\/span><\/p>\n<p>&nbsp;<\/p>\n<p><span style=\"font-weight: 400;\">Despois do teu paseo polos Altos de Cano Hondo prep\u00e1rate para saltar \u00e1s piscinas naturais antes de xantar e despois de xantar, volver\u00e1s a Sabana de la Mar. Despois de 4 horas e media de actividades en Cano Hondo comezamos a montar a nosa monta\u00f1a. de volta en bicicleta a Sabana de la Mar, esta excursi\u00f3n remata no mesmo lugar no que comezou.<\/span><\/p>\n<p>&nbsp;<\/p>\n<p><span style=\"font-weight: 400;\">Nota: Estes percorridos son con gu\u00edas ecoloxistas oficiais. Reserve con tempo porque no parque non hai demasiados especialistas.<\/span><\/p>\n<p>&nbsp;<\/p>\n<p>&nbsp;<\/p>\n<p><span style=\"font-weight: 400;\">Que debes traer?<\/span><\/p>\n<ul>\n<li style=\"font-weight: 400;\" aria-level=\"1\"><span style=\"font-weight: 400;\">C\u00e1mara<\/span><\/li>\n<li style=\"font-weight: 400;\" aria-level=\"1\"><span style=\"font-weight: 400;\">Brotes repelentes<\/span><\/li>\n<li style=\"font-weight: 400;\" aria-level=\"1\"><span style=\"font-weight: 400;\">crema solar<\/span><\/li>\n<li style=\"font-weight: 400;\" aria-level=\"1\"><span style=\"font-weight: 400;\">Pantal\u00f3ns c\u00f3modos<\/span><\/li>\n<li style=\"font-weight: 400;\" aria-level=\"1\"><span style=\"font-weight: 400;\">Zapatillas para correr\u00a0<\/span><\/li>\n<\/ul>\n<p>&nbsp;<\/p>\n<h4><b><i>Recollida no hotel <\/i><\/b><\/h4>\n<p><span style=\"font-weight: 400;\">Non se ofrece a recollida do hotel para esta excursi\u00f3n. <\/span><\/p>\n<p><b>Nota:<\/b><span style=\"font-weight: 400;\"> se reservas dentro das 24 horas posteriores \u00e1 hora de sa\u00edda da excursi\u00f3n\/excursi\u00f3n, podemos organizar a recollida do hotel con cargos adicionais. Unha vez completada a compra, enviar\u00e9mosche a informaci\u00f3n de contacto completa (n\u00famero de tel\u00e9fono, enderezo de correo electr\u00f3nico, etc.) para que o noso gu\u00eda tur\u00edstico local organice a recollida.<\/span><\/p>\n<h4><b><i>Confirmaci\u00f3n de informaci\u00f3n adicional <\/i><\/b><\/h4>\n<ol>\n<li>As entradas son o recibo despois de pagar este Tour. Podes mostrar o pago no teu tel\u00e9fono.<\/li>\n<li style=\"font-weight: 400;\"><span style=\"font-weight: 400;\">O punto de encontro recibirase despois do proceso de reserva.<\/span><\/li>\n<li style=\"font-weight: 400;\"><span style=\"font-weight: 400;\">Os nenos deben ir acompa\u00f1ados dun adulto.<\/span><\/li>\n<li style=\"font-weight: 400;\"><span style=\"font-weight: 400;\"> Non accesible en cadeira de rodas <\/span><\/li>\n<li style=\"font-weight: 400;\"><span style=\"font-weight: 400;\">Os beb\u00e9s deben sentarse no colo <\/span><\/li>\n<li style=\"font-weight: 400;\"><span style=\"font-weight: 400;\">Non recomendado para viaxeiros con problemas de costas<\/span><\/li>\n<li style=\"font-weight: 400;\"><span style=\"font-weight: 400;\">Non recomendado para viaxeiras embarazadas <\/span><\/li>\n<li style=\"font-weight: 400;\"><span style=\"font-weight: 400;\"> Sen problemas card\u00edacos ou outras condici\u00f3ns m\u00e9dicas graves <\/span><\/li>\n<li style=\"font-weight: 400;\"><span style=\"font-weight: 400;\">Poden participar a maior\u00eda dos viaxeiros<\/span><\/li>\n<\/ol>\n<h4><b><i>Pol\u00edtica de cancelaci\u00f3n<\/i><\/b><\/h4>\n<p>Para obter un reembolso completo, lea as nosas pol\u00edticas de cancelaci\u00f3n\u00a0<a href=\"https:\/\/www.boattoursamana.com\/gl\/reserva-en-lina\/\" target=\"_blank\" rel=\"noopener\" data-saferedirecturl=\"https:\/\/www.google.com\/url?q=https:\/\/www.boattoursamana.com\/online-booking\/&amp;source=gmail&amp;ust=1672449202351000&amp;usg=AOvVaw1yAeVAPktmaVCqDujgUn90\">Pulse AQU\u00cd<\/a>. Os fondos perderanse se a reserva se cancela o mesmo d\u00eda da viaxe.<\/p>\n\n\t\t<\/div>\n\t<\/div>\n<\/div><\/div><\/div><\/div><div class=\"vc_row wpb_row vc_row-fluid\" ><div class=\"wpb_column vc_column_container vc_col-sm-12\"><div class=\"vc_column-inner\"><div class=\"wpb_wrapper\"><div class=\"vc_empty_space\"   style=\"height: 32px\"><span class=\"vc_empty_space_inner\"><\/span><\/div>\n\t<div class=\"wpb_text_column wpb_content_element\" >\n\t\t<div class=\"wpb_wrapper\">\n\t\t\t<h4>Contacta connosco?<\/h4>\n<h5>Reserva aventuras<\/h5>\n<p><em><strong>Os locais<\/strong>\u00a0e\u00a0<strong>Nacionais<\/strong>\u00a0Gu\u00edas tur\u00edsticos e servizos para os h\u00f3spedes<\/em><\/p>\n<p><span class=\"text-turquoise\">Reservas:<\/span>\u00a0Tours e excursi\u00f3ns en Dom. Rep.<\/p>\n<p><img decoding=\"async\" class=\"emoji\" draggable=\"false\" src=\"https:\/\/s.w.org\/images\/core\/emoji\/11.2.0\/svg\/1f4de.svg\" alt=\"\ud83d\udcde\" title=\"\">\u00a0Tel\/Whatsapp\u00a0\u00a0<a href=\"tel:+1-809-720-6035\">+1-809-720-6035<\/a>.<\/p>\n<p><img decoding=\"async\" class=\"emoji\" draggable=\"false\" src=\"https:\/\/s.w.org\/images\/core\/emoji\/11.2.0\/svg\/1f4e9.svg\" alt=\"\ud83d\udce9\" title=\"\">\u00a0<a href=\"mailto:info@bookingadventures.com.do\">info@bookingadventures.com.do<\/a><\/p>\n<p><strong>Somos flexibles para configurar tours privados por Whatsapp:\u00a0<a href=\"tel:+18097206035\">+18097206035.<\/a><\/strong><\/p>\n\n\t\t<\/div>\n\t<\/div>\n<div class=\"vc_empty_space\"   style=\"height: 32px\"><span class=\"vc_empty_space_inner\"><\/span><\/div><\/div><\/div><\/div><\/div><div class=\"vc_row wpb_row vc_row-fluid\" ><div class=\"wpb_column vc_column_container vc_col-sm-12\"><div class=\"vc_column-inner\"><div class=\"wpb_wrapper\"><div class=\"vc_btn3-container vc_btn3-inline\" ><button class=\"vc_general vc_btn3 vc_btn3-size-md vc_btn3-shape-rounded vc_btn3-style-modern vc_btn3-color-green\">RESERVAR AGORA<\/button><\/div><\/div><\/div><\/div><\/div>","protected":false},"excerpt":{"rendered":"<p><span style=\"font-weight: 400;\">Cano Hondo \u00e9 un nome dado polos agricultores locais da zona e este nome prov\u00e9n do tipo de xeograf\u00eda do lugar, este lugar est\u00e1 por debaixo do nivel do mar e hai pequenas fontes como Jivales e Cano Hondo que ve\u00f1en do r\u00edo subterr\u00e1neo directamente desde Monta\u00f1a dos Haitises.\u00a0<\/span><\/p>\n<p>Durante esta parte da t\u00faa viaxe, visitar\u00e1s os Altos de Cano Hondo, que est\u00e1 situado xunto ao Parque Nacional Los Haitises, un dos parques nacionais m\u00e1is grandes do pa\u00eds con m\u00e1is de 1600 km2 e unha das formaci\u00f3ns calizas m\u00e1is grandes do mundo.<\/p>\n<p>Despois do teu percorrido a p\u00e9 polos Altos de Cano Hondo, prep\u00e1rate para lanzarte \u00e1s piscinas naturais antes de xantar e despois de xantar, volver\u00e1s a Sabana de la Mar. Despois de 4 horas e media de actividades en Cano Hondo, volveremos a <span style=\"font-weight: 400;\"><span style=\"vertical-align: inherit;\"><span style=\"vertical-align: inherit;\">Sabana. da Mar.<\/span><\/span><\/span><\/p>\n<p>&nbsp;<\/p>\n<p><em><strong>Seleccione a data para a xira:<\/strong><\/em><\/p>","protected":false},"featured_media":13214,"template":"","meta":[],"product_cat":[878,946,930,933],"product_tag":[879,176,211,868,869,192,319,208,206,207,171,877,209,426,837,327,175,199,200],"class_list":["post-12454","product","type-product","status-publish","has-post-thumbnail","hentry","product_cat-altos-de-cano-hondo","product_cat-1-sabana-de-la-mar","product_cat-mountain-bike-los-haitises","product_cat-natural-pools-los-haitises","product_tag-altos-de-cano-hondo","product_tag-cano-hondo","product_tag-cano-hondo-hotel","product_tag-canoes","product_tag-canoes-dominican-republic","product_tag-day-tour-cano-hondo","product_tag-kayak-dominican-republic","product_tag-kayaking-dominican-republic","product_tag-kayaking-los-haitises","product_tag-kayaks","product_tag-los-haitises","product_tag-los-haitises-mountain-bike","product_tag-los-haitises-national-park","product_tag-los-haitises-tours","product_tag-mangroves-reforestation-in-los-haitises-with-locals","product_tag-private-tours-samana","product_tag-sabana-de-la-mar","product_tag-samana-bay","product_tag-samana-excursions"],"_links":{"self":[{"href":"https:\/\/www.boattoursamana.com\/gl\/wp-json\/wp\/v2\/product\/12454","targetHints":{"allow":["GET"]}}],"collection":[{"href":"https:\/\/www.boattoursamana.com\/gl\/wp-json\/wp\/v2\/product"}],"about":[{"href":"https:\/\/www.boattoursamana.com\/gl\/wp-json\/wp\/v2\/types\/product"}],"wp:featuredmedia":[{"embeddable":true,"href":"https:\/\/www.boattoursamana.com\/gl\/wp-json\/wp\/v2\/media\/13214"}],"wp:attachment":[{"href":"https:\/\/www.boattoursamana.com\/gl\/wp-json\/wp\/v2\/media?parent=12454"}],"wp:term":[{"taxonomy":"product_cat","embeddable":true,"href":"https:\/\/www.boattoursamana.com\/gl\/wp-json\/wp\/v2\/product_cat?post=12454"},{"taxonomy":"product_tag","embeddable":true,"href":"https:\/\/www.boattoursamana.com\/gl\/wp-json\/wp\/v2\/product_tag?post=12454"}],"curies":[{"name":"wp","href":"https:\/\/api.w.org\/{rel}","templated":true}]}}