{"id":12607,"date":"2021-07-16T05:50:21","date_gmt":"2021-07-16T05:50:21","guid":{"rendered":"https:\/\/www.ticketswhales.com\/?post_type=product&#038;p=12607"},"modified":"2023-10-06T11:35:26","modified_gmt":"2023-10-06T11:35:26","slug":"los-haitises-kayaking-boat-trip-caves-and-swimming-at-private-beach-all-in-one","status":"publish","type":"product","link":"https:\/\/www.boattoursamana.com\/gl\/xira\/los-haitis-caiak-paseo-en-barco-covas-e-nadar-na-praia-privada-todo-en-un","title":{"rendered":"Los Haitises Kayak + Paseo en Barco + Covas e Nataci\u00f3n na Praia Privada (Todo en Un)."},"content":{"rendered":"<div class=\"vc_row wpb_row vc_row-fluid\" ><div class=\"wpb_column vc_column_container vc_col-sm-12\"><div class=\"vc_column-inner\"><div class=\"wpb_wrapper\"><div class=\"vc_btn3-container vc_btn3-inline\" ><button class=\"vc_general vc_btn3 vc_btn3-size-md vc_btn3-shape-rounded vc_btn3-style-modern vc_btn3-color-green\">RESERVAR AGORA<\/button><\/div>\n\t<div class=\"wpb_text_column wpb_content_element\" >\n\t\t<div class=\"wpb_wrapper\">\n\t\t\t<h4><b><i>Visi\u00f3n xeral <\/i><\/b><\/h4>\n<p><span style=\"font-weight: 400;\">Esc\u00e1pate da cidade para mergullarte no ecoturismo da provincia de Hato Mayor, a primeira provincia de ecoturismo da Rep\u00fablica Dominicana. Ven connosco e goza das augas doces dunha das praias inexploradas dos Haitises, onde se atopa a ba\u00eda de San Lorenzo. O lugar \u00e9 accesible en barco, rodeado de bosque tropical e mangle. Mentres navegas entrar\u00e1s en contacto coa natureza e a paisaxe inesquecible deste parque nacional. Esta excursi\u00f3n ser\u00e1 unha mestura de kayak, paseos en barco, visitar unha cova e nadar nun dos parques nacionais m\u00e1is importantes do pa\u00eds, aqu\u00ed est\u00e1 a maior parte da biodiversidade da illa, e o segundo bosque de mangle m\u00e1is grande con m\u00e1is de 98 km2.\u00a0<\/span><\/p>\n<p>&nbsp;<\/p>\n<p><span style=\"font-weight: 400;\">O noso persoal local e experto asegurarase de que co\u00f1ezas realmente a cultura dos Tainos, a s\u00faa historia en Los Haitises e a s\u00faa conexi\u00f3n coa natureza. Esta excursi\u00f3n \u00e9 en modalidade de ecoturismo onde a comunidade chega a xogar un papel moi importante, son gu\u00edas, barcos Capitan e condutores.<\/span><\/p>\n<p>&nbsp;<\/p>\n<p><span style=\"font-weight: 400;\">A prioridade de Booking Adventure \u00e9 asegurarse de obter o mellor do mellor, desde que compra o billete ata que remata a viaxe. Os nosos percorridos c\u00e9ntranse na educaci\u00f3n ambiental, a aventura e a historia local e durante esta viaxe poder\u00e1s ver un pouco de todo.\u00a0<\/span><\/p>\n<h3><span style=\"font-weight: 400;\">Inclusi\u00f3ns e exclusi\u00f3ns<\/span><\/h3>\n<h6><strong>Inclusi\u00f3ns<\/strong><\/h6>\n<ul>\n<li><span style=\"font-weight: 400;\">Barco e capit\u00e1n\u00a0<\/span><\/li>\n<li><span style=\"font-weight: 400;\">Kayaks\u00a0<\/span><\/li>\n<li><span style=\"font-weight: 400;\">Snacks, (auga, froitas, bocadillos e refrescos)<\/span><\/li>\n<li><span style=\"font-weight: 400;\">Todos os impostos, taxas e gastos de xesti\u00f3n<\/span><\/li>\n<li><span style=\"font-weight: 400;\">Impostos locais<\/span><\/li>\n<li><span style=\"font-weight: 400;\">Funcionarios Gu\u00edas ecoloxistas ingl\u00e9s\/espa\u00f1ol<\/span><\/li>\n<li><span style=\"font-weight: 400;\">Piscinas naturais e praia inexplorada\u00a0<\/span><\/li>\n<li><span style=\"font-weight: 400;\">Unha Cova\u00a0<\/span><\/li>\n<\/ul>\n<p>&nbsp;<\/p>\n<h6><strong>Exclusi\u00f3ns<\/strong><\/h6>\n<p>&nbsp;<\/p>\n<ul>\n<li><span style=\"font-weight: 400;\">Gratu\u00edtos<\/span><\/li>\n<li><span style=\"font-weight: 400;\">Bebida<\/span><\/li>\n<li><span style=\"font-weight: 400;\">Transferencia\u00a0<\/span><\/li>\n<\/ul>\n<p><span style=\"font-weight: 400;\">\u00a0<\/span><\/p>\n<h6><strong>Sa\u00edda e volta<\/strong><\/h6>\n<p>&nbsp;<\/p>\n<p><span style=\"font-weight: 400;\">O percorrido, organizado por \u201cBooking Adventures\u201d, comeza no punto de encontro fixado co gu\u00eda tur\u00edstico ou o persoal. O viaxeiro ter\u00e1 un punto de encontro despois do proceso de reserva. Os percorridos comezan e rematan nos nosos puntos de encontro.<\/span><\/p>\n<h2>Los Haitises Kayak + Paseo en Barco + Covas e Praia de Nataci\u00f3n (Todo en Un).<\/h2>\n<p><span style=\"font-weight: 400;\">Que esperar?<\/span><\/p>\n<p>&nbsp;<\/p>\n<p><span style=\"font-weight: 400;\">Consigue a t\u00faa entrada para o Eco-Aventura Tour Parque Nacional Los Haitises Todo en Un\u00a0<\/span><\/p>\n<p>&nbsp;<\/p>\n<p><span style=\"font-weight: 400;\">Esta Excursi\u00f3n comeza desde un punto de encontro que debes confirmar cos nosos axentes de viaxes ou coa t\u00faa gu\u00eda tur\u00edstica antes de dirixirte a calquera lugar. Unha vez que co\u00f1ezas o teu gu\u00eda, ter\u00e1s un resumo do percorrido e todo o relacionado co teu d\u00eda.<\/span><\/p>\n<p>&nbsp;<\/p>\n<p><span style=\"font-weight: 400;\">Cando todos estean listos e collemos os kayaks dirix\u00edmonos ao primeiro lugar que \u00e9 Playita Las Almejas onde est\u00e1n as piscinas naturais, mentres navegamos polo bosque de mangle e o abrigo da ba\u00eda de San Lorenzo compartir\u00e9mosvos historias sobre Los Haitises, Xeolox\u00eda e repasar as especies de manglares con ter arredor da ba\u00eda de San Lorenzo.\u00a0<\/span><\/p>\n<p>&nbsp;<\/p>\n<p><span style=\"font-weight: 400;\">Cando cheguemos ao primeiro lugar debes preparar o teu ba\u00f1ador para subir no teu kaiak e remar \u00e1 Cova da li\u00f1a co teu gu\u00eda tur\u00edstico, o resto do persoal agardarache ata que remates a primeira parte da actividade.<\/span><\/p>\n<p>&nbsp;<\/p>\n<p><span style=\"font-weight: 400;\">Durante esta parte da t\u00faa viaxe, poder\u00e1s percorrer o Vello Porto de Las Perlas, que \u00e9 unha das primeiras estruturas constru\u00eddas polos europeos na zona, sobre 1876, e que estivo conectada cunha li\u00f1a de tren que era o transporte do caf\u00e9, pl\u00e1tanos e todo o que este grupo de europeos cultivaba no que hoxe son Los Haitises.\u00a0<\/span><\/p>\n<p>&nbsp;<\/p>\n<p><span style=\"font-weight: 400;\">Na cova que visitar\u00e1s hai m\u00e1is de 1200 pictograf\u00edas pintadas polos ta\u00ednos, esta era unha forma de expresarse, e hoxe esta arte c\u00f3ntanos historias que nunca pensabamos atopar hoxe en d\u00eda. Cando remates aqu\u00ed, voltaremos a Playa de las Almejas para merendar e nadar.\u00a0<\/span><\/p>\n<p>&nbsp;<\/p>\n<p><span style=\"font-weight: 400;\">Despois de nadar na piscina natural imos regresar ao porto principal da zona de Cano Hondo, este \u00e9 un percorrido de 5 horas que che brinda a oportunidade de co\u00f1ecer a maior parte do Parque Nacional de Sabana de la Mar e dos Haitises, esta excursi\u00f3n remata en o mesmo lugar no que comezou.<\/span><\/p>\n<p>&nbsp;<\/p>\n<p><span style=\"font-weight: 400;\">Nota: Estes percorridos son con gu\u00edas ecoloxistas oficiais. Reserve con tempo porque no parque non hai demasiados especialistas.<\/span><\/p>\n<p>&nbsp;<\/p>\n<h6><strong>Que debes traer?<\/strong><\/h6>\n<ul>\n<li style=\"font-weight: 400;\" aria-level=\"1\"><span style=\"font-weight: 400;\">C\u00e1mara<\/span><\/li>\n<li style=\"font-weight: 400;\" aria-level=\"1\"><span style=\"font-weight: 400;\">Spray para insectos\u00a0<\/span><\/li>\n<li style=\"font-weight: 400;\" aria-level=\"1\"><span style=\"font-weight: 400;\">Crema solar<\/span><\/li>\n<li style=\"font-weight: 400;\" aria-level=\"1\"><span style=\"font-weight: 400;\">Pantal\u00f3ns c\u00f3modos<\/span><\/li>\n<li style=\"font-weight: 400;\" aria-level=\"1\"><span style=\"font-weight: 400;\">Zapatillas para correr<\/span><\/li>\n<li style=\"font-weight: 400;\" aria-level=\"1\"><span style=\"font-weight: 400;\">Chaqueta de chuvia\u00a0<\/span><\/li>\n<li style=\"font-weight: 400;\" aria-level=\"1\"><span style=\"font-weight: 400;\">Traxe de ba\u00f1o\u00a0<\/span><\/li>\n<li style=\"font-weight: 400;\" aria-level=\"1\"><span style=\"font-weight: 400;\">Toalla\u00a0<\/span><\/li>\n<\/ul>\n<h4><b><i>Recollida no hotel <\/i><\/b><\/h4>\n<p><span style=\"font-weight: 400;\">Non se ofrece a recollida do hotel para esta excursi\u00f3n. S\u00f3 se est\u00e1s no Hotel Cano Hondo ou Hoteis da zona de Sabana de la mar.<\/span><\/p>\n<p><b>Nota:<\/b><span style=\"font-weight: 400;\"> Se reservas dentro das 24 horas posteriores \u00e1 hora de sa\u00edda da excursi\u00f3n\/excursi\u00f3n, podemos organizar a recollida do hotel con cargos adicionais desde calquera lugar da Rep\u00fablica Dominicana. Unha vez completada a compra, enviar\u00e9mosche a informaci\u00f3n de contacto completa (n\u00famero de tel\u00e9fono, enderezo de correo electr\u00f3nico, etc.) para que o noso gu\u00eda tur\u00edstico local organice a recollida.<\/span><\/p>\n<h4><b><i>Confirmaci\u00f3n de informaci\u00f3n adicional <\/i><\/b><\/h4>\n<ol>\n<li>As entradas son o recibo despois de pagar este Tour. Podes mostrar o pago no teu tel\u00e9fono.<\/li>\n<li style=\"font-weight: 400;\"><span style=\"font-weight: 400;\">O punto de encontro recibirase despois do proceso de reserva.<\/span><\/li>\n<li style=\"font-weight: 400;\"><span style=\"font-weight: 400;\">Os nenos deben ir acompa\u00f1ados dun adulto.<\/span><\/li>\n<li style=\"font-weight: 400;\"><span style=\"font-weight: 400;\"> Non accesible en cadeira de rodas <\/span><\/li>\n<li style=\"font-weight: 400;\"><span style=\"font-weight: 400;\">Os beb\u00e9s deben sentarse no colo <\/span><\/li>\n<li style=\"font-weight: 400;\"><span style=\"font-weight: 400;\">Non recomendado para viaxeiros con problemas de costas<\/span><\/li>\n<li style=\"font-weight: 400;\"><span style=\"font-weight: 400;\">Non recomendado para viaxeiras embarazadas <\/span><\/li>\n<li style=\"font-weight: 400;\"><span style=\"font-weight: 400;\"> Sen problemas card\u00edacos ou outras condici\u00f3ns m\u00e9dicas graves <\/span><\/li>\n<li style=\"font-weight: 400;\"><span style=\"font-weight: 400;\">Poden participar a maior\u00eda dos viaxeiros<\/span><\/li>\n<\/ol>\n<h4><b><i>Pol\u00edtica de cancelaci\u00f3n<\/i><\/b><\/h4>\n<p>Para obter un reembolso completo, lea as nosas pol\u00edticas de cancelaci\u00f3n\u00a0<a href=\"https:\/\/www.boattoursamana.com\/gl\/reserva-en-lina\/\" target=\"_blank\" rel=\"noopener\" data-saferedirecturl=\"https:\/\/www.google.com\/url?q=https:\/\/www.boattoursamana.com\/online-booking\/&amp;source=gmail&amp;ust=1672449202351000&amp;usg=AOvVaw1yAeVAPktmaVCqDujgUn90\">Pulse AQU\u00cd<\/a>. Os fondos perderanse se a reserva se cancela o mesmo d\u00eda da viaxe.<\/p>\n\n\t\t<\/div>\n\t<\/div>\n<\/div><\/div><\/div><\/div><div class=\"vc_row wpb_row vc_row-fluid\" ><div class=\"wpb_column vc_column_container vc_col-sm-12\"><div class=\"vc_column-inner\"><div class=\"wpb_wrapper\"><\/div><\/div><\/div><\/div><div class=\"vc_row wpb_row vc_row-fluid\" ><div class=\"wpb_column vc_column_container vc_col-sm-12\"><div class=\"vc_column-inner\"><div class=\"wpb_wrapper\"><\/div><\/div><\/div><\/div><div class=\"wpb_column vc_column_container vc_col-sm-12\"><div class=\"vc_column-inner\"><div class=\"wpb_wrapper\"><\/div><\/div><\/div><div class=\"vc_row wpb_row vc_row-fluid\" ><div class=\"wpb_column vc_column_container vc_col-sm-12\"><div class=\"vc_column-inner\"><div class=\"wpb_wrapper\">\n\t<div class=\"wpb_video_widget wpb_content_element vc_clearfix   vc_video-aspect-ratio-169 vc_video-el-width-100 vc_video-align-left\" >\n\t\t<div class=\"wpb_wrapper\">\n\t\t\t<h2 class=\"wpb_heading wpb_video_heading\">Kayaks Los Haitises<\/h2>\n\t\t\t<div class=\"wpb_video_wrapper\"><iframe loading=\"lazy\" title=\"Excursi\u00f3n en kayak e espeleolox\u00eda no Parque Nacional Los Haitises, Rep\u00fablica Dominicana\" width=\"1100\" height=\"619\" src=\"https:\/\/www.youtube.com\/embed\/ucU1uwB57wQ?feature=oembed\" frameborder=\"0\" allow=\"accelerometer; autoplay; clipboard-write; encrypted-media; gyroscope; picture-in-picture; web-share\" allowfullscreen><\/iframe><\/div>\n\t\t<\/div>\n\t<\/div>\n<div class=\"vc_btn3-container vc_btn3-inline\" ><button class=\"vc_general vc_btn3 vc_btn3-size-md vc_btn3-shape-rounded vc_btn3-style-modern vc_btn3-color-green\">RESERVAR AGORA<\/button><\/div><\/div><\/div><\/div><\/div>","protected":false},"excerpt":{"rendered":"<div>Kayak + Paseo en barco + Covas e praia para nadar (todo nun). Parque Nacional Los Haitises cun gu\u00eda tur\u00edstico local de Sabana de la Mar. Visita \u00e1 selva tropical, \u00e1 pequena praia privada, \u00e1s zonas de coco, caf\u00e9 e cacao. Co\u00f1ecer a historia orixinal do Parque Nacional Los Haitises.<\/div>\n<div><\/div>\n<div>Seleccione a data para a viaxe de aventura todo-en-un:<\/div>","protected":false},"featured_media":13254,"template":"","meta":[],"product_cat":[456,946,928,934,862,254,255],"product_tag":[422,268,174,173,577,576,571,570,569,317,316,206,209,575,441,574,572,499,175,498,200,187,573],"class_list":["post-12607","product","type-product","status-publish","has-post-thumbnail","hentry","product_cat-day-trips","product_cat-1-sabana-de-la-mar","product_cat-boat-trip-los-haitises","product_cat-kayaking-los-haitises","product_cat-los-haitises-national-park","product_cat-tours-excursions-los-haitises-national-park","product_cat-tours-excursions-samana-bay-dominican-republic","product_tag-cano-hondo-sabana-de-la-mar","product_tag-caves-los-haitises","product_tag-eco-tours","product_tag-excursion","product_tag-hike-kayak","product_tag-hike-kayak-los-haitises-national-park","product_tag-hiking-los-haitises","product_tag-hiking-sabana-de-la-mar","product_tag-hiking-samana","product_tag-kayak-tour","product_tag-kayaking","product_tag-kayaking-los-haitises","product_tag-los-haitises-national-park","product_tag-los-haitises-national-park-entrance-fee","product_tag-los-haitises-national-park-tour-from-las-terrenas","product_tag-los-haitises-national-park-tour-from-santo-domingo","product_tag-los-haitises-national-park-weather","product_tag-los-haitises-sabana-de-la-mar","product_tag-sabana-de-la-mar","product_tag-sabana-de-la-mar-tour","product_tag-samana-excursions","product_tag-samana-tours","product_tag-secrets-of-los-haitises"],"_links":{"self":[{"href":"https:\/\/www.boattoursamana.com\/gl\/wp-json\/wp\/v2\/product\/12607","targetHints":{"allow":["GET"]}}],"collection":[{"href":"https:\/\/www.boattoursamana.com\/gl\/wp-json\/wp\/v2\/product"}],"about":[{"href":"https:\/\/www.boattoursamana.com\/gl\/wp-json\/wp\/v2\/types\/product"}],"wp:featuredmedia":[{"embeddable":true,"href":"https:\/\/www.boattoursamana.com\/gl\/wp-json\/wp\/v2\/media\/13254"}],"wp:attachment":[{"href":"https:\/\/www.boattoursamana.com\/gl\/wp-json\/wp\/v2\/media?parent=12607"}],"wp:term":[{"taxonomy":"product_cat","embeddable":true,"href":"https:\/\/www.boattoursamana.com\/gl\/wp-json\/wp\/v2\/product_cat?post=12607"},{"taxonomy":"product_tag","embeddable":true,"href":"https:\/\/www.boattoursamana.com\/gl\/wp-json\/wp\/v2\/product_tag?post=12607"}],"curies":[{"name":"wp","href":"https:\/\/api.w.org\/{rel}","templated":true}]}}