{"id":12678,"date":"2021-08-16T05:49:28","date_gmt":"2021-08-16T05:49:28","guid":{"rendered":"https:\/\/www.ticketswhales.com\/?post_type=product&#038;p=12678"},"modified":"2023-10-06T11:14:26","modified_gmt":"2023-10-06T11:14:26","slug":"hike-kayak-los-haitises-national-park-from-boca-chica","status":"publish","type":"product","link":"https:\/\/www.boattoursamana.com\/gl\/xira\/caminata-en-kayak-parque-nacional-los-haitises-desde-boca-chica","title":{"rendered":"Caminata + Kayak Parque Nacional Los Haitises desde Boca Chica"},"content":{"rendered":"<div class=\"vc_row wpb_row vc_row-fluid\" ><div class=\"wpb_column vc_column_container vc_col-sm-12\"><div class=\"vc_column-inner\"><div class=\"wpb_wrapper\"><div class=\"vc_btn3-container vc_btn3-inline\" ><a class=\"vc_general vc_btn3 vc_btn3-size-md vc_btn3-shape-rounded vc_btn3-style-modern vc_btn3-color-green\" href=\"https:\/\/bookingadventures.tours\/booking.php?tour_id=34f3a207c9a865171ef66759d2d5774e\" title=\"\" rel=\"noopener\">RESERVAR AGORA<\/a><\/div>\n\t<div class=\"wpb_text_column wpb_content_element\" >\n\t\t<div class=\"wpb_wrapper\">\n\t\t\t<h4><b><i>Visi\u00f3n xeral <\/i><\/b><\/h4>\n<p>Esta ruta de sendeirismo + excursi\u00f3n en kayak comeza desde <strong>Boca Chica<\/strong> cun traslado desde hoteis. Despois disto chegamos ao parque onde percorreremos o Bosque H\u00famido do Parque Nacional Los Haitises durante unhas 2 horas. Co\u00f1ecer\u00e1s as plantas medicinais desta zona, ver\u00e1s o bosque frondoso primario e secundario das monta\u00f1as do Parque Nacional Los Haitises e, ao mesmo tempo, chegar\u00e1s ao manancial do r\u00edo Jivales desde onde saen as augas das pozas naturais do Eco-lodge Ca\u00f1o Hondo. Despois levamos o equipamento necesario para a t\u00faa seguridade (chalecos salvavidas, etc), kayaks, e pasamos por mangleiras. Ver\u00e1s manglares cheos de aves, outeiros ondulados de vexetaci\u00f3n exuberante. A trav\u00e9s dos manglares e Terra na aberta ba\u00eda de San Lorenzo, desde onde se pode fotografar a agreste paisaxe forestal.<\/p>\n<p>Despois desta experiencia, volver\u00e1s a Cano Hondo ou Sabana de la mar en coche de volta \u00e1s zonas de Bayah\u00edbe.<\/p>\n<ul>\n<li style=\"font-weight: 400;\">Gastos inclu\u00eddos<\/li>\n<li>Sendeirismo ao Parque Nacional dos Haitises<\/li>\n<li style=\"font-weight: 400;\"><span style=\"font-weight: 400;\">A gu\u00eda ofrece instruci\u00f3ns e supervisi\u00f3n<\/span><\/li>\n<\/ul>\n<p>&nbsp;<\/p>\n<h4><b>Inclusi\u00f3ns e exclusi\u00f3ns<\/b><\/h4>\n<p>&nbsp;<\/p>\n<p><b>Inclusi\u00f3ns<\/b><\/p>\n<p>&nbsp;<\/p>\n<ol>\n<li style=\"font-weight: 400;\">Parque Nacional Los Haitises<\/li>\n<li>Sendeirismo + Kayak<\/li>\n<li style=\"font-weight: 400;\"><span style=\"font-weight: 400;\">Todos os impostos, taxas e gastos de xesti\u00f3n<\/span><\/li>\n<li style=\"font-weight: 400;\"><span style=\"font-weight: 400;\">Impostos locais<\/span><\/li>\n<li style=\"font-weight: 400;\"><span style=\"font-weight: 400;\">Bebidas<\/span><\/li>\n<li style=\"font-weight: 400;\"><span style=\"font-weight: 400;\">Todas as actividades<\/span><\/li>\n<li style=\"font-weight: 400;\"><span style=\"font-weight: 400;\">Gu\u00eda local<\/span><\/li>\n<li><span style=\"font-weight: 400;\">Transferencia<\/span><\/li>\n<li>Xantar con veci\u00f1os<\/li>\n<\/ol>\n<p><b> Exclusi\u00f3ns<\/b><\/p>\n<ol>\n<li style=\"font-weight: 400;\"><span style=\"font-weight: 400;\">Gratu\u00edtos<\/span><\/li>\n<li style=\"font-weight: 400;\"><span style=\"font-weight: 400;\">Bebidas alcoh\u00f3licas<\/span><\/li>\n<\/ol>\n<p>&nbsp;<\/p>\n<h4><em><strong>Sa\u00edda e volta<\/strong><\/em><\/h4>\n<p><span style=\"font-weight: 400;\">O viaxeiro ter\u00e1 un punto de encontro despois do proceso de reserva. As visitas comezan e rematan nos nosos puntos de encontro.<\/span><\/p>\n<p>&nbsp;<\/p>\n<h2>Caminata + Kayak Parque Nacional Los Haitises desde Boca Chica<\/h2>\n<h4><b><i>Que esperar?<\/i><\/b><\/h4>\n<p>O nome do parque nacional prov\u00e9n dos seus habitantes orixinais, os indios ta\u00ednos. Na s\u00faa lingua, &quot;Haitises&quot; trad\u00facese en terras altas ou outeiros, unha referencia \u00e1s formaci\u00f3ns xeol\u00f3xicas escarpadas da costa con pedras calizas. O kayak \u00e9 de 2 horas.<\/p>\n<p>Co\u00f1ecendo historia e natureza con gu\u00edas tur\u00edsticos locais que crecen como protectores do medio ambiente e voluntarios dentro desta \u00e1rea do proxecto. O percorrido, organizado por &quot;Booking Adventures&quot;, comeza no punto de encontro fixado co gu\u00eda tur\u00edstico.<\/p>\n<p>Despois dun primeiro paseo por campos e terras de cultivo, comezar\u00e1 a cami\u00f1ar polo Bosque de Cocos e Cacao. Entrando cada minuto dentro da zona forestal de conservaci\u00f3n principal e \u00fanica dentro do Parque Nacional Los Haitises. Ven con Booking Adventures e comeza a comprobar algunhas especies de aves, mam\u00edferos e plantas end\u00e9micas, outeiros ondulados de vexetaci\u00f3n exuberante e covas de <em><strong>Parque Nacional Los Haitises<\/strong><\/em>.<\/p>\n<div class=\"body-description secondary\">\n<p>O nome do parque nacional prov\u00e9n dos seus habitantes orixinais, os indios ta\u00ednos. Na s\u00faa lingua, &quot;Haitises&quot; trad\u00facese en terras altas ou outeiros, unha referencia \u00e1s formaci\u00f3ns xeol\u00f3xicas escarpadas da costa con pedras calizas. Ad\u00e9ntrate m\u00e1is no parque para explorar covas como a <em><strong>Cueva de la Arena<\/strong><\/em> e <strong><em>Cueva de la L\u00ednea. Podes combinar o paseo en barco coa viaxe de sendeirismo. S\u00f3 p\u00f3\u00f1ase en contacto connosco.<\/em><\/strong><\/p>\n<p>As covas da reserva foron utilizadas como refuxio polos indios ta\u00ednos e, posteriormente, polos piratas escondidos. Busca debuxos de indios que decoran algunhas das paredes. Na Selva Tropical, hai m\u00e1is de 700 centos de especies de plantas, intentamos ensinar aos visitantes todas as plantas medicinales que co\u00f1ecemos nesta ruta de sendeirismo.<\/p>\n<p>Ven a aprender, cami\u00f1a e goza da verdadeira natureza do Parque Nacional Los Haitises.<\/p>\n<\/div>\n<p>&nbsp;<\/p>\n<h4><em><strong>Que debes traer?<\/strong><\/em><\/h4>\n<ul>\n<li style=\"font-weight: 400;\"><span style=\"font-weight: 400;\">C\u00e1mara<\/span><\/li>\n<li style=\"font-weight: 400;\"><span style=\"font-weight: 400;\">Brotes repelentes<\/span><\/li>\n<li style=\"font-weight: 400;\"><span style=\"font-weight: 400;\">Crema solar<\/span><\/li>\n<li style=\"font-weight: 400;\"><span style=\"font-weight: 400;\">Sombreiro<\/span><\/li>\n<li style=\"font-weight: 400;\"><span style=\"font-weight: 400;\">Pantal\u00f3ns c\u00f3modos<\/span><\/li>\n<li style=\"font-weight: 400;\"><span style=\"font-weight: 400;\">Zapatos de sendeirismo para bosque<\/span><\/li>\n<li style=\"font-weight: 400;\"><span style=\"font-weight: 400;\">Sandalias para as zonas de Primavera.<\/span><\/li>\n<li style=\"font-weight: 400;\"><span style=\"font-weight: 400;\">Roupa de ba\u00f1o<\/span><\/li>\n<\/ul>\n<p>&nbsp;<\/p>\n<h4><b><i>Recollida no hotel <\/i><\/b><\/h4>\n<p><span style=\"font-weight: 400;\">Ofr\u00e9cese a recollida do hotel para esta excursi\u00f3n.\u00a0<\/span><\/p>\n<p><b>Nota:<\/b><span style=\"font-weight: 400;\"> se reservas dentro das 24 horas posteriores \u00e1 hora de sa\u00edda da excursi\u00f3n\/excursi\u00f3n, podemos organizar a recollida do hotel con cargos adicionais. Unha vez completada a compra, enviar\u00e9mosche a informaci\u00f3n de contacto completa (n\u00famero de tel\u00e9fono, enderezo de correo electr\u00f3nico, etc.) para que o noso gu\u00eda tur\u00edstico local organice a recollida.<\/span><\/p>\n<h4><b><i>Confirmaci\u00f3n de informaci\u00f3n adicional <\/i><\/b><\/h4>\n<ol>\n<li>As entradas son o recibo despois de pagar este Tour. Podes mostrar o pago no teu tel\u00e9fono.<\/li>\n<li style=\"font-weight: 400;\"><span style=\"font-weight: 400;\">O punto de encontro recibirase despois do proceso de reserva.<\/span><\/li>\n<li style=\"font-weight: 400;\"><span style=\"font-weight: 400;\">Os nenos deben ir acompa\u00f1ados dun adulto.<\/span><\/li>\n<li style=\"font-weight: 400;\"><span style=\"font-weight: 400;\"> Non accesible en cadeira de rodas <\/span><\/li>\n<li style=\"font-weight: 400;\"><span style=\"font-weight: 400;\">Os beb\u00e9s deben sentarse no colo <\/span><\/li>\n<li style=\"font-weight: 400;\"><span style=\"font-weight: 400;\">Non recomendado para viaxeiros con problemas de costas<\/span><\/li>\n<li style=\"font-weight: 400;\"><span style=\"font-weight: 400;\">Non recomendado para viaxeiras embarazadas <\/span><\/li>\n<li style=\"font-weight: 400;\"><span style=\"font-weight: 400;\"> Sen problemas card\u00edacos ou outras condici\u00f3ns m\u00e9dicas graves <\/span><\/li>\n<li style=\"font-weight: 400;\"><span style=\"font-weight: 400;\">Poden participar a maior\u00eda dos viaxeiros<\/span><\/li>\n<\/ol>\n<h4><b><i>Pol\u00edtica de cancelaci\u00f3n<\/i><\/b><\/h4>\n<p>Para obter un reembolso completo, lea as nosas pol\u00edticas de cancelaci\u00f3n\u00a0<a href=\"https:\/\/www.boattoursamana.com\/gl\/reserva-en-lina\/\" target=\"_blank\" rel=\"noopener\" data-saferedirecturl=\"https:\/\/www.google.com\/url?q=https:\/\/www.boattoursamana.com\/online-booking\/&amp;source=gmail&amp;ust=1672449202351000&amp;usg=AOvVaw1yAeVAPktmaVCqDujgUn90\">Pulse AQU\u00cd<\/a>. Os fondos perderanse se a reserva se cancela o mesmo d\u00eda da viaxe.<\/p>\n\n\t\t<\/div>\n\t<\/div>\n<div class=\"mkdf-section-title-holder\" style=\"text-align: left\">\n\t<div class=\"mkdf-st-inner\">\n\t\t\t\t\t<h5 class=\"mkdf-st-subtitle\" >\n\t\t\t\tSendeirismo pola selva tropical e kayak\t\t\t<\/h5>\n\t\t\t\t\t\t\t<h3 class=\"mkdf-st-title\" >\n\t\t\t\tCaminata + Kayak Parque Nacional Los Haitises\t\t\t<\/h3>\n\t\t\t\t\t\t\t<p class=\"mkdf-st-text\" >\n\t\t\t\tEsta experiencia precisa dun m\u00ednimo de 4 participantes. Se non tes 4 anos, p\u00f3\u00f1ase en contacto connosco!\t\t\t<\/p>\n\t\t\t<\/div>\n<\/div><\/div><\/div><\/div><\/div><div class=\"vc_row wpb_row vc_row-fluid\" ><div class=\"wpb_column vc_column_container vc_col-sm-12\"><div class=\"vc_column-inner\"><div class=\"wpb_wrapper\">\n\t<div class=\"wpb_video_widget wpb_content_element vc_clearfix   vc_video-aspect-ratio-169 vc_video-el-width-100 vc_video-align-left\" >\n\t\t<div class=\"wpb_wrapper\">\n\t\t\t<h2 class=\"wpb_heading wpb_video_heading\">Kayak Los Haitises<\/h2>\n\t\t\t<div class=\"wpb_video_wrapper\"><iframe loading=\"lazy\" title=\"Excursi\u00f3n en kayak e espeleolox\u00eda no Parque Nacional Los Haitises, Rep\u00fablica Dominicana\" width=\"1100\" height=\"619\" src=\"https:\/\/www.youtube.com\/embed\/ucU1uwB57wQ?feature=oembed\" frameborder=\"0\" allow=\"accelerometer; autoplay; clipboard-write; encrypted-media; gyroscope; picture-in-picture; web-share\" allowfullscreen><\/iframe><\/div>\n\t\t<\/div>\n\t<\/div>\n<div class=\"vc_btn3-container vc_btn3-inline\" ><a class=\"vc_general vc_btn3 vc_btn3-size-md vc_btn3-shape-rounded vc_btn3-style-modern vc_btn3-color-green\" href=\"https:\/\/bookingadventures.tours\/booking.php?tour_id=34f3a207c9a865171ef66759d2d5774e\" title=\"\" rel=\"noopener\">RESERVAR AGORA<\/a><\/div><\/div><\/div><\/div><\/div><div class=\"vc_row wpb_row vc_row-fluid\" ><div class=\"wpb_column vc_column_container vc_col-sm-12\"><div class=\"vc_column-inner\"><div class=\"wpb_wrapper\"><\/div><\/div><\/div><\/div><div class=\"vc_row wpb_row vc_row-fluid\" ><\/div><div class=\"wpb_column vc_column_container vc_col-sm-12\"><div class=\"vc_column-inner\"><div class=\"wpb_wrapper\"><\/div><\/div><\/div><div class=\"vc_empty_space\"   style=\"height: 32px\"><span class=\"vc_empty_space_inner\"><\/span><\/div><div class=\"vc_empty_space\"   style=\"height: 32px\"><span class=\"vc_empty_space_inner\"><\/span><\/div>","protected":false},"excerpt":{"rendered":"<div>Cami\u00f1ada de 3 horas e kayak en manglares no Parque Nacional Los Haitises cun gu\u00eda tur\u00edstico local de Sabana de la Mar. Visitando as zonas de Rainforest, Cocos, Coffee e Cocoa. Co\u00f1ecer a historia orixinal do Parque Nacional Los Haitises.<\/div>\n<div><\/div>\n<div>Seleccione a data para a viaxe de sendeirismo:<\/div>","protected":false},"featured_media":8238,"template":"","meta":[],"product_cat":[456,946,178,927,934,254,255],"product_tag":[422,268,174,173,577,576,911,571,570,569,317,316,206,899,209,575,441,574,572,499,175,498,200,187,573],"class_list":["post-12678","product","type-product","status-publish","has-post-thumbnail","hentry","product_cat-day-trips","product_cat-1-sabana-de-la-mar","product_cat-hiking","product_cat-hiking-los-haitises","product_cat-kayaking-los-haitises","product_cat-tours-excursions-los-haitises-national-park","product_cat-tours-excursions-samana-bay-dominican-republic","product_tag-cano-hondo-sabana-de-la-mar","product_tag-caves-los-haitises","product_tag-eco-tours","product_tag-excursion","product_tag-hike-kayak","product_tag-hike-kayak-los-haitises-national-park","product_tag-hike-kayak-los-haitises-national-park-from-boca-chica","product_tag-hiking-los-haitises","product_tag-hiking-sabana-de-la-mar","product_tag-hiking-samana","product_tag-kayak-tour","product_tag-kayaking","product_tag-kayaking-los-haitises","product_tag-los-haitises-juan-dolio","product_tag-los-haitises-national-park","product_tag-los-haitises-national-park-entrance-fee","product_tag-los-haitises-national-park-tour-from-las-terrenas","product_tag-los-haitises-national-park-tour-from-santo-domingo","product_tag-los-haitises-national-park-weather","product_tag-los-haitises-sabana-de-la-mar","product_tag-sabana-de-la-mar","product_tag-sabana-de-la-mar-tour","product_tag-samana-excursions","product_tag-samana-tours","product_tag-secrets-of-los-haitises"],"_links":{"self":[{"href":"https:\/\/www.boattoursamana.com\/gl\/wp-json\/wp\/v2\/product\/12678","targetHints":{"allow":["GET"]}}],"collection":[{"href":"https:\/\/www.boattoursamana.com\/gl\/wp-json\/wp\/v2\/product"}],"about":[{"href":"https:\/\/www.boattoursamana.com\/gl\/wp-json\/wp\/v2\/types\/product"}],"wp:featuredmedia":[{"embeddable":true,"href":"https:\/\/www.boattoursamana.com\/gl\/wp-json\/wp\/v2\/media\/8238"}],"wp:attachment":[{"href":"https:\/\/www.boattoursamana.com\/gl\/wp-json\/wp\/v2\/media?parent=12678"}],"wp:term":[{"taxonomy":"product_cat","embeddable":true,"href":"https:\/\/www.boattoursamana.com\/gl\/wp-json\/wp\/v2\/product_cat?post=12678"},{"taxonomy":"product_tag","embeddable":true,"href":"https:\/\/www.boattoursamana.com\/gl\/wp-json\/wp\/v2\/product_tag?post=12678"}],"curies":[{"name":"wp","href":"https:\/\/api.w.org\/{rel}","templated":true}]}}