{"id":13515,"date":"2021-12-29T10:30:36","date_gmt":"2021-12-29T10:30:36","guid":{"rendered":"https:\/\/www.ticketswhales.com\/?post_type=product&#038;p=13515"},"modified":"2023-02-25T21:54:59","modified_gmt":"2023-02-25T21:54:59","slug":"27-waterfalls-from-santo-domingo-private-or-small-group-trip","status":"publish","type":"product","link":"https:\/\/www.boattoursamana.com\/gl\/xira\/27-fervenzas-desde-santo-domingo-viaxe-privada-ou-en-pequeno-grupo","title":{"rendered":"27 Fervenzas de Santo Domingo \u2013 Viaxe privada ou en grupo pequeno"},"content":{"rendered":"<div class=\"vc_row wpb_row vc_row-fluid\" ><div class=\"wpb_column vc_column_container vc_col-sm-12\"><div class=\"vc_column-inner\"><div class=\"wpb_wrapper\"><div class=\"vc_btn3-container vc_btn3-inline\" ><button class=\"vc_general vc_btn3 vc_btn3-size-md vc_btn3-shape-rounded vc_btn3-style-modern vc_btn3-color-green\">RESERVAR AGORA<\/button><\/div><div class=\"mkdf-section-title-holder\" style=\"text-align: left\">\n\t<div class=\"mkdf-st-inner\">\n\t\t\t\t\t<h5 class=\"mkdf-st-subtitle\" >\n\t\t\t\tXantar e transporte inclu\u00eddo\t\t\t<\/h5>\n\t\t\t\t\t\t\t<h3 class=\"mkdf-st-title\" >\n\t\t\t\t27 Fervenzas de Santo Domingo - Excursi\u00f3n privada ou en grupo reducido\t\t\t<\/h3>\n\t\t\t\t\t<\/div>\n<\/div><\/div><\/div><\/div><\/div><div class=\"vc_row wpb_row vc_row-fluid\" ><div class=\"wpb_column vc_column_container vc_col-sm-12\"><div class=\"vc_column-inner\"><div class=\"wpb_wrapper\">\n\t<div class=\"wpb_text_column wpb_content_element\" >\n\t\t<div class=\"wpb_wrapper\">\n\t\t\t<h3 class=\"ui_header h1 attractions-product-info-ProductTitle__title--1qM0o\"><\/h3>\n<h4><b><i>Visi\u00f3n xeral <\/i><\/b><\/h4>\n<p>Consigue as t\u00faas entradas para unha excursi\u00f3n de d\u00eda completo dende Santo Domingo ata a Fervenza 27 de Damajagua. Tickets de entrada con Xantar e Excursi\u00f3n Incl\u00faen saltar e nadar nas fervenzas m\u00e1is fermosas da Rep\u00fablica Dominicana. Sendeirismo e nataci\u00f3n con equipos de seguridade para ter a mellor experiencia de sempre!!<\/p>\n<p>Despois desta experiencia, volver\u00e1s a Santo Domingo no lugar onde te reunir\u00e1s co gu\u00eda tur\u00edstico ou o hotel.<\/p>\n<ul>\n<li style=\"font-weight: 400;\">Gastos inclu\u00eddos<\/li>\n<li>Xantar<\/li>\n<li>Merendas<\/li>\n<li style=\"font-weight: 400;\">Gu\u00eda tur\u00edstica local en ingl\u00e9s<\/li>\n<\/ul>\n<p>&nbsp;<\/p>\n<h4><b>Inclusi\u00f3ns e exclusi\u00f3ns<\/b><\/h4>\n<p>&nbsp;<\/p>\n<p><b>Inclusi\u00f3ns<\/b><\/p>\n<ol>\n<li style=\"font-weight: 400;\">27 Fervenzas de Damajagua<\/li>\n<li>Xantar<\/li>\n<li style=\"font-weight: 400;\"><span style=\"font-weight: 400;\">Todos os impostos, taxas e gastos de xesti\u00f3n<\/span><\/li>\n<li style=\"font-weight: 400;\"><span style=\"font-weight: 400;\">Impostos locais<\/span><\/li>\n<li style=\"font-weight: 400;\"><span style=\"font-weight: 400;\">Bebidas<\/span><\/li>\n<li>Merendas<\/li>\n<li style=\"font-weight: 400;\"><span style=\"font-weight: 400;\">Todas as actividades<\/span><\/li>\n<li style=\"font-weight: 400;\"><span style=\"font-weight: 400;\">Gu\u00eda local<\/span><\/li>\n<li>Transporte<\/li>\n<\/ol>\n<p><b> Exclusi\u00f3ns<\/b><\/p>\n<ol>\n<li style=\"font-weight: 400;\"><span style=\"font-weight: 400;\">Gratu\u00edtos<\/span><\/li>\n<li style=\"font-weight: 400;\"><span style=\"font-weight: 400;\">Bebidas alcoh\u00f3licas<\/span><\/li>\n<\/ol>\n<p>&nbsp;<\/p>\n<h4><em><strong>Sa\u00edda e volta<\/strong><\/em><\/h4>\n<p><span style=\"font-weight: 400;\">O viaxeiro ser\u00e1 recollido nos hoteis de Santo Domingo. Os percorridos comezan e rematan nos seus puntos de encontro.<\/span><\/p>\n<h4><\/h4>\n<h3 class=\"ui_header h1 attractions-product-info-ProductTitle__title--1qM0o\">Tour 27 Fervenzas de Damajagua desde Santo Domingo.<\/h3>\n<h4><b><i>Que esperar?<\/i><\/b><\/h4>\n<div class=\"apd_content_block\" data-tab=\"TABS_OVERVIEW\">\n<div class=\"ui_card section attractions-product-details-Overview__sectionMargin--uHktd attractions-product-details-Overview__cleanslateOverrideDT--39Ov7\"><strong>Nota:<\/strong> A viaxe de ida de Santo Domingo a Puerto Plata dura unhas 3 horas. Partimos de Santo Domingo sobre as 7:00 AM. Volta a Santo Domingo \u00e1s 19:00h.<\/div>\n<\/div>\n<div data-tab=\"TABS_WHAT_TO_EXPECT\">\n<div class=\"ui_card attractions-card-CollapsibleProductDetailsCard__cardContainer--3r2wk attractions-card-CollapsibleProductDetailsCard__cleanslateOverrideDT--2AJh0\">\n<div class=\"attractions-card-CollapsibleCard__header--IDA3r\">\n<div class=\"attractions-card-CollapsibleCard__headerSection--3gTKb\"><\/div>\n<\/div>\n<div class=\"attractions-card-CollapsibleCard__content--2Ws8q\">\n<div class=\"attractions-card-CollapsibleCard__contentWrap--374jk attractions-card-CollapsibleCard__titleUnderline--1uHze\">\n<div>Descubra as illadas fervenzas de Damajagua, metidas nos outeiros do Corredor Norte da Rep\u00fablica Dominicana, nesta viaxe de d\u00eda completo desde Puerto Plata. Explora as vinte e sete cataratas pr\u00edstinas que caen sobre pedra caliza co teu gu\u00eda local. Obt\u00e9n unha breve sesi\u00f3n informativa de seguridade, despois salta, nada e desl\u00edzase por tobog\u00e1ns acu\u00e1ticos naturais.<\/div>\n<div><\/div>\n<div>Xantar, bebidas inclu\u00eddas. Unha subida moderada de 40 minutos a trav\u00e9s dunha fermosa paisaxe da selva l\u00e9vache \u00e1 12\u00aa fervenza ou, se tes unha excelente forma f\u00edsica, elixe cami\u00f1ar ata o cumio das 27 fervenzas (uns 70 minutos aproximadamente) e experimenta todo. .<\/div>\n<div class=\"attractions-card-CollapsibleProductDetailsCard__cardContent--23ext\">\n<div class=\"common-text-ReadMore__readMore--3Iu8c common-text-ReadMore__variantFadeOut--1tInd\">\n<div class=\"common-text-ReadMore__content--2X4LR\">\n<div class=\"ui_columns is-desktop\">\n<div><\/div>\n<div class=\"ui_column\">De calquera xeito, a t\u00faa verdadeira diversi\u00f3n comeza cando volvemos r\u00edo abaixo e ti saltas, deslizas e nadas a trav\u00e9s dunha serie de espectaculares fervenzas, can\u00f3ns e piscinas azules, emerxendo cun sorriso parvo no teu rostro e recordos incribles para gardar! Os percorridos incl\u00faen saltos de ata 25 p\u00e9s (8 metros) pero non te preocupes, os grandes te\u00f1en outro cami\u00f1o para baixar se non queres saltar.<\/div>\n<div><\/div>\n<div class=\"ui_column\">Despois de cami\u00f1ar de 15 minutos de volta ao campamento base e de vestir a roupa seca, disfruta dun delicioso e variado xantar buf\u00e9 dominicano, que incl\u00fae cousas como polo e porco \u00e1 grellada, guisos, arroz, pasta e ensaladas.<\/div>\n<div><\/div>\n<div class=\"ui_column\">Incl\u00faense bebidas locais de ron, refrescos e auga (a cervexa est\u00e1 dispo\u00f1ible pero non est\u00e1 inclu\u00edda). Despois da comida, desp\u00eddese dos gu\u00edas locais e ter\u00e1s en conta a t\u00faa mellor experiencia e fotos ou v\u00eddeos para o resto da t\u00faa vida.<\/div>\n<div class=\"ui_column\">Despois disto, volvemos a Santo Domingo.<\/div>\n<\/div>\n<\/div>\n<\/div>\n<\/div>\n<\/div>\n<\/div>\n<\/div>\n<\/div>\n<h4><em><strong>Que debes traer?<\/strong><\/em><\/h4>\n<ul>\n<li style=\"font-weight: 400;\"><span style=\"font-weight: 400;\">C\u00e1mara<\/span><\/li>\n<li style=\"font-weight: 400;\"><span style=\"font-weight: 400;\">Brotes repelentes<\/span><\/li>\n<li style=\"font-weight: 400;\"><span style=\"font-weight: 400;\">Crema solar<\/span><\/li>\n<li style=\"font-weight: 400;\"><span style=\"font-weight: 400;\">Sombreiro<\/span><\/li>\n<li style=\"font-weight: 400;\"><span style=\"font-weight: 400;\">Pantal\u00f3ns c\u00f3modos<\/span><\/li>\n<li style=\"font-weight: 400;\"><span style=\"font-weight: 400;\">Zapatos de sendeirismo para bosque<\/span><\/li>\n<li style=\"font-weight: 400;\"><span style=\"font-weight: 400;\">Sandalias para as zonas de Primavera.<\/span><\/li>\n<li style=\"font-weight: 400;\"><span style=\"font-weight: 400;\">Roupa de ba\u00f1o<\/span><\/li>\n<\/ul>\n<p>&nbsp;<\/p>\n<h4><b><i>Recollida no hotel <\/i><\/b><\/h4>\n<p><span style=\"font-weight: 400;\">Ofr\u00e9cese a recollida do hotel para esta excursi\u00f3n. Fixamos Pick up contactando connosco por Whatsapp.<\/span><\/p>\n<p>&nbsp;<\/p>\n<p><b>Nota:<\/b><span style=\"font-weight: 400;\"> se reservas dentro das 24 horas posteriores \u00e1 hora de sa\u00edda da excursi\u00f3n\/excursi\u00f3n, podemos organizar a recollida do hotel con cargos adicionais. Unha vez completada a compra, enviar\u00e9mosche a informaci\u00f3n de contacto completa (n\u00famero de tel\u00e9fono, enderezo de correo electr\u00f3nico, etc.) para que o noso gu\u00eda tur\u00edstico local organice a recollida.<\/span><\/p>\n<h4><b><i>Confirmaci\u00f3n de informaci\u00f3n adicional <\/i><\/b><\/h4>\n<ol>\n<li>As entradas son o recibo despois de pagar este Tour. Podes mostrar o pago no teu tel\u00e9fono.<\/li>\n<li style=\"font-weight: 400;\"><span style=\"font-weight: 400;\">O punto de encontro recibirase despois do proceso de reserva.<\/span><\/li>\n<li style=\"font-weight: 400;\"><span style=\"font-weight: 400;\">Os nenos deben ir acompa\u00f1ados dun adulto.<\/span><\/li>\n<li style=\"font-weight: 400;\"><span style=\"font-weight: 400;\"> Non accesible en cadeira de rodas <\/span><\/li>\n<li style=\"font-weight: 400;\"><span style=\"font-weight: 400;\">Os beb\u00e9s deben sentarse no colo <\/span><\/li>\n<li style=\"font-weight: 400;\"><span style=\"font-weight: 400;\">Non recomendado para viaxeiros con problemas de costas<\/span><\/li>\n<li style=\"font-weight: 400;\"><span style=\"font-weight: 400;\">Non recomendado para viaxeiras embarazadas <\/span><\/li>\n<li style=\"font-weight: 400;\"><span style=\"font-weight: 400;\"> Sen problemas card\u00edacos ou outras condici\u00f3ns m\u00e9dicas graves <\/span><\/li>\n<li style=\"font-weight: 400;\"><span style=\"font-weight: 400;\">Poden participar a maior\u00eda dos viaxeiros<\/span><\/li>\n<\/ol>\n<h4><b><i>Pol\u00edtica de cancelaci\u00f3n<\/i><\/b><\/h4>\n<p>Para obter un reembolso completo, lea as nosas pol\u00edticas de cancelaci\u00f3n\u00a0<a href=\"https:\/\/www.boattoursamana.com\/gl\/reserva-en-lina\/\" target=\"_blank\" rel=\"noopener\" data-saferedirecturl=\"https:\/\/www.google.com\/url?q=https:\/\/www.boattoursamana.com\/online-booking\/&amp;source=gmail&amp;ust=1672449202351000&amp;usg=AOvVaw1yAeVAPktmaVCqDujgUn90\">Pulse AQU\u00cd<\/a>. Os fondos perderanse se a reserva se cancela o mesmo d\u00eda da viaxe.<\/p>\n\n\t\t<\/div>\n\t<\/div>\n<div class=\"vc_btn3-container vc_btn3-inline\" ><button class=\"vc_general vc_btn3 vc_btn3-size-md vc_btn3-shape-rounded vc_btn3-style-modern vc_btn3-color-green\">RESERVAR AGORA<\/button><\/div><\/div><\/div><\/div><\/div><div class=\"vc_row wpb_row vc_row-fluid\" ><div class=\"wpb_column vc_column_container vc_col-sm-12\"><div class=\"vc_column-inner\"><div class=\"wpb_wrapper\">\n\t<div class=\"wpb_video_widget wpb_content_element vc_clearfix   vc_video-aspect-ratio-169 vc_video-el-width-100 vc_video-align-left\" >\n\t\t<div class=\"wpb_wrapper\">\n\t\t\t<h2 class=\"wpb_heading wpb_video_heading\">Tour 27 Cascadas de Damajagua desde Puerto Plata:<\/h2>\n\t\t\t<div class=\"wpb_video_wrapper\"><iframe loading=\"lazy\" title=\"27 Fervenzas de Damajagua por Booking Adventures &amp; Travel Rep\u00fablica Dominicana\" width=\"1100\" height=\"619\" src=\"https:\/\/www.youtube.com\/embed\/AVNh_we_RQE?start=17&feature=oembed\" frameborder=\"0\" allow=\"accelerometer; autoplay; encrypted-media; gyroscope; picture-in-picture\" allowfullscreen><\/iframe><\/div>\n\t\t<\/div>\n\t<\/div>\n<\/div><\/div><\/div><\/div><div class=\"wpb_column vc_column_container vc_col-sm-12\"><div class=\"vc_column-inner\"><div class=\"wpb_wrapper\"><\/div><\/div><\/div><div class=\"vc_row wpb_row vc_row-fluid\" ><div class=\"wpb_column vc_column_container vc_col-sm-12\"><div class=\"vc_column-inner\"><div class=\"wpb_wrapper\"><div class=\"vc_btn3-container vc_btn3-inline\" ><button class=\"vc_general vc_btn3 vc_btn3-size-md vc_btn3-shape-rounded vc_btn3-style-modern vc_btn3-color-green\">RESERVAR AGORA<\/button><\/div><\/div><\/div><\/div><\/div>","protected":false},"excerpt":{"rendered":"<p id=\"tw-target-text\" class=\"tw-data-text tw-text-large tw-ta\" dir=\"ltr\" data-placeholder=\"Translation\"><span class=\"Y2IQFc\" lang=\"en\">Esta excursi\u00f3n desde Santo Domingo \u00e1s 27 fervenzas de Damajagua en Puerto Plata, Xantar e Excursi\u00f3n polas 27 fervenzas, cami\u00f1a e salta ao r\u00edo. Viaxe ecol\u00f3xica \u00e1s 27 fervenzas de Puerto Plata. Consigue as t\u00faas entradas para unha excursi\u00f3n de d\u00eda completo desde a zona de Punta Cana ata a Cascada 27 desde Damajagua. <\/span><\/p>\n<p class=\"tw-data-text tw-text-large tw-ta\" dir=\"ltr\" data-placeholder=\"Translation\"><span class=\"Y2IQFc\" lang=\"en\">Entradas con xantar e excursi\u00f3n Incl\u00faen saltos e nataci\u00f3n nas fervenzas m\u00e1is fermosas da Rep\u00fablica Dominicana. Cami\u00f1a e nada con equipos de seguridade para ter a mellor experiencia!<\/span><\/p>\n<p class=\"tw-data-text tw-text-large tw-ta\" dir=\"ltr\" data-placeholder=\"Translation\"><strong><span class=\"Y2IQFc\" lang=\"en\">Seleccione a data para a xira:<\/span><\/strong><\/p>","protected":false},"featured_media":9037,"template":"","meta":[],"product_cat":[282,947,948,281,283,159,178,160,1001,253,252],"product_tag":[286,284,292,401,290,291,406,405,404,403,288,402,287,293,285,407,289],"class_list":["post-13515","product","type-product","status-publish","has-post-thumbnail","hentry","product_cat-tours-excursions-27-waterfalls-puerto-plata-dominican-republic","product_cat-1-puerto-plata","product_cat-1-punta-cana","product_cat-27-waterfalls","product_cat-damajagua","product_cat-fees-entrace","product_cat-hiking","product_cat-lunch","product_cat-puerto-plata-27-waterfalls-hike","product_cat-tours-and-excursions","product_cat-waterfalls","product_tag-27-charcos-de-damajagua","product_tag-27-waterfalls","product_tag-27-waterfalls-dominican-republic","product_tag-27-waterfalls-dominican-republic-facts","product_tag-27-waterfalls-excursion","product_tag-27-waterfalls-puerto-plata","product_tag-amber-cove-cruise-terminal-27-waterfalls","product_tag-amber-cove-excursions","product_tag-damajagua-falls-tours","product_tag-damajagua-national-park","product_tag-excursion-27-waterfalls","product_tag-how-to-get-to-27-waterfalls-from-puerto-plata","product_tag-jumping-27-waterfalls","product_tag-los-27-charcos-de-puerto-plata","product_tag-puerto-plata","product_tag-things-to-do-in-amber-cove","product_tag-tour-27-waterfalls"],"_links":{"self":[{"href":"https:\/\/www.boattoursamana.com\/gl\/wp-json\/wp\/v2\/product\/13515","targetHints":{"allow":["GET"]}}],"collection":[{"href":"https:\/\/www.boattoursamana.com\/gl\/wp-json\/wp\/v2\/product"}],"about":[{"href":"https:\/\/www.boattoursamana.com\/gl\/wp-json\/wp\/v2\/types\/product"}],"wp:featuredmedia":[{"embeddable":true,"href":"https:\/\/www.boattoursamana.com\/gl\/wp-json\/wp\/v2\/media\/9037"}],"wp:attachment":[{"href":"https:\/\/www.boattoursamana.com\/gl\/wp-json\/wp\/v2\/media?parent=13515"}],"wp:term":[{"taxonomy":"product_cat","embeddable":true,"href":"https:\/\/www.boattoursamana.com\/gl\/wp-json\/wp\/v2\/product_cat?post=13515"},{"taxonomy":"product_tag","embeddable":true,"href":"https:\/\/www.boattoursamana.com\/gl\/wp-json\/wp\/v2\/product_tag?post=13515"}],"curies":[{"name":"wp","href":"https:\/\/api.w.org\/{rel}","templated":true}]}}