{"id":13597,"date":"2022-01-16T16:05:16","date_gmt":"2022-01-16T16:05:16","guid":{"rendered":"https:\/\/www.ticketswhales.com\/?post_type=product&#038;p=13597"},"modified":"2023-10-19T15:59:02","modified_gmt":"2023-10-19T15:59:02","slug":"atv-samana-adventures-atv-tours-excursions-in-coffee-trail-cultural-tour","status":"publish","type":"product","link":"https:\/\/www.boattoursamana.com\/gl\/xira\/atv-samana-adventures-paseos-en-atv-excursions-en-coffee-trail-tour-cultural","title":{"rendered":"Las Terrenas: ATV Saman\u00e1 Adventures - Tours en ATV e excursi\u00f3ns en Coffee Trail Cultural Tour"},"content":{"rendered":"<div class=\"vc_row wpb_row vc_row-fluid\" ><div class=\"wpb_column vc_column_container vc_col-sm-12\"><div class=\"vc_column-inner\"><div class=\"wpb_wrapper\"><div class=\"mkdf-section-title-holder\" style=\"text-align: left\">\n\t<div class=\"mkdf-st-inner\">\n\t\t\t\t\t<h5 class=\"mkdf-st-subtitle\" >\n\t\t\t\tXantar inclu\u00eddo na Praia\t\t\t<\/h5>\n\t\t\t\t\t\t\t<h3 class=\"mkdf-st-title\" >\n\t\t\t\tATV Samana Adventures - Tours e excursi\u00f3ns en ATV en Coffee Trail Cultural Tour\t\t\t<\/h3>\n\t\t\t\t\t<\/div>\n<\/div><\/div><\/div><\/div><\/div><div class=\"vc_row wpb_row vc_row-fluid\" ><div class=\"wpb_column vc_column_container vc_col-sm-12\"><div class=\"vc_column-inner\"><div class=\"wpb_wrapper\"><div class=\"vc_btn3-container vc_btn3-inline\" ><a class=\"vc_general vc_btn3 vc_btn3-size-md vc_btn3-shape-rounded vc_btn3-style-modern vc_btn3-color-green\" href=\"https:\/\/bookingadventures.tours\/booking.php?tour_id=67e6cb7d632ddf80655990b64bf50160\" title=\"\" rel=\"noopener\">RESERVAR AGORA<\/a><\/div>\n\t<div class=\"wpb_text_column wpb_content_element\" >\n\t\t<div class=\"wpb_wrapper\">\n\t\t\t<h3 class=\"ui_header h1 attractions-product-info-ProductTitle__title--1qM0o\">ATV Samana Adventures - Tours e excursi\u00f3ns en ATV en Coffee Trail Cultural Tour.<\/h3>\n<h4><b><i>Visi\u00f3n xeral <\/i><\/b><\/h4>\n<p>Consigue as t\u00faas entradas para unha excursi\u00f3n de medio d\u00eda en Saman\u00e1 en ATV Tours.<\/p>\n<p>O\u00a0<strong>Ruta Cultural ATV Coffee Trail<\/strong> \u00e9 a mestura perfecta de adrenalina, natureza e cultura. Conduce pola Ruta del Caf\u00e9, div\u00edrtete polos cami\u00f1os de terra conducindo o ATV, mentres descobres o campo de Saman\u00e1 e a cultura e o modo de vida dominicanos.<\/p>\n<p>The tour will take you through country roads boarded by cacao and coffee fields, spectacular views over the Samana bay, and local farms. We\u2019ll stop at a classic mountain farm, sharing some time with a family of farmers. You\u2019ll be able to sample some of the products they produce and visit their farm, learning about organic farming and plants.<\/p>\n<p>&nbsp;<\/p>\n<h4><b>Inclusi\u00f3ns e exclusi\u00f3ns<\/b><\/h4>\n<p>&nbsp;<\/p>\n<p><b>Inclusi\u00f3ns<\/b><\/p>\n<ol>\n<li style=\"font-weight: 400;\">Atv 2 persoas en un.<\/li>\n<li>Xantar no Campo<\/li>\n<li style=\"font-weight: 400;\"><span style=\"font-weight: 400;\">Todos os impostos, taxas e gastos de xesti\u00f3n<\/span><\/li>\n<li style=\"font-weight: 400;\"><span style=\"font-weight: 400;\">Impostos locais<\/span><\/li>\n<li style=\"font-weight: 400;\"><span style=\"font-weight: 400;\">Bebidas<\/span><\/li>\n<li>Merendas<\/li>\n<li>Visita \u00e1s Fervenzas do Lim\u00f3n<\/li>\n<li style=\"font-weight: 400;\"><span style=\"font-weight: 400;\">Todas as actividades<\/span><\/li>\n<li style=\"font-weight: 400;\"><span style=\"font-weight: 400;\">Gu\u00eda local<\/span><\/li>\n<\/ol>\n<p><b> Exclusi\u00f3ns<\/b><\/p>\n<ol>\n<li style=\"font-weight: 400;\"><span style=\"font-weight: 400;\">Gratu\u00edtos<\/span><\/li>\n<li>transporte desde hoteis (configurado contactando connosco).<\/li>\n<li style=\"font-weight: 400;\"><span style=\"font-weight: 400;\">Bebidas alcoh\u00f3licas<\/span><\/li>\n<\/ol>\n<p>&nbsp;<\/p>\n<h4><em><strong>Sa\u00edda e volta<\/strong><\/em><\/h4>\n<p><span style=\"font-weight: 400;\">O viaxeiro ter\u00e1 un punto de encontro despois do proceso de reserva. As visitas comezan e rematan nos nosos puntos de encontro.<\/span><\/p>\n<h3 class=\"ui_header h1 attractions-product-info-ProductTitle__title--1qM0o\"><\/h3>\n<h4><b><i>Que esperar?<\/i><\/b><\/h4>\n<div data-tab=\"TABS_WHAT_TO_EXPECT\">\n<div class=\"ui_card attractions-card-CollapsibleProductDetailsCard__cardContainer--3r2wk attractions-card-CollapsibleProductDetailsCard__cleanslateOverrideDT--2AJh0\">\n<div class=\"attractions-card-CollapsibleCard__header--IDA3r\">\n<div class=\"attractions-card-CollapsibleCard__headerSection--3gTKb\"><\/div>\n<\/div>\n<div class=\"attractions-card-CollapsibleCard__content--2Ws8q\">\n<div class=\"attractions-card-CollapsibleCard__contentWrap--374jk attractions-card-CollapsibleCard__titleUnderline--1uHze\">\n<div class=\"attractions-card-CollapsibleProductDetailsCard__cardContent--23ext\">\n<div class=\"common-text-ReadMore__readMore--3Iu8c common-text-ReadMore__variantFadeOut--1tInd\">\n<div class=\"common-text-ReadMore__content--2X4LR\">\n<div class=\"ui_columns is-desktop\">\n<div class=\"ui_column\">\n<p>Getting your Atv started. You\u2019ll witness the difference between Las Terrenas, a busy beach destination, and the countryside, with its clean air and slow-paced way of life.If you want, the farmers will show you how coffee or cacao is made, from the tree to your table. You can then sip on a cup of coffee or hot cocoa. Don\u2019t worry, if you don\u2019t speak Spanish, our local tour guide will translate everything for you. Next stop is a small beach on the Samana Bay where you can take a dip and cool off for a while. On the way, we\u2019ll pass through many fields, farms, and viewpoints.<\/p>\n<p>There, we can organize a picnic of fresh seafood or fish and local veggies and fruits.<\/p>\n<\/div>\n<\/div>\n<div class=\"ui_columns is-desktop\">\n<div class=\"ui_column\">\n<p>Most of the trip is on dirt roads, it\u2019s a lot of fun driving the ATV there, up and down, through bumps and holes. If you are not 100% comfortable driving an ATV or if speed is not your thing, don\u2019t worry, you can either drive slow (more time to enjoy the view!) or you can ride with someone, most ATV can sit two people. Driving an ATV is pretty straightforward and even if it\u2019s your first time you should get the hang of it pretty quickly.<\/p>\n<p>Typically the tour lasts half a day but we can also plan a full-day tour, going deeper into the Samana mountains and lush jungle, exploring more remote beaches and villages on the way. On the way back, we can make a stop at\u00a0<strong>Fervenza do Lim\u00f3n<\/strong>, a s\u00f3 30 minutos de cami\u00f1o da estrada principal.<\/p>\n<\/div>\n<\/div>\n<\/div>\n<\/div>\n<\/div>\n<\/div>\n<\/div>\n<\/div>\n<\/div>\n<h4><em><strong>Que debes traer?<\/strong><\/em><\/h4>\n<ul>\n<li style=\"font-weight: 400;\"><span style=\"font-weight: 400;\">C\u00e1mara<\/span><\/li>\n<li style=\"font-weight: 400;\"><span style=\"font-weight: 400;\">Brotes repelentes<\/span><\/li>\n<li style=\"font-weight: 400;\"><span style=\"font-weight: 400;\">Crema solar<\/span><\/li>\n<li style=\"font-weight: 400;\"><span style=\"font-weight: 400;\">Sombreiro<\/span><\/li>\n<li style=\"font-weight: 400;\"><span style=\"font-weight: 400;\">Pantal\u00f3ns c\u00f3modos<\/span><\/li>\n<li style=\"font-weight: 400;\"><span style=\"font-weight: 400;\">Zapatos de sendeirismo para bosque<\/span><\/li>\n<li style=\"font-weight: 400;\"><span style=\"font-weight: 400;\">Sandalias para as zonas de Primavera.<\/span><\/li>\n<li style=\"font-weight: 400;\"><span style=\"font-weight: 400;\">Roupa de ba\u00f1o<\/span><\/li>\n<\/ul>\n<p>&nbsp;<\/p>\n<h4><b><i>Recollida no hotel <\/i><\/b><\/h4>\n<p><span style=\"font-weight: 400;\">Non se ofrece a recollida do hotel para esta excursi\u00f3n. Configuramos Pick up contactando connosco por Whatsapp.<\/span><\/p>\n<p>&nbsp;<\/p>\n<p><b>Nota:<\/b><span style=\"font-weight: 400;\"> se reservas dentro das 24 horas posteriores \u00e1 hora de sa\u00edda da excursi\u00f3n\/excursi\u00f3n, podemos organizar a recollida do hotel con cargos adicionais. Unha vez completada a compra, enviar\u00e9mosche a informaci\u00f3n de contacto completa (n\u00famero de tel\u00e9fono, enderezo de correo electr\u00f3nico, etc.) para que o noso gu\u00eda tur\u00edstico local organice a recollida.<\/span><\/p>\n<h4><b><i>Confirmaci\u00f3n de informaci\u00f3n adicional <\/i><\/b><\/h4>\n<ol>\n<li>As entradas son o recibo despois de pagar este Tour. Podes mostrar o pago no teu tel\u00e9fono.<\/li>\n<li style=\"font-weight: 400;\"><span style=\"font-weight: 400;\">O punto de encontro recibirase despois do proceso de reserva.<\/span><\/li>\n<li style=\"font-weight: 400;\"><span style=\"font-weight: 400;\">Os nenos deben ir acompa\u00f1ados dun adulto.<\/span><\/li>\n<li style=\"font-weight: 400;\"><span style=\"font-weight: 400;\"> Non accesible en cadeira de rodas <\/span><\/li>\n<li style=\"font-weight: 400;\"><span style=\"font-weight: 400;\">Os beb\u00e9s deben sentarse no colo <\/span><\/li>\n<li style=\"font-weight: 400;\"><span style=\"font-weight: 400;\">Non recomendado para viaxeiros con problemas de costas<\/span><\/li>\n<li style=\"font-weight: 400;\"><span style=\"font-weight: 400;\">Non recomendado para viaxeiras embarazadas <\/span><\/li>\n<li style=\"font-weight: 400;\"><span style=\"font-weight: 400;\"> Sen problemas card\u00edacos ou outras condici\u00f3ns m\u00e9dicas graves <\/span><\/li>\n<li style=\"font-weight: 400;\"><span style=\"font-weight: 400;\">Poden participar a maior\u00eda dos viaxeiros<\/span><\/li>\n<\/ol>\n<h4><b><i>Pol\u00edtica de cancelaci\u00f3n<\/i><\/b><\/h4>\n<p>Para obter un reembolso completo, lea as nosas pol\u00edticas de cancelaci\u00f3n\u00a0<a href=\"https:\/\/www.boattoursamana.com\/gl\/reserva-en-lina\/\" target=\"_blank\" rel=\"noopener\" data-saferedirecturl=\"https:\/\/www.google.com\/url?q=https:\/\/www.boattoursamana.com\/online-booking\/&amp;source=gmail&amp;ust=1672449202351000&amp;usg=AOvVaw1yAeVAPktmaVCqDujgUn90\">Pulse AQU\u00cd<\/a>. Os fondos perderanse se a reserva se cancela o mesmo d\u00eda da viaxe.<\/p>\n\n\t\t<\/div>\n\t<\/div>\n<div class=\"vc_btn3-container vc_btn3-inline\" ><a class=\"vc_general vc_btn3 vc_btn3-size-md vc_btn3-shape-rounded vc_btn3-style-modern vc_btn3-color-green\" href=\"https:\/\/bookingadventures.tours\/booking.php?tour_id=67e6cb7d632ddf80655990b64bf50160\" title=\"\" rel=\"noopener\">RESERVAR AGORA<\/a><\/div><\/div><\/div><\/div><\/div><div class=\"vc_row wpb_row vc_row-fluid\" ><div class=\"wpb_column vc_column_container vc_col-sm-12\"><div class=\"vc_column-inner\"><div class=\"wpb_wrapper\">\n\t<div class=\"wpb_video_widget wpb_content_element vc_clearfix   vc_video-aspect-ratio-169 vc_video-el-width-100 vc_video-align-left\" >\n\t\t<div class=\"wpb_wrapper\">\n\t\t\t<h2 class=\"wpb_heading wpb_video_heading\">Samana con Booking Adventures:<\/h2>\n\t\t\t<div class=\"wpb_video_wrapper\"><iframe loading=\"lazy\" title=\"Destino Dominicano Saman\u00e1 Zipline, Excursi\u00f3ns en ATV\" width=\"1100\" height=\"619\" src=\"https:\/\/www.youtube.com\/embed\/8Ybh1xtnr2M?feature=oembed\" frameborder=\"0\" allow=\"accelerometer; autoplay; encrypted-media; gyroscope; picture-in-picture\" allowfullscreen><\/iframe><\/div>\n\t\t<\/div>\n\t<\/div>\n<\/div><\/div><\/div><\/div><div class=\"vc_row wpb_row vc_row-fluid\" ><div class=\"wpb_column vc_column_container vc_col-sm-12\"><div class=\"vc_column-inner\"><div class=\"wpb_wrapper\"><div class=\"vc_empty_space\"   style=\"height: 32px\"><span class=\"vc_empty_space_inner\"><\/span><\/div>\n\t<div class=\"wpb_text_column wpb_content_element\" >\n\t\t<div class=\"wpb_wrapper\">\n\t\t\t<h4>Contacta connosco?<\/h4>\n<h5><em><strong>Reserva aventuras<\/strong><\/em><\/h5>\n<p><em><strong>Os locais<\/strong>\u00a0e\u00a0<strong>Nacionais<\/strong>\u00a0Gu\u00edas tur\u00edsticos e servizos para os h\u00f3spedes<\/em><\/p>\n<p><span class=\"text-turquoise\">Reservas:<\/span>\u00a0Tours e excursi\u00f3ns en Dom. Rep.<\/p>\n<p><img decoding=\"async\" class=\"emoji\" draggable=\"false\" src=\"https:\/\/s.w.org\/images\/core\/emoji\/11.2.0\/svg\/1f4de.svg\" alt=\"\ud83d\udcde\" title=\"\">\u00a0Tel\/Whatsapp\u00a0\u00a0<a href=\"tel:+1-809-720-6035\">+1-809-720-6035<\/a>.<\/p>\n<p><img decoding=\"async\" class=\"emoji\" draggable=\"false\" src=\"https:\/\/s.w.org\/images\/core\/emoji\/11.2.0\/svg\/1f4e9.svg\" alt=\"\ud83d\udce9\" title=\"\">\u00a0<a href=\"mailto:info@bookingadventures.com.do\">info@bookingadventures.com.do<\/a><\/p>\n<p><strong>Somos flexibles para configurar tours privados por Whatsapp:\u00a0<a href=\"tel:+18097206035\">+18097206035.<\/a><\/strong><\/p>\n\n\t\t<\/div>\n\t<\/div>\n<div class=\"vc_empty_space\"   style=\"height: 32px\"><span class=\"vc_empty_space_inner\"><\/span><\/div><\/div><\/div><\/div><\/div><div class=\"vc_row wpb_row vc_row-fluid\" ><div class=\"wpb_column vc_column_container vc_col-sm-12\"><div class=\"vc_column-inner\"><div class=\"wpb_wrapper\"><div class=\"vc_btn3-container vc_btn3-inline\" ><a class=\"vc_general vc_btn3 vc_btn3-size-md vc_btn3-shape-rounded vc_btn3-style-modern vc_btn3-color-green\" href=\"https:\/\/bookingadventures.tours\/booking.php?tour_id=67e6cb7d632ddf80655990b64bf50160\" title=\"\" rel=\"noopener\">RESERVAR AGORA<\/a><\/div><\/div><\/div><\/div><\/div>","protected":false},"excerpt":{"rendered":"<div class=\"ui_columns is-desktop\">\n<div class=\"ui_column\">\n<p>This experience in Atv starts in El LImon comunity.During the first part of the day, you will discover the \u201c<b>Ruta do Caf\u00e9<\/b>\u201d sobre quad e a s\u00faa fermosa e conservada natureza. A primeira parada ser\u00e1 no\u00a0<b>Parada do caf\u00e9\u00a0<\/b>onde Olivo e a s\u00faa familia amosar\u00e1nche os m\u00e9todos artesanais que empregan\u00a0<strong>caf\u00e9 e cacao<\/strong>. A\u00a0<b>degustaci\u00f3n<\/b>\u00a0est\u00e1 previsto, pero s\u00f3 para os m\u00e1is golosos!!!<\/p>\n<p>On the way, you will also stop at the\u00a0<b>f\u00e1brica de puros<\/b>\u00a0e para xantar a\u00a0<b>Comida dominicana<\/b> nun t\u00edpico rancho. Despois da comida, continuar\u00e1 o cami\u00f1o cara \u00e1 marabillosa praia de\u00a0<strong>Parvo<\/strong>\u00a0con<b>\u00a0herba ata o bordo<\/b><b>\u00a0, as s\u00faas augas cristalinas e virxes\u00a0<\/b>onde vai gozar\u00a0<b>nadar <\/b>Sendeirismo e nataci\u00f3n con equipos de seguridade para ter a mellor experiencia de sempre!!<\/p>\n<\/div>\n<\/div>\n<p>&nbsp;<\/p>\n<p><strong>Seleccione a data para a xira:\u00a0<\/strong><\/p>","protected":false},"featured_media":9360,"template":"","meta":[],"product_cat":[159,655,359,361,362,178,363,160,360,253,252],"product_tag":[370,368,366,367,195,371,327,186,369,200,187,372],"class_list":["post-13597","product","type-product","status-publish","has-post-thumbnail","hentry","product_cat-fees-entrace","product_cat-1-samana","product_cat-atv-adventures","product_cat-atv-fourwheels","product_cat-atv-tours-excursions-adventures","product_cat-hiking","product_cat-lulu-waterfalls","product_cat-lunch","product_cat-things-to-do-in-samana-province","product_cat-tours-and-excursions","product_cat-waterfalls","product_tag-atv-samana-excursion","product_tag-atv-tours-excursions-in-samana-dominican-republic","product_tag-atv-fourwheels","product_tag-atv-tours-excursions-adventures","product_tag-el-valle-beach","product_tag-lulu-waterfalls","product_tag-private-tours-samana","product_tag-samana","product_tag-samana-atv","product_tag-samana-excursions","product_tag-samana-tours","product_tag-tree-house-samana"],"_links":{"self":[{"href":"https:\/\/www.boattoursamana.com\/gl\/wp-json\/wp\/v2\/product\/13597","targetHints":{"allow":["GET"]}}],"collection":[{"href":"https:\/\/www.boattoursamana.com\/gl\/wp-json\/wp\/v2\/product"}],"about":[{"href":"https:\/\/www.boattoursamana.com\/gl\/wp-json\/wp\/v2\/types\/product"}],"wp:featuredmedia":[{"embeddable":true,"href":"https:\/\/www.boattoursamana.com\/gl\/wp-json\/wp\/v2\/media\/9360"}],"wp:attachment":[{"href":"https:\/\/www.boattoursamana.com\/gl\/wp-json\/wp\/v2\/media?parent=13597"}],"wp:term":[{"taxonomy":"product_cat","embeddable":true,"href":"https:\/\/www.boattoursamana.com\/gl\/wp-json\/wp\/v2\/product_cat?post=13597"},{"taxonomy":"product_tag","embeddable":true,"href":"https:\/\/www.boattoursamana.com\/gl\/wp-json\/wp\/v2\/product_tag?post=13597"}],"curies":[{"name":"wp","href":"https:\/\/api.w.org\/{rel}","templated":true}]}}