{"id":14291,"date":"2022-11-02T08:35:02","date_gmt":"2022-11-02T08:35:02","guid":{"rendered":"https:\/\/www.ticketswhales.com\/?post_type=product&#038;p=14291"},"modified":"2023-10-12T02:05:54","modified_gmt":"2023-10-12T02:05:54","slug":"punta-cana-los-haitises-national-park-yanigua-waterfalls-montana-redonda","status":"publish","type":"product","link":"https:\/\/www.boattoursamana.com\/gl\/xira\/punta-cana-parque-nacional-los-haitises-cascadas-de-yanigua-montana-redonda","title":{"rendered":"Punta Cana: Parque Nacional Los Haitises, Cascadas de Yanigua e Montana Redonda"},"content":{"rendered":"<div class=\"vc_row wpb_row vc_row-fluid\" ><div class=\"wpb_column vc_column_container vc_col-sm-12\"><div class=\"vc_column-inner\"><div class=\"wpb_wrapper\"><div class=\"mkdf-section-title-holder\" style=\"text-align: left\">\n\t<div class=\"mkdf-st-inner\">\n\t\t\t\t\t<h5 class=\"mkdf-st-subtitle\" >\n\t\t\t\tTransporte e xantar inclu\u00eddos\t\t\t<\/h5>\n\t\t\t\t\t\t\t<h3 class=\"mkdf-st-title\" >\n\t\t\t\tPunta Cana: Parque Nacional Los Haitises, Cascadas de Yanigua e Montana Redonda\t\t\t<\/h3>\n\t\t\t\t\t<\/div>\n<\/div><\/div><\/div><\/div><\/div><div class=\"vc_row wpb_row vc_row-fluid\" ><div class=\"wpb_column vc_column_container vc_col-sm-12\"><div class=\"vc_column-inner\"><div class=\"wpb_wrapper\"><div class=\"vc_btn3-container vc_btn3-inline\" ><a class=\"vc_general vc_btn3 vc_btn3-size-md vc_btn3-shape-rounded vc_btn3-style-modern vc_btn3-color-green\" href=\"https:\/\/bookingadventures.tours\/booking.php?tour_id=8081df21d5fc51981b39e270d99ab5ab\" title=\"\" rel=\"noopener\">RESERVAR AGORA <\/a><\/div>\n\t<div class=\"wpb_text_column wpb_content_element\" >\n\t\t<div class=\"wpb_wrapper\">\n\t\t\t<h3>Punta Cana: Parque Nacional Los Haitises, Cascadas de Yanigua e Montana Redonda<\/h3>\n<h4><b><i>Visi\u00f3n xeral <\/i><\/b><\/h4>\n<p>Excursi\u00f3n ao Parque Nacional Los Haitises desde Punta Cana. Comezando dende o teu hotel en Punta Cana ou B\u00e1varo. Conduciremos co noso gu\u00eda tur\u00edstico a Montana Redonda. Onde tes tempo para sacar fotos incribles desde unha das vistas m\u00e1is impresionantes da Rep\u00fablica Dominicana. Despois desta primeira parada, seguimos visitando o Parque Nacional Los Haitises, alg\u00fans petiscos e bebidas t\u00edpicas mentres percorremos manglares, covas e famosas illas rochosas como en Jurassic Park. Despois de visitar o Parque Nacional Los Haitises, o xantar esp\u00e9ranos nas fervenzas de Yanigua. Despois do xantar local e gastron\u00f3mico, debes ter tempo para nadar nas \u00fanicas piscinas naturais. A auga procede do Parque Nacional Los Haitises.<\/p>\n<p>Despois desta experiencia, volver\u00e1s \u00e1 comunidade de Punta Cana desde onde te recollemos.<\/p>\n<ul>\n<li style=\"font-weight: 400;\">Gastos inclu\u00eddos<\/li>\n<li>Xantar<\/li>\n<li>Merendas<\/li>\n<li style=\"font-weight: 400;\">Gu\u00eda tur\u00edstica local en ingl\u00e9s ou franc\u00e9s<\/li>\n<li>Transporte<\/li>\n<li>Paseo en barco<\/li>\n<li>Montana Redonda<\/li>\n<li>Fervenza de Yanigua<\/li>\n<\/ul>\n<p>&nbsp;<\/p>\n<h4><b>Inclusi\u00f3ns e exclusi\u00f3ns<\/b><\/h4>\n<p>&nbsp;<\/p>\n<p><b>Inclusi\u00f3ns<\/b><\/p>\n<ol>\n<li style=\"font-weight: 400;\">Tour Los Haitises + Covas e Pictogramas<\/li>\n<li>Montana Redonda<\/li>\n<li>Fervenzas de Yanigua<\/li>\n<li>Xantar<\/li>\n<li>Recollida de hoteis en Punta Cana Areas.<\/li>\n<li style=\"font-weight: 400;\"><span style=\"font-weight: 400;\">Todos os impostos, taxas e gastos de xesti\u00f3n<\/span><\/li>\n<li style=\"font-weight: 400;\"><span style=\"font-weight: 400;\">Impostos locais<\/span><\/li>\n<li style=\"font-weight: 400;\"><span style=\"font-weight: 400;\">Bebidas<\/span><\/li>\n<li>Merendas<\/li>\n<li style=\"font-weight: 400;\"><span style=\"font-weight: 400;\">Todas as actividades<\/span><\/li>\n<li style=\"font-weight: 400;\"><span style=\"font-weight: 400;\">Gu\u00eda local<\/span><\/li>\n<\/ol>\n<p><b> Exclusi\u00f3ns<\/b><\/p>\n<ol>\n<li style=\"font-weight: 400;\"><span style=\"font-weight: 400;\">Gratu\u00edtos<\/span><\/li>\n<li style=\"font-weight: 400;\"><span style=\"font-weight: 400;\">Bebidas alcoh\u00f3licas<\/span><\/li>\n<\/ol>\n<p>&nbsp;<\/p>\n<h4><em><strong>Sa\u00edda e volta<\/strong><\/em><\/h4>\n<p><span style=\"font-weight: 400;\">O viaxeiro ter\u00e1 un punto de encontro despois do proceso de reserva. As visitas comezan e rematan nos nosos puntos de encontro.<\/span><\/p>\n<h4><\/h4>\n<h3>Punta Cana: Parque Nacional Los Haitises, Cascadas de Yanigua e Montana Redonda<\/h3>\n<h4><b><i>Que esperar?<\/i><\/b><\/h4>\n<p><em><strong>Consigue as t\u00faas entradas<\/strong><\/em> para visitar el Parque Nacional Los Haitises desde Punta Cana.<\/p>\n<p>O\u00a0<strong>natureza tropical da Rep\u00fablica Dominicana<\/strong>\u00a0\u00e9 un dos principais\u00a0<strong>atracci\u00f3ns tur\u00edsticas<\/strong>\u00a0no pa\u00eds. Hoxe queremos propo\u00f1ervos unha\u00a0<strong>excursi\u00f3n \u00fanica<\/strong>\u00a0que podes facer desde Punta Cana, e que incl\u00fae unha visita a tres lugares onde as paisaxes te deixar\u00e1n sen palabras.<\/p>\n<p>O primeiro deles \u00e9\u00a0<em>Monta\u00f1a Redonda<\/em>, un lugar que se fixo famoso nos \u00faltimos anos pola s\u00faa\u00a0<strong>vista panor\u00e1mica<\/strong>\u00a0sobre o Caribe, onde\u00a0<strong>instant\u00e1neas nun columpio<\/strong>\u00a0que mira ao horizonte convert\u00e9rono nun dos\u00a0<strong>lugares m\u00e1is fotografiados da Rep\u00fablica Dominicana<\/strong>.<\/p>\n<p><strong>Parque Nacional Los Haitises<\/strong>\u00a0\u00e9 o noso pr\u00f3ximo destino no mapa, unha zona onde\u00a0<strong>o mar, os manglares, as selvas<\/strong>\u00a0e mesmo\u00a0<strong>restos arqueol\u00f3xicos<\/strong>\u00a0escondido en covas, revela todos os\u00a0<strong>encanto natural que ofrece o pa\u00eds<\/strong>. Os seus pequenos outeiros cheos de vexetaci\u00f3n son tam\u00e9n o lugar perfecto para a observaci\u00f3n de aves que s\u00f3 atopar\u00e1s aqu\u00ed.<\/p>\n<p>Dentro do parque hai outro\u00a0<strong>lugar m\u00e1xico: Yanigua Ranch Waterfalls<\/strong>. Esta espectacular fervenza \u00e9 a\u00a0<strong>lugar perfecto para desconectar<\/strong>\u00a0das aglomeraci\u00f3ns tur\u00edsticas de Punta Cana, rodeada dunha espesa vexetaci\u00f3n que nos fai pensar que estamos a m\u00e1is de 100 quil\u00f3metros da localidade m\u00e1is pr\u00f3xima, a\u00ednda que realmente non \u00e9 as\u00ed.<\/p>\n<div class=\"body-description secondary\">\n<p>Despois do xantar, volvemos a Punta Cana!!<\/p>\n<h2 id=\"headline-62-1277\" class=\"ct-headline\">Itinerario do percorrido<\/h2>\n<div id=\"_rich_text-77-1277\" class=\"oxy-rich-text\">\n<p>O itinerario desta excursi\u00f3n \u00e9 o seguinte:<\/p>\n<ul>\n<li><strong>06:50 h<\/strong>\u00a0-Recollero no seu hotel.<\/li>\n<li><strong>08:30 h<\/strong>\u00a0\u2013 Chegada \u00e1 monta\u00f1a redonda, unha paisaxe \u00fanica en todo o pa\u00eds.<\/li>\n<li><strong>10:30 h<\/strong>\u00a0\u2013 Sa\u00edda de Sabana de la Mar cara ao Parque Nacional de Haitises en lancha r\u00e1pida. Polo cami\u00f1o veremos\u00a0<strong>aves ex\u00f3ticas<\/strong>, e chegaremos ao\u00a0<strong>covas<\/strong>\u00a0onde podes ver\u00a0<strong>pinturas ind\u00edgenas<\/strong>.<\/li>\n<li><strong>12:30<\/strong>\u00a0<strong>pm\u00a0<\/strong>\u2013 Ad\u00e9ntrese na selva ata chegar \u00e1s fervenzas do rancho Yanigua, un lugar perfecto para xantar e darse un chapuz\u00f3n. Tam\u00e9n podes tomar un ba\u00f1o de barro terap\u00e9utico.<\/li>\n<li><strong>02:00<\/strong>\u00a0<strong>pm<\/strong>\u00a0\u2013 Podes degustar\u00a0<strong>caf\u00e9 e cacao<\/strong>\u00a0de granxas e gander\u00edas locais.<\/li>\n<li><strong>03:00<\/strong>\u00a0<strong>pm<\/strong>\u2013 Visita o\u00a0<strong>mina de \u00e1mbar azul<\/strong>.<\/li>\n<li><strong>04:30 pm<\/strong>\u00a0\u2013 Parada nun miradoiro fotogr\u00e1fico onde se pode contemplar o esplendor do Parque Nacional de Haitises.<\/li>\n<li><strong>05:00 pm<\/strong>\u00a0\u2013 Por \u00faltimo, un gu\u00eda levaranos a unha das construci\u00f3ns m\u00e1is curiosas do lugar,\u00a0<em>a casa de Tarz\u00e1n<\/em>, que est\u00e1 situado nunha \u00e1rbore de m\u00e1is de 100 p\u00e9s de altura.<\/li>\n<li><strong>06:00 pm<\/strong>\u00a0\u2013 Regreso aos hoteis co noso transporte.<\/li>\n<\/ul>\n<p><em>* Os horarios indicados anteriormente son aproximados<\/em><\/p>\n<\/div>\n<\/div>\n<p>No caso de que che guste esta viaxe m\u00e1is longa ou m\u00e1is curta, ponte en contacto connosco.<\/p>\n<p>&nbsp;<\/p>\n<h4><em><strong>Que debes traer?<\/strong><\/em><\/h4>\n<ul>\n<li style=\"font-weight: 400;\"><span style=\"font-weight: 400;\">C\u00e1mara<\/span><\/li>\n<li style=\"font-weight: 400;\"><span style=\"font-weight: 400;\">Brotes repelentes<\/span><\/li>\n<li style=\"font-weight: 400;\"><span style=\"font-weight: 400;\">Crema solar<\/span><\/li>\n<li style=\"font-weight: 400;\"><span style=\"font-weight: 400;\">Sombreiro<\/span><\/li>\n<li style=\"font-weight: 400;\"><span style=\"font-weight: 400;\">Pantal\u00f3ns c\u00f3modos<\/span><\/li>\n<li style=\"font-weight: 400;\"><span style=\"font-weight: 400;\">Zapatos de sendeirismo para bosque<\/span><\/li>\n<li style=\"font-weight: 400;\"><span style=\"font-weight: 400;\">Sandalias para as zonas de Primavera.<\/span><\/li>\n<li style=\"font-weight: 400;\"><span style=\"font-weight: 400;\">Roupa de ba\u00f1o<\/span><\/li>\n<\/ul>\n<p>&nbsp;<\/p>\n<h4><b><i>Recollida no hotel <\/i><\/b><\/h4>\n<p><span style=\"font-weight: 400;\">Ofr\u00e9cese a recollida do hotel para esta excursi\u00f3n. Seleccione o nome do hotel e a hora aqu\u00ed arriba. No caso de que o seu hotel non estea na lista, p\u00f3\u00f1ase en contacto connosco.<\/span><\/p>\n<p>&nbsp;<\/p>\n<p><b>Nota:<\/b><span style=\"font-weight: 400;\"> se reservas dentro das 24 horas posteriores \u00e1 hora de sa\u00edda da excursi\u00f3n\/excursi\u00f3n, podemos organizar a recollida do hotel con cargos adicionais. Unha vez completada a compra, enviar\u00e9mosche a informaci\u00f3n de contacto completa (n\u00famero de tel\u00e9fono, enderezo de correo electr\u00f3nico, etc.) para que o noso gu\u00eda tur\u00edstico local organice a recollida.<\/span><\/p>\n<h4><b><i>Confirmaci\u00f3n de informaci\u00f3n adicional <\/i><\/b><\/h4>\n<ol>\n<li>As entradas son o recibo despois de pagar este Tour. Podes mostrar o pago no teu tel\u00e9fono.<\/li>\n<li style=\"font-weight: 400;\"><span style=\"font-weight: 400;\">O punto de encontro recibirase despois do proceso de reserva.<\/span><\/li>\n<li style=\"font-weight: 400;\"><span style=\"font-weight: 400;\">Os nenos deben ir acompa\u00f1ados dun adulto.<\/span><\/li>\n<li style=\"font-weight: 400;\"><span style=\"font-weight: 400;\"> Non accesible en cadeira de rodas <\/span><\/li>\n<li style=\"font-weight: 400;\"><span style=\"font-weight: 400;\">Os beb\u00e9s deben sentarse no colo <\/span><\/li>\n<li style=\"font-weight: 400;\"><span style=\"font-weight: 400;\">Non recomendado para viaxeiros con problemas de costas<\/span><\/li>\n<li style=\"font-weight: 400;\"><span style=\"font-weight: 400;\">Non recomendado para viaxeiras embarazadas <\/span><\/li>\n<li style=\"font-weight: 400;\"><span style=\"font-weight: 400;\"> Sen problemas card\u00edacos ou outras condici\u00f3ns m\u00e9dicas graves <\/span><\/li>\n<li style=\"font-weight: 400;\"><span style=\"font-weight: 400;\">Poden participar a maior\u00eda dos viaxeiros<\/span><\/li>\n<\/ol>\n<h4><b><i>Pol\u00edtica de cancelaci\u00f3n<\/i><\/b><\/h4>\n<p>Para obter un reembolso completo, lea as nosas pol\u00edticas de cancelaci\u00f3n\u00a0<a href=\"https:\/\/www.boattoursamana.com\/gl\/reserva-en-lina\/\" target=\"_blank\" rel=\"noopener\" data-saferedirecturl=\"https:\/\/www.google.com\/url?q=https:\/\/www.boattoursamana.com\/online-booking\/&amp;source=gmail&amp;ust=1672308980019000&amp;usg=AOvVaw26v5FL8g3-3hyHN76KOvdD\">Pulse AQU\u00cd<\/a>. Os fondos perderanse se a reserva se cancela o mesmo d\u00eda da viaxe.<\/p>\n\n\t\t<\/div>\n\t<\/div>\n<div class=\"vc_btn3-container vc_btn3-inline\" ><a class=\"vc_general vc_btn3 vc_btn3-size-md vc_btn3-shape-rounded vc_btn3-style-modern vc_btn3-color-green\" href=\"https:\/\/bookingadventures.tours\/booking.php?tour_id=8081df21d5fc51981b39e270d99ab5ab\" title=\"\" rel=\"noopener\">RESERVAR AGORA <\/a><\/div><\/div><\/div><\/div><\/div><div class=\"vc_row wpb_row vc_row-fluid\" ><div class=\"wpb_column vc_column_container vc_col-sm-12\"><div class=\"vc_column-inner\"><div class=\"wpb_wrapper\"><div class=\"vc_empty_space\"   style=\"height: 32px\"><span class=\"vc_empty_space_inner\"><\/span><\/div>\n\t<div class=\"wpb_video_widget wpb_content_element vc_clearfix   vc_video-aspect-ratio-169 vc_video-el-width-100 vc_video-align-left\" >\n\t\t<div class=\"wpb_wrapper\">\n\t\t\t<h2 class=\"wpb_heading wpb_video_heading\">V\u00eddeo do Parque Nacional Los Haitises:<\/h2>\n\t\t\t<div class=\"wpb_video_wrapper\"><iframe loading=\"lazy\" title=\"Parque Nacional Los Haitises, excursi\u00f3ns e excursi\u00f3n desde Saman\u00e1 o Sabana de la Mar. Reserva aqu\u00ed:\" src=\"https:\/\/player.vimeo.com\/video\/346508015?dnt=1&amp;app_id=122963\" width=\"1100\" height=\"619\" frameborder=\"0\" allow=\"autoplay; fullscreen\" allowfullscreen><\/iframe><\/div>\n\t\t<\/div>\n\t<\/div>\n<div class=\"vc_empty_space\"   style=\"height: 32px\"><span class=\"vc_empty_space_inner\"><\/span><\/div><\/div><\/div><\/div><\/div><div class=\"vc_row wpb_row vc_row-fluid\" ><div class=\"wpb_column vc_column_container vc_col-sm-12\"><div class=\"vc_column-inner\"><div class=\"wpb_wrapper\"><div class=\"vc_empty_space\"   style=\"height: 32px\"><span class=\"vc_empty_space_inner\"><\/span><\/div>\n\t<div class=\"wpb_text_column wpb_content_element\" >\n\t\t<div class=\"wpb_wrapper\">\n\t\t\t<h4>Contacta connosco?<\/h4>\n<h5><em><strong>Reserva aventuras<\/strong><\/em><\/h5>\n<p><em><strong>Os locais<\/strong>\u00a0e\u00a0<strong>Nacionais<\/strong>\u00a0Gu\u00edas tur\u00edsticos e servizos para os h\u00f3spedes<\/em><\/p>\n<p><span class=\"text-turquoise\">Reservas:<\/span>\u00a0Tours e excursi\u00f3ns en Dom. Rep.<\/p>\n<p><img decoding=\"async\" class=\"emoji\" draggable=\"false\" src=\"https:\/\/s.w.org\/images\/core\/emoji\/11.2.0\/svg\/1f4de.svg\" alt=\"\ud83d\udcde\" title=\"\">\u00a0Tel\/Whatsapp\u00a0\u00a0<a href=\"tel:+1-809-720-6035\">+1-809-720-6035<\/a>.<\/p>\n<p><img decoding=\"async\" class=\"emoji\" draggable=\"false\" src=\"https:\/\/s.w.org\/images\/core\/emoji\/11.2.0\/svg\/1f4e9.svg\" alt=\"\ud83d\udce9\" title=\"\">\u00a0<a href=\"mailto:info@bookingadventures.com.do\">info@bookingadventures.com.do<\/a><\/p>\n<p><strong>Somos flexibles para configurar tours privados por Whatsapp:\u00a0<a href=\"tel:+18097206035\">+18097206035.<\/a><\/strong><\/p>\n\n\t\t<\/div>\n\t<\/div>\n<div class=\"vc_empty_space\"   style=\"height: 32px\"><span class=\"vc_empty_space_inner\"><\/span><\/div><\/div><\/div><\/div><\/div>","protected":false},"excerpt":{"rendered":"<p>Excursi\u00f3n desde Punta Cana: Parque Nacional Los Haitises, Cascadas de Yanigua e Montana Redonda. Incl\u00fae o xantar e o transporte para unha visita \u00e1s 3 covas principais, unha exploraci\u00f3n de 2 ecosistemas de manglares diferentes, vistas e piscinas Simming.<\/p>\n<p>Excursi\u00f3n de d\u00eda completo ao Parque Nacional Los Haitises cun gu\u00eda tur\u00edstico local. Visitando os Cayos do Parque Nacional Los Haitises, Manglares, Vexetaci\u00f3n, Observaci\u00f3n de aves, Covas, Pictogramas e as zonas hist\u00f3ricas de Sabana de la Mar no Parque Nacional Los Haitises. Vistas incribles en Montana Redonda e xantar ademais de piscinas nas fervenzas de Yanigua.<\/p>\n<p>&nbsp;<\/p>\n<p><strong>Seleccione a data para a xira:\u00a0<\/strong><\/p>","protected":false},"featured_media":14278,"template":"","meta":[],"product_cat":[948,946,928,168,1050,1049],"product_tag":[268,296,267,171,209,440,441,299,1052,212,297,222,298,269,1053,1051],"class_list":["post-14291","product","type-product","status-publish","has-post-thumbnail","hentry","product_cat-1-punta-cana","product_cat-1-sabana-de-la-mar","product_cat-boat-trip-los-haitises","product_cat-caves","product_cat-waterfalls-los-haitises","product_cat-yanigua-waterfalls-montana-redonda","product_tag-caves-los-haitises","product_tag-day-trip-punta-cana","product_tag-las-terrenas","product_tag-los-haitises","product_tag-los-haitises-national-park","product_tag-los-haitises-national-park-map","product_tag-los-haitises-national-park-tour-from-las-terrenas","product_tag-los-haitises-national-park-tours-excursions","product_tag-los-haitises-waterfall","product_tag-mangroves-los-haitises","product_tag-montana-redonda-tours-excursion","product_tag-punta-cana","product_tag-punta-cana-tours-excursions","product_tag-transportation-los-haitises","product_tag-waterfalls-dominican-republic","product_tag-yanigua-waterfalls"],"_links":{"self":[{"href":"https:\/\/www.boattoursamana.com\/gl\/wp-json\/wp\/v2\/product\/14291","targetHints":{"allow":["GET"]}}],"collection":[{"href":"https:\/\/www.boattoursamana.com\/gl\/wp-json\/wp\/v2\/product"}],"about":[{"href":"https:\/\/www.boattoursamana.com\/gl\/wp-json\/wp\/v2\/types\/product"}],"wp:featuredmedia":[{"embeddable":true,"href":"https:\/\/www.boattoursamana.com\/gl\/wp-json\/wp\/v2\/media\/14278"}],"wp:attachment":[{"href":"https:\/\/www.boattoursamana.com\/gl\/wp-json\/wp\/v2\/media?parent=14291"}],"wp:term":[{"taxonomy":"product_cat","embeddable":true,"href":"https:\/\/www.boattoursamana.com\/gl\/wp-json\/wp\/v2\/product_cat?post=14291"},{"taxonomy":"product_tag","embeddable":true,"href":"https:\/\/www.boattoursamana.com\/gl\/wp-json\/wp\/v2\/product_tag?post=14291"}],"curies":[{"name":"wp","href":"https:\/\/api.w.org\/{rel}","templated":true}]}}