{"id":16647,"date":"2023-11-06T09:02:24","date_gmt":"2023-11-06T09:02:24","guid":{"rendered":"https:\/\/www.ticketswhales.com\/?post_type=product&#038;p=16647"},"modified":"2023-11-06T09:11:44","modified_gmt":"2023-11-06T09:11:44","slug":"los-haitises-cueva-el-naranjo-y-laguna-cristal-from-sabana-de-la-mar","status":"publish","type":"product","link":"https:\/\/www.boattoursamana.com\/gl\/xira\/los-haitises-cueva-el-naranjo-y-laguna-cristal-from-sabana-de-la-mar","title":{"rendered":"Los Haitises: Cueva el Naranjo y Laguna Cristal de Sabana de la mar"},"content":{"rendered":"<div class=\"vc_row wpb_row vc_row-fluid\" ><div class=\"wpb_column vc_column_container vc_col-sm-12\"><div class=\"vc_column-inner\"><div class=\"wpb_wrapper\">\n\t<div class=\"wpb_text_column wpb_content_element\" >\n\t\t<div class=\"wpb_wrapper\">\n\t\t\t<h2><span style=\"font-weight: 400;\">Los Haitises: Cueva el Naranjo y Laguna Cristal<\/span><\/h2>\n<p>Sabana de la mar<\/p>\n<p>&nbsp;<\/p>\n<p><b>Visi\u00f3n xeral<\/b><span style=\"font-weight: 400;\">\u00a0<\/span><\/p>\n<p>&nbsp;<\/p>\n<p><span style=\"font-weight: 400;\">O Parque Nacional Los Haitises \u00e9 un tesouro natural da Rep\u00fablica Dominicana onde se atopa 25% de auga doce na Hispaniola, durante esta experiencia estamos percorrendo alg\u00fans dos lugares m\u00e1is importantes deste incrible parque. Obt\u00e9n o teu billete para explorar a cova de Ojo de Cielo, a Laguna Cristal, o r\u00edo Barracote e a ba\u00eda de Saman\u00e1.\u00a0<\/span><\/p>\n<p>&nbsp;<\/p>\n<p><span style=\"font-weight: 400;\">Desde o punto de vista hidrogr\u00e1fico<\/span><span style=\"font-weight: 400;\">, Los Haitises e as s\u00faas \u00e1reas de influencia comprenden d\u00faas rexi\u00f3ns: a cunca baixa do r\u00edo Yuna e a zona de Miches e Sabana de la Mar. O Yuna desemboca por d\u00faas desembocaduras: a do propio Yuna e a do Barracote. Ademais, na zona at\u00f3panse os r\u00edos Payabo, Los Cocos e Naranjo, e as canles Cabirma, Estero, Prieto e outras.<\/span><\/p>\n<p>&nbsp;<\/p>\n<p><span style=\"font-weight: 400;\">Sobre a paisaxe de Los Haitises,<\/span><span style=\"font-weight: 400;\"> ademais das covas, est\u00e1n Ca\u00f1o Hondo, Punta Arena, Ca\u00f1o Salado, Bah\u00eda de San Lorenzo e Cayo de los P\u00e1jaros, que son elementos paisax\u00edsticos moi impresionantes. Este \u00faltimo, situado entre Boca del Infierno e El Naranjo Arriba, reco\u00f1\u00e9cese facilmente pola presenza case permanente de tijeiras e pel\u00edcanos.<\/span><\/p>\n<p>&nbsp;<\/p>\n<p><span style=\"font-weight: 400;\">Sobre Sanchez City,<\/span><span style=\"font-weight: 400;\"> Antes era un pequeno pobo chamado Las Ca\u00f1itas, pero en 1888 foi elevado \u00e1 categor\u00eda de municipio que leva o nome dun dos fundadores da Rep\u00fablica Dominicana, Francisco del Rosario S\u00e1nchez. Creceu en importancia e poboaci\u00f3n tras a implantaci\u00f3n do ferrocarril en 1865. Esta li\u00f1a estendeuse ata a rexi\u00f3n central do Cibao, convertendo esta pequena comunidade caribe\u00f1a no porto m\u00e1is importante do pa\u00eds desde finais do s\u00e9culo XIX ata principios do s\u00e9culo XIX. s\u00e9culo seguinte. .<\/span><\/p>\n<p>&nbsp;<\/p>\n<p><span style=\"font-weight: 400;\">Sobre Laguna Cristal,<\/span><span style=\"font-weight: 400;\"> Laguna Cristal \u00e9 unha fermosa fonte de auga doce \u00e1s portas do Parque Nacional Los Haitises, ao norte da provincia de Monte Plata, que pos\u00fae unha beleza \u00fanica polos seus atractivos naturais e pola tranquilidade que nos proporciona. A lagoa alim\u00e9ntase das augas subterr\u00e1neas que proceden do parque veci\u00f1o. Da lagoa emerxe un pequeno r\u00edo navegable durante uns centos de metros que alimenta o r\u00edo Barracote, que logo desemboca na ba\u00eda de San Lorenzo. Ter\u00eda uns 200 metros de profundidade e 70 metros de di\u00e1metro.\u00a0<\/span><\/p>\n<p>&nbsp;<\/p>\n<p><span style=\"font-weight: 400;\">Cova do Naranjo<\/span><span style=\"font-weight: 400;\">, O r\u00edo El Naranjo, navegable a pesar da s\u00faa lonxitude de 120 metros, nace nunha caverna e pode considerarse unha xoia da natureza no Parque Nacional Los Haitises, \u00c9 un atractivo digno de co\u00f1ecer, que permite apreciar o r\u00edo m\u00e1is curto da zona. illa, Nun barco podes chegar ao final da cova de onde v\u00e9n a auga. A cova \u00e9 un reservorio de morcegos e vencelos e as s\u00faas augas albergan especies de peixes aut\u00f3ctonos, que noutros r\u00edos e regatos son cousas do pasado, como guabinas, dajaos, carpias, camar\u00f3ns e cangrexos.<\/span><\/p>\n<p>&nbsp;<\/p>\n<p><b>Inclusi\u00f3ns<\/b><\/p>\n<p><span style=\"font-weight: 400;\">Todos os impostos, taxas e gastos de xesti\u00f3n<\/span><\/p>\n<p><span style=\"font-weight: 400;\">Impostos locais<\/span><\/p>\n<p><span style=\"font-weight: 400;\">Funcionarios Gu\u00edas ecoloxistas ingl\u00e9s\/espa\u00f1ol<\/span><\/p>\n<p><span style=\"font-weight: 400;\">Transporte local (recollida no hotel)<\/span><\/p>\n<p><span style=\"font-weight: 400;\">Lancha r\u00e1pida<\/span><\/p>\n<p><span style=\"font-weight: 400;\">Xantar Local<\/span><\/p>\n<p><span style=\"font-weight: 400;\">Laguna Cristal\u00a0\u00a0<\/span><\/p>\n<p><span style=\"font-weight: 400;\">Cueva del Naranjo\u00a0<\/span><\/p>\n<p>&nbsp;<\/p>\n<p><b>Exclusi\u00f3ns<\/b><\/p>\n<p>&nbsp;<\/p>\n<p><span style=\"font-weight: 400;\">Gratu\u00edtos<\/span><\/p>\n<p><span style=\"font-weight: 400;\">Bebida<\/span><\/p>\n<p><span style=\"font-weight: 400;\">\u00a0<\/span><\/p>\n<p>&nbsp;<\/p>\n<p><b>Sa\u00edda e volta<\/b><\/p>\n<p><span style=\"font-weight: 400;\">O percorrido, organizado por \u201cBooking Adventures\u201d, comeza no punto de encontro fixado co gu\u00eda tur\u00edstico ou o persoal. O viaxeiro ter\u00e1 un punto de encontro despois do proceso de reserva. Os percorridos comezan e rematan nos nosos puntos de encontro.<\/span><\/p>\n<p>&nbsp;<\/p>\n<p><b>Que esperar?<\/b><\/p>\n<p><span style=\"font-weight: 400;\">Obt\u00e9n a t\u00faa entrada para Searching For The Los Haitises: Los Haitises: Cueva el Naranjo y Laguna Cristal, esta experiencia darache a oportunidade de ver a maior parte da biodiversidade da illa.\u00a0<\/span><\/p>\n<p>&nbsp;<\/p>\n<p><span style=\"font-weight: 400;\">Esta actividade comezar\u00e1 desde a recollida do teu aloxamento en calquera destas zonas:<\/span><\/p>\n<ul>\n<li style=\"font-weight: 400;\" aria-level=\"1\"><span style=\"font-weight: 400;\">Las Terrenas\u00a0<\/span><\/li>\n<li style=\"font-weight: 400;\" aria-level=\"1\"><span style=\"font-weight: 400;\">S\u00e1nchez\u00a0<\/span><\/li>\n<li style=\"font-weight: 400;\" aria-level=\"1\"><span style=\"font-weight: 400;\">Las Galeras<\/span><\/li>\n<li style=\"font-weight: 400;\" aria-level=\"1\"><span style=\"font-weight: 400;\">Santa B\u00e1rbara de Samana\u00a0<\/span><\/li>\n<\/ul>\n<h3><b>Horario<\/b><b>\u00a0<\/b><\/h3>\n<p><b>S\u00e1nchez Samana, Nataci\u00f3n en Laguna Cristal e El Naranjo River &amp; Caves\u00a0<\/b><\/p>\n<p>&nbsp;<\/p>\n<p><span style=\"font-weight: 400;\">Recollida no hotel: comeza \u00e1s 7:00 horas (dependendo de onde esteas). Hai diferentes opci\u00f3ns de tempo no formulario de reserva. O tour \u00e9 de 8 horas.\u00a0<\/span><\/p>\n<p>&nbsp;<\/p>\n<p><span style=\"font-weight: 400;\">Esta ser\u00e1 unha ma\u00f1\u00e1 cedo para buscarte no teu hotel e levarte ata o noso punto de encontro en S\u00e1nchez Samana, onde co\u00f1ecer\u00e1s o teu gu\u00eda tur\u00edstico local antes de repasar o itinerario para o resto do d\u00eda.\u00a0<\/span><\/p>\n<p>&nbsp;<\/p>\n<p><span style=\"font-weight: 400;\">Cando esteas listo embarcamos na nosa lancha r\u00e1pida para dirixirnos a El Naranjo que \u00e9 a primeira parada do d\u00eda, onde nos adentraremos na cova en barco e nadaremos na auga doce do r\u00edo m\u00e1is curto da illa.\u00a0<\/span><\/p>\n<p>&nbsp;<\/p>\n<p><span style=\"font-weight: 400;\">O teu segundo paseo en barco ser\u00e1 polo r\u00edo Barracote para chegar a Laguna Cristal. Teremos que navegar por un dos r\u00edos m\u00e1is grandes do nordeste do pa\u00eds. No Cristal Area faremos un descanso para xantar antes de botarnos \u00e1 auga.<\/span><\/p>\n<p>&nbsp;<\/p>\n<p><span style=\"font-weight: 400;\">Despois de probar un xantar local, imos facer unha sesta na Lagoa de Cristal e despois nadar, antes de volver a S\u00e1nchez Samana.\u00a0<\/span><\/p>\n<p>&nbsp;<\/p>\n<p><span style=\"font-weight: 400;\">Sa\u00edda no hotel: \u00e1s 16:00 ou m\u00e1is tarde, dependendo da hora na que comezou a viaxe. O percorrido \u00e9 de 8 horas en total.\u00a0<\/span><\/p>\n<p>&nbsp;<\/p>\n<p><span style=\"font-weight: 400;\">Os d\u00edas e as actividades do itinerario est\u00e1n suxeitos a cambios sen previo aviso debido a circunstancias ou eventos imprevistos. Consulta os termos e condici\u00f3ns completos para obter m\u00e1is informaci\u00f3n.<\/span><\/p>\n\n\t\t<\/div>\n\t<\/div>\n<\/div><\/div><\/div><\/div>","protected":false},"excerpt":{"rendered":"<p>Visitando o r\u00edo Naranjo coa cova e Cristal Lagun no Parque Nacional Los Haitises con gu\u00eda tur\u00edstico experto local. O xantar e o transporte est\u00e1n inclu\u00eddos en Sabana de la mar.<\/p>","protected":false},"featured_media":16644,"template":"","meta":[],"product_cat":[1096],"product_tag":[1097],"class_list":["post-16647","product","type-product","status-publish","has-post-thumbnail","hentry","product_cat-haitises","product_tag-haitises"],"_links":{"self":[{"href":"https:\/\/www.boattoursamana.com\/gl\/wp-json\/wp\/v2\/product\/16647","targetHints":{"allow":["GET"]}}],"collection":[{"href":"https:\/\/www.boattoursamana.com\/gl\/wp-json\/wp\/v2\/product"}],"about":[{"href":"https:\/\/www.boattoursamana.com\/gl\/wp-json\/wp\/v2\/types\/product"}],"wp:featuredmedia":[{"embeddable":true,"href":"https:\/\/www.boattoursamana.com\/gl\/wp-json\/wp\/v2\/media\/16644"}],"wp:attachment":[{"href":"https:\/\/www.boattoursamana.com\/gl\/wp-json\/wp\/v2\/media?parent=16647"}],"wp:term":[{"taxonomy":"product_cat","embeddable":true,"href":"https:\/\/www.boattoursamana.com\/gl\/wp-json\/wp\/v2\/product_cat?post=16647"},{"taxonomy":"product_tag","embeddable":true,"href":"https:\/\/www.boattoursamana.com\/gl\/wp-json\/wp\/v2\/product_tag?post=16647"}],"curies":[{"name":"wp","href":"https:\/\/api.w.org\/{rel}","templated":true}]}}