{"id":8264,"date":"2019-03-17T17:07:27","date_gmt":"2019-03-17T17:07:27","guid":{"rendered":"https:\/\/www.ticketswhales.com\/?post_type=product&#038;p=8264"},"modified":"2023-03-20T09:47:09","modified_gmt":"2023-03-20T09:47:09","slug":"el-limon-waterfalls-tour-horse-riding-swimming-lunch","status":"publish","type":"product","link":"https:\/\/www.boattoursamana.com\/gl\/xira\/paseo-polas-fervenzas-do-limon-paseos-a-cabalo-nadando-xantar","title":{"rendered":"Fervenzas privadas do Lim\u00f3n (equitaci\u00f3n e nataci\u00f3n)"},"content":{"rendered":"<div class=\"vc_row wpb_row vc_row-fluid\" ><div class=\"wpb_column vc_column_container vc_col-sm-12\"><div class=\"vc_column-inner\"><div class=\"wpb_wrapper\"><div class=\"mkdf-section-title-holder\" style=\"text-align: left\">\n\t<div class=\"mkdf-st-inner\">\n\t\t\t\t\t<h5 class=\"mkdf-st-subtitle\" >\n\t\t\t\tViaxe normal pero privada\t\t\t<\/h5>\n\t\t\t\t\t\t\t<h3 class=\"mkdf-st-title\" >\n\t\t\t\tExcursi\u00f3n \u00e1s fervenzas do Lim\u00f3n (equitaci\u00f3n e nataci\u00f3n) + xantar\t\t\t<\/h3>\n\t\t\t\t\t<\/div>\n<\/div><\/div><\/div><\/div><\/div><div class=\"vc_row wpb_row vc_row-fluid\" ><div class=\"wpb_column vc_column_container vc_col-sm-12\"><div class=\"vc_column-inner\"><div class=\"wpb_wrapper\"><div class=\"vc_btn3-container vc_btn3-inline\" ><button class=\"vc_general vc_btn3 vc_btn3-size-md vc_btn3-shape-rounded vc_btn3-style-modern vc_btn3-color-green\">RESERVAR AGORA<\/button><\/div>\n\t<div class=\"wpb_text_column wpb_content_element\" >\n\t\t<div class=\"wpb_wrapper\">\n\t\t\t<h4><b><i>Visi\u00f3n xeral <\/i><\/b><\/h4>\n<p>Esta \u00e9 unha visita privada a <strong>As Fervenzas El Lim\u00f3n<\/strong> con Paseos a Cabalo ou Sendeirismo. Visitando o bosque de cacao e caf\u00e9 baixo Coconuts Palms Canopy. Cando chegues \u00e1s Fervenzas, podes nadar e establecer a hora co teu Local Guide. Despois de gozar dun Xantar T\u00edpico na Comunidade El Lim\u00f3n.<\/p>\n<p>nAprende cos veci\u00f1os e obt\u00e9n unha viaxe segura. Obt\u00e9n as t\u00faas entradas en oferta hoxe.<\/p>\n<ul>\n<li style=\"font-weight: 400;\"><span style=\"font-weight: 400;\">Incl\u00fae Xantar\u00a0<\/span><\/li>\n<li>Paseos a cabalo ou sendeirismo<\/li>\n<li style=\"font-weight: 400;\"><span style=\"font-weight: 400;\">A gu\u00eda ofrece instruci\u00f3ns e supervisi\u00f3n<\/span><\/li>\n<li>Taxas ao Parque Nacional<\/li>\n<\/ul>\n<p>&nbsp;<\/p>\n<h4><b>Inclusi\u00f3ns e exclusi\u00f3ns<\/b><\/h4>\n<p>&nbsp;<\/p>\n<p><b>Inclusi\u00f3ns<\/b><\/p>\n<ol>\n<li style=\"font-weight: 400;\"><span style=\"font-weight: 400;\">Xantar buffet en El Lim\u00f3n<\/span><\/li>\n<li style=\"font-weight: 400;\"><span style=\"font-weight: 400;\">Ruta de sendeirismo ou a cabalo<\/span><\/li>\n<li style=\"font-weight: 400;\"><span style=\"font-weight: 400;\">Todos os impostos, taxas e gastos de xesti\u00f3n<\/span><\/li>\n<li style=\"font-weight: 400;\"><span style=\"font-weight: 400;\">Impostos locais<\/span><\/li>\n<li style=\"font-weight: 400;\"><span style=\"font-weight: 400;\">Bebidas<\/span><\/li>\n<li style=\"font-weight: 400;\"><span style=\"font-weight: 400;\">Todas as actividades<\/span><\/li>\n<li style=\"font-weight: 400;\"><span style=\"font-weight: 400;\">Gu\u00eda local<\/span><\/li>\n<\/ol>\n<p><b> Exclusi\u00f3ns<\/b><\/p>\n<ol>\n<li style=\"font-weight: 400;\"><span style=\"font-weight: 400;\">Gratu\u00edtos<\/span><\/li>\n<li style=\"font-weight: 400;\"><span style=\"font-weight: 400;\">Transferencia<\/span><\/li>\n<li style=\"font-weight: 400;\"><span style=\"font-weight: 400;\">Bebidas alcoh\u00f3licas<\/span><\/li>\n<li>Comida na Praia<\/li>\n<\/ol>\n<p>&nbsp;<\/p>\n<h4><em><strong>Sa\u00edda e volta<\/strong><\/em><\/h4>\n<p><span style=\"font-weight: 400;\">O viaxeiro ter\u00e1 un punto de encontro despois do proceso de reserva. As visitas comezan e rematan nos nosos puntos de encontro.<\/span><\/p>\n<p>&nbsp;<\/p>\n<h4><b><i>Que esperar?<\/i><\/b><\/h4>\n<p>&nbsp;<\/p>\n<p><em><strong>Consigue as t\u00faas entradas<\/strong><\/em> por visitar The Waterfalls El Lim\u00f3n en Saman\u00e1 ademais dun marabilloso xantar no Restaurante El Lim\u00f3n.<\/p>\n<p><span style=\"font-weight: 400;\">O percorrido, organizado por \u201cBooking Adventures\u201d, comeza no punto de encontro fixado co Gu\u00eda Tur\u00edstico.<\/span><\/p>\n<p>nMellores viaxes privadas \u00e1s fervenzas do Lim\u00f3n cun gu\u00eda tur\u00edstico local. Reserva unha viaxe a cabalo polo bosque rodeando o bordo do r\u00edo Lim\u00f3n, visitando plantaci\u00f3ns de cacao e caf\u00e9 baixo as sombras das palmeiras de Cocos.<\/p>\n<p>Primeiro, para na Fervenza Pequena onde normalmente non hai moita xente e podes nadar. Despois continuamos ata a gran fervenza onde permaneceremos unha hora ou m\u00e1is se queres.<\/p>\n<p>nRetorno dos cabalos ao restaurante onde gozaremos dun xantar t\u00edpico na praia. Peixe frito con Tostones e Ensalada ou podes obter outras opci\u00f3ns no men\u00fa con cargos extra.<\/p>\n<p>Xanta no Restaurante da comunidade de El Lim\u00f3n e podes quedar o tempo que queiras nadando. Se es vegano, tam\u00e9n podemos prepararte algo de comida.<\/p>\n<p>&nbsp;<\/p>\n<h4><em><strong>Que debes traer?<\/strong><\/em><\/h4>\n<ul>\n<li style=\"font-weight: 400;\"><span style=\"font-weight: 400;\">C\u00e1mara<\/span><\/li>\n<li style=\"font-weight: 400;\"><span style=\"font-weight: 400;\">Brotes repelentes<\/span><\/li>\n<li style=\"font-weight: 400;\"><span style=\"font-weight: 400;\">crema solar<\/span><\/li>\n<li style=\"font-weight: 400;\"><span style=\"font-weight: 400;\">Sombreiro<\/span><\/li>\n<li style=\"font-weight: 400;\"><span style=\"font-weight: 400;\">Pantal\u00f3ns c\u00f3modos<\/span><\/li>\n<li style=\"font-weight: 400;\"><span style=\"font-weight: 400;\">Zapatos de sendeirismo para bosque<\/span><\/li>\n<li style=\"font-weight: 400;\"><span style=\"font-weight: 400;\">Roupa de ba\u00f1o<\/span><\/li>\n<\/ul>\n<p>&nbsp;<\/p>\n<h4><b><i>Recollida no hotel <\/i><\/b><\/h4>\n<p><span style=\"font-weight: 400;\">Non se ofrece a recollida do hotel para esta excursi\u00f3n. <\/span><\/p>\n<p>&nbsp;<\/p>\n<p><b>Nota:<\/b><span style=\"font-weight: 400;\"> se reservas dentro das 24 horas posteriores \u00e1 hora de sa\u00edda da excursi\u00f3n\/excursi\u00f3n, podemos organizar a recollida do hotel con cargos adicionais. Unha vez completada a compra, enviar\u00e9mosche a informaci\u00f3n de contacto completa (n\u00famero de tel\u00e9fono, enderezo de correo electr\u00f3nico, etc.) para que o noso gu\u00eda tur\u00edstico local organice a recollida.<\/span><\/p>\n<h4><b><i>Confirmaci\u00f3n de informaci\u00f3n adicional <\/i><\/b><\/h4>\n<ol>\n<li>As entradas son o recibo despois de pagar este Tour. Podes mostrar o pago no teu tel\u00e9fono.<\/li>\n<li style=\"font-weight: 400;\"><span style=\"font-weight: 400;\">O punto de encontro recibirase despois do proceso de reserva.<\/span><\/li>\n<li style=\"font-weight: 400;\"><span style=\"font-weight: 400;\">Os nenos deben ir acompa\u00f1ados dun adulto.<\/span><\/li>\n<li style=\"font-weight: 400;\"><span style=\"font-weight: 400;\"> Non accesible en cadeira de rodas <\/span><\/li>\n<li style=\"font-weight: 400;\"><span style=\"font-weight: 400;\">Os beb\u00e9s deben sentarse no colo <\/span><\/li>\n<li style=\"font-weight: 400;\"><span style=\"font-weight: 400;\">Non recomendado para viaxeiros con problemas de costas<\/span><\/li>\n<li style=\"font-weight: 400;\"><span style=\"font-weight: 400;\">Non recomendado para viaxeiras embarazadas <\/span><\/li>\n<li style=\"font-weight: 400;\"><span style=\"font-weight: 400;\"> Sen problemas card\u00edacos ou outras condici\u00f3ns m\u00e9dicas graves <\/span><\/li>\n<li style=\"font-weight: 400;\"><span style=\"font-weight: 400;\">Poden participar a maior\u00eda dos viaxeiros<\/span><\/li>\n<\/ol>\n<h4><b><i>Pol\u00edtica de cancelaci\u00f3n<\/i><\/b><\/h4>\n<p>Para obter un reembolso completo, lea as nosas pol\u00edticas de cancelaci\u00f3n\u00a0<a href=\"https:\/\/www.boattoursamana.com\/gl\/reserva-en-lina\/\" target=\"_blank\" rel=\"noopener\" data-saferedirecturl=\"https:\/\/www.google.com\/url?q=https:\/\/www.boattoursamana.com\/online-booking\/&amp;source=gmail&amp;ust=1672532492004000&amp;usg=AOvVaw3ylqI1cdbIPTimEqEWneyd\">Pulse AQU\u00cd<\/a>. Os fondos perderanse se a reserva se cancela o mesmo d\u00eda da viaxe.<\/p>\n\n\t\t<\/div>\n\t<\/div>\n<\/div><\/div><\/div><\/div><div class=\"vc_row wpb_row vc_row-fluid\" ><div class=\"wpb_column vc_column_container vc_col-sm-12\"><div class=\"vc_column-inner\"><div class=\"wpb_wrapper\"><div class=\"vc_empty_space\"   style=\"height: 32px\"><span class=\"vc_empty_space_inner\"><\/span><\/div>\n\t<div class=\"wpb_text_column wpb_content_element\" >\n\t\t<div class=\"wpb_wrapper\">\n\t\t\t<h4>Contacta connosco?<\/h4>\n<h5><em><strong>Reserva aventuras<\/strong><\/em><\/h5>\n<p><em><strong>Os locais<\/strong> e <strong>Nacionais<\/strong> Gu\u00edas tur\u00edsticos e servizos para os h\u00f3spedes<\/em><\/p>\n<p><span class=\"text-turquoise\">Reservas:<\/span> Tours e excursi\u00f3ns en Dom. Rep.<\/p>\n<p><img decoding=\"async\" class=\"emoji\" draggable=\"false\" src=\"https:\/\/s.w.org\/images\/core\/emoji\/11.2.0\/svg\/1f4de.svg\" alt=\"\ud83d\udcde\" title=\"\"> Tel\/Whatsapp\u00a0 <a href=\"tel:+1-809-720-6035\">+1-809-720-6035<\/a>.<\/p>\n<p><img decoding=\"async\" class=\"emoji\" draggable=\"false\" src=\"https:\/\/s.w.org\/images\/core\/emoji\/11.2.0\/svg\/1f4e9.svg\" alt=\"\ud83d\udce9\" title=\"\"> <a href=\"mailto:info@bookingadventures.com.do\">info@bookingadventures.com.do<\/a><\/p>\n<p><strong>Somos flexibles para configurar tours privados por Whatsapp: <a href=\"tel:+18097206035\">+18097206035.<\/a><\/strong><\/p>\n\n\t\t<\/div>\n\t<\/div>\n<div class=\"vc_empty_space\"   style=\"height: 32px\"><span class=\"vc_empty_space_inner\"><\/span><\/div><\/div><\/div><\/div><\/div><div class=\"vc_row wpb_row vc_row-fluid\" ><div class=\"wpb_column vc_column_container vc_col-sm-12\"><div class=\"vc_column-inner\"><div class=\"wpb_wrapper\"><div class=\"vc_btn3-container vc_btn3-inline\" ><button class=\"vc_general vc_btn3 vc_btn3-size-md vc_btn3-shape-rounded vc_btn3-style-modern vc_btn3-color-green\">RESERVAR AGORA<\/button><\/div><\/div><\/div><\/div><\/div>","protected":false},"excerpt":{"rendered":"<p><strong>Seleccione a data para a xira\u00a0<\/strong><\/p>","protected":false},"featured_media":8271,"template":"","meta":[],"product_cat":[255,961,956,159,178,189,160,190,253,254],"product_tag":[183,185,202,201,186,187],"class_list":["post-8264","product","type-product","status-publish","has-post-thumbnail","hentry","product_cat-tours-excursions-samana-bay-dominican-republic","product_cat-el-limon-horseback-riding","product_cat-el-limon-samana","product_cat-fees-entrace","product_cat-hiking","product_cat-horse-riding-to-waterfalls","product_cat-lunch","product_cat-safari-samana","product_cat-tours-and-excursions","product_cat-tours-excursions-los-haitises-national-park","product_tag-beach-time","product_tag-el-limon-waterfalls","product_tag-hiking-el-limon","product_tag-horses-el-limon","product_tag-samana","product_tag-samana-tours"],"_links":{"self":[{"href":"https:\/\/www.boattoursamana.com\/gl\/wp-json\/wp\/v2\/product\/8264","targetHints":{"allow":["GET"]}}],"collection":[{"href":"https:\/\/www.boattoursamana.com\/gl\/wp-json\/wp\/v2\/product"}],"about":[{"href":"https:\/\/www.boattoursamana.com\/gl\/wp-json\/wp\/v2\/types\/product"}],"wp:featuredmedia":[{"embeddable":true,"href":"https:\/\/www.boattoursamana.com\/gl\/wp-json\/wp\/v2\/media\/8271"}],"wp:attachment":[{"href":"https:\/\/www.boattoursamana.com\/gl\/wp-json\/wp\/v2\/media?parent=8264"}],"wp:term":[{"taxonomy":"product_cat","embeddable":true,"href":"https:\/\/www.boattoursamana.com\/gl\/wp-json\/wp\/v2\/product_cat?post=8264"},{"taxonomy":"product_tag","embeddable":true,"href":"https:\/\/www.boattoursamana.com\/gl\/wp-json\/wp\/v2\/product_tag?post=8264"}],"curies":[{"name":"wp","href":"https:\/\/api.w.org\/{rel}","templated":true}]}}