{"id":9231,"date":"2019-07-21T20:02:25","date_gmt":"2019-07-21T20:02:25","guid":{"rendered":"https:\/\/www.ticketswhales.com\/?post_type=product&#038;p=9231"},"modified":"2023-03-21T10:41:54","modified_gmt":"2023-03-21T10:41:54","slug":"el-limon-waterfall-bacardi-island-cayo-levantado-from-punta-cana-hotels","status":"publish","type":"product","link":"https:\/\/www.boattoursamana.com\/gl\/xira\/el-limon-waterfall-bacardi-island-cayo-levantado-from-punta-cana-hotels","title":{"rendered":"Excursi\u00f3n \u00e1 fervenza do Lim\u00f3n e \u00e1 illa Bacard\u00ed (Cayo Levantado) desde os hoteis de Punta Cana"},"content":{"rendered":"<div class=\"vc_row wpb_row vc_row-fluid\" ><div class=\"wpb_column vc_column_container vc_col-sm-12\"><div class=\"vc_column-inner\"><div class=\"wpb_wrapper\"><div class=\"mkdf-section-title-holder\" style=\"text-align: left\">\n\t<div class=\"mkdf-st-inner\">\n\t\t\t\t\t<h5 class=\"mkdf-st-subtitle\" >\n\t\t\t\t(Recollida en Punta Cana)\t\t\t<\/h5>\n\t\t\t\t\t\t\t<h3 class=\"mkdf-st-title\" >\n\t\t\t\tFervenza do Lim\u00f3n e illa Bacard\u00ed desde os hoteis de Punta Cana\t\t\t<\/h3>\n\t\t\t\t\t<\/div>\n<\/div><\/div><\/div><\/div><\/div><div class=\"vc_row wpb_row vc_row-fluid\" ><div class=\"wpb_column vc_column_container vc_col-sm-12\"><div class=\"vc_column-inner\"><div class=\"wpb_wrapper\"><div class=\"vc_btn3-container vc_btn3-inline\" ><button class=\"vc_general vc_btn3 vc_btn3-size-md vc_btn3-shape-rounded vc_btn3-style-modern vc_btn3-color-green\">RESERVAR AGORA<\/button><\/div>\n\t<div class=\"wpb_text_column wpb_content_element\" >\n\t\t<div class=\"wpb_wrapper\">\n\t\t\t<h4><b><i>Visi\u00f3n xeral <\/i><\/b><\/h4>\n<p>Se est\u00e1s en Punta Cana ou B\u00e1varo, buscas unha viaxe de un d\u00eda pagando menos do normal. Reserve esta viaxe con recollida no seu hotel en Punta Cana. O autob\u00fas levar\u00e1 ata Sabana de la mar, onde collemos un catamar\u00e1n para pasar a bah\u00eda de Saman\u00e1. Visitando a comunidade de Saman\u00e1 en Safari para chegar \u00e1 comunidade de El Lim\u00f3n, pasear a cabalo ou facer sendeirismo \u00e1s fervenzas despois de cruzar a bah\u00eda de Saman\u00e1 e a hora do xantar na illa de Bacardi. Esta viaxe comeza \u00e1s 6:00 da ma\u00f1\u00e1 e remata \u00e1s 18:30.<\/p>\n<p>Despois desta experiencia, volver\u00e1s ao teu hotel.<\/p>\n<ul>\n<li style=\"font-weight: 400;\">Gastos inclu\u00eddos<\/li>\n<li>Xantar na praia inclu\u00eddo<\/li>\n<li>Traslado inclu\u00eddo<\/li>\n<li style=\"font-weight: 400;\"><span style=\"font-weight: 400;\">A gu\u00eda ofrece instruci\u00f3ns e supervisi\u00f3n<\/span><\/li>\n<\/ul>\n<p>&nbsp;<\/p>\n<h4><b>Inclusi\u00f3ns e exclusi\u00f3ns<\/b><\/h4>\n<p>&nbsp;<\/p>\n<p><b>Inclusi\u00f3ns<\/b><\/p>\n<p>&nbsp;<\/p>\n<ol>\n<li style=\"font-weight: 400;\">Recollida no hotel<\/li>\n<li style=\"font-weight: 400;\">Ba\u00eda de Saman\u00e1<\/li>\n<li>Illa Bacard\u00ed, praia e xantar<\/li>\n<li>Safari ao Lim\u00f3n<\/li>\n<li>Paseos a cabalo ou sendeirismo \u00e1s fervenzas<\/li>\n<li>C\u00f3cteles dominicanos<\/li>\n<li style=\"font-weight: 400;\"><span style=\"font-weight: 400;\">Todos os impostos, taxas e gastos de xesti\u00f3n<\/span><\/li>\n<li style=\"font-weight: 400;\"><span style=\"font-weight: 400;\">Impostos locais<\/span><\/li>\n<li style=\"font-weight: 400;\"><span style=\"font-weight: 400;\">Bebidas<\/span><\/li>\n<li style=\"font-weight: 400;\"><span style=\"font-weight: 400;\">Todas as actividades<\/span><\/li>\n<li style=\"font-weight: 400;\"><span style=\"font-weight: 400;\">Gu\u00eda local<\/span><\/li>\n<\/ol>\n<p><b> Exclusi\u00f3ns<\/b><\/p>\n<ol>\n<li style=\"font-weight: 400;\"><span style=\"font-weight: 400;\">Gratu\u00edtos<\/span><\/li>\n<li style=\"font-weight: 400;\"><span style=\"font-weight: 400;\">Bebidas alcoh\u00f3licas despois dos c\u00f3cteles\u00a0<\/span><\/li>\n<\/ol>\n<p>&nbsp;<\/p>\n<h4><em><strong>Sa\u00edda e volta<\/strong><\/em><\/h4>\n<p><span style=\"font-weight: 400;\">O viaxeiro ter\u00e1 un punto de encontro despois do proceso de reserva. As visitas comezan e rematan nos nosos puntos de encontro.<\/span><\/p>\n<p>&nbsp;<\/p>\n<h4><b><i>Que esperar?<\/i><\/b><\/h4>\n<p>&nbsp;<\/p>\n<p><em><strong>Consigue as t\u00faas entradas<\/strong><\/em> para visitar As fervenzas a cabalo ou sendeirismo, Safari Saman\u00e1, nadar nas fontes naturais desde o xantar das fervenzas na illa de Bacardi m\u00e1is Beach Time.<\/p>\n<p>Partindo de Punta Cana en autob\u00fas, iremos cara ao porto da ba\u00eda de Saman\u00e1. No porto subimos a bordo dun barco ou catamar\u00e1n cun gu\u00eda tur\u00edstico local. Pasamos a ba\u00eda de Saman\u00e1 ata a comunidade de Saman\u00e1. Facendo un Safari cun gu\u00eda tur\u00edstico local para falar da historia de Saman\u00e1 ata chegar \u00e1 Comunidade El Lim\u00f3n. Na Comunidade do Lim\u00f3n comezamos a facer sendeirismo ou a cabalo polo bosque das fervenzas do Lim\u00f3n ata as fervenzas do Lim\u00f3n. Onde cando cheguemos podemos nadar! Despois de volta a Safari para ir ao porto de Saman\u00e1. Visita a illa Bacard\u00ed para xantar na praia e nadar nunha das illas m\u00e1is fermosas da Rep\u00fablica Dominicana.<\/p>\n<p>No caso de que che guste esta viaxe m\u00e1is longa ou m\u00e1is curta, ponte en contacto connosco...<\/p>\n<p>&nbsp;<\/p>\n<p>&nbsp;<\/p>\n<h4><em><strong>Que debes traer?<\/strong><\/em><\/h4>\n<ul>\n<li style=\"font-weight: 400;\"><span style=\"font-weight: 400;\">C\u00e1mara<\/span><\/li>\n<li style=\"font-weight: 400;\"><span style=\"font-weight: 400;\">Brotes repelentes<\/span><\/li>\n<li style=\"font-weight: 400;\"><span style=\"font-weight: 400;\">crema solar<\/span><\/li>\n<li style=\"font-weight: 400;\"><span style=\"font-weight: 400;\">Sombreiro<\/span><\/li>\n<li style=\"font-weight: 400;\"><span style=\"font-weight: 400;\">Pantal\u00f3ns c\u00f3modos<\/span><\/li>\n<li style=\"font-weight: 400;\"><span style=\"font-weight: 400;\">Zapatos de sendeirismo para bosque<\/span><\/li>\n<li style=\"font-weight: 400;\"><span style=\"font-weight: 400;\">Sandalias para as zonas de Primavera.<\/span><\/li>\n<li style=\"font-weight: 400;\"><span style=\"font-weight: 400;\">Roupa de ba\u00f1o<\/span><\/li>\n<\/ul>\n<p>&nbsp;<\/p>\n<h4><b><i>Recollida no hotel <\/i><\/b><\/h4>\n<p><span style=\"font-weight: 400;\">Ofr\u00e9cese a recollida de viaxeiros!<\/span><\/p>\n<p><span style=\"font-weight: 400;\">Recollemos en todos os hoteis de Punta Cana. O lugar de recollida \u00e9 o vest\u00edbulo do hotel<br \/>\nSe est\u00e1s aloxado nun condominio da zona, pasaremos a buscarte no condominio ou na entrada do resort m\u00e1is pr\u00f3ximo.. Fixamos Pick up contactando connosco por Whatsapp.<\/span><\/p>\n<p><b>Nota:<\/b><span style=\"font-weight: 400;\"> se reservas dentro das 24 horas posteriores \u00e1 hora de sa\u00edda da excursi\u00f3n\/excursi\u00f3n, podemos organizar a recollida do hotel con cargos adicionais. Unha vez completada a compra, enviar\u00e9mosche a informaci\u00f3n de contacto completa (n\u00famero de tel\u00e9fono, enderezo de correo electr\u00f3nico, etc.) para que o noso gu\u00eda tur\u00edstico local organice a recollida.<\/span><\/p>\n<h4><b><i>Confirmaci\u00f3n de informaci\u00f3n adicional <\/i><\/b><\/h4>\n<ol>\n<li>As entradas son o recibo despois de pagar este Tour. Podes mostrar o pago no teu tel\u00e9fono.<\/li>\n<li style=\"font-weight: 400;\"><span style=\"font-weight: 400;\">O punto de encontro recibirase despois do proceso de reserva.<\/span><\/li>\n<li style=\"font-weight: 400;\"><span style=\"font-weight: 400;\">Os nenos deben ir acompa\u00f1ados dun adulto.<\/span><\/li>\n<li style=\"font-weight: 400;\"><span style=\"font-weight: 400;\"> Non accesible en cadeira de rodas <\/span><\/li>\n<li style=\"font-weight: 400;\"><span style=\"font-weight: 400;\">Os beb\u00e9s deben sentarse no colo <\/span><\/li>\n<li style=\"font-weight: 400;\"><span style=\"font-weight: 400;\">Non recomendado para viaxeiros con problemas de costas<\/span><\/li>\n<li style=\"font-weight: 400;\"><span style=\"font-weight: 400;\">Non recomendado para viaxeiras embarazadas <\/span><\/li>\n<li style=\"font-weight: 400;\"><span style=\"font-weight: 400;\"> Sen problemas card\u00edacos ou outras condici\u00f3ns m\u00e9dicas graves <\/span><\/li>\n<li style=\"font-weight: 400;\"><span style=\"font-weight: 400;\">Poden participar a maior\u00eda dos viaxeiros<\/span><\/li>\n<\/ol>\n<h4><b><i>Pol\u00edtica de cancelaci\u00f3n<\/i><\/b><\/h4>\n<p>Para obter un reembolso completo, lea as nosas pol\u00edticas de cancelaci\u00f3n\u00a0<a href=\"https:\/\/www.boattoursamana.com\/gl\/reserva-en-lina\/\" target=\"_blank\" rel=\"noopener\" data-saferedirecturl=\"https:\/\/www.google.com\/url?q=https:\/\/www.boattoursamana.com\/online-booking\/&amp;source=gmail&amp;ust=1672449202351000&amp;usg=AOvVaw1yAeVAPktmaVCqDujgUn90\">Pulse AQU\u00cd<\/a>. Os fondos perderanse se a reserva se cancela o mesmo d\u00eda da viaxe.<\/p>\n\n\t\t<\/div>\n\t<\/div>\n<\/div><\/div><\/div><\/div><div class=\"vc_row wpb_row vc_row-fluid\" ><div class=\"wpb_column vc_column_container vc_col-sm-12\"><div class=\"vc_column-inner\"><div class=\"wpb_wrapper\"><div class=\"vc_empty_space\"   style=\"height: 32px\"><span class=\"vc_empty_space_inner\"><\/span><\/div>\n\t<div class=\"wpb_text_column wpb_content_element\" >\n\t\t<div class=\"wpb_wrapper\">\n\t\t\t<h4>Contacta connosco?<\/h4>\n<h5><em><strong>Reserva aventuras<\/strong><\/em><\/h5>\n<p><em><strong>Os locais<\/strong> e <strong>Nacionais<\/strong> Gu\u00edas tur\u00edsticos e servizos para os h\u00f3spedes<\/em><\/p>\n<p><span class=\"text-turquoise\">Reservas:<\/span> Tours e excursi\u00f3ns en Dom. Rep.<\/p>\n<p><img decoding=\"async\" class=\"emoji\" draggable=\"false\" src=\"https:\/\/s.w.org\/images\/core\/emoji\/11.2.0\/svg\/1f4de.svg\" alt=\"\ud83d\udcde\" title=\"\"> Tel\/Whatsapp\u00a0 <a href=\"tel:+1-809-720-6035\">+1-809-720-6035<\/a>.<\/p>\n<p><img decoding=\"async\" class=\"emoji\" draggable=\"false\" src=\"https:\/\/s.w.org\/images\/core\/emoji\/11.2.0\/svg\/1f4e9.svg\" alt=\"\ud83d\udce9\" title=\"\"> <a href=\"mailto:info@bookingadventures.com.do\">info@bookingadventures.com.do<\/a><\/p>\n<p><strong>Somos flexibles para configurar tours privados por Whatsapp: <a href=\"tel:+18097206035\">+18097206035.<\/a><\/strong><\/p>\n\n\t\t<\/div>\n\t<\/div>\n<div class=\"vc_empty_space\"   style=\"height: 32px\"><span class=\"vc_empty_space_inner\"><\/span><\/div><\/div><\/div><\/div><\/div><div class=\"vc_row wpb_row vc_row-fluid\" ><div class=\"wpb_column vc_column_container vc_col-sm-12\"><div class=\"vc_column-inner\"><div class=\"wpb_wrapper\"><div class=\"vc_btn3-container vc_btn3-inline\" ><button class=\"vc_general vc_btn3 vc_btn3-size-md vc_btn3-shape-rounded vc_btn3-style-modern vc_btn3-color-green\">RESERVAR AGORA<\/button><\/div><\/div><\/div><\/div><\/div>","protected":false},"excerpt":{"rendered":"<p>Se est\u00e1s en Punta Cana ou B\u00e1varo, buscas unha viaxe de un d\u00eda pagando menos do normal. Reserve esta viaxe con recollida no seu hotel en Punta Cana. O autob\u00fas levarache ata Sabana de la mar onde collemos un catamar\u00e1n para pasar a ba\u00eda de Saman\u00e1. Visitando a comunidade de Saman\u00e1 en Safari para chegar \u00e1 comunidade de El Lim\u00f3n, pasear a cabalo ou facer sendeirismo \u00e1s fervenzas despois de cruzar a bah\u00eda de Saman\u00e1 e a hora do xantar na illa de Bacardi. Esta viaxe comeza \u00e1s 6:00 da ma\u00f1\u00e1 e remata \u00e1s 18:30.<\/p>\n<p>&nbsp;<\/p>\n<p>&nbsp;<\/p>\n<p><strong>Seleccione a data para a xira\u00a0<\/strong><\/p>","protected":false},"featured_media":12593,"template":"","meta":[],"product_cat":[307,948,961,959,178,189,972,963,190,253,254,255],"product_tag":[184,183,384,223,382,380,185,381,222,175,383,186,187],"class_list":["post-9231","product","type-product","status-publish","has-post-thumbnail","hentry","product_cat-salto-el-limon-and-bacardi-island","product_cat-1-punta-cana","product_cat-el-limon-horseback-riding","product_cat-el-limon-punta-cana","product_cat-hiking","product_cat-horse-riding-to-waterfalls","product_cat-punta-cana-group-tours","product_cat-punta-cana-samana-day-trips","product_cat-safari-samana","product_cat-tours-and-excursions","product_cat-tours-excursions-los-haitises-national-park","product_cat-tours-excursions-samana-bay-dominican-republic","product_tag-bacardi-island","product_tag-beach-time","product_tag-cascada-el-limon-salto-el-limon-samana-republica-dominicana","product_tag-cayo-levantado","product_tag-el-limon-waterfall-bacardi-island-from-punta-cana","product_tag-el-limon-waterfall-and-bacardi-island-tour-from-punta-cana","product_tag-el-limon-waterfalls","product_tag-guided-adventures","product_tag-punta-cana","product_tag-sabana-de-la-mar","product_tag-salto-de-limon-punta-cana","product_tag-samana","product_tag-samana-tours"],"_links":{"self":[{"href":"https:\/\/www.boattoursamana.com\/gl\/wp-json\/wp\/v2\/product\/9231","targetHints":{"allow":["GET"]}}],"collection":[{"href":"https:\/\/www.boattoursamana.com\/gl\/wp-json\/wp\/v2\/product"}],"about":[{"href":"https:\/\/www.boattoursamana.com\/gl\/wp-json\/wp\/v2\/types\/product"}],"wp:featuredmedia":[{"embeddable":true,"href":"https:\/\/www.boattoursamana.com\/gl\/wp-json\/wp\/v2\/media\/12593"}],"wp:attachment":[{"href":"https:\/\/www.boattoursamana.com\/gl\/wp-json\/wp\/v2\/media?parent=9231"}],"wp:term":[{"taxonomy":"product_cat","embeddable":true,"href":"https:\/\/www.boattoursamana.com\/gl\/wp-json\/wp\/v2\/product_cat?post=9231"},{"taxonomy":"product_tag","embeddable":true,"href":"https:\/\/www.boattoursamana.com\/gl\/wp-json\/wp\/v2\/product_tag?post=9231"}],"curies":[{"name":"wp","href":"https:\/\/api.w.org\/{rel}","templated":true}]}}