{"id":9453,"date":"2019-09-23T17:16:42","date_gmt":"2019-09-23T17:16:42","guid":{"rendered":"https:\/\/www.ticketswhales.com\/Tours-Excursions\/uncategorized\/import-placeholder-for-977\/"},"modified":"2023-11-10T17:56:25","modified_gmt":"2023-11-10T17:56:25","slug":"day-pass-cano-hondo-natural-pools-lunch-included","status":"publish","type":"product","link":"https:\/\/www.boattoursamana.com\/gl\/xira\/abono-diario-cano-hondo-piscinas-naturais-xantar-incluido","title":{"rendered":"Day Pass Ca\u00f1o Hondo \u2013 Piscinas naturais e xantar inclu\u00eddos"},"content":{"rendered":"<div class=\"vc_row wpb_row vc_row-fluid\" ><div class=\"wpb_column vc_column_container vc_col-sm-12\"><div class=\"vc_column-inner\"><div class=\"wpb_wrapper\"><div class=\"vc_message_box vc_message_box-standard vc_message_box-rounded vc_color-info\" ><div class=\"vc_message_box-icon\"><i class=\"fas fa-info-circle\"><\/i><\/div><p>Reserve prezos baixos nos cuartos de Cano Hondo <a href=\"http:\/\/dominican-republic-hotels.com\/hotel\/cano-hondo-hotel-eco-lodge\/\" rel=\"noopener\">Pulse AQU\u00cd.<\/a><\/p>\n<\/div><div class=\"vc_btn3-container vc_btn3-inline\" ><button class=\"vc_general vc_btn3 vc_btn3-size-md vc_btn3-shape-rounded vc_btn3-style-modern vc_btn3-color-green\">RESERVAR AGORA<\/button><\/div>\n\t<div class=\"wpb_text_column wpb_content_element\" >\n\t\t<div class=\"wpb_wrapper\">\n\t\t\t<div class=\"vc_row wpb_row vc_row-fluid\">\n<div class=\"wpb_column vc_column_container vc_col-sm-12\">\n<div class=\"vc_column-inner\">\n<div class=\"wpb_wrapper\">\n<div class=\"wpb_text_column wpb_content_element\">\n<div class=\"wpb_wrapper\">\n<h2 class=\"mkdf-single-product-title\">Day Pass Ca\u00f1o Hondo \u2013 Piscinas naturais e xantar inclu\u00eddos<\/h2>\n<h4><b><i>Descrici\u00f3n<\/i><\/b><\/h4>\n<p>Ticket Ca\u00f1o Hondo Day Pass para as nosas piscinas naturais ao aire libre con xantar buffet inclu\u00eddo. Todos os d\u00edas de 8:30 AM a 5:00 PM.<\/p>\n<div class=\"wpb_text_column wpb_content_element\">\n<div class=\"wpb_wrapper\">\n<p>As piscinas son totalmente biol\u00f3xicas sen necesidade de cloro nin de produtos qu\u00edmicos que desenvolven a s\u00faa propia ecolox\u00eda natural e un ecosistema equilibrado ao ser dese\u00f1adas e constru\u00eddas dun xeito determinado. Cando se consegue o equilibrio a auga \u00e9 naturalmente clara como nun lago de monta\u00f1a.<\/p>\n<\/div>\n<\/div>\n<div class=\"wpb_text_column wpb_content_element\">\n<div class=\"wpb_wrapper\">\n<p><strong>Goza de piscinas ecol\u00f3xicas naturais que se mesturan moi ben coa paisaxe tranquila e orixinal do Parque Nacional Los Haitises, Sabana de la Mar. <\/strong><\/p>\n<p style=\"text-align: center;\"><strong>Pasa un d\u00eda marabilloso coa t\u00faa familia ou amigos.<\/strong><\/p>\n<\/div>\n<\/div>\n<p>&nbsp;<\/p>\n<h3><b>Inclusi\u00f3n e Exclusi\u00f3ns<\/b><\/h3>\n<p><b>Inclusi\u00f3ns<\/b><\/p>\n<ol>\n<li>Xantar - Buffet<\/li>\n<li>Entrada \u00e1s Piscinas Naturais<\/li>\n<\/ol>\n<p><b>Exclusi\u00f3ns (non inclu\u00eddas)<\/b><\/p>\n<ol>\n<li>Transporte<\/li>\n<li>Bebidas alcoh\u00f3licas<\/li>\n<\/ol>\n<p>&nbsp;<\/p>\n<h4><em><strong>Por que mercar o billete?<\/strong><\/em><\/h4>\n<p>Faga unha reserva con antelaci\u00f3n para establecer o espazo no noso restaurante e preparar o Xantar Buffet para vostede. Despois de facer a reserva, os nosos representantes poranse en contacto contigo para darche m\u00e1is informaci\u00f3n \u2013 Como chegar ao noso local, cal \u00e9 o men\u00fa do Xantar Buffet e para responder a todas as t\u00faas d\u00fabidas.<\/p>\n<p><strong>Nota: gratu\u00edto para nenos menores de 3 anos. Os nenos de 4 a 10 anos pagan s\u00f3 a metade do prezo.<\/strong><\/p>\n<h2 style=\"text-align: center;\"><strong>Piscinas de auga mineral dese\u00f1adas e constru\u00eddas con atenci\u00f3n aos detalles e creatividade.<\/strong><\/h2>\n<p><strong>Tempo:<\/strong><\/p>\n<p>8:30 am \u2013 5:00 pm<\/p>\n<p>&nbsp;<\/p>\n<h4><em><strong>Que debes levar contigo?<\/strong><\/em><\/h4>\n<ul>\n<li>Camara<\/li>\n<li>\u00a0Repelente<\/li>\n<li>Crema solar<\/li>\n<\/ul>\n<p>&nbsp;<\/p>\n<h4><i>Transporte: <\/i><\/h4>\n<p>O transporte non est\u00e1 inclu\u00eddo.<\/p>\n<p><b>Nota: Se desexa unha transferencia, p\u00f3\u00f1ase en contacto connosco.<\/b><\/p>\n<h4><b><i>Pol\u00edtica de cancelaci\u00f3n<\/i><\/b><\/h4>\n<p>Para obter un reembolso completo, lea as nosas Pol\u00edticas de cancelaci\u00f3n no p\u00e9 do sitio web.<\/p>\n<\/div>\n<\/div>\n<\/div>\n<\/div>\n<\/div>\n<\/div>\n<div class=\"vc_row wpb_row vc_row-fluid\">\n<div class=\"wpb_column vc_column_container vc_col-sm-12\">\n<div class=\"vc_column-inner\">\n<div class=\"wpb_wrapper\">\n<div class=\"wpb_text_column wpb_content_element\">\n<div class=\"wpb_wrapper\">\n<p>&nbsp;<\/p>\n<h3 style=\"text-align: center;\">Tam\u00e9n podes gozar de numerosas actividades e excursi\u00f3ns con gu\u00eda tur\u00edstico local.<\/h3>\n<p><strong>Lista de actividades:<\/strong><br \/>\nForro con cremallera<br \/>\nEscalada en parede de roca<br \/>\nPaseos a cabalo<br \/>\nCami\u00f1os guiados ou autoguiados polos Haitises<br \/>\nKayak nos Haitises<br \/>\nPaseos guiados en barco por Los Haitises<br \/>\nAvistamento de baleas (do 15 de xaneiro ao 20 de marzo)<br \/>\nObservaci\u00f3n guiada de aves<br \/>\nCayo Levantado\/Illa Bacard\u00ed<br \/>\nFauna e Natureza<br \/>\nFervenzas El Lim\u00f3n, Saman\u00e1<\/p>\n<p><strong>Para m\u00e1is informaci\u00f3n sobre actividades e excursi\u00f3ns, p\u00f3\u00f1ase en contacto connosco. Tam\u00e9n podes <a href=\"http:\/\/haitises.com\/\" rel=\"noopener\">Reserva Aqu\u00ed.<\/a><\/strong><\/p>\n<h4><b><i>Pol\u00edtica de cancelaci\u00f3n<\/i><\/b><\/h4>\n<p>Para obter un reembolso completo, lea as nosas pol\u00edticas de cancelaci\u00f3n\u00a0<a href=\"https:\/\/www.boattoursamana.com\/gl\/reserva-en-lina\/\" target=\"_blank\" rel=\"noopener\" data-saferedirecturl=\"https:\/\/www.google.com\/url?q=https:\/\/www.boattoursamana.com\/online-booking\/&amp;source=gmail&amp;ust=1672449202351000&amp;usg=AOvVaw1yAeVAPktmaVCqDujgUn90\">Pulse AQU\u00cd<\/a>. Os fondos perderanse se a reserva se cancela o mesmo d\u00eda da viaxe.<\/p>\n<\/div>\n<\/div>\n<\/div>\n<\/div>\n<\/div>\n<\/div>\n\n\t\t<\/div>\n\t<\/div>\n<\/div><\/div><\/div><\/div><div class=\"vc_row wpb_row vc_row-fluid\" ><div class=\"wpb_column vc_column_container vc_col-sm-12\"><div class=\"vc_column-inner\"><div class=\"wpb_wrapper\"><div class=\"vc_btn3-container vc_btn3-inline\" ><button class=\"vc_general vc_btn3 vc_btn3-size-md vc_btn3-shape-rounded vc_btn3-style-modern vc_btn3-color-green\">RESERVAR AGORA<\/button><\/div><\/div><\/div><\/div><\/div>","protected":false},"excerpt":{"rendered":"<p>Merca un ticket de pase de un d\u00eda para as piscinas naturais do hotel Ca\u00f1o Hondo no Parque Nacional Los Haitises, Sabana de la Mar. O xantar est\u00e1 inclu\u00eddo.<\/p>\n<p>Para m\u00e1is informaci\u00f3n, p\u00f3\u00f1ase en contacto connosco.<\/p>","protected":false},"featured_media":9457,"template":"","meta":[],"product_cat":[946,160,933,15],"product_tag":[425,176,421,422,171,209,426,423,424,175,186,187],"class_list":["post-9453","product","type-product","status-publish","has-post-thumbnail","hentry","product_cat-1-sabana-de-la-mar","product_cat-lunch","product_cat-natural-pools-los-haitises","product_cat-uncategorized","product_tag-altos-cano-hondo","product_tag-cano-hondo","product_tag-cano-hondo-day-pass","product_tag-cano-hondo-sabana-de-la-mar","product_tag-los-haitises","product_tag-los-haitises-national-park","product_tag-los-haitises-tours","product_tag-paraiso-cano-hondo","product_tag-parque-los-haitises","product_tag-sabana-de-la-mar","product_tag-samana","product_tag-samana-tours"],"_links":{"self":[{"href":"https:\/\/www.boattoursamana.com\/gl\/wp-json\/wp\/v2\/product\/9453","targetHints":{"allow":["GET"]}}],"collection":[{"href":"https:\/\/www.boattoursamana.com\/gl\/wp-json\/wp\/v2\/product"}],"about":[{"href":"https:\/\/www.boattoursamana.com\/gl\/wp-json\/wp\/v2\/types\/product"}],"wp:featuredmedia":[{"embeddable":true,"href":"https:\/\/www.boattoursamana.com\/gl\/wp-json\/wp\/v2\/media\/9457"}],"wp:attachment":[{"href":"https:\/\/www.boattoursamana.com\/gl\/wp-json\/wp\/v2\/media?parent=9453"}],"wp:term":[{"taxonomy":"product_cat","embeddable":true,"href":"https:\/\/www.boattoursamana.com\/gl\/wp-json\/wp\/v2\/product_cat?post=9453"},{"taxonomy":"product_tag","embeddable":true,"href":"https:\/\/www.boattoursamana.com\/gl\/wp-json\/wp\/v2\/product_tag?post=9453"}],"curies":[{"name":"wp","href":"https:\/\/api.w.org\/{rel}","templated":true}]}}