{"id":9613,"date":"2019-10-11T07:35:12","date_gmt":"2019-10-11T07:35:12","guid":{"rendered":"https:\/\/www.ticketswhales.com\/?post_type=product&#038;p=9613"},"modified":"2023-11-04T16:43:25","modified_gmt":"2023-11-04T16:43:25","slug":"samana-day-trip-from-punta-cana-el-limon-waterfall-and-bacardi-island","status":"publish","type":"product","link":"https:\/\/www.boattoursamana.com\/gl\/xira\/excursion-de-un-dia-a-samana-desde-punta-cana-el-limon-e-illa-bacardi","title":{"rendered":"Punta Cana: Excursi\u00f3n de un d\u00eda a Saman\u00e1 \u2013 Fervenza do Lim\u00f3n e Illa Bacard\u00ed"},"content":{"rendered":"<div class=\"vc_row wpb_row vc_row-fluid\" ><div class=\"wpb_column vc_column_container vc_col-sm-12\"><div class=\"vc_column-inner\"><div class=\"wpb_wrapper\"><div class=\"mkdf-section-title-holder\" style=\"text-align: left\">\n\t<div class=\"mkdf-st-inner\">\n\t\t\t\t\t<h5 class=\"mkdf-st-subtitle\" >\n\t\t\t\t(Recollida en Punta Cana)\t\t\t<\/h5>\n\t\t\t\t\t\t\t<h3 class=\"mkdf-st-title\" >\n\t\t\t\tExcursi\u00f3n de un d\u00eda a Samana desde Punta Cana - Fervenza El Lim\u00f3n e Illa Bacard\u00ed\t\t\t<\/h3>\n\t\t\t\t\t<\/div>\n<\/div><div class=\"vc_empty_space\"   style=\"height: 32px\"><span class=\"vc_empty_space_inner\"><\/span><\/div>\n\t<div class=\"wpb_text_column wpb_content_element\" >\n\t\t<div class=\"wpb_wrapper\">\n\t\t\t<div class=\"vc_row wpb_row vc_row-fluid\">\n<div class=\"wpb_column vc_column_container vc_col-sm-12\">\n<div class=\"vc_column-inner\">\n<div class=\"wpb_wrapper\">\n<div class=\"mkdf-section-title-holder\">\n<div class=\"mkdf-st-inner\">\n<h5 class=\"mkdf-st-subtitle\">(Recollida en Punta Cana)<\/h5>\n<h3 class=\"mkdf-st-title\">Excursi\u00f3n de un d\u00eda a Samana desde Punta Cana: fervenza do Lim\u00f3n e illa Bacard\u00ed<\/h3>\n<\/div>\n<\/div>\n<\/div>\n<\/div>\n<\/div>\n<\/div>\n<div class=\"vc_row wpb_row vc_row-fluid\"><\/div>\n<div class=\"wpb_column vc_column_container vc_col-sm-12\">\n<div class=\"vc_column-inner\">\n<div class=\"wpb_wrapper\"><\/div>\n<\/div>\n<\/div>\n<div class=\"wpb_text_column wpb_content_element\">\n<div class=\"wpb_wrapper\"><\/div>\n<\/div>\n<h4><a id=\"overview\" class=\"aal_anchor\" href=\"https:\/\/bookingadventures.com.do\/dominicantour\/samana-day-trip-from-punta-cana-el-limon-waterfall-and-bacardi-island\/#overview\" aria-hidden=\"true\" rel=\"noopener\"><\/a><b><i>Visi\u00f3n xeral<\/i><\/b><\/h4>\n<p>Se est\u00e1s en Punta Cana ou B\u00e1varo, e queres facer unha excursi\u00f3n dun d\u00eda pagando menos do habitual, reserva esta viaxe. Dentro desta viaxe, levar\u00e9monos a Saman\u00e1, onde nun catamar\u00e1n, levarache a Sabana de la Mar, un concello de Hato Mayor, a casa do Parque Nacional Los Haitises. Esta viaxe incl\u00fae visitar as comunidades de Saman\u00e1 e El Limon, onde poder\u00e1s facer paseos a cabalo ou sendeirismo ata unha fervenza xusto despois de cruzar a ba\u00eda de Saman\u00e1. O xantar servirase na Illa de Bacard\u00ed. As viaxes comezan \u00e1s 6:00 horas e rematan \u00e1s 18:30 horas. Fai a t\u00faa reserva agora!<\/p>\n<p>Despois desta experiencia, deixar\u00e9mosche no teu hotel.<\/p>\n<ul>\n<li>Gastos inclu\u00eddos<\/li>\n<li>Xantar na praia inclu\u00eddo<\/li>\n<li>Traslado inclu\u00eddo<\/li>\n<li>A gu\u00eda ofrece instruci\u00f3ns e supervisi\u00f3n<\/li>\n<\/ul>\n<p>&nbsp;<\/p>\n<h4><a id=\"inclusions-exclusions\" class=\"aal_anchor\" href=\"https:\/\/bookingadventures.com.do\/dominicantour\/samana-day-trip-from-punta-cana-el-limon-waterfall-and-bacardi-island\/#inclusions-exclusions\" aria-hidden=\"true\" rel=\"noopener\"><\/a><b>Inclusi\u00f3ns e exclusi\u00f3ns<\/b><\/h4>\n<p>&nbsp;<\/p>\n<p><b>Inclusi\u00f3ns<\/b><\/p>\n<p>&nbsp;<\/p>\n<ol>\n<li>Recollida no hotel<\/li>\n<li>Ba\u00eda de Saman\u00e1<\/li>\n<li>Illa Bacard\u00ed, praia e xantar<\/li>\n<li>Safari ao Lim\u00f3n<\/li>\n<li>Paseos a cabalo ou sendeirismo \u00e1s fervenzas<\/li>\n<li>C\u00f3cteles dominicanos<\/li>\n<li>Todos os impostos, taxas e gastos de xesti\u00f3n<\/li>\n<li>Impostos locais<\/li>\n<li>Bebidas<\/li>\n<li>Todas as actividades<\/li>\n<li>Gu\u00eda local<\/li>\n<\/ol>\n<p><b>Exclusi\u00f3ns<\/b><\/p>\n<ol>\n<li>Gratu\u00edtos<\/li>\n<li>Bebidas alcoh\u00f3licas despois dos c\u00f3cteles<\/li>\n<\/ol>\n<p>&nbsp;<\/p>\n<h4><a id=\"departure-return\" class=\"aal_anchor\" href=\"https:\/\/bookingadventures.com.do\/dominicantour\/samana-day-trip-from-punta-cana-el-limon-waterfall-and-bacardi-island\/#departure-return\" aria-hidden=\"true\" rel=\"noopener\"><\/a><em><strong>Sa\u00edda e volta<\/strong><\/em><\/h4>\n<p>O viaxeiro ter\u00e1 un punto de encontro despois do proceso de reserva. As visitas comezan e rematan nos nosos puntos de encontro.<\/p>\n<p>&nbsp;<\/p>\n<h3><a id=\"samana-day-trip-from-punta-cana-el-limon-waterfall-and-bacardi-island\" class=\"aal_anchor\" href=\"https:\/\/bookingadventures.com.do\/dominicantour\/samana-day-trip-from-punta-cana-el-limon-waterfall-and-bacardi-island\/#samana-day-trip-from-punta-cana-el-limon-waterfall-and-bacardi-island\" aria-hidden=\"true\" rel=\"noopener\"><\/a>Excursi\u00f3n de un d\u00eda a Samana desde Punta Cana: fervenza do Lim\u00f3n e illa Bacard\u00ed<\/h3>\n<h4><a id=\"what-to-expect\" class=\"aal_anchor\" href=\"https:\/\/bookingadventures.com.do\/dominicantour\/samana-day-trip-from-punta-cana-el-limon-waterfall-and-bacardi-island\/#what-to-expect\" aria-hidden=\"true\" rel=\"noopener\"><\/a><b><i>Que esperar?<\/i><\/b><\/h4>\n<p>&nbsp;<\/p>\n<p><strong>Consigue agora as t\u00faas entradas<\/strong>. As fervenzas, paseos a cabalo, sendeirismo e safari, nadar en Natural Springs, xantar na illa de Bacardi e outras actividades divertidas est\u00e1n esperando por ti.<\/p>\n<p>Partindo de Punta Cana nun autob\u00fas, dirix\u00edmonos ao porto da ba\u00eda de Saman\u00e1. Unha vez no porto, subiremos a bordo dun barco ou catamar\u00e1n con gu\u00edas tur\u00edsticos locais que o dirixir\u00e1n \u00e1 comunidade de Saman\u00e1. Nesta comunidade un Safari Tour levarache por a\u00ed ensin\u00e1ndoche sobre a historia desta cidade. Pero isto non \u00e9 todo, a fervenza do Lim\u00f3n \u00e9 a seguinte, aqu\u00ed poder\u00e1s nadar e facer sendeirismo ou montar a cabalo. A fervenza do Lim\u00f3n \u00e9 un monumento natural fant\u00e1stico cun bosque tropical e mananciais naturais claros. De regreso a Saman\u00e1 faremos unha parada na Illa Bacard\u00ed onde se servir\u00e1 un xantar e poder\u00e1s ba\u00f1arte nunha das piscinas m\u00e1is naturais de Rep\u00fablica Dominicana.<\/p>\n<p>&nbsp;<\/p>\n<p>No caso de querer axustar esta viaxe para que sexa m\u00e1is curta ou m\u00e1is longa, p\u00f3\u00f1ase en contacto connosco.<\/p>\n<p>&nbsp;<\/p>\n<h4><a id=\"what-you-should-bring\" class=\"aal_anchor\" href=\"https:\/\/bookingadventures.com.do\/dominicantour\/samana-day-trip-from-punta-cana-el-limon-waterfall-and-bacardi-island\/#what-you-should-bring\" aria-hidden=\"true\" rel=\"noopener\"><\/a><em><strong>Que debes traer?<\/strong><\/em><\/h4>\n<ul>\n<li>C\u00e1mara<\/li>\n<li>Brotes repelentes<\/li>\n<li>crema solar<\/li>\n<li>Sombreiro<\/li>\n<li>Pantal\u00f3ns c\u00f3modos<\/li>\n<li>Zapatos de sendeirismo para bosque<\/li>\n<li>Sandalias para as zonas de Primavera.<\/li>\n<li>Roupa de ba\u00f1o<\/li>\n<\/ul>\n<p>&nbsp;<\/p>\n<h4><a id=\"hotel-pickup\" class=\"aal_anchor\" href=\"https:\/\/bookingadventures.com.do\/dominicantour\/samana-day-trip-from-punta-cana-el-limon-waterfall-and-bacardi-island\/#hotel-pickup\" aria-hidden=\"true\" rel=\"noopener\"><\/a><b><i>Recollida no hotel<\/i><\/b><\/h4>\n<p>Ofr\u00e9cese a recollida de viaxeiros!<\/p>\n<p>Recollemos en todos os hoteis de Punta Cana. O lugar de recollida \u00e9 o vest\u00edbulo do hotel<br \/>\nSe est\u00e1s aloxado nun condominio da zona, pasaremos a buscarte no condominio ou na entrada do resort m\u00e1is pr\u00f3ximo.. Fixamos Pick up contactando connosco por Whatsapp.<\/p>\n<p><b>Nota:<\/b>\u00a0se reservas dentro das 24 horas posteriores \u00e1 hora de sa\u00edda da excursi\u00f3n\/excursi\u00f3n, podemos organizar a recollida do hotel con cargos adicionais. Unha vez completada a compra, enviar\u00e9mosche a informaci\u00f3n de contacto completa (n\u00famero de tel\u00e9fono, enderezo de correo electr\u00f3nico, etc.) para que o noso gu\u00eda tur\u00edstico local organice a recollida.<\/p>\n<h4><a id=\"additional-info-confirmation\" class=\"aal_anchor\" href=\"https:\/\/bookingadventures.com.do\/dominicantour\/samana-day-trip-from-punta-cana-el-limon-waterfall-and-bacardi-island\/#additional-info-confirmation\" aria-hidden=\"true\" rel=\"noopener\"><\/a><b><i>Confirmaci\u00f3n de informaci\u00f3n adicional<\/i><\/b><\/h4>\n<ol>\n<li>As entradas son o recibo despois de pagar este Tour. Podes mostrar o pago no teu tel\u00e9fono.<\/li>\n<li>O punto de encontro recibirase despois do proceso de reserva.<\/li>\n<li>Os nenos deben ir acompa\u00f1ados dun adulto.<\/li>\n<li>Non accesible en cadeira de rodas<\/li>\n<li>Os beb\u00e9s deben sentarse no colo<\/li>\n<li>Non recomendado para viaxeiros con problemas de costas<\/li>\n<li>Non recomendado para viaxeiras embarazadas<\/li>\n<li>Sen problemas card\u00edacos ou outras condici\u00f3ns m\u00e9dicas graves<\/li>\n<li>Poden participar a maior\u00eda dos viaxeiros<\/li>\n<\/ol>\n\n\t\t<\/div>\n\t<\/div>\n<\/div><\/div><\/div><\/div><div class=\"wpb_column vc_column_container vc_col-sm-12\"><div class=\"vc_column-inner\"><div class=\"wpb_wrapper\"><\/div><\/div><\/div><div class=\"wpb_column vc_column_container vc_col-sm-12\"><div class=\"vc_column-inner\"><div class=\"wpb_wrapper\"><\/div><\/div><\/div>","protected":false},"excerpt":{"rendered":"<p>Se est\u00e1s en Punta Cana ou B\u00e1varo e queres facer unha excursi\u00f3n dun d\u00eda pagando menos do habitual, reserva esta viaxe. Dentro desta viaxe, levar\u00e9monos a Saman\u00e1, onde nun catamar\u00e1n, levarache a Sabana de la Mar, un concello de Hato Mayor, o fogar do Parque Nacional Los Haitises. Esta viaxe incl\u00fae Safari Tour, Catamar\u00e1n, Waterfall &amp; Beach Swim e moito m\u00e1is. A viaxe comeza \u00e1s 6:00 horas e remata \u00e1s 18:30 horas.<\/p>\n<p><strong>Seleccione a data para a xira\u00a0<\/strong><\/p>","protected":false},"featured_media":11580,"template":"","meta":[],"product_cat":[456,948,961,959,189,972,963,190,307,253,254,255],"product_tag":[184,183,384,223,382,380,185,381,222,175,383,186,458,457,200,187],"class_list":["post-9613","product","type-product","status-publish","has-post-thumbnail","hentry","product_cat-day-trips","product_cat-1-punta-cana","product_cat-el-limon-horseback-riding","product_cat-el-limon-punta-cana","product_cat-horse-riding-to-waterfalls","product_cat-punta-cana-group-tours","product_cat-punta-cana-samana-day-trips","product_cat-safari-samana","product_cat-salto-el-limon-and-bacardi-island","product_cat-tours-and-excursions","product_cat-tours-excursions-los-haitises-national-park","product_cat-tours-excursions-samana-bay-dominican-republic","product_tag-bacardi-island","product_tag-beach-time","product_tag-cascada-el-limon-salto-el-limon-samana-republica-dominicana","product_tag-cayo-levantado","product_tag-el-limon-waterfall-bacardi-island-from-punta-cana","product_tag-el-limon-waterfall-and-bacardi-island-tour-from-punta-cana","product_tag-el-limon-waterfalls","product_tag-guided-adventures","product_tag-punta-cana","product_tag-sabana-de-la-mar","product_tag-salto-de-limon-punta-cana","product_tag-samana","product_tag-samana-day-trip-from-punta-cana","product_tag-samana-day-trip-from-punta-cana-el-limon-waterfall-and-bacardi-island","product_tag-samana-excursions","product_tag-samana-tours"],"_links":{"self":[{"href":"https:\/\/www.boattoursamana.com\/gl\/wp-json\/wp\/v2\/product\/9613","targetHints":{"allow":["GET"]}}],"collection":[{"href":"https:\/\/www.boattoursamana.com\/gl\/wp-json\/wp\/v2\/product"}],"about":[{"href":"https:\/\/www.boattoursamana.com\/gl\/wp-json\/wp\/v2\/types\/product"}],"wp:featuredmedia":[{"embeddable":true,"href":"https:\/\/www.boattoursamana.com\/gl\/wp-json\/wp\/v2\/media\/11580"}],"wp:attachment":[{"href":"https:\/\/www.boattoursamana.com\/gl\/wp-json\/wp\/v2\/media?parent=9613"}],"wp:term":[{"taxonomy":"product_cat","embeddable":true,"href":"https:\/\/www.boattoursamana.com\/gl\/wp-json\/wp\/v2\/product_cat?post=9613"},{"taxonomy":"product_tag","embeddable":true,"href":"https:\/\/www.boattoursamana.com\/gl\/wp-json\/wp\/v2\/product_tag?post=9613"}],"curies":[{"name":"wp","href":"https:\/\/api.w.org\/{rel}","templated":true}]}}