{"id":9918,"date":"2020-03-29T08:08:03","date_gmt":"2020-03-29T08:08:03","guid":{"rendered":"https:\/\/www.ticketswhales.com\/Tours-Excursions\/uncategorized\/import-placeholder-for-9917\/"},"modified":"2023-11-10T16:12:30","modified_gmt":"2023-11-10T16:12:30","slug":"birdwatching-punta-cana-birding-tours-from-punta-cana-to-los-haitises-national-park","status":"publish","type":"product","link":"https:\/\/www.boattoursamana.com\/gl\/xira\/observacion-de-aves-paseos-a-punta-cana-desde-punta-cana-a-parque-nacional-los-haitises-2","title":{"rendered":"Observaci\u00f3n de aves Punta Cana \u2013 Excursi\u00f3ns de observaci\u00f3n de aves desde Punta Cana ao Parque Nacional Los Haitises"},"content":{"rendered":"<div class=\"vc_row wpb_row vc_row-fluid\" ><div class=\"wpb_column vc_column_container vc_col-sm-12\"><div class=\"vc_column-inner\"><div class=\"wpb_wrapper\">\n\t<div class=\"wpb_text_column wpb_content_element\" >\n\t\t<div class=\"wpb_wrapper\">\n\t\t\t<div class=\"vc_row wpb_row vc_row-fluid\">\n<div class=\"wpb_column vc_column_container vc_col-sm-12\">\n<div class=\"vc_column-inner\">\n<div class=\"wpb_wrapper\">\n<div class=\"mkdf-section-title-holder\">\n<div class=\"mkdf-st-inner\">\n<h5 class=\"mkdf-st-subtitle\">Observaci\u00f3n de aves no Parque Nacional Los Haitises<\/h5>\n<h2 class=\"mkdf-st-title\">Excursi\u00f3ns de observaci\u00f3n de aves desde Punta Cana ata o Parque Nacional Los Haitises<\/h2>\n<\/div>\n<\/div>\n<\/div>\n<\/div>\n<\/div>\n<\/div>\n<div class=\"vc_row wpb_row vc_row-fluid\">\n<div class=\"wpb_column vc_column_container vc_col-sm-12\">\n<div class=\"vc_column-inner\">\n<div class=\"wpb_wrapper\">\n<div class=\"wpb_text_column wpb_content_element\">\n<div class=\"wpb_wrapper\">\n<h4><b><i>Visi\u00f3n xeral<\/i><\/b><\/h4>\n<section><\/section>\n<p>S\u00f3 se ofrecen visitas na Rep\u00fablica Dominicana con gu\u00edas tur\u00edsticos nacionais e locais certificados polo Ministerio de Turismo da Rep\u00fablica Dominicana. Contacta con expertos locais directos e visita o Parque Nacional Los Haitises. Mentres a maior\u00eda da xente sae en barco para explorar o parque e as s\u00faas covas, illas. Estaremos centrados nos estudos de ornit\u00f3logos no Parque Nacional Los Haitises. Desfrutar e co\u00f1ecer os Proxectos para a protecci\u00f3n da fauna en viaxes particulares.<\/p>\n<p>Estamos conservando 110 especies de aves que podes atopar no Parque Nacional Los Haitises. Cami\u00f1ando por este bosque m\u00e1xico en busca de loros, Todys, Halc\u00f3ns de Ridgway, tangaras, colibr\u00eds e moito m\u00e1is. Aportando unha historia interesante sobre todas estas aves que podes ver na ruta de Humit. Co\u00f1ecemos os h\u00e1bitats das manchas de Ridgway&#039;s, Ashy Faced Owls e outras especies end\u00e9micas. Este Tour c\u00e9ntrase na natureza e est\u00e1 m\u00e1is concentrado na informaci\u00f3n sobre a vida salvaxe con gu\u00edas tur\u00edsticos locais certificados como ornit\u00f3logos.<\/p>\n<p><strong>Normalmente \u00e9 unha visita privada para unha experiencia de verdadeira calidade.<\/strong><\/p>\n<p>Consulta aqu\u00ed a lista das aves m\u00e1is com\u00fans nas nosas viaxes:\u00a0<a href=\"https:\/\/avibase.bsc-eoc.org\/checklist.jsp?lang=ES&amp;p2=1&amp;list=clements&amp;synlang=EN&amp;region=DO0005&amp;version=text&amp;lifelist=&amp;highlight=0\" target=\"_blank\" rel=\"noopener\"><strong>PULSE AQU\u00cd<\/strong><\/a><\/p>\n<h4><\/h4>\n<h4><b>Inclusi\u00f3ns e exclusi\u00f3ns<\/b><\/h4>\n<p><b>Inclusi\u00f3ns<\/b><\/p>\n<ol>\n<li>3 horas de paseo de aves polas rutas do parque<\/li>\n<li>Todos os impostos, taxas e gastos de xesti\u00f3n<\/li>\n<li>Impostos locais<\/li>\n<li>Xantar<\/li>\n<li>Funcionarios Gu\u00edas ecoloxistas ingl\u00e9s\/espa\u00f1ol<\/li>\n<li>Traslado desde Punta Cana<\/li>\n<\/ol>\n<p><b>Exclusi\u00f3ns<\/b><\/p>\n<ol>\n<li>Gratu\u00edtos<\/li>\n<li>Bebidas alcoh\u00f3licas<\/li>\n<\/ol>\n<p>&nbsp;<\/p>\n<h4><a id=\"departure-return\" class=\"aal_anchor\" href=\"https:\/\/www.boattoursamana.com\/gl\/tours-excursions\/fees-entrace\/observacion-de-aves-paseos-a-punta-cana-desde-punta-cana-a-parque-nacional-los-haitises-2\/#departure-return\" target=\"_blank\" rel=\"noopener\" aria-hidden=\"true\"><\/a><em><strong>Sa\u00edda e volta<\/strong><\/em><\/h4>\n<p>O percorrido, organizado por \u201cBooking Adventures Locals Ornitologist Tour Guides\u201d comeza no punto de encontro fixado co Gu\u00eda Tur\u00edstico. O viaxeiro ter\u00e1 un punto de encontro despois do proceso de reserva. As visitas comezan e rematan nos nosos puntos de encontro.<\/p>\n<p>&nbsp;<\/p>\n<h4><a id=\"what-to-expect\" class=\"aal_anchor\" href=\"https:\/\/www.boattoursamana.com\/gl\/tours-excursions\/fees-entrace\/observacion-de-aves-paseos-a-punta-cana-desde-punta-cana-a-parque-nacional-los-haitises-2\/#what-to-expect\" target=\"_blank\" rel=\"noopener\" aria-hidden=\"true\"><\/a><b><i>Que esperar?<\/i><\/b><\/h4>\n<p><em><strong>Consigue o teu billete<\/strong><\/em>\u00a0para a observaci\u00f3n de aves no Parque Nacional Los Haitises Desde Punta Cana. A viaxe de Punta Cana ao Parque Nacional \u00e9 de aproximadamente 1:45 minutos. Cando chegas ao parque teremos 30 minutos de sendeirismo e observando os Hawks temos a opci\u00f3n de seguir cami\u00f1ando e comprobar se hai papagaios, picculas e outras especies end\u00e9micas no Parque Nacional Los Haitises.<\/p>\n<p>O Parque Nacional Los Haitises ten s\u00f3 d\u00faas rutas para observar aves en Sabana de la Mar. De cami\u00f1o ao Parque Nacional Los Hiatises, det\u00e9monos nalg\u00fans lugares para ver m\u00e1is aves.<\/p>\n<p>Despois de 4 horas e media de aprender sobre as aves no Parque Nacional Los Haitises, esta excursi\u00f3n remata no mesmo lugar no que comezou.<\/p>\n<p><strong>Nota: Estes percorridos son con gu\u00edas ecoloxistas oficiais. Reserve con tempo porque no parque non hai demasiados especialistas.<\/strong><\/p>\n<p>&nbsp;<\/p>\n<h4><a id=\"what-you-should-bring\" class=\"aal_anchor\" href=\"https:\/\/www.boattoursamana.com\/gl\/tours-excursions\/fees-entrace\/observacion-de-aves-paseos-a-punta-cana-desde-punta-cana-a-parque-nacional-los-haitises-2\/#what-you-should-bring\" target=\"_blank\" rel=\"noopener\" aria-hidden=\"true\"><\/a><em><strong>Que debes traer?<\/strong><\/em><\/h4>\n<ul>\n<li>C\u00e1mara<\/li>\n<li>Prism\u00e1ticos<\/li>\n<li>Brotes repelentes<\/li>\n<li>crema solar<\/li>\n<li>Sombreiro<\/li>\n<li>Pantal\u00f3ns c\u00f3modos<\/li>\n<li>Zapatos de sendeirismo para bosque<\/li>\n<li>Sandalias para as zonas de Primavera.<\/li>\n<li>Roupa de ba\u00f1o<\/li>\n<\/ul>\n<p>&nbsp;<\/p>\n<h4><a id=\"hotel-pickup\" class=\"aal_anchor\" href=\"https:\/\/www.boattoursamana.com\/gl\/tours-excursions\/fees-entrace\/observacion-de-aves-paseos-a-punta-cana-desde-punta-cana-a-parque-nacional-los-haitises-2\/#hotel-pickup\" target=\"_blank\" rel=\"noopener\" aria-hidden=\"true\"><\/a><b><i>Hotel de recollida<\/i><\/b><\/h4>\n<p>Ofr\u00e9cese a recollida do hotel para esta excursi\u00f3n.<\/p>\n<p><b>Nota:<\/b>\u00a0Se reservas dentro das 24 horas posteriores \u00e1 hora de sa\u00edda da excursi\u00f3n\/excursi\u00f3n, podemos organizar a recollida do hotel en Punta Cana. Unha vez completada a compra, enviar\u00e9mosche a informaci\u00f3n de contacto completa (n\u00famero de tel\u00e9fono, enderezo de correo electr\u00f3nico, etc.) para que o noso gu\u00eda tur\u00edstico local organice a recollida.<\/p>\n<h4><a id=\"additional-info-confirmation\" class=\"aal_anchor\" href=\"https:\/\/www.boattoursamana.com\/gl\/tours-excursions\/fees-entrace\/observacion-de-aves-paseos-a-punta-cana-desde-punta-cana-a-parque-nacional-los-haitises-2\/#additional-info-confirmation\" target=\"_blank\" rel=\"noopener\" aria-hidden=\"true\"><\/a><b><i>Confirmaci\u00f3n de informaci\u00f3n adicional<\/i><\/b><\/h4>\n<ol>\n<li>As entradas son o recibo despois de pagar este Tour. Podes mostrar o pago no teu tel\u00e9fono.<\/li>\n<li>O punto de encontro recibirase despois do proceso de reserva.<\/li>\n<li>Os nenos deben ir acompa\u00f1ados dun adulto.<\/li>\n<li>Non accesible en cadeira de rodas<\/li>\n<li>Os beb\u00e9s deben sentarse no colo<\/li>\n<li>Non recomendado para viaxeiros con problemas de costas<\/li>\n<li>Non recomendado para viaxeiras embarazadas<\/li>\n<li>Sen problemas card\u00edacos ou outras condici\u00f3ns m\u00e9dicas graves<\/li>\n<li>Poden participar a maior\u00eda dos viaxeiros<\/li>\n<\/ol>\n<p>Este tour ofr\u00e9cese a un m\u00ednimo de 2 persoas e un m\u00e1ximo de 15 persoas. No caso de ser menos xente, p\u00f3\u00f1ase en contacto connosco.<\/p>\n<h4><a id=\"cancellation-policy\" class=\"aal_anchor\" href=\"https:\/\/www.boattoursamana.com\/gl\/tours-excursions\/fees-entrace\/observacion-de-aves-paseos-a-punta-cana-desde-punta-cana-a-parque-nacional-los-haitises-2\/#cancellation-policy\" target=\"_blank\" rel=\"noopener\" aria-hidden=\"true\"><\/a><b><i>Pol\u00edtica de cancelaci\u00f3n<\/i><\/b><\/h4>\n<p>Para un reembolso completo, cancela polo menos 24 horas antes da data de inicio da experiencia.<\/p>\n<\/div>\n<\/div>\n<\/div>\n<\/div>\n<\/div>\n<\/div>\n<div class=\"vc_row wpb_row vc_row-fluid\">\n<div class=\"wpb_column vc_column_container vc_col-sm-12\">\n<div class=\"vc_column-inner\">\n<div class=\"wpb_wrapper\">\n<div class=\"wpb_text_column wpb_content_element\">\n<div class=\"wpb_wrapper\">\n<h4>Contacta connosco?<\/h4>\n<h5><em><strong>Reserva aventuras<\/strong><\/em><\/h5>\n<p><em><strong>Os locais<\/strong>\u00a0e\u00a0<strong>Nacionais<\/strong>\u00a0Gu\u00edas tur\u00edsticos e servizos para os h\u00f3spedes<\/em><\/p>\n<p><span class=\"text-turquoise\">Reservas:<\/span>\u00a0Tours e excursi\u00f3ns en Dom. Rep.<\/p>\n<p>\ud83d\udcde Tel\/Whatsapp\u00a0\u00a0<a href=\"tel: 1-809-720-6035\">+1-809-720-6035<\/a>.<\/p>\n<p>\ud83d\udce9\u00a0<a href=\"mailto:info@bookingadventures.com.do\">info@bookingadventures.com.do<\/a><\/p>\n<p><strong>Somos flexibles para configurar tours privados por Whatsapp:\u00a0<a href=\"tel: 18097206035\">+18097206035.<\/a><\/strong><\/p>\n<\/div>\n<\/div>\n<\/div>\n<\/div>\n<\/div>\n<\/div>\n\n\t\t<\/div>\n\t<\/div>\n<\/div><\/div><\/div><\/div><div class=\"wpb_column vc_column_container vc_col-sm-12\"><div class=\"vc_column-inner\"><div class=\"wpb_wrapper\"><\/div><\/div><\/div><div class=\"wpb_column vc_column_container vc_col-sm-12\"><div class=\"vc_column-inner\"><div class=\"wpb_wrapper\"><\/div><\/div><\/div>","protected":false},"excerpt":{"rendered":"<p><span style=\"vertical-align: inherit;\"><span style=\"vertical-align: inherit;\">Observaci\u00f3n de aves: ma\u00f1\u00e1 completa nos sendeiros da selva tropical do Parque Nacional Los Haitises. Este parque ten unha gran variedade de especies de aves e animais e \u00e9 o favorito dos observadores de aves. A\u00ednda que o n\u00famero visto pode ser maior que noutros lugares, a localizaci\u00f3n de Cano Hondo nunha zona lixeiramente h\u00famida do pa\u00eds significa que a selva est\u00e1 m\u00e1is aberta con menos plantaci\u00f3ns de cacao e caf\u00e9, o que facilita a observaci\u00f3n da fauna.<\/span><\/span><\/p>\n<p>Esta \u00e9 unha viaxe privada. Podes escoller un momento para comezar a experiencia de observaci\u00f3n de aves e cando volver a Punta Cana.<\/p>\n<p><strong>Seleccione a data da actividade:<\/strong><\/p>","protected":false},"featured_media":9763,"template":"","meta":[],"product_cat":[178,948,946,932,168,159,927,170,169,773,971,964,253,254,255],"product_tag":[586,237,582,584,628,236,583,625,630,629,585,171,624,209,627,239,238,175,240],"class_list":["post-9918","product","type-product","status-publish","has-post-thumbnail","hentry","product_cat-hiking","product_cat-1-punta-cana","product_cat-1-sabana-de-la-mar","product_cat-birdwatching-los-haitises","product_cat-caves","product_cat-fees-entrace","product_cat-hiking-los-haitises","product_cat-local-tour-guides","product_cat-mangroves","product_cat-private-tours-excursions","product_cat-punta-cana-private-tours","product_cat-punta-cana-los-haitises","product_cat-tours-and-excursions","product_cat-tours-excursions-los-haitises-national-park","product_cat-tours-excursions-samana-bay-dominican-republic","product_tag-biding-sabana-de-la-mar","product_tag-birding","product_tag-birding-dominican-republic","product_tag-birding-in-los-haitises","product_tag-los-haitises-national-park-birding-tour-from-punta-cana","product_tag-birdwatching","product_tag-birdwatching-dominicana","product_tag-birdwtaching","product_tag-carretera-cano-hondo","product_tag-eco-lodge-paraiso-cano-hondo","product_tag-hire-a-guide-in-los-haitises","product_tag-los-haitises","product_tag-los-haitises-birding","product_tag-los-haitises-national-park","product_tag-los-haitises-national-park-cano-hondo","product_tag-nature","product_tag-ridgways-hawk","product_tag-sabana-de-la-mar","product_tag-wildlife"],"_links":{"self":[{"href":"https:\/\/www.boattoursamana.com\/gl\/wp-json\/wp\/v2\/product\/9918","targetHints":{"allow":["GET"]}}],"collection":[{"href":"https:\/\/www.boattoursamana.com\/gl\/wp-json\/wp\/v2\/product"}],"about":[{"href":"https:\/\/www.boattoursamana.com\/gl\/wp-json\/wp\/v2\/types\/product"}],"wp:featuredmedia":[{"embeddable":true,"href":"https:\/\/www.boattoursamana.com\/gl\/wp-json\/wp\/v2\/media\/9763"}],"wp:attachment":[{"href":"https:\/\/www.boattoursamana.com\/gl\/wp-json\/wp\/v2\/media?parent=9918"}],"wp:term":[{"taxonomy":"product_cat","embeddable":true,"href":"https:\/\/www.boattoursamana.com\/gl\/wp-json\/wp\/v2\/product_cat?post=9918"},{"taxonomy":"product_tag","embeddable":true,"href":"https:\/\/www.boattoursamana.com\/gl\/wp-json\/wp\/v2\/product_tag?post=9918"}],"curies":[{"name":"wp","href":"https:\/\/api.w.org\/{rel}","templated":true}]}}