{"id":9919,"date":"2020-03-29T08:08:03","date_gmt":"2020-03-29T08:08:03","guid":{"rendered":"https:\/\/www.ticketswhales.com\/Tours-Excursions\/uncategorized\/import-placeholder-for-9972\/"},"modified":"2023-11-10T16:19:38","modified_gmt":"2023-11-10T16:19:38","slug":"los-haitises-national-park-tour-from-las-terrenas-samana-half-day-trip-lunch-at-cano-hondo","status":"publish","type":"product","link":"https:\/\/www.boattoursamana.com\/gl\/xira\/excursion-ao-parque-nacional-dos-haitises-desde-as-terrenas-samana-excursion-de-medio-dia-xantar-en-cano-hondo","title":{"rendered":"Excursi\u00f3n ao Parque Nacional Los Haitises desde Las Terrenas, Saman\u00e1. Excursi\u00f3n de medio d\u00eda. Xantar no Ca\u00f1o Hondo."},"content":{"rendered":"<div class=\"vc_row wpb_row vc_row-fluid\" ><div class=\"wpb_column vc_column_container vc_col-sm-12\"><div class=\"vc_column-inner\"><div class=\"wpb_wrapper\"><div class=\"vc_btn3-container vc_btn3-inline\" ><button class=\"vc_general vc_btn3 vc_btn3-size-md vc_btn3-shape-rounded vc_btn3-style-modern vc_btn3-color-green\">RESERVAR AGORA<\/button><\/div><div class=\"mkdf-section-title-holder\" style=\"text-align: left\">\n\t<div class=\"mkdf-st-inner\">\n\t\t\t\t\t<h5 class=\"mkdf-st-subtitle\" >\n\t\t\t\tTransporte e xantar inclu\u00eddos\t\t\t<\/h5>\n\t\t\t\t\t\t\t<h3 class=\"mkdf-st-title\" >\n\t\t\t\tExcursi\u00f3n ao Parque Nacional Los Haitises desde Las Terrenas de Samana. Excursi\u00f3n de medio d\u00eda.\t\t\t<\/h3>\n\t\t\t\t\t<\/div>\n<\/div>\n\t<div class=\"wpb_text_column wpb_content_element\" >\n\t\t<div class=\"wpb_wrapper\">\n\t\t\t<h3>Excursi\u00f3n ao Parque Nacional Los Haitises desde Las Terrenas de Samana. Excursi\u00f3n de medio d\u00eda.<\/h3>\n<h4><b><i>Visi\u00f3n xeral<\/i><\/b><\/h4>\n<p>Excursi\u00f3n ao Parque Nacional Los Haitises desde Las Terrenas de Samana. Excursi\u00f3n de medio d\u00eda. Comezando dende o teu hotel de Las Terrenas en Saman\u00e1. Conduciremos ata a Comunidade de S\u00e1nchez onde o barco atravesar\u00e1 a bah\u00eda de Saman\u00e1. Visitando R\u00edo Naranjo, pasando pola Comunidade de Pescadores ata o Parque Nacional Los Haitises, 3 Covas, a Cova de Boca Tiburon, a Illa Birding Key e os Manglares na Ba\u00eda de Saman\u00e1.<\/p>\n<p>Despois desta experiencia, volver\u00e1s \u00e1 comunidade de Las Terrenas desde onde te recollemos.<\/p>\n<ul>\n<li>Gastos inclu\u00eddos<\/li>\n<li>Xantar<\/li>\n<li>Merendas<\/li>\n<li>Gu\u00eda tur\u00edstica local en ingl\u00e9s ou franc\u00e9s<\/li>\n<li>Transporte<\/li>\n<li>Paseo en barco<\/li>\n<\/ul>\n<p>&nbsp;<\/p>\n<h4><b>Inclusi\u00f3ns e exclusi\u00f3ns<\/b><\/h4>\n<p>&nbsp;<\/p>\n<p><b>Inclusi\u00f3ns<\/b><\/p>\n<ol>\n<li>Tour Los Haitises + Covas e Pictogramas<\/li>\n<li>Xantar<\/li>\n<li>Todos os impostos, taxas e gastos de xesti\u00f3n<\/li>\n<li>Impostos locais<\/li>\n<li>Bebidas<\/li>\n<li>Merendas<\/li>\n<li>Todas as actividades<\/li>\n<li>Gu\u00eda local<\/li>\n<\/ol>\n<p><b>Exclusi\u00f3ns<\/b><\/p>\n<ol>\n<li>Gratu\u00edtos<\/li>\n<li>Bebidas alcoh\u00f3licas<\/li>\n<\/ol>\n<p>&nbsp;<\/p>\n<h4><em><strong>Sa\u00edda e volta<\/strong><\/em><\/h4>\n<p>O viaxeiro ter\u00e1 un punto de encontro despois do proceso de reserva. As visitas comezan e rematan nos nosos puntos de encontro.<\/p>\n<p>&nbsp;<\/p>\n<h4><\/h4>\n<h4><\/h4>\n<h4><\/h4>\n<h4><\/h4>\n<h3>Parque Nacional Los Haitises desde Las Terrenas<\/h3>\n<h4><b><i>Que esperar?<\/i><\/b><\/h4>\n<p><em><strong>Consigue as t\u00faas entradas<\/strong><\/em>\u00a0para visitar Parque Nacional Los Haitises desde Las Terrenas de Samana. Excursi\u00f3n de medio d\u00eda. Partindo de Las Terrenas, Saman\u00e1 con transporte ao porto para a bordo dun barco cun gu\u00eda tur\u00edstico local, pasamos a bah\u00eda de Saman\u00e1 ata Los Haitises, lado de Sabana de la Mar para visitar un dos parques nacionais m\u00e1is fermosos da Rep\u00fablica Dominicana.\u00a0<strong>Os<em>\u00a0Parque Nacional Haitises<\/em>.<\/strong><\/p>\n<p>O percorrido, organizado por \u201cBooking Adventures\u201d, comeza no punto de encontro fixado co Gu\u00eda Tur\u00edstico. Ven con Booking Adventures e comeza a comprobar alg\u00fans manglares cheos de aves, outeiros ondulados de vexetaci\u00f3n exuberante e covas de\u00a0<em><strong>Parque Nacional Los Haitises<\/strong><\/em>. Visitando a illa con aves ao redor. Na \u00e9poca de nidificaci\u00f3n, mesmo podemos ver os pitos pelecanos nos ni\u00f1os. Entrar m\u00e1is dentro das Illas Rochosas e visitar as Covas con pictogramas e petr\u00f3grafos dos pobos ind\u00edxenas.<\/p>\n<p>A trav\u00e9s dos manglares e Terra na aberta ba\u00eda de San Lorenzo, Sabana da Mar, desde onde podes fotografar a agreste paisaxe forestal. Mira a auga para detectar\u00a0<em><strong>Manat\u00edes<\/strong><\/em>, crust\u00e1ceos e\u00a0<em><strong>golfi\u00f1os.<\/strong><\/em><\/p>\n<div class=\"body-description secondary\">\n<p>O nome do parque nacional prov\u00e9n dos seus habitantes orixinais, os indios ta\u00ednos. Na s\u00faa lingua, &quot;Haitises&quot; trad\u00facese en terras altas ou outeiros, unha referencia \u00e1s formaci\u00f3ns xeol\u00f3xicas escarpadas da costa con pedras calizas. Ad\u00e9ntrate m\u00e1is no parque para explorar covas como a\u00a0<em><strong>Cueva de la Arena,\u00a0<\/strong><\/em>e\u00a0<strong><em>Cueva de la L\u00ednea.<\/em><\/strong><\/p>\n<p>Estas covas da reserva foron utilizadas como refuxio polos indios ta\u00ednos e, posteriormente, polos piratas escondidos. Busca debuxos de indios que decoran algunhas das paredes. Despois de visitar o Parque Nacional Los Haitises volveremos a S\u00e1nchez, Saman\u00e1.<\/p>\n<p>Pasando a bah\u00eda de Saman\u00e1 30 min. Teremos un xantar t\u00edpico, Se es vegano non te preocupes, tam\u00e9n temos comida para ti!<\/p>\n<p>Despois do xantar, volvemos a Las Terrenas!!<\/p>\n<\/div>\n<p>No caso de que che guste esta viaxe m\u00e1is longa ou m\u00e1is curta, temos estas opci\u00f3ns:<\/p>\n<ol>\n<li><a href=\"https:\/\/www.boattoursamana.com\/gl\/xira\/the-haitises-national-park-tour-from-samana-port\/\" target=\"_blank\" rel=\"noopener\">S\u00f3 Los Haitises do Porto de Saman\u00e1.<\/a><\/li>\n<li><a href=\"https:\/\/www.boattoursamana.com\/gl\/xira\/xantar-no-parque-nacional-dos-haitises-en-cano-hondo-dende-o-porto-de-samana\/\" target=\"_blank\" rel=\"noopener\">Los Haitises + Ca\u00f1o Hondo do Porto de Saman\u00e1.<\/a><\/li>\n<\/ol>\n<p>&nbsp;<\/p>\n<h4><em><strong>Que debes traer?<\/strong><\/em><\/h4>\n<ul>\n<li>C\u00e1mara<\/li>\n<li>Brotes repelentes<\/li>\n<li>Crema solar<\/li>\n<li>Sombreiro<\/li>\n<li>Pantal\u00f3ns c\u00f3modos<\/li>\n<li>Zapatos de sendeirismo para bosque<\/li>\n<li>Sandalias para as zonas de Primavera.<\/li>\n<li>Roupa de ba\u00f1o<\/li>\n<\/ul>\n<p>&nbsp;<\/p>\n<h4><b><i>Recollida no hotel<\/i><\/b><\/h4>\n<p>Non se ofrece a recollida do hotel para esta excursi\u00f3n.<\/p>\n<p>&nbsp;<\/p>\n<p><b>Nota:<\/b>\u00a0se reservas dentro das 24 horas posteriores \u00e1 hora de sa\u00edda da excursi\u00f3n\/excursi\u00f3n, podemos organizar a recollida do hotel con cargos adicionais. Unha vez completada a compra, enviar\u00e9mosche a informaci\u00f3n de contacto completa (n\u00famero de tel\u00e9fono, enderezo de correo electr\u00f3nico, etc.) para que o noso gu\u00eda tur\u00edstico local organice a recollida.<\/p>\n<h4><b><i>Confirmaci\u00f3n de informaci\u00f3n adicional<\/i><\/b><\/h4>\n<ol>\n<li>As entradas son o recibo despois de pagar este Tour. Podes mostrar o pago no teu tel\u00e9fono.<\/li>\n<li>O punto de encontro recibirase despois do proceso de reserva.<\/li>\n<li>Os nenos deben ir acompa\u00f1ados dun adulto.<\/li>\n<li>Non accesible en cadeira de rodas<\/li>\n<li>Os beb\u00e9s deben sentarse no colo<\/li>\n<li>Non recomendado para viaxeiros con problemas de costas<\/li>\n<li>Non recomendado para viaxeiras embarazadas<\/li>\n<li>Sen problemas card\u00edacos ou outras condici\u00f3ns m\u00e9dicas graves<\/li>\n<li>Poden participar a maior\u00eda dos viaxeiros<\/li>\n<\/ol>\n<h4><b><i>Pol\u00edtica de cancelaci\u00f3n<\/i><\/b><\/h4>\n<p>Para un reembolso completo, cancela polo menos 24 horas antes da data de inicio da experiencia. Os fondos perderanse se a reserva se cancela o mesmo d\u00eda da viaxe.<\/p>\n\n\t\t<\/div>\n\t<\/div>\n<div class=\"vc_empty_space\"   style=\"height: 32px\"><span class=\"vc_empty_space_inner\"><\/span><\/div>\n\t<div class=\"wpb_video_widget wpb_content_element vc_clearfix   vc_video-aspect-ratio-169 vc_video-el-width-100 vc_video-align-left\" >\n\t\t<div class=\"wpb_wrapper\">\n\t\t\t<h2 class=\"wpb_heading wpb_video_heading\">Los Haitises de Las Terrenas<\/h2>\n\t\t\t<div class=\"wpb_video_wrapper\"><iframe loading=\"lazy\" title=\"Parque Nacional Los Haitises, excursi\u00f3ns e excursi\u00f3n desde Saman\u00e1 o Sabana de la Mar. Reserva aqu\u00ed:\" src=\"https:\/\/player.vimeo.com\/video\/346508015?dnt=1&amp;app_id=122963\" width=\"1100\" height=\"619\" frameborder=\"0\" allow=\"autoplay; fullscreen\" allowfullscreen><\/iframe><\/div>\n\t\t<\/div>\n\t<\/div>\n<div class=\"vc_empty_space\"   style=\"height: 32px\"><span class=\"vc_empty_space_inner\"><\/span><\/div><\/div><\/div><\/div><\/div><div class=\"wpb_column vc_column_container vc_col-sm-12\"><div class=\"vc_column-inner\"><div class=\"wpb_wrapper\"><\/div><\/div><\/div><div class=\"wpb_column vc_column_container vc_col-sm-12\"><div class=\"vc_column-inner\"><div class=\"wpb_wrapper\"><\/div><\/div><\/div><div class=\"wpb_column vc_column_container vc_col-sm-12\"><div class=\"vc_column-inner\"><div class=\"wpb_wrapper\"><\/div><\/div><\/div>","protected":false},"excerpt":{"rendered":"<p>Esta excursi\u00f3n de Las Terrenas ao Parque Nacional Los Haitises incl\u00fae xantar e transporte para unha visita \u00e1s 3 covas principais, unha exploraci\u00f3n de 2 manglares diferentes e, por suposto, observaci\u00f3n de aves de pesca.<\/p>\n<p><span style=\"vertical-align: inherit;\"><span style=\"vertical-align: inherit;\">Viaxe ecol\u00f3xico ao Parque Nacional Los Haitises cunha gu\u00eda tur\u00edstica local. <\/span><span style=\"vertical-align: inherit;\">Visitando os Cayos no Parque Nacional Los Haitises, Manglares, Vegetaci\u00f3n, Observaci\u00f3n de aves, Cuevas, Pictogramas y las \u00e1reas hist\u00f3ricas de Sabana de la Mar en el Parque Nacional Los Haitises.<\/span><\/span><\/p>\n<p>&nbsp;<\/p>\n<p><strong><span style=\"vertical-align: inherit;\"><span style=\"vertical-align: inherit;\">Seleccione a data para o Tour:\u00a0<\/span><\/span><\/strong><\/p>","protected":false},"featured_media":8201,"template":"","meta":[],"product_cat":[255,655,928,933,253],"product_tag":[684,268,267,685,521,171,209,212,269],"class_list":["post-9919","product","type-product","status-publish","has-post-thumbnail","hentry","product_cat-tours-excursions-samana-bay-dominican-republic","product_cat-1-samana","product_cat-boat-trip-los-haitises","product_cat-natural-pools-los-haitises","product_cat-tours-and-excursions","product_tag-cano-hondo-lunch","product_tag-caves-los-haitises","product_tag-las-terrenas","product_tag-las-terrenas-los-haitises","product_tag-las-terrenas-tours","product_tag-los-haitises","product_tag-los-haitises-national-park","product_tag-mangroves-los-haitises","product_tag-transportation-los-haitises"],"_links":{"self":[{"href":"https:\/\/www.boattoursamana.com\/gl\/wp-json\/wp\/v2\/product\/9919","targetHints":{"allow":["GET"]}}],"collection":[{"href":"https:\/\/www.boattoursamana.com\/gl\/wp-json\/wp\/v2\/product"}],"about":[{"href":"https:\/\/www.boattoursamana.com\/gl\/wp-json\/wp\/v2\/types\/product"}],"wp:featuredmedia":[{"embeddable":true,"href":"https:\/\/www.boattoursamana.com\/gl\/wp-json\/wp\/v2\/media\/8201"}],"wp:attachment":[{"href":"https:\/\/www.boattoursamana.com\/gl\/wp-json\/wp\/v2\/media?parent=9919"}],"wp:term":[{"taxonomy":"product_cat","embeddable":true,"href":"https:\/\/www.boattoursamana.com\/gl\/wp-json\/wp\/v2\/product_cat?post=9919"},{"taxonomy":"product_tag","embeddable":true,"href":"https:\/\/www.boattoursamana.com\/gl\/wp-json\/wp\/v2\/product_tag?post=9919"}],"curies":[{"name":"wp","href":"https:\/\/api.w.org\/{rel}","templated":true}]}}