{"id":15734,"date":"2023-07-15T07:42:45","date_gmt":"2023-07-15T07:42:45","guid":{"rendered":"https:\/\/www.ticketswhales.com\/2-hours-kayak-los-haitises\/"},"modified":"2023-07-15T07:42:45","modified_gmt":"2023-07-15T07:42:45","slug":"2-hours-kayak-los-haitises","status":"publish","type":"page","link":"https:\/\/www.boattoursamana.com\/he\/2-hours-kayak-los-haitises","title":{"rendered":"2 \u05e9\u05e2\u05d5\u05ea \u05e7\u05d9\u05d0\u05e7 Los Haitises"},"content":{"rendered":"<p>\u05d8\u05d9\u05d5\u05dc \u05dc\u05e4\u05d0\u05e8\u05e7 \u05d4\u05dc\u05d0\u05d5\u05de\u05d9 Los Haitises \u05d4\u05d7\u05dc \u05de\u05de\u05dc\u05d5\u05e0\u05d5\u05ea Sabana de la Mar \u05d0\u05d5 Ca\u00f1o Hondo. \u05e9\u05d9\u05d9\u05d8 \u05e7\u05d9\u05d0\u05e7\u05d9\u05dd \u05d1\u05de\u05e0\u05d2\u05e8\u05d5\u05d1\u05d9\u05dd \u05d1\u05e4\u05d0\u05e8\u05e7 \u05d4\u05dc\u05d0\u05d5\u05de\u05d9 \u05dc\u05d5\u05e1 \u05d4\u05d0\u05d9\u05d8\u05d9\u05e1\u05e1 \u05e2\u05dd \u05de\u05d3\u05e8\u05d9\u05da \u05d8\u05d9\u05d5\u05dc\u05d9\u05dd \u05de\u05e7\u05d5\u05de\u05d9. \u05d1\u05d9\u05e7\u05d5\u05e8 \u05d1\u05de\u05e0\u05d2\u05e8\u05d5\u05d1\u05d9\u05dd \u05d1\u05e0\u05d4\u05e8 \u05e7\u05d0\u05e0\u05d5 \u05d4\u05d5\u05e0\u05d3\u05d5 \u05d1\u05ea\u05d5\u05e1\u05e4\u05ea \u05e1\u05e7\u05d9\u05e8\u05d4 \u05db\u05dc\u05dc\u05d9\u05ea \u05e9\u05dc \u05de\u05e4\u05e8\u05e5 \u05e1\u05df \u05dc\u05d5\u05e8\u05e0\u05e6\u05d5 \u05d1\u05e4\u05d0\u05e8\u05e7 \u05d4\u05dc\u05d0\u05d5\u05de\u05d9 \u05dc\u05d5\u05e1 \u05d4\u05d0\u05d9\u05d8\u05d9\u05e1\u05e1, \u05d0\u05d6\u05d5\u05e8 \u05e1\u05d1\u05e0\u05d4 \u05d3\u05d4 \u05dc\u05d4 \u05de\u05d0\u05e8 \u05e7\u05d0\u05e0\u05d5 \u05d4\u05d5\u05e0\u05d3\u05d5. \u05d0\u05dd \u05d0\u05ea\u05dd \u05de\u05e2\u05d5\u05e0\u05d9\u05d9\u05e0\u05d9\u05dd \u05dc\u05d1\u05e7\u05e8 \u05d2\u05dd \u05d1\u05de\u05e2\u05e8\u05d5\u05ea, \u05d0\u05e0\u05d0 \u05d4\u05d6\u05de\u05d9\u05e0\u05d5 4 \u05e9\u05e2\u05d5\u05ea \u05e7\u05d9\u05d0\u05e7\u05d9\u05dd <a href=\"https:\/\/www.boattoursamana.com\/he\/tours-excursions\/%d7%a9%d7%99%d7%99%d7%98-%d7%a7%d7%99%d7%90%d7%a7%d7%99%d7%9d\/%d7%a9%d7%99%d7%99%d7%98-%d7%a7%d7%99%d7%90%d7%a7%d7%99%d7%9d-%d7%91-los-haitises-%d7%a2%d7%9d-%d7%9e%d7%93%d7%a8%d7%99%d7%9a-%d7%98%d7%99%d7%95%d7%9c%d7%99%d7%9d-%d7%9e%d7%a7%d7%90%d7%a0%d7%95-%d7%94\/\">\u05d8\u05d9\u05d5\u05dc \u05db\u05d0\u05df.<\/a><br \/>\n\u05e0<\/p>\n<ul>\n\u05e0 \t<\/p>\n<li style=\"font-weight: 400;\"><span style=\"font-weight: 400;\">\u05d4\u05de\u05d3\u05e8\u05d9\u05da \u05de\u05e1\u05e4\u05e7 \u05d4\u05d3\u05e8\u05db\u05d4 \u05d5\u05e4\u05d9\u05e7\u05d5\u05d7<\/span><\/li>\n<p>\u05e0 \t<\/p>\n<li>\u05e7\u05d9\u05d0\u05e7\u05d9\u05dd \u05d5\u05de\u05e9\u05d5\u05d8\u05d9\u05dd \u05d6\u05de\u05d9\u05e0\u05d9\u05dd \u05d3\u05d5\u05d1\u05dc \u05dc\u05e9\u05e0\u05d9 \u05d0\u05e0\u05e9\u05d9\u05dd \u05d5\u05e4\u05e9\u05d5\u05d8 \u05dc\u05d0\u05d3\u05dd \u05d0\u05d7\u05d3 \u05d1\u05dc\u05d1\u05d3.<\/li>\n<p>\u05e0<\/ul>\n<p>\u05e0&\u05e0bsp;<br \/>\n\u05e0<br \/>\nn\u05e7\u05d1\u05e2\u05d5 \u05d0\u05ea \u05d4\u05e1\u05d9\u05d5\u05e8 \u05d4\u05d6\u05d4 \u05e2\u05dd \u05e9\u05d1\u05d9\u05dc \u05d4\u05dc\u05d9\u05db\u05d4 \u05d5\u05dc\u05de\u05d3\u05d5 \u05e2\u05dc \u05d4\u05d4\u05d9\u05e1\u05d8\u05d5\u05e8\u05d9\u05d4 \u05e9\u05dc \u05d4\u05e4\u05d0\u05e8\u05e7 \u05d4\u05dc\u05d0\u05d5\u05de\u05d9 \u05dc\u05d5\u05e1 \u05d4\u05d0\u05d9\u05d8\u05d9\u05e1\u05e1 \u05e2\u05dd \u05d4\u05de\u05e7\u05d5\u05de\u05d9\u05d9\u05dd.<br \/>\n\u05e0<br \/>\n\u05e0&\u05e0bsp;<br \/>\n\u05e0<br \/>\n\u05e0<strong>\u05d0\u05e0\u05d0 \u05d1\u05d7\u05e8 \u05ea\u05d0\u05e8\u05d9\u05da \u05dc\u05e1\u05d9\u05d5\u05e8\u00a0<\/strong><\/p>\n<p>&nbsp;<\/p>\n<div class=\"vc_row wpb_row vc_row-fluid\" ><div class=\"wpb_column vc_column_container vc_col-sm-12\"><div class=\"vc_column-inner\"><div class=\"wpb_wrapper\"><div class=\"vc_btn3-container vc_btn3-inline\" ><a class=\"vc_general vc_btn3 vc_btn3-size-md vc_btn3-shape-rounded vc_btn3-style-modern vc_btn3-color-green\" href=\"https:\/\/bookingadventures.tours\/booking.php?tour_id=76244158e4bf48f84872b711d82fa754\" title=\"\" rel=\"noopener\">\u05dc\u05d4\u05d6\u05de\u05d9\u05df \u05e2\u05db\u05e9\u05d9\u05d5<\/a><\/div><div class=\"mkdf-section-title-holder\" style=\"text-align: left\">\n\t<div class=\"mkdf-st-inner\">\n\t\t\t\t\t<h5 class=\"mkdf-st-subtitle\" >\n\t\t\t\t\u05e7\u05d9\u05d0\u05e7\u05d9\u05dd \u05d5\u05de\u05d3\u05e8\u05d9\u05db\u05d9\u05dd \u05de\u05e7\u05d5\u05de\u05d9\u05d9\u05dd\t\t\t<\/h5>\n\t\t\t\t\t\t\t<h3 class=\"mkdf-st-title\" >\n\t\t\t\t\u05e9\u05d9\u05d9\u05d8 \u05e7\u05d9\u05d0\u05e7\u05d9\u05dd \u05d1\u05e4\u05d0\u05e8\u05e7 \u05d4\u05dc\u05d0\u05d5\u05de\u05d9 \u05dc\u05d5\u05e1 \u05d4\u05d0\u05d9\u05d8\u05d9\u05e1\u05e1 \u05e2\u05dd \u05de\u05d3\u05e8\u05d9\u05da \u05d8\u05d9\u05d5\u05dc\u05d9\u05dd \u05de-Ca\u00f1o Hondo 2 \u05e9\u05e2\u05d5\u05ea\t\t\t<\/h3>\n\t\t\t\t\t<\/div>\n<\/div><\/div><\/div><\/div><\/div><div class=\"vc_row wpb_row vc_row-fluid\" ><div class=\"wpb_column vc_column_container vc_col-sm-12\"><div class=\"vc_column-inner\"><div class=\"wpb_wrapper\"><div class=\"vc_empty_space\"   style=\"height: 32px\"><span class=\"vc_empty_space_inner\"><\/span><\/div><\/div><\/div><\/div><\/div><div class=\"vc_row wpb_row vc_row-fluid\" ><div class=\"wpb_column vc_column_container vc_col-sm-12\"><div class=\"vc_column-inner\"><div class=\"wpb_wrapper\">\n\t<div class=\"wpb_text_column wpb_content_element\" >\n\t\t<div class=\"wpb_wrapper\">\n\t\t\t<p>\n\u05e0<\/p>\n<h4><b><i>\u05e1\u05e7\u05d9\u05e8\u05d4 \u05db\u05dc\u05dc\u05d9\u05ea <\/i><\/b><\/h4>\n<p>n\u05d8\u05d9\u05d5\u05dc\u05d9 \u05e7\u05d9\u05d0\u05e7\u05d9\u05dd \u05d1\u05de\u05e0\u05d2\u05e8\u05d5\u05d1\u05d9\u05dd \u05d1\u05e4\u05d0\u05e8\u05e7 \u05d4\u05dc\u05d0\u05d5\u05de\u05d9 \u05dc\u05d5\u05e1 \u05d4\u05d0\u05d9\u05d8\u05d9\u05e1\u05e1 \u05e2\u05dd \u05de\u05d3\u05e8\u05d9\u05da \u05d8\u05d9\u05d5\u05dc\u05d9\u05dd \u05de\u05e7\u05d5\u05de\u05d9 2 \u05e9\u05e2\u05d5\u05ea. \u05d1\u05d9\u05e7\u05d5\u05e8 \u05d1\u05de\u05e0\u05d2\u05e8\u05d5\u05d1\u05d9\u05dd \u05d1\u05e0\u05d4\u05e8 \u05e7\u05d0\u05e0\u05d5 \u05d4\u05d5\u05e0\u05d3\u05d5 \u05d1\u05ea\u05d5\u05e1\u05e4\u05ea \u05e1\u05e7\u05d9\u05e8\u05d4 \u05db\u05dc\u05dc\u05d9\u05ea \u05e9\u05dc \u05de\u05e4\u05e8\u05e5 \u05e1\u05df \u05dc\u05d5\u05e8\u05e0\u05e6\u05d5 \u05d1\u05e4\u05d0\u05e8\u05e7 \u05d4\u05dc\u05d0\u05d5\u05de\u05d9 \u05dc\u05d5\u05e1 \u05d4\u05d0\u05d9\u05d8\u05d9\u05e1\u05e1, \u05d0\u05d6\u05d5\u05e8 \u05e1\u05d1\u05e0\u05d4 \u05d3\u05d4 \u05dc\u05d4 \u05de\u05d0\u05e8 \u05e7\u05d0\u05e0\u05d5 \u05d4\u05d5\u05e0\u05d3\u05d5. \u05dc\u05de\u05e7\u05e8\u05d4 \u05e9\u05ea\u05d0\u05d4\u05d1 \u05d9\u05d5\u05ea\u05e8: <a href=\"https:\/\/www.boattoursamana.com\/he\/tours-excursions\/%d7%a9%d7%99%d7%99%d7%98-%d7%a7%d7%99%d7%90%d7%a7%d7%99%d7%9d\/%d7%a9%d7%99%d7%99%d7%98-%d7%a7%d7%99%d7%90%d7%a7%d7%99%d7%9d-%d7%91-los-haitises-%d7%a2%d7%9d-%d7%9e%d7%93%d7%a8%d7%99%d7%9a-%d7%98%d7%99%d7%95%d7%9c%d7%99%d7%9d-%d7%9e%d7%a7%d7%90%d7%a0%d7%95-%d7%94\/\"><strong>\u05e9\u05d9\u05d9\u05d8 \u05e7\u05d9\u05d0\u05e7\u05d9\u05dd 4 \u05e9\u05e2\u05d5\u05ea \u05d1\u05dc\u05d5\u05e1 \u05d4\u05d9\u05d9\u05d8\u05d9\u05e1.<\/strong><\/a><br \/>\n\u05e0<\/p>\n<ul>\n\u05e0 \t<\/p>\n<li style=\"font-weight: 400;\"><span style=\"font-weight: 400;\">\u05d4\u05de\u05d3\u05e8\u05d9\u05da \u05de\u05e1\u05e4\u05e7 \u05d4\u05d3\u05e8\u05db\u05d4 \u05d5\u05e4\u05d9\u05e7\u05d5\u05d7<\/span><\/li>\n<p>\u05e0 \t<\/p>\n<li>\u05e7\u05d9\u05d0\u05e7\u05d9\u05dd \u05d5\u05de\u05e9\u05d5\u05d8\u05d9\u05dd \u05d6\u05de\u05d9\u05e0\u05d9\u05dd \u05d3\u05d5\u05d1\u05dc \u05dc\u05e9\u05e0\u05d9 \u05d0\u05e0\u05e9\u05d9\u05dd \u05d5\u05e4\u05e9\u05d5\u05d8 \u05dc\u05d0\u05d3\u05dd \u05d0\u05d7\u05d3 \u05d1\u05dc\u05d1\u05d3.<\/li>\n<p>\u05e0<\/ul>\n<p>\u05e0&\u05e0bsp;<br \/>\n\u05e0<\/p>\n<h4><b>\u05d4\u05db\u05dc\u05dc\u05d5\u05ea \u05d5\u05d0\u05d9 \u05d4\u05db\u05dc\u05dc\u05d5\u05ea<\/b><\/h4>\n<p>\u05e0&\u05e0bsp;<br \/>\n\u05e0<br \/>\n\u05e0<b>\u05ea\u05db\u05dc\u05d9\u05dc\u05d9\u05dd<\/b><br \/>\n\u05e0<br \/>\n\u05e0&\u05e0bsp;<br \/>\n\u05e0<\/p>\n<ol>\n\u05e0 \t<\/p>\n<li style=\"font-weight: 400;\">\u05d8\u05d9\u05d5\u05dc \u05e7\u05d9\u05d0\u05e7\u05d9\u05dd<\/li>\n<p>\u05e0 \t<\/p>\n<li style=\"font-weight: 400;\"><span style=\"font-weight: 400;\">\u05db\u05dc \u05d4\u05de\u05e1\u05d9\u05dd, \u05d4\u05e2\u05de\u05dc\u05d5\u05ea \u05d5\u05d3\u05de\u05d9 \u05d4\u05d8\u05d9\u05e4\u05d5\u05dc<\/span><\/li>\n<p>\u05e0 \t<\/p>\n<li style=\"font-weight: 400;\"><span style=\"font-weight: 400;\">\u05de\u05d9\u05e1\u05d9\u05dd \u05de\u05e7\u05d5\u05de\u05d9\u05d9\u05dd<\/span><\/li>\n<p>\u05e0 \t<\/p>\n<li style=\"font-weight: 400;\"><span style=\"font-weight: 400;\">\u05de\u05d3\u05e8\u05d9\u05da \u05de\u05e7\u05d5\u05de\u05d9<\/span><\/li>\n<p>\u05e0<\/ol>\n<p>\u05e0<b> \u05d0\u05d9 \u05d4\u05db\u05dc\u05dc\u05d5\u05ea<\/b><br \/>\n\u05e0<\/p>\n<ol>\n\u05e0 \t<\/p>\n<li style=\"font-weight: 400;\"><span style=\"font-weight: 400;\">\u05ea\u05d5\u05d3\u05d5\u05ea<\/span><\/li>\n<p>\u05e0 \t<\/p>\n<li style=\"font-weight: 400;\"><span style=\"font-weight: 400;\">\u05dc\u05b0\u05d4\u05b7\u05e2\u05b2\u05d1\u05b4\u05d9\u05e8<\/span><\/li>\n<p>\u05e0 \t<\/p>\n<li>\u05d0\u05e8\u05d5\u05d7\u05ea \u05e6\u05d4\u05e8\u05d9\u05d9\u05dd \u05d0\u05d9\u05e0\u05d4 \u05db\u05dc\u05d5\u05dc\u05d4<\/li>\n<p>\u05e0 \t<\/p>\n<li>\u05de\u05e2\u05e8\u05d5\u05ea \u05d0\u05d9\u05e0\u05df \u05db\u05dc\u05d5\u05dc\u05d5\u05ea<\/li>\n<p>\u05e0 \t<\/p>\n<li style=\"font-weight: 400;\"><span style=\"font-weight: 400;\">\u05de\u05e9\u05e7\u05d0\u05d5\u05ea \u05d0\u05dc\u05db\u05d5\u05d4\u05d5\u05dc\u05d9\u05d9\u05dd<\/span><\/li>\n<p>\u05e0<\/ol>\n<p>\u05e0&\u05e0bsp;<br \/>\n\u05e0<\/p>\n<h4><em><strong>\u05d9\u05e6\u05d9\u05d0\u05d4 \u05d5\u05d7\u05d6\u05e8\u05d4<\/strong><\/em><\/h4>\n<p>\u05e0<span style=\"font-weight: 400;\">\u05d4\u05e0\u05d5\u05e1\u05e2 \u05d9\u05e7\u05d1\u05dc \u05e0\u05e7\u05d5\u05d3\u05ea \u05de\u05e4\u05d2\u05e9 \u05dc\u05d0\u05d7\u05e8 \u05ea\u05d4\u05dc\u05d9\u05da \u05d4\u05d4\u05d6\u05de\u05e0\u05d4. \u05d4\u05e1\u05d9\u05d5\u05e8\u05d9\u05dd \u05de\u05ea\u05d7\u05d9\u05dc\u05d9\u05dd \u05d5\u05de\u05e1\u05ea\u05d9\u05d9\u05de\u05d9\u05dd \u05d1\u05e0\u05e7\u05d5\u05d3\u05d5\u05ea \u05d4\u05de\u05e4\u05d2\u05e9 \u05e9\u05dc\u05e0\u05d5.<\/span><br \/>\n\u05e0<br \/>\n\u05e0&\u05e0bsp;<br \/>\n\u05e0<\/p>\n<h4><b><i>\u05dc\u05de\u05d4 \u05dc\u05e6\u05e4\u05d5\u05ea?<\/i><\/b><\/h4>\n<p>\u05e0&\u05e0bsp;<br \/>\n\u05e0<br \/>\n\u05e0<em><strong>\u05e7\u05d1\u05dc \u05d0\u05ea \u05d4\u05db\u05e8\u05d8\u05d9\u05e1\u05d9\u05dd \u05e9\u05dc\u05da<\/strong><\/em> \u05dc\u05d1\u05d9\u05e7\u05d5\u05e8 \u05e9\u05dc \u05e9\u05e2\u05ea\u05d9\u05d9\u05dd \u05d1\u05e9\u05d9\u05d8 \u05e7\u05d9\u05d0\u05e7\u05d9\u05dd \u05d1\u05d9\u05e2\u05e8 \u05e0\u05d4\u05e8 \u05e7\u05d0\u05e0\u05d5 \u05d4\u05d5\u05e0\u05d3\u05d5 (\u05de\u05e0\u05d2\u05e8\u05d5\u05d1\u05d9\u05dd) \u05e2\u05dd \u05de\u05d3\u05e8\u05d9\u05db\u05d9 \u05d4\u05d8\u05d9\u05d5\u05dc\u05d9\u05dd \u05d4\u05de\u05e7\u05d5\u05de\u05d9\u05d9\u05dd.<br \/>\n\u05e0<br \/>\n\u05db\u05d0\u05e9\u05e8 \u05d0\u05e0\u05d5 \u05de\u05e7\u05d1\u05dc\u05d9\u05dd \u05d0\u05ea \u05db\u05dc \u05e1\u05d5\u05d2\u05d9 \u05d4\u05e6\u05d9\u05d5\u05d3 \u05d4\u05e0\u05d3\u05e8\u05e9 \u05dc\u05d1\u05d8\u05d9\u05d7\u05d5\u05ea\u05db\u05dd (\u05d7\u05dc\u05d9\u05e4\u05d5\u05ea \u05d4\u05e6\u05dc\u05d4 \u05d5\u05db\u05d5&#039;), \u05d4\u05e4\u05e2\u05d5\u05dc\u05d4 \u05de\u05ea\u05d7\u05d9\u05dc\u05d4 \u05d1\u05e9\u05d9\u05d9\u05d8 \u05d1\u05e7\u05d9\u05d0\u05e7\u05d9\u05dd \u05de\u05e0\u05d4\u05e8 \u05e7\u05d0\u05e0\u05d5 \u05d4\u05d5\u05e0\u05d3\u05d5.<br \/>\n\u05e0<br \/>\n\u05e0<span style=\"font-weight: 400;\">\u05d4\u05e1\u05d9\u05d5\u05e8, \u05de\u05d0\u05d5\u05e8\u05d2\u05df \u05e2\u05dc \u05d9\u05d3\u05d9 &quot;Booking Adventures&quot; \u05de\u05ea\u05d7\u05d9\u05dc \u05d1\u05e0\u05e7\u05d5\u05d3\u05ea \u05d4\u05de\u05e4\u05d2\u05e9 \u05e9\u05e0\u05e7\u05d1\u05e2\u05d4 \u05e2\u05dd \u05de\u05d3\u05e8\u05d9\u05da \u05d4\u05d8\u05d9\u05d5\u05dc\u05d9\u05dd. <\/span>\u05dc\u05d5\u05e7\u05d7\u05d9\u05dd \u05e7\u05d9\u05d0\u05e7\u05d9\u05dd \u05d5\u05e2\u05d5\u05d1\u05e8\u05d9\u05dd \u05d3\u05e8\u05da \u05d1\u05d9\u05e6\u05d5\u05ea \u05de\u05e0\u05d2\u05e8\u05d5\u05d1\u05d9\u05dd, \u05d7\u05d5\u05dc\u05e4\u05d9\u05dd \u05e2\u05dc \u05e4\u05e0\u05d9 \u05de\u05e2\u05e8\u05d5\u05ea \u05e4\u05d9\u05e8\u05d0\u05d8\u05d9\u05dd \u05e2\u05ea\u05d9\u05e7\u05d5\u05ea, \u05d5\u05d0\u05dc \u05d9\u05e2\u05e8\u05d5\u05ea \u05de\u05d5\u05d2\u05e0\u05d9\u05dd \u05d1\u05e9\u05de\u05d5\u05e8\u05d4 \u05d4\u05e6\u05d9\u05d5\u05e8\u05d9\u05ea \u05d4\u05d6\u05d5 \u05d4\u05d7\u05dc \u05de\u05d0\u05d6\u05d5\u05e8 \u05de\u05dc\u05d5\u05e0\u05d5\u05ea \u05e7\u05e0\u05d5 \u05d4\u05d5\u05e0\u05d3\u05d5 \u05d0\u05d5 \u05de\u05e1\u05d1\u05e0\u05d4 \u05d3\u05d4 \u05dc\u05d4 \u05de\u05d0\u05e8,<br \/>\n\u05e0<\/p>\n<div class=\"body-description secondary\">\n\u05e0<br \/>\nn\u05d1\u05d5\u05d0\u05d5 \u05e2\u05dd Booking Adventures \u05d5\u05d4\u05ea\u05d7\u05d9\u05dc\u05d5 \u05dc\u05d1\u05d3\u05d5\u05e7 \u05db\u05de\u05d4 \u05de\u05e0\u05d2\u05e8\u05d5\u05d1\u05d9\u05dd \u05de\u05dc\u05d0\u05d9 \u05e6\u05d9\u05e4\u05d5\u05e8\u05d9\u05dd, \u05d2\u05d1\u05e2\u05d5\u05ea \u05de\u05ea\u05d2\u05dc\u05d2\u05dc\u05d5\u05ea \u05e9\u05dc \u05e6\u05de\u05d7\u05d9\u05d9\u05d4 \u05e2\u05d1\u05d5\u05ea\u05d4 \u05d5\u05de\u05e2\u05e8\u05d5\u05ea \u05e9\u05dc <em><strong>\u05d4\u05e4\u05d0\u05e8\u05e7 \u05d4\u05dc\u05d0\u05d5\u05de\u05d9 \u05dc\u05d5\u05e1 \u05d4\u05d0\u05d9\u05d8\u05d9\u05e1\u05e1<\/strong><\/em>. \u05d8\u05d9\u05d5\u05dc \u05e7\u05d9\u05d0\u05e7\u05d9\u05dd \u05de\u05e0\u05d4\u05e8 \u05e7\u05d0\u05e0\u05d5 \u05d4\u05d5\u05e0\u05d3\u05d5, \u05e1\u05d1\u05e0\u05d4 \u05d3\u05d4 \u05dc\u05d4 \u05de\u05d0\u05e8. \u05d3\u05e8\u05da \u05d4\u05de\u05e0\u05d2\u05e8\u05d5\u05d1\u05d9\u05dd \u05d5\u05d4\u05d0\u05d3\u05de\u05d4 \u05d1\u05de\u05e4\u05e8\u05e5 \u05e1\u05df \u05dc\u05d5\u05e8\u05e0\u05e6\u05d5 \u05d4\u05e4\u05ea\u05d5\u05d7, \u05de\u05e9\u05dd \u05ea\u05d5\u05db\u05dc\u05d5 \u05dc\u05e6\u05dc\u05dd \u05d0\u05ea \u05e0\u05d5\u05e3 \u05d4\u05d9\u05e2\u05e8 \u05d4\u05de\u05e4\u05d5\u05e8\u05e5. \u05d4\u05e1\u05ea\u05db\u05dc \u05dc\u05de\u05d9\u05dd \u05db\u05d3\u05d9 \u05dc\u05d6\u05d4\u05d5\u05ea <em><strong>\u05e4\u05e8\u05d7\u05d9\u05dd<\/strong><\/em>, \u05e1\u05e8\u05d8\u05e0\u05d9\u05dd \u05d5 <em><strong>\u05d3\u05d5\u05dc\u05e4\u05d9\u05e0\u05d9\u05dd.<\/strong><\/em><br \/>\n\u05e0<br \/>\n\u05dc\u05de\u05e7\u05e8\u05d4 \u05e9\u05ea\u05d0\u05d4\u05d1 \u05d0\u05ea \u05d4\u05d8\u05d9\u05d5\u05dc \u05d4\u05d6\u05d4 \u05d9\u05d5\u05ea\u05e8 \u05d6\u05de\u05df \u05d9\u05e9 \u05dc\u05e0\u05d5 \u05d0\u05e4\u05e9\u05e8\u05d5\u05ea \u05e9\u05e0\u05d9\u05d9\u05d4: <a href=\"https:\/\/www.boattoursamana.com\/he\/tours-excursions\/%d7%a9%d7%99%d7%99%d7%98-%d7%a7%d7%99%d7%90%d7%a7%d7%99%d7%9d\/%d7%a9%d7%99%d7%99%d7%98-%d7%a7%d7%99%d7%90%d7%a7%d7%99%d7%9d-%d7%91-los-haitises-%d7%a2%d7%9d-%d7%9e%d7%93%d7%a8%d7%99%d7%9a-%d7%98%d7%99%d7%95%d7%9c%d7%99%d7%9d-%d7%9e%d7%a7%d7%90%d7%a0%d7%95-%d7%94\/\"><em><strong>\u05e9\u05d9\u05d9\u05d8 \u05e7\u05d9\u05d0\u05e7\u05d9\u05dd \u05d1\u05dc\u05d5\u05e1 \u05d4\u05d0\u05d9\u05d8\u05d9\u05e1\u05e1 4 \u05e9\u05e2\u05d5\u05ea<\/strong><\/em><\/a><br \/>\n\u05e0<br \/>\nn\u05d4\u05e1\u05d9\u05d5\u05e8 \u05de\u05e1\u05d9\u05d9\u05dd \u05d1\u05e0\u05e7\u05d5\u05d3\u05ea \u05d4\u05d4\u05ea\u05d7\u05dc\u05d4 \u05d1\u05e4\u05d0\u05e8\u05e7 \u05d4\u05dc\u05d0\u05d5\u05de\u05d9 \u05dc\u05d5\u05e1 \u05d4\u05d0\u05d9\u05d8\u05d9\u05e1\u05e1. \u05d0\u05e0\u05d5 \u05de\u05de\u05dc\u05d9\u05e6\u05d9\u05dd \u05e2\u05dc \u05d8\u05d9\u05d5\u05dc \u05d6\u05d4 \u05d1\u05e9\u05e2\u05d4 6:00 \u05d1\u05d1\u05d5\u05e7\u05e8 \u05d1\u05de\u05e7\u05e8\u05d4 \u05e9\u05ea\u05e8\u05e6\u05d5 \u05dc\u05e8\u05d0\u05d5\u05ea <em><strong>\u05e4\u05e8\u05d7\u05d9\u05dd<\/strong><\/em>, \u05e1\u05e8\u05d8\u05e0\u05d9\u05dd \u05d5 <em><strong>\u05d3\u05d5\u05dc\u05e4\u05d9\u05e0\u05d9\u05dd.<\/strong><\/em><br \/>\n\u05e0<br \/>\n\u05e0<\/div>\n<p>\u05e0<em><strong>6:00 \u05d1\u05d1\u05d5\u05e7\u05e8<\/strong><\/em> \u05de\u05d5\u05e7\u05d3\u05dd \u05d5\u05dc\u05db\u05df \u05d0\u05d9\u05df \u05e2\u05d3\u05d9\u05d9\u05df \u05e1\u05d9\u05e8\u05d5\u05ea \u05d1\u05e4\u05d0\u05e8\u05e7 \u05d4\u05dc\u05d0\u05d5\u05de\u05d9 \u05dc\u05d5\u05e1 \u05d4\u05d0\u05d9\u05d8\u05d9\u05d6.<br \/>\n\u05e0<\/p>\n<h4><em><strong>\u05de\u05d4 \u05db\u05d3\u05d0\u05d9 \u05dc\u05d4\u05d1\u05d9\u05d0?<\/strong><\/em><\/h4>\n<p>\u05e0<\/p>\n<ul>\n\u05e0 \t<\/p>\n<li style=\"font-weight: 400;\"><span style=\"font-weight: 400;\">\u05de\u05b7\u05e6\u05dc\u05b5\u05de\u05b8\u05d4<\/span><\/li>\n<p>\u05e0 \t<\/p>\n<li style=\"font-weight: 400;\"><span style=\"font-weight: 400;\">\u05e0\u05d9\u05e6\u05e0\u05d9\u05dd \u05d3\u05d5\u05d7\u05d9\u05dd<\/span><\/li>\n<p>\u05e0 \t<\/p>\n<li style=\"font-weight: 400;\"><span style=\"font-weight: 400;\">\u05e7\u05e8\u05dd \u05d4\u05d2\u05e0\u05d4<\/span><\/li>\n<p>\u05e0 \t<\/p>\n<li style=\"font-weight: 400;\"><span style=\"font-weight: 400;\">\u05db\u05bc\u05d5\u05b9\u05d1\u05b7\u05e2<\/span><\/li>\n<p>\u05e0 \t<\/p>\n<li style=\"font-weight: 400;\"><span style=\"font-weight: 400;\">\u05de\u05db\u05e0\u05e1\u05d9\u05d9\u05dd \u05e0\u05d5\u05d7\u05d9\u05dd<\/span><\/li>\n<p>\u05e0 \t<\/p>\n<li style=\"font-weight: 400;\"><span style=\"font-weight: 400;\">\u05e1\u05e0\u05d3\u05dc\u05d9\u05dd\u00a0<\/span><\/li>\n<p>\u05e0 \t<\/p>\n<li style=\"font-weight: 400;\"><span style=\"font-weight: 400;\">\u05d1\u05d2\u05d3\u05d9 \u05e9\u05d7\u05d9\u05d9\u05d4<\/span><\/li>\n<p>\u05e0<\/ul>\n<p>\u05e0&\u05e0bsp;<br \/>\n\u05e0<\/p>\n<h4><b><i>\u05d0\u05d9\u05e1\u05d5\u05e3 \u05d1\u05de\u05dc\u05d5\u05df <\/i><\/b><\/h4>\n<p>\u05e0<span style=\"font-weight: 400;\">\u05dc\u05d0 \u05de\u05d5\u05e6\u05e2 \u05d0\u05d9\u05e1\u05d5\u05e3 \u05de\u05d4\u05de\u05dc\u05d5\u05df \u05e2\u05d1\u05d5\u05e8 \u05e1\u05d9\u05d5\u05e8 \u05d6\u05d4. <\/span><br \/>\n\u05e0<br \/>\n\u05e0&\u05e0bsp;<br \/>\n\u05e0<br \/>\n\u05e0<b>\u05d4\u05e2\u05e8\u05d4:<\/b><span style=\"font-weight: 400;\"> \u05d0\u05dd \u05d0\u05ea\u05dd \u05de\u05d6\u05de\u05d9\u05e0\u05d9\u05dd \u05d1\u05ea\u05d5\u05da 24 \u05e9\u05e2\u05d5\u05ea \u05de\u05de\u05d5\u05e2\u05d3 \u05d4\u05d9\u05e6\u05d9\u05d0\u05d4 \u05e9\u05dc \u05d4\u05e1\u05d9\u05d5\u05e8\/\u05d4\u05d8\u05d9\u05d5\u05dc, \u05e0\u05d5\u05db\u05dc \u05dc\u05d0\u05e8\u05d2\u05df \u05d0\u05d9\u05e1\u05d5\u05e3 \u05de\u05d4\u05de\u05dc\u05d5\u05df \u05d1\u05e2\u05dc\u05d5\u05ea \u05e0\u05d5\u05e1\u05e4\u05ea. \u05dc\u05d0\u05d7\u05e8 \u05d4\u05e9\u05dc\u05de\u05ea \u05d4\u05e8\u05db\u05d9\u05e9\u05d4, \u05d0\u05e0\u05d5 \u05e0\u05e9\u05dc\u05d7 \u05d0\u05dc\u05d9\u05da \u05d0\u05ea \u05e4\u05e8\u05d8\u05d9 \u05d4\u05e7\u05e9\u05e8 \u05d4\u05de\u05dc\u05d0\u05d9\u05dd (\u05de\u05e1\u05e4\u05e8 \u05d8\u05dc\u05e4\u05d5\u05df, \u05db\u05ea\u05d5\u05d1\u05ea \u05d3\u05d5\u05d0&quot;\u05dc \u05d5\u05db\u05d5&#039;) \u05db\u05d3\u05d9 \u05e9\u05de\u05d3\u05e8\u05d9\u05da \u05d4\u05d8\u05d9\u05d5\u05dc\u05d9\u05dd \u05d4\u05de\u05e7\u05d5\u05de\u05d9 \u05e9\u05dc\u05e0\u05d5 \u05d9\u05d5\u05db\u05dc \u05dc\u05d0\u05e8\u05d2\u05df \u05e1\u05d9\u05d3\u05d5\u05e8\u05d9 \u05d0\u05d9\u05e1\u05d5\u05e3.<\/span><br \/>\n\u05e0<\/p>\n<h4><b><i>\u05d0\u05d9\u05e9\u05d5\u05e8 \u05de\u05d9\u05d3\u05e2 \u05e0\u05d5\u05e1\u05e3 <\/i><\/b><\/h4>\n<p>\u05e0<\/p>\n<ol>\n\u05e0 \t<\/p>\n<li>\u05db\u05e8\u05d8\u05d9\u05e1\u05d9\u05dd \u05d4\u05dd \u05d4\u05e7\u05d1\u05dc\u05d4 \u05dc\u05d0\u05d7\u05e8 \u05ea\u05e9\u05dc\u05d5\u05dd \u05e1\u05d9\u05d5\u05e8 \u05d6\u05d4. \u05d0\u05ea\u05d4 \u05d9\u05db\u05d5\u05dc \u05dc\u05d4\u05e6\u05d9\u05d2 \u05d0\u05ea \u05d4\u05ea\u05e9\u05dc\u05d5\u05dd \u05d1\u05d8\u05dc\u05e4\u05d5\u05df \u05e9\u05dc\u05da.<\/li>\n<p>\u05e0 \t<\/p>\n<li style=\"font-weight: 400;\"><span style=\"font-weight: 400;\">\u05e0\u05e7\u05d5\u05d3\u05ea \u05de\u05e4\u05d2\u05e9 \u05ea\u05ea\u05e7\u05d1\u05dc \u05dc\u05d0\u05d7\u05e8 \u05ea\u05d4\u05dc\u05d9\u05da \u05d4\u05d4\u05d6\u05de\u05e0\u05d4.<\/span><\/li>\n<p>\u05e0 \t<\/p>\n<li style=\"font-weight: 400;\"><span style=\"font-weight: 400;\">\u05d9\u05dc\u05d3\u05d9\u05dd \u05d7\u05d9\u05d9\u05d1\u05d9\u05dd \u05d1\u05dc\u05d9\u05d5\u05d5\u05d9 \u05de\u05d1\u05d5\u05d2\u05e8.<\/span><\/li>\n<p>\u05e0 \t<\/p>\n<li style=\"font-weight: 400;\"><span style=\"font-weight: 400;\"> \u05dc\u05d0 \u05e0\u05d2\u05d9\u05e9 \u05dc\u05db\u05d9\u05e1\u05d0 \u05d2\u05dc\u05d2\u05dc\u05d9\u05dd <\/span><\/li>\n<p>\u05e0 \t<\/p>\n<li style=\"font-weight: 400;\"><span style=\"font-weight: 400;\">\u05ea\u05d9\u05e0\u05d5\u05e7\u05d5\u05ea \u05d7\u05d9\u05d9\u05d1\u05d9\u05dd \u05dc\u05e9\u05d1\u05ea \u05e2\u05dc \u05d1\u05e8\u05db\u05d9\u05d9\u05dd <\/span><\/li>\n<p>\u05e0 \t<\/p>\n<li style=\"font-weight: 400;\"><span style=\"font-weight: 400;\">\u05dc\u05d0 \u05de\u05d5\u05de\u05dc\u05e5 \u05dc\u05de\u05d8\u05d9\u05d9\u05dc\u05d9\u05dd \u05e2\u05dd \u05d1\u05e2\u05d9\u05d5\u05ea \u05d2\u05d1<\/span><\/li>\n<p>\u05e0 \t<\/p>\n<li style=\"font-weight: 400;\"><span style=\"font-weight: 400;\">\u05dc\u05d0 \u05de\u05d5\u05de\u05dc\u05e5 \u05dc\u05e0\u05d5\u05e1\u05e2\u05d9\u05dd \u05d1\u05d4\u05e8\u05d9\u05d5\u05df <\/span><\/li>\n<p>\u05e0 \t<\/p>\n<li style=\"font-weight: 400;\"><span style=\"font-weight: 400;\"> \u05dc\u05dc\u05d0 \u05d1\u05e2\u05d9\u05d5\u05ea \u05dc\u05d1 \u05d0\u05d5 \u05de\u05e6\u05d1\u05d9\u05dd \u05e8\u05e4\u05d5\u05d0\u05d9\u05d9\u05dd \u05d7\u05de\u05d5\u05e8\u05d9\u05dd \u05d0\u05d7\u05e8\u05d9\u05dd <\/span><\/li>\n<p>\u05e0 \t<\/p>\n<li style=\"font-weight: 400;\"><span style=\"font-weight: 400;\">\u05e8\u05d5\u05d1 \u05d4\u05de\u05d8\u05d9\u05d9\u05dc\u05d9\u05dd \u05d9\u05db\u05d5\u05dc\u05d9\u05dd \u05dc\u05d4\u05e9\u05ea\u05ea\u05e3<\/span><\/li>\n<p>\u05e0<\/ol>\n<p>\u05e0<\/p>\n<h4><b><i>\u05de\u05d3\u05d9\u05e0\u05d9\u05d5\u05ea \u05d1\u05d9\u05d8\u05d5\u05dc<\/i><\/b><\/h4>\n<p>n\u05e2\u05d1\u05d5\u05e8 \u05d4\u05d7\u05d6\u05e8 \u05de\u05dc\u05d0, \u05d0\u05e0\u05d0 \u05e7\u05e8\u05d0 \u05d0\u05ea \u05de\u05d3\u05d9\u05e0\u05d9\u05d5\u05ea \u05d4\u05d1\u05d9\u05d8\u05d5\u05dc\u05d9\u05dd \u05e9\u05dc\u05e0\u05d5\u00a0<a href=\"https:\/\/www.boattoursamana.com\/he\/%d7%94%d7%96%d7%9e%d7%a0%d7%94-%d7%9e%d7%a7%d7%95%d7%95%d7%a0%d7%aa\/\" target=\"_blank\" rel=\"noopener\" data-saferedirecturl=\"https:\/\/www.google.com\/url?q=https:\/\/www.boattoursamana.com\/online-booking\/&amp;source=gmail&amp;ust=1672532492004000&amp;usg=AOvVaw3ylqI1cdbIPTimEqEWneyd\">\u05dc\u05d7\u05e5 \u05db\u05d0\u05df<\/a>. \u05db\u05e1\u05e4\u05d9\u05dd \u05d9\u05d0\u05d1\u05d3\u05d5 \u05d0\u05dd \u05d4\u05d4\u05d6\u05de\u05e0\u05d4 \u05ea\u05d1\u05d5\u05d8\u05dc \u05d1\u05d0\u05d5\u05ea\u05d5 \u05d9\u05d5\u05dd \u05e9\u05dc \u05d4\u05d8\u05d9\u05d5\u05dc.<\/p>\n\n\t\t<\/div>\n\t<\/div>\n<div class=\"vc_btn3-container vc_btn3-inline\" ><a class=\"vc_general vc_btn3 vc_btn3-size-md vc_btn3-shape-rounded vc_btn3-style-modern vc_btn3-color-green\" href=\"https:\/\/bookingadventures.tours\/booking.php?tour_id=76244158e4bf48f84872b711d82fa754\" title=\"\" rel=\"noopener\">\u05dc\u05d4\u05d6\u05de\u05d9\u05df \u05e2\u05db\u05e9\u05d9\u05d5<\/a><\/div><\/div><\/div><\/div><\/div><div class=\"vc_row wpb_row vc_row-fluid\" ><div class=\"wpb_column vc_column_container vc_col-sm-12\"><div class=\"vc_column-inner\"><div class=\"wpb_wrapper\"><div class=\"vc_empty_space\"   style=\"height: 32px\"><span class=\"vc_empty_space_inner\"><\/span><\/div>\n\t<div class=\"wpb_text_column wpb_content_element\" >\n\t\t<div class=\"wpb_wrapper\">\n\t\t\t<p>\n\u05e0<\/p>\n<h4>\u05e6\u05d5\u05e8 \u05e7\u05e9\u05e8?<\/h4>\n<p>\u05e0<\/p>\n<h5><em><strong>\u05d4\u05d6\u05de\u05e0\u05ea \u05d4\u05e8\u05e4\u05ea\u05e7\u05d0\u05d5\u05ea<\/strong><\/em><\/h5>\n<p>\u05e0<em><strong>\u05de\u05e7\u05d5\u05de\u05d9\u05d9\u05dd<\/strong> \u05d5 <strong>\u05d0\u05d6\u05e8\u05d7\u05d9\u05dd<\/strong> \u05de\u05d3\u05e8\u05d9\u05db\u05d9 \u05d8\u05d9\u05d5\u05dc\u05d9\u05dd \u05d5\u05e9\u05d9\u05e8\u05d5\u05ea\u05d9 \u05d0\u05d5\u05e8\u05d7\u05d9\u05dd<\/em><br \/>\n\u05e0<br \/>\n\u05e0<span class=\"text-turquoise\">\u05d4\u05d6\u05de\u05e0\u05d5\u05ea:<\/span> \u05e1\u05d9\u05d5\u05e8\u05d9\u05dd \u05d5\u05d8\u05d9\u05d5\u05dc\u05d9\u05dd \u05d1\u05d3\u05d5\u05dd. \u05e0\u05e6\u05d9\u05d2<br \/>\n\u05e0<br \/>\n\u05e0<img decoding=\"async\" class=\"emoji\" draggable=\"false\" src=\"https:\/\/s.w.org\/images\/core\/emoji\/11.2.0\/svg\/1f4de.svg\" alt=\" \" title=\"\"> \u05d8\u05dc\/\u05d5\u05d5\u05d0\u05d8\u05e1\u05d0\u05e4\u00a0 <a href=\"tel:+1-809-720-6035\">+1-809-720-6035<\/a>.<br \/>\n\u05e0<br \/>\n\u05e0<img decoding=\"async\" class=\"emoji\" draggable=\"false\" src=\"https:\/\/s.w.org\/images\/core\/emoji\/11.2.0\/svg\/1f4e9.svg\" alt=\" \" title=\"\"> <a href=\"mailto:info@bookingadventures.com.do\">info@bookingadventures.com.do<\/a><br \/>\n\u05e0<br \/>\n\u05e0<strong>\u05d0\u05e0\u05d7\u05e0\u05d5 \u05e1\u05d9\u05d5\u05e8\u05d9\u05dd \u05e4\u05e8\u05d8\u05d9\u05d9\u05dd \u05d1\u05d4\u05d2\u05d3\u05e8\u05d4 \u05d2\u05de\u05d9\u05e9\u05d4 \u05d1\u05d0\u05de\u05e6\u05e2\u05d5\u05ea Whatsapp: <a href=\"tel:+18097206035\">+18097206035.<\/a><\/strong><\/p>\n\n\t\t<\/div>\n\t<\/div>\n<div class=\"vc_empty_space\"   style=\"height: 32px\"><span class=\"vc_empty_space_inner\"><\/span><\/div><\/div><\/div><\/div><\/div><div class=\"vc_row wpb_row vc_row-fluid\" ><div class=\"wpb_column vc_column_container vc_col-sm-12\"><div class=\"vc_column-inner\"><div class=\"wpb_wrapper\"><div class=\"vc_btn3-container vc_btn3-inline\" ><a class=\"vc_general vc_btn3 vc_btn3-size-md vc_btn3-shape-rounded vc_btn3-style-modern vc_btn3-color-green\" href=\"https:\/\/bookingadventures.tours\/booking.php?tour_id=76244158e4bf48f84872b711d82fa754\" title=\"\" rel=\"noopener\">\u05dc\u05d4\u05d6\u05de\u05d9\u05df \u05e2\u05db\u05e9\u05d9\u05d5<\/a><\/div><\/div><\/div><\/div><\/div><div class=\"vc_row wpb_row vc_row-fluid\" ><div class=\"wpb_column vc_column_container vc_col-sm-12\"><div class=\"vc_column-inner\"><div class=\"wpb_wrapper\"><\/div><\/div><\/div><\/div>","protected":false},"excerpt":{"rendered":"<p>Excursion to Los Haitises National Park starting from Sabana de la Mar or Ca\u00f1o Hondo Hotels. Kayaking Mangroves in Los Haitises National Park with a local tour guide. Visiting Mangroves in Ca\u00f1o Hondo River plus an Overview of the San Lorenzo Bay in Los Haitises National park, Sabana de la Mar Ca\u00f1o Hondo area. If you are interested in visit also the caves please book 4 Hours Kayaking trip here. n n The guide provides instruction and Supervision n Kayaks [&hellip;]<\/p>\n","protected":false},"author":2,"featured_media":0,"parent":0,"menu_order":0,"comment_status":"open","ping_status":"closed","template":"","meta":{"footnotes":""},"class_list":["post-15734","page","type-page","status-publish","hentry"],"_links":{"self":[{"href":"https:\/\/www.boattoursamana.com\/he\/wp-json\/wp\/v2\/pages\/15734","targetHints":{"allow":["GET"]}}],"collection":[{"href":"https:\/\/www.boattoursamana.com\/he\/wp-json\/wp\/v2\/pages"}],"about":[{"href":"https:\/\/www.boattoursamana.com\/he\/wp-json\/wp\/v2\/types\/page"}],"author":[{"embeddable":true,"href":"https:\/\/www.boattoursamana.com\/he\/wp-json\/wp\/v2\/users\/2"}],"replies":[{"embeddable":true,"href":"https:\/\/www.boattoursamana.com\/he\/wp-json\/wp\/v2\/comments?post=15734"}],"version-history":[{"count":0,"href":"https:\/\/www.boattoursamana.com\/he\/wp-json\/wp\/v2\/pages\/15734\/revisions"}],"wp:attachment":[{"href":"https:\/\/www.boattoursamana.com\/he\/wp-json\/wp\/v2\/media?parent=15734"}],"curies":[{"name":"wp","href":"https:\/\/api.w.org\/{rel}","templated":true}]}}