{"id":15749,"date":"2023-07-15T07:42:45","date_gmt":"2023-07-15T07:42:45","guid":{"rendered":"https:\/\/www.ticketswhales.com\/los-haitises-national-park-tour-from-las-terrenas-samana-half-day-trip\/"},"modified":"2023-07-15T07:42:45","modified_gmt":"2023-07-15T07:42:45","slug":"los-haitises-national-park-tour-from-las-terrenas-samana-half-day-trip","status":"publish","type":"page","link":"https:\/\/www.boattoursamana.com\/he\/%d7%a1%d7%99%d7%95%d7%a8-%d7%91%d7%a4%d7%90%d7%a8%d7%a7-%d7%94%d7%9c%d7%90%d7%95%d7%9e%d7%99-los-haitises-%d7%9e-las-terrenas-samana-%d7%97%d7%a6%d7%99-%d7%99%d7%95%d7%9d-%d7%98%d7%99%d7%95%d7%9c","title":{"rendered":"\u05e1\u05d9\u05d5\u05e8 \u05d1\u05e4\u05d0\u05e8\u05e7 \u05d4\u05dc\u05d0\u05d5\u05de\u05d9 Los Haitises \u05de-Las Terrenas, Samana. \u05d8\u05d9\u05d5\u05dc \u05d7\u05e6\u05d9 \u05d9\u05d5\u05dd."},"content":{"rendered":"<p><span style=\"vertical-align: inherit;\"><span style=\"vertical-align: inherit;\">\u05d0\u05e1\u05d8\u05ea \u05d4\u05d8\u05d9\u05d5\u05dc \u05e9\u05dc \u05dc\u05d0\u05e1 \u05d8\u05e8\u05e0\u05e1 \u05d0\u05dc \u05d4\u05e4\u05d0\u05e8\u05e7 \u05d4\u05dc\u05d0\u05d5\u05de\u05d9 Los Haitises \u05db\u05d5\u05dc\u05dc \u05d0\u05ea Almuerzo y Transporte para una visita a las 3 cuevas principales, una exploraci\u00f3n de 2 manglares diferentes y por supuesto la observaci\u00f3n de aves para pescar.<\/span><\/span><br \/>\n\u05e0<br \/>\n\u05e0<span style=\"vertical-align: inherit;\"><span style=\"vertical-align: inherit;\">Viaje ecol\u00f3gico al Parque Nacional Los Haitises con un gu\u00eda tur\u00edstico local. <\/span><span style=\"vertical-align: inherit;\">Visitando los Cayos en el Parque Nacional Los Haitises, Manglares, Vegetaci\u00f3n, Observaci\u00f3n de aves, Cuevas, Pictogramas y las areas hist\u00f3ricas de Sabana de la Mar en el Parque Nacional Los Haitises.<\/span><\/span><br \/>\n\u05e0<br \/>\n\u05e0&\u05e0bsp;<br \/>\n\u05e0<br \/>\n\u05e0<strong><span style=\"vertical-align: inherit;\"><span style=\"vertical-align: inherit;\">Seleccione la fecha para el Tour:\u00a0<\/span><\/span><\/strong><\/p>\n<p>&nbsp;<\/p>\n<div class=\"vc_row wpb_row vc_row-fluid\" ><div class=\"wpb_column vc_column_container vc_col-sm-12\"><div class=\"vc_column-inner\"><div class=\"wpb_wrapper\"><div class=\"mkdf-section-title-holder\" style=\"text-align: left\">\n\t<div class=\"mkdf-st-inner\">\n\t\t\t\t\t<h5 class=\"mkdf-st-subtitle\" >\n\t\t\t\t\u05ea\u05d7\u05d1\u05d5\u05e8\u05d4 \u05d5\u05d0\u05e8\u05d5\u05d7\u05ea \u05e6\u05d4\u05e8\u05d9\u05d9\u05dd \u05db\u05dc\u05d5\u05dc\u05d9\u05dd\t\t\t<\/h5>\n\t\t\t\t\t\t\t<h3 class=\"mkdf-st-title\" >\n\t\t\t\t\u05e1\u05d9\u05d5\u05e8 \u05d1\u05e4\u05d0\u05e8\u05e7 \u05d4\u05dc\u05d0\u05d5\u05de\u05d9 Los Haitises \u05de-Las Terrenas de Samana. \u05d8\u05d9\u05d5\u05dc \u05d7\u05e6\u05d9 \u05d9\u05d5\u05dd.\t\t\t<\/h3>\n\t\t\t\t\t<\/div>\n<\/div><\/div><\/div><\/div><\/div><div class=\"vc_row wpb_row vc_row-fluid\" ><div class=\"wpb_column vc_column_container vc_col-sm-12\"><div class=\"vc_column-inner\"><div class=\"wpb_wrapper\"><div class=\"vc_btn3-container vc_btn3-inline\" ><button class=\"vc_general vc_btn3 vc_btn3-size-md vc_btn3-shape-rounded vc_btn3-style-modern vc_btn3-color-green\">\u05dc\u05d4\u05d6\u05de\u05d9\u05df \u05e2\u05db\u05e9\u05d9\u05d5<\/button><\/div>\n\t<div class=\"wpb_text_column wpb_content_element\" >\n\t\t<div class=\"wpb_wrapper\">\n\t\t\t<p>\n\u05e0<\/p>\n<h3><\/h3>\n<p>\u05e0<\/p>\n<h4><b><i>\u05e1\u05e7\u05d9\u05e8\u05d4 \u05db\u05dc\u05dc\u05d9\u05ea <\/i><\/b><\/h4>\n<p>\u05e1\u05d9\u05d5\u05e8 \u05d1\u05e4\u05d0\u05e8\u05e7 \u05d4\u05dc\u05d0\u05d5\u05de\u05d9 Los Haitises \u05de-Las Terrenas de Samana. \u05d8\u05d9\u05d5\u05dc \u05d7\u05e6\u05d9 \u05d9\u05d5\u05dd. \u05d4\u05d7\u05dc \u05de\u05d4\u05de\u05dc\u05d5\u05df \u05e9\u05dc\u05da \u05d1\u05dc\u05d0\u05e1 \u05d8\u05e8\u05e0\u05e1 \u05d1\u05e1\u05de\u05d0\u05e0\u05d4. \u05e0\u05d9\u05e1\u05e2 \u05dc\u05e7\u05d4\u05d9\u05dc\u05ea \u05e1\u05d0\u05e0\u05e6&#039;\u05d6 \u05e9\u05dd \u05ea\u05d5\u05e2\u05d1\u05e8 \u05d4\u05e1\u05d9\u05e8\u05d4 \u05e2\u05dc \u05e4\u05e0\u05d9 \u05de\u05e4\u05e8\u05e5 \u05e1\u05d0\u05de\u05d0\u05e0\u05d4. \u05d1\u05d9\u05e7\u05d5\u05e8 \u05d1\u05e8\u05d9\u05d5 \u05e0\u05d0\u05e8\u05e0\u05d2&#039;\u05d5, \u05e2\u05d5\u05d1\u05e8 \u05dc\u05d9\u05d3 \u05e7\u05d4\u05d9\u05dc\u05ea \u05d4\u05d3\u05d9\u05d9\u05d2\u05d9\u05dd \u05d0\u05dc \u05d4\u05e4\u05d0\u05e8\u05e7 \u05d4\u05dc\u05d0\u05d5\u05de\u05d9 \u05dc\u05d5\u05e1 \u05d4\u05d0\u05d9\u05d8\u05d9\u05e1\u05e1, 3 \u05de\u05e2\u05e8\u05d5\u05ea, \u05de\u05e2\u05e8\u05ea \u05d1\u05d5\u05e7\u05d4 \u05d8\u05d9\u05d1\u05d5\u05e8\u05d5\u05df, \u05d4\u05d0\u05d9 \u05e6\u05d9\u05e4\u05d5\u05e8\u05d9\u05dd \u05e7\u05d9 \u05e4\u05dc\u05d5\u05e1 \u05de\u05e0\u05d2\u05e8\u05d5\u05d1\u05d9\u05dd \u05d1\u05de\u05e4\u05e8\u05e5 \u05e1\u05d0\u05de\u05d0\u05e0\u05d4.<br \/>\n\u05e0<br \/>\nn\u05d0\u05d7\u05e8\u05d9 \u05d4\u05d7\u05d5\u05d5\u05d9\u05d4 \u05d4\u05d6\u05d5, \u05ea\u05d7\u05d6\u05e8\u05d5 \u05dc\u05e7\u05d4\u05d9\u05dc\u05ea \u05dc\u05d0\u05e1 \u05d8\u05e8\u05e0\u05e1 \u05de\u05d4\u05de\u05e7\u05d5\u05dd \u05e9\u05d1\u05d5 \u05d0\u05e0\u05d7\u05e0\u05d5 \u05d0\u05d5\u05e1\u05e4\u05d9\u05dd \u05d0\u05ea\u05db\u05dd.<br \/>\n\u05e0<\/p>\n<ul>\n\u05e0 \t<\/p>\n<li style=\"font-weight: 400;\">\u05e2\u05de\u05dc\u05d5\u05ea \u05db\u05dc\u05d5\u05dc\u05d5\u05ea<\/li>\n<p>\u05e0 \t<\/p>\n<li>\u05d0\u05e8\u05d5\u05d7\u05ea \u05e6\u05d4\u05e8\u05d9\u05d9\u05dd<\/li>\n<p>\u05e0 \t<\/p>\n<li>\u05d7\u05b2\u05d8\u05b4\u05d9\u05e4\u05b4\u05d9\u05dd<\/li>\n<p>\u05e0 \t<\/p>\n<li style=\"font-weight: 400;\">\u05de\u05d3\u05e8\u05d9\u05da \u05d8\u05d9\u05d5\u05dc\u05d9\u05dd \u05de\u05e7\u05d5\u05de\u05d9 \u05d1\u05d0\u05e0\u05d2\u05dc\u05d9\u05ea \u05d0\u05d5 \u05e6\u05e8\u05e4\u05ea\u05d9\u05ea<\/li>\n<p>\u05e0 \t<\/p>\n<li>\u05d4\u05d5\u05b9\u05d1\u05b8\u05dc\u05b8\u05d4<\/li>\n<p>\u05e0 \t<\/p>\n<li>\u05e9\u05d9\u05d8 \u05d1\u05e1\u05d9\u05e8\u05d4<\/li>\n<p>\u05e0<\/ul>\n<p>\u05e0&\u05e0bsp;<br \/>\n\u05e0<\/p>\n<h4><b>\u05d4\u05db\u05dc\u05dc\u05d5\u05ea \u05d5\u05d0\u05d9 \u05d4\u05db\u05dc\u05dc\u05d5\u05ea<\/b><\/h4>\n<p>\u05e0&\u05e0bsp;<br \/>\n\u05e0<br \/>\n\u05e0<b>\u05ea\u05db\u05dc\u05d9\u05dc\u05d9\u05dd<\/b><br \/>\n\u05e0<\/p>\n<ol>\n\u05e0 \t<\/p>\n<li style=\"font-weight: 400;\">\u05e1\u05d9\u05d5\u05e8 Los Haitises + \u05de\u05e2\u05e8\u05d5\u05ea \u05d5\u05e4\u05d9\u05e7\u05d8\u05d5\u05d2\u05e8\u05e4\u05d9\u05dd<\/li>\n<p>\u05e0 \t<\/p>\n<li>\u05d0\u05e8\u05d5\u05d7\u05ea \u05e6\u05d4\u05e8\u05d9\u05d9\u05dd<\/li>\n<p>\u05e0 \t<\/p>\n<li style=\"font-weight: 400;\"><span style=\"font-weight: 400;\">\u05db\u05dc \u05d4\u05de\u05e1\u05d9\u05dd, \u05d4\u05e2\u05de\u05dc\u05d5\u05ea \u05d5\u05d3\u05de\u05d9 \u05d4\u05d8\u05d9\u05e4\u05d5\u05dc<\/span><\/li>\n<p>\u05e0 \t<\/p>\n<li style=\"font-weight: 400;\"><span style=\"font-weight: 400;\">\u05de\u05d9\u05e1\u05d9\u05dd \u05de\u05e7\u05d5\u05de\u05d9\u05d9\u05dd<\/span><\/li>\n<p>\u05e0 \t<\/p>\n<li style=\"font-weight: 400;\"><span style=\"font-weight: 400;\">\u05de\u05b7\u05e9\u05c1\u05e7\u05b8\u05d0\u05d5\u05b9\u05ea<\/span><\/li>\n<p>\u05e0 \t<\/p>\n<li>\u05d7\u05b2\u05d8\u05b4\u05d9\u05e4\u05b4\u05d9\u05dd<\/li>\n<p>\u05e0 \t<\/p>\n<li style=\"font-weight: 400;\"><span style=\"font-weight: 400;\">\u05db\u05dc \u05d4\u05e4\u05e2\u05d9\u05dc\u05d5\u05d9\u05d5\u05ea<\/span><\/li>\n<p>\u05e0 \t<\/p>\n<li style=\"font-weight: 400;\"><span style=\"font-weight: 400;\">\u05de\u05d3\u05e8\u05d9\u05da \u05de\u05e7\u05d5\u05de\u05d9<\/span><\/li>\n<p>\u05e0<\/ol>\n<p>\u05e0<b> \u05d0\u05d9 \u05d4\u05db\u05dc\u05dc\u05d5\u05ea<\/b><br \/>\n\u05e0<\/p>\n<ol>\n\u05e0 \t<\/p>\n<li style=\"font-weight: 400;\"><span style=\"font-weight: 400;\">\u05ea\u05d5\u05d3\u05d5\u05ea<\/span><\/li>\n<p>\u05e0 \t<\/p>\n<li style=\"font-weight: 400;\"><span style=\"font-weight: 400;\">\u05de\u05e9\u05e7\u05d0\u05d5\u05ea \u05d0\u05dc\u05db\u05d5\u05d4\u05d5\u05dc\u05d9\u05d9\u05dd<\/span><\/li>\n<p>\u05e0<\/ol>\n<p>\u05e0&\u05e0bsp;<br \/>\n\u05e0<\/p>\n<h4><em><strong>\u05d9\u05e6\u05d9\u05d0\u05d4 \u05d5\u05d7\u05d6\u05e8\u05d4<\/strong><\/em><\/h4>\n<p>\u05e0<span style=\"font-weight: 400;\">\u05d4\u05e0\u05d5\u05e1\u05e2 \u05d9\u05e7\u05d1\u05dc \u05e0\u05e7\u05d5\u05d3\u05ea \u05de\u05e4\u05d2\u05e9 \u05dc\u05d0\u05d7\u05e8 \u05ea\u05d4\u05dc\u05d9\u05da \u05d4\u05d4\u05d6\u05de\u05e0\u05d4. \u05d4\u05e1\u05d9\u05d5\u05e8\u05d9\u05dd \u05de\u05ea\u05d7\u05d9\u05dc\u05d9\u05dd \u05d5\u05de\u05e1\u05ea\u05d9\u05d9\u05de\u05d9\u05dd \u05d1\u05e0\u05e7\u05d5\u05d3\u05d5\u05ea \u05d4\u05de\u05e4\u05d2\u05e9 \u05e9\u05dc\u05e0\u05d5.<\/span><br \/>\n\u05e0<br \/>\n\u05e0&\u05e0bsp;<br \/>\n\u05e0<\/p>\n<h4><\/h4>\n<p>\u05e0<\/p>\n<h4><\/h4>\n<p>\u05e0<\/p>\n<h3>\u05d4\u05e4\u05d0\u05e8\u05e7 \u05d4\u05dc\u05d0\u05d5\u05de\u05d9 Los Haitises \u05de-Las Terrenas<\/h3>\n<p>\u05e0<\/p>\n<h4><b><i>\u05dc\u05de\u05d4 \u05dc\u05e6\u05e4\u05d5\u05ea?<\/i><\/b><\/h4>\n<p>\u05e0<em><strong>\u05e7\u05d1\u05dc \u05d0\u05ea \u05d4\u05db\u05e8\u05d8\u05d9\u05e1\u05d9\u05dd \u05e9\u05dc\u05da<\/strong><\/em> \u05dc\u05d1\u05d9\u05e7\u05d5\u05e8 \u05d1\u05e1\u05d9\u05d5\u05e8 \u05d1\u05e4\u05d0\u05e8\u05e7 \u05d4\u05dc\u05d0\u05d5\u05de\u05d9 Los Haitises \u05de-Las Terrenas de Samana. \u05d8\u05d9\u05d5\u05dc \u05d7\u05e6\u05d9 \u05d9\u05d5\u05dd. \u05d4\u05d7\u05dc \u05de-Las Terrenas, Saman\u00e1 \u05e2\u05dd \u05ea\u05d7\u05d1\u05d5\u05e8\u05d4 \u05dc\u05e0\u05de\u05dc \u05e2\u05dc \u05e1\u05d9\u05e4\u05d5\u05df \u05e1\u05d9\u05e8\u05d4 \u05e2\u05dd \u05de\u05d3\u05e8\u05d9\u05da \u05d8\u05d9\u05d5\u05dc\u05d9\u05dd \u05de\u05e7\u05d5\u05de\u05d9, \u05d0\u05e0\u05d5 \u05d7\u05d5\u05dc\u05e4\u05d9\u05dd \u05e2\u05dc \u05e4\u05e0\u05d9 \u05de\u05e4\u05e8\u05e5 Saman\u00e1 \u05d0\u05dc Los Haitises, \u05d1\u05e6\u05d3 \u05e9\u05dc Sabana de la Mar \u05dc\u05d1\u05d9\u05e7\u05d5\u05e8 \u05d1\u05d0\u05d7\u05d3 \u05d4\u05e4\u05d0\u05e8\u05e7\u05d9\u05dd \u05d4\u05dc\u05d0\u05d5\u05de\u05d9\u05d9\u05dd \u05d4\u05d9\u05e4\u05d9\u05dd \u05d1\u05d9\u05d5\u05ea\u05e8 \u05e9\u05dc \u05d4\u05e8\u05e4\u05d5\u05d1\u05dc\u05d9\u05e7\u05d4 \u05d4\u05d3\u05d5\u05de\u05d9\u05e0\u05d9\u05e7\u05e0\u05d9\u05ea. <strong>\u05dc\u05d5\u05e1<em>\u00a0\u05d4\u05e4\u05d0\u05e8\u05e7 \u05d4\u05dc\u05d0\u05d5\u05de\u05d9 \u05d4\u05d0\u05d9\u05d8\u05d9\u05d6<\/em>.<\/strong><br \/>\n\u05e0<br \/>\n\u05d4\u05e1\u05d9\u05d5\u05e8, \u05de\u05d0\u05d5\u05e8\u05d2\u05df \u05e2\u05dc \u05d9\u05d3\u05d9 &quot;Booking Adventures&quot; \u05de\u05ea\u05d7\u05d9\u05dc \u05d1\u05e0\u05e7\u05d5\u05d3\u05ea \u05d4\u05de\u05e4\u05d2\u05e9 \u05e9\u05e0\u05e7\u05d1\u05e2\u05d4 \u05e2\u05dd \u05de\u05d3\u05e8\u05d9\u05da \u05d4\u05d8\u05d9\u05d5\u05dc\u05d9\u05dd. \u05d1\u05d5\u05d0\u05d5 \u05e2\u05dd Booking Adventures \u05d5\u05d4\u05ea\u05d7\u05d9\u05dc\u05d5 \u05dc\u05d1\u05d3\u05d5\u05e7 \u05db\u05de\u05d4 \u05de\u05e0\u05d2\u05e8\u05d5\u05d1\u05d9\u05dd \u05de\u05dc\u05d0\u05d9 \u05e6\u05d9\u05e4\u05d5\u05e8\u05d9\u05dd, \u05d2\u05d1\u05e2\u05d5\u05ea \u05de\u05ea\u05d2\u05dc\u05d2\u05dc\u05d5\u05ea \u05e9\u05dc \u05e6\u05de\u05d7\u05d9\u05d9\u05d4 \u05e2\u05d1\u05d5\u05ea\u05d4 \u05d5\u05de\u05e2\u05e8\u05d5\u05ea \u05e9\u05dc <em><strong>\u05d4\u05e4\u05d0\u05e8\u05e7 \u05d4\u05dc\u05d0\u05d5\u05de\u05d9 \u05dc\u05d5\u05e1 \u05d4\u05d0\u05d9\u05d8\u05d9\u05e1\u05e1<\/strong><\/em>. \u05d1\u05d9\u05e7\u05d5\u05e8 \u05d1\u05d0\u05d9 \u05e2\u05dd \u05e6\u05d9\u05e4\u05d5\u05e8\u05d9\u05dd \u05de\u05e1\u05d1\u05d9\u05d1. \u05d1\u05e2\u05d5\u05e0\u05ea \u05d4\u05e7\u05d9\u05e0\u05d5\u05df, \u05e0\u05d5\u05db\u05dc \u05d0\u05e4\u05d9\u05dc\u05d5 \u05dc\u05e8\u05d0\u05d5\u05ea \u05d0\u05ea \u05d0\u05e4\u05e8\u05d5\u05d7\u05d9 \u05d4\u05e4\u05dc\u05e7\u05d0\u05e0\u05d5\u05e1 \u05e2\u05dc \u05d4\u05e7\u05d9\u05e0\u05d9\u05dd. \u05dc\u05d4\u05d2\u05d9\u05e2 \u05d9\u05d5\u05ea\u05e8 \u05dc\u05ea\u05d5\u05da \u05d0\u05d9\u05d9 \u05d4\u05e8\u05d5\u05e7\u05d9 \u05d5\u05dc\u05d1\u05e7\u05e8 \u05d1\u05de\u05e2\u05e8\u05d5\u05ea \u05e2\u05dd \u05e4\u05d9\u05e7\u05d8\u05d5\u05d2\u05e8\u05e4\u05d9\u05dd \u05d5\u05e4\u05d8\u05e8\u05d5\u05d2\u05e8\u05e4\u05d9\u05dd \u05de\u05d4\u05d0\u05e0\u05e9\u05d9\u05dd \u05d4\u05d9\u05dc\u05d9\u05d3\u05d9\u05dd.<br \/>\n\u05e0<br \/>\nn\u05d3\u05e8\u05da \u05d4\u05de\u05e0\u05d2\u05e8\u05d5\u05d1\u05d9\u05dd \u05d5\u05d4\u05d0\u05d3\u05de\u05d4 \u05d1\u05de\u05e4\u05e8\u05e5 \u05e1\u05df \u05dc\u05d5\u05e8\u05e0\u05e6\u05d5 \u05d4\u05e4\u05ea\u05d5\u05d7, \u05e1\u05d1\u05e0\u05d4 \u05d3\u05d4 \u05dc\u05d4 \u05de\u05d0\u05e8, \u05de\u05e9\u05dd \u05ea\u05d5\u05db\u05dc\u05d5 \u05dc\u05e6\u05dc\u05dd \u05d0\u05ea \u05e0\u05d5\u05e3 \u05d4\u05d9\u05e2\u05e8 \u05d4\u05de\u05e4\u05d5\u05e8\u05e5. \u05d4\u05e1\u05ea\u05db\u05dc \u05dc\u05de\u05d9\u05dd \u05db\u05d3\u05d9 \u05dc\u05d6\u05d4\u05d5\u05ea <em><strong>\u05e4\u05e8\u05d7\u05d9\u05dd<\/strong><\/em>, \u05e1\u05e8\u05d8\u05e0\u05d9\u05dd \u05d5 <em><strong>\u05d3\u05d5\u05dc\u05e4\u05d9\u05e0\u05d9\u05dd.<\/strong><\/em><br \/>\n\u05e0<\/p>\n<div class=\"body-description secondary\">\n\u05e0<br \/>\nn\u05e9\u05de\u05d5 \u05e9\u05dc \u05d4\u05e4\u05d0\u05e8\u05e7 \u05d4\u05dc\u05d0\u05d5\u05de\u05d9 \u05de\u05d2\u05d9\u05e2 \u05de\u05ea\u05d5\u05e9\u05d1\u05d9\u05d5 \u05d4\u05de\u05e7\u05d5\u05e8\u05d9\u05d9\u05dd, \u05d4\u05d0\u05d9\u05e0\u05d3\u05d9\u05d0\u05e0\u05d9\u05dd \u05d4\u05d8\u05d0\u05d9\u05e0\u05d5. \u05d1\u05e9\u05e4\u05ea\u05dd &quot;Haitises&quot; \u05de\u05ea\u05d5\u05e8\u05d2\u05dd \u05dc\u05e8\u05de\u05d5\u05ea \u05d2\u05d1\u05d5\u05d4\u05d5\u05ea \u05d0\u05d5 \u05d2\u05d1\u05e2\u05d5\u05ea, \u05d4\u05ea\u05d9\u05d9\u05d7\u05e1\u05d5\u05ea \u05dc\u05ea\u05e6\u05d5\u05e8\u05d5\u05ea \u05d4\u05d2\u05d9\u05d0\u05d5\u05dc\u05d5\u05d2\u05d9\u05d5\u05ea \u05d4\u05ea\u05dc\u05d5\u05dc\u05d5\u05ea \u05e9\u05dc \u05e7\u05d5 \u05d4\u05d7\u05d5\u05e3 \u05e2\u05dd \u05d0\u05d1\u05e0\u05d9 \u05d2\u05d9\u05e8. \u05d4\u05e8\u05e4\u05ea\u05e7\u05d0\u05d5\u05ea \u05e2\u05de\u05d5\u05e7 \u05d9\u05d5\u05ea\u05e8 \u05dc\u05ea\u05d5\u05da \u05d4\u05e4\u05d0\u05e8\u05e7 \u05db\u05d3\u05d9 \u05dc\u05d7\u05e7\u05d5\u05e8 \u05de\u05e2\u05e8\u05d5\u05ea \u05db\u05d2\u05d5\u05df <em><strong>\u05e7\u05d5\u05d0\u05d1\u05d4 \u05d3\u05d4 \u05dc\u05d4 \u05d0\u05e8\u05e0\u05d4, <\/strong><\/em>\u05d5 <strong><em>Cueva de la L\u00ednea.<\/em><\/strong><br \/>\n\u05e0<br \/>\nn\u05de\u05e2\u05e8\u05d5\u05ea \u05d0\u05dc\u05d5 \u05d1\u05e9\u05de\u05d5\u05e8\u05d4 \u05e9\u05d9\u05de\u05e9\u05d5 \u05db\u05de\u05e7\u05dc\u05d8 \u05e2\u05dc \u05d9\u05d3\u05d9 \u05d4\u05d0\u05d9\u05e0\u05d3\u05d9\u05d0\u05e0\u05d9\u05dd \u05d8\u05d0\u05d9\u05e0\u05d5 \u05d5\u05de\u05d0\u05d5\u05d7\u05e8 \u05d9\u05d5\u05ea\u05e8 \u05e2\u05dc \u05d9\u05d3\u05d9 \u05de\u05e1\u05ea\u05d5\u05e8 \u05e4\u05d9\u05e8\u05d0\u05d8\u05d9\u05dd. \u05d7\u05e4\u05e9\u05d5 \u05e6\u05d9\u05d5\u05e8\u05d9\u05dd \u05e9\u05dc \u05d0\u05d9\u05e0\u05d3\u05d9\u05d0\u05e0\u05d9\u05dd \u05e9\u05de\u05e7\u05e9\u05d8\u05d9\u05dd \u05d7\u05dc\u05e7 \u05de\u05d4\u05e7\u05d9\u05e8\u05d5\u05ea. \u05dc\u05d0\u05d7\u05e8 \u05d1\u05d9\u05e7\u05d5\u05e8 \u05d1\u05e4\u05d0\u05e8\u05e7 \u05d4\u05dc\u05d0\u05d5\u05de\u05d9 Los Haitises \u05e0\u05d7\u05d6\u05d5\u05e8 \u05dc\u05e1\u05d0\u05e0\u05e6&#039;\u05d6, \u05e1\u05de\u05e0\u05d4.<br \/>\n\u05e0<br \/>\nn\u05de\u05e2\u05d1\u05e8 \u05dc\u05de\u05e4\u05e8\u05e5 \u05e1\u05d0\u05de\u05d0\u05e0\u05d4 30 \u05d3\u05e7\u05d5\u05ea. \u05e0\u05d0\u05db\u05dc \u05d0\u05e8\u05d5\u05d7\u05ea \u05e6\u05d4\u05e8\u05d9\u05d9\u05dd \u05d8\u05d9\u05e4\u05d5\u05e1\u05d9\u05ea, \u05d0\u05dd \u05d0\u05ea\u05d4 \u05d8\u05d1\u05e2\u05d5\u05e0\u05d9 \u05d0\u05dc \u05d3\u05d0\u05d2\u05d4 \u05d9\u05e9 \u05dc\u05e0\u05d5 \u05d2\u05dd \u05d0\u05d5\u05db\u05dc \u05d1\u05e9\u05d1\u05d9\u05dc\u05da!<br \/>\n\u05e0<br \/>\nn\u05d0\u05d7\u05e8\u05d9 \u05d0\u05e8\u05d5\u05d7\u05ea \u05e6\u05d4\u05e8\u05d9\u05d9\u05dd, \u05d0\u05e0\u05d7\u05e0\u05d5 \u05d7\u05d5\u05d6\u05e8\u05d9\u05dd \u05dc\u05dc\u05d0\u05e1 \u05d8\u05e8\u05e0\u05e1!!<br \/>\n\u05e0<br \/>\n\u05e0<\/div>\n<p>n\u05d1\u05de\u05e7\u05e8\u05d4 \u05e9\u05ea\u05d0\u05d4\u05d1 \u05d0\u05ea \u05d4\u05d8\u05d9\u05d5\u05dc \u05d4\u05d6\u05d4 \u05d0\u05e8\u05d5\u05da \u05d9\u05d5\u05ea\u05e8 \u05d0\u05d5 \u05e7\u05e6\u05e8 \u05d9\u05d5\u05ea\u05e8, \u05d9\u05e9 \u05dc\u05e0\u05d5 \u05d0\u05ea \u05d4\u05d0\u05e4\u05e9\u05e8\u05d5\u05d9\u05d5\u05ea \u05d4\u05d1\u05d0\u05d5\u05ea:<br \/>\n\u05e0<\/p>\n<ol>\n\u05e0 \t<\/p>\n<li><a href=\"https:\/\/www.boattoursamana.com\/he\/%d7%a1%d7%99%d7%95%d7%a8\/the-haitises-national-park-tour-from-samana-port\/\">\u05e8\u05e7 Los Haitises \u05de\u05e0\u05de\u05dc \u05e1\u05de\u05e0\u05d4.<\/a><\/li>\n<p>\u05e0 \t<\/p>\n<li><a href=\"https:\/\/www.boattoursamana.com\/he\/%d7%a1%d7%99%d7%95%d7%a8\/%d7%9c%d7%95%d7%a1-haitises-%d7%91%d7%a4%d7%90%d7%a8%d7%a7-%d7%94%d7%9c%d7%90%d7%95%d7%9e%d7%99-%d7%90%d7%a8%d7%95%d7%97%d7%aa-%d7%a6%d7%94%d7%a8%d7%99%d7%99%d7%9d-%d7%91%d7%a7%d7%a0%d7%95-%d7%94\/\">Los Haitises + Ca\u00f1o Hondo \u05de\u05e0\u05de\u05dc Samana.<\/a><\/li>\n<p>\u05e0<\/ol>\n<p>\u05e0&\u05e0bsp;<br \/>\n\u05e0<\/p>\n<h4><em><strong>\u05de\u05d4 \u05db\u05d3\u05d0\u05d9 \u05dc\u05d4\u05d1\u05d9\u05d0?<\/strong><\/em><\/h4>\n<p>\u05e0<\/p>\n<ul>\n\u05e0 \t<\/p>\n<li style=\"font-weight: 400;\"><span style=\"font-weight: 400;\">\u05de\u05b7\u05e6\u05dc\u05b5\u05de\u05b8\u05d4<\/span><\/li>\n<p>\u05e0 \t<\/p>\n<li style=\"font-weight: 400;\"><span style=\"font-weight: 400;\">\u05e0\u05d9\u05e6\u05e0\u05d9\u05dd \u05d3\u05d5\u05d7\u05d9\u05dd<\/span><\/li>\n<p>\u05e0 \t<\/p>\n<li style=\"font-weight: 400;\"><span style=\"font-weight: 400;\">\u05e7\u05e8\u05dd \u05d4\u05d2\u05e0\u05d4<\/span><\/li>\n<p>\u05e0 \t<\/p>\n<li style=\"font-weight: 400;\"><span style=\"font-weight: 400;\">\u05db\u05bc\u05d5\u05b9\u05d1\u05b7\u05e2<\/span><\/li>\n<p>\u05e0 \t<\/p>\n<li style=\"font-weight: 400;\"><span style=\"font-weight: 400;\">\u05de\u05db\u05e0\u05e1\u05d9\u05d9\u05dd \u05e0\u05d5\u05d7\u05d9\u05dd<\/span><\/li>\n<p>\u05e0 \t<\/p>\n<li style=\"font-weight: 400;\"><span style=\"font-weight: 400;\">\u05e0\u05e2\u05dc\u05d9 \u05d4\u05dc\u05d9\u05db\u05d4 \u05dc\u05d9\u05e2\u05e8<\/span><\/li>\n<p>\u05e0 \t<\/p>\n<li style=\"font-weight: 400;\"><span style=\"font-weight: 400;\">\u05e1\u05e0\u05d3\u05dc\u05d9\u05dd \u05dc\u05d0\u05d6\u05d5\u05e8\u05d9 \u05d4\u05d0\u05d1\u05d9\u05d1.<\/span><\/li>\n<p>\u05e0 \t<\/p>\n<li style=\"font-weight: 400;\"><span style=\"font-weight: 400;\">\u05d1\u05d2\u05d3\u05d9 \u05e9\u05d7\u05d9\u05d9\u05d4<\/span><\/li>\n<p>\u05e0<\/ul>\n<p>\u05e0&\u05e0bsp;<br \/>\n\u05e0<\/p>\n<h4><b><i>\u05d0\u05d9\u05e1\u05d5\u05e3 \u05d1\u05de\u05dc\u05d5\u05df <\/i><\/b><\/h4>\n<p>\u05e0<span style=\"font-weight: 400;\">\u05dc\u05d0 \u05de\u05d5\u05e6\u05e2 \u05d0\u05d9\u05e1\u05d5\u05e3 \u05de\u05d4\u05de\u05dc\u05d5\u05df \u05e2\u05d1\u05d5\u05e8 \u05e1\u05d9\u05d5\u05e8 \u05d6\u05d4. <\/span><br \/>\n\u05e0<br \/>\n\u05e0&\u05e0bsp;<br \/>\n\u05e0<br \/>\n\u05e0<b>\u05d4\u05e2\u05e8\u05d4:<\/b><span style=\"font-weight: 400;\"> \u05d0\u05dd \u05d0\u05ea\u05dd \u05de\u05d6\u05de\u05d9\u05e0\u05d9\u05dd \u05d1\u05ea\u05d5\u05da 24 \u05e9\u05e2\u05d5\u05ea \u05de\u05de\u05d5\u05e2\u05d3 \u05d4\u05d9\u05e6\u05d9\u05d0\u05d4 \u05e9\u05dc \u05d4\u05e1\u05d9\u05d5\u05e8\/\u05d4\u05d8\u05d9\u05d5\u05dc, \u05e0\u05d5\u05db\u05dc \u05dc\u05d0\u05e8\u05d2\u05df \u05d0\u05d9\u05e1\u05d5\u05e3 \u05de\u05d4\u05de\u05dc\u05d5\u05df \u05d1\u05e2\u05dc\u05d5\u05ea \u05e0\u05d5\u05e1\u05e4\u05ea. \u05dc\u05d0\u05d7\u05e8 \u05d4\u05e9\u05dc\u05de\u05ea \u05d4\u05e8\u05db\u05d9\u05e9\u05d4, \u05d0\u05e0\u05d5 \u05e0\u05e9\u05dc\u05d7 \u05d0\u05dc\u05d9\u05da \u05d0\u05ea \u05e4\u05e8\u05d8\u05d9 \u05d4\u05e7\u05e9\u05e8 \u05d4\u05de\u05dc\u05d0\u05d9\u05dd (\u05de\u05e1\u05e4\u05e8 \u05d8\u05dc\u05e4\u05d5\u05df, \u05db\u05ea\u05d5\u05d1\u05ea \u05d3\u05d5\u05d0&quot;\u05dc \u05d5\u05db\u05d5&#039;) \u05db\u05d3\u05d9 \u05e9\u05de\u05d3\u05e8\u05d9\u05da \u05d4\u05d8\u05d9\u05d5\u05dc\u05d9\u05dd \u05d4\u05de\u05e7\u05d5\u05de\u05d9 \u05e9\u05dc\u05e0\u05d5 \u05d9\u05d5\u05db\u05dc \u05dc\u05d0\u05e8\u05d2\u05df \u05e1\u05d9\u05d3\u05d5\u05e8\u05d9 \u05d0\u05d9\u05e1\u05d5\u05e3.<\/span><br \/>\n\u05e0<\/p>\n<h4><b><i>\u05d0\u05d9\u05e9\u05d5\u05e8 \u05de\u05d9\u05d3\u05e2 \u05e0\u05d5\u05e1\u05e3 <\/i><\/b><\/h4>\n<p>\u05e0<\/p>\n<ol>\n\u05e0 \t<\/p>\n<li>\u05db\u05e8\u05d8\u05d9\u05e1\u05d9\u05dd \u05d4\u05dd \u05d4\u05e7\u05d1\u05dc\u05d4 \u05dc\u05d0\u05d7\u05e8 \u05ea\u05e9\u05dc\u05d5\u05dd \u05e1\u05d9\u05d5\u05e8 \u05d6\u05d4. \u05d0\u05ea\u05d4 \u05d9\u05db\u05d5\u05dc \u05dc\u05d4\u05e6\u05d9\u05d2 \u05d0\u05ea \u05d4\u05ea\u05e9\u05dc\u05d5\u05dd \u05d1\u05d8\u05dc\u05e4\u05d5\u05df \u05e9\u05dc\u05da.<\/li>\n<p>\u05e0 \t<\/p>\n<li style=\"font-weight: 400;\"><span style=\"font-weight: 400;\">\u05e0\u05e7\u05d5\u05d3\u05ea \u05de\u05e4\u05d2\u05e9 \u05ea\u05ea\u05e7\u05d1\u05dc \u05dc\u05d0\u05d7\u05e8 \u05ea\u05d4\u05dc\u05d9\u05da \u05d4\u05d4\u05d6\u05de\u05e0\u05d4.<\/span><\/li>\n<p>\u05e0 \t<\/p>\n<li style=\"font-weight: 400;\"><span style=\"font-weight: 400;\">\u05d9\u05dc\u05d3\u05d9\u05dd \u05d7\u05d9\u05d9\u05d1\u05d9\u05dd \u05d1\u05dc\u05d9\u05d5\u05d5\u05d9 \u05de\u05d1\u05d5\u05d2\u05e8.<\/span><\/li>\n<p>\u05e0 \t<\/p>\n<li style=\"font-weight: 400;\"><span style=\"font-weight: 400;\"> \u05dc\u05d0 \u05e0\u05d2\u05d9\u05e9 \u05dc\u05db\u05d9\u05e1\u05d0 \u05d2\u05dc\u05d2\u05dc\u05d9\u05dd <\/span><\/li>\n<p>\u05e0 \t<\/p>\n<li style=\"font-weight: 400;\"><span style=\"font-weight: 400;\">\u05ea\u05d9\u05e0\u05d5\u05e7\u05d5\u05ea \u05d7\u05d9\u05d9\u05d1\u05d9\u05dd \u05dc\u05e9\u05d1\u05ea \u05e2\u05dc \u05d1\u05e8\u05db\u05d9\u05d9\u05dd <\/span><\/li>\n<p>\u05e0 \t<\/p>\n<li style=\"font-weight: 400;\"><span style=\"font-weight: 400;\">\u05dc\u05d0 \u05de\u05d5\u05de\u05dc\u05e5 \u05dc\u05de\u05d8\u05d9\u05d9\u05dc\u05d9\u05dd \u05e2\u05dd \u05d1\u05e2\u05d9\u05d5\u05ea \u05d2\u05d1<\/span><\/li>\n<p>\u05e0 \t<\/p>\n<li style=\"font-weight: 400;\"><span style=\"font-weight: 400;\">\u05dc\u05d0 \u05de\u05d5\u05de\u05dc\u05e5 \u05dc\u05e0\u05d5\u05e1\u05e2\u05d9\u05dd \u05d1\u05d4\u05e8\u05d9\u05d5\u05df <\/span><\/li>\n<p>\u05e0 \t<\/p>\n<li style=\"font-weight: 400;\"><span style=\"font-weight: 400;\"> \u05dc\u05dc\u05d0 \u05d1\u05e2\u05d9\u05d5\u05ea \u05dc\u05d1 \u05d0\u05d5 \u05de\u05e6\u05d1\u05d9\u05dd \u05e8\u05e4\u05d5\u05d0\u05d9\u05d9\u05dd \u05d7\u05de\u05d5\u05e8\u05d9\u05dd \u05d0\u05d7\u05e8\u05d9\u05dd <\/span><\/li>\n<p>\u05e0 \t<\/p>\n<li style=\"font-weight: 400;\"><span style=\"font-weight: 400;\">\u05e8\u05d5\u05d1 \u05d4\u05de\u05d8\u05d9\u05d9\u05dc\u05d9\u05dd \u05d9\u05db\u05d5\u05dc\u05d9\u05dd \u05dc\u05d4\u05e9\u05ea\u05ea\u05e3<\/span><\/li>\n<p>\u05e0<\/ol>\n<p>\u05e0<\/p>\n<h4><b><i>\u05de\u05d3\u05d9\u05e0\u05d9\u05d5\u05ea \u05d1\u05d9\u05d8\u05d5\u05dc<\/i><\/b><\/h4>\n<p>n\u05e2\u05d1\u05d5\u05e8 \u05d4\u05d7\u05d6\u05e8 \u05de\u05dc\u05d0, \u05d0\u05e0\u05d0 \u05e7\u05e8\u05d0 \u05d0\u05ea \u05de\u05d3\u05d9\u05e0\u05d9\u05d5\u05ea \u05d4\u05d1\u05d9\u05d8\u05d5\u05dc\u05d9\u05dd \u05e9\u05dc\u05e0\u05d5\u00a0<a href=\"https:\/\/www.boattoursamana.com\/he\/%d7%94%d7%96%d7%9e%d7%a0%d7%94-%d7%9e%d7%a7%d7%95%d7%95%d7%a0%d7%aa\/\" target=\"_blank\" rel=\"noopener\" data-saferedirecturl=\"https:\/\/www.google.com\/url?q=https:\/\/www.boattoursamana.com\/online-booking\/&amp;source=gmail&amp;ust=1672529771100000&amp;usg=AOvVaw2NIGJBZ0qjB5RhPUl5Obc7\">\u05dc\u05d7\u05e5 \u05db\u05d0\u05df<\/a>. \u05db\u05e1\u05e4\u05d9\u05dd \u05d9\u05d0\u05d1\u05d3\u05d5 \u05d0\u05dd \u05d4\u05d4\u05d6\u05de\u05e0\u05d4 \u05ea\u05d1\u05d5\u05d8\u05dc \u05d1\u05d0\u05d5\u05ea\u05d5 \u05d9\u05d5\u05dd \u05e9\u05dc \u05d4\u05d8\u05d9\u05d5\u05dc.<\/p>\n\n\t\t<\/div>\n\t<\/div>\n<div class=\"vc_btn3-container vc_btn3-inline\" ><button class=\"vc_general vc_btn3 vc_btn3-size-md vc_btn3-shape-rounded vc_btn3-style-modern vc_btn3-color-green\">\u05dc\u05d4\u05d6\u05de\u05d9\u05df \u05e2\u05db\u05e9\u05d9\u05d5<\/button><\/div><\/div><\/div><\/div><\/div><div class=\"vc_row wpb_row vc_row-fluid\" ><div class=\"wpb_column vc_column_container vc_col-sm-12\"><div class=\"vc_column-inner\"><div class=\"wpb_wrapper\">\n\t<div class=\"wpb_video_widget wpb_content_element vc_clearfix   vc_video-aspect-ratio-169 vc_video-el-width-100 vc_video-align-left\" >\n\t\t<div class=\"wpb_wrapper\">\n\t\t\t\n\t\t\t<div class=\"wpb_video_wrapper\"><iframe loading=\"lazy\" title=\"\u05d4\u05e4\u05d0\u05e8\u05e7 \u05d4\u05dc\u05d0\u05d5\u05de\u05d9 Los Haitises, \u05e1\u05d9\u05d5\u05e8\u05d9\u05dd \u05d5\u05d8\u05d9\u05d5\u05dc\u05d9\u05dd \u05de\u05e1\u05de\u05e0\u05d4 \u05d0\u05d5 \u05de\u05e1\u05d1\u05e0\u05d4 \u05d3\u05d4 \u05dc\u05d4 \u05de\u05d0\u05e8. \u05d4\u05d6\u05de\u05df \u05db\u05d0\u05df:\" src=\"https:\/\/player.vimeo.com\/video\/346508015?dnt=1&amp;app_id=122963\" width=\"1100\" height=\"619\" frameborder=\"0\" allow=\"autoplay; fullscreen; picture-in-picture\" allowfullscreen><\/iframe><\/div>\n\t\t<\/div>\n\t<\/div>\n<\/div><\/div><\/div><\/div><div class=\"vc_row wpb_row vc_row-fluid\" ><\/div><div class=\"wpb_column vc_column_container vc_col-sm-12\"><div class=\"vc_column-inner\"><div class=\"wpb_wrapper\"><\/div><\/div><\/div><div class=\"vc_empty_space\"   style=\"height: 32px\"><span class=\"vc_empty_space_inner\"><\/span><\/div><div class=\"vc_empty_space\"   style=\"height: 32px\"><span class=\"vc_empty_space_inner\"><\/span><\/div><div class=\"vc_row wpb_row vc_row-fluid\" ><div class=\"wpb_column vc_column_container vc_col-sm-12\"><div class=\"vc_column-inner\"><div class=\"wpb_wrapper\"><div class=\"vc_btn3-container vc_btn3-inline\" ><button class=\"vc_general vc_btn3 vc_btn3-size-md vc_btn3-shape-rounded vc_btn3-style-modern vc_btn3-color-green\">\u05dc\u05d4\u05d6\u05de\u05d9\u05df \u05e2\u05db\u05e9\u05d9\u05d5<\/button><\/div><\/div><\/div><\/div><\/div>","protected":false},"excerpt":{"rendered":"<p>Esta excursi\u00f3n desde Las Terrenas al Parque Nacional Los Haitises incluye Almuerzo y Transporte para una visita a las 3 cuevas principales, una exploraci\u00f3n de 2 manglares diferentes y por supuesto la observaci\u00f3n de aves para pescar. n nViaje ecol\u00f3gico al Parque Nacional Los Haitises con un gu\u00eda tur\u00edstico local. Visitando los Cayos en el Parque Nacional Los Haitises, Manglares, Vegetaci\u00f3n, Observaci\u00f3n de aves, Cuevas, Pictogramas y las \u00e1reas hist\u00f3ricas de Sabana de la Mar en el Parque Nacional Los [&hellip;]<\/p>\n","protected":false},"author":2,"featured_media":0,"parent":0,"menu_order":0,"comment_status":"open","ping_status":"closed","template":"","meta":{"footnotes":""},"class_list":["post-15749","page","type-page","status-publish","hentry"],"_links":{"self":[{"href":"https:\/\/www.boattoursamana.com\/he\/wp-json\/wp\/v2\/pages\/15749","targetHints":{"allow":["GET"]}}],"collection":[{"href":"https:\/\/www.boattoursamana.com\/he\/wp-json\/wp\/v2\/pages"}],"about":[{"href":"https:\/\/www.boattoursamana.com\/he\/wp-json\/wp\/v2\/types\/page"}],"author":[{"embeddable":true,"href":"https:\/\/www.boattoursamana.com\/he\/wp-json\/wp\/v2\/users\/2"}],"replies":[{"embeddable":true,"href":"https:\/\/www.boattoursamana.com\/he\/wp-json\/wp\/v2\/comments?post=15749"}],"version-history":[{"count":0,"href":"https:\/\/www.boattoursamana.com\/he\/wp-json\/wp\/v2\/pages\/15749\/revisions"}],"wp:attachment":[{"href":"https:\/\/www.boattoursamana.com\/he\/wp-json\/wp\/v2\/media?parent=15749"}],"curies":[{"name":"wp","href":"https:\/\/api.w.org\/{rel}","templated":true}]}}