{"id":15766,"date":"2023-07-15T07:43:13","date_gmt":"2023-07-15T07:43:13","guid":{"rendered":"https:\/\/www.ticketswhales.com\/miches-whales-watching-half-day-experience-media-luna-half-moon\/"},"modified":"2023-07-15T07:43:13","modified_gmt":"2023-07-15T07:43:13","slug":"miches-whales-watching-half-day-experience-media-luna-half-moon","status":"publish","type":"page","link":"https:\/\/www.boattoursamana.com\/he\/%d7%9c%d7%95%d7%95%d7%99%d7%99%d7%aa%d7%a0%d7%99-miches-%d7%a6%d7%a4%d7%99%d7%99%d7%94-%d7%91%d7%97%d7%a6%d7%99-%d7%99%d7%95%d7%9d-%d7%97%d7%95%d7%95%d7%99%d7%aa-%d7%aa%d7%a7%d7%a9%d7%95%d7%a8%d7%aa","title":{"rendered":"\u05d7\u05d5\u05d5\u05d9\u05ea \u05d7\u05e6\u05d9 \u05d9\u05d5\u05dd \u05e6\u05d5\u05e4\u05d4 \u05d1\u05dc\u05d5\u05d5\u05d9\u05d9\u05ea\u05e0\u05d9\u05dd \u05e9\u05dc Miches - Media Luna (\u05d7\u05e6\u05d9 \u05d9\u05e8\u05d7)."},"content":{"rendered":"<p><span style=\"vertical-align: inherit;\"><span style=\"vertical-align: inherit;\">Avistamiento de ballenas de medio d\u00eda en la bah\u00eda de Saman\u00e1, Rep\u00fablica Dominicana. <\/span><span style=\"vertical-align: inherit;\">Avistamiento de ballenas desde el puerto de Miches en un c\u00f3modo catamar\u00e1n o bote. <\/span><span style=\"vertical-align: inherit;\">Reserve por la ma\u00f1ana despu\u00e9s del desayuno para visitar Media Luna (Media Luna) y Avistamiento de Ballenas. <\/span><span style=\"vertical-align: inherit;\">Reserve ahora esta excursi\u00f3n en la bah\u00eda de Saman\u00e1 para disfrutar de un buen avistamiento de ballenas y una experiencia de viaje en el mar.<\/span><\/span><br \/>\n\u05e0<br \/>\n\u05e0<span style=\"vertical-align: inherit;\"><span style=\"vertical-align: inherit;\">\u05e1\u05dc\u05e7\u05e6\u05d9\u05d5\u05e0\u05d4 \u05dc\u05d4 \u05e4\u05d7\u05d4 \u05d3\u05d4 \u05dc\u05d4 \u05d8\u05d9\u05d5\u05dc:<\/span><\/span><\/p>\n<p>&nbsp;<\/p>\n<div class=\"vc_row wpb_row vc_row-fluid\" ><div class=\"wpb_column vc_column_container vc_col-sm-12\"><div class=\"vc_column-inner\"><div class=\"wpb_wrapper\"><div class=\"vc_btn3-container vc_btn3-inline\" ><button class=\"vc_general vc_btn3 vc_btn3-size-md vc_btn3-shape-rounded vc_btn3-style-modern vc_btn3-color-green\">\u05dc\u05d4\u05d6\u05de\u05d9\u05df \u05e2\u05db\u05e9\u05d9\u05d5<\/button><\/div><div class=\"mkdf-section-title-holder\" style=\"text-align: left\">\n\t<div class=\"mkdf-st-inner\">\n\t\t\t\t\t<h5 class=\"mkdf-st-subtitle\" >\n\t\t\t\t\u05de\u05d3\u05d9\u05d4 \u05dc\u05d5\u05e0\u05d4 (\u05d7\u05e6\u05d9 \u05d9\u05e8\u05d7) \u05db\u05dc\u05d5\u05dc\u05d4.\t\t\t<\/h5>\n\t\t\t\t\t\t\t<h3 class=\"mkdf-st-title\" >\n\t\t\t\t\u05d7\u05d5\u05d5\u05d9\u05d9\u05ea \u05e6\u05e4\u05d9\u05d9\u05d4 \u05d1\u05dc\u05d5\u05d5\u05d9\u05d9\u05ea\u05e0\u05d9\u05dd \u05e9\u05dc \u05de\u05d9\u05e9\u05e1 \u05d1\u05d7\u05e6\u05d9 \u05d9\u05d5\u05dd\t\t\t<\/h3>\n\t\t\t\t\t<\/div>\n<\/div><\/div><\/div><\/div><\/div><div class=\"vc_row wpb_row vc_row-fluid\" ><\/div><div class=\"wpb_column vc_column_container vc_col-sm-12\"><div class=\"vc_column-inner\"><div class=\"wpb_wrapper\"><\/div><\/div><\/div><div class=\"vc_row wpb_row vc_row-fluid\" ><div class=\"wpb_column vc_column_container vc_col-sm-12\"><div class=\"vc_column-inner\"><div class=\"wpb_wrapper\"><div class=\"vc_btn3-container vc_btn3-inline\" ><button class=\"vc_general vc_btn3 vc_btn3-size-md vc_btn3-shape-rounded vc_btn3-style-modern vc_btn3-color-green\">\u05dc\u05d4\u05d6\u05de\u05d9\u05df \u05e2\u05db\u05e9\u05d9\u05d5<\/button><\/div><\/div><\/div><\/div><\/div>","protected":false},"excerpt":{"rendered":"<p>Avistamiento de ballenas de medio d\u00eda en la bah\u00eda de Samana, Rep\u00fablica Dominicana. Avistamiento de ballenas desde el puerto de Miches en un c\u00f3modo catamar\u00e1n o bote. Reserve por la ma\u00f1ana despu\u00e9s del desayuno para visitar Media Luna (Media Luna) y Avistamiento de Ballenas. \u05d4\u05d6\u05de\u05d9\u05e0\u05d5 ahora esta excursi\u00f3n en la bah\u00eda de Saman\u00e1 para disfrutar de un buen avistamiento de ballenas y una experiencia de viaje en el mar. n nSeleccione la fecha de la excursi\u00f3n: &nbsp;<\/p>","protected":false},"author":2,"featured_media":0,"parent":0,"menu_order":0,"comment_status":"open","ping_status":"closed","template":"","meta":{"footnotes":""},"class_list":["post-15766","page","type-page","status-publish","hentry"],"_links":{"self":[{"href":"https:\/\/www.boattoursamana.com\/he\/wp-json\/wp\/v2\/pages\/15766","targetHints":{"allow":["GET"]}}],"collection":[{"href":"https:\/\/www.boattoursamana.com\/he\/wp-json\/wp\/v2\/pages"}],"about":[{"href":"https:\/\/www.boattoursamana.com\/he\/wp-json\/wp\/v2\/types\/page"}],"author":[{"embeddable":true,"href":"https:\/\/www.boattoursamana.com\/he\/wp-json\/wp\/v2\/users\/2"}],"replies":[{"embeddable":true,"href":"https:\/\/www.boattoursamana.com\/he\/wp-json\/wp\/v2\/comments?post=15766"}],"version-history":[{"count":0,"href":"https:\/\/www.boattoursamana.com\/he\/wp-json\/wp\/v2\/pages\/15766\/revisions"}],"wp:attachment":[{"href":"https:\/\/www.boattoursamana.com\/he\/wp-json\/wp\/v2\/media?parent=15766"}],"curies":[{"name":"wp","href":"https:\/\/api.w.org\/{rel}","templated":true}]}}