{"id":15776,"date":"2023-07-15T07:43:40","date_gmt":"2023-07-15T07:43:40","guid":{"rendered":"https:\/\/www.ticketswhales.com\/hike-kayak-los-haitises\/"},"modified":"2023-07-15T07:43:40","modified_gmt":"2023-07-15T07:43:40","slug":"hike-kayak-los-haitises","status":"publish","type":"page","link":"https:\/\/www.boattoursamana.com\/he\/hike-kayak-los-haitises","title":{"rendered":"\u05d8\u05d9\u05d5\u05dc \u05e8\u05d2\u05dc\u05d9 + \u05e7\u05d9\u05d0\u05e7 Los Haitises"},"content":{"rendered":"<p><span style=\"vertical-align: inherit;\"><span style=\"vertical-align: inherit;\">Caminata de 3 horas y kayak and manglares en el Parque Nacional Los Haitises con un gu\u00eda tur\u00edstico local desde Sabana de la mar. <\/span><span style=\"vertical-align: inherit;\">Visitando las \u00e1reas de Selva Tropical, Cocos, Caf\u00e9 y Cacao. <\/span><span style=\"vertical-align: inherit;\">Aprendiendo sobre la historia original del Parque Nacional Los Haitises.<\/span><\/span><br \/>\n\u05e0<br \/>\n\u05e0&\u05e0bsp;<br \/>\n\u05e0<br \/>\n\u05e0<strong><span style=\"vertical-align: inherit;\"><span style=\"vertical-align: inherit;\">Seleccione la fecha para el viaje de senderismo:<\/span><\/span><\/strong><\/p>\n<p>&nbsp;<\/p>\n<div class=\"vc_row wpb_row vc_row-fluid\" ><div class=\"wpb_column vc_column_container vc_col-sm-12\"><div class=\"vc_column-inner\"><div class=\"wpb_wrapper\">\n\t<div class=\"wpb_text_column wpb_content_element\" >\n\t\t<div class=\"wpb_wrapper\">\n\t\t\t<p><span style=\"vertical-align: inherit;\"><span style=\"vertical-align: inherit;\"><\/p>\n\n\t\t<\/div>\n\t<\/div>\n<div class=\"vc_btn3-container vc_btn3-inline\" ><a class=\"vc_general vc_btn3 vc_btn3-size-md vc_btn3-shape-rounded vc_btn3-style-modern vc_btn3-color-green\" href=\"https:\/\/bookingadventures.tours\/booking.php?tour_id=214ab2ed515734864898e23b426328be\" title=\"\" rel=\"noopener\">\u05dc\u05d4\u05d6\u05de\u05d9\u05df \u05e2\u05db\u05e9\u05d9\u05d5<\/a><\/div><\/div><\/div><\/div><\/div><div class=\"vc_row wpb_row vc_row-fluid\" ><div class=\"wpb_column vc_column_container vc_col-sm-12\"><div class=\"vc_column-inner\"><div class=\"wpb_wrapper\">\n\t<div class=\"wpb_text_column wpb_content_element\" >\n\t\t<div class=\"wpb_wrapper\">\n\t\t\t<p>\u00a0<\/span><\/span><br \/>\n\u05e0<\/p>\n<h4><b><i><span style=\"vertical-align: inherit;\"><span style=\"vertical-align: inherit;\">\u05d7\u05d6\u05d5\u05df \u05db\u05dc\u05dc\u05d9 <\/span><\/span><\/i><\/b><\/h4>\n<p>\u05e9\u05d1\u05d9\u05dc \u05d4\u05dc\u05d9\u05db\u05d4 + \u05e1\u05d9\u05d5\u05e8 \u05e7\u05d9\u05d0\u05e7\u05d9\u05dd \u05de\u05ea\u05d7\u05d9\u05dc \u05de\u05e0\u05de\u05dc \u05e7\u05d0\u05e0\u05d5 \u05d4\u05d5\u05e0\u05d3\u05d5\/\u05e1\u05d1\u05e0\u05d4 \u05d3\u05d4 \u05dc\u05d4 \u05de\u05d0\u05e8. \u05e0\u05d8\u05d9\u05d9\u05dc \u05db-3 \u05e9\u05e2\u05d5\u05ea \u05dc\u05d0\u05d5\u05e8\u05da \u05d4\u05d9\u05e2\u05e8 \u05d4\u05dc\u05d7 \u05d1\u05e4\u05d0\u05e8\u05e7 \u05d4\u05dc\u05d0\u05d5\u05de\u05d9 Los Haitises. \u05ea\u05dc\u05de\u05d3\u05d5 \u05e2\u05dc \u05e6\u05de\u05d7\u05d9 \u05d4\u05de\u05e8\u05e4\u05d0 \u05e9\u05dc \u05d0\u05d6\u05d5\u05e8 \u05d6\u05d4, \u05ea\u05e8\u05d0\u05d5 \u05d0\u05ea \u05d4\u05d9\u05e2\u05e8 \u05e8\u05d7\u05d1-\u05d4\u05e2\u05dc\u05d9\u05dd \u05d4\u05e8\u05d0\u05e9\u05d5\u05e0\u05d9 \u05d5\u05d4\u05de\u05e9\u05e0\u05d9 \u05d1\u05d4\u05e8\u05d9 \u05d4\u05e4\u05d0\u05e8\u05e7 \u05d4\u05dc\u05d0\u05d5\u05de\u05d9 Los Haitises \u05d5\u05d1\u05de\u05e7\u05d1\u05d9\u05dc \u05ea\u05d2\u05d9\u05e2\u05d5 \u05dc\u05de\u05e2\u05d9\u05d9\u05df \u05e9\u05dc \u05e0\u05d4\u05e8 Jivales \u05e9\u05de\u05de\u05e0\u05d5 \u05de\u05d9\u05de\u05d9 \u05d4\u05d1\u05e8\u05d9\u05db\u05d5\u05ea \u05d4\u05d8\u05d1\u05e2\u05d9\u05d5\u05ea \u05e9\u05dc Eco-lodge Ca\u00f1o Hondo. \u05dc\u05d0\u05d7\u05e8 \u05de\u05db\u05df \u05d0\u05e0\u05d5 \u05dc\u05d5\u05e7\u05d7\u05d9\u05dd \u05d0\u05ea \u05d4\u05e6\u05d9\u05d5\u05d3 \u05d4\u05e0\u05d3\u05e8\u05e9 \u05dc\u05d1\u05d8\u05d9\u05d7\u05d5\u05ea\u05db\u05dd (\u05d7\u05dc\u05d9\u05e4\u05d5\u05ea \u05d4\u05e6\u05dc\u05d4 \u05d5\u05db\u05d5&#039;), \u05e7\u05d9\u05d0\u05e7\u05d9\u05dd \u05d5\u05e2\u05d5\u05d1\u05e8\u05d9\u05dd \u05d3\u05e8\u05da \u05d1\u05d9\u05e6\u05d5\u05ea \u05de\u05e0\u05d2\u05e8\u05d5\u05d1\u05d9\u05dd. \u05ea\u05d5\u05db\u05dc\u05d5 \u05dc\u05e8\u05d0\u05d5\u05ea \u05db\u05de\u05d4 \u05de\u05e0\u05d2\u05e8\u05d5\u05d1\u05d9\u05dd \u05de\u05dc\u05d0\u05d9 \u05e6\u05d9\u05e4\u05d5\u05e8\u05d9\u05dd, \u05d2\u05d1\u05e2\u05d5\u05ea \u05de\u05ea\u05d2\u05dc\u05d2\u05dc\u05d5\u05ea \u05e9\u05dc \u05e6\u05de\u05d7\u05d9\u05d9\u05d4 \u05e2\u05d1\u05d5\u05ea\u05d4. \u05d3\u05e8\u05da \u05d4\u05de\u05e0\u05d2\u05e8\u05d5\u05d1\u05d9\u05dd \u05d5\u05d4\u05d0\u05d3\u05de\u05d4 \u05d1\u05de\u05e4\u05e8\u05e5 \u05e1\u05df \u05dc\u05d5\u05e8\u05e0\u05e6\u05d5 \u05d4\u05e4\u05ea\u05d5\u05d7, \u05de\u05e9\u05dd \u05ea\u05d5\u05db\u05dc\u05d5 \u05dc\u05e6\u05dc\u05dd \u05d0\u05ea \u05e0\u05d5\u05e3 \u05d4\u05d9\u05e2\u05e8 \u05d4\u05de\u05e4\u05d5\u05e8\u05e5.<br \/>\n\u05e0<br \/>\nnAfter this experience, you will get Back to Cano Hondo or Sabana de la mar.<br \/>\n\u05e0<\/p>\n<ul>\n\u05e0 \t<\/p>\n<li style=\"font-weight: 400;\">\u05e2\u05de\u05dc\u05d5\u05ea \u05db\u05dc\u05d5\u05dc\u05d5\u05ea<\/li>\n<p>\u05e0 \t<\/p>\n<li>\u05d8\u05d9\u05d5\u05dc \u05d4\u05dc\u05d9\u05db\u05d4 \u05d1\u05e4\u05d0\u05e8\u05e7 \u05d4\u05dc\u05d0\u05d5\u05de\u05d9 Los Haitises<\/li>\n<p>\u05e0 \t<\/p>\n<li style=\"font-weight: 400;\"><span style=\"font-weight: 400;\">\u05d4\u05de\u05d3\u05e8\u05d9\u05da \u05de\u05e1\u05e4\u05e7 \u05d4\u05d3\u05e8\u05db\u05d4 \u05d5\u05e4\u05d9\u05e7\u05d5\u05d7<\/span><\/li>\n<p>\u05e0<\/ul>\n<p>\u05e0&\u05e0bsp;<br \/>\n\u05e0<\/p>\n<h4><b>\u05d4\u05db\u05dc\u05dc\u05d5\u05ea \u05d5\u05d0\u05d9 \u05d4\u05db\u05dc\u05dc\u05d5\u05ea<\/b><\/h4>\n<p>\u05e0&\u05e0bsp;<br \/>\n\u05e0<br \/>\n\u05e0<b>\u05ea\u05db\u05dc\u05d9\u05dc\u05d9\u05dd<\/b><br \/>\n\u05e0<br \/>\n\u05e0&\u05e0bsp;<br \/>\n\u05e0<\/p>\n<ol>\n\u05e0 \t<\/p>\n<li style=\"font-weight: 400;\">\u05d4\u05e4\u05d0\u05e8\u05e7 \u05d4\u05dc\u05d0\u05d5\u05de\u05d9 \u05dc\u05d5\u05e1 \u05d4\u05d0\u05d9\u05d8\u05d9\u05e1\u05e1<\/li>\n<p>\u05e0 \t<\/p>\n<li>\u05d8\u05d9\u05d5\u05dc \u05e8\u05d2\u05dc\u05d9 + \u05e7\u05d9\u05d0\u05e7<\/li>\n<p>\u05e0 \t<\/p>\n<li style=\"font-weight: 400;\"><span style=\"font-weight: 400;\">\u05db\u05dc \u05d4\u05de\u05e1\u05d9\u05dd, \u05d4\u05e2\u05de\u05dc\u05d5\u05ea \u05d5\u05d3\u05de\u05d9 \u05d4\u05d8\u05d9\u05e4\u05d5\u05dc<\/span><\/li>\n<p>\u05e0 \t<\/p>\n<li style=\"font-weight: 400;\"><span style=\"font-weight: 400;\">\u05de\u05d9\u05e1\u05d9\u05dd \u05de\u05e7\u05d5\u05de\u05d9\u05d9\u05dd<\/span><\/li>\n<p>\u05e0 \t<\/p>\n<li style=\"font-weight: 400;\"><span style=\"font-weight: 400;\">\u05de\u05b7\u05e9\u05c1\u05e7\u05b8\u05d0\u05d5\u05b9\u05ea<\/span><\/li>\n<p>\u05e0 \t<\/p>\n<li style=\"font-weight: 400;\"><span style=\"font-weight: 400;\">\u05db\u05dc \u05d4\u05e4\u05e2\u05d9\u05dc\u05d5\u05d9\u05d5\u05ea<\/span><\/li>\n<p>\u05e0 \t<\/p>\n<li style=\"font-weight: 400;\"><span style=\"font-weight: 400;\">\u05de\u05d3\u05e8\u05d9\u05da \u05de\u05e7\u05d5\u05de\u05d9<\/span><\/li>\n<p>\u05e0<\/ol>\n<p>\u05e0<b> \u05d0\u05d9 \u05d4\u05db\u05dc\u05dc\u05d5\u05ea<\/b><br \/>\n\u05e0<\/p>\n<ol>\n\u05e0 \t<\/p>\n<li style=\"font-weight: 400;\"><span style=\"font-weight: 400;\">\u05ea\u05d5\u05d3\u05d5\u05ea<\/span><\/li>\n<p>\u05e0 \t<\/p>\n<li style=\"font-weight: 400;\"><span style=\"font-weight: 400;\">\u05dc\u05b0\u05d4\u05b7\u05e2\u05b2\u05d1\u05b4\u05d9\u05e8<\/span><\/li>\n<p>\u05e0 \t<\/p>\n<li>\u05d0\u05e8\u05d5\u05d7\u05ea \u05e6\u05d4\u05e8\u05d9\u05d9\u05dd<\/li>\n<p>\u05e0 \t<\/p>\n<li style=\"font-weight: 400;\"><span style=\"font-weight: 400;\">\u05de\u05e9\u05e7\u05d0\u05d5\u05ea \u05d0\u05dc\u05db\u05d5\u05d4\u05d5\u05dc\u05d9\u05d9\u05dd<\/span><\/li>\n<p>\u05e0<\/ol>\n<p>\u05e0&\u05e0bsp;<br \/>\n\u05e0<\/p>\n<h4><em><strong>\u05d9\u05e6\u05d9\u05d0\u05d4 \u05d5\u05d7\u05d6\u05e8\u05d4<\/strong><\/em><\/h4>\n<p>\u05e0<span style=\"font-weight: 400;\">\u05d4\u05e0\u05d5\u05e1\u05e2 \u05d9\u05e7\u05d1\u05dc \u05e0\u05e7\u05d5\u05d3\u05ea \u05de\u05e4\u05d2\u05e9 \u05dc\u05d0\u05d7\u05e8 \u05ea\u05d4\u05dc\u05d9\u05da \u05d4\u05d4\u05d6\u05de\u05e0\u05d4. \u05d4\u05e1\u05d9\u05d5\u05e8\u05d9\u05dd \u05de\u05ea\u05d7\u05d9\u05dc\u05d9\u05dd \u05d5\u05de\u05e1\u05ea\u05d9\u05d9\u05de\u05d9\u05dd \u05d1\u05e0\u05e7\u05d5\u05d3\u05d5\u05ea \u05d4\u05de\u05e4\u05d2\u05e9 \u05e9\u05dc\u05e0\u05d5.<\/span><br \/>\n\u05e0<br \/>\n\u05e0&\u05e0bsp;<br \/>\n\u05e0<\/p>\n<h2>\u05d8\u05d9\u05d5\u05dc \u05e8\u05d2\u05dc\u05d9 + \u05e7\u05d9\u05d0\u05e7 \u05dc\u05d5\u05e1 \u05d4\u05d0\u05d9\u05d8\u05d9\u05e1\u05e1 \u05d4\u05e4\u05d0\u05e8\u05e7 \u05d4\u05dc\u05d0\u05d5\u05de\u05d9<\/h2>\n<p>\u05e0<\/p>\n<h4><b><i>\u05dc\u05de\u05d4 \u05dc\u05e6\u05e4\u05d5\u05ea?<\/i><\/b><\/h4>\n<p>n\u05e9\u05de\u05d5 \u05e9\u05dc \u05d4\u05e4\u05d0\u05e8\u05e7 \u05d4\u05dc\u05d0\u05d5\u05de\u05d9 \u05de\u05d2\u05d9\u05e2 \u05de\u05ea\u05d5\u05e9\u05d1\u05d9\u05d5 \u05d4\u05de\u05e7\u05d5\u05e8\u05d9\u05d9\u05dd, \u05d4\u05d0\u05d9\u05e0\u05d3\u05d9\u05d0\u05e0\u05d9\u05dd \u05d4\u05d8\u05d0\u05d9\u05e0\u05d5. \u05d1\u05e9\u05e4\u05ea\u05dd &quot;Haitises&quot; \u05de\u05ea\u05d5\u05e8\u05d2\u05dd \u05dc\u05e8\u05de\u05d5\u05ea \u05d2\u05d1\u05d5\u05d4\u05d5\u05ea \u05d0\u05d5 \u05d2\u05d1\u05e2\u05d5\u05ea, \u05d4\u05ea\u05d9\u05d9\u05d7\u05e1\u05d5\u05ea \u05dc\u05ea\u05e6\u05d5\u05e8\u05d5\u05ea \u05d4\u05d2\u05d9\u05d0\u05d5\u05dc\u05d5\u05d2\u05d9\u05d5\u05ea \u05d4\u05ea\u05dc\u05d5\u05dc\u05d5\u05ea \u05e9\u05dc \u05e7\u05d5 \u05d4\u05d7\u05d5\u05e3 \u05e2\u05dd \u05d0\u05d1\u05e0\u05d9 \u05d2\u05d9\u05e8. \u05e9\u05d9\u05d9\u05d8 \u05e7\u05d9\u05d0\u05e7\u05d9\u05dd \u05d6\u05d4 \u05e9\u05e2\u05ea\u05d9\u05d9\u05dd.<br \/>\n\u05e0<br \/>\n\u05dc\u05de\u05d9\u05d3\u05d4 \u05e2\u05dc \u05d4\u05d9\u05e1\u05d8\u05d5\u05e8\u05d9\u05d4 \u05d5\u05d8\u05d1\u05e2 \u05e2\u05dd \u05de\u05d3\u05e8\u05d9\u05db\u05d9 \u05d8\u05d9\u05d5\u05dc\u05d9\u05dd \u05de\u05e7\u05d5\u05de\u05d9\u05d9\u05dd \u05e9\u05d2\u05d3\u05dc\u05d9\u05dd \u05db\u05de\u05d2\u05e0\u05d9\u05dd \u05d5\u05de\u05ea\u05e0\u05d3\u05d1\u05d9\u05dd \u05e1\u05d1\u05d9\u05d1 \u05d4\u05e1\u05d1\u05d9\u05d1\u05d4 \u05d1\u05ea\u05d5\u05da \u05d0\u05d6\u05d5\u05e8 \u05d4\u05e4\u05e8\u05d5\u05d9\u05e7\u05d8 \u05d4\u05d6\u05d4. \u05d4\u05e1\u05d9\u05d5\u05e8, \u05de\u05d0\u05d5\u05e8\u05d2\u05df \u05e2\u05dc \u05d9\u05d3\u05d9 &quot;Booking Adventures&quot; \u05de\u05ea\u05d7\u05d9\u05dc \u05d1\u05e0\u05e7\u05d5\u05d3\u05ea \u05d4\u05de\u05e4\u05d2\u05e9 \u05e9\u05e0\u05e7\u05d1\u05e2\u05d4 \u05e2\u05dd \u05de\u05d3\u05e8\u05d9\u05da \u05d4\u05d8\u05d9\u05d5\u05dc\u05d9\u05dd.<br \/>\n\u05e0<br \/>\n\u05dc\u05d0\u05d7\u05e8 \u05d4\u05dc\u05d9\u05db\u05d4 \u05e8\u05d0\u05e9\u05d5\u05e0\u05d9\u05ea \u05d1\u05e9\u05d3\u05d5\u05ea \u05d5\u05d1\u05e9\u05d8\u05d7\u05d9\u05dd \u05d7\u05e7\u05dc\u05d0\u05d9\u05d9\u05dd, \u05ea\u05ea\u05d7\u05d9\u05dc\u05d5 \u05dc\u05dc\u05db\u05ea \u05dc\u05d9\u05d3 \u05d9\u05e2\u05e8 \u05e7\u05d5\u05e7\u05d5\u05e7\u05d8 \u05d5\u05e7\u05e7\u05d0\u05d5. \u05db\u05e0\u05d9\u05e1\u05ea \u05db\u05dc \u05d3\u05e7\u05d4 \u05dc\u05ea\u05d5\u05da \u05d0\u05d6\u05d5\u05e8 \u05d4\u05d9\u05e2\u05e8 \u05d4\u05e9\u05de\u05d5\u05e8 \u05d4\u05e2\u05d9\u05e7\u05e8\u05d9 \u05d5\u05d4\u05d9\u05d9\u05d7\u05d5\u05d3\u05d9 \u05d1\u05ea\u05d5\u05da \u05d4\u05e4\u05d0\u05e8\u05e7 \u05d4\u05dc\u05d0\u05d5\u05de\u05d9 Los Haitises. \u05d1\u05d5\u05d0\u05d5 \u05e2\u05dd Booking Adventures \u05d5\u05d4\u05ea\u05d7\u05d9\u05dc\u05d5 \u05dc\u05d1\u05d3\u05d5\u05e7 \u05db\u05de\u05d4 \u05de\u05d9\u05e0\u05d9 \u05e6\u05d9\u05e4\u05d5\u05e8\u05d9\u05dd, \u05d9\u05d5\u05e0\u05e7\u05d9\u05dd \u05d5\u05e6\u05de\u05d7\u05d9\u05dd \u05d0\u05e0\u05d3\u05de\u05d9\u05d9\u05dd, \u05d2\u05d1\u05e2\u05d5\u05ea \u05de\u05ea\u05d2\u05dc\u05d2\u05dc\u05d5\u05ea \u05e9\u05dc \u05e6\u05de\u05d7\u05d9\u05d9\u05d4 \u05e2\u05d1\u05d5\u05ea\u05d4 \u05d5\u05de\u05e2\u05e8\u05d5\u05ea \u05e9\u05dc <em><strong>\u05d4\u05e4\u05d0\u05e8\u05e7 \u05d4\u05dc\u05d0\u05d5\u05de\u05d9 \u05dc\u05d5\u05e1 \u05d4\u05d0\u05d9\u05d8\u05d9\u05e1\u05e1<\/strong><\/em>.<br \/>\n\u05e0<\/p>\n<div class=\"body-description secondary\">\n\u05e0<br \/>\nn\u05e9\u05de\u05d5 \u05e9\u05dc \u05d4\u05e4\u05d0\u05e8\u05e7 \u05d4\u05dc\u05d0\u05d5\u05de\u05d9 \u05de\u05d2\u05d9\u05e2 \u05de\u05ea\u05d5\u05e9\u05d1\u05d9\u05d5 \u05d4\u05de\u05e7\u05d5\u05e8\u05d9\u05d9\u05dd, \u05d4\u05d0\u05d9\u05e0\u05d3\u05d9\u05d0\u05e0\u05d9\u05dd \u05d4\u05d8\u05d0\u05d9\u05e0\u05d5. \u05d1\u05e9\u05e4\u05ea\u05dd &quot;Haitises&quot; \u05de\u05ea\u05d5\u05e8\u05d2\u05dd \u05dc\u05e8\u05de\u05d5\u05ea \u05d2\u05d1\u05d5\u05d4\u05d5\u05ea \u05d0\u05d5 \u05d2\u05d1\u05e2\u05d5\u05ea, \u05d4\u05ea\u05d9\u05d9\u05d7\u05e1\u05d5\u05ea \u05dc\u05ea\u05e6\u05d5\u05e8\u05d5\u05ea \u05d4\u05d2\u05d9\u05d0\u05d5\u05dc\u05d5\u05d2\u05d9\u05d5\u05ea \u05d4\u05ea\u05dc\u05d5\u05dc\u05d5\u05ea \u05e9\u05dc \u05e7\u05d5 \u05d4\u05d7\u05d5\u05e3 \u05e2\u05dd \u05d0\u05d1\u05e0\u05d9 \u05d2\u05d9\u05e8. \u05d4\u05e8\u05e4\u05ea\u05e7\u05d0\u05d5\u05ea \u05e2\u05de\u05d5\u05e7 \u05d9\u05d5\u05ea\u05e8 \u05dc\u05ea\u05d5\u05da \u05d4\u05e4\u05d0\u05e8\u05e7 \u05db\u05d3\u05d9 \u05dc\u05d7\u05e7\u05d5\u05e8 \u05de\u05e2\u05e8\u05d5\u05ea \u05db\u05d2\u05d5\u05df <em><strong>\u05e7\u05d5\u05d0\u05d1\u05d4 \u05d3\u05d4 \u05dc\u05d4 \u05d0\u05e8\u05e0\u05d4<\/strong><\/em> \u05d5 <strong><em>Cueva de la L\u00ednea. \u05d0\u05ea\u05d4 \u05d9\u05db\u05d5\u05dc \u05dc\u05d4\u05ea\u05d0\u05d9\u05dd \u05d0\u05ea \u05d4\u05e1\u05d9\u05d5\u05e8 \u05d1\u05e1\u05d9\u05e8\u05d4 \u05dc\u05d8\u05d9\u05d5\u05dc \u05d4\u05d8\u05d9\u05d5\u05dc\u05d9\u05dd. \u05e4\u05e9\u05d5\u05d8 \u05e6\u05d5\u05e8 \u05d0\u05d9\u05ea\u05e0\u05d5 \u05e7\u05e9\u05e8.<\/em><\/strong><br \/>\n\u05e0<br \/>\n\u05de\u05e2\u05e8\u05d5\u05ea \u05d1\u05e9\u05de\u05d5\u05e8\u05d4 \u05e9\u05d9\u05de\u05e9\u05d5 \u05de\u05d7\u05e1\u05d4 \u05e2\u05dc \u05d9\u05d3\u05d9 \u05d4\u05d0\u05d9\u05e0\u05d3\u05d9\u05d0\u05e0\u05d9\u05dd \u05e9\u05dc \u05d8\u05d0\u05d9\u05e0\u05d5, \u05d5\u05dc\u05d0\u05d7\u05e8 \u05de\u05db\u05df, \u05e2\u05dc \u05d9\u05d3\u05d9 \u05de\u05e1\u05ea\u05d5\u05e8 \u05e4\u05d9\u05e8\u05d0\u05d8\u05d9\u05dd. \u05d7\u05e4\u05e9\u05d5 \u05e6\u05d9\u05d5\u05e8\u05d9\u05dd \u05e9\u05dc \u05d0\u05d9\u05e0\u05d3\u05d9\u05d0\u05e0\u05d9\u05dd \u05e9\u05de\u05e7\u05e9\u05d8\u05d9\u05dd \u05d7\u05dc\u05e7 \u05de\u05d4\u05e7\u05d9\u05e8\u05d5\u05ea. \u05d1\u05d9\u05e2\u05e8 \u05d4\u05d2\u05e9\u05dd \u05d9\u05e9 \u05d9\u05d5\u05ea\u05e8 \u05de-700 \u05de\u05d0\u05d5\u05ea \u05de\u05d9\u05e0\u05d9\u05dd \u05e9\u05dc \u05e6\u05de\u05d7\u05d9\u05dd, \u05d0\u05e0\u05d7\u05e0\u05d5 \u05de\u05e0\u05e1\u05d9\u05dd \u05dc\u05dc\u05de\u05d3 \u05d0\u05ea \u05d4\u05de\u05d1\u05e7\u05e8\u05d9\u05dd \u05e2\u05dc \u05db\u05dc \u05d4\u05e6\u05de\u05d7\u05d9\u05dd \u05d4\u05e8\u05e4\u05d5\u05d0\u05d9\u05d9\u05dd \u05d4\u05de\u05d5\u05db\u05e8\u05d9\u05dd \u05dc\u05e0\u05d5 \u05d1\u05de\u05e1\u05dc\u05d5\u05dc \u05d8\u05d9\u05d5\u05dc \u05d6\u05d4.<br \/>\n\u05e0<br \/>\nnCome to learn, Hike and enyoy the real nature of Los Haitises National Park.<br \/>\n\u05e0<br \/>\n\u05e0<\/div>\n<p>\u05e0&\u05e0bsp;<br \/>\n\u05e0<\/p>\n<h4><em><strong>\u05de\u05d4 \u05db\u05d3\u05d0\u05d9 \u05dc\u05d4\u05d1\u05d9\u05d0?<\/strong><\/em><\/h4>\n<p>\u05e0<\/p>\n<ul>\n\u05e0 \t<\/p>\n<li style=\"font-weight: 400;\"><span style=\"font-weight: 400;\">\u05de\u05b7\u05e6\u05dc\u05b5\u05de\u05b8\u05d4<\/span><\/li>\n<p>\u05e0 \t<\/p>\n<li style=\"font-weight: 400;\"><span style=\"font-weight: 400;\">\u05e0\u05d9\u05e6\u05e0\u05d9\u05dd \u05d3\u05d5\u05d7\u05d9\u05dd<\/span><\/li>\n<p>\u05e0 \t<\/p>\n<li style=\"font-weight: 400;\"><span style=\"font-weight: 400;\">\u05e7\u05e8\u05dd \u05d4\u05d2\u05e0\u05d4<\/span><\/li>\n<p>\u05e0 \t<\/p>\n<li style=\"font-weight: 400;\"><span style=\"font-weight: 400;\">\u05db\u05bc\u05d5\u05b9\u05d1\u05b7\u05e2<\/span><\/li>\n<p>\u05e0 \t<\/p>\n<li style=\"font-weight: 400;\"><span style=\"font-weight: 400;\">\u05de\u05db\u05e0\u05e1\u05d9\u05d9\u05dd \u05e0\u05d5\u05d7\u05d9\u05dd<\/span><\/li>\n<p>\u05e0 \t<\/p>\n<li style=\"font-weight: 400;\"><span style=\"font-weight: 400;\">\u05e0\u05e2\u05dc\u05d9 \u05d4\u05dc\u05d9\u05db\u05d4 \u05dc\u05d9\u05e2\u05e8<\/span><\/li>\n<p>\u05e0 \t<\/p>\n<li style=\"font-weight: 400;\"><span style=\"font-weight: 400;\">\u05e1\u05e0\u05d3\u05dc\u05d9\u05dd \u05dc\u05d0\u05d6\u05d5\u05e8\u05d9 \u05d4\u05d0\u05d1\u05d9\u05d1.<\/span><\/li>\n<p>\u05e0 \t<\/p>\n<li style=\"font-weight: 400;\"><span style=\"font-weight: 400;\">\u05d1\u05d2\u05d3\u05d9 \u05e9\u05d7\u05d9\u05d9\u05d4<\/span><\/li>\n<p>\u05e0<\/ul>\n<p>\u05e0&\u05e0bsp;<br \/>\n\u05e0<\/p>\n<h4><b><i>\u05d0\u05d9\u05e1\u05d5\u05e3 \u05d1\u05de\u05dc\u05d5\u05df <\/i><\/b><\/h4>\n<p>\u05e0<span style=\"font-weight: 400;\">\u05dc\u05d0 \u05de\u05d5\u05e6\u05e2 \u05d0\u05d9\u05e1\u05d5\u05e3 \u05de\u05d4\u05de\u05dc\u05d5\u05df \u05e2\u05d1\u05d5\u05e8 \u05e1\u05d9\u05d5\u05e8 \u05d6\u05d4. \u05e8\u05e7 \u05d0\u05dd \u05d0\u05ea\u05dd \u05d1\u05de\u05dc\u05d5\u05df Cano Hondo \u05d0\u05d5 \u05de\u05dc\u05d5\u05e0\u05d5\u05ea \u05d1\u05d0\u05d6\u05d5\u05e8 Sabana de la Mar.<\/span><br \/>\n\u05e0<br \/>\n\u05e0<b>\u05d4\u05e2\u05e8\u05d4:<\/b><span style=\"font-weight: 400;\"> \u05d0\u05dd \u05d0\u05ea\u05dd \u05de\u05d6\u05de\u05d9\u05e0\u05d9\u05dd \u05d1\u05ea\u05d5\u05da 24 \u05e9\u05e2\u05d5\u05ea \u05de\u05de\u05d5\u05e2\u05d3 \u05d4\u05d9\u05e6\u05d9\u05d0\u05d4 \u05e9\u05dc \u05d4\u05e1\u05d9\u05d5\u05e8\/\u05d4\u05d8\u05d9\u05d5\u05dc, \u05e0\u05d5\u05db\u05dc \u05dc\u05d0\u05e8\u05d2\u05df \u05d0\u05d9\u05e1\u05d5\u05e3 \u05de\u05d4\u05de\u05dc\u05d5\u05df \u05e2\u05dd \u05d7\u05d9\u05d5\u05d1\u05d9\u05dd \u05e0\u05d5\u05e1\u05e4\u05d9\u05dd \u05de\u05db\u05dc \u05de\u05e7\u05d5\u05dd \u05d1\u05e8\u05e4\u05d5\u05d1\u05dc\u05d9\u05e7\u05d4 \u05d4\u05d3\u05d5\u05de\u05d9\u05e0\u05d9\u05e7\u05e0\u05d9\u05ea. \u05dc\u05d0\u05d7\u05e8 \u05d4\u05e9\u05dc\u05de\u05ea \u05d4\u05e8\u05db\u05d9\u05e9\u05d4, \u05d0\u05e0\u05d5 \u05e0\u05e9\u05dc\u05d7 \u05d0\u05dc\u05d9\u05da \u05d0\u05ea \u05e4\u05e8\u05d8\u05d9 \u05d4\u05e7\u05e9\u05e8 \u05d4\u05de\u05dc\u05d0\u05d9\u05dd (\u05de\u05e1\u05e4\u05e8 \u05d8\u05dc\u05e4\u05d5\u05df, \u05db\u05ea\u05d5\u05d1\u05ea \u05d3\u05d5\u05d0&quot;\u05dc \u05d5\u05db\u05d5&#039;) \u05db\u05d3\u05d9 \u05e9\u05de\u05d3\u05e8\u05d9\u05da \u05d4\u05d8\u05d9\u05d5\u05dc\u05d9\u05dd \u05d4\u05de\u05e7\u05d5\u05de\u05d9 \u05e9\u05dc\u05e0\u05d5 \u05d9\u05d5\u05db\u05dc \u05dc\u05d0\u05e8\u05d2\u05df \u05e1\u05d9\u05d3\u05d5\u05e8\u05d9 \u05d0\u05d9\u05e1\u05d5\u05e3.<\/span><br \/>\n\u05e0<\/p>\n<h4><b><i>\u05d0\u05d9\u05e9\u05d5\u05e8 \u05de\u05d9\u05d3\u05e2 \u05e0\u05d5\u05e1\u05e3 <\/i><\/b><\/h4>\n<p>\u05e0<\/p>\n<ol>\n\u05e0 \t<\/p>\n<li>\u05db\u05e8\u05d8\u05d9\u05e1\u05d9\u05dd \u05d4\u05dd \u05d4\u05e7\u05d1\u05dc\u05d4 \u05dc\u05d0\u05d7\u05e8 \u05ea\u05e9\u05dc\u05d5\u05dd \u05e1\u05d9\u05d5\u05e8 \u05d6\u05d4. \u05d0\u05ea\u05d4 \u05d9\u05db\u05d5\u05dc \u05dc\u05d4\u05e6\u05d9\u05d2 \u05d0\u05ea \u05d4\u05ea\u05e9\u05dc\u05d5\u05dd \u05d1\u05d8\u05dc\u05e4\u05d5\u05df \u05e9\u05dc\u05da.<\/li>\n<p>\u05e0 \t<\/p>\n<li style=\"font-weight: 400;\"><span style=\"font-weight: 400;\">\u05e0\u05e7\u05d5\u05d3\u05ea \u05de\u05e4\u05d2\u05e9 \u05ea\u05ea\u05e7\u05d1\u05dc \u05dc\u05d0\u05d7\u05e8 \u05ea\u05d4\u05dc\u05d9\u05da \u05d4\u05d4\u05d6\u05de\u05e0\u05d4.<\/span><\/li>\n<p>\u05e0 \t<\/p>\n<li style=\"font-weight: 400;\"><span style=\"font-weight: 400;\">\u05d9\u05dc\u05d3\u05d9\u05dd \u05d7\u05d9\u05d9\u05d1\u05d9\u05dd \u05d1\u05dc\u05d9\u05d5\u05d5\u05d9 \u05de\u05d1\u05d5\u05d2\u05e8.<\/span><\/li>\n<p>\u05e0 \t<\/p>\n<li style=\"font-weight: 400;\"><span style=\"font-weight: 400;\"> \u05dc\u05d0 \u05e0\u05d2\u05d9\u05e9 \u05dc\u05db\u05d9\u05e1\u05d0 \u05d2\u05dc\u05d2\u05dc\u05d9\u05dd <\/span><\/li>\n<p>\u05e0 \t<\/p>\n<li style=\"font-weight: 400;\"><span style=\"font-weight: 400;\">\u05ea\u05d9\u05e0\u05d5\u05e7\u05d5\u05ea \u05d7\u05d9\u05d9\u05d1\u05d9\u05dd \u05dc\u05e9\u05d1\u05ea \u05e2\u05dc \u05d1\u05e8\u05db\u05d9\u05d9\u05dd <\/span><\/li>\n<p>\u05e0 \t<\/p>\n<li style=\"font-weight: 400;\"><span style=\"font-weight: 400;\">\u05dc\u05d0 \u05de\u05d5\u05de\u05dc\u05e5 \u05dc\u05de\u05d8\u05d9\u05d9\u05dc\u05d9\u05dd \u05e2\u05dd \u05d1\u05e2\u05d9\u05d5\u05ea \u05d2\u05d1<\/span><\/li>\n<p>\u05e0 \t<\/p>\n<li style=\"font-weight: 400;\"><span style=\"font-weight: 400;\">\u05dc\u05d0 \u05de\u05d5\u05de\u05dc\u05e5 \u05dc\u05e0\u05d5\u05e1\u05e2\u05d9\u05dd \u05d1\u05d4\u05e8\u05d9\u05d5\u05df <\/span><\/li>\n<p>\u05e0 \t<\/p>\n<li style=\"font-weight: 400;\"><span style=\"font-weight: 400;\"> \u05dc\u05dc\u05d0 \u05d1\u05e2\u05d9\u05d5\u05ea \u05dc\u05d1 \u05d0\u05d5 \u05de\u05e6\u05d1\u05d9\u05dd \u05e8\u05e4\u05d5\u05d0\u05d9\u05d9\u05dd \u05d7\u05de\u05d5\u05e8\u05d9\u05dd \u05d0\u05d7\u05e8\u05d9\u05dd <\/span><\/li>\n<p>\u05e0 \t<\/p>\n<li style=\"font-weight: 400;\"><span style=\"font-weight: 400;\">\u05e8\u05d5\u05d1 \u05d4\u05de\u05d8\u05d9\u05d9\u05dc\u05d9\u05dd \u05d9\u05db\u05d5\u05dc\u05d9\u05dd \u05dc\u05d4\u05e9\u05ea\u05ea\u05e3<\/span><\/li>\n<p>\u05e0<\/ol>\n<p>\u05e0<\/p>\n<h4><b><i>\u05de\u05d3\u05d9\u05e0\u05d9\u05d5\u05ea \u05d1\u05d9\u05d8\u05d5\u05dc<\/i><\/b><\/h4>\n<p>n\u05e2\u05d1\u05d5\u05e8 \u05d4\u05d7\u05d6\u05e8 \u05de\u05dc\u05d0, \u05d0\u05e0\u05d0 \u05e7\u05e8\u05d0 \u05d0\u05ea \u05de\u05d3\u05d9\u05e0\u05d9\u05d5\u05ea \u05d4\u05d1\u05d9\u05d8\u05d5\u05dc\u05d9\u05dd \u05e9\u05dc\u05e0\u05d5\u00a0<a href=\"https:\/\/www.boattoursamana.com\/he\/%d7%94%d7%96%d7%9e%d7%a0%d7%94-%d7%9e%d7%a7%d7%95%d7%95%d7%a0%d7%aa\/\" target=\"_blank\" rel=\"noopener\" data-saferedirecturl=\"https:\/\/www.google.com\/url?q=https:\/\/www.boattoursamana.com\/online-booking\/&amp;source=gmail&amp;ust=1672532492004000&amp;usg=AOvVaw3ylqI1cdbIPTimEqEWneyd\">\u05dc\u05d7\u05e5 \u05db\u05d0\u05df<\/a>. \u05db\u05e1\u05e4\u05d9\u05dd \u05d9\u05d0\u05d1\u05d3\u05d5 \u05d0\u05dd \u05d4\u05d4\u05d6\u05de\u05e0\u05d4 \u05ea\u05d1\u05d5\u05d8\u05dc \u05d1\u05d0\u05d5\u05ea\u05d5 \u05d9\u05d5\u05dd \u05e9\u05dc \u05d4\u05d8\u05d9\u05d5\u05dc.<\/p>\n\n\t\t<\/div>\n\t<\/div>\n<div class=\"vc_btn3-container vc_btn3-inline\" ><a class=\"vc_general vc_btn3 vc_btn3-size-md vc_btn3-shape-rounded vc_btn3-style-modern vc_btn3-color-green\" href=\"https:\/\/bookingadventures.tours\/booking.php?tour_id=214ab2ed515734864898e23b426328be\" title=\"\" rel=\"noopener\">\u05dc\u05d4\u05d6\u05de\u05d9\u05df \u05e2\u05db\u05e9\u05d9\u05d5<\/a><\/div><div class=\"mkdf-section-title-holder\" style=\"text-align: left\">\n\t<div class=\"mkdf-st-inner\">\n\t\t\t\t\t<h5 class=\"mkdf-st-subtitle\" >\n\t\t\t\t\u05d8\u05d9\u05d5\u05dc\u05d9\u05dd \u05d1\u05d9\u05e2\u05e8 \u05d4\u05d2\u05e9\u05dd \u05d5\u05e9\u05d9\u05d9\u05d8 \u05e7\u05d9\u05d0\u05e7\u05d9\u05dd\t\t\t<\/h5>\n\t\t\t\t\t\t\t<h3 class=\"mkdf-st-title\" >\n\t\t\t\t\u05d8\u05d9\u05d5\u05dc \u05e8\u05d2\u05dc\u05d9 + \u05e7\u05d9\u05d0\u05e7 \u05dc\u05d5\u05e1 \u05d4\u05d0\u05d9\u05d8\u05d9\u05e1\u05e1 \u05d4\u05e4\u05d0\u05e8\u05e7 \u05d4\u05dc\u05d0\u05d5\u05de\u05d9\t\t\t<\/h3>\n\t\t\t\t\t\t\t<p class=\"mkdf-st-text\" >\n\t\t\t\t\u05d7\u05d5\u05d5\u05d9\u05d4 \u05d6\u05d5 \u05d3\u05d5\u05e8\u05e9\u05ea \u05de\u05d9\u05e0\u05d9\u05de\u05d5\u05dd \u05e9\u05dc 2 \u05de\u05e9\u05ea\u05ea\u05e4\u05d9\u05dd. \u05d0\u05dd \u05d0\u05ea\u05d4 \u05dc\u05d0 \u05d1\u05df 2 \u05d0\u05e0\u05d0 \u05d0\u05dc \u05ea\u05d4\u05e1\u05e1 \u05dc\u05e4\u05e0\u05d5\u05ea \u05d0\u05dc\u05d9\u05e0\u05d5!\t\t\t<\/p>\n\t\t\t<\/div>\n<\/div><\/div><\/div><\/div><\/div><div class=\"vc_row wpb_row vc_row-fluid\" ><div class=\"wpb_column vc_column_container vc_col-sm-12\"><div class=\"vc_column-inner\"><div class=\"wpb_wrapper\"><\/div><\/div><\/div><\/div><div class=\"vc_row wpb_row vc_row-fluid\" ><\/div><div class=\"wpb_column vc_column_container vc_col-sm-12\"><div class=\"vc_column-inner\"><div class=\"wpb_wrapper\"><\/div><\/div><\/div><div class=\"vc_empty_space\"   style=\"height: 32px\"><span class=\"vc_empty_space_inner\"><\/span><\/div><div class=\"vc_empty_space\"   style=\"height: 32px\"><span class=\"vc_empty_space_inner\"><\/span><\/div><div class=\"vc_row wpb_row vc_row-fluid\" ><div class=\"wpb_column vc_column_container vc_col-sm-12\"><div class=\"vc_column-inner\"><div class=\"wpb_wrapper\"><div class=\"vc_btn3-container vc_btn3-inline\" ><a class=\"vc_general vc_btn3 vc_btn3-size-md vc_btn3-shape-rounded vc_btn3-style-modern vc_btn3-color-green\" href=\"https:\/\/bookingadventures.tours\/booking.php?tour_id=214ab2ed515734864898e23b426328be\" title=\"\" rel=\"noopener\">\u05dc\u05d4\u05d6\u05de\u05d9\u05df \u05e2\u05db\u05e9\u05d9\u05d5<\/a><\/div><\/div><\/div><\/div><\/div>","protected":false},"excerpt":{"rendered":"<p>Caminata de 3 horas y kayak and manglares en el Parque Nacional Los Haitises con un gu\u00eda tur\u00edstico local desde Sabana de la mar. Visitando las \u00e1reas de Selva Tropical, Cocos, Caf\u00e9 y Cacao. Aprendiendo sobre la historia original del Parque Nacional Los Haitises. n n n nSeleccione la fecha para el viaje de senderismo: &nbsp;<\/p>","protected":false},"author":2,"featured_media":0,"parent":0,"menu_order":0,"comment_status":"open","ping_status":"closed","template":"","meta":{"footnotes":""},"class_list":["post-15776","page","type-page","status-publish","hentry"],"_links":{"self":[{"href":"https:\/\/www.boattoursamana.com\/he\/wp-json\/wp\/v2\/pages\/15776","targetHints":{"allow":["GET"]}}],"collection":[{"href":"https:\/\/www.boattoursamana.com\/he\/wp-json\/wp\/v2\/pages"}],"about":[{"href":"https:\/\/www.boattoursamana.com\/he\/wp-json\/wp\/v2\/types\/page"}],"author":[{"embeddable":true,"href":"https:\/\/www.boattoursamana.com\/he\/wp-json\/wp\/v2\/users\/2"}],"replies":[{"embeddable":true,"href":"https:\/\/www.boattoursamana.com\/he\/wp-json\/wp\/v2\/comments?post=15776"}],"version-history":[{"count":0,"href":"https:\/\/www.boattoursamana.com\/he\/wp-json\/wp\/v2\/pages\/15776\/revisions"}],"wp:attachment":[{"href":"https:\/\/www.boattoursamana.com\/he\/wp-json\/wp\/v2\/media?parent=15776"}],"curies":[{"name":"wp","href":"https:\/\/api.w.org\/{rel}","templated":true}]}}