{"id":15790,"date":"2023-07-15T07:43:59","date_gmt":"2023-07-15T07:43:59","guid":{"rendered":"https:\/\/www.ticketswhales.com\/samana-day-trip-from-bayahibe-el-limon-waterfall-and-bacardi-island\/"},"modified":"2023-07-15T07:43:59","modified_gmt":"2023-07-15T07:43:59","slug":"samana-day-trip-from-bayahibe-el-limon-waterfall-and-bacardi-island","status":"publish","type":"page","link":"https:\/\/www.boattoursamana.com\/he\/%d7%98%d7%99%d7%95%d7%9c-%d7%99%d7%95%d7%9d-%d7%a1%d7%90%d7%9e%d7%a0%d7%94-%d7%9e%d7%9e%d7%a4%d7%9c-%d7%91%d7%90%d7%99%d7%94%d7%99%d7%91%d7%94-%d7%90%d7%9c-%d7%9c%d7%99%d7%9e%d7%95%d7%9f-%d7%95%d7%9e","title":{"rendered":"\u05d8\u05d9\u05d5\u05dc \u05d9\u05d5\u05dd \u05e1\u05de\u05e0\u05d4 \u05de-Bayahibe \u2013 \u05de\u05e4\u05dc \u05d0\u05dc \u05dc\u05d9\u05de\u05d5\u05df \u05d5\u05d4\u05d0\u05d9 \u05d1\u05e7\u05d0\u05e8\u05d3\u05d9"},"content":{"rendered":"<p><span style=\"vertical-align: inherit;\"><span style=\"vertical-align: inherit;\">Si est\u00e1s en Punta Cana o B\u00e1varo y quieres hacer una excursi\u00f3n de un d\u00eda pagando menos de lo habitual, reserva este viaje. <\/span><span style=\"vertical-align: inherit;\">Dentro de este viaje, lo llevaremos a Samana, donde en un catamar\u00e1n, lo llevar\u00e1n a Sabana de la Mar, un municipio de Hato Mayor, la casa del Parque Nacional Los Haitises. <\/span><span style=\"vertical-align: inherit;\">Este viaje incluye Safari Tour, Catamar\u00e1n, Cascada y nataci\u00f3n en la playa, y m\u00e1s. <\/span><span style=\"vertical-align: inherit;\">El viaje comienza a las 6:00 am y termina a las 6:30 pm. <\/span><span style=\"vertical-align: inherit;\">\u00a1No te lo pierdas!<\/span><\/span><br \/>\n\u05e0<br \/>\n\u05e0&\u05e0bsp;<br \/>\n\u05e0<br \/>\n\u05e0&\u05e0bsp;<br \/>\n\u05e0<br \/>\n\u05e0<strong><span style=\"vertical-align: inherit;\"><span style=\"vertical-align: inherit;\">\u05e1\u05dc\u05e6\u05d9\u05d5\u05e0\u05d4 \u05dc\u05d4 \u05e4\u05d7\u05d4 \u05e4\u05d0\u05e8 \u05d0\u05dc \u05e1\u05d9\u05d5\u05e8\u00a0<\/span><\/span><\/strong><\/p>\n<p>&nbsp;<\/p>\n<div class=\"vc_row wpb_row vc_row-fluid\" ><div class=\"wpb_column vc_column_container vc_col-sm-12\"><div class=\"vc_column-inner\"><div class=\"wpb_wrapper\"><div class=\"mkdf-section-title-holder\" style=\"text-align: left\">\n\t<div class=\"mkdf-st-inner\">\n\t\t\t\t\t<h5 class=\"mkdf-st-subtitle\" >\n\t\t\t\t(\u05d0\u05d9\u05e1\u05d5\u05e3 \u05d1\u05de\u05dc\u05d5\u05e0\u05d5\u05ea \u05d1\u05d0\u05d9\u05d4\u05d9\u05d1\u05d4)\t\t\t<\/h5>\n\t\t\t\t\t\t\t<h3 class=\"mkdf-st-title\" >\n\t\t\t\t\u05d8\u05d9\u05d5\u05dc \u05d9\u05d5\u05dd \u05e1\u05de\u05e0\u05d4 \u05de-Bayahibe - \u05de\u05e4\u05dc \u05d0\u05dc \u05dc\u05d9\u05de\u05d5\u05df \u05d5\u05d4\u05d0\u05d9 \u05d1\u05e7\u05e8\u05d3\u05d9\t\t\t<\/h3>\n\t\t\t\t\t<\/div>\n<\/div><\/div><\/div><\/div><\/div><div class=\"vc_row wpb_row vc_row-fluid\" ><div class=\"wpb_column vc_column_container vc_col-sm-12\"><div class=\"vc_column-inner\"><div class=\"wpb_wrapper\">\n\t<div class=\"wpb_text_column wpb_content_element\" >\n\t\t<div class=\"wpb_wrapper\">\n\t\t\t<p>\n\u05e0<\/p>\n<h4><b><i>\u05e1\u05e7\u05d9\u05e8\u05d4 \u05db\u05dc\u05dc\u05d9\u05ea <\/i><\/b><\/h4>\n<p>\u05d0\u05dd \u05d0\u05ea\u05dd \u05d1\u05e4\u05d5\u05e0\u05d8\u05d4 \u05e7\u05d0\u05e0\u05d4 \u05d0\u05d5 \u05d1\u05d1\u05d0\u05e8\u05d5, \u05d5\u05e8\u05d5\u05e6\u05d4 \u05dc\u05e2\u05e9\u05d5\u05ea \u05d8\u05d9\u05d5\u05dc \u05d9\u05d5\u05dd \u05d1\u05ea\u05e9\u05dc\u05d5\u05dd \u05e4\u05d7\u05d5\u05ea \u05de\u05d4\u05e8\u05d2\u05d9\u05dc, \u05e7\u05d3\u05d9\u05de\u05d4 \u05d5\u05d4\u05d6\u05de\u05d9\u05e0\u05d5 \u05d0\u05ea \u05d4\u05d8\u05d9\u05d5\u05dc \u05d4\u05d6\u05d4. \u05d1\u05ea\u05d5\u05da \u05d4\u05d8\u05d9\u05d5\u05dc \u05d4\u05d6\u05d4, \u05e0\u05d9\u05e7\u05d7 \u05d0\u05ea\u05db\u05dd \u05dc\u05e1\u05de\u05e0\u05d4, \u05e9\u05dd \u05d1\u05e7\u05d8\u05de\u05e8\u05df, \u05ea\u05d5\u05e2\u05d1\u05e8\u05d5 \u05dc\u05e1\u05d1\u05e0\u05d4 \u05d3\u05d4 \u05dc\u05d4 \u05de\u05d0\u05e8, \u05e2\u05d9\u05d9\u05e8\u05d4 \u05e9\u05dc \u05e8\u05d0\u05e9 \u05d4\u05e2\u05d9\u05e8 \u05d4\u05d0\u05d8\u05d5, \u05d4\u05d1\u05d9\u05ea \u05e9\u05dc \u05d4\u05e4\u05d0\u05e8\u05e7 \u05d4\u05dc\u05d0\u05d5\u05de\u05d9 \u05dc\u05d5\u05e1 \u05d4\u05d0\u05d9\u05d8\u05d9\u05e1\u05e1. \u05de\u05e1\u05e2 \u05d6\u05d4 \u05db\u05d5\u05dc\u05dc \u05d1\u05d9\u05e7\u05d5\u05e8 \u05d1\u05e7\u05d4\u05d9\u05dc\u05d5\u05ea \u05e1\u05de\u05e0\u05d4 \u05d5\u05d0\u05dc \u05dc\u05d9\u05de\u05d5\u05df, \u05e9\u05dd \u05ea\u05d5\u05db\u05dc\u05d5 \u05dc\u05e2\u05e9\u05d5\u05ea \u05e8\u05db\u05d9\u05d1\u05d4 \u05e2\u05dc \u05e1\u05d5\u05e1\u05d9\u05dd \u05d0\u05d5 \u05d8\u05d9\u05d5\u05dc\u05d9 \u05d4\u05dc\u05d9\u05db\u05d4 \u05dc\u05de\u05e4\u05dc \u05de\u05d9\u05d3 \u05dc\u05d0\u05d7\u05e8 \u05d7\u05e6\u05d9\u05d9\u05ea \u05de\u05e4\u05e8\u05e5 \u05e1\u05de\u05e0\u05d4. \u05d0\u05e8\u05d5\u05d7\u05ea \u05d4\u05e6\u05d4\u05e8\u05d9\u05d9\u05dd \u05ea\u05d5\u05d2\u05e9 \u05d1\u05d0\u05d9 \u05d1\u05e7\u05e8\u05d3\u05d9. \u05d4\u05d8\u05d9\u05d5\u05dc\u05d9\u05dd \u05de\u05ea\u05d7\u05d9\u05dc\u05d9\u05dd \u05d1-6:00 \u05d1\u05d1\u05d5\u05e7\u05e8 \u05d5\u05de\u05e1\u05ea\u05d9\u05d9\u05de\u05d9\u05dd \u05d1-18:30. \u05d1\u05e6\u05e2 \u05d0\u05ea \u05d4\u05d4\u05d6\u05de\u05e0\u05d4 \u05e9\u05dc\u05da \u05e2\u05db\u05e9\u05d9\u05d5!<br \/>\n\u05e0<br \/>\nnAfter this experience,\u00a0 we will drop you off at Your Hotel.<br \/>\n\u05e0<\/p>\n<ul>\n\u05e0 \t<\/p>\n<li style=\"font-weight: 400;\">\u05e2\u05de\u05dc\u05d5\u05ea \u05db\u05dc\u05d5\u05dc\u05d5\u05ea<\/li>\n<p>\u05e0 \t<\/p>\n<li>\u05d0\u05e8\u05d5\u05d7\u05ea \u05e6\u05d4\u05e8\u05d9\u05d9\u05dd \u05d1\u05d7\u05d5\u05e3 \u05db\u05dc\u05d5\u05dc\u05d4<\/li>\n<p>\u05e0 \t<\/p>\n<li>\u05d4\u05e2\u05d1\u05e8\u05d4 \u05db\u05dc\u05d5\u05dc\u05d4<\/li>\n<p>\u05e0 \t<\/p>\n<li style=\"font-weight: 400;\"><span style=\"font-weight: 400;\">\u05d4\u05de\u05d3\u05e8\u05d9\u05da \u05de\u05e1\u05e4\u05e7 \u05d4\u05d3\u05e8\u05db\u05d4 \u05d5\u05e4\u05d9\u05e7\u05d5\u05d7<\/span><\/li>\n<p>\u05e0<\/ul>\n<p>\u05e0&\u05e0bsp;<br \/>\n\u05e0<\/p>\n<h4><b>\u05d4\u05db\u05dc\u05dc\u05d5\u05ea \u05d5\u05d0\u05d9 \u05d4\u05db\u05dc\u05dc\u05d5\u05ea<\/b><\/h4>\n<p>\u05e0&\u05e0bsp;<br \/>\n\u05e0<br \/>\n\u05e0<b>\u05ea\u05db\u05dc\u05d9\u05dc\u05d9\u05dd<\/b><br \/>\n\u05e0<br \/>\n\u05e0&\u05e0bsp;<br \/>\n\u05e0<\/p>\n<ol>\n\u05e0 \t<\/p>\n<li style=\"font-weight: 400;\">\u05d0\u05d9\u05e1\u05d5\u05e3 \u05de\u05dc\u05d5\u05df<\/li>\n<p>\u05e0 \t<\/p>\n<li style=\"font-weight: 400;\">\u05de\u05e4\u05e8\u05e5 \u05e1\u05de\u05e0\u05d4<\/li>\n<p>\u05e0 \t<\/p>\n<li>\u05d4\u05d0\u05d9 \u05d1\u05e7\u05e8\u05d3\u05d9, \u05d7\u05d5\u05e3 \u05d5\u05d0\u05e8\u05d5\u05d7\u05ea \u05e6\u05d4\u05e8\u05d9\u05d9\u05dd<\/li>\n<p>\u05e0 \t<\/p>\n<li>\u05e1\u05e4\u05d0\u05e8\u05d9 \u05dc\u05d0\u05dc \u05dc\u05d9\u05de\u05d5\u05df<\/li>\n<p>\u05e0 \t<\/p>\n<li>\u05e8\u05db\u05d9\u05d1\u05d4 \u05e2\u05dc \u05e1\u05d5\u05e1\u05d9\u05dd \u05d0\u05d5 \u05d4\u05dc\u05d9\u05db\u05d4 \u05dc\u05de\u05e4\u05dc\u05d9\u05dd<\/li>\n<p>\u05e0 \t<\/p>\n<li>\u05e7\u05d5\u05e7\u05d8\u05d9\u05d9\u05dc\u05d9\u05dd \u05d3\u05d5\u05de\u05d9\u05e0\u05d9\u05e7\u05e0\u05d9\u05dd<\/li>\n<p>\u05e0 \t<\/p>\n<li style=\"font-weight: 400;\"><span style=\"font-weight: 400;\">\u05db\u05dc \u05d4\u05de\u05e1\u05d9\u05dd, \u05d4\u05e2\u05de\u05dc\u05d5\u05ea \u05d5\u05d3\u05de\u05d9 \u05d4\u05d8\u05d9\u05e4\u05d5\u05dc<\/span><\/li>\n<p>\u05e0 \t<\/p>\n<li style=\"font-weight: 400;\"><span style=\"font-weight: 400;\">\u05de\u05d9\u05e1\u05d9\u05dd \u05de\u05e7\u05d5\u05de\u05d9\u05d9\u05dd<\/span><\/li>\n<p>\u05e0 \t<\/p>\n<li style=\"font-weight: 400;\"><span style=\"font-weight: 400;\">\u05de\u05b7\u05e9\u05c1\u05e7\u05b8\u05d0\u05d5\u05b9\u05ea<\/span><\/li>\n<p>\u05e0 \t<\/p>\n<li style=\"font-weight: 400;\"><span style=\"font-weight: 400;\">\u05db\u05dc \u05d4\u05e4\u05e2\u05d9\u05dc\u05d5\u05d9\u05d5\u05ea<\/span><\/li>\n<p>\u05e0 \t<\/p>\n<li style=\"font-weight: 400;\"><span style=\"font-weight: 400;\">\u05de\u05d3\u05e8\u05d9\u05da \u05de\u05e7\u05d5\u05de\u05d9<\/span><\/li>\n<p>\u05e0<\/ol>\n<p>\u05e0<b> \u05d0\u05d9 \u05d4\u05db\u05dc\u05dc\u05d5\u05ea<\/b><br \/>\n\u05e0<\/p>\n<ol>\n\u05e0 \t<\/p>\n<li style=\"font-weight: 400;\"><span style=\"font-weight: 400;\">\u05ea\u05d5\u05d3\u05d5\u05ea<\/span><\/li>\n<p>\u05e0 \t<\/p>\n<li style=\"font-weight: 400;\"><span style=\"font-weight: 400;\">\u05de\u05e9\u05e7\u05d0\u05d5\u05ea \u05d0\u05dc\u05db\u05d5\u05d4\u05d5\u05dc\u05d9\u05d9\u05dd \u05dc\u05d0\u05d7\u05e8 \u05e7\u05d5\u05e7\u05d8\u05d9\u05d9\u05dc\u05d9\u05dd\u00a0<\/span><\/li>\n<p>\u05e0<\/ol>\n<p>\u05e0&\u05e0bsp;<br \/>\n\u05e0<\/p>\n<h4><em><strong>\u05d9\u05e6\u05d9\u05d0\u05d4 \u05d5\u05d7\u05d6\u05e8\u05d4<\/strong><\/em><\/h4>\n<p>\u05e0<span style=\"font-weight: 400;\">\u05d4\u05e0\u05d5\u05e1\u05e2 \u05d9\u05e7\u05d1\u05dc \u05e0\u05e7\u05d5\u05d3\u05ea \u05de\u05e4\u05d2\u05e9 \u05dc\u05d0\u05d7\u05e8 \u05ea\u05d4\u05dc\u05d9\u05da \u05d4\u05d4\u05d6\u05de\u05e0\u05d4. \u05d4\u05e1\u05d9\u05d5\u05e8\u05d9\u05dd \u05de\u05ea\u05d7\u05d9\u05dc\u05d9\u05dd \u05d5\u05de\u05e1\u05ea\u05d9\u05d9\u05de\u05d9\u05dd \u05d1\u05e0\u05e7\u05d5\u05d3\u05d5\u05ea \u05d4\u05de\u05e4\u05d2\u05e9 \u05e9\u05dc\u05e0\u05d5.<\/span><br \/>\n\u05e0<br \/>\n\u05e0&\u05e0bsp;<br \/>\n\u05e0<\/p>\n<h3>\u05d8\u05d9\u05d5\u05dc \u05d9\u05d5\u05dd \u05e1\u05de\u05e0\u05d4 \u05de-Bayahibe \u2013 \u05de\u05e4\u05dc \u05d0\u05dc \u05dc\u05d9\u05de\u05d5\u05df \u05d5\u05d4\u05d0\u05d9 \u05d1\u05e7\u05d0\u05e8\u05d3\u05d9<\/h3>\n<p>\u05e0<\/p>\n<h4><b><i>\u05dc\u05de\u05d4 \u05dc\u05e6\u05e4\u05d5\u05ea?<\/i><\/b><\/h4>\n<p>\u05e0&\u05e0bsp;<br \/>\n\u05e0<br \/>\n\u05e0<strong>\u05d4\u05e9\u05d2 \u05d0\u05ea \u05d4\u05db\u05e8\u05d8\u05d9\u05e1\u05d9\u05dd \u05e9\u05dc\u05da \u05e2\u05db\u05e9\u05d9\u05d5<\/strong>. \u05d4\u05de\u05e4\u05dc\u05d9\u05dd, \u05e8\u05db\u05d9\u05d1\u05d4 \u05e2\u05dc \u05e1\u05d5\u05e1\u05d9\u05dd, \u05d8\u05d9\u05d5\u05dc\u05d9\u05dd \u05d5\u05d8\u05d9\u05d5\u05dc\u05d9\u05dd \u05d1\u05e1\u05e4\u05d0\u05e8\u05d9, \u05e9\u05d7\u05d9\u05d9\u05d4 \u05d1\u05de\u05e2\u05d9\u05d9\u05e0\u05d5\u05ea \u05d4\u05d8\u05d1\u05e2\u05d9\u05d9\u05dd, \u05d0\u05e8\u05d5\u05d7\u05ea \u05e6\u05d4\u05e8\u05d9\u05d9\u05dd \u05d1\u05d0\u05d9 \u05d1\u05e7\u05e8\u05d3\u05d9 \u05d5\u05e2\u05d5\u05d3 \u05e4\u05e2\u05d9\u05dc\u05d5\u05d9\u05d5\u05ea \u05de\u05d4\u05e0\u05d5\u05ea \u05de\u05d7\u05db\u05d5\u05ea \u05dc\u05db\u05dd.<br \/>\n\u05e0<br \/>\n\u05e0\u05e6\u05d0 \u05de\u05e4\u05d5\u05e0\u05d8\u05d4 \u05e7\u05d0\u05e0\u05d4 \u05d1\u05d0\u05d5\u05d8\u05d5\u05d1\u05d5\u05e1, \u05e0\u05e6\u05d0 \u05dc\u05e0\u05de\u05dc \u05de\u05e4\u05e8\u05e5 \u05e1\u05de\u05e0\u05d4. \u05d1\u05e8\u05d2\u05e2 \u05e9\u05e0\u05d2\u05d9\u05e2 \u05dc\u05e0\u05de\u05dc, \u05e0\u05e2\u05dc\u05d4 \u05e2\u05dc \u05e1\u05d9\u05e8\u05d4 \u05d0\u05d5 \u05e7\u05d8\u05de\u05e8\u05df \u05e2\u05dd \u05de\u05d3\u05e8\u05d9\u05db\u05d9 \u05d8\u05d9\u05d5\u05dc\u05d9\u05dd \u05de\u05e7\u05d5\u05de\u05d9\u05d9\u05dd \u05e9\u05d9\u05db\u05d5\u05d5\u05e0\u05d5 \u05d0\u05d5\u05ea\u05da \u05dc\u05e7\u05d4\u05d9\u05dc\u05d4 \u05e9\u05dc \u05e1\u05de\u05e0\u05d4. \u05d1\u05e7\u05d4\u05d9\u05dc\u05d4 \u05d6\u05d5 \u05e1\u05d9\u05d5\u05e8 \u05e1\u05e4\u05d0\u05e8\u05d9 \u05d9\u05d9\u05e7\u05d7 \u05d0\u05d5\u05ea\u05da \u05dc\u05dc\u05de\u05d3 \u05d0\u05d5\u05ea\u05da \u05e2\u05dc \u05d4\u05d4\u05d9\u05e1\u05d8\u05d5\u05e8\u05d9\u05d4 \u05e9\u05dc \u05d4\u05e2\u05d9\u05e8 \u05d4\u05d6\u05d5. \u05d0\u05d1\u05dc \u05d6\u05d4 \u05dc\u05d0 \u05d4\u05db\u05dc, \u05de\u05e4\u05dc \u05d0\u05dc \u05dc\u05d9\u05de\u05d5\u05df \u05d4\u05d5\u05d0 \u05d4\u05d1\u05d0, \u05db\u05d0\u05df \u05ea\u05d5\u05db\u05dc\u05d5 \u05dc\u05e9\u05d7\u05d5\u05ea \u05d5\u05dc\u05d8\u05d9\u05d9\u05dc \u05d0\u05d5 \u05dc\u05e2\u05e9\u05d5\u05ea \u05e8\u05db\u05d9\u05d1\u05d4 \u05e2\u05dc \u05e1\u05d5\u05e1\u05d9\u05dd. \u05de\u05e4\u05dc \u05d0\u05dc \u05dc\u05d9\u05de\u05d5\u05df \u05d4\u05d5\u05d0 \u05d0\u05e0\u05d3\u05e8\u05d8\u05d4 \u05d8\u05d1\u05e2\u05d9\u05ea \u05e4\u05e0\u05d8\u05e1\u05d8\u05d9\u05ea \u05e2\u05dd \u05d9\u05e2\u05e8 \u05d8\u05e8\u05d5\u05e4\u05d9 \u05d5\u05de\u05e2\u05d9\u05d9\u05e0\u05d5\u05ea \u05d8\u05d1\u05e2\u05d9\u05d9\u05dd \u05e6\u05dc\u05d5\u05dc\u05d9\u05dd. \u05d1\u05d3\u05e8\u05da \u05d7\u05d6\u05e8\u05d4 \u05dc\u05e1\u05de\u05e0\u05d4 \u05e0\u05e2\u05e6\u05d5\u05e8 \u05d1\u05d0\u05d9 \u05d1\u05e7\u05e8\u05d3\u05d9 \u05d1\u05d5 \u05ea\u05d5\u05d2\u05e9 \u05d0\u05e8\u05d5\u05d7\u05ea \u05e6\u05d4\u05e8\u05d9\u05d9\u05dd \u05d5\u05ea\u05d5\u05db\u05dc\u05d5 \u05dc\u05e9\u05d7\u05d5\u05ea \u05d1\u05d0\u05d7\u05ea \u05d4\u05d1\u05e8\u05d9\u05db\u05d5\u05ea \u05d4\u05d8\u05d1\u05e2\u05d9\u05d5\u05ea \u05d1\u05d9\u05d5\u05ea\u05e8 \u05e9\u05dc \u05d4\u05e8\u05e4\u05d5\u05d1\u05dc\u05d9\u05e7\u05d4 \u05d4\u05d3\u05d5\u05de\u05d9\u05e0\u05d9\u05e7\u05e0\u05d9\u05ea.<br \/>\n\u05e0<br \/>\n\u05e0&\u05e0bsp;<br \/>\n\u05e0<br \/>\nnIn case you would like to adjust this trip so it is shorter or longer, please contact us.<br \/>\n\u05e0<br \/>\n\u05e0&\u05e0bsp;<br \/>\n\u05e0<\/p>\n<h4><em><strong>\u05de\u05d4 \u05db\u05d3\u05d0\u05d9 \u05dc\u05d4\u05d1\u05d9\u05d0?<\/strong><\/em><\/h4>\n<p>\u05e0<\/p>\n<ul>\n\u05e0 \t<\/p>\n<li style=\"font-weight: 400;\"><span style=\"font-weight: 400;\">\u05de\u05b7\u05e6\u05dc\u05b5\u05de\u05b8\u05d4<\/span><\/li>\n<p>\u05e0 \t<\/p>\n<li style=\"font-weight: 400;\"><span style=\"font-weight: 400;\">\u05e0\u05d9\u05e6\u05e0\u05d9\u05dd \u05d3\u05d5\u05d7\u05d9\u05dd<\/span><\/li>\n<p>\u05e0 \t<\/p>\n<li style=\"font-weight: 400;\"><span style=\"font-weight: 400;\">\u05e7\u05e8\u05dd \u05d4\u05d2\u05e0\u05d4<\/span><\/li>\n<p>\u05e0 \t<\/p>\n<li style=\"font-weight: 400;\"><span style=\"font-weight: 400;\">\u05db\u05bc\u05d5\u05b9\u05d1\u05b7\u05e2<\/span><\/li>\n<p>\u05e0 \t<\/p>\n<li style=\"font-weight: 400;\"><span style=\"font-weight: 400;\">\u05de\u05db\u05e0\u05e1\u05d9\u05d9\u05dd \u05e0\u05d5\u05d7\u05d9\u05dd<\/span><\/li>\n<p>\u05e0 \t<\/p>\n<li style=\"font-weight: 400;\"><span style=\"font-weight: 400;\">\u05e0\u05e2\u05dc\u05d9 \u05d4\u05dc\u05d9\u05db\u05d4 \u05dc\u05d9\u05e2\u05e8<\/span><\/li>\n<p>\u05e0 \t<\/p>\n<li style=\"font-weight: 400;\"><span style=\"font-weight: 400;\">\u05e1\u05e0\u05d3\u05dc\u05d9\u05dd \u05dc\u05d0\u05d6\u05d5\u05e8\u05d9 \u05d4\u05d0\u05d1\u05d9\u05d1.<\/span><\/li>\n<p>\u05e0 \t<\/p>\n<li style=\"font-weight: 400;\"><span style=\"font-weight: 400;\">\u05d1\u05d2\u05d3\u05d9 \u05e9\u05d7\u05d9\u05d9\u05d4<\/span><\/li>\n<p>\u05e0<\/ul>\n<p>\u05e0&\u05e0bsp;<br \/>\n\u05e0<\/p>\n<h4><b><i>\u05d0\u05d9\u05e1\u05d5\u05e3 \u05d1\u05de\u05dc\u05d5\u05df <\/i><\/b><\/h4>\n<p>\u05e0<span style=\"font-weight: 400;\">\u05de\u05d5\u05e6\u05e2 \u05d0\u05d9\u05e1\u05d5\u05e3 \u05de\u05d8\u05d9\u05d9\u05dc\u05d9\u05dd!<\/span><br \/>\n\u05e0<br \/>\n\u05e0<span style=\"font-weight: 400;\">\u05d0\u05e0\u05d7\u05e0\u05d5 \u05e2\u05d5\u05e9\u05d9\u05dd \u05d0\u05d9\u05e1\u05d5\u05e3 \u05de\u05db\u05dc \u05d4\u05de\u05dc\u05d5\u05e0\u05d5\u05ea \u05d1-Bayahibe. \u05de\u05d9\u05e7\u05d5\u05dd \u05d4\u05d0\u05d9\u05e1\u05d5\u05e3 \u05d4\u05d5\u05d0 \u05dc\u05d5\u05d1\u05d9 \u05d4\u05de\u05dc\u05d5\u05df<br \/>\n\u05d0\u05dd \u05d0\u05ea\u05dd \u05de\u05ea\u05d0\u05e8\u05d7\u05d9\u05dd \u05d1\u05d3\u05d9\u05e8\u05d4 \u05d1\u05d0\u05d6\u05d5\u05e8, \u05d0\u05e0\u05d7\u05e0\u05d5 \u05e0\u05d0\u05e1\u05d5\u05e3 \u05d0\u05ea\u05db\u05dd \u05d1\u05d3\u05d9\u05e8\u05d4 \u05d0\u05d5 \u05d1\u05db\u05e0\u05d9\u05e1\u05d4 \u05dc\u05d0\u05ea\u05e8 \u05d4\u05e0\u05d5\u05e4\u05e9 \u05d4\u05e7\u05e8\u05d5\u05d1 \u05d1\u05d9\u05d5\u05ea\u05e8.. \u05e7\u05d1\u05e2\u05e0\u05d5 \u05dc-Pick up \u05dc\u05d9\u05e6\u05d5\u05e8 \u05d0\u05d9\u05ea\u05e0\u05d5 \u05e7\u05e9\u05e8 \u05d1\u05d5\u05d5\u05d0\u05d8\u05e1\u05d0\u05e4.<\/span><br \/>\n\u05e0<br \/>\n\u05e0<b>\u05d4\u05e2\u05e8\u05d4:<\/b><span style=\"font-weight: 400;\"> \u05d0\u05dd \u05d0\u05ea\u05dd \u05de\u05d6\u05de\u05d9\u05e0\u05d9\u05dd \u05d1\u05ea\u05d5\u05da 24 \u05e9\u05e2\u05d5\u05ea \u05de\u05de\u05d5\u05e2\u05d3 \u05d4\u05d9\u05e6\u05d9\u05d0\u05d4 \u05e9\u05dc \u05d4\u05e1\u05d9\u05d5\u05e8\/\u05d4\u05d8\u05d9\u05d5\u05dc, \u05e0\u05d5\u05db\u05dc \u05dc\u05d0\u05e8\u05d2\u05df \u05d0\u05d9\u05e1\u05d5\u05e3 \u05de\u05d4\u05de\u05dc\u05d5\u05df \u05d1\u05e2\u05dc\u05d5\u05ea \u05e0\u05d5\u05e1\u05e4\u05ea. \u05dc\u05d0\u05d7\u05e8 \u05d4\u05e9\u05dc\u05de\u05ea \u05d4\u05e8\u05db\u05d9\u05e9\u05d4, \u05d0\u05e0\u05d5 \u05e0\u05e9\u05dc\u05d7 \u05d0\u05dc\u05d9\u05da \u05d0\u05ea \u05e4\u05e8\u05d8\u05d9 \u05d4\u05e7\u05e9\u05e8 \u05d4\u05de\u05dc\u05d0\u05d9\u05dd (\u05de\u05e1\u05e4\u05e8 \u05d8\u05dc\u05e4\u05d5\u05df, \u05db\u05ea\u05d5\u05d1\u05ea \u05d3\u05d5\u05d0&quot;\u05dc \u05d5\u05db\u05d5&#039;) \u05db\u05d3\u05d9 \u05e9\u05de\u05d3\u05e8\u05d9\u05da \u05d4\u05d8\u05d9\u05d5\u05dc\u05d9\u05dd \u05d4\u05de\u05e7\u05d5\u05de\u05d9 \u05e9\u05dc\u05e0\u05d5 \u05d9\u05d5\u05db\u05dc \u05dc\u05d0\u05e8\u05d2\u05df \u05e1\u05d9\u05d3\u05d5\u05e8\u05d9 \u05d0\u05d9\u05e1\u05d5\u05e3.<\/span><br \/>\n\u05e0<\/p>\n<h4><b><i>\u05d0\u05d9\u05e9\u05d5\u05e8 \u05de\u05d9\u05d3\u05e2 \u05e0\u05d5\u05e1\u05e3 <\/i><\/b><\/h4>\n<p>\u05e0<\/p>\n<ol>\n\u05e0 \t<\/p>\n<li>\u05db\u05e8\u05d8\u05d9\u05e1\u05d9\u05dd \u05d4\u05dd \u05d4\u05e7\u05d1\u05dc\u05d4 \u05dc\u05d0\u05d7\u05e8 \u05ea\u05e9\u05dc\u05d5\u05dd \u05e1\u05d9\u05d5\u05e8 \u05d6\u05d4. \u05d0\u05ea\u05d4 \u05d9\u05db\u05d5\u05dc \u05dc\u05d4\u05e6\u05d9\u05d2 \u05d0\u05ea \u05d4\u05ea\u05e9\u05dc\u05d5\u05dd \u05d1\u05d8\u05dc\u05e4\u05d5\u05df \u05e9\u05dc\u05da.<\/li>\n<p>\u05e0 \t<\/p>\n<li style=\"font-weight: 400;\"><span style=\"font-weight: 400;\">\u05e0\u05e7\u05d5\u05d3\u05ea \u05de\u05e4\u05d2\u05e9 \u05ea\u05ea\u05e7\u05d1\u05dc \u05dc\u05d0\u05d7\u05e8 \u05ea\u05d4\u05dc\u05d9\u05da \u05d4\u05d4\u05d6\u05de\u05e0\u05d4.<\/span><\/li>\n<p>\u05e0 \t<\/p>\n<li style=\"font-weight: 400;\"><span style=\"font-weight: 400;\">\u05d9\u05dc\u05d3\u05d9\u05dd \u05d7\u05d9\u05d9\u05d1\u05d9\u05dd \u05d1\u05dc\u05d9\u05d5\u05d5\u05d9 \u05de\u05d1\u05d5\u05d2\u05e8.<\/span><\/li>\n<p>\u05e0 \t<\/p>\n<li style=\"font-weight: 400;\"><span style=\"font-weight: 400;\"> \u05dc\u05d0 \u05e0\u05d2\u05d9\u05e9 \u05dc\u05db\u05d9\u05e1\u05d0 \u05d2\u05dc\u05d2\u05dc\u05d9\u05dd <\/span><\/li>\n<p>\u05e0 \t<\/p>\n<li style=\"font-weight: 400;\"><span style=\"font-weight: 400;\">\u05ea\u05d9\u05e0\u05d5\u05e7\u05d5\u05ea \u05d7\u05d9\u05d9\u05d1\u05d9\u05dd \u05dc\u05e9\u05d1\u05ea \u05e2\u05dc \u05d1\u05e8\u05db\u05d9\u05d9\u05dd <\/span><\/li>\n<p>\u05e0 \t<\/p>\n<li style=\"font-weight: 400;\"><span style=\"font-weight: 400;\">\u05dc\u05d0 \u05de\u05d5\u05de\u05dc\u05e5 \u05dc\u05de\u05d8\u05d9\u05d9\u05dc\u05d9\u05dd \u05e2\u05dd \u05d1\u05e2\u05d9\u05d5\u05ea \u05d2\u05d1<\/span><\/li>\n<p>\u05e0 \t<\/p>\n<li style=\"font-weight: 400;\"><span style=\"font-weight: 400;\">\u05dc\u05d0 \u05de\u05d5\u05de\u05dc\u05e5 \u05dc\u05e0\u05d5\u05e1\u05e2\u05d9\u05dd \u05d1\u05d4\u05e8\u05d9\u05d5\u05df <\/span><\/li>\n<p>\u05e0 \t<\/p>\n<li style=\"font-weight: 400;\"><span style=\"font-weight: 400;\"> \u05dc\u05dc\u05d0 \u05d1\u05e2\u05d9\u05d5\u05ea \u05dc\u05d1 \u05d0\u05d5 \u05de\u05e6\u05d1\u05d9\u05dd \u05e8\u05e4\u05d5\u05d0\u05d9\u05d9\u05dd \u05d7\u05de\u05d5\u05e8\u05d9\u05dd \u05d0\u05d7\u05e8\u05d9\u05dd <\/span><\/li>\n<p>\u05e0 \t<\/p>\n<li style=\"font-weight: 400;\"><span style=\"font-weight: 400;\">\u05e8\u05d5\u05d1 \u05d4\u05de\u05d8\u05d9\u05d9\u05dc\u05d9\u05dd \u05d9\u05db\u05d5\u05dc\u05d9\u05dd \u05dc\u05d4\u05e9\u05ea\u05ea\u05e3<\/span><\/li>\n<p>\u05e0<\/ol>\n<p>\u05e0<\/p>\n<h4><b><i>\u05de\u05d3\u05d9\u05e0\u05d9\u05d5\u05ea \u05d1\u05d9\u05d8\u05d5\u05dc<\/i><\/b><\/h4>\n<p>n\u05e2\u05d1\u05d5\u05e8 \u05d4\u05d7\u05d6\u05e8 \u05de\u05dc\u05d0, \u05d0\u05e0\u05d0 \u05e7\u05e8\u05d0 \u05d0\u05ea \u05de\u05d3\u05d9\u05e0\u05d9\u05d5\u05ea \u05d4\u05d1\u05d9\u05d8\u05d5\u05dc\u05d9\u05dd \u05e9\u05dc\u05e0\u05d5\u00a0<a href=\"https:\/\/www.boattoursamana.com\/he\/%d7%94%d7%96%d7%9e%d7%a0%d7%94-%d7%9e%d7%a7%d7%95%d7%95%d7%a0%d7%aa\/\" target=\"_blank\" rel=\"noopener\" data-saferedirecturl=\"https:\/\/www.google.com\/url?q=https:\/\/www.boattoursamana.com\/online-booking\/&amp;source=gmail&amp;ust=1672449202351000&amp;usg=AOvVaw1yAeVAPktmaVCqDujgUn90\">\u05dc\u05d7\u05e5 \u05db\u05d0\u05df<\/a>. \u05db\u05e1\u05e4\u05d9\u05dd \u05d9\u05d0\u05d1\u05d3\u05d5 \u05d0\u05dd \u05d4\u05d4\u05d6\u05de\u05e0\u05d4 \u05ea\u05d1\u05d5\u05d8\u05dc \u05d1\u05d0\u05d5\u05ea\u05d5 \u05d9\u05d5\u05dd \u05e9\u05dc \u05d4\u05d8\u05d9\u05d5\u05dc.<\/p>\n\n\t\t<\/div>\n\t<\/div>\n<\/div><\/div><\/div><\/div><div class=\"vc_row wpb_row vc_row-fluid\" ><\/div><div class=\"wpb_column vc_column_container vc_col-sm-12\"><div class=\"vc_column-inner\"><div class=\"wpb_wrapper\"><\/div><\/div><\/div><div class=\"vc_empty_space\"   style=\"height: 32px\"><span class=\"vc_empty_space_inner\"><\/span><\/div>\n\t<div class=\"wpb_text_column wpb_content_element\" >\n\t\t<div class=\"wpb_wrapper\">\n\t\t\t<p>\n\u05e0<br \/>\n\u05d0\u05e0\u05d9 \u05d1\u05dc\u05d5\u05e7 \u05d8\u05e7\u05e1\u05d8. \u05dc\u05d7\u05e5 \u05e2\u05dc \u05db\u05e4\u05ea\u05d5\u05e8 \u05e2\u05e8\u05d5\u05da \u05db\u05d3\u05d9 \u05dc\u05e9\u05e0\u05d5\u05ea \u05d0\u05ea \u05d4\u05d8\u05e7\u05e1\u05d8 \u05d4\u05d6\u05d4. Lorem ipsum dolor sit amet, consectetur adipiscing elit. Ut elit tellus, luctus nec ullamcorper mattis, pulvinar dapibus leo.<br \/>\n\u05e0<br \/>\n\u05e0<\/p>\n\n\t\t<\/div>\n\t<\/div>\n<div class=\"vc_empty_space\"   style=\"height: 32px\"><span class=\"vc_empty_space_inner\"><\/span><\/div>","protected":false},"excerpt":{"rendered":"<p>Si est\u00e1s en Punta Cana o B\u00e1varo y quieres hacer una excursi\u00f3n de un d\u00eda pagando menos de lo habitual, reserva este viaje. Dentro de este viaje, lo llevaremos a Samana, donde en un catamar\u00e1n, lo llevar\u00e1n a Sabana de la Mar, un municipio de Hato Mayor, la casa del Parque Nacional Los Haitises. Este viaje incluye Safari Tour, Catamar\u00e1n, Cascada y nataci\u00f3n en la playa, y m\u00e1s. El viaje comienza a las 6:00 am y termina a las 6:30 [&hellip;]<\/p>\n","protected":false},"author":2,"featured_media":0,"parent":0,"menu_order":0,"comment_status":"open","ping_status":"closed","template":"","meta":{"footnotes":""},"class_list":["post-15790","page","type-page","status-publish","hentry"],"_links":{"self":[{"href":"https:\/\/www.boattoursamana.com\/he\/wp-json\/wp\/v2\/pages\/15790","targetHints":{"allow":["GET"]}}],"collection":[{"href":"https:\/\/www.boattoursamana.com\/he\/wp-json\/wp\/v2\/pages"}],"about":[{"href":"https:\/\/www.boattoursamana.com\/he\/wp-json\/wp\/v2\/types\/page"}],"author":[{"embeddable":true,"href":"https:\/\/www.boattoursamana.com\/he\/wp-json\/wp\/v2\/users\/2"}],"replies":[{"embeddable":true,"href":"https:\/\/www.boattoursamana.com\/he\/wp-json\/wp\/v2\/comments?post=15790"}],"version-history":[{"count":0,"href":"https:\/\/www.boattoursamana.com\/he\/wp-json\/wp\/v2\/pages\/15790\/revisions"}],"wp:attachment":[{"href":"https:\/\/www.boattoursamana.com\/he\/wp-json\/wp\/v2\/media?parent=15790"}],"curies":[{"name":"wp","href":"https:\/\/api.w.org\/{rel}","templated":true}]}}