{"id":15796,"date":"2023-07-15T07:43:59","date_gmt":"2023-07-15T07:43:59","guid":{"rendered":"https:\/\/www.ticketswhales.com\/live-the-jungle-in-los-haitises-waterfalls-yanigua\/"},"modified":"2023-07-15T07:43:59","modified_gmt":"2023-07-15T07:43:59","slug":"live-the-jungle-in-los-haitises-waterfalls-yanigua","status":"publish","type":"page","link":"https:\/\/www.boattoursamana.com\/he\/%d7%9c%d7%97%d7%99%d7%95%d7%aa-%d7%90%d7%aa-%d7%94%d7%92%d7%95%d7%a0%d7%92%d7%9c-%d7%91%d7%9e%d7%a4%d7%9c%d7%99-%d7%9c%d7%95%d7%a1-haitises-yanigua-2","title":{"rendered":"\u05d7\u05d9 \u05d0\u05ea \u05d4\u05d2&#039;\u05d5\u05e0\u05d2\u05dc \u05d1\u05de\u05e4\u05dc\u05d9 \u05dc\u05d5\u05e1 \u05d4\u05d0\u05d9\u05d8\u05d9\u05e1\u05e1 \u05d9\u05d0\u05e0\u05d9\u05d2\u05d5\u05d0\u05d4"},"content":{"rendered":"<p><span style=\"font-weight: 400;\"><span style=\"vertical-align: inherit;\"><span style=\"vertical-align: inherit;\">Cascadas, Ambars Rock, Natural Mud Maks y una casa en el \u00e1rbol en un solo lugar. <\/span><span style=\"vertical-align: inherit;\">Esc\u00e1pate de la ciudad para sumergirte en el ecoturismo de la provincia de Hato Mayor, la primera provincia ecotur\u00edstica de Rep\u00fablica Dominicana. <\/span><\/span><\/span><span style=\"font-weight: 400;\"><span style=\"vertical-align: inherit;\"><span style=\"vertical-align: inherit;\">Ven con nosotros y disfruta de las frescas aguas del r\u00edo Yanigua, donde se encuentran El Salto y Rancho Yanigua, el lugar es de f\u00e1cil acceso, rodeado de arbustos, y con carb\u00f3n mineral y barro azul en sus aguas, el Yanigua es un anfiteatro de agua, formdo deslizamientos de tierra o esparcimiento que se asemejan a escalones blancos, dando una vista impresionante y espectacular al visitante.<\/span><\/span><\/span><br \/>\n\u05e0<br \/>\n\u05e0&\u05e0bsp;<br \/>\n\u05e0<br \/>\n\u05e0<strong><span style=\"vertical-align: inherit;\"><span style=\"vertical-align: inherit;\">Seleccione la fecha para el Tour:<\/span><\/span><\/strong><\/p>\n<p>&nbsp;<\/p>\n<div class=\"vc_row wpb_row vc_row-fluid\" ><div class=\"wpb_column vc_column_container vc_col-sm-12\"><div class=\"vc_column-inner\"><div class=\"wpb_wrapper\"><div class=\"mkdf-section-title-holder\" style=\"text-align: left\">\n\t<div class=\"mkdf-st-inner\">\n\t\t\t\t\t<h5 class=\"mkdf-st-subtitle\" >\n\t\t\t\t\u05d7\u05d9 \u05d0\u05ea \u05d4\u05d2&#039;\u05d5\u05e0\u05d2\u05dc \u05d1\u05de\u05e4\u05dc\u05d9 \u05dc\u05d5\u05e1 \u05d4\u05d0\u05d9\u05d8\u05d9\u05e1\u05e1\t\t\t<\/h5>\n\t\t\t\t\t\t\t<h3 class=\"mkdf-st-title\" >\n\t\t\t\t\u05d4\u05e4\u05d0\u05e8\u05e7 \u05d4\u05dc\u05d0\u05d5\u05de\u05d9 \u05dc\u05d5\u05e1 \u05d4\u05d0\u05d9\u05d8\u05d9\u05e1\u05e1\t\t\t<\/h3>\n\t\t\t\t\t<\/div>\n<\/div><\/div><\/div><\/div><\/div><div class=\"vc_row wpb_row vc_row-fluid\" ><div class=\"wpb_column vc_column_container vc_col-sm-12\"><div class=\"vc_column-inner\"><div class=\"wpb_wrapper\">\n\t<div class=\"wpb_text_column wpb_content_element\" >\n\t\t<div class=\"wpb_wrapper\">\n\t\t\t<p>\n\u05e0<\/p>\n<h4><\/h4>\n<p>\u05e0<\/p>\n<h2><strong>\u05dc\u05d7\u05d9\u05d5\u05ea \u05d0\u05ea \u05d4\u05d2&#039;\u05d5\u05e0\u05d2\u05dc \u05d1\u05de\u05e4\u05dc\u05d9 \u05dc\u05d5\u05e1 \u05d4\u05d0\u05d9\u05d8\u05d9\u05e1\u05e1<\/strong><\/h2>\n<p>\u05e0<\/p>\n<h4><b><i>\u05e1\u05e7\u05d9\u05e8\u05d4 \u05db\u05dc\u05dc\u05d9\u05ea <\/i><\/b><\/h4>\n<p>\u05e0<span style=\"font-weight: 400;\">\u05d1\u05e8\u05d7\u05d5 \u05de\u05d4\u05e2\u05d9\u05e8 \u05db\u05d3\u05d9 \u05dc\u05d8\u05d1\u05d5\u05dc \u05d0\u05ea \u05e2\u05e6\u05de\u05db\u05dd \u05d1\u05ea\u05d9\u05d9\u05e8\u05d5\u05ea \u05d4\u05d0\u05e7\u05d5\u05dc\u05d5\u05d2\u05d9\u05ea \u05e9\u05dc \u05de\u05d7\u05d5\u05d6 Hato Mayor, \u05de\u05d7\u05d5\u05d6 \u05d4\u05ea\u05d9\u05d9\u05e8\u05d5\u05ea \u05d4\u05d0\u05e7\u05d5\u05dc\u05d5\u05d2\u05d9\u05ea \u05d4\u05e8\u05d0\u05e9\u05d5\u05e0\u05d4 \u05e9\u05dc \u05d4\u05e8\u05e4\u05d5\u05d1\u05dc\u05d9\u05e7\u05d4 \u05d4\u05d3\u05d5\u05de\u05d9\u05e0\u05d9\u05e7\u05e0\u05d9\u05ea. <\/span><span style=\"font-weight: 400;\">\u05d1\u05d5\u05d0\u05d5 \u05d0\u05d9\u05ea\u05e0\u05d5 \u05d5\u05ea\u05d9\u05d4\u05e0\u05d5 \u05de\u05d4\u05de\u05d9\u05dd \u05d4\u05de\u05ea\u05d5\u05e7\u05d9\u05dd \u05e9\u05dc \u05e0\u05d4\u05e8 \u05d4- Yanigua, \u05e9\u05dd \u05de\u05de\u05d5\u05e7\u05de\u05d9\u05dd \u05d0\u05dc \u05e1\u05dc\u05d8\u05d5 \u05d5\u05e8\u05e0\u05e6&#039;\u05d5 Yanigua, \u05d4\u05de\u05e7\u05d5\u05dd \u05e0\u05d2\u05d9\u05e9 \u05d1\u05e7\u05dc\u05d5\u05ea, \u05de\u05d5\u05e7\u05e3 \u05d1\u05e9\u05d9\u05d7\u05d9\u05dd \u05d5\u05d1\u05de\u05d9\u05de\u05d9\u05d5 \u05e4\u05d7\u05dd \u05de\u05d9\u05e0\u05e8\u05dc\u05d9 \u05d5\u05d1\u05d5\u05e5 \u05db\u05d7\u05d5\u05dc, \u05d4- Yanigua \u05d4\u05d5\u05d0 \u05d1\u05d5-\u05d6\u05de\u05e0\u05d9\u05ea \u05d0\u05de\u05e4\u05d9\u05ea\u05d9\u05d0\u05d8\u05e8\u05d5\u05df \u05de\u05d9\u05dd, \u05e2\u05dc \u05d9\u05d3\u05d9 \u05d9\u05e6\u05d9\u05e8\u05ea \u05de\u05e4\u05d5\u05dc\u05d5\u05ea \u05d0\u05d5 \u05e4\u05d9\u05d6\u05d5\u05e8 \u05d4\u05d3\u05d5\u05de\u05d5\u05ea \u05dc\u05de\u05d3\u05e8\u05d2\u05d5\u05ea \u05dc\u05d1\u05e0\u05d5\u05ea, \u05d4\u05de\u05e2\u05e0\u05d9\u05e7\u05d5\u05ea \u05e0\u05d5\u05e3 \u05de\u05e8\u05e9\u05d9\u05dd \u05d5\u05de\u05e8\u05d4\u05d9\u05d1 \u05dc\u05de\u05d1\u05e7\u05e8.<\/span><br \/>\n\u05e0<br \/>\n\u05e0&\u05e0bsp;<br \/>\n\u05e0<br \/>\n\u05e0<span style=\"font-weight: 400;\">\u05d0\u05d2\u05d3\u05d4 \u05de\u05e1\u05e4\u05e8\u05ea \u05db\u05d9 \u05de\u05d9\u05de\u05d9 \u05d4- Yanigua \u05d4\u05dd \u05d4\u05de\u05e7\u05d5\u05dd \u05e9\u05d1\u05d5 \u05d4\u05e1\u05d9\u05d2\u05d5\u05d0\u05e4\u05d5\u05ea \u05e9\u05d5\u05d8\u05e4\u05d5\u05ea \u05d5\u05de\u05e9\u05d6\u05e4\u05d5\u05ea \u05d0\u05ea \u05e8\u05e2\u05de\u05d5\u05ea\u05d9\u05d4\u05df \u05d1\u05d1\u05d5\u05e5, \u05e9\u05dc\u05e4\u05d9 \u05d4\u05e0\u05e8\u05d0\u05d4 \u05d4\u05d9\u05d5 \u05e7\u05d9\u05d9\u05de\u05d5\u05ea \u05d1\u05d0\u05d6\u05d5\u05e8 \u05de\u05d0\u05d6 \u05d5\u05de\u05ea\u05de\u05d9\u05d3. <\/span><span style=\"font-weight: 400;\">\u05d1\u05de\u05d4\u05dc\u05da \u05d4\u05e4\u05e2\u05d9\u05dc\u05d5\u05ea \u05ea\u05d4\u05e0\u05d5 \u05de\u05d0\u05de\u05d1\u05d8 \u05d1\u05d5\u05e5 \u05d8\u05d9\u05e4\u05d5\u05dc\u05d9 \u05dc\u05d7\u05d9\u05d3\u05d5\u05e9, \u05e8\u05d9\u05e4\u05d5\u05d9 \u05d0\u05e7\u05e0\u05d4, \u05e4\u05d9\u05dc\u05d9\u05e0\u05d2, \u05e8\u05d9\u05e4\u05d5\u05d9 \u05d3\u05dc\u05e7\u05d5\u05ea \u05e4\u05e8\u05e7\u05d9\u05dd, \u05d6\u05e8\u05d9\u05de\u05ea \u05d3\u05dd \u05d5\u05d4\u05d7\u05d9\u05d9\u05d0\u05ea \u05d4\u05d0\u05e0\u05e8\u05d2\u05d9\u05d5\u05ea \u05e9\u05dc \u05d4\u05d2\u05d5\u05e3. <\/span><span style=\"font-weight: 400;\">\u05d2\u05dd \u05de\u05d1\u05d9\u05ea \u05d8\u05e8\u05d6\u05df \u05d1\u05e2\u05dc \u05ea\u05d7\u05ea\u05d9\u05ea \u05d4\u05d6\u05db\u05d5\u05db\u05d9\u05ea, \u05d4\u05d1\u05e0\u05d5\u05d9 \u05e2\u05dc \u05e2\u05e5 \u05e9\u05d2\u05d5\u05d1\u05d4\u05d5 \u05e9\u05d5\u05d5\u05d4 \u05dc\u05d1\u05e0\u05d9\u05d9\u05df \u05d1\u05df 7 \u05e7\u05d5\u05de\u05d5\u05ea. \u05d0\u05ea\u05d4 \u05d9\u05d5\u05d3\u05e2 \u05e2\u05dc \u05ea\u05e8\u05d1\u05d5\u05ea \u05d4\u05e2\u05e0\u05d1\u05e8 \u05d5\u05d4\u05e7\u05e7\u05d0\u05d5.<\/span><br \/>\n\u05e0<br \/>\n\u05e0&\u05e0bsp;<br \/>\n\u05e0<\/p>\n<h2><strong>\u05d4\u05e4\u05e2\u05d9\u05dc\u05d5\u05ea \u05db\u05d5\u05dc\u05dc\u05ea:<\/strong><\/h2>\n<p>\u05e0&\u05e0bsp;<br \/>\n\u05e0<\/p>\n<ul>\n\u05e0 \t<\/p>\n<li style=\"font-weight: 400;\"><span style=\"font-weight: 400;\">\u05d4\u05e2\u05d1\u05e8\u05d4 \u05de\u05e1\u05d1\u05e0\u05d4 \u05d3\u05d4 \u05dc\u05d4 \u05de\u05d0\u05e8 \u05e4\u05d5\u05e8<\/span><\/li>\n<p>\u05e0 \t<\/p>\n<li style=\"font-weight: 400;\"><span style=\"font-weight: 400;\">\u05d8\u05e8\u05e7\u05d9\u05dd<\/span><\/li>\n<p>\u05e0 \t<\/p>\n<li style=\"font-weight: 400;\"><span style=\"font-weight: 400;\">\u05de\u05e1\u05db\u05ea \u05d1\u05d5\u05e5 \u05e9\u05dc \u05e0\u05d4\u05e8\u00a0<\/span><\/li>\n<p>\u05e0 \t<\/p>\n<li style=\"font-weight: 400;\"><span style=\"font-weight: 400;\">\u05de\u05d6\u05e0\u05d5\u05df \u05d0\u05e8\u05d5\u05d7\u05ea \u05e6\u05d4\u05e8\u05d9\u05d9\u05dd<\/span><\/li>\n<p>\u05e0 \t<\/p>\n<li style=\"font-weight: 400;\"><span style=\"font-weight: 400;\">\u05d1\u05d9\u05ea \u05e2\u05e5 \u05e2\u05dd \u05e8\u05e6\u05e4\u05ea \u05d6\u05db\u05d5\u05db\u05d9\u05ea<\/span><\/li>\n<p>\u05e0 \t<\/p>\n<li style=\"font-weight: 400;\"><span style=\"font-weight: 400;\">\u05ea\u05d4\u05dc\u05d9\u05da \u05e7\u05e7\u05d0\u05d5<\/span><\/li>\n<p>\u05e0 \t<\/p>\n<li style=\"font-weight: 400;\"><span style=\"font-weight: 400;\">\u05e7\u05e4\u05d4 \u05d0\u05d5\u05e8\u05d2\u05e0\u05d9<\/span><\/li>\n<p>\u05e0 \t<\/p>\n<li style=\"font-weight: 400;\"><span style=\"font-weight: 400;\">\u05de\u05e4\u05dc \u05de\u05d9\u05dd<\/span><\/li>\n<p>\u05e0 \t<\/p>\n<li style=\"font-weight: 400;\"><span style=\"font-weight: 400;\">\u00a0\u05de\u05d3\u05e8\u05d9\u05da \u05ea\u05d9\u05d9\u05e8\u05d9\u05dd \u05dc\u05d0\u05d5\u05de\u05d9<\/span><\/li>\n<p>\u05e0 \t<\/p>\n<li style=\"font-weight: 400;\"><span style=\"font-weight: 400;\">\u00a0\u05d5\u05d5\u05d9\u05d9 - \u05e4\u05d9\u05d9<\/span><\/li>\n<p>\u05e0 \t<\/p>\n<li style=\"font-weight: 400;\"><span style=\"font-weight: 400;\">\u05d7\u05e0\u05d5\u05d9\u05d5\u05ea \u05d0\u05de\u05d1\u05e8 \u05e8\u05d5\u05e7<\/span><\/li>\n<p>\u05e0<\/ul>\n<p>\u05e0&\u05e0bsp;<br \/>\n\u05e0<br \/>\n\u05e0<b>\u05d4\u05e2\u05e8\u05d4:<\/b><br \/>\n\u05e0<br \/>\n\u05e0<span style=\"font-weight: 400;\">\u05d1\u05e1\u05dc\u05d8\u05d5 \u05d5\u05e8\u05e0\u05e6&#039;\u05d5 \u05d9\u05d0\u05e0\u05d9\u05d2\u05d5\u05d0\u05d4 \u05d0\u05d9\u05df \u05d0\u05d5\u05ea \u05d8\u05dc\u05e4\u05d5\u05df, \u05d7\u05e9\u05d5\u05d1 \u05dc\u05e7\u05d7\u05ea \u05d1\u05d7\u05e9\u05d1\u05d5\u05df \u05ea\u05e7\u05e9\u05d5\u05e8\u05ea \u05d7\u05d9\u05e6\u05d5\u05e0\u05d9\u05ea, \u05d0\u05d1\u05dc \u05d9\u05e9 \u05dc\u05e0\u05d5 \u05e8\u05e9\u05ea \u05e4\u05e8\u05d8\u05d9\u05ea \u05de\u05e9\u05dc\u05e0\u05d5 \u05e2\u05dd \u05d0\u05d9\u05e0\u05d8\u05e8\u05e0\u05d8 \u05dc\u05e6\u05d9\u05d1\u05d5\u05e8<\/span><br \/>\n\u05e0<br \/>\n\u05e0&\u05e0bsp;<br \/>\n\u05e0<\/p>\n<h4><em><strong>\u05de\u05d4 \u05db\u05d3\u05d0\u05d9 \u05dc\u05d4\u05d1\u05d9\u05d0?<\/strong><\/em><\/h4>\n<p>\u05e0<\/p>\n<ul>\n\u05e0 \t<\/p>\n<li style=\"font-weight: 400;\"><span style=\"font-weight: 400;\">\u05de\u05b7\u05e6\u05dc\u05b5\u05de\u05b8\u05d4<\/span><\/li>\n<p>\u05e0 \t<\/p>\n<li style=\"font-weight: 400;\"><span style=\"font-weight: 400;\">\u05e0\u05d9\u05e6\u05e0\u05d9\u05dd \u05d3\u05d5\u05d7\u05d9\u05dd<\/span><\/li>\n<p>\u05e0 \t<\/p>\n<li style=\"font-weight: 400;\"><span style=\"font-weight: 400;\">\u05e7\u05e8\u05dd \u05d4\u05d2\u05e0\u05d4<\/span><\/li>\n<p>\u05e0 \t<\/p>\n<li style=\"font-weight: 400;\"><span style=\"font-weight: 400;\">\u05db\u05bc\u05d5\u05b9\u05d1\u05b7\u05e2<\/span><\/li>\n<p>\u05e0 \t<\/p>\n<li style=\"font-weight: 400;\"><span style=\"font-weight: 400;\">\u05de\u05db\u05e0\u05e1\u05d9\u05d9\u05dd \u05e0\u05d5\u05d7\u05d9\u05dd<\/span><\/li>\n<p>\u05e0 \t<\/p>\n<li style=\"font-weight: 400;\"><span style=\"font-weight: 400;\">\u05e0\u05e2\u05dc\u05d9 \u05d4\u05dc\u05d9\u05db\u05d4 \u05dc\u05d9\u05e2\u05e8<\/span><\/li>\n<p>\u05e0 \t<\/p>\n<li style=\"font-weight: 400;\"><span style=\"font-weight: 400;\">\u05e1\u05e0\u05d3\u05dc\u05d9\u05dd \u05dc\u05d0\u05d6\u05d5\u05e8\u05d9 \u05d4\u05d0\u05d1\u05d9\u05d1.<\/span><\/li>\n<p>\u05e0 \t<\/p>\n<li style=\"font-weight: 400;\"><span style=\"font-weight: 400;\">\u05d1\u05d2\u05d3\u05d9 \u05e9\u05d7\u05d9\u05d9\u05d4<\/span><\/li>\n<p>\u05e0<\/ul>\n<p>\u05e0&\u05e0bsp;<br \/>\n\u05e0<\/p>\n<h4><b><i>\u05d0\u05d9\u05e1\u05d5\u05e3 \u05d1\u05de\u05dc\u05d5\u05df <\/i><\/b><\/h4>\n<p>\u05e0<span style=\"font-weight: 400;\">\u05dc\u05d0 \u05de\u05d5\u05e6\u05e2 \u05d0\u05d9\u05e1\u05d5\u05e3 \u05de\u05d4\u05de\u05dc\u05d5\u05df \u05e2\u05d1\u05d5\u05e8 \u05e1\u05d9\u05d5\u05e8 \u05d6\u05d4. <\/span><br \/>\n\u05e0<br \/>\n\u05e0&\u05e0bsp;<br \/>\n\u05e0<br \/>\n\u05e0<b>\u05d4\u05e2\u05e8\u05d4:<\/b><span style=\"font-weight: 400;\"> \u05d0\u05dd \u05d0\u05ea\u05dd \u05de\u05d6\u05de\u05d9\u05e0\u05d9\u05dd \u05d1\u05ea\u05d5\u05da 24 \u05e9\u05e2\u05d5\u05ea \u05de\u05de\u05d5\u05e2\u05d3 \u05d4\u05d9\u05e6\u05d9\u05d0\u05d4 \u05e9\u05dc \u05d4\u05e1\u05d9\u05d5\u05e8\/\u05d4\u05d8\u05d9\u05d5\u05dc, \u05e0\u05d5\u05db\u05dc \u05dc\u05d0\u05e8\u05d2\u05df \u05d0\u05d9\u05e1\u05d5\u05e3 \u05de\u05d4\u05de\u05dc\u05d5\u05df \u05d1\u05e2\u05dc\u05d5\u05ea \u05e0\u05d5\u05e1\u05e4\u05ea. \u05dc\u05d0\u05d7\u05e8 \u05d4\u05e9\u05dc\u05de\u05ea \u05d4\u05e8\u05db\u05d9\u05e9\u05d4, \u05d0\u05e0\u05d5 \u05e0\u05e9\u05dc\u05d7 \u05d0\u05dc\u05d9\u05da \u05d0\u05ea \u05e4\u05e8\u05d8\u05d9 \u05d4\u05e7\u05e9\u05e8 \u05d4\u05de\u05dc\u05d0\u05d9\u05dd (\u05de\u05e1\u05e4\u05e8 \u05d8\u05dc\u05e4\u05d5\u05df, \u05db\u05ea\u05d5\u05d1\u05ea \u05d3\u05d5\u05d0&quot;\u05dc \u05d5\u05db\u05d5&#039;) \u05db\u05d3\u05d9 \u05e9\u05de\u05d3\u05e8\u05d9\u05da \u05d4\u05d8\u05d9\u05d5\u05dc\u05d9\u05dd \u05d4\u05de\u05e7\u05d5\u05de\u05d9 \u05e9\u05dc\u05e0\u05d5 \u05d9\u05d5\u05db\u05dc \u05dc\u05d0\u05e8\u05d2\u05df \u05e1\u05d9\u05d3\u05d5\u05e8\u05d9 \u05d0\u05d9\u05e1\u05d5\u05e3.<\/span><br \/>\n\u05e0<\/p>\n<h4><b><i>\u05d0\u05d9\u05e9\u05d5\u05e8 \u05de\u05d9\u05d3\u05e2 \u05e0\u05d5\u05e1\u05e3 <\/i><\/b><\/h4>\n<p>\u05e0<\/p>\n<ol>\n\u05e0 \t<\/p>\n<li>\u05db\u05e8\u05d8\u05d9\u05e1\u05d9\u05dd \u05d4\u05dd \u05d4\u05e7\u05d1\u05dc\u05d4 \u05dc\u05d0\u05d7\u05e8 \u05ea\u05e9\u05dc\u05d5\u05dd \u05e1\u05d9\u05d5\u05e8 \u05d6\u05d4. \u05d0\u05ea\u05d4 \u05d9\u05db\u05d5\u05dc \u05dc\u05d4\u05e6\u05d9\u05d2 \u05d0\u05ea \u05d4\u05ea\u05e9\u05dc\u05d5\u05dd \u05d1\u05d8\u05dc\u05e4\u05d5\u05df \u05e9\u05dc\u05da.<\/li>\n<p>\u05e0 \t<\/p>\n<li style=\"font-weight: 400;\"><span style=\"font-weight: 400;\">\u05e0\u05e7\u05d5\u05d3\u05ea \u05de\u05e4\u05d2\u05e9 \u05ea\u05ea\u05e7\u05d1\u05dc \u05dc\u05d0\u05d7\u05e8 \u05ea\u05d4\u05dc\u05d9\u05da \u05d4\u05d4\u05d6\u05de\u05e0\u05d4.<\/span><\/li>\n<p>\u05e0 \t<\/p>\n<li style=\"font-weight: 400;\"><span style=\"font-weight: 400;\">\u05d9\u05dc\u05d3\u05d9\u05dd \u05d7\u05d9\u05d9\u05d1\u05d9\u05dd \u05d1\u05dc\u05d9\u05d5\u05d5\u05d9 \u05de\u05d1\u05d5\u05d2\u05e8.<\/span><\/li>\n<p>\u05e0 \t<\/p>\n<li style=\"font-weight: 400;\"><span style=\"font-weight: 400;\"> \u05dc\u05d0 \u05e0\u05d2\u05d9\u05e9 \u05dc\u05db\u05d9\u05e1\u05d0 \u05d2\u05dc\u05d2\u05dc\u05d9\u05dd <\/span><\/li>\n<p>\u05e0 \t<\/p>\n<li style=\"font-weight: 400;\"><span style=\"font-weight: 400;\">\u05ea\u05d9\u05e0\u05d5\u05e7\u05d5\u05ea \u05d7\u05d9\u05d9\u05d1\u05d9\u05dd \u05dc\u05e9\u05d1\u05ea \u05e2\u05dc \u05d1\u05e8\u05db\u05d9\u05d9\u05dd <\/span><\/li>\n<p>\u05e0 \t<\/p>\n<li style=\"font-weight: 400;\"><span style=\"font-weight: 400;\">\u05dc\u05d0 \u05de\u05d5\u05de\u05dc\u05e5 \u05dc\u05de\u05d8\u05d9\u05d9\u05dc\u05d9\u05dd \u05e2\u05dd \u05d1\u05e2\u05d9\u05d5\u05ea \u05d2\u05d1<\/span><\/li>\n<p>\u05e0 \t<\/p>\n<li style=\"font-weight: 400;\"><span style=\"font-weight: 400;\">\u05dc\u05d0 \u05de\u05d5\u05de\u05dc\u05e5 \u05dc\u05e0\u05d5\u05e1\u05e2\u05d9\u05dd \u05d1\u05d4\u05e8\u05d9\u05d5\u05df <\/span><\/li>\n<p>\u05e0 \t<\/p>\n<li style=\"font-weight: 400;\"><span style=\"font-weight: 400;\"> \u05dc\u05dc\u05d0 \u05d1\u05e2\u05d9\u05d5\u05ea \u05dc\u05d1 \u05d0\u05d5 \u05de\u05e6\u05d1\u05d9\u05dd \u05e8\u05e4\u05d5\u05d0\u05d9\u05d9\u05dd \u05d7\u05de\u05d5\u05e8\u05d9\u05dd \u05d0\u05d7\u05e8\u05d9\u05dd <\/span><\/li>\n<p>\u05e0 \t<\/p>\n<li style=\"font-weight: 400;\"><span style=\"font-weight: 400;\">\u05e8\u05d5\u05d1 \u05d4\u05de\u05d8\u05d9\u05d9\u05dc\u05d9\u05dd \u05d9\u05db\u05d5\u05dc\u05d9\u05dd \u05dc\u05d4\u05e9\u05ea\u05ea\u05e3<\/span><\/li>\n<p>\u05e0<\/ol>\n<p>\u05e0<\/p>\n<h4><b><i>\u05de\u05d3\u05d9\u05e0\u05d9\u05d5\u05ea \u05d1\u05d9\u05d8\u05d5\u05dc<\/i><\/b><\/h4>\n<p>n\u05e2\u05d1\u05d5\u05e8 \u05d4\u05d7\u05d6\u05e8 \u05de\u05dc\u05d0, \u05d0\u05e0\u05d0 \u05e7\u05e8\u05d0 \u05d0\u05ea \u05de\u05d3\u05d9\u05e0\u05d9\u05d5\u05ea \u05d4\u05d1\u05d9\u05d8\u05d5\u05dc\u05d9\u05dd \u05e9\u05dc\u05e0\u05d5\u00a0<a href=\"https:\/\/www.boattoursamana.com\/he\/%d7%94%d7%96%d7%9e%d7%a0%d7%94-%d7%9e%d7%a7%d7%95%d7%95%d7%a0%d7%aa\/\" target=\"_blank\" rel=\"noopener\" data-saferedirecturl=\"https:\/\/www.google.com\/url?q=https:\/\/www.boattoursamana.com\/online-booking\/&amp;source=gmail&amp;ust=1672449202351000&amp;usg=AOvVaw1yAeVAPktmaVCqDujgUn90\">\u05dc\u05d7\u05e5 \u05db\u05d0\u05df<\/a>. \u05db\u05e1\u05e4\u05d9\u05dd \u05d9\u05d0\u05d1\u05d3\u05d5 \u05d0\u05dd \u05d4\u05d4\u05d6\u05de\u05e0\u05d4 \u05ea\u05d1\u05d5\u05d8\u05dc \u05d1\u05d0\u05d5\u05ea\u05d5 \u05d9\u05d5\u05dd \u05e9\u05dc \u05d4\u05d8\u05d9\u05d5\u05dc.<br \/>\n\u05e0<\/p>\n<h4><b style=\"letter-spacing: -0.005em;\"><i>\u05d2<\/i><\/b><\/h4>\n<p>\u05e0<\/p>\n\n\t\t<\/div>\n\t<\/div>\n<\/div><\/div><\/div><\/div><div class=\"vc_row wpb_row vc_row-fluid\" ><div class=\"wpb_column vc_column_container vc_col-sm-12\"><div class=\"vc_column-inner\"><div class=\"wpb_wrapper\"><div class=\"vc_empty_space\"   style=\"height: 32px\"><span class=\"vc_empty_space_inner\"><\/span><\/div>\n\t<div class=\"wpb_text_column wpb_content_element\" >\n\t\t<div class=\"wpb_wrapper\">\n\t\t\t<p>\n\u05e0<\/p>\n<h4>\u05e6\u05d5\u05e8 \u05e7\u05e9\u05e8?<\/h4>\n<p>\u05e0<\/p>\n<h5>\u05d4\u05d6\u05de\u05e0\u05ea \u05d4\u05e8\u05e4\u05ea\u05e7\u05d0\u05d5\u05ea<\/h5>\n<p>\u05e0<em><strong>\u05de\u05e7\u05d5\u05de\u05d9\u05d9\u05dd<\/strong>\u00a0\u05d5\u00a0<strong>\u05d0\u05d6\u05e8\u05d7\u05d9\u05dd<\/strong>\u00a0\u05de\u05d3\u05e8\u05d9\u05db\u05d9 \u05d8\u05d9\u05d5\u05dc\u05d9\u05dd \u05d5\u05e9\u05d9\u05e8\u05d5\u05ea\u05d9 \u05d0\u05d5\u05e8\u05d7\u05d9\u05dd<\/em><br \/>\n\u05e0<br \/>\n\u05e0<span class=\"text-turquoise\">\u05d4\u05d6\u05de\u05e0\u05d5\u05ea:<\/span>\u00a0\u05e1\u05d9\u05d5\u05e8\u05d9\u05dd \u05d5\u05d8\u05d9\u05d5\u05dc\u05d9\u05dd \u05d1\u05d3\u05d5\u05dd. \u05e0\u05e6\u05d9\u05d2<br \/>\n\u05e0<br \/>\n\u05e0<img decoding=\"async\" class=\"emoji\" draggable=\"false\" src=\"https:\/\/s.w.org\/images\/core\/emoji\/11.2.0\/svg\/1f4de.svg\" alt=\" \" title=\"\">\u00a0\u05d8\u05dc\/\u05d5\u05d5\u05d0\u05d8\u05e1\u05d0\u05e4\u00a0\u00a0<a href=\"tel:+1-809-720-6035\">+1-809-720-6035<\/a>.<br \/>\n\u05e0<br \/>\n\u05e0<img decoding=\"async\" class=\"emoji\" draggable=\"false\" src=\"https:\/\/s.w.org\/images\/core\/emoji\/11.2.0\/svg\/1f4e9.svg\" alt=\" \" title=\"\">\u00a0<a href=\"mailto:info@bookingadventures.com.do\">info@bookingadventures.com.do<\/a><br \/>\n\u05e0<br \/>\n\u05e0<strong>\u05d0\u05e0\u05d7\u05e0\u05d5 \u05e1\u05d9\u05d5\u05e8\u05d9\u05dd \u05e4\u05e8\u05d8\u05d9\u05d9\u05dd \u05d1\u05d4\u05d2\u05d3\u05e8\u05d4 \u05d2\u05de\u05d9\u05e9\u05d4 \u05d1\u05d0\u05de\u05e6\u05e2\u05d5\u05ea Whatsapp:\u00a0<a href=\"tel:+18097206035\">+18097206035.<\/a><\/strong><\/p>\n\n\t\t<\/div>\n\t<\/div>\n<div class=\"vc_empty_space\"   style=\"height: 32px\"><span class=\"vc_empty_space_inner\"><\/span><\/div><\/div><\/div><\/div><\/div>","protected":false},"excerpt":{"rendered":"<p>Cascadas, Ambars Rock, Natural Mud Maks y una casa en el \u00e1rbol en un solo lugar. Esc\u00e1pate de la ciudad para sumergirte en el ecoturismo de la provincia de Hato Mayor, la primera provincia ecotur\u00edstica de Rep\u00fablica Dominicana. Ven con nosotros y disfruta de las frescas aguas del r\u00edo Yanigua, donde se encuentran El Salto y Rancho Yanigua, el lugar es de f\u00e1cil acceso, rodeado de arbustos, y con carb\u00f3n mineral y barro azul en sus aguas, el Yanigua es [&hellip;]<\/p>\n","protected":false},"author":2,"featured_media":0,"parent":0,"menu_order":0,"comment_status":"open","ping_status":"closed","template":"","meta":{"footnotes":""},"class_list":["post-15796","page","type-page","status-publish","hentry"],"_links":{"self":[{"href":"https:\/\/www.boattoursamana.com\/he\/wp-json\/wp\/v2\/pages\/15796","targetHints":{"allow":["GET"]}}],"collection":[{"href":"https:\/\/www.boattoursamana.com\/he\/wp-json\/wp\/v2\/pages"}],"about":[{"href":"https:\/\/www.boattoursamana.com\/he\/wp-json\/wp\/v2\/types\/page"}],"author":[{"embeddable":true,"href":"https:\/\/www.boattoursamana.com\/he\/wp-json\/wp\/v2\/users\/2"}],"replies":[{"embeddable":true,"href":"https:\/\/www.boattoursamana.com\/he\/wp-json\/wp\/v2\/comments?post=15796"}],"version-history":[{"count":0,"href":"https:\/\/www.boattoursamana.com\/he\/wp-json\/wp\/v2\/pages\/15796\/revisions"}],"wp:attachment":[{"href":"https:\/\/www.boattoursamana.com\/he\/wp-json\/wp\/v2\/media?parent=15796"}],"curies":[{"name":"wp","href":"https:\/\/api.w.org\/{rel}","templated":true}]}}