{"id":15800,"date":"2023-07-15T07:43:59","date_gmt":"2023-07-15T07:43:59","guid":{"rendered":"https:\/\/www.ticketswhales.com\/punta-cana-cap-cana-excursion-whale-watching-cayo-levantado-private-tour\/"},"modified":"2023-07-15T07:43:59","modified_gmt":"2023-07-15T07:43:59","slug":"punta-cana-cap-cana-excursion-whale-watching-cayo-levantado-private-tour","status":"publish","type":"page","link":"https:\/\/www.boattoursamana.com\/he\/%d7%a4%d7%95%d7%a0%d7%98%d7%94-%d7%a7%d7%90%d7%a0%d7%94-%d7%a7%d7%90%d7%a4-%d7%a7%d7%90%d7%a0%d7%94-%d7%a1%d7%99%d7%95%d7%a8-%d7%a6%d7%a4%d7%99%d7%99%d7%94-%d7%91%d7%9c%d7%95%d7%95%d7%99%d7%99%d7%aa","title":{"rendered":"\u05e4\u05d5\u05e0\u05d8\u05d4 \u05e7\u05d0\u05e0\u05d4 \/ \u05e7\u05d0\u05e4 \u05e7\u05d0\u05e0\u05d4: \u05d8\u05d9\u05d5\u05dc \u05e6\u05e4\u05d9\u05d9\u05d4 \u05d1\u05dc\u05d5\u05d5\u05d9\u05d9\u05ea\u05e0\u05d9\u05dd + \u05e7\u05d0\u05d9\u05d5 \u05dc\u05d1\u05e0\u05d8\u05d3\u05d5 (\u05e1\u05d9\u05d5\u05e8 \u05e4\u05e8\u05d8\u05d9)"},"content":{"rendered":"<p><span style=\"vertical-align: inherit;\"><span style=\"vertical-align: inherit;\">\u05d4\u05d6\u05de\u05d9\u05e0\u05d5 \u05d0\u05ea \u05d4-viaje para una experiencia de avistamiento de ballas comenzando desde Cap Cana en un viaje privado con gu\u00edas profesionales ecologistas. <\/span><span style=\"vertical-align: inherit;\">\u05d0\u05dd \u05d9\u05e9 \u05dc\u05da \u05e7\u05e9\u05e8 \u05d1\u05e7\u05e9\u05e8 \u05dc\u05e0\u05d5\u05e9\u05d0, \u05e7\u05d1\u05dc \u05ea\u05de\u05d9\u05db\u05d4 \u05d0\u05dc\u05e7\u05d8\u05e8\u05d5\u05e0\u05d9\u05ea, \u05d5\u05d5\u05d8\u05e1\u05d0\u05e4 \u05d0\u05d5 \u05de\u05db\u05e9\u05d9\u05e8\u05d9 \u05d4\u05dc\u05de\u05d3\u05d0\u05e1. <\/span><span style=\"vertical-align: inherit;\">\u05e4\u05d5\u05e8 favor Reserve con tiempo sus entradas. <\/span><span style=\"vertical-align: inherit;\">En la temporada de ballas hay muchas reservas y nos gustar\u00eda tener sus entradas a salvo para usted.<\/span><\/span><br \/>\n\u05e0<br \/>\n\u05e0<span style=\"vertical-align: inherit;\"><span style=\"vertical-align: inherit;\">\u05d4\u05e2\u05e8\u05d4: \u05e2\u05dc\u05d5\u05ea \u05e1\u05d9\u05d5\u05e8 \u05e4\u05e8\u05d8\u05d9\u05ea \u05d1\u05e2\u05dc\u05d5\u05ea \u05e9\u05dc 540 \u05d3\u05d5\u05dc\u05e8 \u05d0\u05e8\u05d4&quot;\u05d1. <\/span><span style=\"vertical-align: inherit;\">\u05e1\u05d9\u05d5\u05e8 \u05d1\u05df 4 \u05e4\u05e8\u05e1\u05d5\u05e0\u05d5\u05ea, \u05d9\u05e6\u05d9\u05e8\u05ea \u05e7\u05e9\u05e8 \u05e2\u05dd \u05e0\u05e1\u05d9\u05e2\u05d5\u05ea \u05d5\u05e1\u05d9\u05d5\u05e8. <\/span><span style=\"vertical-align: inherit;\">Para unirse a un grupo de observaci\u00f3n de ballas con recogida en su hotel, <\/span><\/span><a href=\"https:\/\/www.boattoursamana.com\/he\/Tours-Excursions\/tours-excursions-samana-bay-dominican-republic\/whale-watching-2020-in-punta-cana-to-samana-bay-cayo-levantado-bacardi-island-from-hotels\/\"><span style=\"vertical-align: inherit;\"><span style=\"vertical-align: inherit;\">HAGA CLIC AQU\u00cd.<\/span><\/span><\/a><br \/>\n\u05e0<br \/>\n\u05e0<strong><span style=\"vertical-align: inherit;\"><span style=\"vertical-align: inherit;\">Tenga en cuenta<\/span><\/span><\/strong><span style=\"vertical-align: inherit;\"><span style=\"vertical-align: inherit;\"> : <\/span><\/span><em><span style=\"vertical-align: inherit;\"><span style=\"vertical-align: inherit;\">\u05d1\u05d1\u05e1<\/span><\/span><\/em><span style=\"vertical-align: inherit;\"><span style=\"vertical-align: inherit;\"> (0 - 23 \u05de\u05e1&#039;) \u05d1\u05d7\u05d9\u05e0\u05dd, <\/span><\/span><em><span style=\"vertical-align: inherit;\"><span style=\"vertical-align: inherit;\">\u05e0\u05d9\u05e0\u05d9\u05d5\u05e1<\/span><\/span><\/em><span style=\"vertical-align: inherit;\"><span style=\"vertical-align: inherit;\"> (2 &#8211; 10 <\/span><\/span><em><span style=\"vertical-align: inherit;\"><span style=\"vertical-align: inherit;\">a\u00f1os<\/span><\/span><\/em><span style=\"vertical-align: inherit;\"><span style=\"vertical-align: inherit;\"> )<\/span><\/span><br \/>\n\u05e0<br \/>\n\u05e0<em><strong><span style=\"vertical-align: inherit;\"><span style=\"vertical-align: inherit;\">\u05e1\u05dc\u05e7\u05e6\u05d9\u05d5\u05e0\u05d4 \u05dc\u05d4 \u05e4\u05d7\u05d4 \u05d3\u05d4 \u05dc\u05d4 \u05d8\u05d9\u05d5\u05dc:<\/span><\/span><\/strong><\/em><\/p>\n<p>&nbsp;<\/p>\n<div class=\"wpb_column vc_column_container vc_col-sm-12\"><div class=\"vc_column-inner\"><div class=\"wpb_wrapper\"><div class=\"vc_btn3-container vc_btn3-inline\" ><a class=\"vc_general vc_btn3 vc_btn3-size-md vc_btn3-shape-rounded vc_btn3-style-modern vc_btn3-color-green\" href=\"https:\/\/bookingadventures.tours\/booking.php?tour_id=6ed21424a849c63fc6398949d1f80266\" title=\"\" rel=\"noopener\">\u05dc\u05d4\u05d6\u05de\u05d9\u05df \u05e2\u05db\u05e9\u05d9\u05d5<\/a><\/div><\/div><\/div><\/div><div class=\"vc_row wpb_row vc_row-fluid\" ><div class=\"wpb_column vc_column_container vc_col-sm-12\"><div class=\"vc_column-inner\"><div class=\"wpb_wrapper\">\n\t<div class=\"wpb_text_column wpb_content_element\" >\n\t\t<div class=\"wpb_wrapper\">\n\t\t\t<p>\n\u05e0<\/p>\n<div class=\"vc_row wpb_row vc_row-fluid\">\n\u05e0<\/p>\n<div class=\"wpb_column vc_column_container vc_col-sm-12\">\n\u05e0<\/p>\n<div class=\"vc_column-inner\">\n\u05e0<\/p>\n<div class=\"wpb_wrapper\">\n\u05e0<\/p>\n<div class=\"wpb_text_column wpb_content_element\">\n\u05e0<\/p>\n<div class=\"wpb_wrapper\">\n\u05e0<\/p>\n<h3>\u05d8\u05d9\u05d5\u05dc \u05e6\u05e4\u05d9\u05d9\u05d4 \u05d1\u05dc\u05d5\u05d5\u05d9\u05d9\u05ea\u05e0\u05d9\u05dd + \u05e7\u05d0\u05d9\u05d5 \u05dc\u05d1\u05e0\u05d8\u05d3\u05d5 \u05de\u05e4\u05d5\u05e0\u05d8\u05d4 \u05e7\u05d0\u05e0\u05d4\/\u05e7\u05d0\u05e4 \u05e7\u05d0\u05e0\u05d4 (\u05e1\u05d9\u05d5\u05e8 \u05e4\u05e8\u05d8\u05d9)<\/h3>\n<p>n\u05e6\u05e4\u05d9\u05d9\u05d4 \u05d1\u05dc\u05d5\u05d5\u05d9\u05d9\u05ea\u05e0\u05d9\u05dd \u05d1\u05de\u05e4\u05e8\u05e5 \u05e1\u05de\u05e0\u05d4 \u05d4\u05d7\u05dc \u05de\u05de\u05dc\u05d5\u05e0\u05d5\u05ea \u05e4\u05d5\u05e0\u05d8\u05d4 \u05e7\u05d0\u05e0\u05d4\/\u05e7\u05d0\u05e4 \u05e7\u05d0\u05e0\u05d4 \u05d1\u05ea\u05d7\u05d1\u05d5\u05e8\u05d4 \u05e4\u05e8\u05d8\u05d9\u05ea. \u05d8\u05d9\u05d5\u05dc \u05d6\u05d4 \u05de\u05ea\u05d7\u05d9\u05dc \u05d1\u05d9\u05df \u05d4\u05e9\u05e2\u05d5\u05ea 6:00 - 8:00 \u05d1\u05d1\u05d5\u05e7\u05e8 \u05d5\u05de\u05e1\u05ea\u05d9\u05d9\u05dd \u05d1\u05e1\u05d1\u05d9\u05d1\u05d5\u05ea \u05d4\u05e9\u05e2\u05d4 19:00 \u05d1\u05e2\u05e8\u05d1. \u05dc\u05d0\u05d7\u05e8 \u05d4\u05e4\u05dc\u05d4 \u05e9\u05dc \u05d4\u05e1\u05d9\u05e8\u05d4 \u05e9\u05dc\u05e0\u05d5 \u05dc\u05d1\u05e7\u05e8 \u05d0\u05ea \u05d4\u05dc\u05d5\u05d5\u05d9\u05d9\u05ea\u05e0\u05d9\u05dd \u05d1\u05d1\u05d9\u05ea \u05d4\u05d2\u05d9\u05d3\u05d5\u05dc \u05e9\u05dc\u05d4\u05dd. \u05dc\u05d0\u05d7\u05e8 \u05d8\u05d9\u05d5\u05dc \u05dc\u05d5\u05d5\u05d9\u05ea\u05df \u05d6\u05d4 \u05e0\u05d1\u05e7\u05e8 \u05d1\u05d0\u05d9 \u05d1\u05e7\u05e8\u05d3\u05d9 \/ \u05e7\u05d0\u05d9\u05d5 \u05dc\u05d1\u05e0\u05d8\u05d3\u05d5 (\u05dc\u05d0 \u05d7\u05d5\u05d1\u05d4). \u05d1\u05d0\u05d9 \u05d1\u05e7\u05e8\u05d3\u05d9 \u05d9\u05e1\u05d5\u05e4\u05e7 \u05de\u05d6\u05e0\u05d5\u05df \u05d0\u05e8\u05d5\u05d7\u05ea \u05e6\u05d4\u05e8\u05d9\u05d9\u05dd \u05d1\u05e1\u05d2\u05e0\u05d5\u05df \u05d3\u05d5\u05de\u05d9\u05e0\u05d9\u05e7\u05e0\u05d9 \u05d8\u05d9\u05e4\u05d5\u05e1\u05d9. \u05e2\u05dd \u05e1\u05d9\u05d5\u05dd \u05d0\u05e8\u05d5\u05d7\u05ea \u05d4\u05e6\u05d4\u05e8\u05d9\u05d9\u05dd \u05de\u05d5\u05ea\u05e8 \u05dc\u05e9\u05d7\u05d5\u05ea \u05e2\u05d3 16:00 \u05d0\u05d7\u05e8 \u05d4\u05e6\u05d4\u05e8\u05d9\u05d9\u05dd. \u05d4\u05e1\u05d9\u05d5\u05e8 \u05d9\u05e1\u05ea\u05d9\u05d9\u05dd \u05d1\u05d0\u05d5\u05ea\u05d5 \u05e0\u05de\u05dc \u05de\u05de\u05e0\u05d5 \u05d9\u05ea\u05d7\u05d9\u05dc \u05d1\u05e9\u05e2\u05d4 17:00. \u05dc\u05d0\u05d7\u05e8 \u05de\u05db\u05df, \u05d0\u05e0\u05d5 \u05de\u05d7\u05d6\u05d9\u05e8\u05d9\u05dd \u05d0\u05d5\u05ea\u05da \u05dc\u05de\u05dc\u05d5\u05df \u05e9\u05dc\u05da.<br \/>\n\u05e0<br \/>\n\u05d4\u05e2\u05e8\u05d4: \u05d6\u05d4\u05d5 \u05e1\u05d9\u05d5\u05e8 \u05e4\u05e8\u05d8\u05d9 \u05d1\u05ea\u05e9\u05dc\u05d5\u05dd \u05de\u05d9\u05e0\u05d9\u05de\u05dc\u05d9 \u05e9\u05dc 540 \u05d3\u05d5\u05dc\u05e8. \u05d0\u05dd \u05d0\u05ea\u05dd \u05e4\u05d7\u05d5\u05ea \u05de-4 \u05d0\u05e0\u05e9\u05d9\u05dd, \u05d0\u05e0\u05d0 \u05e4\u05e0\u05d5 \u05d0\u05dc\u05d9\u05e0\u05d5 \u05d5\u05d0\u05e0\u05d5 \u05e0\u05e9\u05dc\u05d7 \u05dc\u05db\u05dd \u05e7\u05d9\u05e9\u05d5\u05e8 \u05e9\u05d1\u05d5 \u05ea\u05d5\u05db\u05dc\u05d5 \u05dc\u05d4\u05d6\u05de\u05d9\u05df \u05e1\u05d9\u05d5\u05e8 \u05d6\u05d4.\u00a0<strong><em>\u05d1\u05d1\u05e7\u05e9\u05d4 \u05dc\u05d4\u05e6\u05d8\u05e8\u05e3 \u05dc\u05e7\u05d1\u05d5\u05e6\u05d4 \u05dc\u05e6\u05e4\u05d9\u05d9\u05d4 \u05d1\u05dc\u05d5\u05d5\u05d9\u05d9\u05ea\u05e0\u05d9\u05dd \u05e2\u05dd \u05d0\u05d9\u05e1\u05d5\u05e3 \u05d1\u05de\u05dc\u05d5\u05df \u05e9\u05dc\u05da<\/em>\u00a0<\/strong><a href=\"https:\/\/www.boattoursamana.com\/he\/Tours-Excursions\/tours-excursions-samana-bay-dominican-republic\/whale-watching-2020-in-punta-cana-to-samana-bay-cayo-levantado-bacardi-island-from-hotels\/\" data-mil=\"12004\">\u05dc\u05d7\u05e5 \u05db\u05d0\u05df.<\/a><br \/>\n\u05e0<\/p>\n<ul>\n\u05e0 \t<\/p>\n<li>\u05e6\u05e4\u05d9\u05d9\u05d4 \u05d1\u05dc\u05d5\u05d5\u05d9\u05d9\u05ea\u05e0\u05d9\u05dd \u05d8\u05d9\u05d5\u05dc \u05e4\u05e8\u05d8\u05d9<\/li>\n<p>\u05e0 \t<\/p>\n<li>\u05d3\u05de\u05d9 \u05db\u05e0\u05d9\u05e1\u05d4 \u05dc\u05de\u05e6\u05e4\u05d4<\/li>\n<p>\u05e0 \t<\/p>\n<li>\u05db\u05d5\u05dc\u05dc \u05de\u05d6\u05e0\u05d5\u05df \u05d0\u05e8\u05d5\u05d7\u05ea \u05e6\u05d4\u05e8\u05d9\u05d9\u05dd \u05e2\u05dc \u05d4\u05d7\u05d5\u05e3<\/li>\n<p>\u05e0 \t<\/p>\n<li>\u05d4\u05e2\u05d1\u05e8\u05d4 \u05e4\u05e8\u05d8\u05d9\u05ea \u05de\u05de\u05dc\u05d5\u05e0\u05d5\u05ea<\/li>\n<p>\u05e0 \t<\/p>\n<li>\u05d4\u05e2\u05d1\u05e8\u05d4 \u05e4\u05e8\u05d8\u05d9\u05ea \u05d1\u05e1\u05d9\u05e8\u05d4<\/li>\n<p>\u05e0 \t<\/p>\n<li>\u05d4\u05e7\u05e4\u05d8\u05df \u05de\u05e1\u05e4\u05e7 \u05d4\u05d3\u05e8\u05db\u05d4 \u05d5\u05e4\u05d9\u05e7\u05d5\u05d7<\/li>\n<p>\u05e0 \t<\/p>\n<li>\u05de\u05d3\u05e8\u05d9\u05da \u05d8\u05d9\u05d5\u05dc\u05d9\u05dd<\/li>\n<p>\u05e0<\/ul>\n<p>\u05e0&\u05e0bsp;<br \/>\n\u05e0<\/p>\n<h4><b>\u05d4\u05db\u05dc\u05dc\u05d5\u05ea \u05d5\u05d0\u05d9 \u05d4\u05db\u05dc\u05dc\u05d5\u05ea<\/b><\/h4>\n<p>\u05e0&\u05e0bsp;<br \/>\n\u05e0<br \/>\n\u05e0<b>\u05ea\u05db\u05dc\u05d9\u05dc\u05d9\u05dd<\/b><br \/>\n\u05e0<\/p>\n<ol>\n\u05e0 \t<\/p>\n<li>\u05de\u05d6\u05e0\u05d5\u05df \u05d0\u05e8\u05d5\u05d7\u05ea \u05e6\u05d4\u05e8\u05d9\u05d9\u05dd \u05e2\u05dc \u05d4\u05d7\u05d5\u05e3<\/li>\n<p>\u05e0 \t<\/p>\n<li>\u05de\u05d3\u05e8\u05d9\u05da \u05d8\u05d9\u05d5\u05dc\u05d9\u05dd<\/li>\n<p>\u05e0 \t<\/p>\n<li>\u05d4\u05e2\u05d1\u05e8\u05d4 \u05de\u05db\u05d5\u05e0\u05d9\u05ea<\/li>\n<p>\u05e0 \t<\/p>\n<li>\u05e9\u05d9\u05d8 \u05d1\u05e1\u05d9\u05e8\u05d4<\/li>\n<p>\u05e0 \t<\/p>\n<li>\u05db\u05dc \u05d4\u05de\u05e1\u05d9\u05dd, \u05d4\u05e2\u05de\u05dc\u05d5\u05ea \u05d5\u05d3\u05de\u05d9 \u05d4\u05d8\u05d9\u05e4\u05d5\u05dc<\/li>\n<p>\u05e0 \t<\/p>\n<li>\u05de\u05d9\u05e1\u05d9\u05dd \u05de\u05e7\u05d5\u05de\u05d9\u05d9\u05dd<\/li>\n<p>\u05e0 \t<\/p>\n<li>\u05de\u05b7\u05e9\u05c1\u05e7\u05b8\u05d0\u05d5\u05b9\u05ea<\/li>\n<p>\u05e0<\/ol>\n<p>\u05e0<b>\u05d0\u05d9 \u05d4\u05db\u05dc\u05dc\u05d5\u05ea<\/b><br \/>\n\u05e0<\/p>\n<ol>\n\u05e0 \t<\/p>\n<li>\u05ea\u05d5\u05d3\u05d5\u05ea<\/li>\n<p>\u05e0 \t<\/p>\n<li>\u05de\u05e9\u05e7\u05d0\u05d5\u05ea \u05d0\u05dc\u05db\u05d5\u05d4\u05d5\u05dc\u05d9\u05d9\u05dd<\/li>\n<p>\u05e0<\/ol>\n<p>\u05e0&\u05e0bsp;<br \/>\n\u05e0<\/p>\n<h4><em><strong>\u05d9\u05e6\u05d9\u05d0\u05d4 \u05d5\u05d7\u05d6\u05e8\u05d4<\/strong><\/em><\/h4>\n<p>n\u05d4\u05e0\u05d5\u05e1\u05e2 \u05d9\u05e7\u05d1\u05dc \u05e0\u05e7\u05d5\u05d3\u05ea \u05de\u05e4\u05d2\u05e9 \u05dc\u05d0\u05d7\u05e8 \u05ea\u05d4\u05dc\u05d9\u05da \u05d4\u05d4\u05d6\u05de\u05e0\u05d4. \u05d4\u05e1\u05d9\u05d5\u05e8\u05d9\u05dd \u05de\u05ea\u05d7\u05d9\u05dc\u05d9\u05dd \u05d5\u05de\u05e1\u05ea\u05d9\u05d9\u05de\u05d9\u05dd \u05d1\u05e0\u05e7\u05d5\u05d3\u05ea \u05d4\u05de\u05e4\u05d2\u05e9.<br \/>\n\u05e0<br \/>\n\u05e0&\u05e0bsp;<br \/>\n\u05e0<\/p>\n<h4><b><i>\u05dc\u05de\u05d4 \u05dc\u05e6\u05e4\u05d5\u05ea?<\/i><\/b><\/h4>\n<p>\u05e0&\u05e0bsp;<br \/>\n\u05e0<br \/>\n\u05e0<em><strong>\u05e7\u05d1\u05dc \u05d0\u05ea \u05d4\u05db\u05e8\u05d8\u05d9\u05e1\u05d9\u05dd \u05e9\u05dc\u05da<\/strong><\/em>\u00a0\u05dc\u05d9\u05d5\u05dd \u05d0\u05d7\u05d3 \u05e6\u05e4\u05d9\u05d9\u05d4 \u05d1\u05dc\u05d5\u05d5\u05d9\u05d9\u05ea\u05e0\u05d9\u05dd \u05e4\u05e8\u05d8\u05d9\u05ea \u05de\u05e7\u05d0\u05e4 \u05e7\u05d0\u05e0\u05d4 \u05dc\u05de\u05e4\u05e8\u05e5 \u05e1\u05d0\u05de\u05d0\u05e0\u05d4, \u05d1\u05ea\u05d5\u05e1\u05e4\u05ea \u05d0\u05e8\u05d5\u05d7\u05ea \u05e6\u05d4\u05e8\u05d9\u05d9\u05dd \u05e0\u05e4\u05dc\u05d0\u05d4 \u05d5\u05d6\u05de\u05df \u05d7\u05d5\u05e3.<br \/>\n\u05e0<br \/>\nn\u05d8\u05d9\u05d5\u05dc\u05d9 \u05d4\u05e6\u05e4\u05d9\u05d9\u05d4 \u05d1\u05dc\u05d5\u05d5\u05d9\u05d9\u05ea\u05e0\u05d9\u05dd \u05de\u05d0\u05d5\u05e8\u05d2\u05e0\u05d9\u05dd \u05e2\u05dc \u05d9\u05d3\u05d9 &quot;\u05d4\u05e8\u05e4\u05ea\u05e7\u05d0\u05d5\u05ea \u05d1\u05d5\u05e7\u05d9\u05e0\u05d2&quot; \u05de\u05ea\u05d7\u05d9\u05dc\u05d9\u05dd \u05d1\u05e0\u05e7\u05d5\u05d3\u05ea \u05d4\u05de\u05e4\u05d2\u05e9 \u05e9\u05e0\u05e7\u05d1\u05e2\u05d4 \u05e2\u05dd \u05de\u05d3\u05e8\u05d9\u05da \u05d4\u05d8\u05d9\u05d5\u05dc\u05d9\u05dd. \u05d0\u05e8\u05d5\u05d7\u05ea \u05e6\u05d4\u05e8\u05d9\u05d9\u05dd \u05d1\u05d7\u05d5\u05e3 \u05d5\u05ea\u05d5\u05db\u05dc\u05d5 \u05dc\u05d4\u05d9\u05e9\u05d0\u05e8 \u05db\u05de\u05d4 \u05d6\u05de\u05df \u05e9\u05ea\u05e8\u05e6\u05d5 \u05dc\u05e9\u05d7\u05d5\u05ea \u05de\u05e1\u05d1\u05d9\u05d1. \u05d0\u05dd \u05d0\u05ea\u05d4 \u05d8\u05d1\u05e2\u05d5\u05e0\u05d9, \u05e0\u05d5\u05db\u05dc \u05d2\u05dd \u05dc\u05d4\u05d2\u05d3\u05d9\u05e8 \u05e2\u05d1\u05d5\u05e8\u05da \u05d0\u05d5\u05db\u05dc.<br \/>\n\u05e0<br \/>\n\u05e0<strong>\u05dc\u05d5\u05d7 \u05d6\u05de\u05e0\u05d9\u05dd:<\/strong><br \/>\n\u05e0<br \/>\nn\u05d2\u05de\u05d9\u05e9<br \/>\n\u05e0<br \/>\n\u05e0&\u05e0bsp;<br \/>\n\u05e0<\/p>\n<h4><em><strong>\u05de\u05d4 \u05db\u05d3\u05d0\u05d9 \u05dc\u05d4\u05d1\u05d9\u05d0?<\/strong><\/em><\/h4>\n<p>\u05e0<\/p>\n<ul>\n\u05e0 \t<\/p>\n<li>\u05de\u05b7\u05e6\u05dc\u05b5\u05de\u05b8\u05d4<\/li>\n<p>\u05e0 \t<\/p>\n<li>\u05e0\u05d9\u05e6\u05e0\u05d9\u05dd \u05d3\u05d5\u05d7\u05d9\u05dd<\/li>\n<p>\u05e0 \t<\/p>\n<li>\u05e7\u05e8\u05dd \u05d4\u05d2\u05e0\u05d4<\/li>\n<p>\u05e0 \t<\/p>\n<li>\u05db\u05bc\u05d5\u05b9\u05d1\u05b7\u05e2<\/li>\n<p>\u05e0 \t<\/p>\n<li>\u05de\u05db\u05e0\u05e1\u05d9\u05d9\u05dd \u05e0\u05d5\u05d7\u05d9\u05dd<\/li>\n<p>\u05e0 \t<\/p>\n<li>\u05e1\u05e0\u05d3\u05dc\u05d9\u05dd \u05dc\u05d7\u05d5\u05e3<\/li>\n<p>\u05e0 \t<\/p>\n<li>\u05d1\u05d2\u05d3\u05d9 \u05e9\u05d7\u05d9\u05d9\u05d4<\/li>\n<p>\u05e0 \t<\/p>\n<li>\u05de\u05d6\u05d5\u05de\u05df \u05dc\u05de\u05d6\u05db\u05e8\u05d5\u05ea<\/li>\n<p>\u05e0<\/ul>\n<p>\u05e0&\u05e0bsp;<br \/>\n\u05e0<\/p>\n<h4><b><i>\u05d0\u05d9\u05e1\u05d5\u05e3 \u05d1\u05de\u05dc\u05d5\u05df<\/i><\/b><\/h4>\n<p>n\u05d0\u05d9\u05e1\u05d5\u05e3 \u05de\u05d4\u05de\u05dc\u05d5\u05df \u05db\u05dc\u05d5\u05dc \u05d1\u05e1\u05d9\u05d5\u05e8 \u05d6\u05d4. \u05d0\u05e0\u05d7\u05e0\u05d5 \u05d0\u05d5\u05e1\u05e4\u05d9\u05dd \u05d1\u05db\u05dc \u05de\u05dc\u05d5\u05df \u05d1\u05d0\u05d6\u05d5\u05e8 \u05e4\u05d5\u05e0\u05d8\u05d4 \u05e7\u05d0\u05e0\u05d4\/\u05e7\u05d0\u05e4 \u05e7\u05d0\u05e0\u05d4.<br \/>\n\u05e0<br \/>\n\u05e0&\u05e0bsp;<br \/>\n\u05e0<br \/>\n\u05e0<b>\u05d4\u05e2\u05e8\u05d4:<\/b>\u00a0\u05d0\u05dd \u05d0\u05ea\u05d4 \u05de\u05d6\u05de\u05d9\u05df \u05d1\u05ea\u05d5\u05da 24 \u05e9\u05e2\u05d5\u05ea \u05de\u05de\u05d5\u05e2\u05d3 \u05d4\u05d9\u05e6\u05d9\u05d0\u05d4 \u05e9\u05dc \u05d4\u05e1\u05d9\u05d5\u05e8\/\u05d8\u05d9\u05d5\u05dc, \u05e0\u05d5\u05db\u05dc \u05dc\u05d0\u05e8\u05d2\u05df \u05d0\u05d9\u05e1\u05d5\u05e3 \u05de\u05d4\u05de\u05dc\u05d5\u05df. \u05dc\u05d0\u05d7\u05e8 \u05d4\u05e9\u05dc\u05de\u05ea \u05d4\u05e8\u05db\u05d9\u05e9\u05d4, \u05d0\u05e0\u05d5 \u05e0\u05e9\u05dc\u05d7 \u05d0\u05dc\u05d9\u05da \u05d0\u05ea \u05e4\u05e8\u05d8\u05d9 \u05d4\u05e7\u05e9\u05e8 \u05d4\u05de\u05dc\u05d0\u05d9\u05dd (\u05de\u05e1\u05e4\u05e8 \u05d8\u05dc\u05e4\u05d5\u05df, \u05db\u05ea\u05d5\u05d1\u05ea \u05d3\u05d5\u05d0&quot;\u05dc \u05d5\u05db\u05d5&#039;) \u05db\u05d3\u05d9 \u05e9\u05de\u05d3\u05e8\u05d9\u05da \u05d4\u05d8\u05d9\u05d5\u05dc\u05d9\u05dd \u05d4\u05de\u05e7\u05d5\u05de\u05d9 \u05e9\u05dc\u05e0\u05d5 \u05d9\u05d5\u05db\u05dc \u05dc\u05d0\u05e8\u05d2\u05df \u05e1\u05d9\u05d3\u05d5\u05e8\u05d9 \u05d0\u05d9\u05e1\u05d5\u05e3.<br \/>\n\u05e0<\/p>\n<h4><b><i>\u05d0\u05d9\u05e9\u05d5\u05e8 \u05de\u05d9\u05d3\u05e2 \u05e0\u05d5\u05e1\u05e3<\/i><\/b><\/h4>\n<p>\u05e0<\/p>\n<ol>\n\u05e0 \t<\/p>\n<li>\u05db\u05e8\u05d8\u05d9\u05e1\u05d9\u05dd \u05d4\u05dd \u05d4\u05e7\u05d1\u05dc\u05d4 \u05dc\u05d0\u05d7\u05e8 \u05ea\u05e9\u05dc\u05d5\u05dd \u05e1\u05d9\u05d5\u05e8 \u05d6\u05d4. \u05d0\u05ea\u05d4 \u05d9\u05db\u05d5\u05dc \u05dc\u05d4\u05e6\u05d9\u05d2 \u05d0\u05ea \u05d4\u05ea\u05e9\u05dc\u05d5\u05dd \u05d1\u05d8\u05dc\u05e4\u05d5\u05df \u05e9\u05dc\u05da.<\/li>\n<p>\u05e0 \t<\/p>\n<li>\u05e0\u05e7\u05d5\u05d3\u05ea \u05de\u05e4\u05d2\u05e9 \u05ea\u05ea\u05e7\u05d1\u05dc \u05dc\u05d0\u05d7\u05e8 \u05ea\u05d4\u05dc\u05d9\u05da \u05d4\u05d4\u05d6\u05de\u05e0\u05d4.<\/li>\n<p>\u05e0 \t<\/p>\n<li>\u05d9\u05dc\u05d3\u05d9\u05dd \u05d7\u05d9\u05d9\u05d1\u05d9\u05dd \u05d1\u05dc\u05d9\u05d5\u05d5\u05d9 \u05de\u05d1\u05d5\u05d2\u05e8.<\/li>\n<p>\u05e0 \t<\/p>\n<li>\u05e0\u05d2\u05d9\u05e9 \u05dc\u05db\u05e1\u05d0 \u05d2\u05dc\u05d2\u05dc\u05d9\u05dd<\/li>\n<p>\u05e0 \t<\/p>\n<li>\u05ea\u05d9\u05e0\u05d5\u05e7\u05d5\u05ea \u05d7\u05d9\u05d9\u05d1\u05d9\u05dd \u05dc\u05e9\u05d1\u05ea \u05e2\u05dc \u05d1\u05e8\u05db\u05d9\u05d9\u05dd<\/li>\n<p>\u05e0 \t<\/p>\n<li>\u05e8\u05d5\u05d1 \u05d4\u05de\u05d8\u05d9\u05d9\u05dc\u05d9\u05dd \u05d9\u05db\u05d5\u05dc\u05d9\u05dd \u05dc\u05d4\u05e9\u05ea\u05ea\u05e3<\/li>\n<p>\u05e0<\/ol>\n<p>\u05e0<\/p>\n<h4><b><i>\u05de\u05d3\u05d9\u05e0\u05d9\u05d5\u05ea \u05d1\u05d9\u05d8\u05d5\u05dc<\/i><\/b><\/h4>\n<p>n\u05e2\u05d1\u05d5\u05e8 \u05d4\u05d7\u05d6\u05e8 \u05de\u05dc\u05d0, \u05d1\u05d8\u05dc \u05dc\u05e4\u05d7\u05d5\u05ea 24 \u05e9\u05e2\u05d5\u05ea \u05dc\u05e4\u05e0\u05d9 \u05ea\u05d0\u05e8\u05d9\u05da \u05ea\u05d7\u05d9\u05dc\u05ea \u05d4\u05d7\u05d5\u05d5\u05d9\u05d4.<br \/>\n\u05e0<br \/>\n\u05e0\n<\/div>\n<p>\u05e0\n<\/p><\/div>\n<p>\u05e0\n<\/p><\/div>\n<p>\u05e0\n<\/p><\/div>\n<p>\u05e0\n<\/p><\/div>\n<p>\u05e0\n<\/p><\/div>\n<p>\u05e0<\/p>\n<div class=\"vc_row wpb_row vc_row-fluid\">\n\u05e0<\/p>\n<div class=\"wpb_column vc_column_container vc_col-sm-12\">\n\u05e0<\/p>\n<div class=\"vc_column-inner\">\n\u05e0<\/p>\n<div class=\"wpb_wrapper\">\n\u05e0<\/p>\n<div class=\"wpb_text_column wpb_content_element\">\n\u05e0<\/p>\n<div class=\"wpb_wrapper\">\n\u05e0<\/p>\n<h4>\u05e6\u05d5\u05e8 \u05e7\u05e9\u05e8?<\/h4>\n<p>\u05e0<\/p>\n<h5><b><i>\u05e1\u05d9\u05d5\u05e8 \u05dc\u05d5\u05d5\u05d9\u05d9\u05ea\u05e0\u05d9\u05dd \u05e1\u05d0\u05de\u05d0\u05e0\u05d4<\/i><\/b><\/h5>\n<p>\u05e0<em><strong>\u05de\u05e7\u05d5\u05de\u05d9\u05d9\u05dd<\/strong>\u00a0\u05d5\u00a0<strong>\u05d0\u05d6\u05e8\u05d7\u05d9\u05dd<\/strong>\u00a0\u05de\u05d3\u05e8\u05d9\u05db\u05d9 \u05d8\u05d9\u05d5\u05dc\u05d9\u05dd \u05d5\u05e9\u05d9\u05e8\u05d5\u05ea\u05d9 \u05d0\u05d5\u05e8\u05d7\u05d9\u05dd<\/em><br \/>\n\u05e0<br \/>\n\u05e0<span class=\"text-turquoise\">\u05d4\u05d6\u05de\u05e0\u05d5\u05ea:<\/span>\u00a0\u00a0Tours y Excursiones en Dom. \u05e0\u05e6\u05d9\u05d2\u05d9\u05dd.<br \/>\n\u05e0<br \/>\n\u05e0<img decoding=\"async\" class=\"emoji\" draggable=\"false\" src=\"https:\/\/s.w.org\/images\/core\/emoji\/11.2.0\/svg\/1f4de.svg\" alt=\" \" title=\"\">\u00a0\u05d8\u05dc\/\u05d5\u05d5\u05d0\u05d8\u05e1\u05d0\u05e4\u00a0\u00a0\u00a0<a href=\"tel:+1-809-720-6035\">+ 1-809-720-6035<\/a>\u00a0.<br \/>\n\u05e0<\/p>\n<p data-wp-editing=\"1\"><a href=\"mailto:Reservabatour@gmail.com\"><img decoding=\"async\" class=\"emoji\" draggable=\"false\" src=\"https:\/\/s.w.org\/images\/core\/emoji\/11.2.0\/svg\/1f4e9.svg\" alt=\" \" title=\"\"> Reservabatour@gmail.com<\/a><\/p>\n<p>\u05e0&\u05e0bsp;<br \/>\n\u05e0<br \/>\n\u05e0\n<\/div>\n<p>\u05e0\n<\/p><\/div>\n<p>\u05e0\n<\/p><\/div>\n<p>\u05e0\n<\/p><\/div>\n<p>\u05e0\n<\/p><\/div>\n<p>\u05e0\n<\/p><\/div>\n<p>\u05e0<\/p>\n\n\t\t<\/div>\n\t<\/div>\n<div class=\"vc_btn3-container vc_btn3-inline\" ><a class=\"vc_general vc_btn3 vc_btn3-size-md vc_btn3-shape-rounded vc_btn3-style-modern vc_btn3-color-green\" href=\"https:\/\/bookingadventures.tours\/booking.php?tour_id=6ed21424a849c63fc6398949d1f80266\" title=\"\" rel=\"noopener\">\u05dc\u05d4\u05d6\u05de\u05d9\u05df \u05e2\u05db\u05e9\u05d9\u05d5<\/a><\/div><\/div><\/div><\/div><\/div>","protected":false},"excerpt":{"rendered":"<p>Reserve su viaje para una experiencia de avistamiento de ballenas comenzando desde Cap Cana en un viaje privado con gu\u00edas profesionales ecologistas. Si desea ponerse en contacto con nosotros para recibir asesoramiento, env\u00ede un correo electr\u00f3nico, Whatsapp o Llamadas disponibles. Por favor reserve con tiempo sus entradas. En la temporada de ballenas hay muchas reservas y nos gustar\u00eda tener sus entradas a salvo para usted. n nNota: Este es un Tour Privado con un pago m\u00ednimo de 540 USD. Si [&hellip;]<\/p>\n","protected":false},"author":2,"featured_media":0,"parent":0,"menu_order":0,"comment_status":"open","ping_status":"closed","template":"","meta":{"footnotes":""},"class_list":["post-15800","page","type-page","status-publish","hentry"],"_links":{"self":[{"href":"https:\/\/www.boattoursamana.com\/he\/wp-json\/wp\/v2\/pages\/15800","targetHints":{"allow":["GET"]}}],"collection":[{"href":"https:\/\/www.boattoursamana.com\/he\/wp-json\/wp\/v2\/pages"}],"about":[{"href":"https:\/\/www.boattoursamana.com\/he\/wp-json\/wp\/v2\/types\/page"}],"author":[{"embeddable":true,"href":"https:\/\/www.boattoursamana.com\/he\/wp-json\/wp\/v2\/users\/2"}],"replies":[{"embeddable":true,"href":"https:\/\/www.boattoursamana.com\/he\/wp-json\/wp\/v2\/comments?post=15800"}],"version-history":[{"count":0,"href":"https:\/\/www.boattoursamana.com\/he\/wp-json\/wp\/v2\/pages\/15800\/revisions"}],"wp:attachment":[{"href":"https:\/\/www.boattoursamana.com\/he\/wp-json\/wp\/v2\/media?parent=15800"}],"curies":[{"name":"wp","href":"https:\/\/api.w.org\/{rel}","templated":true}]}}