{"id":9218,"date":"2019-07-18T11:24:01","date_gmt":"2019-07-18T11:24:01","guid":{"rendered":"https:\/\/www.ticketswhales.com\/?post_type=product&#038;p=9218"},"modified":"2023-02-14T18:40:51","modified_gmt":"2023-02-14T18:40:51","slug":"samana-cayo-levantado-bacardi-island-and-whale-watching-from-miches-in-catamaran","status":"publish","type":"product","link":"https:\/\/www.boattoursamana.com\/he\/%d7%a1%d7%99%d7%95%d7%a8\/%d7%90%d7%99-%d7%91%d7%a7%d7%a8%d7%93%d7%99-%d7%a1%d7%9e%d7%a0%d7%94-%d7%a7%d7%90%d7%99%d7%95-%d7%9c%d7%91%d7%a0%d7%98%d7%93%d7%95-%d7%95%d7%a6%d7%a4%d7%99%d7%99%d7%94-%d7%91%d7%9c%d7%95%d7%95%d7%99","title":{"rendered":"Samana Cayo Levantado (\u05d0\u05d9 \u05d1\u05e7\u05e8\u05d3\u05d9) \u05d5\u05e6\u05e4\u05d9\u05d9\u05d4 \u05d1\u05dc\u05d5\u05d5\u05d9\u05d9\u05ea\u05e0\u05d9\u05dd \u05de\u05de\u05d9\u05e6&#039;\u05e1 \u05d1\u05e7\u05d8\u05de\u05e8\u05df"},"content":{"rendered":"<div class=\"vc_row wpb_row vc_row-fluid\" ><div class=\"wpb_column vc_column_container vc_col-sm-12\"><div class=\"vc_column-inner\"><div class=\"wpb_wrapper\">\n\t<div class=\"wpb_text_column wpb_content_element\" >\n\t\t<div class=\"wpb_wrapper\">\n\t\t\t<p><span style=\"vertical-align: inherit;\"><span style=\"vertical-align: inherit;\"><\/p>\n\n\t\t<\/div>\n\t<\/div>\n<\/div><\/div><\/div><\/div><div class=\"vc_row wpb_row vc_row-fluid\" ><\/div><div class=\"wpb_column vc_column_container vc_col-sm-12\"><div class=\"vc_column-inner\"><div class=\"wpb_wrapper\"><\/div><\/div><\/div><div class=\"vc_row wpb_row vc_row-fluid\" ><\/div><div class=\"wpb_column vc_column_container vc_col-sm-12\"><div class=\"vc_column-inner\"><div class=\"wpb_wrapper\"><div class=\"vc_btn3-container vc_btn3-inline\" ><button class=\"vc_general vc_btn3 vc_btn3-size-md vc_btn3-shape-rounded vc_btn3-style-modern vc_btn3-color-green\">\u05dc\u05d4\u05d6\u05de\u05d9\u05df \u05e2\u05db\u05e9\u05d9\u05d5<\/button><\/div><\/div><\/div><\/div><div class=\"mkdf-section-title-holder\" style=\"text-align: left\">\n\t<div class=\"mkdf-st-inner\">\n\t\t\t\t\t\t\t<h3 class=\"mkdf-st-title\" >\n\t\t\t\tCayo Levantado + Avistamiento de ballenas de Miches en catamar\u00e1n\t\t\t<\/h3>\n\t\t\t\t\t<\/div>\n<\/div><div class=\"vc_empty_space\"   style=\"height: 32px\"><span class=\"vc_empty_space_inner\"><\/span><\/div>\n\t<div class=\"wpb_text_column wpb_content_element\" >\n\t\t<div class=\"wpb_wrapper\">\n\t\t\t<p>\u00a0<\/span><\/span><\/p>\n<div class=\"vc_empty_space\"><\/div>\n<div class=\"wpb_text_column wpb_content_element\">\n<div class=\"wpb_wrapper\">\n<div class=\"vc_row wpb_row vc_row-fluid\">\n<div class=\"wpb_column vc_column_container vc_col-sm-12\">\n<div class=\"vc_column-inner\">\n<div class=\"wpb_wrapper\">\n<div class=\"wpb_text_column wpb_content_element\">\n<div class=\"wpb_wrapper\">\n<div class=\"vc_row wpb_row vc_row-fluid\">\n<div class=\"wpb_column vc_column_container vc_col-sm-12\">\n<div class=\"vc_column-inner\">\n<div class=\"wpb_wrapper\">\n<div class=\"wpb_text_column wpb_content_element\">\n<div class=\"wpb_wrapper\">\n<h4><a id=\"overview\" class=\"aal_anchor\" href=\"https:\/\/www.boattoursamana.com\/he\/%d7%a1%d7%99%d7%95%d7%a8\/%d7%90%d7%99-%d7%91%d7%a7%d7%a8%d7%93%d7%99-%d7%a1%d7%9e%d7%a0%d7%94-%d7%a7%d7%90%d7%99%d7%95-%d7%9c%d7%91%d7%a0%d7%98%d7%93%d7%95-%d7%95%d7%a6%d7%a4%d7%99%d7%99%d7%94-%d7%91%d7%9c%d7%95%d7%95%d7%99\/#overview\" aria-hidden=\"true\"><\/a><b><i>\u05e1\u05e7\u05d9\u05e8\u05d4 \u05db\u05dc\u05dc\u05d9\u05ea<\/i><\/b><\/h4>\n<p>n\u05e6\u05e4\u05d9\u05d9\u05d4 \u05d1\u05dc\u05d5\u05d5\u05d9\u05d9\u05ea\u05e0\u05d9\u05dd \u05d1\u05de\u05e4\u05e8\u05e5 Samana \u05d4\u05d7\u05dc \u05de\u05e0\u05de\u05dc Miches \u05d1\u05e7\u05d8\u05de\u05e8\u05df. \u05d8\u05d9\u05d5\u05dc \u05d6\u05d4 \u05de\u05ea\u05d7\u05d9\u05dc \u05d1-9:00 \u05d1\u05d1\u05d5\u05e7\u05e8 \u05d5\u05de\u05e1\u05ea\u05d9\u05d9\u05dd \u05d1-17:00. \u05e0\u05e4\u05d2\u05e9 \u05dc\u05e4\u05e0\u05d9 \u05d1\u05e0\u05de\u05dc \u05e9\u05dc\u05e0\u05d5 \u05d1-Miches. \u05dc\u05d0\u05d7\u05e8 \u05d4\u05e4\u05dc\u05d4 \u05e9\u05dc \u05d4\u05e7\u05d8\u05de\u05e8\u05df \u05d0\u05d5 \u05d4\u05e1\u05d9\u05e8\u05d4 \u05e9\u05dc\u05e0\u05d5 \u05dc\u05d1\u05e7\u05e8 \u05d0\u05ea \u05d4\u05dc\u05d5\u05d5\u05d9\u05d9\u05ea\u05e0\u05d9\u05dd \u05d1\u05d1\u05d9\u05ea \u05d4\u05d2\u05d9\u05d3\u05d5\u05dc \u05e9\u05dc\u05d4\u05dd.<\/p>\n<p>n\u05de\u05e9\u05e2\u05d4 9:00 \u05d1\u05d1\u05d5\u05e7\u05e8 \u05e2\u05d3 12:00 \u05d1\u05e6\u05d4\u05e8\u05d9\u05d9\u05dd \u05de\u05e6\u05e4\u05d4 \u05db\u05d5\u05db\u05d1\u05d9\u05dd \u05dc\u05e6\u05e4\u05d9\u05d9\u05d4 \u05d1\u05dc\u05d5\u05d5\u05d9\u05d9\u05ea\u05e0\u05d9\u05dd \u05d5\u05dc\u05d0\u05d7\u05e8 \u05d8\u05d9\u05d5\u05dc \u05dc\u05d5\u05d5\u05d9\u05d9\u05ea\u05e0\u05d9\u05dd \u05d6\u05d4 \u05e0\u05d1\u05e7\u05e8 \u05d1\u05d0\u05d9 \u05d1\u05e7\u05e8\u05d3\u05d9 \/ \u05e7\u05d0\u05d9\u05d5 \u05dc\u05d1\u05e0\u05d8\u05d3\u05d5. \u05d1\u05d0\u05d9 \u05d1\u05e7\u05e8\u05d3\u05d9 \u05d9\u05e1\u05d5\u05e4\u05e7 \u05de\u05d6\u05e0\u05d5\u05df \u05d0\u05e8\u05d5\u05d7\u05ea \u05e6\u05d4\u05e8\u05d9\u05d9\u05dd \u05d1\u05e1\u05d2\u05e0\u05d5\u05df \u05d3\u05d5\u05de\u05d9\u05e0\u05d9\u05e7\u05e0\u05d9 \u05d8\u05d9\u05e4\u05d5\u05e1\u05d9. \u05d1\u05e1\u05d9\u05d5\u05dd \u05d0\u05e8\u05d5\u05d7\u05ea \u05d4\u05e6\u05d4\u05e8\u05d9\u05d9\u05dd \u05de\u05d5\u05ea\u05e8 \u05dc\u05e9\u05d7\u05d5\u05ea \u05e2\u05d3 16:30. \u05d4\u05e1\u05d9\u05d5\u05e8 \u05d9\u05e1\u05ea\u05d9\u05d9\u05dd \u05d1\u05e9\u05e2\u05d4 17:00 \u05d1\u05d0\u05d5\u05ea\u05d5 \u05e0\u05de\u05dc \u05d1\u05d5 \u05d9\u05ea\u05d7\u05d9\u05dc.<\/p>\n<p>\u05d4\u05e2\u05e8\u05d4: \u05e1\u05d9\u05d5\u05e8 \u05d6\u05d4 \u05d0\u05d9\u05e0\u05d5 \u05e4\u05e8\u05d8\u05d9.<strong>\u00a0\u05dc\u05e1\u05d9\u05d5\u05e8 \u05e4\u05e8\u05d8\u05d9 \u05d0\u05e0\u05d0 \u05e6\u05e8\u05d5 \u05e7\u05e9\u05e8.<\/strong><\/p>\n<ul>\n<li>\u05d8\u05d9\u05d5\u05dc \u05e6\u05e4\u05d9\u05d9\u05d4 \u05d1\u05dc\u05d5\u05d5\u05d9\u05d9\u05ea\u05e0\u05d9\u05dd<\/li>\n<li>\u05d3\u05de\u05d9 \u05db\u05e0\u05d9\u05e1\u05d4 \u05dc\u05de\u05e6\u05e4\u05d4<\/li>\n<li>\u05db\u05d5\u05dc\u05dc \u05de\u05d6\u05e0\u05d5\u05df \u05d0\u05e8\u05d5\u05d7\u05ea \u05e6\u05d4\u05e8\u05d9\u05d9\u05dd \u05e2\u05dc \u05d4\u05d7\u05d5\u05e3<\/li>\n<li>\u05d4\u05e2\u05d1\u05e8\u05d4 \u05d1\u05e1\u05d9\u05e8\u05d4<\/li>\n<li>\u05d4\u05e7\u05e4\u05d8\u05df \u05de\u05e1\u05e4\u05e7 \u05d4\u05d3\u05e8\u05db\u05d4 \u05d5\u05e4\u05d9\u05e7\u05d5\u05d7<\/li>\n<li>\u05de\u05d3\u05e8\u05d9\u05da \u05d8\u05d9\u05d5\u05dc\u05d9\u05dd<\/li>\n<\/ul>\n<p>&nbsp;<\/p>\n<h4><a id=\"inclusions-exclusions\" class=\"aal_anchor\" href=\"https:\/\/www.boattoursamana.com\/he\/%d7%a1%d7%99%d7%95%d7%a8\/%d7%90%d7%99-%d7%91%d7%a7%d7%a8%d7%93%d7%99-%d7%a1%d7%9e%d7%a0%d7%94-%d7%a7%d7%90%d7%99%d7%95-%d7%9c%d7%91%d7%a0%d7%98%d7%93%d7%95-%d7%95%d7%a6%d7%a4%d7%99%d7%99%d7%94-%d7%91%d7%9c%d7%95%d7%95%d7%99\/#inclusions-exclusions\" aria-hidden=\"true\"><\/a><b>\u05d4\u05db\u05dc\u05dc\u05d5\u05ea \u05d5\u05d0\u05d9 \u05d4\u05db\u05dc\u05dc\u05d5\u05ea<\/b><\/h4>\n<p>&nbsp;<\/p>\n<p><b>\u05ea\u05db\u05dc\u05d9\u05dc\u05d9\u05dd<\/b><\/p>\n<p>&nbsp;<\/p>\n<ol>\n<li>\u05de\u05d6\u05e0\u05d5\u05df \u05d0\u05e8\u05d5\u05d7\u05ea \u05e6\u05d4\u05e8\u05d9\u05d9\u05dd \u05e2\u05dc \u05d4\u05d7\u05d5\u05e3<\/li>\n<li>\u05e6\u05e4\u05d9\u05d9\u05d4 \u05d1\u05dc\u05d5\u05d5\u05d9\u05d9\u05ea\u05e0\u05d9\u05dd<\/li>\n<li>\u05de\u05d3\u05e8\u05d9\u05da \u05d8\u05d9\u05d5\u05dc\u05d9\u05dd<\/li>\n<li>\u05d8\u05d9\u05d5\u05dc \u05e7\u05d8\u05de\u05e8\u05df \u05d0\u05d5 \u05e9\u05d9\u05d9\u05d8<\/li>\n<li>\u05db\u05dc \u05d4\u05de\u05e1\u05d9\u05dd, \u05d4\u05e2\u05de\u05dc\u05d5\u05ea \u05d5\u05d3\u05de\u05d9 \u05d4\u05d8\u05d9\u05e4\u05d5\u05dc<\/li>\n<li>\u05de\u05d9\u05e1\u05d9\u05dd \u05de\u05e7\u05d5\u05de\u05d9\u05d9\u05dd<\/li>\n<li>\u05de\u05b7\u05e9\u05c1\u05e7\u05b8\u05d0\u05d5\u05b9\u05ea<\/li>\n<li>\u05de\u05e9\u05e7\u05d0\u05d5\u05ea \u05d0\u05dc\u05db\u05d5\u05d4\u05d5\u05dc\u05d9\u05d9\u05dd<\/li>\n<\/ol>\n<p><b>\u05d0\u05d9 \u05d4\u05db\u05dc\u05dc\u05d5\u05ea<\/b><\/p>\n<ol>\n<li>\u05ea\u05d5\u05d3\u05d5\u05ea<\/li>\n<li>\u05d4\u05e2\u05d1\u05e8\u05d4 \u05de\u05db\u05d5\u05e0\u05d9\u05ea<\/li>\n<\/ol>\n<p>&nbsp;<\/p>\n<h4><a id=\"departure-return\" class=\"aal_anchor\" href=\"https:\/\/www.boattoursamana.com\/he\/%d7%a1%d7%99%d7%95%d7%a8\/%d7%90%d7%99-%d7%91%d7%a7%d7%a8%d7%93%d7%99-%d7%a1%d7%9e%d7%a0%d7%94-%d7%a7%d7%90%d7%99%d7%95-%d7%9c%d7%91%d7%a0%d7%98%d7%93%d7%95-%d7%95%d7%a6%d7%a4%d7%99%d7%99%d7%94-%d7%91%d7%9c%d7%95%d7%95%d7%99\/#departure-return\" aria-hidden=\"true\"><\/a><em><strong>\u05d9\u05e6\u05d9\u05d0\u05d4 \u05d5\u05d7\u05d6\u05e8\u05d4<\/strong><\/em><\/h4>\n<p>\u05d4\u05e0\u05d5\u05e1\u05e2 \u05d9\u05e7\u05d1\u05dc \u05e0\u05e7\u05d5\u05d3\u05ea \u05de\u05e4\u05d2\u05e9 \u05dc\u05d0\u05d7\u05e8 \u05ea\u05d4\u05dc\u05d9\u05da \u05d4\u05d4\u05d6\u05de\u05e0\u05d4. \u05d4\u05e1\u05d9\u05d5\u05e8\u05d9\u05dd \u05de\u05ea\u05d7\u05d9\u05dc\u05d9\u05dd \u05d5\u05de\u05e1\u05ea\u05d9\u05d9\u05de\u05d9\u05dd \u05d1\u05e0\u05e7\u05d5\u05d3\u05d5\u05ea \u05d4\u05de\u05e4\u05d2\u05e9 \u05e9\u05dc\u05e0\u05d5.<\/p>\n<p>&nbsp;<\/p>\n<h4><a id=\"what-to-expect\" class=\"aal_anchor\" href=\"https:\/\/www.boattoursamana.com\/he\/%d7%a1%d7%99%d7%95%d7%a8\/%d7%90%d7%99-%d7%91%d7%a7%d7%a8%d7%93%d7%99-%d7%a1%d7%9e%d7%a0%d7%94-%d7%a7%d7%90%d7%99%d7%95-%d7%9c%d7%91%d7%a0%d7%98%d7%93%d7%95-%d7%95%d7%a6%d7%a4%d7%99%d7%99%d7%94-%d7%91%d7%9c%d7%95%d7%95%d7%99\/#what-to-expect\" aria-hidden=\"true\"><\/a><b><i>\u05dc\u05de\u05d4 \u05dc\u05e6\u05e4\u05d5\u05ea?<\/i><\/b><\/h4>\n<p>&nbsp;<\/p>\n<p><em><strong>\u05e7\u05d1\u05dc \u05d0\u05ea \u05d4\u05db\u05e8\u05d8\u05d9\u05e1\u05d9\u05dd \u05e9\u05dc\u05da<\/strong><\/em>\u00a0\u05dc\u05d9\u05d5\u05dd \u05e1\u05d9\u05d5\u05e8 \u05e6\u05e4\u05d9\u05d9\u05d4 \u05d1\u05dc\u05d5\u05d5\u05d9\u05d9\u05ea\u05e0\u05d9\u05dd \u05d1\u05de\u05e4\u05e8\u05e5 \u05e1\u05de\u05e0\u05d4 \u05d4\u05d7\u05dc \u05de\u05de\u05d9\u05e6&#039;\u05e1 \u05d1\u05e7\u05d8\u05de\u05e8\u05df \u05e2\u05dd \u05de\u05e9\u05e7\u05d0\u05d5\u05ea \u05de\u05e7\u05d5\u05de\u05d9\u05d9\u05dd \u05d1\u05ea\u05d5\u05e1\u05e4\u05ea \u05d0\u05e8\u05d5\u05d7\u05ea \u05e6\u05d4\u05e8\u05d9\u05d9\u05dd \u05e0\u05e4\u05dc\u05d0\u05d4 \u05d5\u05d6\u05de\u05df \u05d7\u05d5\u05e3.<\/p>\n<p>n\u05d8\u05d9\u05d5\u05dc\u05d9 \u05d4\u05e6\u05e4\u05d9\u05d9\u05d4 \u05d1\u05dc\u05d5\u05d5\u05d9\u05d9\u05ea\u05e0\u05d9\u05dd \u05de\u05d0\u05d5\u05e8\u05d2\u05e0\u05d9\u05dd \u05e2\u05dc \u05d9\u05d3\u05d9 &quot;\u05d4\u05e8\u05e4\u05ea\u05e7\u05d0\u05d5\u05ea \u05d1\u05d5\u05e7\u05d9\u05e0\u05d2&quot; \u05de\u05ea\u05d7\u05d9\u05dc\u05d9\u05dd \u05d1\u05e0\u05e7\u05d5\u05d3\u05ea \u05d4\u05de\u05e4\u05d2\u05e9 \u05e9\u05e0\u05e7\u05d1\u05e2\u05d4 \u05e2\u05dd \u05de\u05d3\u05e8\u05d9\u05da \u05d4\u05d8\u05d9\u05d5\u05dc\u05d9\u05dd. \u05d0\u05e8\u05d5\u05d7\u05ea \u05e6\u05d4\u05e8\u05d9\u05d9\u05dd \u05d1\u05d7\u05d5\u05e3 \u05d5\u05ea\u05d5\u05db\u05dc\u05d5 \u05dc\u05d4\u05d9\u05e9\u05d0\u05e8 \u05db\u05de\u05d4 \u05d6\u05de\u05df \u05e9\u05ea\u05e8\u05e6\u05d5 \u05dc\u05e9\u05d7\u05d5\u05ea \u05de\u05e1\u05d1\u05d9\u05d1. \u05d0\u05dd \u05d0\u05ea\u05d4 \u05d8\u05d1\u05e2\u05d5\u05e0\u05d9, \u05e0\u05d5\u05db\u05dc \u05d2\u05dd \u05dc\u05d4\u05d2\u05d3\u05d9\u05e8 \u05e2\u05d1\u05d5\u05e8\u05da \u05d0\u05d5\u05db\u05dc.<\/p>\n<p><strong>\u05dc\u05d5\u05d7 \u05d6\u05de\u05e0\u05d9\u05dd:<\/strong><\/p>\n<p>8:45 \u2013 17:00<\/p>\n<p>&nbsp;<\/p>\n<h4><a id=\"what-you-should-bring\" class=\"aal_anchor\" href=\"https:\/\/www.boattoursamana.com\/he\/%d7%a1%d7%99%d7%95%d7%a8\/%d7%90%d7%99-%d7%91%d7%a7%d7%a8%d7%93%d7%99-%d7%a1%d7%9e%d7%a0%d7%94-%d7%a7%d7%90%d7%99%d7%95-%d7%9c%d7%91%d7%a0%d7%98%d7%93%d7%95-%d7%95%d7%a6%d7%a4%d7%99%d7%99%d7%94-%d7%91%d7%9c%d7%95%d7%95%d7%99\/#what-you-should-bring\" aria-hidden=\"true\"><\/a><em><strong>\u05de\u05d4 \u05db\u05d3\u05d0\u05d9 \u05dc\u05d4\u05d1\u05d9\u05d0?<\/strong><\/em><\/h4>\n<ul>\n<li>\u05de\u05b7\u05e6\u05dc\u05b5\u05de\u05b8\u05d4<\/li>\n<li>\u05e0\u05d9\u05e6\u05e0\u05d9\u05dd \u05d3\u05d5\u05d7\u05d9\u05dd<\/li>\n<li>\u05e7\u05e8\u05dd \u05d4\u05d2\u05e0\u05d4<\/li>\n<li>\u05db\u05bc\u05d5\u05b9\u05d1\u05b7\u05e2<\/li>\n<li>\u05de\u05db\u05e0\u05e1\u05d9\u05d9\u05dd \u05e0\u05d5\u05d7\u05d9\u05dd<\/li>\n<li>\u05e1\u05e0\u05d3\u05dc\u05d9\u05dd \u05dc\u05d7\u05d5\u05e3<\/li>\n<li>\u05d1\u05d2\u05d3\u05d9 \u05e9\u05d7\u05d9\u05d9\u05d4<\/li>\n<li>\u05de\u05d6\u05d5\u05de\u05df \u05dc\u05de\u05d6\u05db\u05e8\u05d5\u05ea<\/li>\n<\/ul>\n<p>&nbsp;<\/p>\n<h4><a id=\"hotel-pickup\" class=\"aal_anchor\" href=\"https:\/\/www.boattoursamana.com\/he\/%d7%a1%d7%99%d7%95%d7%a8\/%d7%90%d7%99-%d7%91%d7%a7%d7%a8%d7%93%d7%99-%d7%a1%d7%9e%d7%a0%d7%94-%d7%a7%d7%90%d7%99%d7%95-%d7%9c%d7%91%d7%a0%d7%98%d7%93%d7%95-%d7%95%d7%a6%d7%a4%d7%99%d7%99%d7%94-%d7%91%d7%9c%d7%95%d7%95%d7%99\/#hotel-pickup\" aria-hidden=\"true\"><\/a><b><i>\u05d0\u05d9\u05e1\u05d5\u05e3 \u05d1\u05de\u05dc\u05d5\u05df<\/i><\/b><\/h4>\n<p>\u05dc\u05d0 \u05de\u05d5\u05e6\u05e2 \u05d0\u05d9\u05e1\u05d5\u05e3 \u05de\u05d4\u05de\u05dc\u05d5\u05df \u05e2\u05d1\u05d5\u05e8 \u05e1\u05d9\u05d5\u05e8 \u05d6\u05d4.<\/p>\n<p>&nbsp;<\/p>\n<p><b>\u05d4\u05e2\u05e8\u05d4:<\/b>\u00a0\u05d0\u05dd \u05d0\u05ea\u05dd \u05de\u05d6\u05de\u05d9\u05e0\u05d9\u05dd \u05d1\u05ea\u05d5\u05da 24 \u05e9\u05e2\u05d5\u05ea \u05de\u05de\u05d5\u05e2\u05d3 \u05d4\u05d9\u05e6\u05d9\u05d0\u05d4 \u05e9\u05dc \u05d4\u05e1\u05d9\u05d5\u05e8\/\u05d4\u05d8\u05d9\u05d5\u05dc, \u05e0\u05d5\u05db\u05dc \u05dc\u05d0\u05e8\u05d2\u05df \u05d0\u05d9\u05e1\u05d5\u05e3 \u05de\u05d4\u05de\u05dc\u05d5\u05df \u05d1\u05e2\u05dc\u05d5\u05ea \u05e0\u05d5\u05e1\u05e4\u05ea. \u05dc\u05d0\u05d7\u05e8 \u05d4\u05e9\u05dc\u05de\u05ea \u05d4\u05e8\u05db\u05d9\u05e9\u05d4, \u05d0\u05e0\u05d5 \u05e0\u05e9\u05dc\u05d7 \u05d0\u05dc\u05d9\u05da \u05d0\u05ea \u05e4\u05e8\u05d8\u05d9 \u05d4\u05e7\u05e9\u05e8 \u05d4\u05de\u05dc\u05d0\u05d9\u05dd (\u05de\u05e1\u05e4\u05e8 \u05d8\u05dc\u05e4\u05d5\u05df, \u05db\u05ea\u05d5\u05d1\u05ea \u05d3\u05d5\u05d0&quot;\u05dc \u05d5\u05db\u05d5&#039;) \u05db\u05d3\u05d9 \u05e9\u05de\u05d3\u05e8\u05d9\u05da \u05d4\u05d8\u05d9\u05d5\u05dc\u05d9\u05dd \u05d4\u05de\u05e7\u05d5\u05de\u05d9 \u05e9\u05dc\u05e0\u05d5 \u05d9\u05d5\u05db\u05dc \u05dc\u05d0\u05e8\u05d2\u05df \u05e1\u05d9\u05d3\u05d5\u05e8\u05d9 \u05d0\u05d9\u05e1\u05d5\u05e3.<\/p>\n<h4><a id=\"additional-info-confirmation\" class=\"aal_anchor\" href=\"https:\/\/www.boattoursamana.com\/he\/%d7%a1%d7%99%d7%95%d7%a8\/%d7%90%d7%99-%d7%91%d7%a7%d7%a8%d7%93%d7%99-%d7%a1%d7%9e%d7%a0%d7%94-%d7%a7%d7%90%d7%99%d7%95-%d7%9c%d7%91%d7%a0%d7%98%d7%93%d7%95-%d7%95%d7%a6%d7%a4%d7%99%d7%99%d7%94-%d7%91%d7%9c%d7%95%d7%95%d7%99\/#additional-info-confirmation\" aria-hidden=\"true\"><\/a><b><i>\u05d0\u05d9\u05e9\u05d5\u05e8 \u05de\u05d9\u05d3\u05e2 \u05e0\u05d5\u05e1\u05e3<\/i><\/b><\/h4>\n<ol>\n<li>\u05db\u05e8\u05d8\u05d9\u05e1\u05d9\u05dd \u05d4\u05dd \u05d4\u05e7\u05d1\u05dc\u05d4 \u05dc\u05d0\u05d7\u05e8 \u05ea\u05e9\u05dc\u05d5\u05dd \u05e1\u05d9\u05d5\u05e8 \u05d6\u05d4. \u05d0\u05ea\u05d4 \u05d9\u05db\u05d5\u05dc \u05dc\u05d4\u05e6\u05d9\u05d2 \u05d0\u05ea \u05d4\u05ea\u05e9\u05dc\u05d5\u05dd \u05d1\u05d8\u05dc\u05e4\u05d5\u05df \u05e9\u05dc\u05da.<\/li>\n<li>\u05e0\u05e7\u05d5\u05d3\u05ea \u05de\u05e4\u05d2\u05e9 \u05ea\u05ea\u05e7\u05d1\u05dc \u05dc\u05d0\u05d7\u05e8 \u05ea\u05d4\u05dc\u05d9\u05da \u05d4\u05d4\u05d6\u05de\u05e0\u05d4.<\/li>\n<li>\u05d9\u05dc\u05d3\u05d9\u05dd \u05d7\u05d9\u05d9\u05d1\u05d9\u05dd \u05d1\u05dc\u05d9\u05d5\u05d5\u05d9 \u05de\u05d1\u05d5\u05d2\u05e8.<\/li>\n<li>\u05e0\u05d2\u05d9\u05e9 \u05dc\u05db\u05e1\u05d0 \u05d2\u05dc\u05d2\u05dc\u05d9\u05dd<\/li>\n<li>\u05ea\u05d9\u05e0\u05d5\u05e7\u05d5\u05ea \u05d7\u05d9\u05d9\u05d1\u05d9\u05dd \u05dc\u05e9\u05d1\u05ea \u05e2\u05dc \u05d1\u05e8\u05db\u05d9\u05d9\u05dd<\/li>\n<li>\u05e8\u05d5\u05d1 \u05d4\u05de\u05d8\u05d9\u05d9\u05dc\u05d9\u05dd \u05d9\u05db\u05d5\u05dc\u05d9\u05dd \u05dc\u05d4\u05e9\u05ea\u05ea\u05e3<\/li>\n<\/ol>\n<h4><a id=\"cancellation-policy\" class=\"aal_anchor\" href=\"https:\/\/www.boattoursamana.com\/he\/%d7%a1%d7%99%d7%95%d7%a8\/%d7%90%d7%99-%d7%91%d7%a7%d7%a8%d7%93%d7%99-%d7%a1%d7%9e%d7%a0%d7%94-%d7%a7%d7%90%d7%99%d7%95-%d7%9c%d7%91%d7%a0%d7%98%d7%93%d7%95-%d7%95%d7%a6%d7%a4%d7%99%d7%99%d7%94-%d7%91%d7%9c%d7%95%d7%95%d7%99\/#cancellation-policy\" aria-hidden=\"true\"><\/a><b><i>\u05de\u05d3\u05d9\u05e0\u05d9\u05d5\u05ea \u05d1\u05d9\u05d8\u05d5\u05dc<\/i><\/b><\/h4>\n<p>n\u05e2\u05d1\u05d5\u05e8 \u05d4\u05d7\u05d6\u05e8 \u05de\u05dc\u05d0, \u05d1\u05d8\u05dc \u05dc\u05e4\u05d7\u05d5\u05ea 24 \u05e9\u05e2\u05d5\u05ea \u05dc\u05e4\u05e0\u05d9 \u05ea\u05d0\u05e8\u05d9\u05da \u05ea\u05d7\u05d9\u05dc\u05ea \u05d4\u05d7\u05d5\u05d5\u05d9\u05d4.<\/p>\n<\/div>\n<\/div>\n<\/div>\n<\/div>\n<\/div>\n<\/div>\n<\/div>\n<\/div>\n<\/div>\n<\/div>\n<\/div>\n<\/div>\n<div class=\"vc_row wpb_row vc_row-fluid\">\n<div class=\"wpb_column vc_column_container vc_col-sm-12\">\n<div class=\"vc_column-inner\">\n<div class=\"wpb_wrapper\">\n<div class=\"vc_empty_space\"><\/div>\n<div class=\"wpb_text_column wpb_content_element\">\n<div class=\"wpb_wrapper\">\n<h4><a id=\"contact-us\" class=\"aal_anchor\" href=\"https:\/\/www.boattoursamana.com\/he\/%d7%a1%d7%99%d7%95%d7%a8\/%d7%90%d7%99-%d7%91%d7%a7%d7%a8%d7%93%d7%99-%d7%a1%d7%9e%d7%a0%d7%94-%d7%a7%d7%90%d7%99%d7%95-%d7%9c%d7%91%d7%a0%d7%98%d7%93%d7%95-%d7%95%d7%a6%d7%a4%d7%99%d7%99%d7%94-%d7%91%d7%9c%d7%95%d7%95%d7%99\/#contact-us\" aria-hidden=\"true\"><\/a>\u05e6\u05d5\u05e8 \u05e7\u05e9\u05e8?<\/h4>\n<h5><\/h5>\n<p><em><strong>\u05de\u05e7\u05d5\u05de\u05d9\u05d9\u05dd<\/strong>\u00a0\u05d5\u00a0<strong>\u05d0\u05d6\u05e8\u05d7\u05d9\u05dd<\/strong>\u00a0\u05de\u05d3\u05e8\u05d9\u05db\u05d9 \u05d8\u05d9\u05d5\u05dc\u05d9\u05dd \u05d5\u05e9\u05d9\u05e8\u05d5\u05ea\u05d9 \u05d0\u05d5\u05e8\u05d7\u05d9\u05dd<\/em><\/p>\n<p><span class=\"text-turquoise\">\u05d4\u05d6\u05de\u05e0\u05d5\u05ea:<\/span>\u00a0\u05e1\u05d9\u05d5\u05e8\u05d9\u05dd \u05d5\u05d8\u05d9\u05d5\u05dc\u05d9\u05dd \u05d1\u05d3\u05d5\u05dd. \u05e0\u05e6\u05d9\u05d2<\/p>\n<p><img decoding=\"async\" class=\"emoji\" title=\"Samana Cayo Levantado (\u05d0\u05d9 \u05d1\u05e7\u05e8\u05d3\u05d9) \u05d5\u05e6\u05e4\u05d9\u05d9\u05d4 \u05d1\u05dc\u05d5\u05d5\u05d9\u05d9\u05ea\u05e0\u05d9\u05dd \u05de\u05de\u05d9\u05e6&#039;\u05e1 \u05d1\u05e7\u05d8\u05de\u05e8\u05df\" draggable=\"false\" src=\"https:\/\/s.w.org\/images\/core\/emoji\/11.2.0\/svg\/1f4de.svg\" alt=\"\ud83d\udcde\" \/> \u05d8\u05dc\/\u05d5\u05d5\u05d0\u05d8\u05e1\u05d0\u05e4 <strong><a href=\"tel:+1 (829) 318-9463\">+1 (829) 318-9463.<\/a><\/strong><\/p>\n<p><img decoding=\"async\" class=\"emoji\" title=\"Samana Cayo Levantado (\u05d0\u05d9 \u05d1\u05e7\u05e8\u05d3\u05d9) \u05d5\u05e6\u05e4\u05d9\u05d9\u05d4 \u05d1\u05dc\u05d5\u05d5\u05d9\u05d9\u05ea\u05e0\u05d9\u05dd \u05de\u05de\u05d9\u05e6&#039;\u05e1 \u05d1\u05e7\u05d8\u05de\u05e8\u05df\" draggable=\"false\" src=\"https:\/\/s.w.org\/images\/core\/emoji\/11.2.0\/svg\/1f4e9.svg\" alt=\"\ud83d\udce9\" \/>\u00a0<a href=\"mailto:reservabatour@gmail.com\">reservabatour@gmail.com<\/a><\/p>\n<p><strong>\u05d0\u05e0\u05d7\u05e0\u05d5 \u05e1\u05d9\u05d5\u05e8\u05d9\u05dd \u05e4\u05e8\u05d8\u05d9\u05d9\u05dd \u05d1\u05d4\u05d2\u05d3\u05e8\u05d4 \u05d2\u05de\u05d9\u05e9\u05d4 \u05d1\u05d0\u05de\u05e6\u05e2\u05d5\u05ea Whatsapp:\u00a0<a href=\"tel:+1 (829) 318-9463\">+1 (829) 318-9463.<\/a><\/strong><\/p>\n<\/div>\n<\/div>\n<\/div>\n<\/div>\n<\/div>\n<\/div>\n<\/div>\n<\/div>\n\n\t\t<\/div>\n\t<\/div>\n<div class=\"vc_row wpb_row vc_row-fluid\" ><div class=\"wpb_column vc_column_container vc_col-sm-12\"><div class=\"vc_column-inner\"><div class=\"wpb_wrapper\"><div class=\"vc_btn3-container vc_btn3-inline\" ><button class=\"vc_general vc_btn3 vc_btn3-size-md vc_btn3-shape-rounded vc_btn3-style-modern vc_btn3-color-green\">\u05dc\u05d4\u05d6\u05de\u05d9\u05df \u05e2\u05db\u05e9\u05d9\u05d5<\/button><\/div><\/div><\/div><\/div><\/div>","protected":false},"excerpt":{"rendered":"<p><span style=\"vertical-align: inherit;\"><span style=\"vertical-align: inherit;\">\u05e1\u05d9\u05d5\u05e8\u05d9\u05dd \u05d5\u05d8\u05d9\u05d5\u05dc\u05d9\u05dd \u05dc\u05d5\u05d5\u05d9\u05d9\u05ea\u05df \u05de\u05d9\u05e9. <\/span><span style=\"vertical-align: inherit;\">Reserve sus boletos para el avistamiento de ballas en la Bah\u00eda de Saman\u00e1, comenzando desde Miches y visitando Cayo Levantado, tambi\u00e9n conocida como Isla Bacard\u00ed para una aventura con pase de un d\u00eda.<\/span><\/span><\/p>\n<p>&nbsp;<\/p>\n<p><em><strong><span style=\"vertical-align: inherit;\"><span style=\"vertical-align: inherit;\">\u05e1\u05dc\u05e7\u05e6\u05d9\u05d5\u05e0\u05d4 \u05dc\u05d4 \u05e4\u05d7\u05d4 \u05d3\u05d4 \u05dc\u05d4 \u05d8\u05d9\u05d5\u05dc:<\/span><\/span><\/strong><\/em><\/p>","protected":false},"featured_media":11588,"template":"","meta":[],"product_cat":[255,937],"product_tag":[393,375,342,392,391,276,274,322,394,390],"class_list":["post-9218","product","type-product","status-publish","has-post-thumbnail","hentry","product_cat-tours-excursions-samana-bay-dominican-republic","product_cat-whale-watching-miches","product_tag-miches-whale-watching","product_tag-samana-dominican-republic","product_tag-samana-whale-watching","product_tag-samana-whale-watching-price","product_tag-things-to-do-in-dominican-republic","product_tag-whale-samana","product_tag-whale-watching-dominican-republic","product_tag-whale-watching-miches","product_tag-whale-watching-miches-dominican-republic","product_tag-when-to-see-whales-dominican-republic"],"_links":{"self":[{"href":"https:\/\/www.boattoursamana.com\/he\/wp-json\/wp\/v2\/product\/9218","targetHints":{"allow":["GET"]}}],"collection":[{"href":"https:\/\/www.boattoursamana.com\/he\/wp-json\/wp\/v2\/product"}],"about":[{"href":"https:\/\/www.boattoursamana.com\/he\/wp-json\/wp\/v2\/types\/product"}],"wp:featuredmedia":[{"embeddable":true,"href":"https:\/\/www.boattoursamana.com\/he\/wp-json\/wp\/v2\/media\/11588"}],"wp:attachment":[{"href":"https:\/\/www.boattoursamana.com\/he\/wp-json\/wp\/v2\/media?parent=9218"}],"wp:term":[{"taxonomy":"product_cat","embeddable":true,"href":"https:\/\/www.boattoursamana.com\/he\/wp-json\/wp\/v2\/product_cat?post=9218"},{"taxonomy":"product_tag","embeddable":true,"href":"https:\/\/www.boattoursamana.com\/he\/wp-json\/wp\/v2\/product_tag?post=9218"}],"curies":[{"name":"wp","href":"https:\/\/api.w.org\/{rel}","templated":true}]}}