{"id":15809,"date":"2023-07-15T07:43:59","date_gmt":"2023-07-15T07:43:59","guid":{"rendered":"https:\/\/www.ticketswhales.com\/mountain-bikes-tainos-canoe-los-haitises\/"},"modified":"2023-07-15T07:43:59","modified_gmt":"2023-07-15T07:43:59","slug":"mountain-bikes-tainos-canoe-los-haitises","status":"publish","type":"page","link":"https:\/\/www.boattoursamana.com\/hi\/%e0%a4%ae%e0%a4%be%e0%a4%89%e0%a4%82%e0%a4%9f%e0%a5%87%e0%a4%a8-%e0%a4%ac%e0%a4%be%e0%a4%87%e0%a4%95-%e0%a4%9f%e0%a5%88%e0%a4%a8%e0%a5%8b%e0%a4%b8-%e0%a4%95%e0%a5%88%e0%a4%a8%e0%a5%8b-%e0%a4%b2","title":{"rendered":"\u092e\u093e\u0909\u0902\u091f\u0947\u0928 \u092c\u093e\u0907\u0915 + \u0924\u0947\u0928\u094b \u0915\u0940 \u0915\u0948\u0928\u094b \u0932\u0949\u0938 \u0939\u0948\u091f\u093e\u0907\u091c\u093c"},"content":{"rendered":"<p><span style=\"font-weight: 400;\"><span style=\"vertical-align: inherit;\"><span style=\"vertical-align: inherit;\">\u092f\u0939 \u0938\u0915\u094d\u0930\u093f\u092f \u0939\u0948, \u0906\u0930\u094d\u091f\u0947\u0938\u0947\u0928\u0932\u094d\u0938 \u092e\u0947\u0902 \u092d\u093e\u0917 \u0932\u0947\u0928\u093e, \u091f\u0948\u0928\u094b\u0938 \u0915\u094b \u0926\u0947\u0916\u0928\u0947 \u0915\u0947 \u0932\u093f\u090f \u0924\u0948\u092f\u093e\u0930 \u0939\u094b\u0928\u093e. <\/span><span style=\"vertical-align: inherit;\">\u0932\u0949\u0938 \u0938\u094b\u0928\u093f\u0921\u094b\u0938 \u0915\u0947 \u090f\u0938\u094d\u0915\u0941\u091a\u0948\u0930\u0938 \u092e\u0941\u091a\u094b\u0938 \u0915\u094d\u092f\u0942 \u092e\u093e\u0930\u094d\u0915\u093e\u0930\u094b\u0928 \u0938\u0941 \u0915\u0949\u0928\u094d\u0915\u094d\u0938\u093f\u0913\u0928 \u0915\u0949\u0928 \u0932\u093e \u0928\u0947\u091a\u0930\u0932\u0947\u091c\u093e: \u090f\u0932 \u0932\u093e\u092e\u093e\u0921\u094b \u0921\u0947 \u0932\u093e\u0938 \u0917\u094d\u0930\u0941\u0932\u093e\u0938, \u090f\u0932 \u091a\u0948\u092a\u0941\u091c\u093c\u094b\u0928 \u0921\u0947 \u0932\u0949\u0938 \u0915\u0948\u0902\u0917\u094d\u0930\u0947\u091c\u094b\u0938 \u090f\u0928 \u090f\u0932 \u0905\u0917\u0941\u0906 \u0935\u093e\u0908 \u090f\u0932 \u0938\u0941\u0935\u0947 \u092c\u093e\u0924\u093f\u0930 \u0921\u0947 \u0932\u093e\u0938 \u0913\u0932\u093e\u0938 \u0915\u0949\u0928\u094d\u091f\u094d\u0930\u093e \u0932\u093e\u0938 \u092b\u0949\u0930\u094d\u092e\u093e\u0938\u093f\u092f\u094b\u0928\u0947\u0938 \u0930\u094b\u0915\u094b\u0938\u093e\u0938 \u0928\u0947\u091a\u0941\u0930\u0932\u094d\u0938\u0964 <\/span><span style=\"vertical-align: inherit;\">\u0932\u0949\u0938 \u0906\u0930\u094d\u0915\u094b\u0938 \u0921\u0947 \u0932\u093e\u0938 \u0930\u093e\u0907\u0938\u0947\u0938 \u0921\u0947\u0932 \u092e\u0902\u0917\u0932\u093e\u0930 \u0924\u0947 \u0930\u093f\u0915\u093e\u0930\u094d\u0921\u0930\u0928 \u090f \u0932\u093e\u0938 \u0915\u0948\u091f\u0947\u0921\u094d\u0930\u0947\u0932\u094d\u0938 \u0935\u093e\u0908, \u0921\u0947 \u0939\u0947\u091a\u094b, \u0932\u0949\u0938 \u091f\u0948\u0928\u094b\u0938 (\u090f\u0915 \u091f\u0947\u0928\u093f\u092f\u0928 \u0907\u0917\u094d\u0932\u0947\u0938\u093f\u092f\u0938) \u090f\u0930\u0928 \u092a\u094d\u0930\u094b\u092b\u0902\u0921\u093e\u092e\u0947\u0902\u091f\u0947 \u090f\u0938\u094d\u092a\u093f\u0930\u093f\u091f\u0941\u0905\u0932\u094d\u0938\u0964 <\/span><span style=\"vertical-align: inherit;\">\u0909\u0928\u092e\u0947\u0902 \u0938\u0947 \u090f\u0915 \u0928\u0947 \u0928\u0941\u090f\u0938\u094d\u091f\u094d\u0930\u094b \u0917\u0941\u0906 \u0938\u0947 \u0938\u093e\u0932\u093f\u0921\u094b \u0932\u093f\u092f\u093e, \u0930\u093f\u0915\u093e \u0915\u0947 \u0935\u093f\u092d\u093f\u0928\u094d\u0928 \u092a\u094d\u0930\u0915\u093e\u0930\u094b\u0902 \u0915\u094b \u0928\u0937\u094d\u091f \u0915\u0930 \u0926\u093f\u092f\u093e, \u0938\u0930\u0940\u0938\u0943\u092a \u0914\u0930 \u0932\u0949\u0938 \u092e\u0902\u0917\u0932\u093e\u0930\u0947\u0938 \u0915\u0947 \u091f\u0941\u0915\u0921\u093c\u0947\u0964 <\/span><span style=\"vertical-align: inherit;\">\u0921\u0947\u0938\u0932\u0941\u092e\u094d\u092c\u094d\u0930\u093e\u0921\u094b \u092a\u094b\u0930 \u090f\u0932 \u0921\u0947\u0938\u094d\u091f\u0947\u0932\u094b \u0921\u0947 \u0932\u093e\u0938 \u0913\u0932\u093e\u0938 \u0915\u094d\u092f\u0942 \u092a\u093e\u0930\u092a\u0947\u0921\u093f\u092f\u0928 \u090f \u0932\u093e \u0932\u0942\u091c \u0921\u0947 \u0932\u093e \u092e\u0928\u093e\u0928\u093e, \u0932\u093e\u0938 \u092e\u094b\u0902\u091f\u093e\u0928\u093e\u0938 \u0921\u0947 \u0938\u092e\u093e\u0928\u093e \u090f\u0928 \u0932\u093e \u0921\u093f\u0938\u094d\u091f\u0947\u0902\u0938\u093f\u092f\u093e \u0935\u093e\u0908 \u090f\u0932 \u0935\u0930\u094d\u0921\u0947 \u090f\u0938\u094d\u092e\u0947\u0930\u093e\u0932\u094d\u0921\u093e \u0921\u0947 \u0932\u093e\u0938 \u092a\u093e\u092e\u0947\u0930\u0938 \u0915\u094d\u0935\u0940 \u0938\u0947 \u092e\u0947\u0938\u0947\u0928\u0964\u00a0 <\/span><\/span><\/span><br \/>\n\u090f\u0928<br \/>\n\u090f\u0928&\u090f\u0928bsp;<br \/>\n\u090f\u0928<br \/>\n\u090f\u0928<strong><span style=\"vertical-align: inherit;\"><span style=\"vertical-align: inherit;\">\u0938\u0947\u0932\u0947\u0915\u094d\u0936\u0928 \u0932\u093e \u092b\u0947\u091a\u093e \u092a\u0948\u0930\u093e \u090f\u0932 \u091f\u0942\u0930:<\/span><\/span><\/strong><\/p>\n<p>&nbsp;<\/p>\n<div class=\"vc_row wpb_row vc_row-fluid\" ><div class=\"wpb_column vc_column_container vc_col-sm-12\"><div class=\"vc_column-inner\"><div class=\"wpb_wrapper\"><div class=\"vc_btn3-container vc_btn3-inline\" ><button class=\"vc_general vc_btn3 vc_btn3-size-md vc_btn3-shape-rounded vc_btn3-style-modern vc_btn3-color-green\">\u0905\u092d\u0940 \u092c\u0941\u0915 \u0915\u0930\u0947\u0902<\/button><\/div>\n\t<div class=\"wpb_text_column wpb_content_element\" >\n\t\t<div class=\"wpb_wrapper\">\n\t\t\t<p><span style=\"vertical-align: inherit;\"><span style=\"vertical-align: inherit;\"><\/p>\n\n\t\t<\/div>\n\t<\/div>\n<\/div><\/div><\/div><\/div><div class=\"vc_row wpb_row vc_row-fluid\" ><\/div><div class=\"wpb_column vc_column_container vc_col-sm-12\"><div class=\"vc_column-inner\"><div class=\"wpb_wrapper\"><\/div><\/div><\/div><div class=\"vc_empty_space\"   style=\"height: 32px\"><span class=\"vc_empty_space_inner\"><\/span><\/div><div class=\"vc_row wpb_row vc_row-fluid\" ><\/div><div class=\"wpb_column vc_column_container vc_col-sm-12\"><div class=\"vc_column-inner\"><div class=\"wpb_wrapper\"><\/div><\/div><\/div><div class=\"mkdf-section-title-holder\" style=\"text-align: left\">\n\t<div class=\"mkdf-st-inner\">\n\t\t\t\t\t<h5 class=\"mkdf-st-subtitle\" >\n\t\t\t\t\u090f\u0935\u0947\u0902\u091a\u0941\u0930\u093e \u090f\u0928 \u0915\u0948\u0928\u094b\u0905\u0938 \u0935\u093e\u0908 \u092c\u093f\u0938\u093f\u0915\u0932\u0947\u091f\u0938 \u0921\u0947 \u092e\u094b\u0902\u091f\u093e\u0928\u093e\t\t\t<\/h5>\n\t\t\t\t\t\t\t<h3 class=\"mkdf-st-title\" >\n\t\t\t\t\u0932\u0949\u0938 \u0939\u0948\u0907\u091f\u093f\u0938\u0947\u0938 \u091f\u0948\u0928\u094b \u0915\u093e \u091f\u0942\u0930 \u090f\u0928 \u092c\u093f\u0938\u093f\u0915\u0932\u0947\u091f\u093e\t\t\t<\/h3>\n\t\t\t\t\t<\/div>\n<\/div><div class=\"vc_row wpb_row vc_row-fluid\" ><\/div><div class=\"wpb_column vc_column_container vc_col-sm-12\"><div class=\"vc_column-inner\"><div class=\"wpb_wrapper\"><\/div><\/div><\/div><div class=\"vc_empty_space\"   style=\"height: 32px\"><span class=\"vc_empty_space_inner\"><\/span><\/div><div class=\"vc_row wpb_row vc_row-fluid\" ><\/div><div class=\"wpb_column vc_column_container vc_col-sm-12\"><div class=\"vc_column-inner\"><div class=\"wpb_wrapper\"><\/div><\/div><\/div><div class=\"vc_row wpb_row vc_row-fluid\" ><\/div><div class=\"wpb_column vc_column_container vc_col-sm-12\"><div class=\"vc_column-inner\"><div class=\"wpb_wrapper\"><\/div><\/div><\/div><div class=\"vc_empty_space\"   style=\"height: 32px\"><span class=\"vc_empty_space_inner\"><\/span><\/div><div class=\"vc_empty_space\"   style=\"height: 32px\"><span class=\"vc_empty_space_inner\"><\/span><\/div><div class=\"vc_row wpb_row vc_row-fluid\" ><div class=\"wpb_column vc_column_container vc_col-sm-12\"><div class=\"vc_column-inner\"><div class=\"wpb_wrapper\"><div class=\"vc_btn3-container vc_btn3-inline\" ><button class=\"vc_general vc_btn3 vc_btn3-size-md vc_btn3-shape-rounded vc_btn3-style-modern vc_btn3-color-green\">\u0905\u092d\u0940 \u092c\u0941\u0915 \u0915\u0930\u0947\u0902<\/button><\/div><\/div><\/div><\/div><\/div><\/span><\/span><\/p>","protected":false},"excerpt":{"rendered":"<p>En esta actividad, partir\u00e1s en canoas artesanales, tal como lo hac\u00edan los ta\u00ednos. Escuchar\u00e1s muchos de los sonidos que marcaron su conexi\u00f3n con la naturaleza: el llamado de las grullas, el chapuz\u00f3n de los cangrejos en el agua y el suave batir de las olas contra las formaciones rocosas naturales. Los arcos de las ra\u00edces del manglar te recordar\u00e1n a las catedrales y, de hecho, los ta\u00ednos (aunque no ten\u00edan iglesias) eran profundamente espirituales. Una vez que haya salido con [&hellip;]<\/p>\n","protected":false},"author":2,"featured_media":0,"parent":0,"menu_order":0,"comment_status":"open","ping_status":"closed","template":"","meta":{"footnotes":""},"class_list":["post-15809","page","type-page","status-publish","hentry"],"_links":{"self":[{"href":"https:\/\/www.boattoursamana.com\/hi\/wp-json\/wp\/v2\/pages\/15809","targetHints":{"allow":["GET"]}}],"collection":[{"href":"https:\/\/www.boattoursamana.com\/hi\/wp-json\/wp\/v2\/pages"}],"about":[{"href":"https:\/\/www.boattoursamana.com\/hi\/wp-json\/wp\/v2\/types\/page"}],"author":[{"embeddable":true,"href":"https:\/\/www.boattoursamana.com\/hi\/wp-json\/wp\/v2\/users\/2"}],"replies":[{"embeddable":true,"href":"https:\/\/www.boattoursamana.com\/hi\/wp-json\/wp\/v2\/comments?post=15809"}],"version-history":[{"count":0,"href":"https:\/\/www.boattoursamana.com\/hi\/wp-json\/wp\/v2\/pages\/15809\/revisions"}],"wp:attachment":[{"href":"https:\/\/www.boattoursamana.com\/hi\/wp-json\/wp\/v2\/media?parent=15809"}],"curies":[{"name":"wp","href":"https:\/\/api.w.org\/{rel}","templated":true}]}}