{"id":11643,"date":"2020-11-06T09:22:02","date_gmt":"2020-11-06T09:22:02","guid":{"rendered":"https:\/\/www.ticketswhales.com\/?post_type=product&#038;p=11643"},"modified":"2023-03-28T23:28:35","modified_gmt":"2023-03-28T23:28:35","slug":"pico-duarte-hike-with-local-experts-duarte-peak-camping-trekking","status":"publish","type":"product","link":"https:\/\/www.boattoursamana.com\/hi\/%e0%a4%af%e0%a4%be%e0%a4%a4%e0%a5%8d%e0%a4%b0%e0%a4%be\/pico-duarte-hike-with-local-experts-duarte-peak-camping-trekking","title":{"rendered":"\u0938\u094d\u0925\u093e\u0928\u0940\u092f \u0935\u093f\u0936\u0947\u0937\u091c\u094d\u091e\u094b\u0902 \u0915\u0947 \u0938\u093e\u0925 \u092a\u093f\u0915\u094b \u0921\u0941\u0906\u0930\u094d\u091f\u0947 \u092a\u0926\u092f\u093e\u0924\u094d\u0930\u093e - \u0921\u0941\u0906\u0930\u094d\u091f\u0947 \u092a\u0940\u0915 \u0915\u0948\u092e\u094d\u092a\u093f\u0902\u0917 \u0914\u0930 \u091f\u094d\u0930\u0948\u0915\u093f\u0902\u0917"},"content":{"rendered":"<div class=\"vc_row wpb_row vc_row-fluid\" ><div class=\"wpb_column vc_column_container vc_col-sm-12\"><div class=\"vc_column-inner\"><div class=\"wpb_wrapper\"><div class=\"vc_btn3-container vc_btn3-inline\" ><button class=\"vc_general vc_btn3 vc_btn3-size-md vc_btn3-shape-rounded vc_btn3-style-modern vc_btn3-color-green\">\u0905\u092d\u0940 \u092c\u0941\u0915 \u0915\u0930\u0947\u0902<\/button><\/div><div class=\"vc_empty_space\"   style=\"height: 32px\"><span class=\"vc_empty_space_inner\"><\/span><\/div><div class=\"mkdf-section-title-holder\" style=\"text-align: left\">\n\t<div class=\"mkdf-st-inner\">\n\t\t\t\t\t<h5 class=\"mkdf-st-subtitle\" >\n\t\t\t\tDuarte Peak Camping &amp; Trekking\t\t\t<\/h5>\n\t\t\t\t\t\t\t<h3 class=\"mkdf-st-title\" >\n\t\t\t\tPico Duarte Hike with Local Experts\t\t\t<\/h3>\n\t\t\t\t\t<\/div>\n<\/div><div class=\"vc_empty_space\"   style=\"height: 32px\"><span class=\"vc_empty_space_inner\"><\/span><\/div><div class=\"vc_message_box vc_message_box-standard vc_message_box-rounded vc_color-info\" ><div class=\"vc_message_box-icon\"><i class=\"fas fa-info-circle\"><\/i><\/div><p>Please Book ( 7) days before the due Day.<\/p>\n<\/div><div class=\"vc_empty_space\"   style=\"height: 32px\"><span class=\"vc_empty_space_inner\"><\/span><\/div><\/div><\/div><\/div><\/div><div class=\"vc_row wpb_row vc_row-fluid\" ><\/div><div class=\"wpb_column vc_column_container vc_col-sm-12\"><div class=\"vc_column-inner\"><div class=\"wpb_wrapper\"><\/div><\/div><\/div><div class=\"vc_empty_space\"   style=\"height: 32px\"><span class=\"vc_empty_space_inner\"><\/span><\/div><div class=\"vc_empty_space\"   style=\"height: 32px\"><span class=\"vc_empty_space_inner\"><\/span><\/div><div class=\"vc_row wpb_row vc_row-fluid\" ><div class=\"wpb_column vc_column_container vc_col-sm-12\"><div class=\"vc_column-inner\"><div class=\"wpb_wrapper\"><div class=\"vc_btn3-container vc_btn3-inline\" ><button class=\"vc_general vc_btn3 vc_btn3-size-md vc_btn3-shape-rounded vc_btn3-style-modern vc_btn3-color-green\">\u0905\u092d\u0940 \u092c\u0941\u0915 \u0915\u0930\u0947\u0902<\/button><\/div><\/div><\/div><\/div><\/div>","protected":false},"excerpt":{"rendered":"<p>&nbsp;<\/p>\n<p><span style=\"font-weight: 400;\"><span style=\"vertical-align: inherit;\"><span style=\"vertical-align: inherit;\">\u00danase a nosotros para escalar el punto m\u00e1s alto del Caribe en J. Almando Bermudez National ubicado en la Cordillera Central del pa\u00eds.<\/span><\/span><\/span><\/p>\n<p><span style=\"font-weight: 400;\"><span style=\"vertical-align: inherit;\"><span style=\"vertical-align: inherit;\">El recorrido ir\u00e1 desde un bosque tropical hasta el pinar del Parque Nacional J. Armando Bermudez, caminando por senderos a trav\u00e9s de miles de helechos, ver\u00e1 loros, jilgueros y otras aves ex\u00f3ticas. <\/span><\/span><\/span><\/p>\n<p><em><strong><span style=\"vertical-align: inherit;\"><span style=\"vertical-align: inherit;\">Seleccione la fecha para comenzar el viaje:<\/span><\/span><\/strong><\/em><\/p>","protected":false},"featured_media":11650,"template":"","meta":[],"product_cat":[833,946],"product_tag":[835,836,834],"class_list":["post-11643","product","type-product","status-publish","has-post-thumbnail","hentry","product_cat-pico-duarte-hike-with-local-experts-duarte-peak-camping-trekking","product_cat-1-sabana-de-la-mar","product_tag-camping-trekking","product_tag-duarte-peak","product_tag-pico-duarte-hike-with-local-experts-duarte-peak-camping-trekking"],"_links":{"self":[{"href":"https:\/\/www.boattoursamana.com\/hi\/wp-json\/wp\/v2\/product\/11643","targetHints":{"allow":["GET"]}}],"collection":[{"href":"https:\/\/www.boattoursamana.com\/hi\/wp-json\/wp\/v2\/product"}],"about":[{"href":"https:\/\/www.boattoursamana.com\/hi\/wp-json\/wp\/v2\/types\/product"}],"wp:featuredmedia":[{"embeddable":true,"href":"https:\/\/www.boattoursamana.com\/hi\/wp-json\/wp\/v2\/media\/11650"}],"wp:attachment":[{"href":"https:\/\/www.boattoursamana.com\/hi\/wp-json\/wp\/v2\/media?parent=11643"}],"wp:term":[{"taxonomy":"product_cat","embeddable":true,"href":"https:\/\/www.boattoursamana.com\/hi\/wp-json\/wp\/v2\/product_cat?post=11643"},{"taxonomy":"product_tag","embeddable":true,"href":"https:\/\/www.boattoursamana.com\/hi\/wp-json\/wp\/v2\/product_tag?post=11643"}],"curies":[{"name":"wp","href":"https:\/\/api.w.org\/{rel}","templated":true}]}}