{"id":15744,"date":"2023-07-15T07:42:45","date_gmt":"2023-07-15T07:42:45","guid":{"rendered":"https:\/\/www.ticketswhales.com\/los-haitises-national-park-playa-el-rincon-beach\/"},"modified":"2023-07-15T07:42:45","modified_gmt":"2023-07-15T07:42:45","slug":"los-haitises-national-park-playa-el-rincon-beach","status":"publish","type":"page","link":"https:\/\/www.boattoursamana.com\/hr\/nacionalni-park-los-haitises-plaza-playa-el-rincon","title":{"rendered":"Nacionalni park Los Haitises + pla\u017ea Playa el Rinc\u00f3n"},"content":{"rendered":"<p>Nacionalni park Los Haitises i Playa El Rinc\u00f3n s ru\u010dkom na pla\u017ei. Po\u0111ite s nama i posjetite najljep\u0161i nacionalni park Dominikanske Republike, posjetite mangrove, \u0161pilje i zaljev San Lorenzo. Nakon povratka u luku Saman\u00e1 na privatni izlet do pla\u017ee Playa El Rinc\u00f3n s ru\u010dkom na pla\u017ei.<br \/>\nn<br \/>\nnGet your tickets with offers here&#8230;<br \/>\nn<br \/>\nn&nbsp;<br \/>\nn<br \/>\nn<strong>Odaberite datum obilaska\u00a0<\/strong><\/p>\n<p>&nbsp;<\/p>\n<div class=\"vc_row wpb_row vc_row-fluid\" ><div class=\"wpb_column vc_column_container vc_col-sm-12\"><div class=\"vc_column-inner\"><div class=\"wpb_wrapper\"><div class=\"mkdf-section-title-holder\" style=\"text-align: left\">\n\t<div class=\"mkdf-st-inner\">\n\t\t\t\t\t<h5 class=\"mkdf-st-subtitle\" >\n\t\t\t\t\u0160pilje, mangrove, ru\u010dak i kupanje na pla\u017ei\t\t\t<\/h5>\n\t\t\t\t\t\t\t<h3 class=\"mkdf-st-title\" >\n\t\t\t\tNacionalni park Los Haitises + pla\u017ea Playa el Rinc\u00f3n\t\t\t<\/h3>\n\t\t\t\t\t<\/div>\n<\/div><div class=\"vc_btn3-container vc_btn3-inline\" ><button class=\"vc_general vc_btn3 vc_btn3-size-md vc_btn3-shape-rounded vc_btn3-style-modern vc_btn3-color-green\">REZERVIRAJTE SADA<\/button><\/div><\/div><\/div><\/div><\/div><div class=\"vc_row wpb_row vc_row-fluid\" ><div class=\"wpb_column vc_column_container vc_col-sm-12\"><div class=\"vc_column-inner\"><div class=\"wpb_wrapper\">\n\t<div class=\"wpb_text_column wpb_content_element\" >\n\t\t<div class=\"wpb_wrapper\">\n\t\t\t<p>\nn<\/p>\n<h4><b><i>Pregled <\/i><\/b><\/h4>\n<p>nLos Haitises National Park and Playa El Rincon with Lunch on the beach. Come with us and visit the most beautiful national park of Dominican Republic, Visiting Mangroves, Caves and San Lorenzo Bay. After back to Samana port to take a\u00a0 private trip to Playa El Rincon Beach with Lunch on the Beach<br \/>\nn<br \/>\nnAfter this experience, you will get your time on the beach plus local lunch on the beach.<br \/>\nn<\/p>\n<ul>\nn \t<\/p>\n<li style=\"font-weight: 400;\"><span style=\"font-weight: 400;\">Uklju\u010duje buffet ru\u010dak na pla\u017ei <\/span><\/li>\n<p>n \t<\/p>\n<li style=\"font-weight: 400;\">Naknade uklju\u010dene<\/li>\n<p>n \t<\/p>\n<li style=\"font-weight: 400;\"><span style=\"font-weight: 400;\">Vodi\u010d daje upute i nadzor<\/span><\/li>\n<p>n<\/ul>\n<p>n&nbsp;<br \/>\nn<\/p>\n<h4><b>Uklju\u010divanja i isklju\u010denja<\/b><\/h4>\n<p>n&nbsp;<br \/>\nn<br \/>\nn<b>Uklju\u010divanja<\/b><br \/>\nn<\/p>\n<ol>\nn \t<\/p>\n<li style=\"font-weight: 400;\"><span style=\"font-weight: 400;\">\u00a0ru\u010dak na pla\u017ei<\/span><\/li>\n<p>n \t<\/p>\n<li style=\"font-weight: 400;\">Obilazak Los Haitises + Playa El Rincon<\/li>\n<p>n \t<\/p>\n<li style=\"font-weight: 400;\"><span style=\"font-weight: 400;\">Svi porezi, naknade i manipulativni tro\u0161kovi<\/span><\/li>\n<p>n \t<\/p>\n<li style=\"font-weight: 400;\"><span style=\"font-weight: 400;\">Lokalni porezi<\/span><\/li>\n<p>n \t<\/p>\n<li style=\"font-weight: 400;\"><span style=\"font-weight: 400;\">Pi\u0107a<\/span><\/li>\n<p>n \t<\/p>\n<li style=\"font-weight: 400;\"><span style=\"font-weight: 400;\">Sve aktivnosti<\/span><\/li>\n<p>n \t<\/p>\n<li style=\"font-weight: 400;\"><span style=\"font-weight: 400;\">Lokalni vodi\u010d<\/span><\/li>\n<p>n<\/ol>\n<p>n<b> Isklju\u010divanja<\/b><br \/>\nn<\/p>\n<ol>\nn \t<\/p>\n<li style=\"font-weight: 400;\"><span style=\"font-weight: 400;\">Napojnice<\/span><\/li>\n<p>n \t<\/p>\n<li style=\"font-weight: 400;\"><span style=\"font-weight: 400;\">Prijenos<\/span><\/li>\n<p>n \t<\/p>\n<li style=\"font-weight: 400;\"><span style=\"font-weight: 400;\">Alkoholna pi\u0107a<\/span><\/li>\n<p>n<\/ol>\n<p>n&nbsp;<br \/>\nn<\/p>\n<h4><em><strong>Polazak &amp; Povratak<\/strong><\/em><\/h4>\n<p>n<span style=\"font-weight: 400;\">Putnik \u0107e dobiti mjesto sastanka nakon procesa rezervacije. Ture po\u010dinju i zavr\u0161avaju na na\u0161im sastajali\u0161tima.<\/span><br \/>\nn<br \/>\nn&nbsp;<br \/>\nn<\/p>\n<h4><b><i>\u0160to o\u010dekivati?<\/i><\/b><\/h4>\n<p>n&nbsp;<br \/>\nn<br \/>\nn<em><strong>Nabavite svoje ulaznice<\/strong><\/em> za posjet Nacionalnom parku Los Haitises s prekrasnim ru\u010dkom na pla\u017ei Playa El Rincon.<br \/>\nn<br \/>\nn<span style=\"font-weight: 400;\">Tura u organizaciji \u201cBooking Adventures\u201d po\u010dinje na mjestu susreta s vodi\u010dem.<\/span><br \/>\nn<\/p>\n<div class=\"teaser-description\">Krenite u obilazak brodom kroz zaljev Samana da biste posjetili Nacionalni park Los Haitises, prolaze\u0107i kroz mo\u010dvare mangrova, pokraj drevnih gusarskih \u0161pilja i u za\u0161ti\u0107ene \u0161ume u ovom slikovitom rezervatu.<\/div>\n<p>n<\/p>\n<div class=\"body-description secondary\">\nn<br \/>\nnDo\u0111ite s Booking Adventuresom i po\u010dnite provjeravati neke mangrove pune ptica, valovita brda s bujnom vegetacijom i \u0161pilje <em><strong>Nacionalni park Los Haitises<\/strong><\/em>. Izlet brodom iz luke Samana.<br \/>\nn<br \/>\nNaziv nacionalnog parka dolazi od njegovih izvornih stanovnika, Taino Indijanaca. Na njihovom jeziku &quot;Haitises&quot; zna\u010di gorje ili brda, \u0161to se odnosi na strme geolo\u0161ke formacije obale s vapnencima. Zaputite se dublje u park i istra\u017eite \u0161pilje poput <em><strong>Cueva de la Arena<\/strong><\/em> i <strong><em>Cueva de la L\u00cdnea.<\/em><\/strong> \u0160pilje u rezervatu koristili su kao skloni\u0161te Taino Indijanci, a kasnije gusari koji su se skrivali. Potra\u017eite crte\u017ee Indijanaca koji ukra\u0161avaju neke od zidova.<br \/>\nn<br \/>\nnAfter visiting Los Haitises National Park we will take the boat and going through the mangroves and Land at the open San Lorenzo Bay directly to\u00a0 Saman\u00e1 Port. In Saman\u00e1 Port, we take our private Transportation to El Rinc\u00f3n beach for lunch.<br \/>\nn<br \/>\nnLunch will be delicious but we did not finish yet. After lunchtime, you will have time to enjoy the beach or just sit in a shade and enjoy Pi\u00f1a Colada or Coco Loco in one of typical Dominican bar. Around 4:30 pm leaving from the beach and coming back to Saman\u00e1.<br \/>\nn<br \/>\nn<\/div>\n<p>nIn the beach and you can stay as long you want swimming around. Frite fish and Tostones are offered! If you are Vegan we also can set some food for you.<br \/>\nn<br \/>\nn&nbsp;<br \/>\nn<\/p>\n<h4><em><strong>\u0160to trebate ponijeti?<\/strong><\/em><\/h4>\n<p>n<\/p>\n<ul>\nn \t<\/p>\n<li style=\"font-weight: 400;\"><span style=\"font-weight: 400;\">Fotoaparat<\/span><\/li>\n<p>n \t<\/p>\n<li style=\"font-weight: 400;\"><span style=\"font-weight: 400;\">Repelentni pupoljci<\/span><\/li>\n<p>n \t<\/p>\n<li style=\"font-weight: 400;\"><span style=\"font-weight: 400;\">krema za sun\u010danje<\/span><\/li>\n<p>n \t<\/p>\n<li style=\"font-weight: 400;\"><span style=\"font-weight: 400;\">\u0160e\u0161ir<\/span><\/li>\n<p>n \t<\/p>\n<li style=\"font-weight: 400;\"><span style=\"font-weight: 400;\">Udobne hla\u010de<\/span><\/li>\n<p>n \t<\/p>\n<li style=\"font-weight: 400;\"><span style=\"font-weight: 400;\">Planinarske cipele za \u0161umu<\/span><\/li>\n<p>n \t<\/p>\n<li style=\"font-weight: 400;\"><span style=\"font-weight: 400;\">Sandale za pla\u017eu<\/span><\/li>\n<p>n \t<\/p>\n<li style=\"font-weight: 400;\"><span style=\"font-weight: 400;\">Odje\u0107a za kupanje<\/span><\/li>\n<p>n<\/ul>\n<p>n&nbsp;<br \/>\nn<\/p>\n<h4><b><i>Preuzimanje iz hotela <\/i><\/b><\/h4>\n<p>n<span style=\"font-weight: 400;\">Prijevoz iz hotela nije ponu\u0111en za ovaj izlet. <\/span><br \/>\nn<br \/>\nn&nbsp;<br \/>\nn<br \/>\nn<b>Bilje\u0161ka:<\/b><span style=\"font-weight: 400;\"> Ako rezervirate u roku od 24 sata od vremena polaska putovanja\/izleta, mo\u017eemo organizirati prijevoz iz hotela uz dodatne naknade. Nakon \u0161to je va\u0161a kupnja dovr\u0161ena, poslat \u0107emo vam potpune podatke za kontakt (telefonski broj, adresu e-po\u0161te, itd.) za na\u0161eg lokalnog vodi\u010da kako bismo organizirali preuzimanje.<\/span><br \/>\nn<\/p>\n<h4><b><i>Potvrda dodatnih informacija <\/i><\/b><\/h4>\n<p>n<\/p>\n<ol>\nn \t<\/p>\n<li>Ulaznice su ra\u010dun nakon pla\u0107anja ovog putovanja. Uplatu mo\u017eete prikazati na svom telefonu.<\/li>\n<p>n \t<\/p>\n<li style=\"font-weight: 400;\"><span style=\"font-weight: 400;\">Mjesto sastanka bit \u0107e primljeno nakon procesa rezervacije.<\/span><\/li>\n<p>n \t<\/p>\n<li style=\"font-weight: 400;\"><span style=\"font-weight: 400;\">Djeca moraju biti u pratnji odrasle osobe.<\/span><\/li>\n<p>n \t<\/p>\n<li style=\"font-weight: 400;\"><span style=\"font-weight: 400;\"> Nije pristupa\u010dno za invalidska kolica <\/span><\/li>\n<p>n \t<\/p>\n<li style=\"font-weight: 400;\"><span style=\"font-weight: 400;\">Dojen\u010dad moraju sjediti u krilu <\/span><\/li>\n<p>n \t<\/p>\n<li style=\"font-weight: 400;\"><span style=\"font-weight: 400;\">Ne preporu\u010duje se putnicima koji imaju problema s le\u0111ima<\/span><\/li>\n<p>n \t<\/p>\n<li style=\"font-weight: 400;\"><span style=\"font-weight: 400;\">Ne preporu\u010duje se trudnicama koje putuju <\/span><\/li>\n<p>n \t<\/p>\n<li style=\"font-weight: 400;\"><span style=\"font-weight: 400;\"> Nema problema sa srcem ili drugih ozbiljnih zdravstvenih stanja <\/span><\/li>\n<p>n \t<\/p>\n<li style=\"font-weight: 400;\"><span style=\"font-weight: 400;\">Ve\u0107ina putnika mo\u017ee sudjelovati<\/span><\/li>\n<p>n<\/ol>\n<p>n<\/p>\n<h4><b><i>Politika otkazivanja<\/i><\/b><\/h4>\n<p>Za potpuni povrat novca pro\u010ditajte na\u0161a pravila otkazivanja\u00a0<a href=\"https:\/\/www.boattoursamana.com\/hr\/online-rezervacija\/\" target=\"_blank\" rel=\"noopener\" data-saferedirecturl=\"https:\/\/www.google.com\/url?q=https:\/\/www.boattoursamana.com\/online-booking\/&amp;source=gmail&amp;ust=1672449202351000&amp;usg=AOvVaw1yAeVAPktmaVCqDujgUn90\">Kliknite ovdje<\/a>. Sredstva \u0107e biti izgubljena ako se rezervacija otka\u017ee isti dan putovanja.<\/p>\n\n\t\t<\/div>\n\t<\/div>\n<div class=\"vc_empty_space\"   style=\"height: 32px\"><span class=\"vc_empty_space_inner\"><\/span><\/div><\/div><\/div><\/div><\/div><div class=\"vc_row wpb_row vc_row-fluid\" ><div class=\"wpb_column vc_column_container vc_col-sm-12\"><div class=\"vc_column-inner\"><div class=\"wpb_wrapper\"><\/div><\/div><\/div><\/div><div class=\"vc_row wpb_row vc_row-fluid\" ><div class=\"wpb_column vc_column_container vc_col-sm-12\"><div class=\"vc_column-inner\"><div class=\"wpb_wrapper\"><div class=\"vc_btn3-container vc_btn3-inline\" ><button class=\"vc_general vc_btn3 vc_btn3-size-md vc_btn3-shape-rounded vc_btn3-style-modern vc_btn3-color-green\">REZERVIRAJTE SADA<\/button><\/div><\/div><\/div><\/div><\/div>","protected":false},"excerpt":{"rendered":"<p>Los Haitises National Park and Playa El Rinc\u00f3n with Lunch on the beach. Come with us and visit the most beautiful national park of the Dominican Republic, Visiting Mangroves, Caves and San Lorenzo Bay. After back to Saman\u00e1 port to take a\u00a0 private trip to Playa El Rinc\u00f3n Beach with Lunch on the Beach. n nGet your tickets with offers here&#8230; n n&nbsp; n nPlease Select date for The Tour\u00a0 &nbsp;<\/p>","protected":false},"author":2,"featured_media":0,"parent":0,"menu_order":0,"comment_status":"open","ping_status":"closed","template":"","meta":{"footnotes":""},"class_list":["post-15744","page","type-page","status-publish","hentry"],"_links":{"self":[{"href":"https:\/\/www.boattoursamana.com\/hr\/wp-json\/wp\/v2\/pages\/15744","targetHints":{"allow":["GET"]}}],"collection":[{"href":"https:\/\/www.boattoursamana.com\/hr\/wp-json\/wp\/v2\/pages"}],"about":[{"href":"https:\/\/www.boattoursamana.com\/hr\/wp-json\/wp\/v2\/types\/page"}],"author":[{"embeddable":true,"href":"https:\/\/www.boattoursamana.com\/hr\/wp-json\/wp\/v2\/users\/2"}],"replies":[{"embeddable":true,"href":"https:\/\/www.boattoursamana.com\/hr\/wp-json\/wp\/v2\/comments?post=15744"}],"version-history":[{"count":0,"href":"https:\/\/www.boattoursamana.com\/hr\/wp-json\/wp\/v2\/pages\/15744\/revisions"}],"wp:attachment":[{"href":"https:\/\/www.boattoursamana.com\/hr\/wp-json\/wp\/v2\/media?parent=15744"}],"curies":[{"name":"wp","href":"https:\/\/api.w.org\/{rel}","templated":true}]}}