{"id":15765,"date":"2023-07-15T07:43:13","date_gmt":"2023-07-15T07:43:13","guid":{"rendered":"https:\/\/www.ticketswhales.com\/day-pass-cano-hondo-natural-pools-lunch-included\/"},"modified":"2023-07-15T07:43:13","modified_gmt":"2023-07-15T07:43:13","slug":"day-pass-cano-hondo-natural-pools-lunch-included","status":"publish","type":"page","link":"https:\/\/www.boattoursamana.com\/hr\/dnevna-propusnica-kano-hondo-prirodni-bazeni-ukljucen-rucak","title":{"rendered":"Dnevna propusnica Ca\u00f1o Hondo \u2013 prirodni bazeni i ru\u010dak uklju\u010deni"},"content":{"rendered":"<p>Kupite dnevnu ulaznicu za prirodne bazene u hotelu Ca\u00f1o Hondo u nacionalnom parku Los Haitises, Sabana de la Mar. Ru\u010dak je uklju\u010den.<br \/>\nn<br \/>\nnFor more information, please contact us.<\/p>\n<p>&nbsp;<\/p>\n<div class=\"vc_row wpb_row vc_row-fluid\" ><div class=\"wpb_column vc_column_container vc_col-sm-12\"><div class=\"vc_column-inner\"><div class=\"wpb_wrapper\"><div class=\"vc_message_box vc_message_box-standard vc_message_box-rounded vc_color-info\" ><div class=\"vc_message_box-icon\"><i class=\"fas fa-info-circle\"><\/i><\/div><p>Rezervirajte niske cijene u sobama Cano Hondo <a href=\"http:\/\/dominican-republic-hotels.com\/hotel\/cano-hondo-hotel-eco-lodge\/\" rel=\"noopener\">Kliknite ovdje.<\/a><\/p>\n<\/div><div class=\"vc_btn3-container vc_btn3-inline\" ><button class=\"vc_general vc_btn3 vc_btn3-size-md vc_btn3-shape-rounded vc_btn3-style-modern vc_btn3-color-green\">REZERVIRAJTE SADA<\/button><\/div>\n\t<div class=\"wpb_text_column wpb_content_element\" >\n\t\t<div class=\"wpb_wrapper\">\n\t\t\t<p>\nn<\/p>\n<div class=\"vc_row wpb_row vc_row-fluid\">\nn<\/p>\n<div class=\"wpb_column vc_column_container vc_col-sm-12\">\nn<\/p>\n<div class=\"vc_column-inner\">\nn<\/p>\n<div class=\"wpb_wrapper\">\nn<\/p>\n<div class=\"wpb_text_column wpb_content_element\">\nn<\/p>\n<div class=\"wpb_wrapper\">\nn<\/p>\n<h2 class=\"mkdf-single-product-title\">Dnevna propusnica Ca\u00f1o Hondo \u2013 prirodni bazeni i ru\u010dak uklju\u010deni<\/h2>\n<p>n<\/p>\n<h4><b><i>Opis<\/i><\/b><\/h4>\n<p>nCa\u00f1o Hondo Day Pass Ticket to our Natural Outdoor Swimming Pools with Lunch by Buffet included. Every day from 8:30 AM until 5:00 PM.<br \/>\nn<\/p>\n<div class=\"wpb_text_column wpb_content_element\">\nn<\/p>\n<div class=\"wpb_wrapper\">\nn<br \/>\nBazeni su potpuno biolo\u0161ki bez potrebe za klorom ili kemikalijama koji razvijaju vlastitu prirodnu ekologiju i uravnote\u017een ekosustav tako \u0161to su dizajnirani i izgra\u0111eni na odre\u0111eni na\u010din. Kada se postigne ravnote\u017ea voda je prirodno bistra kao u planinskom jezeru.<br \/>\nn<br \/>\nn<\/div>\n<p>n\n<\/p><\/div>\n<p>n<\/p>\n<div class=\"wpb_text_column wpb_content_element\">\nn<\/p>\n<div class=\"wpb_wrapper\">\nn<br \/>\nn<strong>U\u017eivajte u prirodnim eko bazenima koji se prekrasno uklapaju u miran i originalan krajolik u nacionalnom parku Los Haitises, Sabana de la Mar. <\/strong><br \/>\nn<\/p>\n<p style=\"text-align: center;\"><strong>Provedite prekrasan dan sa svojom obitelji ili prijateljima.<\/strong><\/p>\n<p>n<br \/>\nn\n<\/div>\n<p>n\n<\/p><\/div>\n<p>n&nbsp;<br \/>\nn<\/p>\n<h3><b>Uklju\u010divanje i isklju\u010divanje<\/b><\/h3>\n<p>n<b>Uklju\u010divanja<\/b><br \/>\nn<\/p>\n<ol>\nn \t<\/p>\n<li>Ru\u010dak \u2013 \u0161vedski sto<\/li>\n<p>n \t<\/p>\n<li>Ulaz u prirodne bazene<\/li>\n<p>n<\/ol>\n<p>n<b>Izuzeci (nije uklju\u010deno)<\/b><br \/>\nn<\/p>\n<ol>\nn \t<\/p>\n<li>Prijevoz<\/li>\n<p>n \t<\/p>\n<li>Alkoholna pi\u0107a<\/li>\n<p>n<\/ol>\n<p>n&nbsp;<br \/>\nn<\/p>\n<h4><em><strong>Za\u0161to kupiti kartu?<\/strong><\/em><\/h4>\n<p>nPlease to make a reservation in advance to establish the space in our restaurant and prepare the Lunch Buffet for you. After you make the reservation, our representatives will contact you to give you more information &#8211; How to get to our place, what is the menu of Lunch Buffet and to answer all your questions.<br \/>\nn<br \/>\nn<strong>Napomena: Besplatno za djecu do 3 godine. Djeca od 4 do 10 godina pla\u0107aju samo pola cijene.<\/strong><br \/>\nn<\/p>\n<h2 style=\"text-align: center;\"><strong>Bazeni s mineralnom vodom dizajnirani i izgra\u0111eni s pa\u017enjom na detalje i kreativno\u0161\u0107u.<\/strong><\/h2>\n<p>n<strong>Vrijeme:<\/strong><br \/>\nn<br \/>\nn8:30 am &#8211; 5:00 pm<br \/>\nn<br \/>\nn&nbsp;<br \/>\nn<\/p>\n<h4><em><strong>\u0160to trebate ponijeti sa sobom?<\/strong><\/em><\/h4>\n<p>n<\/p>\n<ul>\nn \t<\/p>\n<li>Camara<\/li>\n<p>n \t<\/p>\n<li>\u00a0Odbijaju\u0107i<\/li>\n<p>n \t<\/p>\n<li>krema za sun\u010danje<\/li>\n<p>n<\/ul>\n<p>n&nbsp;<br \/>\nn<\/p>\n<h4><i>Prijevoz: <\/i><\/h4>\n<p>nTransport is not included.<br \/>\nn<br \/>\nn<b>Napomena: Ako \u017eelite transfer, kontaktirajte nas.<\/b><br \/>\nn<\/p>\n<h4><b><i>Politika otkazivanja<\/i><\/b><\/h4>\n<p>nFor a full refund please read our Cancelations Policies in the website footer.<br \/>\nn<br \/>\nn\n<\/div>\n<p>n\n<\/p><\/div>\n<p>n\n<\/p><\/div>\n<p>n\n<\/p><\/div>\n<p>n\n<\/p><\/div>\n<p>n\n<\/p><\/div>\n<p>n<\/p>\n<div class=\"vc_row wpb_row vc_row-fluid\">\nn<\/p>\n<div class=\"wpb_column vc_column_container vc_col-sm-12\">\nn<\/p>\n<div class=\"vc_column-inner\">\nn<\/p>\n<div class=\"wpb_wrapper\">\nn<\/p>\n<div class=\"wpb_text_column wpb_content_element\">\nn<\/p>\n<div class=\"wpb_wrapper\">\nn<br \/>\nn&nbsp;<br \/>\nn<\/p>\n<h3 style=\"text-align: center;\">Tako\u0111er mo\u017eete u\u017eivati u brojnim aktivnostima i izletima s lokalnim turisti\u010dkim vodi\u010dem.<\/h3>\n<p>n<strong>Popis aktivnosti:<\/strong><br \/>\nnZip lining<br \/>\nnRock wall climbing<br \/>\nnHorseback riding<br \/>\nnGuided or self-guided hikes in the Los Haitises<br \/>\nnKayaking in the Los Haitises<br \/>\nnGuided boat tours into Los Haitises<br \/>\nnWhale watching (from Jan 15 &#8211; March 20)<br \/>\nnGuided Bird Watching<br \/>\nnCayo Levantado\/Bacardi island<br \/>\nnWildlife and Nature<br \/>\nnWaterfalls El Limon, Samana<br \/>\nn<br \/>\nn<strong>Za vi\u0161e informacija o aktivnostima i izletima slobodno nas kontaktirajte. Tako\u0111er mo\u017eete <a href=\"http:\/\/haitises.com\/\" rel=\"noopener\">Rezervirajte ovdje.<\/a><\/strong><br \/>\nn<\/p>\n<h4><b><i>Politika otkazivanja<\/i><\/b><\/h4>\n<p>Za potpuni povrat novca pro\u010ditajte na\u0161a pravila otkazivanja\u00a0<a href=\"https:\/\/www.boattoursamana.com\/hr\/online-rezervacija\/\" target=\"_blank\" rel=\"noopener\" data-saferedirecturl=\"https:\/\/www.google.com\/url?q=https:\/\/www.boattoursamana.com\/online-booking\/&amp;source=gmail&amp;ust=1672449202351000&amp;usg=AOvVaw1yAeVAPktmaVCqDujgUn90\">Kliknite ovdje<\/a>. Sredstva \u0107e biti izgubljena ako se rezervacija otka\u017ee isti dan putovanja.<br \/>\nn<br \/>\nn<\/div>\n<p>n\n<\/p><\/div>\n<p>n\n<\/p><\/div>\n<p>n\n<\/p><\/div>\n<p>n\n<\/p><\/div>\n<p>n\n<\/p><\/div>\n<p>n<\/p>\n\n\t\t<\/div>\n\t<\/div>\n<\/div><\/div><\/div><\/div><div class=\"vc_row wpb_row vc_row-fluid\" ><div class=\"wpb_column vc_column_container vc_col-sm-12\"><div class=\"vc_column-inner\"><div class=\"wpb_wrapper\"><div class=\"vc_btn3-container vc_btn3-inline\" ><button class=\"vc_general vc_btn3 vc_btn3-size-md vc_btn3-shape-rounded vc_btn3-style-modern vc_btn3-color-green\">REZERVIRAJTE SADA<\/button><\/div><\/div><\/div><\/div><\/div>","protected":false},"excerpt":{"rendered":"<p>Buy a Day Pass Ticket Natural Swimming Pools at Ca\u00f1o Hondo Hotel in the Los Haitises National Park, Sabana de la Mar. Lunch is included. n nFor more information, please contact us. &nbsp;<\/p>","protected":false},"author":2,"featured_media":0,"parent":0,"menu_order":0,"comment_status":"open","ping_status":"closed","template":"","meta":{"footnotes":""},"class_list":["post-15765","page","type-page","status-publish","hentry"],"_links":{"self":[{"href":"https:\/\/www.boattoursamana.com\/hr\/wp-json\/wp\/v2\/pages\/15765","targetHints":{"allow":["GET"]}}],"collection":[{"href":"https:\/\/www.boattoursamana.com\/hr\/wp-json\/wp\/v2\/pages"}],"about":[{"href":"https:\/\/www.boattoursamana.com\/hr\/wp-json\/wp\/v2\/types\/page"}],"author":[{"embeddable":true,"href":"https:\/\/www.boattoursamana.com\/hr\/wp-json\/wp\/v2\/users\/2"}],"replies":[{"embeddable":true,"href":"https:\/\/www.boattoursamana.com\/hr\/wp-json\/wp\/v2\/comments?post=15765"}],"version-history":[{"count":0,"href":"https:\/\/www.boattoursamana.com\/hr\/wp-json\/wp\/v2\/pages\/15765\/revisions"}],"wp:attachment":[{"href":"https:\/\/www.boattoursamana.com\/hr\/wp-json\/wp\/v2\/media?parent=15765"}],"curies":[{"name":"wp","href":"https:\/\/api.w.org\/{rel}","templated":true}]}}