{"id":15774,"date":"2023-07-15T07:43:40","date_gmt":"2023-07-15T07:43:40","guid":{"rendered":"https:\/\/www.ticketswhales.com\/whale-watching-2023-in-punta-cana-cap-cana-to-samana-bay-cayo-levantado-bacardi-island-from-hotels\/"},"modified":"2023-07-15T07:43:40","modified_gmt":"2023-07-15T07:43:40","slug":"whale-watching-2023-in-punta-cana-cap-cana-to-samana-bay-cayo-levantado-bacardi-island-from-hotels","status":"publish","type":"page","link":"https:\/\/www.boattoursamana.com\/hr\/promatranje-kitova-2023-u-punta-cani-cap-cana-do-zaljeva-samana-cayo-levantado-bacardi-otok-od-hotela","title":{"rendered":"Promatranje kitova 2023. u Punta Cani \/ Cap Cani do zaljeva Saman\u00e1 + Cayo Levantado (otok Bacardi) iz hotela."},"content":{"rendered":"<p>Iz hotela u Punta Cani u\u017eivat \u0107emo u prekrasnim krajolicima orijentalnog planinskog lanca dok se vozimo sjeverno od Punta Cane prije nego \u0161to stignemo u malo ribarsko mjesto Miches na ju\u017enoj obali zaljeva Samana. Tamo \u0107ete u\u017eivati u brzom doru\u010dku prije ukrcaja na brod za Samanu. Krstarit \u0107emo duboko u zaljev kako bismo promatrali kitove. Prvo \u0107emo sti\u0107i do Cayo Levantado, poznatog i kao otok Bacardi zbog velike sli\u010dnosti s pla\u017eama koje je Bacardi Rum neko\u0107 koristio za svoje poznate reklame. Cayo Levantado nije ni\u0161ta drugo do tropska oaza - mali otok usred oceana s tirkiznom vodom i bijelim pijeskom.<br \/>\nn<br \/>\nnOvaj izlet mo\u017ee ili ne uklju\u010duje zaustavljanje u\u00a0<strong>Vodopad limuna<\/strong>. Molimo da rezervirate isti izlet sa slapovima <a href=\"https:\/\/www.boattoursamana.com\/hr\/tours-excursions\/fees-entrace\/samana-promatranje-kitova-cayo-levantado-otok-bacardi-slapovi-limuna-iz-hotela-u-punta-cani\/\">KLIKNITE OVDJE.<\/a><br \/>\nn<br \/>\nn&nbsp;<br \/>\nn<br \/>\nn&nbsp;<br \/>\nn<br \/>\nn<em><strong>Odaberite datum izleta:<\/strong><\/em><\/p>\n<p>&nbsp;<\/p>\n<div class=\"vc_row wpb_row vc_row-fluid\" ><div class=\"wpb_column vc_column_container vc_col-sm-12\"><div class=\"vc_column-inner\"><div class=\"wpb_wrapper\"><div class=\"mkdf-section-title-holder\" style=\"text-align: left\">\n\t<div class=\"mkdf-st-inner\">\n\t\t\t\t\t<h5 class=\"mkdf-st-subtitle\" >\n\t\t\t\tPreuzimanje iz hotela i Cayo Levantado (otok Bacardi).\t\t\t<\/h5>\n\t\t\t\t\t\t\t<h3 class=\"mkdf-st-title\" >\n\t\t\t\tPromatranje kitova 2023. u Punta Cani\/Cap Cani do zaljeva Samana\t\t\t<\/h3>\n\t\t\t\t\t<\/div>\n<\/div><\/div><\/div><\/div><\/div><div class=\"vc_row wpb_row vc_row-fluid\" ><div class=\"wpb_column vc_column_container vc_col-sm-12\"><div class=\"vc_column-inner\"><div class=\"wpb_wrapper\"><div class=\"vc_btn3-container vc_btn3-inline\" ><button class=\"vc_general vc_btn3 vc_btn3-size-md vc_btn3-shape-rounded vc_btn3-style-modern vc_btn3-color-green\">REZERVIRAJTE SADA<\/button><\/div>\n\t<div class=\"wpb_text_column wpb_content_element\" >\n\t\t<div class=\"wpb_wrapper\">\n\t\t\t<p>\nn<\/p>\n<div class=\"vc_row wpb_row vc_row-fluid\">\nn<\/p>\n<div class=\"wpb_column vc_column_container vc_col-sm-12\">\nn<\/p>\n<div class=\"vc_column-inner\">\nn<\/p>\n<div class=\"wpb_wrapper\">\nn<\/p>\n<div class=\"wpb_text_column wpb_content_element\">\nn<\/p>\n<div class=\"wpb_wrapper\">\nn<\/p>\n<div class=\"vc_row wpb_row vc_row-fluid\">\nn<\/p>\n<div class=\"wpb_column vc_column_container vc_col-sm-12\">\nn<\/p>\n<div class=\"vc_column-inner\">\nn<\/p>\n<div class=\"wpb_wrapper\">\nn<\/p>\n<div class=\"wpb_text_column wpb_content_element\">\nn<\/p>\n<div class=\"wpb_wrapper\">\nn<\/p>\n<h4><b><i>Pregled<img decoding=\"async\" class=\"emoji\" draggable=\"false\" src=\"https:\/\/s.w.org\/images\/core\/emoji\/12.0.0-1\/svg\/1f433.svg\" alt=\" \" title=\"\"><\/i><\/b><\/h4>\n<p>nWhale Punta Cana, promatranje kitova u zaljevu Saman\u00e1 i posjetite Cayo Levantado tijekom ovog cjelodnevnog izleta iz hotela u Punta Cani. Putovanje do zaljeva Saman\u00e1 udobnim, klimatiziranim autobusom, zatim transfer do brodskog katamarana u Michesu. Krstarite otvorenim vodama kako biste potra\u017eili jata grbavih kitova koji dolaze u to podru\u010dje kako bi se parili i imali svoju mladun\u010dad. Saznajte vi\u0161e o pona\u0161anju i biologiji ovih morskih sisavaca od svog stru\u010dnog prirodoslovnog vodi\u010da. Nastavite do Cayo Levantada ili otoka Bacardi, za ru\u010dak na pla\u017ei i kupanje u azurnim vodama prije povratka u Punta Canu.<br \/>\nn<br \/>\nn&nbsp;<br \/>\nn<br \/>\nn<strong>Bilje\u0161ka: <\/strong>Ova tura mo\u017ee ili ne uklju\u010duje zaustavljanje na\u00a0<strong>Vodopad limuna<\/strong>. Molimo da rezervirate isto putovanje sa slapovima <a href=\"https:\/\/www.boattoursamana.com\/hr\/tours-excursions\/fees-entrace\/samana-promatranje-kitova-cayo-levantado-otok-bacardi-slapovi-limuna-iz-hotela-u-punta-cani\/\">KLIKNITE OVDJE.<\/a><br \/>\nn<br \/>\nn&nbsp;<br \/>\nn<\/p>\n<ul>\nn \t<\/p>\n<li>Promatranje kitova<\/li>\n<p>n \t<\/p>\n<li>Ulaznice u Zvjezdarnicu<\/li>\n<p>n \t<\/p>\n<li>Uklju\u010duje buffet ru\u010dak na pla\u017ei<\/li>\n<p>n \t<\/p>\n<li>Transfer brodom<\/li>\n<p>n \t<\/p>\n<li>Transfer iz hotela Punta Cana<\/li>\n<p>n \t<\/p>\n<li>Kapetan daje upute i nadzor<\/li>\n<p>n \t<\/p>\n<li>Turisti\u010dki vodi\u010d<\/li>\n<p>n<\/ul>\n<p>n&nbsp;<br \/>\nn<\/p>\n<h4><b>Uklju\u010divanja i isklju\u010denja<\/b><\/h4>\n<p>n&nbsp;<br \/>\nn<br \/>\nn<b>Uklju\u010divanja<\/b><br \/>\nn<br \/>\nn&nbsp;<br \/>\nn<\/p>\n<ol>\nn \t<\/p>\n<li>Buffet ru\u010dak na pla\u017ei<\/li>\n<p>n \t<\/p>\n<li>Turisti\u010dki vodi\u010d<\/li>\n<p>n \t<\/p>\n<li>Izlet katamaranom ili brodom<\/li>\n<p>n \t<\/p>\n<li>Svi porezi, naknade i manipulativni tro\u0161kovi<\/li>\n<p>n \t<\/p>\n<li>Lokalni porezi<\/li>\n<p>n \t<\/p>\n<li>Pi\u0107a<\/li>\n<p>n<\/ol>\n<p>n<b>Isklju\u010divanja<\/b><br \/>\nn<\/p>\n<ol>\nn \t<\/p>\n<li>Napojnice<\/li>\n<p>n<\/ol>\n<p>n&nbsp;<br \/>\nn<\/p>\n<h4><em><strong>Polazak &amp; Povratak<\/strong><\/em><\/h4>\n<p>n Za ovu turu nudi se prijevoz iz hotela. U Bilje\u0161ke samo napi\u0161ite ime hotela koji \u0107e vas pokupiti. Dovoz vr\u0161imo u svim hotelima Punta Cana.<br \/>\nn<br \/>\nn&nbsp;<br \/>\nn<\/p>\n<h3>Promatranje kitova 2023. u Punta Cani \/ Cap Cani do zaljeva Saman\u00e1 + Cayo Levantado (otok Bacardi) iz hotela.<\/h3>\n<p>n<\/p>\n<h4><b><i>\u0160to o\u010dekivati?<\/i><\/b><\/h4>\n<p>nPribli\u017eite se nje\u017enim morskim divovima Dominikanske Republike tijekom ovog 12-satnog izleta promatranja grbavih kitova u zaljevu S\u00e1mana. Provedite nezaboravan dan promatraju\u0107i tisu\u0107e kitova koji svake godine hrle na otok kako bi se parili, hranili i igrali u toplim tropskim vodama. Dok budete promatrali ova prekrasna stvorenja, u\u017eivat \u0107ete u jedinstvenim uvidima va\u0161eg stru\u010dnog vodi\u010da za promatranje kitova. Zavr\u0161ite dan s uklju\u010denim ru\u010dkom i vremenom na pla\u017ei na prekrasnom otoku Cayo Levantado. Uklju\u010den je i povratni hotelski prijevoz.<br \/>\nn<br \/>\nnOd 9:00 do 12:00 sati Opservatorij za promatranje kitova i nakon ovog izleta s kitovima posjetit \u0107emo otok Bacardi \/ Cayo Levantado. Na otoku Bacardi bit \u0107e osiguran \u0161vedski stol za ru\u010dak u tipi\u010dnom dominikanskom stilu (ri\u017ea, grah, riba, salate\u2026). Kada je ru\u010dak gotov, mo\u017eete se kupati do 16:30. Tura \u0107e zavr\u0161iti u 17:00 sati u istoj luci odakle \u0107e krenuti na\u0161im katamaranom i autobusom natrag do hotela Punta Cana.<br \/>\nn<br \/>\nnOvaj izlet mo\u017ee ili ne uklju\u010duje zaustavljanje u\u00a0<strong>Vodopad limuna<\/strong>. Molimo da rezervirate isto putovanje sa slapovima <a href=\"https:\/\/www.boattoursamana.com\/hr\/tours-excursions\/fees-entrace\/samana-promatranje-kitova-cayo-levantado-otok-bacardi-slapovi-limuna-iz-hotela-u-punta-cani\/\">KLIKNITE OVDJE.<\/a><br \/>\nn<br \/>\nn<strong>Raspored:<\/strong><br \/>\nn<br \/>\nn6:00 \u2013 7:00 Preuzimanje gostiju iz razli\u010ditih hotela<br \/>\nn07:00 Polazak prema Las Canitas u Sabana de la mar<br \/>\nn08:15 Dolazak na privatno pristani\u0161te<br \/>\nn08:15 \u2013 8:40 Doru\u010dak (sendvi\u010di, muffini, \u010daj, kava, sokovi)<br \/>\nn8:45 Ukrcaj za po\u010detak na\u0161eg putovanja do uto\u010di\u0161ta grbavih kitova u Samani<br \/>\nn11:00 Potraga za kitovima u razdoblju od 45 minuta- Ovo je vrijeme prema vladinim pravilima.<br \/>\nn11:45 Krenite prema Cayo Levantado u zaljevu Samana<br \/>\nn12:30 Dolazak u Cayo Levantado<br \/>\nn13:00 Ru\u010dak (\u0161vedski stol za ru\u010dak, tipi\u010dni dominikanski)*<br \/>\nn13:45 \u2013 15:30 Slobodno vrijeme u Cayo Levantado<br \/>\nn15:00 \u2013 15:45 Ponovo na brodu pravac povratak u Miches<br \/>\nn17:00 Dolazak u Miches i odlazak prema hotelima u Punta Cani<br \/>\nn19:30 \u2013 20:00 Dolazak u hotele u Punta Cani<br \/>\nn<br \/>\nn<strong>*Jelovnik za ru\u010dak (tipi\u010dno dominikanski)<br \/>\nn<\/strong>Ri\u017ea, piletina na \u017earu ili riba na \u017earu, salata, povr\u0107e, svje\u017ee vo\u0107e.<br \/>\nn<br \/>\nn<strong>*Kupci koji odlu\u010de dodati zaustavljanje na vodopadu El Limon nakon promatranja kitova premjestit \u0107e se na oglas vodopada imat \u0107e manje vremena za provesti u Cayo Levantado.<\/strong><br \/>\nn<br \/>\nnOvaj izlet mo\u017ee ili ne uklju\u010duje zaustavljanje u\u00a0<strong>Vodopad limuna<\/strong>. Molimo da rezervirate isto putovanje sa slapovima <a href=\"https:\/\/www.boattoursamana.com\/hr\/tours-excursions\/fees-entrace\/samana-promatranje-kitova-cayo-levantado-otok-bacardi-slapovi-limuna-iz-hotela-u-punta-cani\/\">KLIKNITE OVDJE.<\/a><br \/>\nn<br \/>\nn&nbsp;<br \/>\nn<\/p>\n<h4><em><strong>\u0160to trebate ponijeti?<\/strong><\/em><\/h4>\n<p>n<\/p>\n<ul>\nn \t<\/p>\n<li>Fotoaparat<\/li>\n<p>n \t<\/p>\n<li>Repelentni pupoljci<\/li>\n<p>n \t<\/p>\n<li>krema za sun\u010danje<\/li>\n<p>n \t<\/p>\n<li>\u0160e\u0161ir<\/li>\n<p>n \t<\/p>\n<li>Udobne hla\u010de<\/li>\n<p>n \t<\/p>\n<li>Sandale za pla\u017eu<\/li>\n<p>n \t<\/p>\n<li>Odje\u0107a za kupanje<\/li>\n<p>n \t<\/p>\n<li>Gotovina za suvenire<\/li>\n<p>n<\/ul>\n<p>n&nbsp;<br \/>\nn<\/p>\n<h4><b><i>Preuzimanje iz hotela<\/i><\/b><\/h4>\n<p>n Za ovu turu nudi se prijevoz iz hotela. U Bilje\u0161ke samo napi\u0161ite ime hotela koji \u0107e vas pokupiti. Dovoz vr\u0161imo u svim hotelima Punta Cana.<br \/>\nn<br \/>\nn&nbsp;<br \/>\nn<br \/>\nn<b>Bilje\u0161ka:<\/b> Ako rezervirate u roku od 24 sata od vremena polaska putovanja\/izleta, mo\u017eemo organizirati prijevoz iz hotela uz dodatne naknade. Nakon \u0161to je va\u0161a kupnja dovr\u0161ena, poslat \u0107emo vam potpune podatke za kontakt (telefonski broj, adresu e-po\u0161te, itd.) za na\u0161eg lokalnog vodi\u010da kako bismo organizirali preuzimanje.<br \/>\nn<\/p>\n<h4><b><i>Potvrda dodatnih informacija<\/i><\/b><\/h4>\n<p>n<\/p>\n<ol>\nn \t<\/p>\n<li>Ulaznice su ra\u010dun nakon pla\u0107anja ovog putovanja. Uplatu mo\u017eete prikazati na svom telefonu.<\/li>\n<p>n \t<\/p>\n<li>Mjesto sastanka bit \u0107e primljeno nakon procesa rezervacije.<\/li>\n<p>n \t<\/p>\n<li>Djeca moraju biti u pratnji odrasle osobe.<\/li>\n<p>n \t<\/p>\n<li>Dostupno invalidskim kolicima<\/li>\n<p>n \t<\/p>\n<li>Dojen\u010dad moraju sjediti u krilu<\/li>\n<p>n \t<\/p>\n<li>Ve\u0107ina putnika mo\u017ee sudjelovati<\/li>\n<p>n<\/ol>\n<p>n<\/p>\n<h5><b><i>Politika otkazivanja<\/i><\/b><\/h5>\n<p>Za potpuni povrat novca pro\u010ditajte na\u0161a pravila otkazivanja\u00a0<a href=\"https:\/\/www.boattoursamana.com\/hr\/online-rezervacija\/\" target=\"_blank\" rel=\"noopener\" data-saferedirecturl=\"https:\/\/www.google.com\/url?q=https:\/\/www.boattoursamana.com\/online-booking\/&amp;source=gmail&amp;ust=1672532492004000&amp;usg=AOvVaw3ylqI1cdbIPTimEqEWneyd\">Kliknite ovdje<\/a>. Sredstva \u0107e biti izgubljena ako se rezervacija otka\u017ee isti dan putovanja.<br \/>\nn<br \/>\nn<\/div>\n<p>n\n<\/p><\/div>\n<p>n\n<\/p><\/div>\n<p>n\n<\/p><\/div>\n<p>n\n<\/p><\/div>\n<p>n\n<\/p><\/div>\n<p>n\n<\/p><\/div>\n<p>n\n<\/p><\/div>\n<p>n\n<\/p><\/div>\n<p>n\n<\/p><\/div>\n<p>n\n<\/p><\/div>\n<p>n\n<\/p><\/div>\n<p>n<\/p>\n<div class=\"vc_row wpb_row vc_row-fluid\">\nn<\/p>\n<div class=\"wpb_column vc_column_container vc_col-sm-12\">\nn<\/p>\n<div class=\"vc_column-inner\">\nn<\/p>\n<div class=\"wpb_wrapper\">\nn<\/p>\n<div class=\"vc_empty_space\"><\/div>\n<p>n<\/p>\n<div class=\"wpb_text_column wpb_content_element\">\nn<\/p>\n<div class=\"wpb_wrapper\">\nn<\/p>\n<h4>Kontaktirajte nas?<\/h4>\n<p>n<\/p>\n<h5><b><i>TOUR WALES SAMANA<\/i><\/b><\/h5>\n<p>n<em><strong>Mje\u0161tani<\/strong>\u00a0i\u00a0<strong>Dr\u017eavljani<\/strong>\u00a0Turisti\u010dki vodi\u010di i usluge za goste<\/em><br \/>\nn<br \/>\nn<span class=\"text-turquoise\">Rezervacije:<\/span>\u00a0Ture i izleti u Dom. Rep.<br \/>\nn<br \/>\nn<img decoding=\"async\" class=\"emoji\" draggable=\"false\" src=\"https:\/\/s.w.org\/images\/core\/emoji\/11.2.0\/svg\/1f4de.svg\" alt=\" \" title=\"\">\u00a0Tel \/ Whatsapp\u00a0\u00a0<a href=\"tel:+1-809-720-6035\">+1-809-720-6035<\/a>.<br \/>\nn<br \/>\nn<img decoding=\"async\" class=\"emoji\" draggable=\"false\" src=\"https:\/\/s.w.org\/images\/core\/emoji\/11.2.0\/svg\/1f4e9.svg\" alt=\" \" title=\"\">\u00a0<a href=\"mailto:info@bookingadventures.com.do\">info@bookingadventures.com.do<\/a><br \/>\nn<br \/>\nn<strong>Mi smo fleksibilni i postavljamo privatne obilaske putem Whatsappa:\u00a0<a href=\"tel:+18097206035\">+18097206035.<\/a><\/strong><br \/>\nn<br \/>\nn<\/div>\n<p>n\n<\/p><\/div>\n<p>n\n<\/p><\/div>\n<p>n\n<\/p><\/div>\n<p>n\n<\/p><\/div>\n<p>n\n<\/p><\/div>\n<p>n<\/p>\n\n\t\t<\/div>\n\t<\/div>\n<\/div><\/div><\/div><\/div><div class=\"vc_row wpb_row vc_row-fluid\" ><div class=\"wpb_column vc_column_container vc_col-sm-12\"><div class=\"vc_column-inner\"><div class=\"wpb_wrapper\"><div class=\"vc_btn3-container vc_btn3-inline\" ><button class=\"vc_general vc_btn3 vc_btn3-size-md vc_btn3-shape-rounded vc_btn3-style-modern vc_btn3-color-green\">REZERVIRAJTE SADA<\/button><\/div><\/div><\/div><\/div><\/div>","protected":false},"excerpt":{"rendered":"<p>From the Punta Cana hotels, we&#8217;ll enjoy the beautiful landscapes of the Oriental Mountain Range as we drive north of Punta Cana before arriving in the small fishing village of Miches at the southern shores of Samana Bay. There you will enjoy a quick breakfast prior to boarding the boat to Samana. We&#8217;ll cruise deep into the bay to whale watch. We will first reach Cayo Levantado, also known as Bacardi Island because of its close resemblance to the beaches [&hellip;]<\/p>\n","protected":false},"author":2,"featured_media":0,"parent":0,"menu_order":0,"comment_status":"open","ping_status":"closed","template":"","meta":{"footnotes":""},"class_list":["post-15774","page","type-page","status-publish","hentry"],"_links":{"self":[{"href":"https:\/\/www.boattoursamana.com\/hr\/wp-json\/wp\/v2\/pages\/15774","targetHints":{"allow":["GET"]}}],"collection":[{"href":"https:\/\/www.boattoursamana.com\/hr\/wp-json\/wp\/v2\/pages"}],"about":[{"href":"https:\/\/www.boattoursamana.com\/hr\/wp-json\/wp\/v2\/types\/page"}],"author":[{"embeddable":true,"href":"https:\/\/www.boattoursamana.com\/hr\/wp-json\/wp\/v2\/users\/2"}],"replies":[{"embeddable":true,"href":"https:\/\/www.boattoursamana.com\/hr\/wp-json\/wp\/v2\/comments?post=15774"}],"version-history":[{"count":0,"href":"https:\/\/www.boattoursamana.com\/hr\/wp-json\/wp\/v2\/pages\/15774\/revisions"}],"wp:attachment":[{"href":"https:\/\/www.boattoursamana.com\/hr\/wp-json\/wp\/v2\/media?parent=15774"}],"curies":[{"name":"wp","href":"https:\/\/api.w.org\/{rel}","templated":true}]}}