{"id":15775,"date":"2023-07-15T07:43:40","date_gmt":"2023-07-15T07:43:40","guid":{"rendered":"https:\/\/www.ticketswhales.com\/bahia-de-las-aguilas-beach-day-trip-by-boat-day-pass-snorkeling-lunch\/"},"modified":"2023-07-15T07:43:40","modified_gmt":"2023-07-15T07:43:40","slug":"bahia-de-las-aguilas-beach-day-trip-by-boat-day-pass-snorkeling-lunch","status":"publish","type":"page","link":"https:\/\/www.boattoursamana.com\/hr\/plaza-bahia-de-las-aguilas-jednodnevni-izlet-brodom-dnevna-propusnica-ronjenje-rucak","title":{"rendered":"Bah\u00eda de las \u00c1guilas: jednodnevni izlet brodom na pla\u017eu \u2013 dnevna propusnica \u2013 ronjenje s disalicom i ru\u010dak"},"content":{"rendered":"<p><span style=\"vertical-align: inherit;\"><span style=\"vertical-align: inherit;\">Compre un boleto de un d\u00eda a Bah\u00eda las \u00c1guilas desde Barahona. <\/span><span style=\"vertical-align: inherit;\">Conduciendo por el parque nacional Jaragua y rumbo a Cabo Rojo, donde un bote lo espera. <\/span><span style=\"vertical-align: inherit;\">Despu\u00e9s de un viaje de 15 minutos en bote, llegar\u00e1 a la hermosa y aislada Bah\u00eda de las \u00c1guilas, considerada la playa m\u00e1s hermosa del pa\u00eds. <\/span><span style=\"vertical-align: inherit;\">El almuerzo se servir\u00e1 en la playa y tendr\u00e1 la oportunidad de nadar o simplemente relajarse en la playa. <\/span><span style=\"vertical-align: inherit;\">Disfrute de la pr\u00edstina arena blanca de esta playa de 8 km de longitud.<\/span><\/span><br \/>\nn<br \/>\nn&nbsp;<br \/>\nn<br \/>\nn<strong><span style=\"vertical-align: inherit;\"><span style=\"vertical-align: inherit;\">Seleccione el d\u00eda para este viaje:<\/span><\/span><\/strong><\/p>\n<p>&nbsp;<\/p>\n<div class=\"vc_row wpb_row vc_row-fluid\" ><div class=\"wpb_column vc_column_container vc_col-sm-12\"><div class=\"vc_column-inner\"><div class=\"wpb_wrapper\"><div class=\"vc_btn3-container vc_btn3-inline\" ><button class=\"vc_general vc_btn3 vc_btn3-size-md vc_btn3-shape-rounded vc_btn3-style-modern vc_btn3-color-green\">REZERVIRAJTE SADA<\/button><\/div><div class=\"mkdf-section-title-holder\" style=\"text-align: left\">\n\t<div class=\"mkdf-st-inner\">\n\t\t\t\t\t<h5 class=\"mkdf-st-subtitle\" >\n\t\t\t\tDnevna propusnica - ronjenje s disalicom i ru\u010dak\t\t\t<\/h5>\n\t\t\t\t\t\t\t<h3 class=\"mkdf-st-title\" >\n\t\t\t\tBah\u00eda de las Aguilas: jednodnevni izlet brodom na pla\u017eu\t\t\t<\/h3>\n\t\t\t\t\t<\/div>\n<\/div><\/div><\/div><\/div><\/div><div class=\"vc_row wpb_row vc_row-fluid\" ><\/div><div class=\"wpb_column vc_column_container vc_col-sm-12\"><div class=\"vc_column-inner\"><div class=\"wpb_wrapper\"><\/div><\/div><\/div>\n\t<div class=\"wpb_text_column wpb_content_element\" >\n\t\t<div class=\"wpb_wrapper\">\n\t\t\t<p>\nn<br \/>\nnJa sam tekstualni blok. Pritisnite gumb za ure\u0111ivanje da biste promijenili ovaj tekst. Lorem ipsum dolor sit amet, consectetur adipiscing elit. Ut elit tellus, luctus nec ullamcorper mattis, pulvinar dapibus leo.<br \/>\nn<br \/>\nn<\/p>\n\n\t\t<\/div>\n\t<\/div>\n<div class=\"vc_row wpb_row vc_row-fluid\" ><div class=\"wpb_column vc_column_container vc_col-sm-12\"><div class=\"vc_column-inner\"><div class=\"wpb_wrapper\"><div class=\"vc_btn3-container vc_btn3-inline\" ><button class=\"vc_general vc_btn3 vc_btn3-size-md vc_btn3-shape-rounded vc_btn3-style-modern vc_btn3-color-green\">REZERVIRAJTE SADA<\/button><\/div><\/div><\/div><\/div><\/div>","protected":false},"excerpt":{"rendered":"<p>Compre un boleto de un d\u00eda a Bah\u00eda las \u00c1guilas desde Barahona. Conduciendo por el parque nacional Jaragua y rumbo a Cabo Rojo, donde un bote lo espera. Despu\u00e9s de un viaje de 15 minutos en bote, llegar\u00e1 a la hermosa y aislada Bah\u00eda de las \u00c1guilas, considerada la playa m\u00e1s hermosa del pa\u00eds. El almuerzo se servir\u00e1 en la playa y tendr\u00e1 la oportunidad de nadar o simplemente relajarse en la playa. Disfrute de la pr\u00edstina arena blanca de [&hellip;]<\/p>\n","protected":false},"author":2,"featured_media":0,"parent":0,"menu_order":0,"comment_status":"open","ping_status":"closed","template":"","meta":{"footnotes":""},"class_list":["post-15775","page","type-page","status-publish","hentry"],"_links":{"self":[{"href":"https:\/\/www.boattoursamana.com\/hr\/wp-json\/wp\/v2\/pages\/15775","targetHints":{"allow":["GET"]}}],"collection":[{"href":"https:\/\/www.boattoursamana.com\/hr\/wp-json\/wp\/v2\/pages"}],"about":[{"href":"https:\/\/www.boattoursamana.com\/hr\/wp-json\/wp\/v2\/types\/page"}],"author":[{"embeddable":true,"href":"https:\/\/www.boattoursamana.com\/hr\/wp-json\/wp\/v2\/users\/2"}],"replies":[{"embeddable":true,"href":"https:\/\/www.boattoursamana.com\/hr\/wp-json\/wp\/v2\/comments?post=15775"}],"version-history":[{"count":0,"href":"https:\/\/www.boattoursamana.com\/hr\/wp-json\/wp\/v2\/pages\/15775\/revisions"}],"wp:attachment":[{"href":"https:\/\/www.boattoursamana.com\/hr\/wp-json\/wp\/v2\/media?parent=15775"}],"curies":[{"name":"wp","href":"https:\/\/api.w.org\/{rel}","templated":true}]}}