{"id":15778,"date":"2023-07-15T07:43:40","date_gmt":"2023-07-15T07:43:40","guid":{"rendered":"https:\/\/www.ticketswhales.com\/punta-cana-samana-whale-watching-cayo-levantado-bacardi-island-limon-waterfalls\/"},"modified":"2023-07-15T07:43:40","modified_gmt":"2023-07-15T07:43:40","slug":"punta-cana-samana-whale-watching-cayo-levantado-bacardi-island-limon-waterfalls","status":"publish","type":"page","link":"https:\/\/www.boattoursamana.com\/hr\/punta-cana-samana-promatranje-kitova-cayo-levantado-otok-bacardi-slapovi-limuna-2","title":{"rendered":"Punta Cana: promatranje kitova Saman\u00e1 + Cayo Levantado (otok Bacardi) + slapovi Lim\u00f3n"},"content":{"rendered":"<p>Iz hotela u Punta Cani u\u017eivat \u0107emo u prekrasnim krajolicima orijentalnog planinskog lanca dok se vozimo sjeverno od Punta Cane prije nego \u0161to stignemo u malo ribarsko mjesto Miches na ju\u017enoj obali zaljeva Samana. Tamo \u0107ete u\u017eivati u brzom doru\u010dku prije ukrcaja na brod za Samanu. Krstarit \u0107emo duboko u zaljev kako bismo promatrali kitove. Prvo \u0107emo sti\u0107i do Cayo Levantado, poznatog i kao otok Bacardi zbog velike sli\u010dnosti s pla\u017eama koje je Bacardi Rum neko\u0107 koristio za svoje poznate reklame. Cayo Levantado nije ni\u0161ta drugo do tropska oaza \u2013 mali otok usred oceana s tirkiznom vodom i bijelim pijeskom. Nakon ovoga Safari u zajednici Samana do slapova. U slapovima, el Limon se priprema za jahanje ili planinarenje. Ovo je jedinstvena potpuna avantura.<br \/>\nn<br \/>\nn<span style=\"vertical-align: inherit;\"><span style=\"vertical-align: inherit;\">Este tour ha incluido la parada en la <\/span><\/span><strong><span style=\"vertical-align: inherit;\"><span style=\"vertical-align: inherit;\">Cascada de Lim\u00f3n<\/span><\/span><\/strong><span style=\"vertical-align: inherit;\"><span style=\"vertical-align: inherit;\"> . <\/span><span style=\"vertical-align: inherit;\">Para reservar el mismo viaje y no ir a las cascadas por favor <\/span><\/span><a href=\"https:\/\/www.boattoursamana.com\/hr\/Tours-Excursions\/tours-excursions-samana-bay-dominican-republic\/whale-watching-2020-in-punta-cana-to-samana-bay-cayo-levantado-bacardi-island-from-hotels\/\"><span style=\"vertical-align: inherit;\"><span style=\"vertical-align: inherit;\">HAGA CLIC AQU\u00cd.<\/span><\/span><\/a><br \/>\nn<br \/>\nn&nbsp;<br \/>\nn<br \/>\nn<em><strong><span style=\"vertical-align: inherit;\"><span style=\"vertical-align: inherit;\">Seleccione la fecha de la excursi\u00f3n:<\/span><\/span><\/strong><\/em><\/p>\n<p>&nbsp;<\/p>\n<div class=\"wpb_column vc_column_container vc_col-sm-12\"><div class=\"vc_column-inner\"><div class=\"wpb_wrapper\"><div class=\"vc_btn3-container vc_btn3-inline\" ><button class=\"vc_general vc_btn3 vc_btn3-size-md vc_btn3-shape-rounded vc_btn3-style-modern vc_btn3-color-green\">REZERVIRAJTE SADA<\/button><\/div>\n\t<div class=\"wpb_text_column wpb_content_element\" >\n\t\t<div class=\"wpb_wrapper\">\n\t\t\t<p>\nn<\/p>\n<div class=\"vc_row wpb_row vc_row-fluid\">\nn<\/p>\n<div class=\"wpb_column vc_column_container vc_col-sm-12\">\nn<\/p>\n<div class=\"vc_column-inner\">\nn<\/p>\n<div class=\"wpb_wrapper\">\nn<\/p>\n<div class=\"mkdf-section-title-holder\">\nn<\/p>\n<div class=\"mkdf-st-inner\">\nn<\/p>\n<h5 class=\"mkdf-st-subtitle\">Cayo Levantado (otok Bacardi) + vodopad Limon iz hotela Punta Cana.<\/h5>\n<p>n<\/p>\n<h3 class=\"mkdf-st-title\">Promatranje kitova 2023. u Punta Cani do zaljeva Samana<\/h3>\n<p>n\n<\/p><\/div>\n<p>n\n<\/p><\/div>\n<p>n\n<\/p><\/div>\n<p>n\n<\/p><\/div>\n<p>n\n<\/p><\/div>\n<p>n\n<\/p><\/div>\n<p>n<\/p>\n<div class=\"vc_row wpb_row vc_row-fluid\"><\/div>\n<p>n<\/p>\n<div class=\"wpb_column vc_column_container vc_col-sm-12\">\nn<\/p>\n<div class=\"vc_column-inner\">\nn<\/p>\n<div class=\"wpb_wrapper\"><\/div>\n<p>n\n<\/p><\/div>\n<p>n\n<\/p><\/div>\n<p>n<\/p>\n<div class=\"wpb_text_column wpb_content_element\">\nn<\/p>\n<div class=\"wpb_wrapper\"><\/div>\n<p>n\n<\/p><\/div>\n<p>n<\/p>\n<div class=\"vc_row wpb_row vc_row-fluid\">\nn<\/p>\n<div class=\"wpb_column vc_column_container vc_col-sm-12\">\nn<\/p>\n<div class=\"vc_column-inner\">\nn<\/p>\n<div class=\"wpb_wrapper\">\nn<\/p>\n<div class=\"wpb_text_column wpb_content_element\">\nn<\/p>\n<div class=\"wpb_wrapper\">\nn<\/p>\n<div class=\"vc_row wpb_row vc_row-fluid\">\nn<\/p>\n<div class=\"wpb_column vc_column_container vc_col-sm-12\">\nn<\/p>\n<div class=\"vc_column-inner\">\nn<\/p>\n<div class=\"wpb_wrapper\">\nn<\/p>\n<div class=\"wpb_text_column wpb_content_element\">\nn<\/p>\n<div class=\"wpb_wrapper\">\nn<\/p>\n<h4><b><i>Pregled <\/i><\/b><\/h4>\n<p>nWhale Punta Cana, promatranje kitova u zaljevu Saman\u00e1 i posjetite Cayo Levantado plus Safari do slapova El limon tijekom ovog cjelodnevnog izleta iz hotela u Punta Cani. Putovanje do zaljeva Saman\u00e1 udobnim, klimatiziranim autobusom, zatim transfer do brodskog katamarana u Michesu. Krstarite otvorenim vodama kako biste potra\u017eili jata grbavih kitova koji dolaze u to podru\u010dje kako bi se parili i imali svoju mladun\u010dad. Saznajte vi\u0161e o pona\u0161anju i biologiji ovih morskih sisavaca od svog stru\u010dnog prirodoslovnog vodi\u010da. Nastavite do otoka Cayo Levantado \/ Bacardi, na ru\u010dak na pla\u017ei i kupanje u azurnim vodama nakon ovog safarija do slapova el Limon s jahanjem konja u \u0161umi kokosa prije povratka u Punta Canu.<br \/>\nn<br \/>\nn&nbsp;<br \/>\nn<br \/>\nn<strong>Bilje\u0161ka:<\/strong>\u00a0Ovaj obilazak nije privatan. Ova tura uklju\u010duje zaustavljanje na\u00a0<strong>Vodopad limuna<\/strong>. Molimo da rezervirate isti izlet i ne idete na slapove\u00a0<a href=\"https:\/\/www.boattoursamana.com\/hr\/Tours-Excursions\/tours-excursions-samana-bay-dominican-republic\/whale-watching-2020-in-punta-cana-to-samana-bay-cayo-levantado-bacardi-island-from-hotels\/\" data-mil=\"9912\">KLIKNITE OVDJE.<\/a><br \/>\nn<\/p>\n<ul>\nn \t<\/p>\n<li>Promatranje kitova<\/li>\n<p>n \t<\/p>\n<li>Otok Bacardi \/ Cayo Levantado<\/li>\n<p>n \t<\/p>\n<li>Ulaznice u Zvjezdarnicu<\/li>\n<p>n \t<\/p>\n<li>Samana Safari<\/li>\n<p>n \t<\/p>\n<li>Slapovi El Limon Jahanje konja<\/li>\n<p>n \t<\/p>\n<li>Uklju\u010duje buffet ru\u010dak na pla\u017ei<\/li>\n<p>n \t<\/p>\n<li>Transfer brodom<\/li>\n<p>n \t<\/p>\n<li>Kapetan daje upute i nadzor<\/li>\n<p>n \t<\/p>\n<li>Turisti\u010dki vodi\u010d<\/li>\n<p>n<\/ul>\n<p>n&nbsp;<br \/>\nn<\/p>\n<h4><b>Uklju\u010divanja i isklju\u010denja<\/b><\/h4>\n<p>n&nbsp;<br \/>\nn<br \/>\nn<b>Uklju\u010divanja<\/b><br \/>\nn<br \/>\nn&nbsp;<br \/>\nn<\/p>\n<ol>\nn \t<\/p>\n<li>Buffet ru\u010dak na pla\u017ei<\/li>\n<p>n \t<\/p>\n<li>Prijevoz iz hotela<\/li>\n<p>n \t<\/p>\n<li>Turisti\u010dki vodi\u010d<\/li>\n<p>n \t<\/p>\n<li>Izlet katamaranom ili brodom<\/li>\n<p>n \t<\/p>\n<li>Svi porezi, naknade i manipulativni tro\u0161kovi<\/li>\n<p>n \t<\/p>\n<li>Lokalni porezi<\/li>\n<p>n \t<\/p>\n<li>Pi\u0107a<\/li>\n<p>n<\/ol>\n<p>n<b>Isklju\u010divanja<\/b><br \/>\nn<\/p>\n<ol>\nn \t<\/p>\n<li>Napojnice<\/li>\n<p>n<\/ol>\n<p>n&nbsp;<br \/>\nn<\/p>\n<h4><em><strong>Polazak &amp; Povratak<\/strong><\/em><\/h4>\n<p>n Za ovu turu nudi se prijevoz iz hotela. U Bilje\u0161ke samo napi\u0161ite ime hotela koji \u0107e vas pokupiti. Dovoz vr\u0161imo u svim hotelima Punta Cana.<br \/>\nn<br \/>\nn&nbsp;<br \/>\nn<\/p>\n<h3>Promatranje kitova Samana + Cayo Levantado (otok Bacardi) + slapovi Limon iz hotela Punta Cana.<\/h3>\n<p>n<\/p>\n<h4><b><i>\u0160to o\u010dekivati?<\/i><\/b><\/h4>\n<p>nPribli\u017eite se nje\u017enim morskim divovima Dominikanske Republike tijekom ovog 12-satnog izleta promatranja grbavih kitova u zaljevu S\u00e1mana. Provedite nezaboravan dan promatraju\u0107i tisu\u0107e kitova koji svake godine hrle na otok kako bi se parili, hranili i igrali u toplim tropskim vodama. Dok budete promatrali ova prekrasna stvorenja, u\u017eivat \u0107ete u jedinstvenim uvidima va\u0161eg stru\u010dnog vodi\u010da za promatranje kitova. Zavr\u0161ite dan s uklju\u010denim ru\u010dkom i vremenom na pla\u017ei na prekrasnom otoku Cayo Levantado. Uklju\u010den je i povratni hotelski prijevoz.<br \/>\nn<br \/>\nnOd 9:00 do 12:00 sati Opservatorij za promatranje kitova i nakon ovog izleta s kitovima posjetit \u0107emo otok Bacardi \/ Cayo Levantado. Na otoku Bacardi bit \u0107e osiguran \u0161vedski stol za ru\u010dak u tipi\u010dnom dominikanskom stilu (ri\u017ea, grah, riba, salate\u2026). Kada je ru\u010dak gotov dopu\u0161teno vam je kupanje i spremanje za odlazak na slapove El limon do 16:30. Tura \u0107e zavr\u0161iti u 17:00 sati u istoj luci odakle \u0107e krenuti na\u0161im katamaranom i autobusom natrag do hotela Punta Cana.<br \/>\nn<br \/>\nn<strong>Raspored:<\/strong><br \/>\nn<br \/>\nn6:00 \u2013 7:00 Preuzimanje gostiju iz razli\u010ditih hotela<br \/>\nn07:00 Polazak prema Las Canitas u Sabana de la mar<br \/>\nn08:15 Dolazak na privatno pristani\u0161te<br \/>\nn08:15 \u2013 8:40 Doru\u010dak (sendvi\u010di, muffini, \u010daj, kava, sokovi)<br \/>\nn8:45 Ukrcaj za po\u010detak na\u0161eg putovanja do uto\u010di\u0161ta grbavih kitova u Samani<br \/>\nn11:00 Potraga za kitovima u razdoblju od 45 minuta- Ovo je vrijeme prema vladinim pravilima.<br \/>\nn11:45 Krenite prema Cayo Levantado u zaljevu Samana<br \/>\nn12:30 Dolazak u Cayo Levantado<br \/>\nn13:00 Ru\u010dak (\u0161vedski stol za ru\u010dak, tipi\u010dni dominikanski)*<br \/>\nn13:45 \u2013 15:30 Slobodno vrijeme u Cayo Levantado<br \/>\nn15:00 \u2013 15:45 Ponovo na brodu pravac povratak u Miches<br \/>\nn17:00 Dolazak u Miches i odlazak prema hotelima u Punta Cani<br \/>\nn19:30 \u2013 20:00 Dolazak u hotele u Punta Cani<br \/>\nn<br \/>\nn<strong>*Jelovnik za ru\u010dak (tipi\u010dno dominikanski)<br \/>\nn<\/strong>Ri\u017ea, piletina na \u017earu ili riba na \u017earu, salata, povr\u0107e, svje\u017ee vo\u0107e.<br \/>\nn<br \/>\nn<strong>*Kupci koji odlu\u010de dodati zaustavljanje na vodopadu El Limon nakon promatranja kitova premjestit \u0107e se na oglas vodopada imat \u0107e manje vremena za provesti u Cayo Levantado.<\/strong><br \/>\nn<br \/>\nnOva tura uklju\u010duje zaustavljanje na\u00a0<strong>Vodopad limuna<\/strong>. Molimo da rezervirate isti izlet i ne idete na slapove\u00a0<a href=\"https:\/\/www.boattoursamana.com\/hr\/Tours-Excursions\/tours-excursions-samana-bay-dominican-republic\/whale-watching-2020-in-punta-cana-to-samana-bay-cayo-levantado-bacardi-island-from-hotels\/\" data-mil=\"9912\">KLIKNITE OVDJE.<\/a><br \/>\nn<br \/>\nn&nbsp;<br \/>\nn<\/p>\n<h4><em><strong>\u0160to trebate ponijeti?<\/strong><\/em><\/h4>\n<p>n<\/p>\n<ul>\nn \t<\/p>\n<li>Fotoaparat<\/li>\n<p>n \t<\/p>\n<li>Repelentni pupoljci<\/li>\n<p>n \t<\/p>\n<li>krema za sun\u010danje<\/li>\n<p>n \t<\/p>\n<li>\u0160e\u0161ir<\/li>\n<p>n \t<\/p>\n<li>Udobne hla\u010de<\/li>\n<p>n \t<\/p>\n<li>Sandale za pla\u017eu<\/li>\n<p>n \t<\/p>\n<li>Odje\u0107a za kupanje<\/li>\n<p>n \t<\/p>\n<li>Gotovina za suvenire i napojnice<\/li>\n<p>n<\/ul>\n<p>n&nbsp;<br \/>\nn<\/p>\n<h4><b><i>Preuzimanje iz hotela<\/i><\/b><\/h4>\n<p>n Za ovu turu nudi se prijevoz iz hotela. U Bilje\u0161ke samo napi\u0161ite ime hotela koji \u0107e vas pokupiti. Dovoz vr\u0161imo u svim hotelima Punta Cana.<br \/>\nn<br \/>\nn&nbsp;<br \/>\nn<br \/>\nn<b>Bilje\u0161ka:<\/b>\u00a0Ako rezervirate u roku od 24 sata od vremena polaska putovanja\/izleta, mo\u017eemo organizirati prijevoz iz hotela uz dodatne naknade. Nakon \u0161to je va\u0161a kupnja dovr\u0161ena, poslat \u0107emo vam potpune podatke za kontakt (telefonski broj, adresu e-po\u0161te, itd.) za na\u0161eg lokalnog vodi\u010da kako bismo organizirali preuzimanje.<br \/>\nn<\/p>\n<h4><b><i>Potvrda dodatnih informacija<\/i><\/b><\/h4>\n<p>n<\/p>\n<ol>\nn \t<\/p>\n<li>Ulaznice su ra\u010dun nakon pla\u0107anja ovog putovanja. Uplatu mo\u017eete prikazati na svom telefonu.<\/li>\n<p>n \t<\/p>\n<li>Mjesto sastanka bit \u0107e primljeno nakon procesa rezervacije.<\/li>\n<p>n \t<\/p>\n<li>Djeca moraju biti u pratnji odrasle osobe.<\/li>\n<p>n \t<\/p>\n<li>Dostupno invalidskim kolicima<\/li>\n<p>n \t<\/p>\n<li>Dojen\u010dad moraju sjediti u krilu<\/li>\n<p>n \t<\/p>\n<li>Ve\u0107ina putnika mo\u017ee sudjelovati<\/li>\n<p>n<\/ol>\n<p>n<\/p>\n<h4><b><i>Politika otkazivanja<\/i><\/b><\/h4>\n<p>nZa puni povrat novca otka\u017eite najmanje 7 dana prije datuma po\u010detka iskustva.<a href=\"https:\/\/www.boattoursamana.com\/hr\/online-rezervacija\/\"> Kliknite ovdje<\/a> vidjeti politike.<br \/>\nn<br \/>\nn<\/div>\n<p>n\n<\/p><\/div>\n<p>n\n<\/p><\/div>\n<p>n\n<\/p><\/div>\n<p>n\n<\/p><\/div>\n<p>n\n<\/p><\/div>\n<p>n\n<\/p><\/div>\n<p>n\n<\/p><\/div>\n<p>n\n<\/p><\/div>\n<p>n\n<\/p><\/div>\n<p>n\n<\/p><\/div>\n<p>n\n<\/p><\/div>\n<p>n<\/p>\n<div class=\"vc_row wpb_row vc_row-fluid\">\nn<\/p>\n<div class=\"wpb_column vc_column_container vc_col-sm-12\">\nn<\/p>\n<div class=\"vc_column-inner\">\nn<\/p>\n<div class=\"wpb_wrapper\">\nn<\/p>\n<div class=\"vc_empty_space\"><\/div>\n<p>n<\/p>\n<div class=\"wpb_text_column wpb_content_element\">\nn<\/p>\n<div class=\"wpb_wrapper\">\nn<\/p>\n<h4>Kontaktirajte nas?<\/h4>\n<p>n<\/p>\n<h5><b><i>TOUR WALES SAMANA<\/i><\/b><\/h5>\n<p>n<em><strong>Mje\u0161tani<\/strong>\u00a0i\u00a0<strong>Dr\u017eavljani<\/strong>\u00a0Turisti\u010dki vodi\u010di i usluge za goste<\/em><br \/>\nn<br \/>\nn<span class=\"text-turquoise\">Rezerve:<\/span>\u00a0\u00a0Tours y Excursiones en Dom. Ponavljanja<br \/>\nn<br \/>\nn Tel \/ Whatsapp\u00a0\u00a0\u00a0<a href=\"tel:+1-809-720-6035\">+ 1-809-720-6035<\/a>\u00a0.<br \/>\nn<br \/>\nn \u00a0<a href=\"mailto:info@bookingadventures.com.do\">info@bookingadventures.com.do<\/a><br \/>\nn<br \/>\nn<strong>Somos tours privados de configuraci\u00f3n flexible por Whatsapp:\u00a0\u00a0<a href=\"tel:+18097206035\">+18097206035.<\/a><\/strong><br \/>\nn<br \/>\nn<\/div>\n<p>n\n<\/p><\/div>\n<p>n\n<\/p><\/div>\n<p>n\n<\/p><\/div>\n<p>n\n<\/p><\/div>\n<p>n\n<\/p><\/div>\n<p>n<\/p>\n\n\t\t<\/div>\n\t<\/div>\n<\/div><\/div><\/div><div class=\"vc_row wpb_row vc_row-fluid\" ><div class=\"wpb_column vc_column_container vc_col-sm-12\"><div class=\"vc_column-inner\"><div class=\"wpb_wrapper\"><div class=\"vc_btn3-container vc_btn3-inline\" ><button class=\"vc_general vc_btn3 vc_btn3-size-md vc_btn3-shape-rounded vc_btn3-style-modern vc_btn3-color-green\">REZERVIRAJTE SADA<\/button><\/div><\/div><\/div><\/div><\/div>","protected":false},"excerpt":{"rendered":"<p>From the Punta Cana hotels, we&#8217;ll enjoy the beautiful landscapes of the Oriental Mountain Range as we drive north of Punta Cana before arriving in the small fishing village of Miches at the southern shores of Samana Bay. There you will enjoy a quick breakfast prior to boarding the boat to Samana. We&#8217;ll cruise deep into the bay to whale watch. We will first reach Cayo Levantado, also known as Bacardi Island because of its close resemblance to the beaches [&hellip;]<\/p>\n","protected":false},"author":2,"featured_media":0,"parent":0,"menu_order":0,"comment_status":"open","ping_status":"closed","template":"","meta":{"footnotes":""},"class_list":["post-15778","page","type-page","status-publish","hentry"],"_links":{"self":[{"href":"https:\/\/www.boattoursamana.com\/hr\/wp-json\/wp\/v2\/pages\/15778","targetHints":{"allow":["GET"]}}],"collection":[{"href":"https:\/\/www.boattoursamana.com\/hr\/wp-json\/wp\/v2\/pages"}],"about":[{"href":"https:\/\/www.boattoursamana.com\/hr\/wp-json\/wp\/v2\/types\/page"}],"author":[{"embeddable":true,"href":"https:\/\/www.boattoursamana.com\/hr\/wp-json\/wp\/v2\/users\/2"}],"replies":[{"embeddable":true,"href":"https:\/\/www.boattoursamana.com\/hr\/wp-json\/wp\/v2\/comments?post=15778"}],"version-history":[{"count":0,"href":"https:\/\/www.boattoursamana.com\/hr\/wp-json\/wp\/v2\/pages\/15778\/revisions"}],"wp:attachment":[{"href":"https:\/\/www.boattoursamana.com\/hr\/wp-json\/wp\/v2\/media?parent=15778"}],"curies":[{"name":"wp","href":"https:\/\/api.w.org\/{rel}","templated":true}]}}