{"id":15807,"date":"2023-07-15T07:43:59","date_gmt":"2023-07-15T07:43:59","guid":{"rendered":"https:\/\/www.ticketswhales.com\/saona-island-rentals-rent-a-private-boat\/"},"modified":"2023-07-15T07:43:59","modified_gmt":"2023-07-15T07:43:59","slug":"saona-island-rentals-rent-a-private-boat","status":"publish","type":"page","link":"https:\/\/www.boattoursamana.com\/hr\/saona-island-rentals-najam-privatnog-broda","title":{"rendered":"Iznajmljivanje otoka Saona \u2013 unajmite privatni brod"},"content":{"rendered":"<p>&nbsp;<\/p>\n<div class=\"vc_row wpb_row vc_row-fluid\" > <div class=\"wpb_column vc_column_container vc_col-sm-12\"><div class=\"vc_column-inner\"><div class=\"wpb_wrapper\"> \n\t<div class=\"wpb_text_column wpb_content_element\" >\n\t\t<div class=\"wpb_wrapper\">\n\t\t\t\n\t\t<\/div>\n\t<\/div>\n <\/div><\/div><\/div> <\/div> <div class=\"wpb_column vc_column_container vc_col-sm-12\"><div class=\"vc_column-inner\"><div class=\"wpb_wrapper\"> <div class=\"vc_btn3-container vc_btn3-inline\" ><button class=\"vc_general vc_btn3 vc_btn3-size-md vc_btn3-shape-rounded vc_btn3-style-modern vc_btn3-color-green\">REZERVIRAJTE SADA<\/button><\/div> <\/div><\/div><\/div> <div class=\"vc_tta-container\" data-vc-action=\"collapse\"><div class=\"vc_general vc_tta vc_tta-tabs vc_tta-color-grey vc_tta-style-classic vc_tta-shape-rounded vc_tta-spacing-1 vc_tta-tabs-position-top vc_tta-controls-align-left\"><div class=\"vc_tta-tabs-container\"><ul class=\"vc_tta-tabs-list\"><\/ul><\/div><div class=\"vc_tta-panels-container\"><div class=\"vc_tta-panels\"> <\/div><\/div><\/div><\/div> <div class=\"vc_tta-panel vc_active\" id=\"1616582286467-74629ea8-fd69\" data-vc-content=\".vc_tta-panel-body\"><div class=\"vc_tta-panel-heading\"><h4 class=\"vc_tta-panel-title\"><a href=\"#1616582286467-74629ea8-fd69\" data-vc-accordion data-vc-container=\".vc_tta-container\"><span class=\"vc_tta-title-text\">Descripci\u00f3n<\/span><\/a><\/h4><\/div><div class=\"vc_tta-panel-body\"> \n\t<div class=\"wpb_text_column wpb_content_element\" >\n\t\t<div class=\"wpb_wrapper\">\n\t\t\t<p>\nn<\/p>\n<div class=\"custom-left\">\nn<\/p>\n<div class=\"row\">\nn<\/p>\n<div class=\"col-md-12 cust-clas\">\nn<\/p>\n<div class=\"product-header alignleft\">\nn<br \/>\nOTOK nSAONA \u2013 BROD \u2013 NAJAM<br \/>\nn<br \/>\nnCJELODNEVNI PRIVATNI \u010cARTER DO OTOKA SAONA<br \/>\nn<br \/>\nnFLEKSIBILNO TRAJANJE \u2013 OD PONEDJELJKA DO NEDJELJE<br \/>\nn<br \/>\nn<\/div>\n<p>n\n<\/p><\/div>\n<p>n\n<\/p><\/div>\n<p>n\n<\/p><\/div>\n<p>n<\/p>\n<div class=\"custom-left para-p\">\nn<\/p>\n<div class=\"info_content_label\">\nn<br \/>\nn&nbsp;<br \/>\nn<br \/>\nn&nbsp;<br \/>\nn<br \/>\nn&nbsp;<br \/>\nn<br \/>\nn&nbsp;<br \/>\nn<br \/>\nnUnajmite ovaj nevjerojatan brod tijekom cijelog dana za do 16 osoba za posjet otoku Saona.<br \/>\nn<br \/>\nn<strong>UKLJU\u010cENO<\/strong><br \/>\nn<\/p>\n<ul>\nn \t<\/p>\n<li>Posada (kapetan i pomo\u0107nik kapetana)<\/li>\n<p>n \t<\/p>\n<li>Gorivo<\/li>\n<p>n \t<\/p>\n<li>Hladnjak za led s ledom<\/li>\n<p>n<\/ul>\n<p>nHrana je dostupna uz nadoplatu:<br \/>\nn<br \/>\nn<strong>Detalji o tradicionalnom \u0161vedskom stolu za ru\u010dak, $15 USD po osobi:<\/strong><br \/>\nn<br \/>\nn-Zelena salata, ruska salata<br \/>\nn<br \/>\nn-Vitez<br \/>\nn<br \/>\nn-Moro de Guandule (ri\u017ea na dominikanski na\u010din) s kokosom<br \/>\nn<br \/>\nn-Tjestenina u umaku od raj\u010dice - kasave od kasave<br \/>\nn<br \/>\nn-Riba i piletina (dorado) na \u017earu + po \u017eelji umak od kokosovog mlijeka<br \/>\nn<br \/>\nn-Svje\u017ee vo\u0107e-1 bezalkoholno pi\u0107e (bezalkoholno pi\u0107e ili voda)<br \/>\nn-Kafeterija<br \/>\nn<br \/>\nn<strong>Dodatna usluga jastoga + kola\u010d od kokosa $19 USD (dodatno).<\/strong><br \/>\nn<br \/>\nn<\/div>\n<p>n<strong><label>Nije uklju\u010deno:<\/label><\/strong> Pi\u0107e i hrana NISU uklju\u010deni i mogu se organizirati uz nadoplatu.<br \/>\nn<br \/>\nn&nbsp;<br \/>\nn<br \/>\nn<\/div>\n<p>nAko trebate vi\u0161e informacija ili imate pitanja, slobodno nas kontaktirajte putem Whatsappa: +1-809-720-6035 ili chata u\u017eivo. Nudimo najbolju cijenu online!<br \/>\nn<br \/>\nn&nbsp;<br \/>\nn<\/p>\n<h4><b><i>Politika otkazivanja<\/i><\/b><\/h4>\n<p>Za potpuni povrat novca pro\u010ditajte na\u0161a pravila otkazivanja <a href=\"https:\/\/www.boattoursamana.com\/hr\/online-rezervacija\/\" target=\"_blank\" rel=\"noopener\" data-saferedirecturl=\"https:\/\/www.google.com\/url?q=https:\/\/www.boattoursamana.com\/online-booking\/&amp;source=gmail&amp;ust=1672449202351000&amp;usg=AOvVaw1yAeVAPktmaVCqDujgUn90\">Kliknite ovdje<\/a>. Sredstva \u0107e biti izgubljena ako se rezervacija otka\u017ee na isti dan putovanja. <\/p>\n\n\t\t<\/div>\n\t<\/div>\n <\/div><\/div> <div class=\"vc_tta-panel\" id=\"1616580432722-00be9baf-46e3\" data-vc-content=\".vc_tta-panel-body\"><div class=\"vc_tta-panel-heading\"><h4 class=\"vc_tta-panel-title\"><a href=\"#1616580432722-00be9baf-46e3\" data-vc-accordion data-vc-container=\".vc_tta-container\"><span class=\"vc_tta-title-text\">Cijene<\/span><\/a><\/h4><\/div><div class=\"vc_tta-panel-body\"> <\/div><\/div> <div class=\"mkdf-section-title-holder\" style=\"text-align: center\">\n\t<div class=\"mkdf-st-inner\">\n\t\t\t\t\t\t\t<h3 class=\"mkdf-st-title\" >\n\t\t\t\tCIJENE\t\t\t<\/h3>\n\t\t\t\t\t<\/div>\n<\/div> <div class=\"vc_empty_space\"   style=\"height: 32px\"><span class=\"vc_empty_space_inner\"><\/span><\/div> <div class=\"vc_row wpb_row vc_row-fluid\" > <div class=\"wpb_column vc_column_container vc_col-sm-12\"><div class=\"vc_column-inner\"><div class=\"wpb_wrapper\"> <div class=\"vc_btn3-container vc_btn3-inline\" ><button class=\"vc_general vc_btn3 vc_btn3-size-md vc_btn3-shape-rounded vc_btn3-style-modern vc_btn3-color-green\">REZERVIRAJTE SADA<\/button><\/div> <\/div><\/div><\/div> <\/div>","protected":false},"excerpt":{"rendered":"<p>&nbsp;<\/p>","protected":false},"author":2,"featured_media":0,"parent":0,"menu_order":0,"comment_status":"open","ping_status":"closed","template":"","meta":{"footnotes":""},"class_list":["post-15807","page","type-page","status-publish","hentry"],"_links":{"self":[{"href":"https:\/\/www.boattoursamana.com\/hr\/wp-json\/wp\/v2\/pages\/15807","targetHints":{"allow":["GET"]}}],"collection":[{"href":"https:\/\/www.boattoursamana.com\/hr\/wp-json\/wp\/v2\/pages"}],"about":[{"href":"https:\/\/www.boattoursamana.com\/hr\/wp-json\/wp\/v2\/types\/page"}],"author":[{"embeddable":true,"href":"https:\/\/www.boattoursamana.com\/hr\/wp-json\/wp\/v2\/users\/2"}],"replies":[{"embeddable":true,"href":"https:\/\/www.boattoursamana.com\/hr\/wp-json\/wp\/v2\/comments?post=15807"}],"version-history":[{"count":0,"href":"https:\/\/www.boattoursamana.com\/hr\/wp-json\/wp\/v2\/pages\/15807\/revisions"}],"wp:attachment":[{"href":"https:\/\/www.boattoursamana.com\/hr\/wp-json\/wp\/v2\/media?parent=15807"}],"curies":[{"name":"wp","href":"https:\/\/api.w.org\/{rel}","templated":true}]}}