{"id":15853,"date":"2023-07-15T07:45:08","date_gmt":"2023-07-15T07:45:08","guid":{"rendered":"https:\/\/www.ticketswhales.com\/private-speed-boat-lancha-samana-bay\/"},"modified":"2023-07-15T07:45:08","modified_gmt":"2023-07-15T07:45:08","slug":"private-speed-boat-lancha-samana-bay","status":"publish","type":"page","link":"https:\/\/www.boattoursamana.com\/hr\/privatni-gliser-lancha-samana-bay","title":{"rendered":"Privatni gliser (Lancha) u zaljevu Saman\u00e1"},"content":{"rendered":"<p>Privatni gliser (Lancha) Zaljev Samana Unajmite ovaj nevjerojatan gliser na cijeli dan za do 5 osoba kako biste posjetili <a href=\"https:\/\/www.boattoursamana.com\/hr\/odredista\/los-haitises-national-park-tickets-tours\/\" target=\"_blank\" rel=\"noopener\" data-saferedirecturl=\"https:\/\/www.google.com\/url?q=https:\/\/www.boattoursamana.com\/destinations\/los-haitises-national-park-tickets-tours\/&amp;source=gmail&amp;ust=1637749313206000&amp;usg=AOvVaw2iM1LFDbYv-Gthna0qZt2n\">Haitises<\/a> i Cayo Levantado. Tako\u0111er u sezoni promatranja kitova mo\u017eete koristiti \u010damac da vidite kitove u zaljevu Samana.<\/p>\n<p>&nbsp;<\/p>\n<div class=\"vc_row wpb_row vc_row-fluid\" ><div class=\"wpb_column vc_column_container vc_col-sm-12\"><div class=\"vc_column-inner\"><div class=\"wpb_wrapper\"><div class=\"vc_btn3-container vc_btn3-inline\" ><button class=\"vc_general vc_btn3 vc_btn3-size-md vc_btn3-shape-rounded vc_btn3-style-modern vc_btn3-color-green\">REZERVIRAJTE SADA<\/button><\/div>\n\t<div class=\"wpb_text_column wpb_content_element\" >\n\t\t<div class=\"wpb_wrapper\">\n\t\t\t<p>\nn<\/p>\n<div class=\"custom-left\">\nn<\/p>\n<div class=\"row\">\nn<\/p>\n<div class=\"col-md-12 cust-clas\">\nn<\/p>\n<div class=\"product-header alignleft\">\nn<br \/>\nnSAMANA\u00a0 BOAT &#8211; RENTAL<br \/>\nn<br \/>\nnPRIVATE FULL DAY CHARTER SAMANA BAY<br \/>\nn<br \/>\nn8 HOUR TRIP- MONDAY TO SUNDAY<br \/>\nn<br \/>\nn<\/div>\n<p>n\n<\/p><\/div>\n<p>n\n<\/p><\/div>\n<p>n\n<\/p><\/div>\n<p>n<\/p>\n<div class=\"custom-left para-p\">\nn<\/p>\n<div class=\"info_content_label\">\nn<br \/>\nn<label>Info:<\/label><br \/>\nn<br \/>\nnRent this fabulous speed boat\u00a0 for the full day for up to 5 people to visit the <a href=\"https:\/\/www.boattoursamana.com\/hr\/odredista\/los-haitises-national-park-tickets-tours\/\" target=\"_blank\" rel=\"noopener\" data-saferedirecturl=\"https:\/\/www.google.com\/url?q=https:\/\/www.boattoursamana.com\/destinations\/los-haitises-national-park-tickets-tours\/&amp;source=gmail&amp;ust=1637749313206000&amp;usg=AOvVaw2iM1LFDbYv-Gthna0qZt2n\">Haitises<\/a> i Cayo Levantado. Tako\u0111er u sezoni promatranja kitova mo\u017eete koristiti \u010damac da vidite kitove u zaljevu Samana.<br \/>\nn<br \/>\nnIncludes crew, fuel and ice cooler.<br \/>\nn<br \/>\nnFood Options available for an extra price:<br \/>\nn<br \/>\nn<strong>Detalji o tradicionalnom \u0161vedskom stolu za ru\u010dak, $15 USD po osobi:<\/strong><br \/>\nn<br \/>\nn-Zelena salata<br \/>\nn-Kruh<br \/>\nn-Moro de Guandule (ri\u017ea na dominikanski na\u010din) s kokosom<br \/>\nn\u2013 Tjestenina u umaku od raj\u010dice<br \/>\nn-Yuca tepsije<br \/>\nn-Riba i piletina (dorado) na \u017earu + po \u017eelji umak od kokosovog mlijeka<br \/>\nn-svje\u017ee vo\u0107e<br \/>\nn-1 bezalkoholno pi\u0107e (soda ili voda)<br \/>\nn-Kava<br \/>\nn<br \/>\nn<strong>Dodatna usluga jastoga + slatki\u0161i od kokosa $19 USD (dodatno).<\/strong><br \/>\nn<br \/>\nn<\/div>\n<p>n<label>Uklju\u010duje:<\/label>\u00a0Ostale usluge uklju\u010dene (posada, gorivo i hladnjak s ledom su uklju\u010deni)<br \/>\nn<br \/>\nn<label>Nije uklju\u010deno:<\/label>\u00a0Pi\u0107e ili hrana NISU uklju\u010deni<br \/>\nn<br \/>\nn<label>Uklju\u010dite gorivo:<\/label>\u00a0Da<br \/>\nn<br \/>\nn<\/div>\n<p>nContact us by Whatsapp: +1-809-720-6035. Best price online&#8230;<br \/>\nn<br \/>\nn&nbsp;<br \/>\nn<\/p>\n<h4><b><i>Politika otkazivanja<\/i><\/b><\/h4>\n<p>Za potpuni povrat novca pro\u010ditajte na\u0161a pravila otkazivanja\u00a0<a href=\"https:\/\/www.boattoursamana.com\/hr\/online-rezervacija\/\" target=\"_blank\" rel=\"noopener\" data-saferedirecturl=\"https:\/\/www.google.com\/url?q=https:\/\/www.boattoursamana.com\/online-booking\/&amp;source=gmail&amp;ust=1672449202351000&amp;usg=AOvVaw1yAeVAPktmaVCqDujgUn90\">Kliknite ovdje<\/a>. Sredstva \u0107e biti izgubljena ako se rezervacija otka\u017ee isti dan putovanja.<\/p>\n\n\t\t<\/div>\n\t<\/div>\n<\/div><\/div><\/div><\/div><div class=\"vc_row wpb_row vc_row-fluid\" ><div class=\"wpb_column vc_column_container vc_col-sm-12\"><div class=\"vc_column-inner\"><div class=\"wpb_wrapper\"><div class=\"vc_btn3-container vc_btn3-inline\" ><button class=\"vc_general vc_btn3 vc_btn3-size-md vc_btn3-shape-rounded vc_btn3-style-modern vc_btn3-color-green\">REZERVIRAJTE SADA<\/button><\/div><\/div><\/div><\/div><\/div>","protected":false},"excerpt":{"rendered":"<p>Privatni gliser (Lancha) Samana Bay Unajmite ovaj nevjerojatan gliser na cijeli dan za do 5 osoba kako biste posjetili Haitises i Cayo Levantado. Tako\u0111er u sezoni promatranja kitova mo\u017eete koristiti \u010damac da vidite kitove u zaljevu Samana. &nbsp;<\/p>","protected":false},"author":2,"featured_media":0,"parent":0,"menu_order":0,"comment_status":"open","ping_status":"closed","template":"","meta":{"footnotes":""},"class_list":["post-15853","page","type-page","status-publish","hentry"],"_links":{"self":[{"href":"https:\/\/www.boattoursamana.com\/hr\/wp-json\/wp\/v2\/pages\/15853","targetHints":{"allow":["GET"]}}],"collection":[{"href":"https:\/\/www.boattoursamana.com\/hr\/wp-json\/wp\/v2\/pages"}],"about":[{"href":"https:\/\/www.boattoursamana.com\/hr\/wp-json\/wp\/v2\/types\/page"}],"author":[{"embeddable":true,"href":"https:\/\/www.boattoursamana.com\/hr\/wp-json\/wp\/v2\/users\/2"}],"replies":[{"embeddable":true,"href":"https:\/\/www.boattoursamana.com\/hr\/wp-json\/wp\/v2\/comments?post=15853"}],"version-history":[{"count":0,"href":"https:\/\/www.boattoursamana.com\/hr\/wp-json\/wp\/v2\/pages\/15853\/revisions"}],"wp:attachment":[{"href":"https:\/\/www.boattoursamana.com\/hr\/wp-json\/wp\/v2\/media?parent=15853"}],"curies":[{"name":"wp","href":"https:\/\/api.w.org\/{rel}","templated":true}]}}