{"id":15865,"date":"2023-07-15T07:45:08","date_gmt":"2023-07-15T07:45:08","guid":{"rendered":"https:\/\/www.ticketswhales.com\/jarabacoa-buggy-with-baiguate-waterfall-double\/"},"modified":"2023-07-15T07:45:08","modified_gmt":"2023-07-15T07:45:08","slug":"jarabacoa-buggy-with-baiguate-waterfall-double","status":"publish","type":"page","link":"https:\/\/www.boattoursamana.com\/hr\/jarabacoa-buggy-s-dvostrukim-vodopadom-baiguate-2","title":{"rendered":"Jarabacoa kolica s dvostrukim vodopadom Baiguate"},"content":{"rendered":"<p><span style=\"font-weight: 400;\"><span style=\"vertical-align: inherit;\"><span style=\"vertical-align: inherit;\">\u00danase a nosotros y viaje con un experto local de Jarabacoa y obtenga la experiencia \u00fanica de visitar los mejores lugares de la capital del ecoturismo a partir de Jarabacoa, este tour lo llevar\u00e1 a conocer el hermoso paisaje del rancho monta\u00f1oso m\u00e1s grande de la Rep\u00fablica Dominicana. <\/span><span style=\"vertical-align: inherit;\">Mientras conduce por los diferentes lugares, sentir\u00e1 el aire de la monta\u00f1a y disfrutar\u00e1 de la belleza del campo.\u00a0<\/span><\/span><\/span><br \/>\nn<br \/>\nn<strong><span style=\"vertical-align: inherit;\"><span style=\"vertical-align: inherit;\">Seleccione la fecha para el Tour:\u00a0<\/span><\/span><\/strong><\/p>\n<p>&nbsp;<\/p>\n<div class=\"vc_row wpb_row vc_row-fluid\" ><div class=\"wpb_column vc_column_container vc_col-sm-12\"><div class=\"vc_column-inner\"><div class=\"wpb_wrapper\"><div class=\"mkdf-section-title-holder\" style=\"text-align: left\">\n\t<div class=\"mkdf-st-inner\">\n\t\t\t\t\t<h5 class=\"mkdf-st-subtitle\" >\n\t\t\t\tBuggy - kolica\t\t\t<\/h5>\n\t\t\t\t\t\t\t<h3 class=\"mkdf-st-title\" >\n\t\t\t\tJarabacoa sa slapovima Jimenoa i Baiguate\t\t\t<\/h3>\n\t\t\t\t\t<\/div>\n<\/div><\/div><\/div><\/div><\/div><div class=\"vc_row wpb_row vc_row-fluid\" ><div class=\"wpb_column vc_column_container vc_col-sm-12\"><div class=\"vc_column-inner\"><div class=\"wpb_wrapper\">\n\t<div class=\"wpb_text_column wpb_content_element\" >\n\t\t<div class=\"wpb_wrapper\">\n\t\t\t<p>\nn<\/p>\n<h3 class=\"ui_header h1 attractions-product-info-ProductTitle__title--1qM0o\">Jarabacoa kolica s Baiguate Waterfall Double<\/h3>\n<p>n<\/p>\n<h4><b><i>Pregled <\/i><\/b><\/h4>\n<p>n<span style=\"font-weight: 400;\">Pridru\u017eite nam se i putujte s lokalnim stru\u010dnjakom iz Jarabacoe i do\u017eivite jedinstveno iskustvo posjeta najboljim mjestima iz prijestolnice ekoturizma po\u010dev\u0161i od Jarabacoe, ova tura \u0107e vas provesti uokolo gledaju\u0107i prekrasan krajolik najve\u0107eg planinskog imanja u Dominikanskoj Republici. Dok se vozite do razli\u010ditih lokacija, osjetit \u0107ete planinski zrak i u\u017eivati u ljepoti sela.\u00a0<\/span><br \/>\nn<br \/>\nn<span style=\"font-weight: 400;\">Mo\u017eemo do\u0107i do razli\u010ditih lokacija za ovaj obilazak. Imat \u0107ete opcije: Biciklizam, Jahanje, Safari, \u010cetiri kota\u010da ili Buggy. Kupite kartu online sada i zabavimo se u\u010de\u0107i o Jarabacoi i kulturi Dominikanske Republike dok putujete okolo do najboljih lokacija u gradu.<\/span><br \/>\nn<br \/>\nn<span style=\"font-weight: 400;\">Jarabacoa je grad vje\u010dnih proljetnih praznika zbog vremena i druga po va\u017enosti op\u0107ina u pokrajini La Vega. Prema povijesti, Jarabacoa zna\u010di &quot;mjesto puno vode&quot;, 27. rujna 1858. Jarabacoa je zapo\u010dela svoj \u017eivot kao op\u0107ina, kategorija dobivena nakon karijere koja je do\u0161la s po\u010detka 19. stolje\u0107a. Putujte s nama i upoznajte vi\u0161e o planinama, prirodi, kulturi i ljudima sjeverne regije Dominikanske Republike.\u00a0<\/span><br \/>\nn<\/p>\n<ul>\nn \t<\/p>\n<li style=\"font-weight: 400;\">Naknade uklju\u010dene<\/li>\n<p>n \t<\/p>\n<li>Ru\u010dak<\/li>\n<p>n \t<\/p>\n<li>grickalice<\/li>\n<p>n \t<\/p>\n<li style=\"font-weight: 400;\">Lokalni turisti\u010dki vodi\u010d na engleskom jeziku<\/li>\n<p>n<\/ul>\n<p>n<\/p>\n<h4><b>Uklju\u010divanja i isklju\u010denja<\/b><\/h4>\n<p>n<b>Uklju\u010divanja<\/b><br \/>\nn<\/p>\n<ol>\nn \t<\/p>\n<li>Ru\u010dak<\/li>\n<p>n \t<\/p>\n<li style=\"font-weight: 400;\"><span style=\"font-weight: 400;\">Svi porezi, naknade i manipulativni tro\u0161kovi<\/span><\/li>\n<p>n \t<\/p>\n<li style=\"font-weight: 400;\"><span style=\"font-weight: 400;\">Lokalni porezi<\/span><\/li>\n<p>n \t<\/p>\n<li style=\"font-weight: 400;\"><span style=\"font-weight: 400;\">Pi\u0107a<\/span><\/li>\n<p>n \t<\/p>\n<li>grickalice<\/li>\n<p>n \t<\/p>\n<li style=\"font-weight: 400;\"><span style=\"font-weight: 400;\">Sve aktivnosti<\/span><\/li>\n<p>n \t<\/p>\n<li style=\"font-weight: 400;\"><span style=\"font-weight: 400;\">Lokalni vodi\u010d<\/span><\/li>\n<p>n<\/ol>\n<p>n<b> Isklju\u010divanja<\/b><br \/>\nn<\/p>\n<ol>\nn \t<\/p>\n<li style=\"font-weight: 400;\"><span style=\"font-weight: 400;\">Napojnice<\/span><\/li>\n<p>n \t<\/p>\n<li>prijevoz (postavite tako da nas kontaktirate)<\/li>\n<p>n \t<\/p>\n<li style=\"font-weight: 400;\"><span style=\"font-weight: 400;\">Alkoholna pi\u0107a<\/span><\/li>\n<p>n<\/ol>\n<p>n<\/p>\n<h4><em><strong>Polazak &amp; Povratak<\/strong><\/em><\/h4>\n<p>n<span style=\"font-weight: 400;\">Putnik \u0107e dobiti mjesto sastanka nakon procesa rezervacije. Ture po\u010dinju i zavr\u0161avaju na na\u0161im sastajali\u0161tima.<\/span><br \/>\nn<\/p>\n<h3 class=\"ui_header h1 attractions-product-info-ProductTitle__title--1qM0o\">Jarabacoa kolica s Baiguate Waterfall Double<\/h3>\n<p>n<\/p>\n<h4><b><i>\u0160to o\u010dekivati?<\/i><\/b><\/h4>\n<p>n<span style=\"font-weight: 400;\">Nabavite svoju kartu za slapove Baiguate iz grada Jarabacoa by Buggy.\u00a0<\/span><br \/>\nn<br \/>\nn<span style=\"font-weight: 400;\">Kada govorimo o kolicama, govorimo o terenskom vozilu koje nudi sigurnost i lako\u0107u upravljanja, a korisniku tijekom vo\u017enje omogu\u0107uje ve\u0107i kontakt s terenom i prirodom koja ga okru\u017euje. Osjetite povjetarac, sunce, ki\u0161u, pogledajte krajolik uz sebe u udobnom i sigurnom ure\u0111aju dizajniranom za u\u017eivanje na \u0161umskim stazama i off-roadu.<\/span><br \/>\nn<br \/>\nn<span style=\"font-weight: 400;\">Ova ekskurzija po\u010dinje s mjesta sastanka koje morate potvrditi s na\u0161im putni\u010dkim agentima ili svojim vodi\u010dem prije nego krenete na bilo koju lokaciju. Nakon \u0161to upoznate svog vodi\u010da, dobit \u0107ete izvje\u0161\u0107e o obilasku i svemu vezanom za va\u0161 dan.<\/span><br \/>\nn<br \/>\nn<span style=\"font-weight: 400;\">Kada svi budu spremni, zapo\u010det \u0107emo na\u0161u vo\u017enju do nekih ruralnih podru\u010dja grada Jarabacoa, dok vozite svoj buggy, neravne ceste i planinski zrak sela sa sredi\u0161njeg sjevera zemlje pokazat \u0107e vam ljepotu i prirodu kroz ovu avanturu.<\/span><br \/>\nn<br \/>\nn<span style=\"font-weight: 400;\">Neka od mjesta koja \u0107ete posjetiti tijekom ovog putovanja su La Confluencia gdje se sastaju rijeke Jimenoa i Yaque Del Norte, Cieneguita i Monte Arriba.\u00a0<\/span><br \/>\nn<br \/>\nn<span style=\"font-weight: 400;\">Nakon jahanja od oko 30 kilometara uputit \u0107emo se do vodopada Baiguate na 10 minuta pje\u0161a\u010denja i kupanja u prirodnim bazenima.\u00a0<\/span><br \/>\nn<br \/>\nn<span style=\"font-weight: 400;\">Tijekom ovog dijela va\u0161eg putovanja, mo\u0107i \u0107ete se kupati oko 1 sat i napraviti pauzu kako biste svaki dan isprobali svje\u017ee vo\u0107e ubrano sa zemlje farmera Jarabacoa. Baiguate ima pad visok 82 stope i savr\u0161eno je mjesto za opu\u0161tanje prije povratka u grad.\u00a0\u00a0<\/span><br \/>\nn<br \/>\nn<span style=\"font-weight: 400;\">Tijekom ovog dijela va\u0161eg putovanja, mo\u0107i \u0107ete se kupati oko 1 sat i napraviti pauzu kako biste svaki dan isprobali svje\u017ee vo\u0107e ubrano sa zemlje farmera Jarabacoa. Baiguate ima pad visok 82 stope i savr\u0161eno je mjesto za opu\u0161tanje prije povratka u grad.\u00a0\u00a0<\/span><br \/>\nn<br \/>\nn<span style=\"font-weight: 400;\">Kasnije nakon slapa Baiguate uputit \u0107emo se do Ivon&#039;s kako bismo probali najbolji lokalni sladoled koji je napravio doma\u0107i stru\u010dnjak, i pro\u0161etati do sredi\u0161njeg parka Duarte za zadnji dio va\u0161eg putovanja, ovo je 6-satni izlet koji vam daje priliku nadgledati Jarabacoa, ovaj izlet zavr\u0161ava na istom mjestu gdje je i zapo\u010deo.<\/span><br \/>\nn<br \/>\nn<span style=\"font-weight: 400;\">Napomena: Ove ture su s turisti\u010dkim vodi\u010dima slu\u017ebenih ekologa. Rezervirajte na vrijeme jer u parku nema previ\u0161e stru\u010dnjaka.<\/span><br \/>\nn<\/p>\n<h4><em><strong>\u0160to trebate ponijeti?<\/strong><\/em><\/h4>\n<p>n<\/p>\n<ul>\nn \t<\/p>\n<li style=\"font-weight: 400;\"><span style=\"font-weight: 400;\">Fotoaparat<\/span><\/li>\n<p>n \t<\/p>\n<li style=\"font-weight: 400;\"><span style=\"font-weight: 400;\">Repelentni pupoljci<\/span><\/li>\n<p>n \t<\/p>\n<li style=\"font-weight: 400;\"><span style=\"font-weight: 400;\">Krema za sun\u010danje<\/span><\/li>\n<p>n \t<\/p>\n<li style=\"font-weight: 400;\"><span style=\"font-weight: 400;\">\u0160e\u0161ir<\/span><\/li>\n<p>n \t<\/p>\n<li style=\"font-weight: 400;\"><span style=\"font-weight: 400;\">Udobne hla\u010de<\/span><\/li>\n<p>n \t<\/p>\n<li style=\"font-weight: 400;\"><span style=\"font-weight: 400;\">Planinarske cipele za \u0161umu<\/span><\/li>\n<p>n \t<\/p>\n<li style=\"font-weight: 400;\"><span style=\"font-weight: 400;\">Sandale za proljetna podru\u010dja.<\/span><\/li>\n<p>n \t<\/p>\n<li style=\"font-weight: 400;\"><span style=\"font-weight: 400;\">Odje\u0107a za kupanje<\/span><\/li>\n<p>n<\/ul>\n<p>n<\/p>\n<h4><b><i>Preuzimanje iz hotela <\/i><\/b><\/h4>\n<p>n<span style=\"font-weight: 400;\">Prijevoz iz hotela nije ponu\u0111en za ovaj izlet. Postavili smo preuzimanje tako da nas kontaktirate putem Whatsappa.<\/span><br \/>\nn<br \/>\nn<b>Bilje\u0161ka:<\/b><span style=\"font-weight: 400;\"> Ako rezervirate u roku od 24 sata od vremena polaska putovanja\/izleta, mo\u017eemo organizirati prijevoz iz hotela uz dodatne naknade. Nakon \u0161to je va\u0161a kupnja dovr\u0161ena, poslat \u0107emo vam potpune podatke za kontakt (telefonski broj, adresu e-po\u0161te, itd.) za na\u0161eg lokalnog vodi\u010da kako bismo organizirali preuzimanje.<\/span><br \/>\nn<\/p>\n<h4><b><i>Potvrda dodatnih informacija <\/i><\/b><\/h4>\n<p>n<\/p>\n<ol>\nn \t<\/p>\n<li>Ulaznice su ra\u010dun nakon pla\u0107anja ovog putovanja. Uplatu mo\u017eete prikazati na svom telefonu.<\/li>\n<p>n \t<\/p>\n<li style=\"font-weight: 400;\"><span style=\"font-weight: 400;\">Mjesto sastanka bit \u0107e primljeno nakon procesa rezervacije.<\/span><\/li>\n<p>n \t<\/p>\n<li style=\"font-weight: 400;\"><span style=\"font-weight: 400;\">Djeca moraju biti u pratnji odrasle osobe.<\/span><\/li>\n<p>n \t<\/p>\n<li style=\"font-weight: 400;\"><span style=\"font-weight: 400;\"> Nije pristupa\u010dno za invalidska kolica <\/span><\/li>\n<p>n \t<\/p>\n<li style=\"font-weight: 400;\"><span style=\"font-weight: 400;\">Dojen\u010dad moraju sjediti u krilu <\/span><\/li>\n<p>n \t<\/p>\n<li style=\"font-weight: 400;\"><span style=\"font-weight: 400;\">Ne preporu\u010duje se putnicima koji imaju problema s le\u0111ima<\/span><\/li>\n<p>n \t<\/p>\n<li style=\"font-weight: 400;\"><span style=\"font-weight: 400;\">Ne preporu\u010duje se trudnicama koje putuju <\/span><\/li>\n<p>n \t<\/p>\n<li style=\"font-weight: 400;\"><span style=\"font-weight: 400;\"> Nema problema sa srcem ili drugih ozbiljnih zdravstvenih stanja <\/span><\/li>\n<p>n \t<\/p>\n<li style=\"font-weight: 400;\"><span style=\"font-weight: 400;\">Ve\u0107ina putnika mo\u017ee sudjelovati<\/span><\/li>\n<p>n<\/ol>\n<p>n<\/p>\n<h4><b><i>Politika otkazivanja<\/i><\/b><\/h4>\n<p>Za potpuni povrat novca pro\u010ditajte na\u0161a pravila otkazivanja\u00a0<a href=\"https:\/\/www.boattoursamana.com\/hr\/online-rezervacija\/\" target=\"_blank\" rel=\"noopener\" data-saferedirecturl=\"https:\/\/www.google.com\/url?q=https:\/\/www.boattoursamana.com\/online-booking\/&amp;source=gmail&amp;ust=1672449202351000&amp;usg=AOvVaw1yAeVAPktmaVCqDujgUn90\">Kliknite ovdje<\/a>. Sredstva \u0107e biti izgubljena ako se rezervacija otka\u017ee isti dan putovanja.<\/p>\n\n\t\t<\/div>\n\t<\/div>\n<\/div><\/div><\/div><\/div><div class=\"vc_row wpb_row vc_row-fluid\" ><div class=\"wpb_column vc_column_container vc_col-sm-12\"><div class=\"vc_column-inner\"><div class=\"wpb_wrapper\">\n\t<div class=\"wpb_video_widget wpb_content_element vc_clearfix   vc_video-aspect-ratio-169 vc_video-el-width-100 vc_video-align-left\" >\n\t\t<div class=\"wpb_wrapper\">\n\t\t\t<h2 class=\"wpb_heading wpb_video_heading\">Video o gradu Jarabacoa:<\/h2>\n\t\t\t<div class=\"wpb_video_wrapper\"><iframe loading=\"lazy\" title=\"Jarabacoa | Puro Turismo de Monta\u00f1a\" width=\"1100\" height=\"619\" src=\"https:\/\/www.youtube.com\/embed\/FRHfK4RS39A?feature=oembed\" frameborder=\"0\" allow=\"accelerometer; autoplay; clipboard-write; encrypted-media; gyroscope; picture-in-picture; web-share\" allowfullscreen><\/iframe><\/div>\n\t\t<\/div>\n\t<\/div>\n<\/div><\/div><\/div><\/div><div class=\"vc_row wpb_row vc_row-fluid\" ><\/div><div class=\"wpb_column vc_column_container vc_col-sm-12\"><div class=\"vc_column-inner\"><div class=\"wpb_wrapper\"><\/div><\/div><\/div><div class=\"vc_empty_space\"   style=\"height: 32px\"><span class=\"vc_empty_space_inner\"><\/span><\/div>\n\t<div class=\"wpb_text_column wpb_content_element\" >\n\t\t<div class=\"wpb_wrapper\">\n\t\t\t<p>\nn<br \/>\nnJa sam tekstualni blok. Pritisnite gumb za ure\u0111ivanje da biste promijenili ovaj tekst. Lorem ipsum dolor sit amet, consectetur adipiscing elit. Ut elit tellus, luctus nec ullamcorper mattis, pulvinar dapibus leo.<br \/>\nn<br \/>\nn<\/p>\n\n\t\t<\/div>\n\t<\/div>\n<div class=\"vc_empty_space\"   style=\"height: 32px\"><span class=\"vc_empty_space_inner\"><\/span><\/div>","protected":false},"excerpt":{"rendered":"<p>\u00danase a nosotros y viaje con un experto local de Jarabacoa y obtenga la experiencia \u00fanica de visitar los mejores lugares de la capital del ecoturismo a partir de Jarabacoa, este tour lo llevar\u00e1 a conocer el hermoso paisaje del rancho monta\u00f1oso m\u00e1s grande de la Rep\u00fablica Dominicana. Mientras conduce por los diferentes lugares, sentir\u00e1 el aire de la monta\u00f1a y disfrutar\u00e1 de la belleza del campo. n nSeleccione la fecha para el Tour:\u00a0 &nbsp;<\/p>","protected":false},"author":2,"featured_media":0,"parent":0,"menu_order":0,"comment_status":"open","ping_status":"closed","template":"","meta":{"footnotes":""},"class_list":["post-15865","page","type-page","status-publish","hentry"],"_links":{"self":[{"href":"https:\/\/www.boattoursamana.com\/hr\/wp-json\/wp\/v2\/pages\/15865","targetHints":{"allow":["GET"]}}],"collection":[{"href":"https:\/\/www.boattoursamana.com\/hr\/wp-json\/wp\/v2\/pages"}],"about":[{"href":"https:\/\/www.boattoursamana.com\/hr\/wp-json\/wp\/v2\/types\/page"}],"author":[{"embeddable":true,"href":"https:\/\/www.boattoursamana.com\/hr\/wp-json\/wp\/v2\/users\/2"}],"replies":[{"embeddable":true,"href":"https:\/\/www.boattoursamana.com\/hr\/wp-json\/wp\/v2\/comments?post=15865"}],"version-history":[{"count":0,"href":"https:\/\/www.boattoursamana.com\/hr\/wp-json\/wp\/v2\/pages\/15865\/revisions"}],"wp:attachment":[{"href":"https:\/\/www.boattoursamana.com\/hr\/wp-json\/wp\/v2\/media?parent=15865"}],"curies":[{"name":"wp","href":"https:\/\/api.w.org\/{rel}","templated":true}]}}