{"id":15879,"date":"2023-07-15T07:45:29","date_gmt":"2023-07-15T07:45:29","guid":{"rendered":"https:\/\/www.ticketswhales.com\/punta-cana-los-haitises-national-park-yanigua-waterfalls-montana-redonda\/"},"modified":"2023-07-15T07:45:29","modified_gmt":"2023-07-15T07:45:29","slug":"punta-cana-los-haitises-national-park-yanigua-waterfalls-montana-redonda","status":"publish","type":"page","link":"https:\/\/www.boattoursamana.com\/hr\/nacionalni-park-punta-cana-los-haitises-slapovi-yanigua-montana-redonda","title":{"rendered":"Punta Cana: nacionalni park Los Haitises, vodopad Yanigua i Montana Redonda"},"content":{"rendered":"<p>Izlet iz Punta Cane: Nacionalni park Los Haitises, slapovi Yanigua i Montana Redonda. Uklju\u010duje ru\u010dak i prijevoz za posjet 3 glavne \u0161pilje, istra\u017eivanje 2 razli\u010dita ekosustava mangrova, poglede i Simming bazene.<br \/>\nn<br \/>\nnCjelodnevni izlet u Nacionalni park Los Haitises s lokalnim turisti\u010dkim vodi\u010dem. Posjet Caysu u Nacionalnom parku Los Haitises, mangrovama, vegetaciji, pticama, \u0161piljama, piktografima i povijesnim podru\u010djima Sabana de la Mar u Nacionalnom parku Los Haitises. Nevjerojatan pogled u Montana Redondi i ru\u010dak plus bazeni u slapovima Yanigua.<br \/>\nn<br \/>\nn&nbsp;<br \/>\nn<br \/>\nn<strong>Odaberite datum obilaska:\u00a0<\/strong><\/p>\n<p>&nbsp;<\/p>\n<div class=\"vc_row wpb_row vc_row-fluid\" ><div class=\"wpb_column vc_column_container vc_col-sm-12\"><div class=\"vc_column-inner\"><div class=\"wpb_wrapper\"><div class=\"mkdf-section-title-holder\" style=\"text-align: left\">\n\t<div class=\"mkdf-st-inner\">\n\t\t\t\t\t<h5 class=\"mkdf-st-subtitle\" >\n\t\t\t\tPrijevoz i ru\u010dak uklju\u010deni\t\t\t<\/h5>\n\t\t\t\t\t\t\t<h3 class=\"mkdf-st-title\" >\n\t\t\t\tPunta Cana: Nacionalni park Los Haitises, slapovi Yanigua i Montana Redonda\t\t\t<\/h3>\n\t\t\t\t\t<\/div>\n<\/div><\/div><\/div><\/div><\/div><div class=\"vc_row wpb_row vc_row-fluid\" ><div class=\"wpb_column vc_column_container vc_col-sm-12\"><div class=\"vc_column-inner\"><div class=\"wpb_wrapper\">\n\t<div class=\"wpb_text_column wpb_content_element\" >\n\t\t<div class=\"wpb_wrapper\">\n\t\t\t<p>\nn<\/p>\n<h3>Punta Cana: Nacionalni park Los Haitises, slapovi Yanigua i Montana Redonda<\/h3>\n<p>n<\/p>\n<h4><b><i>Pregled <\/i><\/b><\/h4>\n<p>nLos Haitises National Park Tour s jednodnevnog izleta u Punta Canu. Polazak iz va\u0161eg hotela u Punta Cani ili Bavaru. Vozit \u0107emo se s na\u0161im vodi\u010dem do Montane Redonda. Gdje imate vremena za snimanje nevjerojatnih fotografija s jednog od najimpresivnijih pogleda u Dominikanskoj Republici. Nakon ove prve stanice, nastavljamo s posjetom Nacionalnom parku Los Haitises, nekim grickalicama i tipi\u010dnim pi\u0107ima dok obilazimo mangrove, \u0161pilje i poznate stjenovite otoke kao u Jurassic Parku. Nakon obilaska nacionalnog parka Los Haitises ru\u010dak nas \u010deka na vodopadima Yanigua. Nakon lokalnog i gastronomskog lokalnog ru\u010dka morate imati vremena za kupanje u jedinstvenim prirodnim bazenima, voda dolazi iz Nacionalnog parka Los Haitises.<br \/>\nn<br \/>\nnNakon ovog iskustva, vratit \u0107ete se u zajednicu Punta Cana odakle \u0107emo vas pokupiti.<br \/>\nn<\/p>\n<ul>\nn \t<\/p>\n<li style=\"font-weight: 400;\">Naknade uklju\u010dene<\/li>\n<p>n \t<\/p>\n<li>Ru\u010dak<\/li>\n<p>n \t<\/p>\n<li>grickalice<\/li>\n<p>n \t<\/p>\n<li style=\"font-weight: 400;\">Lokalni turisti\u010dki vodi\u010d na engleskom ili francuskom jeziku<\/li>\n<p>n \t<\/p>\n<li>Prijevoz<\/li>\n<p>n \t<\/p>\n<li>Put brodom<\/li>\n<p>n \t<\/p>\n<li>Montana Redonda<\/li>\n<p>n \t<\/p>\n<li>vodopad Yanigua<\/li>\n<p>n<\/ul>\n<p>n&nbsp;<br \/>\nn<\/p>\n<h4><b>Uklju\u010divanja i isklju\u010denja<\/b><\/h4>\n<p>n&nbsp;<br \/>\nn<br \/>\nn<b>Uklju\u010divanja<\/b><br \/>\nn<\/p>\n<ol>\nn \t<\/p>\n<li style=\"font-weight: 400;\">Obilazak Los Haitises + \u0161pilje i piktografi<\/li>\n<p>n \t<\/p>\n<li>Montana Redonda<\/li>\n<p>n \t<\/p>\n<li>Slapovi Yanigua<\/li>\n<p>n \t<\/p>\n<li>Ru\u010dak<\/li>\n<p>n \t<\/p>\n<li>Preuzimanje hotela u podru\u010djima Punta Cane.<\/li>\n<p>n \t<\/p>\n<li style=\"font-weight: 400;\"><span style=\"font-weight: 400;\">Svi porezi, naknade i manipulativni tro\u0161kovi<\/span><\/li>\n<p>n \t<\/p>\n<li style=\"font-weight: 400;\"><span style=\"font-weight: 400;\">Lokalni porezi<\/span><\/li>\n<p>n \t<\/p>\n<li style=\"font-weight: 400;\"><span style=\"font-weight: 400;\">Pi\u0107a<\/span><\/li>\n<p>n \t<\/p>\n<li>grickalice<\/li>\n<p>n \t<\/p>\n<li style=\"font-weight: 400;\"><span style=\"font-weight: 400;\">Sve aktivnosti<\/span><\/li>\n<p>n \t<\/p>\n<li style=\"font-weight: 400;\"><span style=\"font-weight: 400;\">Lokalni vodi\u010d<\/span><\/li>\n<p>n<\/ol>\n<p>n<b> Isklju\u010divanja<\/b><br \/>\nn<\/p>\n<ol>\nn \t<\/p>\n<li style=\"font-weight: 400;\"><span style=\"font-weight: 400;\">Napojnice<\/span><\/li>\n<p>n \t<\/p>\n<li style=\"font-weight: 400;\"><span style=\"font-weight: 400;\">Alkoholna pi\u0107a<\/span><\/li>\n<p>n<\/ol>\n<p>n&nbsp;<br \/>\nn<\/p>\n<h4><em><strong>Polazak &amp; Povratak<\/strong><\/em><\/h4>\n<p>n<span style=\"font-weight: 400;\">Putnik \u0107e dobiti mjesto sastanka nakon procesa rezervacije. Ture po\u010dinju i zavr\u0161avaju na na\u0161im sastajali\u0161tima.<\/span><br \/>\nn<\/p>\n<h4><\/h4>\n<p>n<\/p>\n<h3>Punta Cana: Nacionalni park Los Haitises, slapovi Yanigua i Montana Redonda<\/h3>\n<p>n<\/p>\n<h4><b><i>\u0160to o\u010dekivati?<\/i><\/b><\/h4>\n<p>n<em><strong>Nabavite svoje ulaznice<\/strong><\/em> za posjet Nacionalnom parku Los Haitises Tour iz Punta Cane.<br \/>\nn<br \/>\nnThe\u00a0<strong>tropska priroda Dominikanske Republike<\/strong>\u00a0jedan je od glavnih\u00a0<strong>turisti\u010dke atrakcije<\/strong>\u00a0u zemlji. Danas vam \u017eelimo predlo\u017eiti a\u00a0<strong>jedinstveni izlet<\/strong>\u00a0koje mo\u017eete u\u010diniti iz Punta Cane, a to uklju\u010duje posjet tri mjesta gdje \u0107e vas krajolici ostaviti bez teksta.<br \/>\nn<br \/>\nnPrvi od njih je\u00a0<em>Okrugla planina<\/em>, mjesto koje je posljednjih godina postalo poznato po svom\u00a0<strong>panoramski pogled<\/strong>\u00a0preko Kariba, gdje\u00a0<strong>snimke na ljulja\u010dki<\/strong>\u00a0koji gleda prema horizontu u\u010dinili su ga jednim od\u00a0<strong>najfotografiranija mjesta u Dominikanskoj Republici<\/strong>.<br \/>\nn<br \/>\nn<strong>Nacionalni park Los Haitises<\/strong>\u00a0je na\u0161e sljede\u0107e odredi\u0161te na karti, podru\u010dje gdje\u00a0<strong>more, mangrove, d\u017eungle<\/strong>\u00a0pa \u010dak i\u00a0<strong>arheolo\u0161kih ostataka<\/strong>\u00a0skriveni u pe\u0107inama, otkrivaju sve\u00a0<strong>prirodni \u0161arm koji zemlja nudi<\/strong>. Njegovi mali bre\u017euljci puni vegetacije tako\u0111er su savr\u0161eno mjesto za promatranje ptica koje \u0107ete prona\u0107i samo ovdje.<br \/>\nn<br \/>\nnUnutar parka postoji jo\u0161 jedan\u00a0<strong>\u010darobno mjesto: slapovi ran\u010da Yanigua<\/strong>. Ovaj spektakularni vodopad je\u00a0<strong>savr\u0161eno mjesto za prekid veze<\/strong>\u00a0od turisti\u010dke gu\u017eve Punta Cane, okru\u017eeni gustim raslinjem zbog kojega mislimo da smo udaljeni vi\u0161e od 100 kilometara od najbli\u017eeg grada, iako zapravo nije tako.<br \/>\nn<\/p>\n<div class=\"body-description secondary\">\nn<br \/>\nnNakon ru\u010dka, vra\u0107amo se u Punta Canu!!<br \/>\nn<\/p>\n<h2 id=\"headline-62-1277\" class=\"ct-headline\">Itinerer turneje<\/h2>\n<p>n<\/p>\n<div id=\"_rich_text-77-1277\" class=\"oxy-rich-text\">\nn<br \/>\nnItinerar ovog izleta je sljede\u0107i:<br \/>\nn<\/p>\n<ul>\nn \t<\/p>\n<li><strong>06:50 ujutro<\/strong>\u00a0\u2013 Do\u0107i \u0107u po vas u va\u0161 hotel.<\/li>\n<p>n \t<\/p>\n<li><strong>08:30 ujutro<\/strong>\u00a0\u2013 Dolazak na okruglu planinu, jedinstven krajolik u cijeloj zemlji.<\/li>\n<p>n \t<\/p>\n<li><strong>10:30 ujutro<\/strong>\u00a0\u2013 Polazak iz Sabana de la Mar prema nacionalnom parku Haitises gliserom. Na putu \u0107emo vidjeti\u00a0<strong>egzoti\u010dne ptice<\/strong>, i sti\u0107i \u0107emo do\u00a0<strong>\u0161pilje<\/strong>\u00a0gdje mo\u017eete vidjeti\u00a0<strong>autohtone slike<\/strong>.<\/li>\n<p>n \t<\/p>\n<li><strong>12:30<\/strong>\u00a0<strong>popodne\u00a0<\/strong>\u2013 Idite duboko u d\u017eunglu dok ne stignemo do vodopada Yanigua Ranch, savr\u0161enog mjesta za ru\u010dak i kupanje. Tako\u0111er mo\u017eete uzeti kupku od terapeutskog blata.<\/li>\n<p>n \t<\/p>\n<li><strong>02:00<\/strong>\u00a0<strong>popodne<\/strong>\u00a0\u2013 Mo\u017eete ku\u0161ati\u00a0<strong>kava i kakao<\/strong>\u00a0s lokalnih farmi i ran\u010deva.<\/li>\n<p>n \t<\/p>\n<li><strong>03:00<\/strong>\u00a0<strong>popodne<\/strong>- Posjetiti\u00a0<strong>rudnik plavog jantara<\/strong>.<\/li>\n<p>n \t<\/p>\n<li><strong>04:30 popodne<\/strong>\u00a0\u2013 Zaustavite se na fotografskom vidikovcu s kojeg mo\u017eete vidjeti rasko\u0161 Nacionalnog parka Haitises.<\/li>\n<p>n \t<\/p>\n<li><strong>17:00 sati<\/strong>\u00a0\u2013 Na kraju, vodi\u010d \u0107e nas odvesti do jedne od najzanimljivijih gra\u0111evina u mjestu,\u00a0<em>tarzanova ku\u0107a<\/em>, koji se nalazi na drvetu visokom preko 100 metara.<\/li>\n<p>n \t<\/p>\n<li><strong>18:00 sati<\/strong>\u00a0\u2013 Povratak u hotele na\u0161im prijevozom.<\/li>\n<p>n<\/ul>\n<p>n<em>* Gore navedena vremena su pribli\u017ena<\/em><br \/>\nn<br \/>\nn<\/div>\n<p>n\n<\/p><\/div>\n<p>nU slu\u010daju da vam se ovo putovanje svi\u0111a du\u017ee ili kra\u0107e, samo nas kontaktirajte.<br \/>\nn<br \/>\nn&nbsp;<br \/>\nn<\/p>\n<h4><em><strong>\u0160to trebate ponijeti?<\/strong><\/em><\/h4>\n<p>n<\/p>\n<ul>\nn \t<\/p>\n<li style=\"font-weight: 400;\"><span style=\"font-weight: 400;\">Fotoaparat<\/span><\/li>\n<p>n \t<\/p>\n<li style=\"font-weight: 400;\"><span style=\"font-weight: 400;\">Repelentni pupoljci<\/span><\/li>\n<p>n \t<\/p>\n<li style=\"font-weight: 400;\"><span style=\"font-weight: 400;\">Krema za sun\u010danje<\/span><\/li>\n<p>n \t<\/p>\n<li style=\"font-weight: 400;\"><span style=\"font-weight: 400;\">\u0160e\u0161ir<\/span><\/li>\n<p>n \t<\/p>\n<li style=\"font-weight: 400;\"><span style=\"font-weight: 400;\">Udobne hla\u010de<\/span><\/li>\n<p>n \t<\/p>\n<li style=\"font-weight: 400;\"><span style=\"font-weight: 400;\">Planinarske cipele za \u0161umu<\/span><\/li>\n<p>n \t<\/p>\n<li style=\"font-weight: 400;\"><span style=\"font-weight: 400;\">Sandale za proljetna podru\u010dja.<\/span><\/li>\n<p>n \t<\/p>\n<li style=\"font-weight: 400;\"><span style=\"font-weight: 400;\">Odje\u0107a za kupanje<\/span><\/li>\n<p>n<\/ul>\n<p>n&nbsp;<br \/>\nn<\/p>\n<h4><b><i>Preuzimanje iz hotela <\/i><\/b><\/h4>\n<p>n<span style=\"font-weight: 400;\">Za ovu turu nudi se prijevoz iz hotela. Ovdje odaberite naziv hotela i vrijeme. U slu\u010daju da va\u0161 hotel nije na popisu, kontaktirajte nas.<\/span><br \/>\nn<br \/>\nn&nbsp;<br \/>\nn<br \/>\nn<b>Bilje\u0161ka:<\/b><span style=\"font-weight: 400;\"> Ako rezervirate u roku od 24 sata od vremena polaska putovanja\/izleta, mo\u017eemo organizirati prijevoz iz hotela uz dodatne naknade. Nakon \u0161to je va\u0161a kupnja dovr\u0161ena, poslat \u0107emo vam potpune podatke za kontakt (telefonski broj, adresu e-po\u0161te, itd.) za na\u0161eg lokalnog vodi\u010da kako bismo organizirali preuzimanje.<\/span><br \/>\nn<\/p>\n<h4><b><i>Potvrda dodatnih informacija <\/i><\/b><\/h4>\n<p>n<\/p>\n<ol>\nn \t<\/p>\n<li>Ulaznice su ra\u010dun nakon pla\u0107anja ovog putovanja. Uplatu mo\u017eete prikazati na svom telefonu.<\/li>\n<p>n \t<\/p>\n<li style=\"font-weight: 400;\"><span style=\"font-weight: 400;\">Mjesto sastanka bit \u0107e primljeno nakon procesa rezervacije.<\/span><\/li>\n<p>n \t<\/p>\n<li style=\"font-weight: 400;\"><span style=\"font-weight: 400;\">Djeca moraju biti u pratnji odrasle osobe.<\/span><\/li>\n<p>n \t<\/p>\n<li style=\"font-weight: 400;\"><span style=\"font-weight: 400;\"> Nije pristupa\u010dno za invalidska kolica <\/span><\/li>\n<p>n \t<\/p>\n<li style=\"font-weight: 400;\"><span style=\"font-weight: 400;\">Dojen\u010dad moraju sjediti u krilu <\/span><\/li>\n<p>n \t<\/p>\n<li style=\"font-weight: 400;\"><span style=\"font-weight: 400;\">Ne preporu\u010duje se putnicima koji imaju problema s le\u0111ima<\/span><\/li>\n<p>n \t<\/p>\n<li style=\"font-weight: 400;\"><span style=\"font-weight: 400;\">Ne preporu\u010duje se trudnicama koje putuju <\/span><\/li>\n<p>n \t<\/p>\n<li style=\"font-weight: 400;\"><span style=\"font-weight: 400;\"> Nema problema sa srcem ili drugih ozbiljnih zdravstvenih stanja <\/span><\/li>\n<p>n \t<\/p>\n<li style=\"font-weight: 400;\"><span style=\"font-weight: 400;\">Ve\u0107ina putnika mo\u017ee sudjelovati<\/span><\/li>\n<p>n<\/ol>\n<p>n<\/p>\n<h4><b><i>Politika otkazivanja<\/i><\/b><\/h4>\n<p>Za potpuni povrat novca pro\u010ditajte na\u0161a pravila otkazivanja\u00a0<a href=\"https:\/\/www.boattoursamana.com\/hr\/online-rezervacija\/\" target=\"_blank\" rel=\"noopener\" data-saferedirecturl=\"https:\/\/www.google.com\/url?q=https:\/\/www.boattoursamana.com\/online-booking\/&amp;source=gmail&amp;ust=1672308980019000&amp;usg=AOvVaw26v5FL8g3-3hyHN76KOvdD\">Kliknite ovdje<\/a>. Sredstva \u0107e biti izgubljena ako se rezervacija otka\u017ee isti dan putovanja.<\/p>\n\n\t\t<\/div>\n\t<\/div>\n<\/div><\/div><\/div><\/div><div class=\"vc_row wpb_row vc_row-fluid\" ><div class=\"wpb_column vc_column_container vc_col-sm-12\"><div class=\"vc_column-inner\"><div class=\"wpb_wrapper\"><div class=\"vc_empty_space\"   style=\"height: 32px\"><span class=\"vc_empty_space_inner\"><\/span><\/div>\n\t<div class=\"wpb_video_widget wpb_content_element vc_clearfix   vc_video-aspect-ratio-169 vc_video-el-width-100 vc_video-align-left\" >\n\t\t<div class=\"wpb_wrapper\">\n\t\t\t<h2 class=\"wpb_heading wpb_video_heading\">Video o Nacionalnom parku Los Haitises:<\/h2>\n\t\t\t<div class=\"wpb_video_wrapper\"><iframe loading=\"lazy\" title=\"Nacionalni park Los Haitises, obilasci i izleti iz Samane ili Sabana de la Mar. Rezervirajte ovdje:\" src=\"https:\/\/player.vimeo.com\/video\/346508015?dnt=1&amp;app_id=122963\" width=\"1100\" height=\"619\" frameborder=\"0\" allow=\"autoplay; fullscreen; picture-in-picture\" allowfullscreen><\/iframe><\/div>\n\t\t<\/div>\n\t<\/div>\n<div class=\"vc_empty_space\"   style=\"height: 32px\"><span class=\"vc_empty_space_inner\"><\/span><\/div><\/div><\/div><\/div><\/div><div class=\"vc_row wpb_row vc_row-fluid\" ><div class=\"wpb_column vc_column_container vc_col-sm-12\"><div class=\"vc_column-inner\"><div class=\"wpb_wrapper\"><div class=\"vc_empty_space\"   style=\"height: 32px\"><span class=\"vc_empty_space_inner\"><\/span><\/div>\n\t<div class=\"wpb_text_column wpb_content_element\" >\n\t\t<div class=\"wpb_wrapper\">\n\t\t\t<p>\nn<\/p>\n<h4>Kontaktirajte nas?<\/h4>\n<p>n<\/p>\n<h5><em><strong>Booking Adventures<\/strong><\/em><\/h5>\n<p>n<em><strong>Mje\u0161tani<\/strong>\u00a0i\u00a0<strong>Dr\u017eavljani<\/strong>\u00a0Turisti\u010dki vodi\u010di i usluge za goste<\/em><br \/>\nn<br \/>\nn<span class=\"text-turquoise\">Rezervacije:<\/span>\u00a0Ture i izleti u Dom. Rep.<br \/>\nn<br \/>\nn<img decoding=\"async\" class=\"emoji\" draggable=\"false\" src=\"https:\/\/s.w.org\/images\/core\/emoji\/11.2.0\/svg\/1f4de.svg\" alt=\" \" title=\"\">\u00a0Tel \/ Whatsapp\u00a0\u00a0<a href=\"tel:+1-809-720-6035\">+1-809-720-6035<\/a>.<br \/>\nn<br \/>\nn<img decoding=\"async\" class=\"emoji\" draggable=\"false\" src=\"https:\/\/s.w.org\/images\/core\/emoji\/11.2.0\/svg\/1f4e9.svg\" alt=\" \" title=\"\">\u00a0<a href=\"mailto:info@bookingadventures.com.do\">info@bookingadventures.com.do<\/a><br \/>\nn<br \/>\nn<strong>Mi smo fleksibilni i postavljamo privatne obilaske putem Whatsappa:\u00a0<a href=\"tel:+18097206035\">+18097206035.<\/a><\/strong><\/p>\n\n\t\t<\/div>\n\t<\/div>\n<div class=\"vc_empty_space\"   style=\"height: 32px\"><span class=\"vc_empty_space_inner\"><\/span><\/div><\/div><\/div><\/div><\/div>","protected":false},"excerpt":{"rendered":"<p>Excursion from Punta Cana: Los Haitises National Park, Yanigua Waterfalls &amp; Montana Redonda. Includes Lunch and Transportation for a visit to the 3 main caves, an exploration of 2 different mangroves ecosystems, views, and Simming Pools. n nFull Day Trip to Los Haitises National Park with a Local Tour guide. Visiting the Cays in Los Haitises National Park, Mangroves, Vegetation, Birding, Caves, Pictographs and the historical areas of Sabana de la Mar in Los Haitises National Park. Amazing Views in [&hellip;]<\/p>\n","protected":false},"author":2,"featured_media":0,"parent":0,"menu_order":0,"comment_status":"open","ping_status":"closed","template":"","meta":{"footnotes":""},"class_list":["post-15879","page","type-page","status-publish","hentry"],"_links":{"self":[{"href":"https:\/\/www.boattoursamana.com\/hr\/wp-json\/wp\/v2\/pages\/15879","targetHints":{"allow":["GET"]}}],"collection":[{"href":"https:\/\/www.boattoursamana.com\/hr\/wp-json\/wp\/v2\/pages"}],"about":[{"href":"https:\/\/www.boattoursamana.com\/hr\/wp-json\/wp\/v2\/types\/page"}],"author":[{"embeddable":true,"href":"https:\/\/www.boattoursamana.com\/hr\/wp-json\/wp\/v2\/users\/2"}],"replies":[{"embeddable":true,"href":"https:\/\/www.boattoursamana.com\/hr\/wp-json\/wp\/v2\/comments?post=15879"}],"version-history":[{"count":0,"href":"https:\/\/www.boattoursamana.com\/hr\/wp-json\/wp\/v2\/pages\/15879\/revisions"}],"wp:attachment":[{"href":"https:\/\/www.boattoursamana.com\/hr\/wp-json\/wp\/v2\/media?parent=15879"}],"curies":[{"name":"wp","href":"https:\/\/api.w.org\/{rel}","templated":true}]}}