{"id":11589,"date":"2020-10-10T18:07:18","date_gmt":"2020-10-10T18:07:18","guid":{"rendered":"https:\/\/www.ticketswhales.com\/?post_type=product&#038;p=11589"},"modified":"2023-11-07T21:36:36","modified_gmt":"2023-11-07T21:36:36","slug":"los-haitises-complete-adventure-hotel-hiking-swimming-kayaking","status":"publish","type":"product","link":"https:\/\/www.boattoursamana.com\/hr\/turneja\/los-haitises-potpuna-avantura-hotel-planinarenje-plivanje-kajak","title":{"rendered":"Hotel + Planinarenje + Plivanje + Vo\u017enja kajakom 2-dnevni izlet Los Haitises"},"content":{"rendered":"<div class=\"vc_row wpb_row vc_row-fluid\" ><div class=\"wpb_column vc_column_container vc_col-sm-12\"><div class=\"vc_column-inner\"><div class=\"wpb_wrapper\">\n\t<div class=\"wpb_text_column wpb_content_element\" >\n\t\t<div class=\"wpb_wrapper\">\n\t\t\t<p><span style=\"vertical-align: inherit;\"><span style=\"vertical-align: inherit;\"><\/p>\n\n\t\t<\/div>\n\t<\/div>\n<\/div><\/div><\/div><\/div><div class=\"vc_row wpb_row vc_row-fluid\" ><div class=\"wpb_column vc_column_container vc_col-sm-12\"><div class=\"vc_column-inner\"><div class=\"wpb_wrapper\"><div class=\"mkdf-section-title-holder\" style=\"text-align: left\">\n\t<div class=\"mkdf-st-inner\">\n\t\t\t\t\t<h5 class=\"mkdf-st-subtitle\" >\n\t\t\t\tHotel + Senderismo + Nataci\u00f3n + Kajak\t\t\t<\/h5>\n\t\t\t\t\t\t\t<h3 class=\"mkdf-st-title\" >\n\t\t\t\tPotpuna avantura Los Haitises\t\t\t<\/h3>\n\t\t\t\t\t<\/div>\n<\/div><div class=\"vc_empty_space\"   style=\"height: 32px\"><span class=\"vc_empty_space_inner\"><\/span><\/div><div class=\"vc_btn3-container vc_btn3-inline\" ><a class=\"vc_general vc_btn3 vc_btn3-size-md vc_btn3-shape-rounded vc_btn3-style-modern vc_btn3-color-green\" href=\"https:\/\/bookingadventures.tours\/booking.php?tour_id=7d51c901332affeec66cbebebfdbc9f7\" title=\"\" rel=\"noopener\">REZERVIRAJTE SADA<\/a><\/div><div class=\"vc_empty_space\"   style=\"height: 32px\"><span class=\"vc_empty_space_inner\"><\/span><\/div>\n\t<div class=\"wpb_text_column wpb_content_element\" >\n\t\t<div class=\"wpb_wrapper\">\n\t\t\t<p>\u00a0<\/span><\/span><\/p>\n<h4><\/h4>\n<h3><span style=\"vertical-align: inherit;\"><span style=\"vertical-align: inherit;\">1. dan<\/span><\/span><\/h3>\n<p>Posje\u0107ujemo isto\u010dnu stranu Dominikanske Republike, pra\u0161umu Nacionalnog parka Los Haitises, na\u0161a avantura po\u010dinje nakon prijave u Ecolodge. Prvo s pje\u0161a\u010denjem od 2 do 3 sata. Tamo mo\u017eete u\u017eivati u krajoliku, u\u010diti o \u017eivotu Dominikanske Republike na selu i \u017eivjeti u prirodi. Putem \u0107ete nau\u010diti o bioraznolikim ekosustavima pra\u0161ume, dotaknuti stabla kakaovca, jedinstvenu floru i povijesna podru\u010dja.<\/p>\n<p>Dalje nakon \u0161to zavr\u0161imo pje\u0161a\u010denje, slijedi ve\u010dera u dominikanskom stilu i vatre pod svjetlom zvijezda.<\/p>\n<h3>2. dan<\/h3>\n<p>Sljede\u0107i dan doru\u010dak u dominikanskom stilu. Nakon doru\u010dka pje\u0161a\u010dimo nekoliko minuta do luke Mangroves. Zatim uzimamo opremu potrebnu za va\u0161u sigurnost (prsluci za spa\u0161avanje, itd.), kajake i prolazak kroz mo\u010dvare mangrova. Vidjet \u0107ete neke mangrove pune ptica, bre\u017euljke bujne vegetacije.<\/p>\n<p>Kroz mangrove i kopno na otvorenom zaljevu San Lorenzo, odakle mo\u017eete fotografirati surov \u0161umski krajolik. Po\u010dnite provjeravati neke endemske vrste ptica, sisavaca i biljaka, valovita brda s bujnom vegetacijom i \u0161pilje <em><strong>Nacionalni park Los Haitises<\/strong><\/em>.<\/p>\n<div class=\"body-description secondary\">\n<p>Naziv nacionalnog parka dolazi od njegovih izvornih stanovnika, Taino Indijanaca. Na njihovom jeziku &quot;Haitises&quot; zna\u010di gorje ili brda, \u0161to se odnosi na strme geolo\u0161ke formacije obale s vapnencima. Zaputite se dublje u park i istra\u017eite \u0161pilje poput <em><strong>Cueva de la Arena.\u00a0<\/strong><\/em><\/p>\n<h3>Dan zavr\u0161etka<\/h3>\n<p>Nakon povratka u Ecolodge slijedi slobodno vrijeme za u\u017eivanje u prirodnom vodenom bazenu u podru\u010djima s prvim mineralnim slapovima Nacionalnog parka Los Haitises. Ru\u010dak u dominikanskom stilu i odjava iz hotela u 13:00.<\/p>\n<\/div>\n<p>Ovo je avantura dobra za one koji \u017eele u\u017eivati u prirodi i jedinstvenom iskustvu pra\u0161ume. Usmjeren na pru\u017eanje pravog lokalnog pogleda na Dominikansku Republiku u Nacionalnom parku Los Haitises, s povijesnim \u010dinjenicama i informacijama o ekosustavu tijekom putovanja. Prijevoz nije uklju\u010den.<\/p>\n<h3>To\u010dka susreta<\/h3>\n<p>Sastajemo se u Sabana de la mar, odavde \u0107ete pratiti vodi\u010da u vlastitom vozilu do na\u0161eg skrivenog dragulja!. Budite spremni za pravo avanturisti\u010dko planinarenje, vatre, vo\u017enju kajakom i slapove i jedinstveni Ecolodge u Dominikanskoj Republici.<\/p>\n<p>Ako ste grupa ili ste zainteresirani za datum koji ne vidite slobodan, slobodno nas kontaktirajte izravno i ja \u0107u vam pomo\u0107i. Kao \u0161to vidite u recenzijama, Booking Adventures vrlo strastveno radi na svom poslu i volimo svojim gostima pokazati pravi \u017eivot na otoku. Na svakoj turi posadimo jedno drvo mangrove kao donaciju prirodi.<\/p>\n<h4><b>Uklju\u010divanja i isklju\u010denja<\/b><\/h4>\n<p><b>Uklju\u010divanja<\/b><\/p>\n<ul>\n<li style=\"font-weight: 400;\">Nacionalni park Los Haitises<\/li>\n<li>Loma\u010da no\u0107u<\/li>\n<li>4 sata planinarenja pra\u0161umom<\/li>\n<li>1 soba u Ecolodgeu<\/li>\n<li>1 ve\u010dera po osobi<\/li>\n<li>1 doru\u010dak po osobi<\/li>\n<li>1 ru\u010dak po osobi<\/li>\n<li>3 sata vo\u017enje kajakom (ili brodom)<\/li>\n<li>Gledanje ptica<\/li>\n<li>Planta\u017ea mangrova<\/li>\n<li>1 posjet \u0161pilji<\/li>\n<li style=\"font-weight: 400;\"><span style=\"font-weight: 400;\">Svi porezi, naknade i manipulativni tro\u0161kovi<\/span><\/li>\n<li style=\"font-weight: 400;\"><span style=\"font-weight: 400;\">Lokalni porezi<\/span><\/li>\n<li style=\"font-weight: 400;\"><span style=\"font-weight: 400;\">Lokalni vodi\u010d<\/span><\/li>\n<\/ul>\n<p><b> Isklju\u010divanja<\/b><\/p>\n<ol>\n<li style=\"font-weight: 400;\"><span style=\"font-weight: 400;\">Napojnice<\/span><\/li>\n<li style=\"font-weight: 400;\"><span style=\"font-weight: 400;\">Prijenos<\/span><\/li>\n<li style=\"font-weight: 400;\"><span style=\"font-weight: 400;\">Alkoholna pi\u0107a<\/span><\/li>\n<\/ol>\n<p>&nbsp;<\/p>\n<h4><em><strong>Polazak &amp; Povratak<\/strong><\/em><\/h4>\n<p><span style=\"font-weight: 400;\">Putnik \u0107e dobiti mjesto sastanka nakon procesa rezervacije. Ture po\u010dinju i zavr\u0161avaju na na\u0161im sastajali\u0161tima.<\/span><\/p>\n<p>Iz:<\/p>\n<p>15:00 Prvi dan<\/p>\n<p>Do:<\/p>\n<p>13:00 Drugi dan.<\/p>\n<p>&nbsp;<\/p>\n<h4><em><strong>\u0160to trebate ponijeti?<\/strong><\/em><\/h4>\n<ul>\n<li style=\"font-weight: 400;\"><span style=\"font-weight: 400;\">Fotoaparat<\/span><\/li>\n<li style=\"font-weight: 400;\"><span style=\"font-weight: 400;\">Repelentni pupoljci<\/span><\/li>\n<li style=\"font-weight: 400;\"><span style=\"font-weight: 400;\">Krema za sun\u010danje<\/span><\/li>\n<li style=\"font-weight: 400;\"><span style=\"font-weight: 400;\">\u0160e\u0161ir<\/span><\/li>\n<li style=\"font-weight: 400;\"><span style=\"font-weight: 400;\">Udobne hla\u010de<\/span><\/li>\n<li style=\"font-weight: 400;\"><span style=\"font-weight: 400;\">Planinarske cipele za \u0161umu<\/span><\/li>\n<li style=\"font-weight: 400;\"><span style=\"font-weight: 400;\">Sandale za proljetna podru\u010dja.<\/span><\/li>\n<li style=\"font-weight: 400;\"><span style=\"font-weight: 400;\">Odje\u0107a za kupanje<\/span><\/li>\n<\/ul>\n<p>&nbsp;<\/p>\n<h4><b><i>Pokupiti <\/i><\/b><\/h4>\n<p><span style=\"font-weight: 400;\">Preuzimanje iz hotela je <em style=\"font-weight: 400;\"><strong>ne<\/strong>\u00a0<\/em><i>uklju\u010deno<\/i> za ovu turneju.\u00a0<\/span><\/p>\n<p><b>Bilje\u0161ka:<\/b><span style=\"font-weight: 400;\"> Ako rezervirate unutar 72 sata od vremena polaska putovanja\/izleta, mo\u017eemo organizirati prijevoz iz hotela uz dodatne naknade iz bilo kojeg mjesta u Dominikanskoj Republici. Nakon \u0161to je va\u0161a kupnja dovr\u0161ena, poslat \u0107emo vam potpune podatke za kontakt (telefonski broj, adresu e-po\u0161te, itd.) za na\u0161eg lokalnog vodi\u010da kako bismo organizirali preuzimanje.<\/span><\/p>\n<h4><b><i>Potvrda dodatnih informacija <\/i><\/b><\/h4>\n<ol>\n<li>Ulaznice su ra\u010dun nakon pla\u0107anja ovog putovanja. Uplatu mo\u017eete prikazati na svom telefonu.<\/li>\n<li style=\"font-weight: 400;\"><span style=\"font-weight: 400;\">Mjesto sastanka bit \u0107e primljeno nakon procesa rezervacije.<\/span><\/li>\n<li style=\"font-weight: 400;\"><span style=\"font-weight: 400;\">Djeca moraju biti u pratnji odrasle osobe.<\/span><\/li>\n<li style=\"font-weight: 400;\"><span style=\"font-weight: 400;\"> Nije pristupa\u010dno za invalidska kolica <\/span><\/li>\n<li style=\"font-weight: 400;\"><span style=\"font-weight: 400;\">Dojen\u010dad moraju sjediti u krilu <\/span><\/li>\n<li style=\"font-weight: 400;\"><span style=\"font-weight: 400;\">Ne preporu\u010duje se putnicima koji imaju problema s le\u0111ima<\/span><\/li>\n<li style=\"font-weight: 400;\"><span style=\"font-weight: 400;\">Ne preporu\u010duje se trudnicama koje putuju <\/span><\/li>\n<li style=\"font-weight: 400;\"><span style=\"font-weight: 400;\"> Nema problema sa srcem ili drugih ozbiljnih zdravstvenih stanja <\/span><\/li>\n<li style=\"font-weight: 400;\"><span style=\"font-weight: 400;\">Ve\u0107ina putnika mo\u017ee sudjelovati<\/span><\/li>\n<\/ol>\n<h4><b><i>Politika otkazivanja<\/i><\/b><\/h4>\n<p>Za potpuni povrat novca pro\u010ditajte na\u0161a pravila otkazivanja\u00a0<a href=\"https:\/\/www.boattoursamana.com\/hr\/online-rezervacija\/\" target=\"_blank\" rel=\"noopener\" data-saferedirecturl=\"https:\/\/www.google.com\/url?q=https:\/\/www.boattoursamana.com\/online-booking\/&amp;source=gmail&amp;ust=1672449202351000&amp;usg=AOvVaw1yAeVAPktmaVCqDujgUn90\">Kliknite ovdje<\/a>. Sredstva \u0107e biti izgubljena ako se rezervacija otka\u017ee isti dan putovanja.<\/p>\n\n\t\t<\/div>\n\t<\/div>\n<div class=\"vc_empty_space\"   style=\"height: 32px\"><span class=\"vc_empty_space_inner\"><\/span><\/div><div class=\"vc_btn3-container vc_btn3-inline\" ><a class=\"vc_general vc_btn3 vc_btn3-size-md vc_btn3-shape-rounded vc_btn3-style-modern vc_btn3-color-green\" href=\"https:\/\/bookingadventures.tours\/booking.php?tour_id=7d51c901332affeec66cbebebfdbc9f7\" title=\"\" rel=\"noopener\">REZERVIRAJTE SADA<\/a><\/div><div class=\"vc_empty_space\"   style=\"height: 32px\"><span class=\"vc_empty_space_inner\"><\/span><\/div><div class=\"woocommerce columns-4\"><ul class=\"products columns-4\">\n<li class=\"product type-product post-8855 status-publish first instock product_cat-kayaking product_cat-1-sabana-de-la-mar product_cat-kayaking-los-haitises product_cat-tours-excursions-los-haitises-national-park product_cat-tours-excursions-samana-bay-dominican-republic product_tag-cano-hondo product_tag-cano-hondo-hotel product_tag-day-tour-cano-hondo product_tag-kayak-dominican-republic product_tag-kayaking-dominican-republic product_tag-kayaking-los-haitises product_tag-kayaks product_tag-los-haitises product_tag-los-haitises-national-park product_tag-los-haitises-tours product_tag-private-tours-samana product_tag-sabana-de-la-mar product_tag-samana-bay product_tag-samana-excursions has-post-thumbnail sale sold-individually shipping-taxable product-type-external\">\n\t<div class=\"mkdf-pl-inner\"><div class=\"mkdf-pl-image\"><div class=\"mkdf-pl-text\"><div class=\"mkdf-pl-text-outer\"><div class=\"mkdf-pl-text-inner\"><a href=\"https:\/\/bookingadventures.tours\/booking.php?tour_id=a9cb493d865c3629426ab07d6bacff97\" data-quantity=\"1\" class=\"button wp-element-button product_type_external\" data-product_id=\"8855\" data-product_sku=\"\" aria-label=\"REZERVIRAJTE SADA\" rel=\"nofollow noopener\">REZERVIRAJTE SADA<\/a><\/div><\/div><\/div><\/div><a href=\"https:\/\/www.boattoursamana.com\/hr\/turneja\/voznja-kajakom-u-los-haitises-s-vodicem-iz-cano-hondo-4-sata\" class=\"woocommerce-LoopProduct-link woocommerce-loop-product__link\"><\/a><\/div><div class=\"mkdf-pl-text-wrapper\"><div class=\"mkdf-pl-rating-holder\"><\/div><h4 class=\"mkdf-product-list-title\"><a href=\"https:\/\/www.boattoursamana.com\/hr\/turneja\/voznja-kajakom-u-los-haitises-s-vodicem-iz-cano-hondo-4-sata\">4 sata kajaka Los Haitises<\/a><\/h4>\n\t<span class=\"price\"><del aria-hidden=\"true\"><span class=\"woocommerce-Price-amount amount\"><bdi><span class=\"woocommerce-Price-currencySymbol\">&#36;<\/span>70.00<\/bdi><\/span><\/del> <ins><span class=\"woocommerce-Price-amount amount\"><bdi><span class=\"woocommerce-Price-currencySymbol\">&#36;<\/span>53.50<\/bdi><\/span><\/ins><\/span>\n<\/div><\/li><li class=\"product type-product post-9807 status-publish instock product_cat-day-trips product_cat-1-sabana-de-la-mar product_cat-hiking product_cat-hiking-los-haitises product_cat-kayaking-los-haitises product_cat-tours-excursions-los-haitises-national-park product_cat-tours-excursions-samana-bay-dominican-republic product_tag-cano-hondo-sabana-de-la-mar product_tag-caves-los-haitises product_tag-eco-tours product_tag-excursion product_tag-hike-kayak product_tag-hike-kayak-los-haitises-national-park product_tag-hiking-los-haitises product_tag-hiking-sabana-de-la-mar product_tag-hiking-samana product_tag-kayak-tour product_tag-kayaking product_tag-kayaking-los-haitises product_tag-los-haitises-national-park product_tag-los-haitises-national-park-entrance-fee product_tag-los-haitises-national-park-tour-from-las-terrenas product_tag-los-haitises-national-park-tour-from-santo-domingo product_tag-los-haitises-national-park-weather product_tag-los-haitises-sabana-de-la-mar product_tag-sabana-de-la-mar product_tag-sabana-de-la-mar-tour product_tag-samana-excursions product_tag-samana-tours product_tag-secrets-of-los-haitises has-post-thumbnail sale sold-individually shipping-taxable product-type-external\">\n\t<div class=\"mkdf-pl-inner\"><div class=\"mkdf-pl-image\"><div class=\"mkdf-pl-text\"><div class=\"mkdf-pl-text-outer\"><div class=\"mkdf-pl-text-inner\"><a href=\"https:\/\/bookingadventures.tours\/booking.php?tour_id=214ab2ed515734864898e23b426328be\" data-quantity=\"1\" class=\"button wp-element-button product_type_external\" data-product_id=\"9807\" data-product_sku=\"\" aria-label=\"REZERVIRAJTE SADA\" rel=\"nofollow noopener\">REZERVIRAJTE SADA<\/a><\/div><\/div><\/div><\/div><a href=\"https:\/\/www.boattoursamana.com\/hr\/turneja\/planinariti-kajakom-nacionalni-park-los-haitises\" class=\"woocommerce-LoopProduct-link woocommerce-loop-product__link\"><\/a><\/div><div class=\"mkdf-pl-text-wrapper\"><h4 class=\"mkdf-product-list-title\"><a href=\"https:\/\/www.boattoursamana.com\/hr\/turneja\/planinariti-kajakom-nacionalni-park-los-haitises\">Planinarenje + kajak Los Haitises<\/a><\/h4>\n\t<span class=\"price\"><del aria-hidden=\"true\"><span class=\"woocommerce-Price-amount amount\"><bdi><span class=\"woocommerce-Price-currencySymbol\">&#36;<\/span>75.00<\/bdi><\/span><\/del> <ins><span class=\"woocommerce-Price-amount amount\"><bdi><span class=\"woocommerce-Price-currencySymbol\">&#36;<\/span>67.00<\/bdi><\/span><\/ins><\/span>\n<\/div><\/li><li class=\"product type-product post-8857 status-publish instock product_cat-tours-excursions-los-haitises-national-park product_cat-1-samana product_cat-boat-trip-los-haitises product_cat-tours-excursions-samana-bay-dominican-republic product_tag-bacardi-island product_tag-bacardi-island-tours product_tag-birdwatching product_tag-boat-tour product_tag-caves-los-haitises product_tag-cayo-levantado product_tag-cayo-levantado-tour product_tag-eco-tours product_tag-excursiones-a-los-haitises-y-cayo-levantado product_tag-haitises-park-and-cayo-levantado-island product_tag-los-haitises product_tag-los-haitises-and-cayo-levantado product_tag-los-haitises-excursiones product_tag-los-haitises-excursions product_tag-los-haitises-mapa product_tag-los-haitises-mas-cayo-levantado product_tag-los-haitises-national-park product_tag-los-haitises-national-park-map product_tag-los-haitises-national-park-mas-cayo-levantado product_tag-los-haitises-national-park-tour-from-las-terrenas product_tag-los-haitises-national-park-tour-from-samana-port-bacardi-island-cayo-levantado product_tag-los-haitises-national-park-tour-from-santo-domingo product_tag-los-haitises-park-tour-cayo-levantado-island product_tag-los-haitises-samana product_tag-los-haitises-y-cayo-levantado product_tag-sabana-de-la-mar product_tag-samana product_tag-samana-excursions product_tag-samana-tours product_tag-tour-los-haitises-national-park-cayo-levantado has-post-thumbnail sale sold-individually shipping-taxable product-type-external\">\n\t<div class=\"mkdf-pl-inner\"><div class=\"mkdf-pl-image\"><div class=\"mkdf-pl-text\"><div class=\"mkdf-pl-text-outer\"><div class=\"mkdf-pl-text-inner\"><a href=\"https:\/\/bookingadventures.tours\/booking.php?tour_id=cd01687b47db9fe0c95acae017fc39c6\" data-quantity=\"1\" class=\"button wp-element-button product_type_external\" data-product_id=\"8857\" data-product_sku=\"\" aria-label=\"REZERVIRAJTE SADA\" rel=\"nofollow noopener\">REZERVIRAJTE SADA<\/a><\/div><\/div><\/div><\/div><a href=\"https:\/\/www.boattoursamana.com\/hr\/turneja\/obilazak-nacionalnog-parka-los-haitises-iz-luke-samana-bacardi-otok-cayo-levantado\" class=\"woocommerce-LoopProduct-link woocommerce-loop-product__link\"><\/a><\/div><div class=\"mkdf-pl-text-wrapper\"><div class=\"mkdf-pl-rating-holder\"><\/div><h4 class=\"mkdf-product-list-title\"><a href=\"https:\/\/www.boattoursamana.com\/hr\/turneja\/obilazak-nacionalnog-parka-los-haitises-iz-luke-samana-bacardi-otok-cayo-levantado\">Obilazak Nacionalnog parka Los Haitises iz luke Saman\u00e1 + otok Bacardi (Cayo Levantado)<\/a><\/h4>\n\t<span class=\"price\"><del aria-hidden=\"true\"><span class=\"woocommerce-Price-amount amount\"><bdi><span class=\"woocommerce-Price-currencySymbol\">&#36;<\/span>90.00<\/bdi><\/span><\/del> <ins><span class=\"woocommerce-Price-amount amount\"><bdi><span class=\"woocommerce-Price-currencySymbol\">&#36;<\/span>60.00<\/bdi><\/span><\/ins><\/span>\n<\/div><\/li><li class=\"product type-product post-11569 status-publish last instock product_cat-tours-excursions-samana-bay-dominican-republic product_cat-1-sabana-de-la-mar product_cat-1-samana product_tag-bacardi-island product_tag-cayo-levantado-day-pass product_tag-kayaking-dominican-republic product_tag-private-tours-samana product_tag-samana-tours product_tag-samana-whale-watching product_tag-snorkeling product_tag-whale-samana has-post-thumbnail sale sold-individually shipping-taxable product-type-external\">\n\t<div class=\"mkdf-pl-inner\"><div class=\"mkdf-pl-image\"><div class=\"mkdf-pl-text\"><div class=\"mkdf-pl-text-outer\"><div class=\"mkdf-pl-text-inner\"><a href=\"https:\/\/bookingadventures.tours\/booking.php?tour_id=1f8a301f1dc36a0236b212940f3c840c\" data-quantity=\"1\" class=\"button wp-element-button product_type_external\" data-product_id=\"11569\" data-product_sku=\"\" aria-label=\"REZERVIRAJTE SADA\" rel=\"nofollow noopener\">REZERVIRAJTE SADA<\/a><\/div><\/div><\/div><\/div><a href=\"https:\/\/www.boattoursamana.com\/hr\/turneja\/privatno-kajaking-ronjenje-s-ruckom-na-otoku-cayo-levantado\" class=\"woocommerce-LoopProduct-link woocommerce-loop-product__link\"><\/a><\/div><div class=\"mkdf-pl-text-wrapper\"><h4 class=\"mkdf-product-list-title\"><a href=\"https:\/\/www.boattoursamana.com\/hr\/turneja\/privatno-kajaking-ronjenje-s-ruckom-na-otoku-cayo-levantado\">Samana: Cayo Levantado &amp; vo\u017enja kajakom + ronjenje<\/a><\/h4>\n\t<span class=\"price\"><del aria-hidden=\"true\"><span class=\"woocommerce-Price-amount amount\"><bdi><span class=\"woocommerce-Price-currencySymbol\">&#36;<\/span>87.00<\/bdi><\/span><\/del> <ins><span class=\"woocommerce-Price-amount amount\"><bdi><span class=\"woocommerce-Price-currencySymbol\">&#36;<\/span>75.00<\/bdi><\/span><\/ins><\/span>\n<\/div><\/li><\/ul>\n<\/div><\/div><\/div><\/div><\/div><div class=\"vc_row wpb_row vc_row-fluid\" ><div class=\"wpb_column vc_column_container vc_col-sm-12\"><div class=\"vc_column-inner\"><div class=\"wpb_wrapper\">\n\t<div class=\"wpb_video_widget wpb_content_element vc_clearfix   vc_video-aspect-ratio-169 vc_video-el-width-100 vc_video-align-left\" >\n\t\t<div class=\"wpb_wrapper\">\n\t\t\t<h2 class=\"wpb_heading wpb_video_heading\">Kajaci LOs Haitises<\/h2>\n\t\t\t<div class=\"wpb_video_wrapper\"><iframe loading=\"lazy\" title=\"Kajaka\u0161ka i speleolo\u0161ka tura u Nacionalnom parku Los Haitises, Dominikanska Republika\" width=\"1100\" height=\"619\" src=\"https:\/\/www.youtube.com\/embed\/ucU1uwB57wQ?feature=oembed\" frameborder=\"0\" allow=\"accelerometer; autoplay; clipboard-write; encrypted-media; gyroscope; picture-in-picture; web-share\" allowfullscreen><\/iframe><\/div>\n\t\t<\/div>\n\t<\/div>\n<\/div><\/div><\/div><\/div><div class=\"vc_row wpb_row vc_row-fluid\" ><\/div><div class=\"wpb_column vc_column_container vc_col-sm-12\"><div class=\"vc_column-inner\"><div class=\"wpb_wrapper\"><\/div><\/div><\/div><div class=\"vc_empty_space\"   style=\"height: 32px\"><span class=\"vc_empty_space_inner\"><\/span><\/div>","protected":false},"excerpt":{"rendered":"<p>HOTEL s uklju\u010denom ve\u010derom i doru\u010dkom plus prirodni bazeni. 3-satno pje\u0161a\u010denje i vo\u017enja kajakom po mangrovama u Nacionalnom parku Los Haitises s lokalnim vodi\u010dem iz Sabana de la Mar. Posjet podru\u010djima pra\u0161ume, kokosa, kave i kakaovca. U\u010denje o izvornoj povijesti Nacionalnog parka Los Haitises nakon vo\u017enje kajakom oko nacionalnog parka.<\/p>\n<p><em><strong>Odaberite datum putovanja:<\/strong><\/em><\/p>","protected":false},"featured_media":13212,"template":"","meta":[],"product_cat":[456,946,927,934,931],"product_tag":[422,268,174,173,577,576,571,570,569,317,316,206,209,575,441,574,572,499,175,498,200,187,573],"class_list":["post-11589","product","type-product","status-publish","has-post-thumbnail","hentry","product_cat-day-trips","product_cat-1-sabana-de-la-mar","product_cat-hiking-los-haitises","product_cat-kayaking-los-haitises","product_cat-overnight-los-haitises","product_tag-cano-hondo-sabana-de-la-mar","product_tag-caves-los-haitises","product_tag-eco-tours","product_tag-excursion","product_tag-hike-kayak","product_tag-hike-kayak-los-haitises-national-park","product_tag-hiking-los-haitises","product_tag-hiking-sabana-de-la-mar","product_tag-hiking-samana","product_tag-kayak-tour","product_tag-kayaking","product_tag-kayaking-los-haitises","product_tag-los-haitises-national-park","product_tag-los-haitises-national-park-entrance-fee","product_tag-los-haitises-national-park-tour-from-las-terrenas","product_tag-los-haitises-national-park-tour-from-santo-domingo","product_tag-los-haitises-national-park-weather","product_tag-los-haitises-sabana-de-la-mar","product_tag-sabana-de-la-mar","product_tag-sabana-de-la-mar-tour","product_tag-samana-excursions","product_tag-samana-tours","product_tag-secrets-of-los-haitises"],"_links":{"self":[{"href":"https:\/\/www.boattoursamana.com\/hr\/wp-json\/wp\/v2\/product\/11589","targetHints":{"allow":["GET"]}}],"collection":[{"href":"https:\/\/www.boattoursamana.com\/hr\/wp-json\/wp\/v2\/product"}],"about":[{"href":"https:\/\/www.boattoursamana.com\/hr\/wp-json\/wp\/v2\/types\/product"}],"wp:featuredmedia":[{"embeddable":true,"href":"https:\/\/www.boattoursamana.com\/hr\/wp-json\/wp\/v2\/media\/13212"}],"wp:attachment":[{"href":"https:\/\/www.boattoursamana.com\/hr\/wp-json\/wp\/v2\/media?parent=11589"}],"wp:term":[{"taxonomy":"product_cat","embeddable":true,"href":"https:\/\/www.boattoursamana.com\/hr\/wp-json\/wp\/v2\/product_cat?post=11589"},{"taxonomy":"product_tag","embeddable":true,"href":"https:\/\/www.boattoursamana.com\/hr\/wp-json\/wp\/v2\/product_tag?post=11589"}],"curies":[{"name":"wp","href":"https:\/\/api.w.org\/{rel}","templated":true}]}}